{"id":7377,"date":"2023-07-18T14:36:21","date_gmt":"2023-07-18T12:36:21","guid":{"rendered":"https:\/\/rankomat.pl\/finanse\/?page_id=7377"},"modified":"2023-11-22T09:29:20","modified_gmt":"2023-11-22T08:29:20","slug":"formularz_lendi","status":"publish","type":"page","link":"https:\/\/rankomat.pl\/finanse\/formularz_lendi\/","title":{"rendered":"Um\u00f3w si\u0119 na darmowe i&nbsp;niezobowi\u0105zuj\u0105ce spotkanie z&nbsp;ekspertem Lendi."},"content":{"rendered":"<p>Rankomat wsp\u00f3\u0142pracuje z Lendi &#8211; jednym z najwi\u0119kszych polskich po\u015brednik\u00f3w kredyt\u00f3w hipotecznych. Wybierz termin i form\u0119 bezp\u0142atnego spotkania z Ekspertem finansowym.<\/p>\n","protected":false},"excerpt":{"rendered":"<p>Rankomat wsp\u00f3\u0142pracuje z Lendi &#8211; jednym z najwi\u0119kszych polskich po\u015brednik\u00f3w kredyt\u00f3w hipotecznych. Wybierz termin i form\u0119 bezp\u0142atnego spotkania z Ekspertem [&hellip;]<\/p>\n","protected":false},"author":1,"featured_media":0,"parent":0,"menu_order":0,"comment_status":"closed","ping_status":"closed","template":"page_kalkulator-kredytu-2-procent.php","meta":{"_acf_changed":false,"yasr_overall_rating":0,"yasr_post_is_review":"","yasr_auto_insert_disabled":"","yasr_review_type":"","footnotes":""},"class_list":["post-7377","page","type-page","status-publish","hentry"],"acf":[],"yoast_head":"<!-- This site is optimized with the Yoast SEO plugin v27.1.1 - https:\/\/yoast.com\/product\/yoast-seo-wordpress\/ -->\n<title>Um\u00f3w si\u0119 na darmowe i&nbsp;niezobowi\u0105zuj\u0105ce spotkanie z&nbsp;ekspertem Lendi. | Por\u00f3wnywarka finansowa Rankomat<\/title>\n<meta name=\"robots\" content=\"noindex, nofollow\" \/>\n<meta property=\"og:locale\" content=\"pl_PL\" \/>\n<meta property=\"og:type\" content=\"article\" \/>\n<meta property=\"og:title\" content=\"Um\u00f3w si\u0119 na darmowe i&nbsp;niezobowi\u0105zuj\u0105ce spotkanie z&nbsp;ekspertem Lendi. | Por\u00f3wnywarka finansowa Rankomat\" \/>\n<meta property=\"og:description\" content=\"Rankomat wsp\u00f3\u0142pracuje z Lendi &#8211; jednym z najwi\u0119kszych polskich po\u015brednik\u00f3w kredyt\u00f3w hipotecznych. Wybierz termin i form\u0119 bezp\u0142atnego spotkania z Ekspertem [&hellip;]\" \/>\n<meta property=\"og:url\" content=\"https:\/\/rankomat.pl\/finanse\/formularz_lendi\/\" \/>\n<meta property=\"og:site_name\" content=\"Por\u00f3wnywarka finansowa Rankomat\" \/>\n<meta property=\"article:publisher\" content=\"https:\/\/www.facebook.com\/rankomatpl\/\" \/>\n<meta property=\"article:modified_time\" content=\"2023-11-22T08:29:20+00:00\" \/>\n<meta property=\"og:image\" content=\"https:\/\/rankomat.pl\/finanse\/wp-content\/uploads\/2021\/03\/rankomat-star-og.png\" \/>\n\t<meta property=\"og:image:width\" content=\"480\" \/>\n\t<meta property=\"og:image:height\" content=\"320\" \/>\n\t<meta property=\"og:image:type\" content=\"image\/png\" \/>\n<meta name=\"twitter:card\" content=\"summary_large_image\" \/>\n<meta name=\"twitter:site\" content=\"@rankomat\" \/>\n<meta name=\"twitter:label1\" content=\"Szacowany czas czytania\" \/>\n\t<meta name=\"twitter:data1\" content=\"1 minuta\" \/>\n<script type=\"application\/ld+json\" class=\"yoast-schema-graph\">{\"@context\":\"https:\/\/schema.org\",\"@graph\":[{\"@type\":\"BreadcrumbList\",\"@id\":\"https:\/\/rankomat.pl\/finanse\/formularz_lendi\/#breadcrumb\",\"itemListElement\":[{\"@type\":\"ListItem\",\"position\":1,\"name\":\"Finanse\",\"item\":\"https:\/\/rankomat.pl\/finanse\/\"},{\"@type\":\"ListItem\",\"position\":2,\"name\":\"Um\u00f3w si\u0119 na darmowe i&nbsp;niezobowi\u0105zuj\u0105ce spotkanie z&nbsp;ekspertem Lendi.\"}]}]}<\/script>\n<!-- \/ Yoast SEO plugin. -->","yoast_head_json":{"title":"Um\u00f3w si\u0119 na darmowe i&nbsp;niezobowi\u0105zuj\u0105ce spotkanie z&nbsp;ekspertem Lendi. | Por\u00f3wnywarka finansowa Rankomat","robots":{"index":"noindex","follow":"nofollow"},"og_locale":"pl_PL","og_type":"article","og_title":"Um\u00f3w si\u0119 na darmowe i&nbsp;niezobowi\u0105zuj\u0105ce spotkanie z&nbsp;ekspertem Lendi. | Por\u00f3wnywarka finansowa Rankomat","og_description":"Rankomat wsp\u00f3\u0142pracuje z Lendi &#8211; jednym z najwi\u0119kszych polskich po\u015brednik\u00f3w kredyt\u00f3w hipotecznych. Wybierz termin i form\u0119 bezp\u0142atnego spotkania z Ekspertem [&hellip;]","og_url":"https:\/\/rankomat.pl\/finanse\/formularz_lendi\/","og_site_name":"Por\u00f3wnywarka finansowa Rankomat","article_publisher":"https:\/\/www.facebook.com\/rankomatpl\/","article_modified_time":"2023-11-22T08:29:20+00:00","og_image":[{"width":480,"height":320,"url":"https:\/\/rankomat.pl\/finanse\/wp-content\/uploads\/2021\/03\/rankomat-star-og.png","type":"image\/png"}],"twitter_card":"summary_large_image","twitter_site":"@rankomat","twitter_misc":{"Szacowany czas czytania":"1 minuta"},"schema":{"@context":"https:\/\/schema.org","@graph":[{"@type":"BreadcrumbList","@id":"https:\/\/rankomat.pl\/finanse\/formularz_lendi\/#breadcrumb","itemListElement":[{"@type":"ListItem","position":1,"name":"Finanse","item":"https:\/\/rankomat.pl\/finanse\/"},{"@type":"ListItem","position":2,"name":"Um\u00f3w si\u0119 na darmowe i&nbsp;niezobowi\u0105zuj\u0105ce spotkanie z&nbsp;ekspertem Lendi."}]}]}},"yasr_visitor_votes":{"stars_attributes":{"read_only":false,"span_bottom":false},"number_of_votes":46,"sum_votes":230},"_links":{"self":[{"href":"https:\/\/rankomat.pl\/finanse\/wp-json\/wp\/v2\/pages\/7377","targetHints":{"allow":["GET"]}}],"collection":[{"href":"https:\/\/rankomat.pl\/finanse\/wp-json\/wp\/v2\/pages"}],"about":[{"href":"https:\/\/rankomat.pl\/finanse\/wp-json\/wp\/v2\/types\/page"}],"author":[{"embeddable":true,"href":"https:\/\/rankomat.pl\/finanse\/wp-json\/wp\/v2\/users\/1"}],"replies":[{"embeddable":true,"href":"https:\/\/rankomat.pl\/finanse\/wp-json\/wp\/v2\/comments?post=7377"}],"version-history":[{"count":0,"href":"https:\/\/rankomat.pl\/finanse\/wp-json\/wp\/v2\/pages\/7377\/revisions"}],"wp:attachment":[{"href":"https:\/\/rankomat.pl\/finanse\/wp-json\/wp\/v2\/media?parent=7377"}],"curies":[{"name":"wp","href":"https:\/\/api.w.org\/{rel}","templated":true}]}}