{"id":741,"date":"2017-02-23T08:51:26","date_gmt":"2017-02-23T07:51:26","guid":{"rendered":"http:\/\/finanse.rankomat.pl\/banki\/bgz-bnp-paribas\/"},"modified":"2025-07-10T11:54:04","modified_gmt":"2025-07-10T09:54:04","slug":"bgz-bnp-paribas","status":"publish","type":"page","link":"https:\/\/rankomat.pl\/finanse\/banki\/bgz-bnp-paribas\/","title":{"rendered":"BNP Paribas Bank Polska"},"content":{"rendered":"<p><a class=\"button btn-success\" href=\"https:\/\/rankomat.pl\/finanse\/lokaty\/\">Lokaty \u00bb<\/a> <a class=\"button btn-success\" href=\"https:\/\/rankomat.pl\/finanse\/poradniki\/zalozyc-konto-osobiste-30-bankow\/#paribas\">Jak za\u0142o\u017cy\u0107 konto \u00bb<\/a> <a class=\"button btn-success\" href=\"https:\/\/rankomat.pl\/finanse\/poradniki\/zamknac-konto-osobiste-30-bankow\/#paribas\">Jak zamkn\u0105\u0107 konto \u00bb<\/a> <a class=\"button btn-success\" href=\"https:\/\/rankomat.pl\/finanse\/kredyt-gotowkowy-bnp-paribas\/\">Kredyt got\u00f3wkowy \u00bb<\/a><\/p>\n<p style=\"text-align: justify\"><img loading=\"lazy\" decoding=\"async\" class=\"alignleft wp-image-2772 size-full\" src=\"https:\/\/rankomat.pl\/finanse\/wp-content\/uploads\/thumbs\/entry\/2019\/04\/bnp-paribas.png\" alt=\"bnp paribas\" width=\"180\" height=\"74\" data-interchange=\"[https:\/\/rankomat.pl\/finanse\/wp-content\/uploads\/thumbs\/entry\/mobile\/2019\/04\/bnp-paribas.png, small], [https:\/\/rankomat.pl\/finanse\/wp-content\/uploads\/thumbs\/entry\/2019\/04\/bnp-paribas.png, medium]\" aria-hidden=\"true\">Na obecny wygl\u0105d BNP Paribas Bank Polska sk\u0142adaj\u0105 si\u0119 przede wszystkim historie dw\u00f3ch bank\u00f3w: <strong>BNP Paribas i Banku BG\u017b<\/strong>. Wsp\u00f3lna \u015bcie\u017cka tych instytucji rozpocz\u0119\u0142a si\u0119 w roku 2014, a <strong>fuzja prawna nast\u0105pi\u0142a w 2015 roku<\/strong>. W 2016 roku BG\u017b BNP Paribas przej\u0105\u0142 tak\u017ce mark\u0119 Sygma Bank. Aktualnie BNP Paribas oferuje klientom indywidualnym pe\u0142n\u0105 gam\u0119 <strong>produkt\u00f3w finansowych oraz ubezpieczenia.<\/strong><\/p>\n<h2><b>Oferta dla klient\u00f3w indywidualnych<\/b><\/h2>\n<p style=\"text-align: justify\"><span style=\"font-weight: 400\">W ofercie BNP Paribas <strong>znajdziemy konta bankowe<\/strong> w wariancie standardowym, jak i m\u0142odzie\u017cowym. Dodatkowo, bank dostarcza swoim klientom ciekawe <strong>produkty oszcz\u0119dno\u015bciowe<\/strong> w postaci rachunk\u00f3w i lokat. Osoby, kt\u00f3re chc\u0105 czerpa\u0107 ze swoich oszcz\u0119dno\u015bci jeszcze wi\u0119ksze zyski mog\u0105 natomiast skorzysta\u0107 z <strong>bogatej gamy produkt\u00f3w inwestycyjnych.<\/strong> W ofercie BNP Paribas obecne s\u0105 r\u00f3wnie\u017c <strong>propozycje kredyt\u00f3w na r\u00f3\u017cne cele<\/strong> oraz kart kredytowych. Osoby zainteresowane zabezpieczeniem swojej przysz\u0142o\u015bci b\u0105d\u017a ochron\u0105 swojego mienia mog\u0105 natomiast skorzysta\u0107 z szerokiej <strong>oferty ubezpiecze\u0144.<\/strong><br \/>\n<\/span><\/p>\n<h2 style=\"text-align: justify\"><b>Godziny ksi\u0119gowania przelew\u00f3w<\/b><\/h2>\n<p style=\"text-align: justify\"><span style=\"font-weight: 400\">BNP Paribas realizuje przelewy <strong>w systemie ELIXIR i SORBNET<\/strong>. Transakcje typu ELIXIR odbywaj\u0105 si\u0119 wed\u0142ug nast\u0119puj\u0105cego harmonogramu:<br \/>\n<\/span><\/p>\n<table class=\"table table-bordered\">\n<tbody>\n<tr>\n<td><strong>Rodzaj sesji<\/strong><\/td>\n<td class=\"text-center\" colspan=\"3\"><strong>Godziny sesji<\/strong><\/td>\n<\/tr>\n<tr>\n<td>Sesje wychodz\u0105ce<\/td>\n<td class=\"text-center\">do 08:00<\/td>\n<td class=\"text-center\">08:00 &#8211; 11:45<\/td>\n<td class=\"text-center\">11:45 &#8211; 14:15<\/td>\n<\/tr>\n<tr>\n<td>Sesje przychodz\u0105ce<\/td>\n<td class=\"text-center\">11:00 &#8211; 12:00<\/td>\n<td class=\"text-center\">14:30 &#8211; 15.00<\/td>\n<td class=\"text-center\">17:00 &#8211; 18:00<\/td>\n<\/tr>\n<\/tbody>\n<\/table>\n<h2><strong>Przelewy zagraniczne &#8211; IBAN, SWIFT<\/strong><\/h2>\n<p style=\"text-align: justify\"><span style=\"font-weight: 400\">W przypadku przelew\u00f3w zagranicznych nale\u017cy pami\u0119ta\u0107 o podaniu <strong>kodu SWIFT<\/strong> (kodu BIC) przypisanego do BNP Paribas.<\/span><\/p>\n<ul>\n<li><span style=\"font-weight: 400\">Kod SWIFT\/BIC BNP Paribas:<\/span><strong> PPABPLPKXXX<\/strong><\/li>\n<li>Format IBAN: PL + numer rachunku (26 cyfr)<\/li>\n<\/ul>\n<h2><b>Dla poszukuj\u0105cych konta osobistego<\/b><\/h2>\n<p style=\"text-align: justify\"><span style=\"font-weight: 400\">Najbardziej <strong>znanym rachunkiem osobistym<\/strong>\u00a0BNP Paribas jest iKonto. Ale to nie jedyna propozycja banku dedykowana naszym finansom. W ofercie rachunk\u00f3w rozliczeniowych znajdziemy tak\u017ce <strong>Konto Praktyczne oraz Konto Young<\/strong> dla os\u00f3b od 13 do 26 roku \u017cycia. Dodatkowo, BNP Paribas oferuje tak\u017ce tzw. Plan Aktywny, czyli rachunek odpowiedni dla os\u00f3b kt\u00f3re du\u017co podr\u00f3\u017cuj\u0105 i w zwi\u0105zku z tym <strong>oczekuj\u0105 dodatkowych udogodnie\u0144.<\/strong> Za wyj\u0105tkiem Planu Aktywnego <strong>wniosek o wszystkie rachunki<\/strong> z\u0142o\u017cymy online. Umow\u0119 podpiszemy natomiast albo z plac\u00f3wce banku albo za po\u015brednictwem kuriera. Wniosek o Plan Aktywny z\u0142o\u017cymy natomiast <strong>telefonicznie b\u0105d\u017a podczas osobistej wizyty<\/strong> w plac\u00f3wce BNP Paribas.<\/span><\/p>\n<p style=\"text-align: center\"><a class=\"btn btn-success\" href=\"https:\/\/rankomat.pl\/finanse\/konta\/konta-bankowe\/\">Zobacz ranking kont osobistych<\/a><\/p>\n<h2><b>Dla p\u0142ac\u0105cych kart\u0105<\/b><\/h2>\n<p style=\"text-align: justify\"><span style=\"font-weight: 400\">Otwieraj\u0105c konto osobiste w BNP Paribas mo\u017cemy skorzysta\u0107 z <strong>karty p\u0142atniczej MasterCard Debit<\/strong>. Karta ta pozwala np. na szybkie p\u0142atno\u015bci zbli\u017ceniowe czy wyp\u0142at\u0119 got\u00f3wki podczas zakup\u00f3w w <strong>wybranych punktach handlowych.<\/strong> Opr\u00f3cz typowych kart p\u0142atniczych, bank oferuje tak\u017ce r\u00f3\u017cne karty kredytowe. W zale\u017cno\u015bci od wybranego rodzaju karty mamy dost\u0119p do <strong>innego limitu kredytowego<\/strong>, a tak\u017ce do rabat\u00f3w w ponad 2500 punktach us\u0142ugowych. Wniosek o kart\u0119 kredytow\u0105 mo\u017cna z\u0142o\u017cy\u0107 online, telefonicznie b\u0105d\u017a w oddziale banku. <\/span><\/p>\n<h2><b>Dla pomna\u017caj\u0105cych oszcz\u0119dno\u015bci<\/b><\/h2>\n<p style=\"text-align: justify\"><span style=\"font-weight: 400\">W BNP Paribas znajdziemy szeroki <strong>wachlarz produkt\u00f3w oszcz\u0119dno\u015bciowych<\/strong>. Osoby szukaj\u0105ce bezpiecznego miejsca dla swoich oszcz\u0119dno\u015bci mog\u0105 wybiera\u0107 w bogatej ofercie <strong>rachunk\u00f3w oszcz\u0119dno\u015bciowych oraz lokat<\/strong> z r\u00f3\u017cnym oprocentowaniem. Je\u017celi jednak chcemy aby nasze oszcz\u0119dno\u015bci zarabia\u0142y o wiele wi\u0119cej, warto skorzysta\u0107 z rozbudowanej <strong>propozycji produkt\u00f3w inwestycyjnych<\/strong>, w kt\u00f3rej mieszcz\u0105 si\u0119 m.in. rachunek maklerski, produkty strukturyzowane, fundusze z lokat\u0105 oraz fundusze krajowe i zagraniczne.<br \/>\n<\/span><\/p>\n<p style=\"text-align: justify\"><\/p>\n<p style=\"text-align: center\"><a class=\"btn btn-success\" href=\"https:\/\/rankomat.pl\/finanse\/banki\/bgz-bnp-paribas\/lokaty\/\">Sprawd\u017a lokaty BNP Paribas<\/a><\/p>\n<h2><b>Dla oczekuj\u0105cych finansowania<\/b><\/h2>\n<p style=\"text-align: justify\"><span style=\"font-weight: 400\">BNP Paribas oferuje <strong>kredyty got\u00f3wkowe na r\u00f3\u017cne cele<\/strong>. Klienci chc\u0105cy zmieni\u0107 raty swoich zobowi\u0105za\u0144 w jedn\u0105 mog\u0105 skorzysta\u0107 z <strong>propozycji kredytu konsolidacyjnego<\/strong>. Opr\u00f3cz tego, bank proponuje tak\u017ce kredyty hipoteczne oraz samochodowe. Dodatkowo, w BG\u017b BNP Paribas dost\u0119pna jest r\u00f3wnie\u017c <strong>po\u017cyczka na remont i wyposa\u017cenie<\/strong> gospodarstwa domowego, a tak\u017ce po\u017cyczka hipoteczna. W przypadku problem\u00f3w z wyborem odpowiedniego produktu, mo\u017cemy zostawi\u0107 sw\u00f3j numer telefonu, a <strong>konsultant banku pomo\u017ce nam<\/strong> w podj\u0119ciu w\u0142a\u015bciwej decyzji.<br \/>\n<\/span><\/p>\n<p style=\"text-align: center\"><a class=\"btn btn-success\" href=\"https:\/\/rankomat.pl\/finanse\/kredyty-gotowkowe\/\">Sprawd\u017a oferty kredyt\u00f3w<\/a><\/p>\n<h2 style=\"text-align: justify\"><b>BNP Paribas Bank Polska &#8211; kontakt<\/b><\/h2>\n<p><span style=\"font-weight: 400\">Adres centrali: ul. Kasprzaka 10\/16, 01-211 Warszawa<\/span><\/p>\n<p><span style=\"font-weight: 400\">01-211 Warszawa<\/span><\/p>\n<p><span style=\"font-weight: 400\">Infolinia: 801 321 123, +48 22 134 00 00<\/span><\/p>\n<p><span style=\"font-weight: 400\">Adres strony kontaktowej: <\/span><span style=\"font-weight: 400\">https:\/\/www.bgzbnpparibas.pl\/kontakt<\/span><\/p>\n","protected":false},"excerpt":{"rendered":"<p>Lokaty \u00bb Jak za\u0142o\u017cy\u0107 konto \u00bb Jak zamkn\u0105\u0107 konto \u00bb Kredyt got\u00f3wkowy \u00bb Na obecny wygl\u0105d BNP Paribas Bank Polska [&hellip;]<\/p>\n","protected":false},"author":32,"featured_media":0,"parent":11004,"menu_order":0,"comment_status":"open","ping_status":"closed","template":"page_bank_new.php","meta":{"_acf_changed":false,"yasr_overall_rating":0,"yasr_post_is_review":"","yasr_auto_insert_disabled":"","yasr_review_type":"","footnotes":""},"class_list":["post-741","page","type-page","status-publish","hentry"],"acf":[],"yoast_head":"<!-- This site is optimized with the Yoast SEO plugin v27.1.1 - https:\/\/yoast.com\/product\/yoast-seo-wordpress\/ -->\n<title>BNP Paribas Bank Polska - sprawd\u017a oferty bankowe | Por\u00f3wnywarka finansowa Rankomat<\/title>\n<meta name=\"robots\" content=\"index, follow, max-snippet:-1, max-image-preview:large, max-video-preview:-1\" \/>\n<link rel=\"canonical\" href=\"https:\/\/rankomat.pl\/finanse\/banki\/bgz-bnp-paribas\/\" \/>\n<meta property=\"og:locale\" content=\"pl_PL\" \/>\n<meta property=\"og:type\" content=\"article\" \/>\n<meta property=\"og:title\" content=\"BNP Paribas Bank Polska - sprawd\u017a {{count_bank_0}} | Por\u00f3wnywarka finansowa Rankomat\" \/>\n<meta property=\"og:description\" content=\"Lokaty \u00bb Jak za\u0142o\u017cy\u0107 konto \u00bb Jak zamkn\u0105\u0107 konto \u00bb Kredyt got\u00f3wkowy \u00bb Na obecny wygl\u0105d BNP Paribas Bank Polska [&hellip;]\" \/>\n<meta property=\"og:url\" content=\"https:\/\/rankomat.pl\/finanse\/banki\/bgz-bnp-paribas\/\" \/>\n<meta property=\"og:site_name\" content=\"Por\u00f3wnywarka finansowa Rankomat\" \/>\n<meta property=\"article:publisher\" content=\"https:\/\/www.facebook.com\/rankomatpl\/\" \/>\n<meta property=\"article:modified_time\" content=\"2025-07-10T09:54:04+00:00\" \/>\n<meta property=\"og:image\" content=\"https:\/\/rankomat.pl\/finanse\/wp-content\/uploads\/2019\/04\/bnp-paribas.png\" \/>\n\t<meta property=\"og:image:width\" content=\"180\" \/>\n\t<meta property=\"og:image:height\" content=\"74\" \/>\n\t<meta property=\"og:image:type\" content=\"image\/png\" \/>\n<meta name=\"twitter:card\" content=\"summary_large_image\" \/>\n<meta name=\"twitter:site\" content=\"@rankomat\" \/>\n<meta name=\"twitter:label1\" content=\"Szacowany czas czytania\" \/>\n\t<meta name=\"twitter:data1\" content=\"4 minuty\" \/>\n<script type=\"application\/ld+json\" class=\"yoast-schema-graph\">{\"@context\":\"https:\/\/schema.org\",\"@graph\":[{\"@type\":\"ImageObject\",\"inLanguage\":\"pl-PL\",\"@id\":\"https:\/\/rankomat.pl\/finanse\/banki\/bgz-bnp-paribas\/#primaryimage\",\"url\":\"https:\/\/rankomat.pl\/finanse\/wp-content\/uploads\/2019\/04\/bnp-paribas.png\",\"contentUrl\":\"https:\/\/rankomat.pl\/finanse\/wp-content\/uploads\/2019\/04\/bnp-paribas.png\",\"width\":180,\"height\":74},{\"@type\":\"BreadcrumbList\",\"@id\":\"https:\/\/rankomat.pl\/finanse\/banki\/bgz-bnp-paribas\/#breadcrumb\",\"itemListElement\":[{\"@type\":\"ListItem\",\"position\":1,\"name\":\"Finanse\",\"item\":\"https:\/\/rankomat.pl\/finanse\/\"},{\"@type\":\"ListItem\",\"position\":2,\"name\":\"Banki\",\"item\":\"https:\/\/rankomat.pl\/finanse\/banki\/\"},{\"@type\":\"ListItem\",\"position\":3,\"name\":\"BNP Paribas Bank Polska\"}]}]}<\/script>\n<!-- \/ Yoast SEO plugin. -->","yoast_head_json":{"title":"BNP Paribas Bank Polska - sprawd\u017a oferty bankowe | Por\u00f3wnywarka finansowa Rankomat","robots":{"index":"index","follow":"follow","max-snippet":"max-snippet:-1","max-image-preview":"max-image-preview:large","max-video-preview":"max-video-preview:-1"},"canonical":"https:\/\/rankomat.pl\/finanse\/banki\/bgz-bnp-paribas\/","og_locale":"pl_PL","og_type":"article","og_title":"BNP Paribas Bank Polska - sprawd\u017a {{count_bank_0}} | Por\u00f3wnywarka finansowa Rankomat","og_description":"Lokaty \u00bb Jak za\u0142o\u017cy\u0107 konto \u00bb Jak zamkn\u0105\u0107 konto \u00bb Kredyt got\u00f3wkowy \u00bb Na obecny wygl\u0105d BNP Paribas Bank Polska [&hellip;]","og_url":"https:\/\/rankomat.pl\/finanse\/banki\/bgz-bnp-paribas\/","og_site_name":"Por\u00f3wnywarka finansowa Rankomat","article_publisher":"https:\/\/www.facebook.com\/rankomatpl\/","article_modified_time":"2025-07-10T09:54:04+00:00","og_image":[{"width":180,"height":74,"url":"https:\/\/rankomat.pl\/finanse\/wp-content\/uploads\/2019\/04\/bnp-paribas.png","type":"image\/png"}],"twitter_card":"summary_large_image","twitter_site":"@rankomat","twitter_misc":{"Szacowany czas czytania":"4 minuty"},"schema":{"@context":"https:\/\/schema.org","@graph":[{"@type":"ImageObject","inLanguage":"pl-PL","@id":"https:\/\/rankomat.pl\/finanse\/banki\/bgz-bnp-paribas\/#primaryimage","url":"https:\/\/rankomat.pl\/finanse\/wp-content\/uploads\/2019\/04\/bnp-paribas.png","contentUrl":"https:\/\/rankomat.pl\/finanse\/wp-content\/uploads\/2019\/04\/bnp-paribas.png","width":180,"height":74},{"@type":"BreadcrumbList","@id":"https:\/\/rankomat.pl\/finanse\/banki\/bgz-bnp-paribas\/#breadcrumb","itemListElement":[{"@type":"ListItem","position":1,"name":"Finanse","item":"https:\/\/rankomat.pl\/finanse\/"},{"@type":"ListItem","position":2,"name":"Banki","item":"https:\/\/rankomat.pl\/finanse\/banki\/"},{"@type":"ListItem","position":3,"name":"BNP Paribas Bank Polska"}]}]}},"yasr_visitor_votes":{"stars_attributes":{"read_only":false,"span_bottom":false},"number_of_votes":921,"sum_votes":4464},"_links":{"self":[{"href":"https:\/\/rankomat.pl\/finanse\/wp-json\/wp\/v2\/pages\/741","targetHints":{"allow":["GET"]}}],"collection":[{"href":"https:\/\/rankomat.pl\/finanse\/wp-json\/wp\/v2\/pages"}],"about":[{"href":"https:\/\/rankomat.pl\/finanse\/wp-json\/wp\/v2\/types\/page"}],"author":[{"embeddable":true,"href":"https:\/\/rankomat.pl\/finanse\/wp-json\/wp\/v2\/users\/32"}],"replies":[{"embeddable":true,"href":"https:\/\/rankomat.pl\/finanse\/wp-json\/wp\/v2\/comments?post=741"}],"version-history":[{"count":0,"href":"https:\/\/rankomat.pl\/finanse\/wp-json\/wp\/v2\/pages\/741\/revisions"}],"up":[{"embeddable":true,"href":"https:\/\/rankomat.pl\/finanse\/wp-json\/wp\/v2\/pages\/11004"}],"wp:attachment":[{"href":"https:\/\/rankomat.pl\/finanse\/wp-json\/wp\/v2\/media?parent=741"}],"curies":[{"name":"wp","href":"https:\/\/api.w.org\/{rel}","templated":true}]}}