{"id":760,"date":"2017-02-23T08:51:43","date_gmt":"2017-02-23T07:51:43","guid":{"rendered":"http:\/\/finanse.rankomat.pl\/banki\/toyota-bank-polska-s-a\/lokaty\/"},"modified":"2026-04-15T01:55:20","modified_gmt":"2026-04-14T23:55:20","slug":"lokaty","status":"publish","type":"page","link":"https:\/\/rankomat.pl\/finanse\/banki\/toyota-bank-polska-s-a\/lokaty\/","title":{"rendered":"Lokaty &#8211; Toyota Bank Polska S.A."},"content":{"rendered":"<p>Ranking lokat bankowych przygotowany zosta\u0142 w oparciu o dok\u0142adnie okre\u015blone warunki. Stopa procentowa wsadu prezentowana jest zawsze w skali roku, a kwota zysku okre\u015blana jest dla wsadu w wysoko\u015bci 10 000 z\u0142. Wynik szacowany jest przy za\u0142o\u017ceniu, \u017ce rok liczy 365 dni. W zestawieniu znajduj\u0105 si\u0119 oferty zwi\u0105zane z otwarciem samej lokaty bankowej, jak i te wymagaj\u0105ce spe\u0142niania dodatkowych warunk\u00f3w np. za\u0142o\u017cenia konta osobistego lub zapewnienia okre\u015blonych wp\u0142yw\u00f3w na rachunek.<\/p>\n<p><\/p>\n","protected":false},"excerpt":{"rendered":"<p>Ranking lokat bankowych przygotowany zosta\u0142 w oparciu o dok\u0142adnie okre\u015blone warunki. Stopa procentowa wsadu prezentowana jest zawsze w skali roku, [&hellip;]<\/p>\n","protected":false},"author":12,"featured_media":0,"parent":757,"menu_order":0,"comment_status":"closed","ping_status":"closed","template":"page_bank_offers.php","meta":{"_acf_changed":false,"yasr_overall_rating":0,"yasr_post_is_review":"","yasr_auto_insert_disabled":"","yasr_review_type":"","footnotes":""},"class_list":["post-760","page","type-page","status-publish","hentry"],"acf":[],"yoast_head":"<!-- This site is optimized with the Yoast SEO plugin v27.1.1 - https:\/\/yoast.com\/product\/yoast-seo-wordpress\/ -->\n<title>Lokata w {{bank_0}} - nawet {{percent}} na {{period}} | Por\u00f3wnywarka finansowa Rankomat<\/title>\n<meta name=\"robots\" content=\"noindex, nofollow\" \/>\n<meta property=\"og:locale\" content=\"pl_PL\" \/>\n<meta property=\"og:type\" content=\"article\" \/>\n<meta property=\"og:title\" content=\"Lokata w {{bank_0}} - nawet {{percent}} na {{period}} | Por\u00f3wnywarka finansowa Rankomat\" \/>\n<meta property=\"og:description\" content=\"Ranking lokat bankowych przygotowany zosta\u0142 w oparciu o dok\u0142adnie okre\u015blone warunki. Stopa procentowa wsadu prezentowana jest zawsze w skali roku, [&hellip;]\" \/>\n<meta property=\"og:url\" content=\"https:\/\/rankomat.pl\/finanse\/banki\/toyota-bank-polska-s-a\/lokaty\/\" \/>\n<meta property=\"og:site_name\" content=\"Por\u00f3wnywarka finansowa Rankomat\" \/>\n<meta property=\"article:publisher\" content=\"https:\/\/www.facebook.com\/rankomatpl\/\" \/>\n<meta property=\"article:modified_time\" content=\"2026-04-14T23:55:20+00:00\" \/>\n<meta property=\"og:image\" content=\"https:\/\/rankomat.pl\/finanse\/wp-content\/uploads\/2021\/03\/rankomat-star-og.png\" \/>\n\t<meta property=\"og:image:width\" content=\"480\" \/>\n\t<meta property=\"og:image:height\" content=\"320\" \/>\n\t<meta property=\"og:image:type\" content=\"image\/png\" \/>\n<meta name=\"twitter:card\" content=\"summary_large_image\" \/>\n<meta name=\"twitter:site\" content=\"@rankomat\" \/>\n<meta name=\"twitter:label1\" content=\"Szacowany czas czytania\" \/>\n\t<meta name=\"twitter:data1\" content=\"1 minuta\" \/>\n<script type=\"application\/ld+json\" class=\"yoast-schema-graph\">{\"@context\":\"https:\/\/schema.org\",\"@graph\":[{\"@type\":\"BreadcrumbList\",\"@id\":\"https:\/\/rankomat.pl\/finanse\/banki\/toyota-bank-polska-s-a\/lokaty\/#breadcrumb\",\"itemListElement\":[{\"@type\":\"ListItem\",\"position\":1,\"name\":\"Finanse\",\"item\":\"https:\/\/rankomat.pl\/finanse\/\"},{\"@type\":\"ListItem\",\"position\":2,\"name\":\"Banki\",\"item\":\"https:\/\/rankomat.pl\/finanse\/banki\/\"},{\"@type\":\"ListItem\",\"position\":3,\"name\":\"Toyota Bank Polska S.A.\",\"item\":\"https:\/\/rankomat.pl\/finanse\/banki\/toyota-bank-polska-s-a\/\"},{\"@type\":\"ListItem\",\"position\":4,\"name\":\"Lokaty &#8211; Toyota Bank Polska S.A.\"}]}]}<\/script>\n<!-- \/ Yoast SEO plugin. -->","yoast_head_json":{"title":"Lokata w {{bank_0}} - nawet {{percent}} na {{period}} | Por\u00f3wnywarka finansowa Rankomat","robots":{"index":"noindex","follow":"nofollow"},"og_locale":"pl_PL","og_type":"article","og_title":"Lokata w {{bank_0}} - nawet {{percent}} na {{period}} | Por\u00f3wnywarka finansowa Rankomat","og_description":"Ranking lokat bankowych przygotowany zosta\u0142 w oparciu o dok\u0142adnie okre\u015blone warunki. Stopa procentowa wsadu prezentowana jest zawsze w skali roku, [&hellip;]","og_url":"https:\/\/rankomat.pl\/finanse\/banki\/toyota-bank-polska-s-a\/lokaty\/","og_site_name":"Por\u00f3wnywarka finansowa Rankomat","article_publisher":"https:\/\/www.facebook.com\/rankomatpl\/","article_modified_time":"2026-04-14T23:55:20+00:00","og_image":[{"width":480,"height":320,"url":"https:\/\/rankomat.pl\/finanse\/wp-content\/uploads\/2021\/03\/rankomat-star-og.png","type":"image\/png"}],"twitter_card":"summary_large_image","twitter_site":"@rankomat","twitter_misc":{"Szacowany czas czytania":"1 minuta"},"schema":{"@context":"https:\/\/schema.org","@graph":[{"@type":"BreadcrumbList","@id":"https:\/\/rankomat.pl\/finanse\/banki\/toyota-bank-polska-s-a\/lokaty\/#breadcrumb","itemListElement":[{"@type":"ListItem","position":1,"name":"Finanse","item":"https:\/\/rankomat.pl\/finanse\/"},{"@type":"ListItem","position":2,"name":"Banki","item":"https:\/\/rankomat.pl\/finanse\/banki\/"},{"@type":"ListItem","position":3,"name":"Toyota Bank Polska S.A.","item":"https:\/\/rankomat.pl\/finanse\/banki\/toyota-bank-polska-s-a\/"},{"@type":"ListItem","position":4,"name":"Lokaty &#8211; Toyota Bank Polska S.A."}]}]}},"yasr_visitor_votes":{"stars_attributes":{"read_only":false,"span_bottom":false},"number_of_votes":36,"sum_votes":180},"_links":{"self":[{"href":"https:\/\/rankomat.pl\/finanse\/wp-json\/wp\/v2\/pages\/760","targetHints":{"allow":["GET"]}}],"collection":[{"href":"https:\/\/rankomat.pl\/finanse\/wp-json\/wp\/v2\/pages"}],"about":[{"href":"https:\/\/rankomat.pl\/finanse\/wp-json\/wp\/v2\/types\/page"}],"author":[{"embeddable":true,"href":"https:\/\/rankomat.pl\/finanse\/wp-json\/wp\/v2\/users\/12"}],"replies":[{"embeddable":true,"href":"https:\/\/rankomat.pl\/finanse\/wp-json\/wp\/v2\/comments?post=760"}],"version-history":[{"count":0,"href":"https:\/\/rankomat.pl\/finanse\/wp-json\/wp\/v2\/pages\/760\/revisions"}],"up":[{"embeddable":true,"href":"https:\/\/rankomat.pl\/finanse\/wp-json\/wp\/v2\/pages\/757"}],"wp:attachment":[{"href":"https:\/\/rankomat.pl\/finanse\/wp-json\/wp\/v2\/media?parent=760"}],"curies":[{"name":"wp","href":"https:\/\/api.w.org\/{rel}","templated":true}]}}