{"id":777,"date":"2017-02-23T08:52:02","date_gmt":"2017-02-23T07:52:02","guid":{"rendered":"http:\/\/finanse.rankomat.pl\/banki\/credit-agricole\/"},"modified":"2025-07-10T11:54:05","modified_gmt":"2025-07-10T09:54:05","slug":"credit-agricole","status":"publish","type":"page","link":"https:\/\/rankomat.pl\/finanse\/banki\/credit-agricole\/","title":{"rendered":"Credit Agricole"},"content":{"rendered":"<p><a class=\"button btn-success\" href=\"https:\/\/rankomat.pl\/finanse\/lokaty\/\">Lokaty \u00bb<\/a> <a class=\"button btn-success\" href=\"https:\/\/rankomat.pl\/finanse\/poradniki\/zalozyc-konto-osobiste-30-bankow\/#agricole\">Jak za\u0142o\u017cy\u0107 konto \u00bb<\/a> <a class=\"button btn-success\" href=\"https:\/\/rankomat.pl\/finanse\/poradniki\/zamknac-konto-osobiste-30-bankow\/#agricole\">Jak zamkn\u0105\u0107 konto \u00bb<\/a> <a class=\"button btn-success\" href=\"https:\/\/rankomat.pl\/finanse\/kredyt-gotowkowy-credit-agricole\/\">Kredyt got\u00f3wkowy \u00bb<\/a><\/p>\n<p><b><img loading=\"lazy\" decoding=\"async\" class=\"size-full wp-image-1207\" style=\"float: left\" src=\"https:\/\/rankomat.pl\/finanse\/wp-content\/uploads\/thumbs\/entry\/2017\/05\/credi-agricole.png\" alt=\"Credit Agricole logo\" width=\"170\" height=\"70\" data-interchange=\"[https:\/\/rankomat.pl\/finanse\/wp-content\/uploads\/thumbs\/entry\/mobile\/2017\/05\/credi-agricole.png, small], [https:\/\/rankomat.pl\/finanse\/wp-content\/uploads\/thumbs\/entry\/2017\/05\/credi-agricole.png, medium]\" aria-hidden=\"true\"><\/b><\/p>\n<p style=\"text-align: justify\">Credit Aqricole powsta\u0142 w wyniku <strong>transformacji Lucas Banku S.A.<\/strong> w 2011 roku, stopniowo wprowadzaj\u0105c do swojej oferty coraz to nowsze produkty. Obecnie instytucja ta dostarcza rozwi\u0105za\u0144 finansowych<strong> r\u00f3\u017cnymi kana\u0142ami komunikacji<\/strong>: przez bankowo\u015b\u0107 mobiln\u0105, elektroniczn\u0105, telefoniczn\u0105 oraz sie\u0107 450 plac\u00f3wek bankowych. Zr\u00f3\u017cnicowana oferta produkt\u00f3w finansowych sprawi\u0142a, \u017ce marka ta obs\u0142uguje obecnie <strong>2,1 mln klient\u00f3w<\/strong>.<\/p>\n<h2><b>Oferta dla klient\u00f3w indywidualnych<\/b><\/h2>\n<p style=\"text-align: justify\"><span style=\"font-weight: 400\">Oferta Credit Aqricole skierowana jest zar\u00f3wno <strong>do klient\u00f3w indywidualnych<\/strong>, jak i w\u0142a\u015bcicieli ma\u0142ych i \u015brednich firm, przedsi\u0119biorc\u00f3w czy os\u00f3b zajmuj\u0105cych si\u0119 rolnictwem. Dla klient\u00f3w indywidualnych przygotowano <strong>szerok\u0105 ofert\u0119 rachunk\u00f3w rozliczeniowych<\/strong>, produkt\u00f3w inwestycyjnych, a tak\u017ce kredyt\u00f3w i ubezpiecze\u0144. Firmy mog\u0105 natomiast skorzysta\u0107 nie tylko z rachunk\u00f3w bankowych, ale tak\u017ce z kredyt\u00f3w i po\u017cyczek na cele zwi\u0105zane z dzia\u0142alno\u015bci\u0105 przedsi\u0119biorstwa oraz<strong> z terminali p\u0142atniczych.<\/strong><br \/>\n<\/span><\/p>\n<h2 style=\"text-align: justify\"><b>Godziny ksi\u0119gowania przelew\u00f3w<\/b><\/h2>\n<p style=\"text-align: justify\"><span style=\"font-weight: 400\">Credit Aqricole <strong>nie pobiera \u017cadnych op\u0142at<\/strong> za zwyk\u0142e przelewy wykonywane w systemie Elixir za pomoc\u0105 bankowo\u015bci elektronicznej. Z <strong>dodatkowymi kosztami<\/strong> wi\u0105\u017c\u0105 si\u0119 natomiast <strong>dyspozycje wydane w plac\u00f3wce<\/strong> banku b\u0105d\u017a w systemie telefonicznym CA24. Godziny sesji tego typu transakcji przedstawia poni\u017cszy harmonogram:<br \/>\n<\/span><\/p>\n<table class=\"table table-bordered\">\n<tbody>\n<tr>\n<td><strong>Rodzaj sesji<\/strong><\/td>\n<td class=\"text-center\" colspan=\"3\"><strong>Godziny sesji<\/strong><\/td>\n<\/tr>\n<tr>\n<td>Sesje wychodz\u0105ce<\/td>\n<td class=\"text-center\">je\u015bli dyspozycja zostanie z\u0142o\u017cona przed godz. 14:30 &#8211; tego samego dnia<\/td>\n<td class=\"text-center\">je\u015bli dyspozycja zostanie z\u0142o\u017cona po godz. 14:30 &#8211; najp\u00f3\u017aniej w kolejnym dniu roboczym<\/td>\n<td class=\"text-center\">je\u015bli dyspozycja zostanie z\u0142o\u017cona w dniu wolnym od pracy &#8211; najp\u00f3\u017aniej w kolejnym dniu roboczym<\/td>\n<\/tr>\n<tr>\n<td>Sesje przychodz\u0105ce<\/td>\n<td class=\"text-center\">12:00<\/td>\n<td class=\"text-center\">16:00<\/td>\n<td class=\"text-center\">18:00<\/td>\n<\/tr>\n<\/tbody>\n<\/table>\n<h2><strong>Przelewy zagraniczne &#8211; IBAN, SWIFT<\/strong><\/h2>\n<p style=\"text-align: justify\"><span style=\"font-weight: 400\">Credit Aqricole realizuje przelewy tak\u017ce w systemach <strong>SORBNET i SEPA<\/strong>. Warto pami\u0119ta\u0107, \u017ce w przypadku transakcji mi\u0119dzynarodowych wymagany jest tak\u017ce kod BIC zwany tak\u017ce<strong> numerem SWIFT.<\/strong><br \/>\n<\/span><\/p>\n<ul>\n<li style=\"text-align: justify\"><span style=\"font-weight: 400\">Kod SWIFT\/BIC Banku Credit Agricole:<\/span><strong> AGRIPLPR<\/strong><\/li>\n<li>Format IBAN: PL + numer rachunku (26 cyfr)<\/li>\n<\/ul>\n<h2><b>Dla poszukuj\u0105cych konta osobistego<\/b><\/h2>\n<p style=\"text-align: justify\"><span style=\"font-weight: 400\">W ofercie Credit Agricole mo\u017cna znale\u017a\u0107 <strong>kilka kont osobistych<\/strong>. Osobom w wieku od 18 do 27 lat dedykowany jest rachunek o nazwie 1Konto, pozbawiony op\u0142at za prowadzenie oraz przelewy mobilne i internetowe. Pozosta\u0142e rachunki wi\u0105\u017c\u0105 si\u0119 np. z <strong>brakiem op\u0142at za wyp\u0142aty got\u00f3wki<\/strong> ze wszystkich bankomat\u00f3w w Polsce, a tak\u017ce zniesieniem op\u0142at za przelewy internetowe i mobilne (Konto PROSTOoszcz\u0119dzaj\u0105ce PLUS oraz Konto PROSTOoszcz\u0119dzajace PREMIUM), a tak\u017ce dost\u0119pem do <strong>odnawialnego limitu na koncie<\/strong> (Konto PROSTOoszcz\u0119dzajace). Ka\u017cdy posiadacz konta w Credit Aqricole otrzymuje tak\u017ce kart\u0119 debetow\u0105 dopasowan\u0105 <strong>do wybranego rachunku.<\/strong><br \/>\n<\/span><\/p>\n<p style=\"text-align: center\"><a class=\"btn btn-success\" href=\"https:\/\/rankomat.pl\/finanse\/konta\/konta-bankowe\/\">Zobacz ranking kont osobistych<\/a><\/p>\n<h2><b>Dla p\u0142ac\u0105cych kart\u0105<\/b><\/h2>\n<p style=\"text-align: justify\"><span style=\"font-weight: 400\">W Credit Aqricole klient mo\u017ce skorzysta\u0107 z <strong>r\u00f3\u017cnych kart p\u0142atniczych<\/strong>. Ka\u017cda z nich przypisana jest do okre\u015blonego rodzaju konta osobistego. Visa 1 Konto stworzona zosta\u0142a dla <strong>posiadaczy rachunku 1Konto.<\/strong> Mastercard Debit Standard to produkt przeznaczony dla u\u017cytkownik\u00f3w PROSTOoszcz\u0119dzaj\u0105cego PLUS. Osoby korzystaj\u0105ce z konta <strong>PROSTOoszcz\u0119dzaj\u0105cego PREMIUM<\/strong> otrzymaj\u0105 do dyspozycji kart\u0119 MasterCard Debit Platinum, a \u015brodek p\u0142atniczy w postaci karty <strong>VISA DEBIT<\/strong> stworzono natomiast dla w\u0142a\u015bcicieli konta PROSTOoszcz\u0119dzaj\u0105cego. Opr\u00f3cz kart debetowych w ofercie banku znale\u017a\u0107 mo\u017cna <strong>tak\u017ce karty kredytowe<\/strong> z r\u00f3\u017cnymi limitami kwotowymi.<br \/>\n<\/span><\/p>\n<h2><b>Dla pomna\u017caj\u0105cych oszcz\u0119dno\u015bci<\/b><\/h2>\n<p style=\"text-align: justify\"><span style=\"font-weight: 400\">Klienci Indywidualni Credit Aqricole mog\u0105 skorzysta\u0107 z <strong>szerokiej gamy produkt\u00f3w inwestycyjnych<\/strong>. W banku tym znale\u017a\u0107 wi\u0119c mo\u017cna produkty podstawowe (takie jak konta oszcz\u0119dno\u015bciowe czy lokaty), a tak\u017ce bardziej zaawansowane (np. fundusze inwestycyjne). Dodatkowo bank oferuje tak\u017ce <strong>Programy Systematycznego Oszcz\u0119dzania<\/strong> oraz Ubezpieczenia z Elementem Oszcz\u0119dno\u015bciowym. Klient ma wi\u0119c sporo mo\u017cliwo\u015bci inwestowania i pomna\u017cania oszcz\u0119dno\u015bci. W <strong>przypadku trudno\u015bci z wyborem<\/strong> odpowiedniego produktu dla siebie, warto skorzysta\u0107 z pomocy doradcy banku, kt\u00f3ry podpowie jak dopasowa\u0107 proponowane rozwi\u0105zanie finansowe do swoich potrzeb.<br \/>\n<\/span><\/p>\n<p style=\"text-align: justify\"><\/p>\n<p style=\"text-align: center\"><a class=\"btn btn-success\" href=\"https:\/\/rankomat.pl\/finanse\/banki\/credit-agricole\/lokaty\/\">Sprawd\u017a lokaty Credit Agricole<\/a><\/p>\n<h2><b>Dla oczekuj\u0105cych finansowania<\/b><\/h2>\n<p style=\"text-align: justify\"><span style=\"font-weight: 400\">Dla os\u00f3b szukaj\u0105cych dodatkowego \u017ar\u00f3d\u0142a finansowania Credit Aqricole przygotowa\u0142 <strong>rozbudowan\u0105 ofert\u0119 kredyt\u00f3w<\/strong>. Bank proponuje wsparcie finansowe zar\u00f3wno w postaci kredyt\u00f3w got\u00f3wkowych, konsolidacyjnych, jak i <strong>Indywidualnej Linii Kredytowej<\/strong>. Credit Aqricole posiada tak\u017ce ofert\u0119 dla os\u00f3b poszukuj\u0105cych kredytu hipotecznego. W banku tym klient mo\u017ce wi\u0119c po\u017cyczy\u0107 pieni\u0105dze zar\u00f3wno <strong>na zakup domu czy mieszkania<\/strong>, jak i na kupno dzia\u0142ki czy te\u017c remont nieruchomo\u015bci.<br \/>\n<\/span><\/p>\n<p style=\"text-align: center\"><a class=\"btn btn-success\" href=\"https:\/\/rankomat.pl\/finanse\/kredyty-gotowkowe\/\">Sprawd\u017a oferty kredyt\u00f3w<\/a><\/p>\n<h2 style=\"text-align: justify\"><b>Credit Agricole &#8211; kontakt<\/b><\/h2>\n<p><span style=\"font-weight: 400\">Adres centrali: pl. Orl\u0105t Lwowskich 1, 53-605 Wroc\u0142aw<\/span><\/p>\n<p><span style=\"font-weight: 400\">Infolinia: 801 33 00 00 (z telefon\u00f3w stacjonarnych), +48 71 35 49 009 (z zagranicy i z kom\u00f3rek)<\/span><\/p>\n<p><span style=\"font-weight: 400\">Adres strony kontaktowej: https:\/\/www.credit-agricole.pl\/kontakt<\/span><\/p>\n","protected":false},"excerpt":{"rendered":"<p>Lokaty \u00bb Jak za\u0142o\u017cy\u0107 konto \u00bb Jak zamkn\u0105\u0107 konto \u00bb Kredyt got\u00f3wkowy \u00bb Credit Aqricole powsta\u0142 w wyniku transformacji Lucas [&hellip;]<\/p>\n","protected":false},"author":32,"featured_media":0,"parent":11004,"menu_order":0,"comment_status":"closed","ping_status":"closed","template":"page_bank_new.php","meta":{"_acf_changed":false,"yasr_overall_rating":0,"yasr_post_is_review":"","yasr_auto_insert_disabled":"","yasr_review_type":"","footnotes":""},"class_list":["post-777","page","type-page","status-publish","hentry"],"acf":[],"yoast_head":"<!-- This site is optimized with the Yoast SEO plugin v27.1.1 - https:\/\/yoast.com\/product\/yoast-seo-wordpress\/ -->\n<title>Credit Agricole - Informacje, Produkty, Kontakt, Infolinia<\/title>\n<meta name=\"robots\" content=\"index, follow, max-snippet:-1, max-image-preview:large, max-video-preview:-1\" \/>\n<link rel=\"canonical\" href=\"https:\/\/rankomat.pl\/finanse\/banki\/credit-agricole\/\" \/>\n<meta property=\"og:locale\" content=\"pl_PL\" \/>\n<meta property=\"og:type\" content=\"article\" \/>\n<meta property=\"og:title\" content=\"Credit Agricole - Informacje, Produkty, Kontakt, Infolinia\" \/>\n<meta property=\"og:description\" content=\"Lokaty \u00bb Jak za\u0142o\u017cy\u0107 konto \u00bb Jak zamkn\u0105\u0107 konto \u00bb Kredyt got\u00f3wkowy \u00bb Credit Aqricole powsta\u0142 w wyniku transformacji Lucas [&hellip;]\" \/>\n<meta property=\"og:url\" content=\"https:\/\/rankomat.pl\/finanse\/banki\/credit-agricole\/\" \/>\n<meta property=\"og:site_name\" content=\"Por\u00f3wnywarka finansowa Rankomat\" \/>\n<meta property=\"article:publisher\" content=\"https:\/\/www.facebook.com\/rankomatpl\/\" \/>\n<meta property=\"article:modified_time\" content=\"2025-07-10T09:54:05+00:00\" \/>\n<meta property=\"og:image\" content=\"https:\/\/rankomat.pl\/finanse\/wp-content\/uploads\/2017\/02\/alior-bank.png\" \/>\n\t<meta property=\"og:image:width\" content=\"170\" \/>\n\t<meta property=\"og:image:height\" content=\"70\" \/>\n\t<meta property=\"og:image:type\" content=\"image\/png\" \/>\n<meta name=\"twitter:card\" content=\"summary_large_image\" \/>\n<meta name=\"twitter:site\" content=\"@rankomat\" \/>\n<meta name=\"twitter:label1\" content=\"Szacowany czas czytania\" \/>\n\t<meta name=\"twitter:data1\" content=\"4 minuty\" \/>\n<script type=\"application\/ld+json\" class=\"yoast-schema-graph\">{\"@context\":\"https:\/\/schema.org\",\"@graph\":[{\"@type\":\"ImageObject\",\"inLanguage\":\"pl-PL\",\"@id\":\"https:\/\/rankomat.pl\/finanse\/banki\/credit-agricole\/#primaryimage\",\"url\":\"https:\/\/rankomat.pl\/finanse\/wp-content\/uploads\/2017\/02\/alior-bank.png\",\"contentUrl\":\"https:\/\/rankomat.pl\/finanse\/wp-content\/uploads\/2017\/02\/alior-bank.png\",\"width\":170,\"height\":70,\"caption\":\"alior bank logo\"},{\"@type\":\"BreadcrumbList\",\"@id\":\"https:\/\/rankomat.pl\/finanse\/banki\/credit-agricole\/#breadcrumb\",\"itemListElement\":[{\"@type\":\"ListItem\",\"position\":1,\"name\":\"Finanse\",\"item\":\"https:\/\/rankomat.pl\/finanse\/\"},{\"@type\":\"ListItem\",\"position\":2,\"name\":\"Banki\",\"item\":\"https:\/\/rankomat.pl\/finanse\/banki\/\"},{\"@type\":\"ListItem\",\"position\":3,\"name\":\"Credit Agricole\"}]}]}<\/script>\n<!-- \/ Yoast SEO plugin. -->","yoast_head_json":{"title":"Credit Agricole - Informacje, Produkty, Kontakt, Infolinia","robots":{"index":"index","follow":"follow","max-snippet":"max-snippet:-1","max-image-preview":"max-image-preview:large","max-video-preview":"max-video-preview:-1"},"canonical":"https:\/\/rankomat.pl\/finanse\/banki\/credit-agricole\/","og_locale":"pl_PL","og_type":"article","og_title":"Credit Agricole - Informacje, Produkty, Kontakt, Infolinia","og_description":"Lokaty \u00bb Jak za\u0142o\u017cy\u0107 konto \u00bb Jak zamkn\u0105\u0107 konto \u00bb Kredyt got\u00f3wkowy \u00bb Credit Aqricole powsta\u0142 w wyniku transformacji Lucas [&hellip;]","og_url":"https:\/\/rankomat.pl\/finanse\/banki\/credit-agricole\/","og_site_name":"Por\u00f3wnywarka finansowa Rankomat","article_publisher":"https:\/\/www.facebook.com\/rankomatpl\/","article_modified_time":"2025-07-10T09:54:05+00:00","og_image":[{"width":170,"height":70,"url":"https:\/\/rankomat.pl\/finanse\/wp-content\/uploads\/2017\/02\/alior-bank.png","type":"image\/png"}],"twitter_card":"summary_large_image","twitter_site":"@rankomat","twitter_misc":{"Szacowany czas czytania":"4 minuty"},"schema":{"@context":"https:\/\/schema.org","@graph":[{"@type":"ImageObject","inLanguage":"pl-PL","@id":"https:\/\/rankomat.pl\/finanse\/banki\/credit-agricole\/#primaryimage","url":"https:\/\/rankomat.pl\/finanse\/wp-content\/uploads\/2017\/02\/alior-bank.png","contentUrl":"https:\/\/rankomat.pl\/finanse\/wp-content\/uploads\/2017\/02\/alior-bank.png","width":170,"height":70,"caption":"alior bank logo"},{"@type":"BreadcrumbList","@id":"https:\/\/rankomat.pl\/finanse\/banki\/credit-agricole\/#breadcrumb","itemListElement":[{"@type":"ListItem","position":1,"name":"Finanse","item":"https:\/\/rankomat.pl\/finanse\/"},{"@type":"ListItem","position":2,"name":"Banki","item":"https:\/\/rankomat.pl\/finanse\/banki\/"},{"@type":"ListItem","position":3,"name":"Credit Agricole"}]}]}},"yasr_visitor_votes":{"stars_attributes":{"read_only":false,"span_bottom":false},"number_of_votes":84,"sum_votes":401},"_links":{"self":[{"href":"https:\/\/rankomat.pl\/finanse\/wp-json\/wp\/v2\/pages\/777","targetHints":{"allow":["GET"]}}],"collection":[{"href":"https:\/\/rankomat.pl\/finanse\/wp-json\/wp\/v2\/pages"}],"about":[{"href":"https:\/\/rankomat.pl\/finanse\/wp-json\/wp\/v2\/types\/page"}],"author":[{"embeddable":true,"href":"https:\/\/rankomat.pl\/finanse\/wp-json\/wp\/v2\/users\/32"}],"replies":[{"embeddable":true,"href":"https:\/\/rankomat.pl\/finanse\/wp-json\/wp\/v2\/comments?post=777"}],"version-history":[{"count":0,"href":"https:\/\/rankomat.pl\/finanse\/wp-json\/wp\/v2\/pages\/777\/revisions"}],"up":[{"embeddable":true,"href":"https:\/\/rankomat.pl\/finanse\/wp-json\/wp\/v2\/pages\/11004"}],"wp:attachment":[{"href":"https:\/\/rankomat.pl\/finanse\/wp-json\/wp\/v2\/media?parent=777"}],"curies":[{"name":"wp","href":"https:\/\/api.w.org\/{rel}","templated":true}]}}