{"id":786,"date":"2017-02-23T08:52:11","date_gmt":"2017-02-23T07:52:11","guid":{"rendered":"http:\/\/finanse.rankomat.pl\/banki\/noble-bank\/"},"modified":"2025-09-08T10:30:58","modified_gmt":"2025-09-08T08:30:58","slug":"noble-bank","status":"publish","type":"page","link":"https:\/\/rankomat.pl\/finanse\/banki\/noble-bank\/","title":{"rendered":"Noble Bank"},"content":{"rendered":"<p><a class=\"button btn-success\" href=\"https:\/\/rankomat.pl\/finanse\/banki\/noble-bank\/lokaty\/\">Lokaty \u00bb<\/a> <a class=\"button btn-success\" href=\"https:\/\/rankomat.pl\/finanse\/poradniki\/zalozyc-konto-osobiste-30-bankow\/#noble\">Jak za\u0142o\u017cy\u0107 konto \u00bb<\/a> <a class=\"button btn-success\" href=\"https:\/\/rankomat.pl\/finanse\/poradniki\/zamknac-konto-osobiste-30-bankow\/#noble\">Jak zamkn\u0105\u0107 konto \u00bb<\/a><\/p>\n<p><b><img loading=\"lazy\" decoding=\"async\" class=\"size-full wp-image-1207\" style=\"float: left;\" src=\"https:\/\/rankomat.pl\/finanse\/wp-content\/uploads\/thumbs\/entry\/2017\/05\/noble-bank.png\" alt=\"noble bank logo\" width=\"170\" height=\"70\" data-interchange=\"[https:\/\/rankomat.pl\/finanse\/wp-content\/uploads\/thumbs\/entry\/mobile\/2017\/05\/noble-bank.png, small], [https:\/\/rankomat.pl\/finanse\/wp-content\/uploads\/thumbs\/entry\/2017\/05\/noble-bank.png, medium]\" aria-hidden=\"true\" \/><\/b><\/p>\n<p style=\"text-align: justify;\">Noble Bank jest mark\u0105 <strong>nale\u017c\u0105c\u0105 do Getin Noble Bank S.A.<\/strong> stworzona w celu zapewnienia najwy\u017cszych standard\u00f3w obs\u0142ugi <strong>klient\u00f3w zamo\u017cnych i bardzo zamo\u017cnych<\/strong>. W my\u015bl zasady &#8211; du\u017ce pieni\u0105dze wymagaj\u0105 specjalnego traktowania, o zadowolenie os\u00f3b o ponadprzeci\u0119tnym maj\u0105tku, dba zesp\u00f3\u0142 najlepszych specjalist\u00f3w w bran\u017cy finansowej. Klienci banku liczy\u0107 mog\u0105 nie tylko na spersonalizowan\u0105 ofert\u0119, ale tak\u017ce na <strong>profesjonalne doradztwo finansowe i prawno-podatkowe<\/strong>. Oddzia\u0142y z ofert\u0105 Private Banking znale\u017a\u0107 mo\u017cna w najwi\u0119kszych, polskich miastach.<\/p>\n<h2><b>Oferta dla klient\u00f3w indywidualnych<\/b><\/h2>\n<p style=\"text-align: justify;\"><span style=\"font-weight: 400;\">Docelow\u0105 grup\u0105 klient\u00f3w Noble Banku s\u0105 <strong>klienci posiadaj\u0105cy znaczne zasoby finansowe<\/strong> i osi\u0105gaj\u0105cy ponadprzeci\u0119tne dochody, czyli m\u00f3wi\u0105c wprost &#8211; osoby bogate. Pomijaj\u0105c niezaprzeczalne zalety profesjonalnego doradztwa, klienci Noble Banku skorzysta\u0107 mog\u0105 z oferty obejmuj\u0105cej szerok\u0105 gam\u0119 <strong>kredyt\u00f3w, kont osobistych i oszcz\u0119dno\u015bciowych, tradycyjnych depozyt\u00f3w terminowych<\/strong> oraz bardziej zaawansowanych instrument\u00f3w inwestycyjnych. Bank prowadzi tak\u017ce obs\u0142ug\u0119 brokersk\u0105, umo\u017cliwiaj\u0105c bezpo\u015brednie inwestycje na Gie\u0142dzie Papier\u00f3w Warto\u015bciowych w Warszawie.<br \/>\n<\/span><\/p>\n<h2 style=\"text-align: justify;\"><b>Godziny ksi\u0119gowania przelew\u00f3w<\/b><\/h2>\n<p style=\"text-align: justify;\"><span style=\"font-weight: 400;\">Noble Bank <strong>nie pobiera op\u0142at za krajowe przelewy Elixir<\/strong>, realizowane przez bankowo\u015b\u0107 internetow\u0105 i mobiln\u0105. Niestety bank nie oferuje przelew\u00f3w natychmiastowych w postaci <strong>Express Elixir i Blue Cash<\/strong>. Transfer wysokokwotowy zrealizowa\u0107 mo\u017cna przy pomocy przelewu SORBNET. Sesje Elixir Noble Banku widoczne s\u0105 w poni\u017cszej tabeli:<br \/>\n<\/span><\/p>\n<table class=\"table table-bordered\">\n<tbody>\n<tr>\n<td><strong>Rodzaj sesji<\/strong><\/td>\n<td class=\"text-center\" colspan=\"3\"><strong>Godziny sesji<\/strong><\/td>\n<\/tr>\n<tr>\n<td>Sesje wychodz\u0105ce<\/td>\n<td class=\"text-center\">08:15<\/td>\n<td class=\"text-center\">12:15<\/td>\n<td class=\"text-center\">14:30<\/td>\n<\/tr>\n<tr>\n<td>Sesje przychodz\u0105ce<\/td>\n<td class=\"text-center\">10:00<\/td>\n<td class=\"text-center\">14:00<\/td>\n<td class=\"text-center\">17:00<\/td>\n<\/tr>\n<\/tbody>\n<\/table>\n<p style=\"text-align: justify;\"><span style=\"font-weight: 400;\">W przypadku realizacji przelew\u00f3w zagranicznych lub<strong> transferu \u015brodk\u00f3w finansowych z zagranicy na krajowe konto<\/strong>, wymagane jest pos\u0142ugiwanie si\u0119 kodem SWIFT. Kod ten okre\u015blany jest cz\u0119sto mianem <strong>kodu BIC.<\/strong><br \/>\n<\/span><span style=\"font-weight: 400;\">Kod BIC\/SWIFT Noble Banku:<\/span><strong> GBGCPLPK<\/strong><\/p>\n<h2><b>Dla poszukuj\u0105cych konta osobistego<\/b><\/h2>\n<p style=\"text-align: justify;\"><span style=\"font-weight: 400;\">Analizuj\u0105c <strong>parametry Konta Osobistego Noble<\/strong>, mo\u017cna dokumentnie przekona\u0107 si\u0119, do kogo w kierowana jest oferta banku. Prowadzenie rachunku mo\u017ce by\u0107 ca\u0142kowicie bezp\u0142atne, ale wymaga <strong>posiadania aktyw\u00f3w w \u0142\u0105cznej wysoko\u015bci 200 000 z\u0142<\/strong> lub zapewnienia miesi\u0119cznych wp\u0142yw\u00f3w w wysoko\u015bci min. 10 000 z\u0142. W przeciwnym wypadku miesi\u0119czna op\u0142ata za prowadzenie konta wynosi 50 z\u0142. W przypadku Konta Osobistego Noble Private Banking warunek jest tylko jeden &#8211;<strong> posiadanie aktyw\u00f3w w kwocie min. 1 000 000 z\u0142<\/strong>, inaczej konto kosztowa\u0107 b\u0119dzie 250 z\u0142 miesi\u0119cznie. Oczywi\u015bcie w cen\u0119 wliczone s\u0105 takie przywileje jak opieka<strong> Private Bankera i us\u0142uga Concierge.<\/strong><br \/>\n<\/span><\/p>\n<p style=\"text-align: center;\"><a class=\"btn btn-success\" href=\"https:\/\/rankomat.pl\/finanse\/konta\/konta-bankowe\/\">Zobacz ranking kont osobistych<\/a><\/p>\n<h2><b>Dla p\u0142ac\u0105cych kart\u0105<\/b><\/h2>\n<p style=\"text-align: justify;\"><span style=\"font-weight: 400;\">Oferowane przez Noble Bank karty zdaj\u0105 si\u0119 potwierdza\u0107, \u017ce <strong>mamy do czynienia z instytucj\u0105 o charakterze elitarnym<\/strong>. O ile karta debetowa MasterCard Card Debit czaruje brakiem op\u0142at i subtelnym wygl\u0105dem, a karta kredytowa Visa Infinite jawi si\u0119 jako <strong>przepustka do \u015bwiata nieograniczonych mo\u017cliwo\u015bci<\/strong>, to karta kredytowa MasterCard Elite rozbija bank &#8211; dos\u0142ownie! Opr\u00f3cz presti\u017cu i darmowego dost\u0119pu do strefy Priority Pass, limit kredytowy karty si\u0119ga\u0107 mo\u017ce symbolicznego 1 000 000 z\u0142. Aha, jeszcze jedno. Wysoce niestosowne jest nazywanie karty \u201cplastikiem\u201d, gdy\u017c <strong>zosta\u0142a w ca\u0142o\u015bci wykonana z metalu.<\/strong><br \/>\n<\/span><\/p>\n<h2><b>Dla pomna\u017caj\u0105cych oszcz\u0119dno\u015bci<\/b><\/h2>\n<p style=\"text-align: justify;\"><span style=\"font-weight: 400;\">Osoby zdecydowane na <strong>powierzenie swoich zasob\u00f3w finansowych<\/strong> specjalistom z Noble Banku, liczy\u0107 mog\u0105 na ca\u0142y szereg r\u00f3\u017cnorodnych rozwi\u0105za\u0144. Klient, w zale\u017cno\u015bci od preferencji i akceptowalnego progu ryzyka, skorzysta\u0107 mo\u017ce z tradycyjnych depozyt\u00f3w terminowych, kont oszcz\u0119dno\u015bciowych, <strong>lokat i funduszy inwestycyjnych, a tak\u017ce z obligacji korporacyjnych<\/strong>. Dla bardziej wytrawnych inwestor\u00f3w przewidziano mo\u017cliwo\u015b\u0107 dokonywania bezpo\u015brednich transakcji na Gie\u0142dzie Papier\u00f3w Warto\u015bciowych oraz handel na rynku walutowym <strong>przy pomocy zaawansowanej platformy Forex.<\/strong><br \/>\n<\/span><\/p>\n<p style=\"text-align: justify;\"><\/p>\n<p style=\"text-align: center;\"><a class=\"btn btn-success\" href=\"https:\/\/rankomat.pl\/finanse\/banki\/noble-bank\/lokaty\/\">Sprawd\u017a lokaty Noble Banku<\/a><\/p>\n<h2><b>Dla oczekuj\u0105cych finansowania<\/b><\/h2>\n<p style=\"text-align: justify;\"><span style=\"font-weight: 400;\">Osoby poszukuj\u0105ce kapita\u0142u na realizacj\u0119 okre\u015blonych cel\u00f3w, <strong>skorzysta\u0107 mog\u0105 z szerokiej oferty kredytowej banku<\/strong>. W zale\u017cno\u015bci od potrzeb, bank mo\u017ce udzieli\u0107 finansowania w formie kredytu got\u00f3wkowego, limitu kredytowego w rachunku osobistym lub kredytu hipotecznego. Klienci sp\u0142acaj\u0105cy kilka kredyt\u00f3w jednocze\u015bnie, mog\u0105 upro\u015bci\u0107 sobie \u017cycie, <strong>korzystaj\u0105c z kredytu konsolidacyjnego.<\/strong> Bank oferuje tak\u017ce po\u017cyczki zabezpieczone na r\u00f3\u017cnorodnych aktywach finansowych (akcjach, obligacjach, lokatach), pozwalaj\u0105c tym samym na odzyskanie lub <strong>polepszenie p\u0142ynno\u015bci finansowej potencjalnego kredytobiorcy.<\/strong><br \/>\n<\/span><\/p>\n<p style=\"text-align: center;\"><a class=\"btn btn-success\" href=\"https:\/\/rankomat.pl\/finanse\/kredyty-gotowkowe\/\">Sprawd\u017a oferty kredyt\u00f3w<\/a><\/p>\n<h2 style=\"text-align: justify;\"><b>Noble Bank &#8211; kontakt<\/b><\/h2>\n<p><span style=\"font-weight: 400;\">Adres centrali: Przyokopowa 33, 01-208 Warszawa<\/span><\/p>\n<p><span style=\"font-weight: 400;\">Infolinia: +48 22 203 03 03<\/span><\/p>\n<p><span style=\"font-weight: 400;\">Email: kontakt@noblebank.pl<\/span><\/p>\n<p><span style=\"font-weight: 400;\">Adres strony kontaktowej: http:\/\/noblebank.pl\/kontakt<\/span><\/p>\n","protected":false},"excerpt":{"rendered":"<p>Lokaty \u00bb Jak za\u0142o\u017cy\u0107 konto \u00bb Jak zamkn\u0105\u0107 konto \u00bb Noble Bank jest mark\u0105 nale\u017c\u0105c\u0105 do Getin Noble Bank S.A. [&hellip;]<\/p>\n","protected":false},"author":12,"featured_media":0,"parent":11004,"menu_order":0,"comment_status":"closed","ping_status":"closed","template":"page_bank.php","meta":{"_acf_changed":false,"yasr_overall_rating":0,"yasr_post_is_review":"","yasr_auto_insert_disabled":"","yasr_review_type":"","footnotes":""},"class_list":["post-786","page","type-page","status-publish","hentry"],"acf":[],"yoast_head":"<!-- This site is optimized with the Yoast SEO plugin v27.1.1 - https:\/\/yoast.com\/product\/yoast-seo-wordpress\/ -->\n<title>Noble Bank - Por\u00f3wnaj z 18 innymi bankami | Finanse.rankomat.pl<\/title>\n<meta name=\"robots\" content=\"index, follow, max-snippet:-1, max-image-preview:large, max-video-preview:-1\" \/>\n<link rel=\"canonical\" href=\"https:\/\/rankomat.pl\/finanse\/banki\/noble-bank\/\" \/>\n<meta property=\"og:locale\" content=\"pl_PL\" \/>\n<meta property=\"og:type\" content=\"article\" \/>\n<meta property=\"og:title\" content=\"Noble Bank - Por\u00f3wnaj z 18 innymi bankami | Finanse.rankomat.pl\" \/>\n<meta property=\"og:description\" content=\"Lokaty \u00bb Jak za\u0142o\u017cy\u0107 konto \u00bb Jak zamkn\u0105\u0107 konto \u00bb Noble Bank jest mark\u0105 nale\u017c\u0105c\u0105 do Getin Noble Bank S.A. [&hellip;]\" \/>\n<meta property=\"og:url\" content=\"https:\/\/rankomat.pl\/finanse\/banki\/noble-bank\/\" \/>\n<meta property=\"og:site_name\" content=\"Por\u00f3wnywarka finansowa Rankomat\" \/>\n<meta property=\"article:publisher\" content=\"https:\/\/www.facebook.com\/rankomatpl\/\" \/>\n<meta property=\"article:modified_time\" content=\"2025-09-08T08:30:58+00:00\" \/>\n<meta property=\"og:image\" content=\"https:\/\/rankomat.pl\/finanse\/wp-content\/uploads\/2017\/02\/alior-bank.png\" \/>\n\t<meta property=\"og:image:width\" content=\"170\" \/>\n\t<meta property=\"og:image:height\" content=\"70\" \/>\n\t<meta property=\"og:image:type\" content=\"image\/png\" \/>\n<meta name=\"twitter:card\" content=\"summary_large_image\" \/>\n<meta name=\"twitter:site\" content=\"@rankomat\" \/>\n<meta name=\"twitter:label1\" content=\"Szacowany czas czytania\" \/>\n\t<meta name=\"twitter:data1\" content=\"4 minuty\" \/>\n<script type=\"application\/ld+json\" class=\"yoast-schema-graph\">{\"@context\":\"https:\/\/schema.org\",\"@graph\":[{\"@type\":\"ImageObject\",\"inLanguage\":\"pl-PL\",\"@id\":\"https:\/\/rankomat.pl\/finanse\/banki\/noble-bank\/#primaryimage\",\"url\":\"https:\/\/rankomat.pl\/finanse\/wp-content\/uploads\/2017\/02\/alior-bank.png\",\"contentUrl\":\"https:\/\/rankomat.pl\/finanse\/wp-content\/uploads\/2017\/02\/alior-bank.png\",\"width\":170,\"height\":70,\"caption\":\"alior bank logo\"},{\"@type\":\"BreadcrumbList\",\"@id\":\"https:\/\/rankomat.pl\/finanse\/banki\/noble-bank\/#breadcrumb\",\"itemListElement\":[{\"@type\":\"ListItem\",\"position\":1,\"name\":\"Finanse\",\"item\":\"https:\/\/rankomat.pl\/finanse\/\"},{\"@type\":\"ListItem\",\"position\":2,\"name\":\"Banki\",\"item\":\"https:\/\/rankomat.pl\/finanse\/banki\/\"},{\"@type\":\"ListItem\",\"position\":3,\"name\":\"Noble Bank\"}]}]}<\/script>\n<!-- \/ Yoast SEO plugin. -->","yoast_head_json":{"title":"Noble Bank - Por\u00f3wnaj z 18 innymi bankami | Finanse.rankomat.pl","robots":{"index":"index","follow":"follow","max-snippet":"max-snippet:-1","max-image-preview":"max-image-preview:large","max-video-preview":"max-video-preview:-1"},"canonical":"https:\/\/rankomat.pl\/finanse\/banki\/noble-bank\/","og_locale":"pl_PL","og_type":"article","og_title":"Noble Bank - Por\u00f3wnaj z 18 innymi bankami | Finanse.rankomat.pl","og_description":"Lokaty \u00bb Jak za\u0142o\u017cy\u0107 konto \u00bb Jak zamkn\u0105\u0107 konto \u00bb Noble Bank jest mark\u0105 nale\u017c\u0105c\u0105 do Getin Noble Bank S.A. [&hellip;]","og_url":"https:\/\/rankomat.pl\/finanse\/banki\/noble-bank\/","og_site_name":"Por\u00f3wnywarka finansowa Rankomat","article_publisher":"https:\/\/www.facebook.com\/rankomatpl\/","article_modified_time":"2025-09-08T08:30:58+00:00","og_image":[{"width":170,"height":70,"url":"https:\/\/rankomat.pl\/finanse\/wp-content\/uploads\/2017\/02\/alior-bank.png","type":"image\/png"}],"twitter_card":"summary_large_image","twitter_site":"@rankomat","twitter_misc":{"Szacowany czas czytania":"4 minuty"},"schema":{"@context":"https:\/\/schema.org","@graph":[{"@type":"ImageObject","inLanguage":"pl-PL","@id":"https:\/\/rankomat.pl\/finanse\/banki\/noble-bank\/#primaryimage","url":"https:\/\/rankomat.pl\/finanse\/wp-content\/uploads\/2017\/02\/alior-bank.png","contentUrl":"https:\/\/rankomat.pl\/finanse\/wp-content\/uploads\/2017\/02\/alior-bank.png","width":170,"height":70,"caption":"alior bank logo"},{"@type":"BreadcrumbList","@id":"https:\/\/rankomat.pl\/finanse\/banki\/noble-bank\/#breadcrumb","itemListElement":[{"@type":"ListItem","position":1,"name":"Finanse","item":"https:\/\/rankomat.pl\/finanse\/"},{"@type":"ListItem","position":2,"name":"Banki","item":"https:\/\/rankomat.pl\/finanse\/banki\/"},{"@type":"ListItem","position":3,"name":"Noble Bank"}]}]}},"yasr_visitor_votes":{"stars_attributes":{"read_only":false,"span_bottom":false},"number_of_votes":43,"sum_votes":215},"_links":{"self":[{"href":"https:\/\/rankomat.pl\/finanse\/wp-json\/wp\/v2\/pages\/786","targetHints":{"allow":["GET"]}}],"collection":[{"href":"https:\/\/rankomat.pl\/finanse\/wp-json\/wp\/v2\/pages"}],"about":[{"href":"https:\/\/rankomat.pl\/finanse\/wp-json\/wp\/v2\/types\/page"}],"author":[{"embeddable":true,"href":"https:\/\/rankomat.pl\/finanse\/wp-json\/wp\/v2\/users\/12"}],"replies":[{"embeddable":true,"href":"https:\/\/rankomat.pl\/finanse\/wp-json\/wp\/v2\/comments?post=786"}],"version-history":[{"count":0,"href":"https:\/\/rankomat.pl\/finanse\/wp-json\/wp\/v2\/pages\/786\/revisions"}],"up":[{"embeddable":true,"href":"https:\/\/rankomat.pl\/finanse\/wp-json\/wp\/v2\/pages\/11004"}],"wp:attachment":[{"href":"https:\/\/rankomat.pl\/finanse\/wp-json\/wp\/v2\/media?parent=786"}],"curies":[{"name":"wp","href":"https:\/\/api.w.org\/{rel}","templated":true}]}}