{"id":803,"date":"2017-02-23T08:52:29","date_gmt":"2017-02-23T07:52:29","guid":{"rendered":"http:\/\/finanse.rankomat.pl\/banki\/mbank\/"},"modified":"2025-07-10T11:54:06","modified_gmt":"2025-07-10T09:54:06","slug":"mbank","status":"publish","type":"page","link":"https:\/\/rankomat.pl\/finanse\/banki\/mbank\/","title":{"rendered":"mBank"},"content":{"rendered":"<p><a class=\"button btn-success\" href=\"https:\/\/rankomat.pl\/finanse\/banki\/mbank\/lokaty\/\">Lokaty \u00bb<\/a> <a class=\"button btn-success\" href=\"https:\/\/rankomat.pl\/finanse\/poradniki\/zalozyc-konto-osobiste-30-bankow\/#mbank\">Jak za\u0142o\u017cy\u0107 konto \u00bb<\/a> <a class=\"button btn-success\" href=\"https:\/\/rankomat.pl\/finanse\/poradniki\/zamknac-konto-osobiste-30-bankow\/#mbank\">Jak zamkn\u0105\u0107 konto \u00bb<\/a> <a class=\"button btn-success\" href=\"https:\/\/rankomat.pl\/finanse\/kredyt-gotowkowy-mbank\/\">Kredyt got\u00f3wkowy \u00bb<\/a><\/p>\n<p><b><img loading=\"lazy\" decoding=\"async\" class=\"size-full wp-image-1207\" style=\"float: left\" src=\"https:\/\/rankomat.pl\/finanse\/wp-content\/uploads\/thumbs\/entry\/2017\/05\/mbank.png\" alt=\"mBank logo\" width=\"170\" height=\"70\" data-interchange=\"[https:\/\/rankomat.pl\/finanse\/wp-content\/uploads\/thumbs\/entry\/mobile\/2017\/05\/mbank.png, small], [https:\/\/rankomat.pl\/finanse\/wp-content\/uploads\/thumbs\/entry\/2017\/05\/mbank.png, medium]\" aria-hidden=\"true\"><\/b><\/p>\n<p style=\"text-align: justify\">mBank jest nowoczesn\u0105 instytucj\u0105 finansow\u0105, kt\u00f3ra od 2000 roku oferuje innowacyjne i przyjazne w obs\u0142udze rozwi\u0105zania, idealnie dopasowane do potrzeb nowoczesnego klienta. <strong>W celu ujednolicenia marki w 2013 roku pod szyldem mBanku znalaz\u0142 si\u0119 r\u00f3wnie\u017c BRE Bank i MultiBank.<\/strong> Strategia grupy na najbli\u017csze lata opiera si\u0119 na 3 filarach &#8211; empatii, mobilno\u015bci i efektywno\u015bci, co czyni\u0107 ma bankowo\u015b\u0107 bardziej przyjazn\u0105, wygodn\u0105 i anga\u017cuj\u0105c\u0105. W 2016 roku mBank zaj\u0105\u0142 I miejsce w Rankingu Przyjazny Bank \u201cNewsweeka\u201d.<\/p>\n<h2><b>Oferta dla klient\u00f3w indywidualnych<\/b><\/h2>\n<p style=\"text-align: justify\"><span style=\"font-weight: 400\">mBank oferuje szeroki wachlarz ofert i produkt\u00f3w skierowanych zar\u00f3wno do klient\u00f3w detalicznych, jak i do mi\u0119dzynarodowych grup kapita\u0142owych. <strong>Klienci mBanku z satysfakcj\u0105 korzystaj\u0105 z zalet nowoczesnych kont osobistych, zaawansowanej aplikacji mobilnej oraz z atrakcyjnych produkt\u00f3w oszcz\u0119dno\u015bciowych.<\/strong> Do os\u00f3b poszukuj\u0105cych bie\u017c\u0105cego finansowania, skierowana zosta\u0142a oferta kredyt\u00f3w got\u00f3wkowych i kredyt\u00f3w odnawialnych. mBank to tak\u017ce wygodne kredyty samochodowe oraz kredyt hipoteczny, pozwalaj\u0105cy na zakup lub wyko\u0144czenie wymarzonego lokum.<br \/>\n<\/span><\/p>\n<h2 style=\"text-align: justify\"><b>Godziny ksi\u0119gowania przelew\u00f3w<\/b><\/h2>\n<p style=\"text-align: justify\"><span style=\"font-weight: 400\">Osoby ceni\u0105ce zalety bankowo\u015bci elektronicznej, bez przeszk\u00f3d skorzysta\u0107 mog\u0105 ze standardowych, krajowych przelew\u00f3w Elixir. W nag\u0142ych przypadkach dost\u0119pne s\u0105 r\u00f3wnie\u017c przelewy natychmiastowe Express Elixir. W przypadku wysokiej kwoty transferu z powodzeniem skorzysta\u0107 mo\u017cna z przelewu SORBNET. Sesje Elixir w mBanku odbywaj\u0105 si\u0119 w poni\u017cszych przedzia\u0142ach czasowych:<br \/>\n<\/span><\/p>\n<table class=\"table table-bordered\">\n<tbody>\n<tr>\n<td><strong>Rodzaj sesji<\/strong><\/td>\n<td class=\"text-center\" colspan=\"3\"><strong>Godziny sesji<\/strong><\/td>\n<\/tr>\n<tr>\n<td>Sesje wychodz\u0105ce<\/td>\n<td class=\"text-center\">05:55<\/td>\n<td class=\"text-center\">09:55<\/td>\n<td class=\"text-center\">13:25<\/td>\n<\/tr>\n<tr>\n<td>Sesje przychodz\u0105ce<\/td>\n<td class=\"text-center\">11:15<\/td>\n<td class=\"text-center\">15:00<\/td>\n<td class=\"text-center\">18:15<\/td>\n<\/tr>\n<\/tbody>\n<\/table>\n<h2><strong>Przelewy zagraniczne &#8211; IBAN, SWIFT<\/strong><\/h2>\n<p style=\"text-align: justify\"><span style=\"font-weight: 400\"><br \/>\nOsoby przelewaj\u0105ce \u015brodki finansowe poza granice kraju, powinny pos\u0142ugiwa\u0107 si\u0119 kodem SWIFT. Warto pami\u0119ta\u0107, \u017ce kod SWIFT cz\u0119sto okre\u015blany jest mianem kodu BIC (szczeg\u00f3lnie poza granicami Polski).<\/span><\/p>\n<ul>\n<li style=\"text-align: justify\"><span style=\"font-weight: 400\">Kod BIC\/SWIFT mBanku: <\/span><strong> BREXPLPWMBK<\/strong><\/li>\n<li>Format IBAN: PL + numer rachunku (26 cyfr)<\/li>\n<\/ul>\n<h2><b>Dla poszukuj\u0105cych konta osobistego<\/b><\/h2>\n<p style=\"text-align: justify\"><span style=\"font-weight: 400\">Rachunki oszcz\u0119dno\u015bciowo-rozliczeniowe mBanku od lat uto\u017csamiane s\u0105 z nowoczesn\u0105 funkcjonalno\u015bci\u0105 i \u0142atwo\u015bci\u0105 obs\u0142ugi. Najbardziej popularnym rozwi\u0105zaniem jest <strong>eKonto standard, oferuj\u0105ce wygodny i przyjazny serwis transakcyjny, a tak\u017ce bardzo atrakcyjne warunki cenowe.<\/strong> Osobom ceni\u0105cym sobie bezp\u0142atne wyp\u0142aty z bankomat\u00f3w dedykowane jest eKonto plus. Oczywi\u015bcie mBank nie zapomina o najm\u0142odszych oferuj\u0105c eKonto m &#8211; dla m\u0142odych. Warto\u015bci\u0105 dodan\u0105 s\u0105 cz\u0119ste promocje zwi\u0105zane z za\u0142o\u017ceniem rachunku bankowego, dzi\u0119ki czemu si\u0119gn\u0105\u0107 mo\u017cna po dodatkowe nagrody.<br \/>\n<\/span><\/p>\n<p style=\"text-align: center\"><a class=\"btn btn-success\" href=\"https:\/\/rankomat.pl\/finanse\/konta\/konta-bankowe\/\">Zobacz ranking kont osobistych<\/a><\/p>\n<h2><b>Dla p\u0142ac\u0105cych kart\u0105<\/b><\/h2>\n<p style=\"text-align: justify\"><span style=\"font-weight: 400\">W\u00a0ofercie mBanku znalaz\u0142o si\u0119 sporo kart powi\u0105zanych z kontem osobistym. I tak klienci wybiera\u0107 mog\u0105 pomi\u0119dzy <strong>klasyczn\u0105 kart\u0105 debetow\u0105 MasterCard Debit PayPass lub Visa payWave, z\u0142ot\u0105 kart\u0105 dla wymagaj\u0105cych MasterCard Debit Gold.<\/strong> W ofercie znalaz\u0142y si\u0119 tak\u017ce karty do kont walutowych (EUR, USD, GBP), eKarta przeznaczona do zakup\u00f3w internetowych, kart tymczasowa oraz przeznaczona do drobnych zakup\u00f3w karta w formie naklejki na dowolny przedmiot.<br \/>\n<\/span><\/p>\n<h2><b>Dla pomna\u017caj\u0105cych oszcz\u0119dno\u015bci<\/b><\/h2>\n<p style=\"text-align: justify\"><span style=\"font-weight: 400\"><br \/>\nOsoby poszukuj\u0105ce mo\u017cliwo\u015bci lokowania swoich nadwy\u017cek finansowych, powinni zapozna\u0107 si\u0119 z ofert\u0105 depozytow\u0105 mBanku. <strong>Do dyspozycji klienta pozostawione zosta\u0142y standardowe lokaty terminowe o zr\u00f3\u017cnicowanym terminie, a tak\u017ce depozyty walutowe.<\/strong> Deponenci ceni\u0105cy sobie elastyczny dost\u0119p do oszcz\u0119dno\u015bci skorzysta\u0107 mog\u0105 z oferty kont oszcz\u0119dno\u015bciowych. Dla poszukiwaczy wy\u017cszych zysk\u00f3w, akceptuj\u0105cych jednocze\u015bnie wi\u0119ksze ryzyko przygotowano propozycj\u0119 funduszy inwestycyjnych, rachunek maklerski eMakler a nawet platform\u0119 umo\u017cliwiaj\u0105c\u0105 inwestowanie na rynku mForex.<br \/>\n<\/span><\/p>\n<p style=\"text-align: justify\"><\/p>\n<p style=\"text-align: center\"><a class=\"btn btn-success\" href=\"https:\/\/rankomat.pl\/finanse\/banki\/mbank\/lokaty\/\">Sprawd\u017a lokaty mBanku<\/a><\/p>\n<h2><b>Dla oczekuj\u0105cych finansowania<\/b><\/h2>\n<p style=\"text-align: justify\"><span style=\"font-weight: 400\">W zale\u017cno\u015bci od potrzeb klienta mBank oferuje szeroki wyb\u00f3r kredyt\u00f3w bankowych. Osoby planuj\u0105ce sfinansowa\u0107 swoje dowolne potrzeby, wybiera\u0107 mog\u0105 pomi\u0119dzy prostym jak s\u0142omka kredytem got\u00f3wkowym, a elastycznym kredytem odnawialnym. <strong>W przypadku bardziej sprecyzowanych marze\u0144, skorzysta\u0107 mo\u017cna z kredytu samochodowego online oraz z kredytu hipotecznego z przeznaczeniem na zakup, b\u0105d\u017a remont i wyko\u0144czenie, mieszkania lub domu.<\/strong> mBank to r\u00f3wnie\u017c du\u017cy wyb\u00f3r kart kredytowych &#8211; od klasycznych plastik\u00f3w do elitarnych World Elite MasterCard czy Visa Premium.<\/span><\/p>\n<p style=\"text-align: center\"><a class=\"btn btn-success\" href=\"https:\/\/rankomat.pl\/finanse\/kredyty-gotowkowe\/\">Sprawd\u017a oferty kredyt\u00f3w<\/a><\/p>\n<h2 style=\"text-align: justify\"><b>mBank &#8211; kontakt oraz infolinia<\/b><\/h2>\n<p style=\"text-align: justify\"><span style=\"font-weight: 400\">Adres centrali: mBank S.A. ul. Senatorska 18 00-950 Warszawa<br \/>\n<\/span><\/p>\n<p><span style=\"font-weight: 400\">Infolinia: 801 300 800<br \/>\n<\/span><\/p>\n<p><span style=\"font-weight: 400\">Email: kontakt@mbank.pl<\/span><\/p>\n<p><span style=\"font-weight: 400\">Adres strony kontaktowej: <\/span><span style=\"font-weight: 400\">https:\/\/www.mbank.pl\/kontakt\/oferta-indywidualna\/<\/span><\/p>\n","protected":false},"excerpt":{"rendered":"<p>Lokaty \u00bb Jak za\u0142o\u017cy\u0107 konto \u00bb Jak zamkn\u0105\u0107 konto \u00bb Kredyt got\u00f3wkowy \u00bb mBank jest nowoczesn\u0105 instytucj\u0105 finansow\u0105, kt\u00f3ra od [&hellip;]<\/p>\n","protected":false},"author":32,"featured_media":0,"parent":11004,"menu_order":0,"comment_status":"closed","ping_status":"closed","template":"page_bank_new.php","meta":{"_acf_changed":false,"yasr_overall_rating":0,"yasr_post_is_review":"","yasr_auto_insert_disabled":"","yasr_review_type":"","footnotes":""},"class_list":["post-803","page","type-page","status-publish","hentry"],"acf":[],"yoast_head":"<!-- This site is optimized with the Yoast SEO plugin v27.1.1 - https:\/\/yoast.com\/product\/yoast-seo-wordpress\/ -->\n<title>mBank - Informacje, Produkty, Kontakt, Infolinia<\/title>\n<meta name=\"robots\" content=\"index, follow, max-snippet:-1, max-image-preview:large, max-video-preview:-1\" \/>\n<link rel=\"canonical\" href=\"https:\/\/rankomat.pl\/finanse\/banki\/mbank\/\" \/>\n<meta property=\"og:locale\" content=\"pl_PL\" \/>\n<meta property=\"og:type\" content=\"article\" \/>\n<meta property=\"og:title\" content=\"mBank - Informacje, Produkty, Kontakt, Infolinia\" \/>\n<meta property=\"og:description\" content=\"Lokaty \u00bb Jak za\u0142o\u017cy\u0107 konto \u00bb Jak zamkn\u0105\u0107 konto \u00bb Kredyt got\u00f3wkowy \u00bb mBank jest nowoczesn\u0105 instytucj\u0105 finansow\u0105, kt\u00f3ra od [&hellip;]\" \/>\n<meta property=\"og:url\" content=\"https:\/\/rankomat.pl\/finanse\/banki\/mbank\/\" \/>\n<meta property=\"og:site_name\" content=\"Por\u00f3wnywarka finansowa Rankomat\" \/>\n<meta property=\"article:publisher\" content=\"https:\/\/www.facebook.com\/rankomatpl\/\" \/>\n<meta property=\"article:modified_time\" content=\"2025-07-10T09:54:06+00:00\" \/>\n<meta property=\"og:image\" content=\"https:\/\/rankomat.pl\/finanse\/wp-content\/uploads\/2017\/02\/alior-bank.png\" \/>\n\t<meta property=\"og:image:width\" content=\"170\" \/>\n\t<meta property=\"og:image:height\" content=\"70\" \/>\n\t<meta property=\"og:image:type\" content=\"image\/png\" \/>\n<meta name=\"twitter:card\" content=\"summary_large_image\" \/>\n<meta name=\"twitter:site\" content=\"@rankomat\" \/>\n<meta name=\"twitter:label1\" content=\"Szacowany czas czytania\" \/>\n\t<meta name=\"twitter:data1\" content=\"4 minuty\" \/>\n<script type=\"application\/ld+json\" class=\"yoast-schema-graph\">{\"@context\":\"https:\/\/schema.org\",\"@graph\":[{\"@type\":\"ImageObject\",\"inLanguage\":\"pl-PL\",\"@id\":\"https:\/\/rankomat.pl\/finanse\/banki\/mbank\/#primaryimage\",\"url\":\"https:\/\/rankomat.pl\/finanse\/wp-content\/uploads\/2017\/02\/alior-bank.png\",\"contentUrl\":\"https:\/\/rankomat.pl\/finanse\/wp-content\/uploads\/2017\/02\/alior-bank.png\",\"width\":170,\"height\":70,\"caption\":\"alior bank logo\"},{\"@type\":\"BreadcrumbList\",\"@id\":\"https:\/\/rankomat.pl\/finanse\/banki\/mbank\/#breadcrumb\",\"itemListElement\":[{\"@type\":\"ListItem\",\"position\":1,\"name\":\"Finanse\",\"item\":\"https:\/\/rankomat.pl\/finanse\/\"},{\"@type\":\"ListItem\",\"position\":2,\"name\":\"Banki\",\"item\":\"https:\/\/rankomat.pl\/finanse\/banki\/\"},{\"@type\":\"ListItem\",\"position\":3,\"name\":\"mBank\"}]}]}<\/script>\n<!-- \/ Yoast SEO plugin. -->","yoast_head_json":{"title":"mBank - Informacje, Produkty, Kontakt, Infolinia","robots":{"index":"index","follow":"follow","max-snippet":"max-snippet:-1","max-image-preview":"max-image-preview:large","max-video-preview":"max-video-preview:-1"},"canonical":"https:\/\/rankomat.pl\/finanse\/banki\/mbank\/","og_locale":"pl_PL","og_type":"article","og_title":"mBank - Informacje, Produkty, Kontakt, Infolinia","og_description":"Lokaty \u00bb Jak za\u0142o\u017cy\u0107 konto \u00bb Jak zamkn\u0105\u0107 konto \u00bb Kredyt got\u00f3wkowy \u00bb mBank jest nowoczesn\u0105 instytucj\u0105 finansow\u0105, kt\u00f3ra od [&hellip;]","og_url":"https:\/\/rankomat.pl\/finanse\/banki\/mbank\/","og_site_name":"Por\u00f3wnywarka finansowa Rankomat","article_publisher":"https:\/\/www.facebook.com\/rankomatpl\/","article_modified_time":"2025-07-10T09:54:06+00:00","og_image":[{"width":170,"height":70,"url":"https:\/\/rankomat.pl\/finanse\/wp-content\/uploads\/2017\/02\/alior-bank.png","type":"image\/png"}],"twitter_card":"summary_large_image","twitter_site":"@rankomat","twitter_misc":{"Szacowany czas czytania":"4 minuty"},"schema":{"@context":"https:\/\/schema.org","@graph":[{"@type":"ImageObject","inLanguage":"pl-PL","@id":"https:\/\/rankomat.pl\/finanse\/banki\/mbank\/#primaryimage","url":"https:\/\/rankomat.pl\/finanse\/wp-content\/uploads\/2017\/02\/alior-bank.png","contentUrl":"https:\/\/rankomat.pl\/finanse\/wp-content\/uploads\/2017\/02\/alior-bank.png","width":170,"height":70,"caption":"alior bank logo"},{"@type":"BreadcrumbList","@id":"https:\/\/rankomat.pl\/finanse\/banki\/mbank\/#breadcrumb","itemListElement":[{"@type":"ListItem","position":1,"name":"Finanse","item":"https:\/\/rankomat.pl\/finanse\/"},{"@type":"ListItem","position":2,"name":"Banki","item":"https:\/\/rankomat.pl\/finanse\/banki\/"},{"@type":"ListItem","position":3,"name":"mBank"}]}]}},"yasr_visitor_votes":{"stars_attributes":{"read_only":false,"span_bottom":false},"number_of_votes":114,"sum_votes":545},"_links":{"self":[{"href":"https:\/\/rankomat.pl\/finanse\/wp-json\/wp\/v2\/pages\/803","targetHints":{"allow":["GET"]}}],"collection":[{"href":"https:\/\/rankomat.pl\/finanse\/wp-json\/wp\/v2\/pages"}],"about":[{"href":"https:\/\/rankomat.pl\/finanse\/wp-json\/wp\/v2\/types\/page"}],"author":[{"embeddable":true,"href":"https:\/\/rankomat.pl\/finanse\/wp-json\/wp\/v2\/users\/32"}],"replies":[{"embeddable":true,"href":"https:\/\/rankomat.pl\/finanse\/wp-json\/wp\/v2\/comments?post=803"}],"version-history":[{"count":0,"href":"https:\/\/rankomat.pl\/finanse\/wp-json\/wp\/v2\/pages\/803\/revisions"}],"up":[{"embeddable":true,"href":"https:\/\/rankomat.pl\/finanse\/wp-json\/wp\/v2\/pages\/11004"}],"wp:attachment":[{"href":"https:\/\/rankomat.pl\/finanse\/wp-json\/wp\/v2\/media?parent=803"}],"curies":[{"name":"wp","href":"https:\/\/api.w.org\/{rel}","templated":true}]}}