{"id":806,"date":"2017-02-23T08:52:31","date_gmt":"2017-02-23T07:52:31","guid":{"rendered":"http:\/\/finanse.rankomat.pl\/banki\/mbank\/lokaty\/"},"modified":"2024-08-06T08:34:39","modified_gmt":"2024-08-06T06:34:39","slug":"lokaty","status":"publish","type":"page","link":"https:\/\/rankomat.pl\/finanse\/banki\/mbank\/lokaty\/","title":{"rendered":"Lokaty &#8211; mBank"},"content":{"rendered":"<p>Ranking lokat bankowych przygotowany zosta\u0142 w oparciu o jasno okre\u015blone kryteria. Oprocentowanie depozytu przedstawiane jest zawsze w skali roku, a kwota zysku obliczana jest dla wsadu w wysoko\u015bci 10 000 z\u0142. Wynik szacowany jest w oparciu o rok licz\u0105cy 365 dni. W zestawieniu znajduj\u0105 si\u0119 oferty zwi\u0105zane z otwarciem samej lokaty terminowej, jak i te wymagaj\u0105ce spe\u0142niania dodatkowych warunk\u00f3w np. za\u0142o\u017cenia konta osobistego lub zapewnienia okre\u015blonych wp\u0142yw\u00f3w na rachunek.<\/p>\n<p>        <div class=\"section_header\">\n        <h2 class=\"title\">Lokaty w  od 2 do 3 miesi\u0119cy<\/h2>\n    <\/div>\n        <div class=\"bank-offers-list\">\n        <div class=\"offers-list\">\n                    <div class=\"result_item\" data-offerid=\"147\" data-offername=\"mBank-Lokata bankowa\">\n            <div class=\"lk_badge_wrapper\">\n                \n\n\n    <div class=\"lk_badge new_client tooltipsta\" title=\"Oferta tylko dla nowych klient\u00f3w, nie posiadaj\u0105cych produkt\u00f3w banku.\">nowy<br\/>klient<\/div>\n            <\/div>\n\n            <div class=\"result_item_inner row deposit_row\"><!--\n        --><div class=\"small-12 medium-12 large-2 columns deposit_logo\">\n                    <div class=\"result_item_logo\">\n            <img decoding=\"async\" src=\"https:\/\/finpanel10.rankolabs.net\/assets\/bdb47020-5916-481b-a196-778da975c1ea\" class=\"img-responsive\" alt=\"mBank-Lokata bankowa\" aria-hidden=\"true\" \/>\n    <\/div>\n                <\/div><!--\n            --><div class=\"small-12 medium-4 large-3 columns deposit_label\">\n                    <div class=\"result_item_label label_zakres\">\n    Zakres kwoty\n<\/div>\n<div class=\"result_item_value value_zakres\">\n    1 000 - 25 000<span> z\u0142<\/span>\n<\/div>\n                                    <\/div><!--\n            --><div class=\"small-6 medium-4 large-2 columns deposit_label\">\n                    <div class=\"result_item_label show-for-large\">\n    Oprocentowanie:\n<\/div>\n<div class=\"result_item_label show-for-small-only\">\n    Procent\n<\/div>\n<div class=\"result_item_value value_procent\">\n    7<span> %<\/span>\n<\/div>\n                <\/div><!--\n                --><div class=\"small-6 medium-4 large-2 columns deposit_label\">\n                    <div class=\"result_item_label label_okres\">\n    Okres\n<\/div>\n<div class=\"result_item_value value_okres\" data-value=\"3\">\n    3 <span> mies.<\/span><\/div>\n                <\/div><!--\n            --><div class=\"small-12 medium-12 large-3 columns deposit_btn\">\n                    \n<div class=\"result_item_value\">\n            <a href=\"https:\/\/rankomat.pl\/finanse\/porownywarka-lokat\/\" target=\"_blank\" class=\"btn btn-success btn_online\" rel=\"nofollow\">Sprawd\u017a<\/a>\n        <\/div>\n                <\/div>\n                <div class=\"small-12 medium-12 large-12 columns details_container\" style=\"display:none\">\n                    <div class=\"\">\n                        <div class=\"table-scroll table_more\">\n    <table class=\"table table-striped table-bordered\">\n        <tr>\n            <td class=\"detail_label\">Nazwa produktu:<\/td>\n            <td class=\"detail_value\"><a href=\"https:\/\/rankomat.pl\/finanse\/lokaty\/mBank-Lokata-bankowa\/\">Lokata bankowa<\/a><\/td>\n        <\/tr>\n        <tr>\n            <td class=\"detail_label\">Zakres kwoty:<\/td>\n            <td class=\"detail_value\">1 000 - 25 000 z\u0142<\/td>\n        <\/tr>\n        <tr>\n            <td class=\"detail_label\">Oferta skierowana do:<\/td>\n            <td class=\"detail_value\">Nowych klient\u00f3w<\/td>\n        <\/tr>\n        <tr>\n            <td class=\"detail_label\">Oferta dla nowych \u015brodk\u00f3w:<\/td>\n            <td class=\"detail_value\">Tak<\/td>\n        <\/tr>\n        <tr>\n            <td class=\"detail_label\">Produkt dost\u0119pny:<\/td>\n            <td class=\"detail_value\">online<\/td>\n        <\/tr>\n        <tr>\n            <td class=\"detail_label\">Wymagane konto:<\/td>\n            <td class=\"detail_value\">Tak<\/td>\n        <\/tr>\n        <tr>\n            <td class=\"detail_label\">Oprocentowanie:<\/td>\n            <td class=\"detail_value\">sta\u0142e<\/td>\n        <\/tr>\n        <tr>\n            <td class=\"detail_label\">Kapitalizacja odsetek:<\/td>\n            <td class=\"detail_value\">Na koniec okresu lokaty<\/td>\n        <\/tr>\n        <tr>\n            <td class=\"detail_label\">Maksymalnie mo\u017cna za\u0142o\u017cy\u0107:<\/td>\n            <td class=\"detail_value\">-<\/td>\n        <\/tr>\n        <tr>\n            <td class=\"detail_label\">Konsekwencja wyp\u0142aty przed terminem:<\/td>\n            <td class=\"detail_value\">Ca\u0142kowita utrata odsetek<\/td>\n        <\/tr>\n        <tr>\n            <td class=\"detail_label\">Bezpiecze\u0144stwo wk\u0142adu: <\/td>\n            <td class=\"detail_value\">gwarancja BFG                <a href=\"https:\/\/rankomat.pl\/finanse\/poradniki\/bankowy-fundusz-gwarancyjny-bfg\/\"\n                   target=\"_blank\">\n                    (czytaj wi\u0119cej)\n                <\/a>\n            <\/td>\n        <\/tr>\n        <tr>\n            <td class=\"detail_label\">\n                                    Oferta wa\u017cna do dnia:\n                            <\/td>\n            <td class=\"detail_value\">\n                2025-05-27            <\/td>\n        <\/tr>\n    <\/table>\n<\/div>\n                        <div class=\"bottom_cta_container\">\n                            \n<div class=\"result_item_value\">\n            <a href=\"https:\/\/rankomat.pl\/finanse\/porownywarka-lokat\/\" target=\"_blank\" class=\"btn btn-success btn_online\" rel=\"nofollow\">Sprawd\u017a<\/a>\n        <\/div>\n                        <\/div>\n                    <\/div>\n                <\/div>\n            <\/div>\n\n            <div class=\"row btn_more_container\">\n                <div class=\"text-center deposite-more-bottom\">\n    <div class=\"left-box-more\">\n        <div class=\"fa fa-money\" aria-hidden=\"true\"><\/div>\n        <h3 class=\"result_item_name\">\n                            <a href=\"https:\/\/rankomat.pl\/finanse\/lokaty\/mBank-Lokata-bankowa\/\">Lokata bankowa<\/a>\n                    <\/h3>\n\n    <\/div>\n\n    <div class=\"more-info-box\">\n        <div class=\"fa fa fa-plus\" aria-hidden=\"true\"><\/div>\n        <span class=\"btn_more\">Szczeg\u00f3\u0142y oferty<\/span>\n    <\/div>\n<\/div>\n            <\/div>\n        <\/div>\n                <div class=\"result_item\" data-offerid=\"22\" data-offername=\"mBank-Lokata dla nowych klient\u00f3w\">\n            <div class=\"lk_badge_wrapper\">\n                \n\n\n    <div class=\"lk_badge new_client tooltipsta\" title=\"Oferta tylko dla nowych klient\u00f3w, nie posiadaj\u0105cych produkt\u00f3w banku.\">nowy<br\/>klient<\/div>\n            <\/div>\n\n            <div class=\"result_item_inner row deposit_row\"><!--\n        --><div class=\"small-12 medium-12 large-2 columns deposit_logo\">\n                    <div class=\"result_item_logo\">\n            <img decoding=\"async\" src=\"https:\/\/finpanel10.rankolabs.net\/assets\/bdb47020-5916-481b-a196-778da975c1ea\" class=\"img-responsive\" alt=\"mBank-Lokata dla nowych klient\u00f3w\" aria-hidden=\"true\" \/>\n    <\/div>\n                <\/div><!--\n            --><div class=\"small-12 medium-4 large-3 columns deposit_label\">\n                    <div class=\"result_item_label label_zakres\">\n    Zakres kwoty\n<\/div>\n<div class=\"result_item_value value_zakres\">\n    500 - 10 000<span> z\u0142<\/span>\n<\/div>\n                                    <\/div><!--\n            --><div class=\"small-6 medium-4 large-2 columns deposit_label\">\n                    <div class=\"result_item_label show-for-large\">\n    Oprocentowanie:\n<\/div>\n<div class=\"result_item_label show-for-small-only\">\n    Procent\n<\/div>\n<div class=\"result_item_value value_procent\">\n    1<span> %<\/span>\n<\/div>\n                <\/div><!--\n                --><div class=\"small-6 medium-4 large-2 columns deposit_label\">\n                    <div class=\"result_item_label label_okres\">\n    Okres\n<\/div>\n<div class=\"result_item_value value_okres\" data-value=\"3\">\n    3 <span> mies.<\/span><\/div>\n                <\/div><!--\n            --><div class=\"small-12 medium-12 large-3 columns deposit_btn\">\n                    \n<div class=\"result_item_value\">\n            <a href=\"https:\/\/rankomat.pl\/finanse\/porownywarka-lokat\/\" target=\"_blank\" class=\"btn btn-success btn_online\" rel=\"nofollow\">Sprawd\u017a<\/a>\n        <\/div>\n                <\/div>\n                <div class=\"small-12 medium-12 large-12 columns details_container\" style=\"display:none\">\n                    <div class=\"\">\n                        <div class=\"table-scroll table_more\">\n    <table class=\"table table-striped table-bordered\">\n        <tr>\n            <td class=\"detail_label\">Nazwa produktu:<\/td>\n            <td class=\"detail_value\"><a href=\"https:\/\/rankomat.pl\/finanse\/lokaty\/mBank-Lokata-dla-nowych-klientow\/\">Lokata dla nowych klient\u00f3w<\/a><\/td>\n        <\/tr>\n        <tr>\n            <td class=\"detail_label\">Zakres kwoty:<\/td>\n            <td class=\"detail_value\">500 - 10 000 z\u0142<\/td>\n        <\/tr>\n        <tr>\n            <td class=\"detail_label\">Oferta skierowana do:<\/td>\n            <td class=\"detail_value\">Nowych klient\u00f3w<\/td>\n        <\/tr>\n        <tr>\n            <td class=\"detail_label\">Oferta dla nowych \u015brodk\u00f3w:<\/td>\n            <td class=\"detail_value\">Tak<\/td>\n        <\/tr>\n        <tr>\n            <td class=\"detail_label\">Produkt dost\u0119pny:<\/td>\n            <td class=\"detail_value\">oddzia\u0142 lub online lub bankowo\u015b\u0107 telefoniczna<\/td>\n        <\/tr>\n        <tr>\n            <td class=\"detail_label\">Wymagane konto:<\/td>\n            <td class=\"detail_value\">Tak<\/td>\n        <\/tr>\n        <tr>\n            <td class=\"detail_label\">Oprocentowanie:<\/td>\n            <td class=\"detail_value\">sta\u0142e<\/td>\n        <\/tr>\n        <tr>\n            <td class=\"detail_label\">Kapitalizacja odsetek:<\/td>\n            <td class=\"detail_value\">na koniec okresu<\/td>\n        <\/tr>\n        <tr>\n            <td class=\"detail_label\">Maksymalnie mo\u017cna za\u0142o\u017cy\u0107:<\/td>\n            <td class=\"detail_value\">1<\/td>\n        <\/tr>\n        <tr>\n            <td class=\"detail_label\">Konsekwencja wyp\u0142aty przed terminem:<\/td>\n            <td class=\"detail_value\">ca\u0142kowita utrata odsetek<\/td>\n        <\/tr>\n        <tr>\n            <td class=\"detail_label\">Bezpiecze\u0144stwo wk\u0142adu: <\/td>\n            <td class=\"detail_value\">gwarancja BFG                <a href=\"https:\/\/rankomat.pl\/finanse\/poradniki\/bankowy-fundusz-gwarancyjny-bfg\/\"\n                   target=\"_blank\">\n                    (czytaj wi\u0119cej)\n                <\/a>\n            <\/td>\n        <\/tr>\n        <tr>\n            <td class=\"detail_label\">\n                                    Oferta aktualna na dzie\u0144:\n                            <\/td>\n            <td class=\"detail_value\">\n                2022-03-28            <\/td>\n        <\/tr>\n    <\/table>\n<\/div>\n                        <div class=\"bottom_cta_container\">\n                            \n<div class=\"result_item_value\">\n            <a href=\"https:\/\/rankomat.pl\/finanse\/porownywarka-lokat\/\" target=\"_blank\" class=\"btn btn-success btn_online\" rel=\"nofollow\">Sprawd\u017a<\/a>\n        <\/div>\n                        <\/div>\n                    <\/div>\n                <\/div>\n            <\/div>\n\n            <div class=\"row btn_more_container\">\n                <div class=\"text-center deposite-more-bottom\">\n    <div class=\"left-box-more\">\n        <div class=\"fa fa-money\" aria-hidden=\"true\"><\/div>\n        <h3 class=\"result_item_name\">\n                            <a href=\"https:\/\/rankomat.pl\/finanse\/lokaty\/mBank-Lokata-dla-nowych-klientow\/\">Lokata dla nowych klient\u00f3w<\/a>\n                    <\/h3>\n\n    <\/div>\n\n    <div class=\"more-info-box\">\n        <div class=\"fa fa fa-plus\" aria-hidden=\"true\"><\/div>\n        <span class=\"btn_more\">Szczeg\u00f3\u0142y oferty<\/span>\n    <\/div>\n<\/div>\n            <\/div>\n        <\/div>\n                <\/div>\n            <\/div>\n\n    <div class=\"clearfix\"><\/div>\n    <br>\n\n<p>List\u0119 najlepszych dwu i trzymiesi\u0119cznych depozyt\u00f3w bankowych otwiera propozycja <strong>Lokata bankowa mBank<\/strong>. Rozwi\u0105zanie to daje mo\u017cliwo\u015b\u0107 skutecznego pomna\u017cania \u015brodk\u00f3w finansowych dzi\u0119ki stopie procentowej wynosz\u0105cej <strong>7%<\/strong>. Lokata ta oferuje wysoki zysk w wysoko\u015bci r\u00f3wnej <strong><\/strong>.<\/p>\n<p>Nast\u0119pne miejsce na podium lokat dwumiesi\u0119cznych i trzymiesi\u0119cznych przypad\u0142o ofercie <strong>mBank<\/strong>. <strong>Lokata dla nowych klient\u00f3w<\/strong> kusi ponadprzeci\u0119tn\u0105 stop\u0105 procentow\u0105 r\u00f3wn\u0105 <strong>1%<\/strong>. Za spraw\u0105 oferty mo\u017cna wzbogaci\u0107 si\u0119 o <strong><\/strong>, co jest nad wyraz dobrym wynikiem.<\/p>\n<\/p>\n","protected":false},"excerpt":{"rendered":"<p>Ranking lokat bankowych przygotowany zosta\u0142 w oparciu o jasno okre\u015blone kryteria. Oprocentowanie depozytu przedstawiane jest zawsze w skali roku, a [&hellip;]<\/p>\n","protected":false},"author":12,"featured_media":0,"parent":803,"menu_order":0,"comment_status":"closed","ping_status":"closed","template":"page_bank_offers.php","meta":{"_acf_changed":false,"yasr_overall_rating":0,"yasr_post_is_review":"","yasr_auto_insert_disabled":"","yasr_review_type":"","footnotes":""},"class_list":["post-806","page","type-page","status-publish","hentry"],"acf":[],"yoast_head":"<!-- This site is optimized with the Yoast SEO plugin v27.1.1 - https:\/\/yoast.com\/product\/yoast-seo-wordpress\/ -->\n<title>Lokaty mBank | Por\u00f3wnywarka finansowa Rankomat<\/title>\n<meta name=\"robots\" content=\"noindex, nofollow\" \/>\n<meta property=\"og:locale\" content=\"pl_PL\" \/>\n<meta property=\"og:type\" content=\"article\" \/>\n<meta property=\"og:title\" content=\"Lokaty mBank | Por\u00f3wnywarka finansowa Rankomat\" \/>\n<meta property=\"og:description\" content=\"Ranking lokat bankowych przygotowany zosta\u0142 w oparciu o jasno okre\u015blone kryteria. Oprocentowanie depozytu przedstawiane jest zawsze w skali roku, a [&hellip;]\" \/>\n<meta property=\"og:url\" content=\"https:\/\/rankomat.pl\/finanse\/mbank\/lokaty-oszczednosciowe\/\" \/>\n<meta property=\"og:site_name\" content=\"Por\u00f3wnywarka finansowa Rankomat\" \/>\n<meta property=\"article:publisher\" content=\"https:\/\/www.facebook.com\/rankomatpl\/\" \/>\n<meta property=\"article:modified_time\" content=\"2024-08-06T06:34:39+00:00\" \/>\n<meta property=\"og:image\" content=\"https:\/\/rankomat.pl\/finanse\/wp-content\/uploads\/2021\/03\/rankomat-star-og.png\" \/>\n\t<meta property=\"og:image:width\" content=\"480\" \/>\n\t<meta property=\"og:image:height\" content=\"320\" \/>\n\t<meta property=\"og:image:type\" content=\"image\/png\" \/>\n<meta name=\"twitter:card\" content=\"summary_large_image\" \/>\n<meta name=\"twitter:site\" content=\"@rankomat\" \/>\n<meta name=\"twitter:label1\" content=\"Szacowany czas czytania\" \/>\n\t<meta name=\"twitter:data1\" content=\"1 minuta\" \/>\n<script type=\"application\/ld+json\" class=\"yoast-schema-graph\">{\"@context\":\"https:\/\/schema.org\",\"@graph\":[{\"@type\":\"BreadcrumbList\",\"@id\":\"https:\/\/rankomat.pl\/finanse\/mbank\/lokaty-oszczednosciowe\/#breadcrumb\",\"itemListElement\":[{\"@type\":\"ListItem\",\"position\":1,\"name\":\"Finanse\",\"item\":\"https:\/\/rankomat.pl\/finanse\/\"},{\"@type\":\"ListItem\",\"position\":2,\"name\":\"Banki\",\"item\":\"https:\/\/rankomat.pl\/finanse\/banki\/\"},{\"@type\":\"ListItem\",\"position\":3,\"name\":\"mBank\",\"item\":\"https:\/\/rankomat.pl\/finanse\/banki\/mbank\/\"},{\"@type\":\"ListItem\",\"position\":4,\"name\":\"Lokaty &#8211; mBank\"}]}]}<\/script>\n<!-- \/ Yoast SEO plugin. -->","yoast_head_json":{"title":"Lokaty mBank | Por\u00f3wnywarka finansowa Rankomat","robots":{"index":"noindex","follow":"nofollow"},"og_locale":"pl_PL","og_type":"article","og_title":"Lokaty mBank | Por\u00f3wnywarka finansowa Rankomat","og_description":"Ranking lokat bankowych przygotowany zosta\u0142 w oparciu o jasno okre\u015blone kryteria. Oprocentowanie depozytu przedstawiane jest zawsze w skali roku, a [&hellip;]","og_url":"https:\/\/rankomat.pl\/finanse\/mbank\/lokaty-oszczednosciowe\/","og_site_name":"Por\u00f3wnywarka finansowa Rankomat","article_publisher":"https:\/\/www.facebook.com\/rankomatpl\/","article_modified_time":"2024-08-06T06:34:39+00:00","og_image":[{"width":480,"height":320,"url":"https:\/\/rankomat.pl\/finanse\/wp-content\/uploads\/2021\/03\/rankomat-star-og.png","type":"image\/png"}],"twitter_card":"summary_large_image","twitter_site":"@rankomat","twitter_misc":{"Szacowany czas czytania":"1 minuta"},"schema":{"@context":"https:\/\/schema.org","@graph":[{"@type":"BreadcrumbList","@id":"https:\/\/rankomat.pl\/finanse\/mbank\/lokaty-oszczednosciowe\/#breadcrumb","itemListElement":[{"@type":"ListItem","position":1,"name":"Finanse","item":"https:\/\/rankomat.pl\/finanse\/"},{"@type":"ListItem","position":2,"name":"Banki","item":"https:\/\/rankomat.pl\/finanse\/banki\/"},{"@type":"ListItem","position":3,"name":"mBank","item":"https:\/\/rankomat.pl\/finanse\/banki\/mbank\/"},{"@type":"ListItem","position":4,"name":"Lokaty &#8211; mBank"}]}]}},"yasr_visitor_votes":{"stars_attributes":{"read_only":false,"span_bottom":false},"number_of_votes":49,"sum_votes":245},"_links":{"self":[{"href":"https:\/\/rankomat.pl\/finanse\/wp-json\/wp\/v2\/pages\/806","targetHints":{"allow":["GET"]}}],"collection":[{"href":"https:\/\/rankomat.pl\/finanse\/wp-json\/wp\/v2\/pages"}],"about":[{"href":"https:\/\/rankomat.pl\/finanse\/wp-json\/wp\/v2\/types\/page"}],"author":[{"embeddable":true,"href":"https:\/\/rankomat.pl\/finanse\/wp-json\/wp\/v2\/users\/12"}],"replies":[{"embeddable":true,"href":"https:\/\/rankomat.pl\/finanse\/wp-json\/wp\/v2\/comments?post=806"}],"version-history":[{"count":0,"href":"https:\/\/rankomat.pl\/finanse\/wp-json\/wp\/v2\/pages\/806\/revisions"}],"up":[{"embeddable":true,"href":"https:\/\/rankomat.pl\/finanse\/wp-json\/wp\/v2\/pages\/803"}],"wp:attachment":[{"href":"https:\/\/rankomat.pl\/finanse\/wp-json\/wp\/v2\/media?parent=806"}],"curies":[{"name":"wp","href":"https:\/\/api.w.org\/{rel}","templated":true}]}}