{"id":831,"date":"2017-02-23T08:52:58","date_gmt":"2017-02-23T07:52:58","guid":{"rendered":"http:\/\/finanse.rankomat.pl\/banki\/pko-bank-polski\/"},"modified":"2025-07-10T11:54:06","modified_gmt":"2025-07-10T09:54:06","slug":"pko-bank-polski","status":"publish","type":"page","link":"https:\/\/rankomat.pl\/finanse\/banki\/pko-bank-polski\/","title":{"rendered":"PKO Bank Polski"},"content":{"rendered":"<p><a class=\"button btn-success\" href=\"https:\/\/rankomat.pl\/finanse\/lokaty\/\">Lokaty \u00bb<\/a> <a class=\"button btn-success\" href=\"https:\/\/rankomat.pl\/finanse\/poradniki\/zalozyc-konto-osobiste-30-bankow\/#pko\">Jak za\u0142o\u017cy\u0107 konto \u00bb<\/a> <a class=\"button btn-success\" href=\"https:\/\/rankomat.pl\/finanse\/poradniki\/zamknac-konto-osobiste-30-bankow\/#pko\">Jak zamkn\u0105\u0107 konto \u00bb<\/a><\/p>\n<p><b><img loading=\"lazy\" decoding=\"async\" class=\"size-full wp-image-1207\" style=\"float: left\" src=\"https:\/\/rankomat.pl\/finanse\/wp-content\/uploads\/thumbs\/entry\/2017\/05\/bank-polski.png\" alt=\"PKO Bank Polski logo\" width=\"170\" height=\"70\" data-interchange=\"[https:\/\/rankomat.pl\/finanse\/wp-content\/uploads\/thumbs\/entry\/mobile\/2017\/05\/bank-polski.png, small], [https:\/\/rankomat.pl\/finanse\/wp-content\/uploads\/thumbs\/entry\/2017\/05\/bank-polski.png, medium]\" aria-hidden=\"true\"><\/b><\/p>\n<p style=\"text-align: justify\">Pocz\u0105tk\u00f3w PKO Banku Polskiego upatrywa\u0107 nale\u017cy w 1919 roku, kiedy to powo\u0142ana zosta\u0142a Pocztowa Kasa Oszcz\u0119dno\u015bci. Niemal 100 lat obecno\u015bci i do\u015bwiadcze\u0144 na rynku us\u0142ug finansowych, musia\u0142o mocno wp\u0142yn\u0105\u0107 na obecn\u0105 pozycj\u0119 bankowego kolosa. <strong>O skali dzia\u0142alno\u015bci niech \u015bwiadczy fakt, \u017ce w 2014 roku instytucja dysponowa\u0142a sieci\u0105 ponad 1300 plac\u00f3wek i 3065 bankomat\u00f3w.<\/strong> Grupa Kapita\u0142owa PKO Banku Polskiego prowadzi tak\u017ce dzia\u0142alno\u015b\u0107 poza granicami kraju, zaznaczaj\u0105c swoj\u0105 obecno\u015b\u0107 na terytorium Szwecji i Ukrainy.<\/p>\n<h2><b>Oferta dla klient\u00f3w indywidualnych<\/b><\/h2>\n<p style=\"text-align: justify\"><span style=\"font-weight: 400\">Oferta PKO Banku Polskiego skierowana jest do klient\u00f3w indywidualnych, ma\u0142ych i \u015brednich firm, samorz\u0105d\u00f3w oraz korporacji o mi\u0119dzynarodowym zasi\u0119gu. Bank za po\u015brednictwem odpowiednich narz\u0119dzi wspiera tak\u017ce ekspansj\u0119 polskiego biznesu na rynkach zagranicznych. <strong>Oferta skierowana do klient\u00f3w detalicznych obejmuje szeroki wyb\u00f3r rachunk\u00f3w osobistych i oszcz\u0119dno\u015bciowych, lokaty terminowe, kredyty i po\u017cyczki got\u00f3wkowe, kredyty hipoteczne, a tak\u017ce produkty inwestycyjne<\/strong>. PKO Bank Polski to tak\u017ce bankowo\u015b\u0107 osobista oraz specjalna oferta dla najm\u0142odszych klient\u00f3w.<br \/>\n<\/span><\/p>\n<h2 style=\"text-align: justify\"><b>Godziny ksi\u0119gowania przelew\u00f3w<\/b><\/h2>\n<p style=\"text-align: justify\"><span style=\"font-weight: 400\">Krajowe przelewy Elixir realizowane s\u0105 za po\u015brednictwem systemu bankowo\u015bci elektronicznej PKO BP s\u0105 wolne od op\u0142at. Instytucja daje tak\u017ce mo\u017cliwo\u015b\u0107 skorzystania z przelew\u00f3w natychmiastowych, niestety nale\u017cy zleca\u0107 je bezpo\u015brednio w oddziale banku. Wysokokwotowe przelewy realizowane s\u0105 za po\u015brednictwem systemu SORBNET. Sesje Elixir w PKO BP odbywaj\u0105 si\u0119 w godzinach przedstawionych w poni\u017cszej tabeli:<br \/>\n<\/span><\/p>\n<table class=\"table table-bordered\">\n<tbody>\n<tr>\n<td><strong>Rodzaj sesji<\/strong><\/td>\n<td class=\"text-center\" colspan=\"3\"><strong>Godziny sesji<\/strong><\/td>\n<\/tr>\n<tr>\n<td>Sesje wychodz\u0105ce<\/td>\n<td class=\"text-center\">08:00<\/td>\n<td class=\"text-center\">11:45<\/td>\n<td class=\"text-center\">14:30<\/td>\n<\/tr>\n<tr>\n<td>Sesje przychodz\u0105ce<\/td>\n<td class=\"text-center\">11:30<\/td>\n<td class=\"text-center\">15:10<\/td>\n<td class=\"text-center\">17:30<\/td>\n<\/tr>\n<\/tbody>\n<\/table>\n<h2><strong>Przelewy zagraniczne &#8211; IBAN, SWIFT<\/strong><\/h2>\n<p style=\"text-align: justify\"><span style=\"font-weight: 400\"><br \/>\nPrzelewy zagraniczne ka\u017cdorazowo wymagaj\u0105 pos\u0142ugiwania si\u0119 kodem SWIFT, nazywanym tak\u017ce kodem BIC. Osoby dokonuj\u0105ce przelew\u00f3w w EUR powinny przyjrze\u0107 si\u0119 bli\u017cej transferom w ramach systemu SEPA.<\/span><\/p>\n<ul>\n<li style=\"text-align: justify\"><span style=\"font-weight: 400\">Kod BIC\/SWIFT PKO Banku Polskiego.: <\/span><strong> BPKOPLPW<\/strong><\/li>\n<li>Format IBAN: PL + numer rachunku (26 cyfr)<span style=\"font-weight: 400\"><br \/>\n<\/span><\/li>\n<\/ul>\n<h2><b>Dla poszukuj\u0105cych konta osobistego<\/b><\/h2>\n<p style=\"text-align: justify\"><span style=\"font-weight: 400\">Oferta kont osobistych dedykowana jest szerokiej grupie odbiorc\u00f3w. <strong>Wygodne rachunki rozliczeniowo-oszcz\u0119dno\u015bciowe znajd\u0105 tu osoby m\u0142ode ceni\u0105ce w szczeg\u00f3lno\u015bci mo\u017cliwo\u015bci bankowo\u015bci elektronicznej, klienci podr\u00f3\u017cuj\u0105cy po \u015bwiecie, a tak\u017ce rodziny korzystaj\u0105ce z programu 500+<\/strong>. W ofercie nie zabrak\u0142o tak\u017ce konta stworzonego z my\u015bl\u0105 o u\u017cytkownikach przed 13 rokiem \u017cycia. Rozwi\u0105zanie to zach\u0119ca nowoczesnym serwisem internetowym PKO Junior i pe\u0142n\u0105 kontrol\u0105 rodzicielsk\u0105. Osoby dokonuj\u0105ce transakcji w walutach obcych za\u0142o\u017cy\u0107 mog\u0105 konto w nast\u0119puj\u0105cych walutach: EUR, USD, GBP, CHF, DKK, NOK lub SEK.<\/span><\/p>\n<p style=\"text-align: center\"><a class=\"btn btn-success\" href=\"https:\/\/rankomat.pl\/finanse\/konta\/konta-bankowe\/\">Zobacz ranking kont osobistych<\/a><\/p>\n<h2><b>Dla p\u0142ac\u0105cych kart\u0105<\/b><\/h2>\n<p style=\"text-align: justify\"><span style=\"font-weight: 400\">Zacznijmy od kart wydawanych do konta osobistego. <strong>Za kart\u0105 PKO Ekspres przemawiaj\u0105 darmowe wyp\u0142aty got\u00f3wki z ponad 3000 bankomat\u00f3w PKO BP.<\/strong> Rozwi\u0105zanie to dost\u0119pne jest r\u00f3wnie\u017c w postaci eleganckiego breloka lub naklejki zbli\u017ceniowej. Dodatkow\u0105 kart\u0119 PKO Ekspres bez problemu powierzy\u0107 mo\u017cna osobie trzeciej, pami\u0119taj\u0105c o ustaleniu bezpiecznych limit\u00f3w transakcyjnych. Z kolei karty kredytowe to: Przejrzysta karta kredytowa i karta kredytowa STUDENT. Osoby odwiedzaj\u0105ce stacje sieci ORLEN doceni\u0105 zapewne zalety karty kredytowej PKO VITAY, pozwalaj\u0105cej zbiera\u0107 punkty w programie partnerskim.<br \/>\n<\/span><\/p>\n<h2><b>Dla pomna\u017caj\u0105cych oszcz\u0119dno\u015bci<\/b><\/h2>\n<p style=\"text-align: justify\"><span style=\"font-weight: 400\"><br \/>\nZ my\u015bl\u0105 o klientach dysponuj\u0105cych nadwy\u017ckami finansowymi, bank przygotowa\u0142 kilka propozycji pozwalaj\u0105cych skutecznie pomna\u017ca\u0107 zgromadzone \u015brodki. <strong>Osoby preferuj\u0105ce klasyczne formy oszcz\u0119dzania, skorzysta\u0107 mog\u0105 z tradycyjnych lokat terminowych oraz rachunk\u00f3w oszcz\u0119dno\u015bciowych<\/strong>. W trosce o przysz\u0142o\u015b\u0107 najm\u0142odszych warto zwr\u00f3ci\u0107 tak\u017ce uwag\u0119 na lokat\u0119 &#8211; kapita\u0142 dla dziecka. Klienci akceptuj\u0105cy wy\u017cszy poziom ryzyka, wybiera\u0107 mog\u0105 w propozycjach funduszy inwestycyjnych lub dokonywa\u0107 samodzielnych transakcji na Gie\u0142dzie Papier\u00f3w Warto\u015bciowych.<br \/>\n<\/span><\/p>\n<p style=\"text-align: justify\"><\/p>\n<p style=\"text-align: center\"><a class=\"btn btn-success\" href=\"https:\/\/rankomat.pl\/finanse\/banki\/pko-bank-polski\/lokaty\/\">Sprawd\u017a lokaty Banku Pekao S.A.<\/a><\/p>\n<h2><b>Dla oczekuj\u0105cych finansowania<\/b><\/h2>\n<p style=\"text-align: justify\"><span style=\"font-weight: 400\">Dla klient\u00f3w poszukuj\u0105cych przyst\u0119pnej i elastycznej formy finansowania, bank przygotowa\u0142 bogat\u0105 ofert\u0119 kredytow\u0105. Debet w koncie pozwala w nag\u0142ych sytuacjach si\u0119gn\u0105\u0107 po dodatkowy 1 000 z\u0142. Kredyt odnawialny to zobowi\u0105zanie na dowolny cel, kt\u00f3re sp\u0142acane jest bie\u017c\u0105cymi wp\u0142ywami na rachunek. Na preferencyjn\u0105 form\u0119 finansowania liczy\u0107 mog\u0105 tak\u017ce studenci. Osoby zastanawiaj\u0105ce si\u0119 nad zakupem domu lub mieszkania skorzysta\u0107 mog\u0105 z kredytu hipotecznego. Z kolei w\u0142a\u015bciciele nieruchomo\u015bci, dzi\u0119ki po\u017cyczce hipotecznej, mog\u0105 znacznie poprawi\u0107 swoj\u0105 p\u0142ynno\u015b\u0107 finansow\u0105. <\/span><\/p>\n<p style=\"text-align: center\"><a class=\"btn btn-success\" href=\"https:\/\/rankomat.pl\/finanse\/kredyty-gotowkowe\/\">Sprawd\u017a oferty kredyt\u00f3w<\/a><\/p>\n<h2 style=\"text-align: justify\"><b>PKO Bank Polski.- kontakt<\/b><\/h2>\n<p style=\"text-align: justify\"><span style=\"font-weight: 400\">Adres centrali: ul. Pu\u0142awska 15, 02-515 Warszawa<\/span><\/p>\n<p><span style=\"font-weight: 400\">Infolinia: 800 302 302, +48 81 535 60 60<br \/>\n<\/span><\/p>\n<p><span style=\"font-weight: 400\">Adres strony kontaktowej: <\/span><span style=\"font-weight: 400\">https:\/\/www.pkobp.pl\/kontakt\/t<\/span><\/p>\n","protected":false},"excerpt":{"rendered":"<p>Lokaty \u00bb Jak za\u0142o\u017cy\u0107 konto \u00bb Jak zamkn\u0105\u0107 konto \u00bb Pocz\u0105tk\u00f3w PKO Banku Polskiego upatrywa\u0107 nale\u017cy w 1919 roku, kiedy [&hellip;]<\/p>\n","protected":false},"author":66,"featured_media":0,"parent":11004,"menu_order":0,"comment_status":"closed","ping_status":"closed","template":"page_bank_new.php","meta":{"_acf_changed":false,"yasr_overall_rating":0,"yasr_post_is_review":"","yasr_auto_insert_disabled":"","yasr_review_type":"","footnotes":""},"class_list":["post-831","page","type-page","status-publish","hentry"],"acf":[],"yoast_head":"<!-- This site is optimized with the Yoast SEO plugin v27.1.1 - https:\/\/yoast.com\/product\/yoast-seo-wordpress\/ -->\n<title>PKO Bank Polski - Informacje, Produkty, Kontakt, Infolinia<\/title>\n<meta name=\"robots\" content=\"index, follow, max-snippet:-1, max-image-preview:large, max-video-preview:-1\" \/>\n<link rel=\"canonical\" href=\"https:\/\/rankomat.pl\/finanse\/banki\/pko-bank-polski\/\" \/>\n<meta property=\"og:locale\" content=\"pl_PL\" \/>\n<meta property=\"og:type\" content=\"article\" \/>\n<meta property=\"og:title\" content=\"PKO Bank Polski - Informacje, Produkty, Kontakt, Infolinia\" \/>\n<meta property=\"og:description\" content=\"Lokaty \u00bb Jak za\u0142o\u017cy\u0107 konto \u00bb Jak zamkn\u0105\u0107 konto \u00bb Pocz\u0105tk\u00f3w PKO Banku Polskiego upatrywa\u0107 nale\u017cy w 1919 roku, kiedy [&hellip;]\" \/>\n<meta property=\"og:url\" content=\"https:\/\/rankomat.pl\/finanse\/banki\/pko-bank-polski\/\" \/>\n<meta property=\"og:site_name\" content=\"Por\u00f3wnywarka finansowa Rankomat\" \/>\n<meta property=\"article:publisher\" content=\"https:\/\/www.facebook.com\/rankomatpl\/\" \/>\n<meta property=\"article:modified_time\" content=\"2025-07-10T09:54:06+00:00\" \/>\n<meta property=\"og:image\" content=\"https:\/\/rankomat.pl\/finanse\/wp-content\/uploads\/2017\/02\/alior-bank.png\" \/>\n\t<meta property=\"og:image:width\" content=\"170\" \/>\n\t<meta property=\"og:image:height\" content=\"70\" \/>\n\t<meta property=\"og:image:type\" content=\"image\/png\" \/>\n<meta name=\"twitter:card\" content=\"summary_large_image\" \/>\n<meta name=\"twitter:site\" content=\"@rankomat\" \/>\n<meta name=\"twitter:label1\" content=\"Szacowany czas czytania\" \/>\n\t<meta name=\"twitter:data1\" content=\"4 minuty\" \/>\n<script type=\"application\/ld+json\" class=\"yoast-schema-graph\">{\"@context\":\"https:\/\/schema.org\",\"@graph\":[{\"@type\":\"ImageObject\",\"inLanguage\":\"pl-PL\",\"@id\":\"https:\/\/rankomat.pl\/finanse\/banki\/pko-bank-polski\/#primaryimage\",\"url\":\"https:\/\/rankomat.pl\/finanse\/wp-content\/uploads\/2017\/02\/alior-bank.png\",\"contentUrl\":\"https:\/\/rankomat.pl\/finanse\/wp-content\/uploads\/2017\/02\/alior-bank.png\",\"width\":170,\"height\":70,\"caption\":\"alior bank logo\"},{\"@type\":\"BreadcrumbList\",\"@id\":\"https:\/\/rankomat.pl\/finanse\/banki\/pko-bank-polski\/#breadcrumb\",\"itemListElement\":[{\"@type\":\"ListItem\",\"position\":1,\"name\":\"Finanse\",\"item\":\"https:\/\/rankomat.pl\/finanse\/\"},{\"@type\":\"ListItem\",\"position\":2,\"name\":\"Banki\",\"item\":\"https:\/\/rankomat.pl\/finanse\/banki\/\"},{\"@type\":\"ListItem\",\"position\":3,\"name\":\"PKO Bank Polski\"}]}]}<\/script>\n<!-- \/ Yoast SEO plugin. -->","yoast_head_json":{"title":"PKO Bank Polski - Informacje, Produkty, Kontakt, Infolinia","robots":{"index":"index","follow":"follow","max-snippet":"max-snippet:-1","max-image-preview":"max-image-preview:large","max-video-preview":"max-video-preview:-1"},"canonical":"https:\/\/rankomat.pl\/finanse\/banki\/pko-bank-polski\/","og_locale":"pl_PL","og_type":"article","og_title":"PKO Bank Polski - Informacje, Produkty, Kontakt, Infolinia","og_description":"Lokaty \u00bb Jak za\u0142o\u017cy\u0107 konto \u00bb Jak zamkn\u0105\u0107 konto \u00bb Pocz\u0105tk\u00f3w PKO Banku Polskiego upatrywa\u0107 nale\u017cy w 1919 roku, kiedy [&hellip;]","og_url":"https:\/\/rankomat.pl\/finanse\/banki\/pko-bank-polski\/","og_site_name":"Por\u00f3wnywarka finansowa Rankomat","article_publisher":"https:\/\/www.facebook.com\/rankomatpl\/","article_modified_time":"2025-07-10T09:54:06+00:00","og_image":[{"width":170,"height":70,"url":"https:\/\/rankomat.pl\/finanse\/wp-content\/uploads\/2017\/02\/alior-bank.png","type":"image\/png"}],"twitter_card":"summary_large_image","twitter_site":"@rankomat","twitter_misc":{"Szacowany czas czytania":"4 minuty"},"schema":{"@context":"https:\/\/schema.org","@graph":[{"@type":"ImageObject","inLanguage":"pl-PL","@id":"https:\/\/rankomat.pl\/finanse\/banki\/pko-bank-polski\/#primaryimage","url":"https:\/\/rankomat.pl\/finanse\/wp-content\/uploads\/2017\/02\/alior-bank.png","contentUrl":"https:\/\/rankomat.pl\/finanse\/wp-content\/uploads\/2017\/02\/alior-bank.png","width":170,"height":70,"caption":"alior bank logo"},{"@type":"BreadcrumbList","@id":"https:\/\/rankomat.pl\/finanse\/banki\/pko-bank-polski\/#breadcrumb","itemListElement":[{"@type":"ListItem","position":1,"name":"Finanse","item":"https:\/\/rankomat.pl\/finanse\/"},{"@type":"ListItem","position":2,"name":"Banki","item":"https:\/\/rankomat.pl\/finanse\/banki\/"},{"@type":"ListItem","position":3,"name":"PKO Bank Polski"}]}]}},"yasr_visitor_votes":{"stars_attributes":{"read_only":false,"span_bottom":false},"number_of_votes":152,"sum_votes":722},"_links":{"self":[{"href":"https:\/\/rankomat.pl\/finanse\/wp-json\/wp\/v2\/pages\/831","targetHints":{"allow":["GET"]}}],"collection":[{"href":"https:\/\/rankomat.pl\/finanse\/wp-json\/wp\/v2\/pages"}],"about":[{"href":"https:\/\/rankomat.pl\/finanse\/wp-json\/wp\/v2\/types\/page"}],"author":[{"embeddable":true,"href":"https:\/\/rankomat.pl\/finanse\/wp-json\/wp\/v2\/users\/66"}],"replies":[{"embeddable":true,"href":"https:\/\/rankomat.pl\/finanse\/wp-json\/wp\/v2\/comments?post=831"}],"version-history":[{"count":0,"href":"https:\/\/rankomat.pl\/finanse\/wp-json\/wp\/v2\/pages\/831\/revisions"}],"up":[{"embeddable":true,"href":"https:\/\/rankomat.pl\/finanse\/wp-json\/wp\/v2\/pages\/11004"}],"wp:attachment":[{"href":"https:\/\/rankomat.pl\/finanse\/wp-json\/wp\/v2\/media?parent=831"}],"curies":[{"name":"wp","href":"https:\/\/api.w.org\/{rel}","templated":true}]}}