{"id":838,"date":"2017-02-23T08:53:05","date_gmt":"2017-02-23T07:53:05","guid":{"rendered":"http:\/\/finanse.rankomat.pl\/banki\/plus-bank\/"},"modified":"2025-07-10T11:54:06","modified_gmt":"2025-07-10T09:54:06","slug":"plus-bank","status":"publish","type":"page","link":"https:\/\/rankomat.pl\/finanse\/banki\/plus-bank\/","title":{"rendered":"Plus Bank"},"content":{"rendered":"<p><a class=\"button btn-success\" href=\"https:\/\/rankomat.pl\/finanse\/banki\/plus-bank\/lokaty\/\">Lokaty \u00bb<\/a> <a class=\"button btn-success\" href=\"https:\/\/rankomat.pl\/finanse\/poradniki\/zalozyc-konto-osobiste-30-bankow\/#plus\">Jak za\u0142o\u017cy\u0107 konto \u00bb<\/a> <a class=\"button btn-success\" href=\"https:\/\/rankomat.pl\/finanse\/poradniki\/zamknac-konto-osobiste-30-bankow\/#plus\">Jak zamkn\u0105\u0107 konto \u00bb<\/a><\/p>\n<p><b><img loading=\"lazy\" decoding=\"async\" class=\"size-full wp-image-1207\" style=\"float: left\" src=\"https:\/\/rankomat.pl\/finanse\/wp-content\/uploads\/thumbs\/entry\/2017\/05\/plus-bank.png\" alt=\"Plus Bank logo\" width=\"170\" height=\"70\" data-interchange=\"[https:\/\/rankomat.pl\/finanse\/wp-content\/uploads\/thumbs\/entry\/mobile\/2017\/05\/plus-bank.png, small], [https:\/\/rankomat.pl\/finanse\/wp-content\/uploads\/thumbs\/entry\/2017\/05\/plus-bank.png, medium]\" aria-hidden=\"true\"><\/b><\/p>\n<p style=\"text-align: justify\">Pod nazw\u0105 Plus Bank S.A instytucja ta funkcjonuje od 2013 roku. Jej korzenie si\u0119gaj\u0105 jednak ju\u017c roku 1991. Bank ten oferuje pe\u0142en pakiet us\u0142ug zar\u00f3wno dla klient\u00f3w indywidualnych, jak i przedsi\u0119biorstw. <strong>Obecnie z us\u0142ug Plus Banku mo\u017cna skorzysta\u0107 w ponad 100 plac\u00f3wkach, 3 Centrach Korporacyjnych oraz ponad 1200 punkt\u00f3w sprzeda\u017cy Cyfrowego Polsatu i Plusa<\/strong>.<\/p>\n<h2><b>Oferta dla klient\u00f3w indywidualnych<\/b><\/h2>\n<p style=\"text-align: justify\"><span style=\"font-weight: 400\">W Plus Banku klient znajdzie wszystko, czego potrzebuje do podstawowego zarz\u0105dzania swoimi finansami. <strong>Bank ten oferuje bowiem zar\u00f3wno rachunki rozliczeniowe, jak i produkty oszcz\u0119dno\u015bciowe (konta i lokaty)<\/strong>.<br \/>\nPlus Bank posiada r\u00f3wnie\u017c szerok\u0105 ofert\u0119 dla klient\u00f3w firmowych oraz rozbudowane propozycje ubezpiecze\u0144 dotycz\u0105cych r\u00f3\u017cnych aspekt\u00f3w \u017cycia<br \/>\n<\/span><\/p>\n<h2 style=\"text-align: justify\"><b>Godziny ksi\u0119gowania przelew\u00f3w<\/b><\/h2>\n<p style=\"text-align: justify\"><span style=\"font-weight: 400\">Klienci Plus Banku mog\u0105 skorzysta\u0107 z przelew\u00f3w typu ELIXIR lub SORBNET. Godziny sesji dla transakcji wychodz\u0105cych i przychodz\u0105cych przedstawiaj\u0105 si\u0119 w nast\u0119puj\u0105cy spos\u00f3b:<\/span><\/p>\n<table class=\"table table-bordered\">\n<tbody>\n<tr>\n<td><strong>Rodzaj sesji<\/strong><\/td>\n<td class=\"text-center\" colspan=\"3\"><strong>Godziny sesji<\/strong><\/td>\n<\/tr>\n<tr>\n<td>Sesje wychodz\u0105ce<\/td>\n<td class=\"text-center\">08:00<\/td>\n<td class=\"text-center\">11:30<\/td>\n<td class=\"text-center\">14:00<\/td>\n<\/tr>\n<tr>\n<td>Sesje przychodz\u0105ce<\/td>\n<td class=\"text-center\">11:00 &#8211; 12:00<\/td>\n<td class=\"text-center\">14:30 &#8211; 15.30<\/td>\n<td class=\"text-center\">17:00 &#8211; 18:00<\/td>\n<\/tr>\n<\/tbody>\n<\/table>\n<h2><strong>Przelewy zagraniczne &#8211; IBAN, SWIFT<\/strong><\/h2>\n<p style=\"text-align: justify\"><span style=\"font-weight: 400\"><br \/>\nWykonuj\u0105c przelewy mi\u0119dzynarodowe nale\u017cy pami\u0119ta\u0107 o podaniu tzw. kodu SWIFT (zwanego r\u00f3wnie\u017c kodem BIC).<\/span><\/p>\n<ul>\n<li style=\"text-align: justify\"><span style=\"font-weight: 400\">Kod BIC\/SWIFT Plus Banku: <\/span><strong> IVSEPLPP<\/strong><\/li>\n<li>Format IBAN: PL + numer rachunku (26 cyfr)<span style=\"font-weight: 400\"><br \/>\n<\/span><\/li>\n<\/ul>\n<h2><b>Dla poszukuj\u0105cych konta osobistego<\/b><\/h2>\n<p style=\"text-align: justify\"><span style=\"font-weight: 400\">W ofercie Plus Banku znale\u017a\u0107 mo\u017cna <strong>cztery typy kont osobistych<\/strong>. Ka\u017cdy z rachunk\u00f3w przeznaczony jest dla klient\u00f3w z innymi oczekiwaniami. Plus Bank oferuje wi\u0119c zar\u00f3wno co\u015b dla os\u00f3b korzystaj\u0105cych jedynie z podstawowej bankowo\u015bci, jak i dla tych, kt\u00f3rzy w ramach jednej sta\u0142ej op\u0142aty miesi\u0119cznej chc\u0105 mie\u0107 darmowy dost\u0119p do wi\u0119kszo\u015bci us\u0142ug zwi\u0105zanych z posiadaniem konta bankowego.<\/span><\/p>\n<p style=\"text-align: center\"><a class=\"btn btn-success\" href=\"https:\/\/rankomat.pl\/finanse\/konta\/konta-bankowe\/\">Zobacz ranking kont osobistych<\/a><\/p>\n<h2><b>Dla p\u0142ac\u0105cych kart\u0105<\/b><\/h2>\n<p style=\"text-align: justify\"><span style=\"font-weight: 400\">Aby u\u0142atwi\u0107 codzienne operacje finansowe, Plus Bank proponuje klientom<strong> dwa rodzaje karty p\u0142atniczej: Visa lub MasterCard Debit<\/strong>. Wydanie takiej karty jest ca\u0142kowicie bezp\u0142atne. Za jej u\u017cytkowanie klient r\u00f3wnie\u017c nie poniesie op\u0142at &#8211; jednak wy\u0142\u0105cznie po spe\u0142nieniu warunk\u00f3w narzuconych przez posiadane konto osobiste.<br \/>\nW ofercie Plus Banku znajduj\u0105 si\u0119 r\u00f3wnie\u017c karty kredytowe MasterCard Classic i MasterCard Gold.<br \/>\n<\/span><\/p>\n<h2><b>Dla pomna\u017caj\u0105cych oszcz\u0119dno\u015bci<\/b><\/h2>\n<p style=\"text-align: justify\"><span style=\"font-weight: 400\"><br \/>\nOsoby szukaj\u0105ce miejsca dla swoich oszcz\u0119dno\u015bci, z pewno\u015bci\u0105 znajd\u0105 je w Plus Banku. <strong>Instytucja ta oferuje bowiem konto oszcz\u0119dno\u015bciowe z oprocentowaniem uzale\u017cnionym od kwoty wp\u0142aconych \u015brodk\u00f3w<\/strong>. Dodatkowo, bank ten pozwala r\u00f3wnie\u017c na pomna\u017canie oszcz\u0119dno\u015bci za pomoc\u0105 r\u00f3\u017cnego rodzaju lokat. Klient sam mo\u017ce dopasowa\u0107 rodzaj produktu oszcz\u0119dno\u015bciowego do swoich preferencji, a w przypadku problem\u00f3w z wyborem skorzysta\u0107 z profesjonalnej pomocy doradcy banku.<br \/>\n<\/span><\/p>\n<p style=\"text-align: justify\"><\/p>\n<p style=\"text-align: center\"><a class=\"btn btn-success\" href=\"https:\/\/rankomat.pl\/finanse\/banki\/plus-bank\/lokaty\/\">Sprawd\u017a lokaty Plus Banku.<\/a><\/p>\n<h2><b>Dla oczekuj\u0105cych finansowania<\/b><\/h2>\n<p style=\"text-align: justify\"><span style=\"font-weight: 400\">W zale\u017cno\u015bci od potrzeb, ka\u017cdy klient Plus Banku ma szans\u0119 na zdobycie odpowiedniego wsparcia finansowego. <strong>Bank ten posiada bowiem w swojej ofercie kilka r\u00f3\u017cnych kredyt\u00f3w (got\u00f3wkowy, hipoteczny itp)<\/strong>. Dla wygody klienta przygotowano kredyt konsolidacyjny umo\u017cliwiaj\u0105cy po\u0142\u0105czenie wszystkich dotychczasowych zobowi\u0105za\u0144 w jedn\u0105 rat\u0119. Dodatkowo, istnieje tak\u017ce mo\u017cliwo\u015b\u0107 skorzystania z karty kredytowej. Wniosek o tego typu produkty mo\u017cna z\u0142o\u017cy\u0107 jednak wy\u0142\u0105cznie w jednej z stacjonarnych plac\u00f3wek banku.<\/span><\/p>\n<p style=\"text-align: center\"><a class=\"btn btn-success\" href=\"https:\/\/rankomat.pl\/finanse\/kredyty-gotowkowe\/\">Sprawd\u017a oferty kredyt\u00f3w<\/a><\/p>\n<h2 style=\"text-align: justify\"><b>Plus Bank- kontakt<\/b><\/h2>\n<p style=\"text-align: justify\"><span style=\"font-weight: 400\">Adres centrali: aleja Stan\u00f3w Zjednoczonych 61a, 04-028 Warszawa<\/span><\/p>\n<p><span style=\"font-weight: 400\">Infolinia: 801 44 55 66 (z telefon\u00f3w stacjonarnych), +48 618 461 461 (z telefon\u00f3w kom\u00f3rkowych i z zagranicy)<br \/>\n<\/span><\/p>\n<p><span style=\"font-weight: 400\">Adres strony kontaktowej: <\/span><a href=\"https:\/\/plusbank.pl\/kontakt\" rel=\"nofollow\"><span style=\"font-weight: 400\">https:\/\/plusbank.pl\/kontakt<\/span><\/a><\/p>\n","protected":false},"excerpt":{"rendered":"<p>Lokaty \u00bb Jak za\u0142o\u017cy\u0107 konto \u00bb Jak zamkn\u0105\u0107 konto \u00bb Pod nazw\u0105 Plus Bank S.A instytucja ta funkcjonuje od 2013 [&hellip;]<\/p>\n","protected":false},"author":12,"featured_media":0,"parent":11004,"menu_order":0,"comment_status":"closed","ping_status":"closed","template":"page_bank.php","meta":{"_acf_changed":false,"yasr_overall_rating":0,"yasr_post_is_review":"","yasr_auto_insert_disabled":"","yasr_review_type":"","footnotes":""},"class_list":["post-838","page","type-page","status-publish","hentry"],"acf":[],"yoast_head":"<!-- This site is optimized with the Yoast SEO plugin v27.1.1 - https:\/\/yoast.com\/product\/yoast-seo-wordpress\/ -->\n<title>Plus Bank - Por\u00f3wnaj z 9 innymi bankami | Finanse.rankomat.pl<\/title>\n<meta name=\"robots\" content=\"index, follow, max-snippet:-1, max-image-preview:large, max-video-preview:-1\" \/>\n<link rel=\"canonical\" href=\"https:\/\/rankomat.pl\/finanse\/banki\/plus-bank\/\" \/>\n<meta property=\"og:locale\" content=\"pl_PL\" \/>\n<meta property=\"og:type\" content=\"article\" \/>\n<meta property=\"og:title\" content=\"Plus Bank - Por\u00f3wnaj z 9 innymi bankami | Finanse.rankomat.pl\" \/>\n<meta property=\"og:description\" content=\"Lokaty \u00bb Jak za\u0142o\u017cy\u0107 konto \u00bb Jak zamkn\u0105\u0107 konto \u00bb Pod nazw\u0105 Plus Bank S.A instytucja ta funkcjonuje od 2013 [&hellip;]\" \/>\n<meta property=\"og:url\" content=\"https:\/\/rankomat.pl\/finanse\/banki\/plus-bank\/\" \/>\n<meta property=\"og:site_name\" content=\"Por\u00f3wnywarka finansowa Rankomat\" \/>\n<meta property=\"article:publisher\" content=\"https:\/\/www.facebook.com\/rankomatpl\/\" \/>\n<meta property=\"article:modified_time\" content=\"2025-07-10T09:54:06+00:00\" \/>\n<meta property=\"og:image\" content=\"https:\/\/rankomat.pl\/finanse\/wp-content\/uploads\/2017\/02\/alior-bank.png\" \/>\n\t<meta property=\"og:image:width\" content=\"170\" \/>\n\t<meta property=\"og:image:height\" content=\"70\" \/>\n\t<meta property=\"og:image:type\" content=\"image\/png\" \/>\n<meta name=\"twitter:card\" content=\"summary_large_image\" \/>\n<meta name=\"twitter:site\" content=\"@rankomat\" \/>\n<meta name=\"twitter:label1\" content=\"Szacowany czas czytania\" \/>\n\t<meta name=\"twitter:data1\" content=\"3 minuty\" \/>\n<script type=\"application\/ld+json\" class=\"yoast-schema-graph\">{\"@context\":\"https:\/\/schema.org\",\"@graph\":[{\"@type\":\"ImageObject\",\"inLanguage\":\"pl-PL\",\"@id\":\"https:\/\/rankomat.pl\/finanse\/banki\/plus-bank\/#primaryimage\",\"url\":\"https:\/\/rankomat.pl\/finanse\/wp-content\/uploads\/2017\/02\/alior-bank.png\",\"contentUrl\":\"https:\/\/rankomat.pl\/finanse\/wp-content\/uploads\/2017\/02\/alior-bank.png\",\"width\":170,\"height\":70,\"caption\":\"alior bank logo\"},{\"@type\":\"BreadcrumbList\",\"@id\":\"https:\/\/rankomat.pl\/finanse\/banki\/plus-bank\/#breadcrumb\",\"itemListElement\":[{\"@type\":\"ListItem\",\"position\":1,\"name\":\"Finanse\",\"item\":\"https:\/\/rankomat.pl\/finanse\/\"},{\"@type\":\"ListItem\",\"position\":2,\"name\":\"Banki\",\"item\":\"https:\/\/rankomat.pl\/finanse\/banki\/\"},{\"@type\":\"ListItem\",\"position\":3,\"name\":\"Plus Bank\"}]}]}<\/script>\n<!-- \/ Yoast SEO plugin. -->","yoast_head_json":{"title":"Plus Bank - Por\u00f3wnaj z 9 innymi bankami | Finanse.rankomat.pl","robots":{"index":"index","follow":"follow","max-snippet":"max-snippet:-1","max-image-preview":"max-image-preview:large","max-video-preview":"max-video-preview:-1"},"canonical":"https:\/\/rankomat.pl\/finanse\/banki\/plus-bank\/","og_locale":"pl_PL","og_type":"article","og_title":"Plus Bank - Por\u00f3wnaj z 9 innymi bankami | Finanse.rankomat.pl","og_description":"Lokaty \u00bb Jak za\u0142o\u017cy\u0107 konto \u00bb Jak zamkn\u0105\u0107 konto \u00bb Pod nazw\u0105 Plus Bank S.A instytucja ta funkcjonuje od 2013 [&hellip;]","og_url":"https:\/\/rankomat.pl\/finanse\/banki\/plus-bank\/","og_site_name":"Por\u00f3wnywarka finansowa Rankomat","article_publisher":"https:\/\/www.facebook.com\/rankomatpl\/","article_modified_time":"2025-07-10T09:54:06+00:00","og_image":[{"width":170,"height":70,"url":"https:\/\/rankomat.pl\/finanse\/wp-content\/uploads\/2017\/02\/alior-bank.png","type":"image\/png"}],"twitter_card":"summary_large_image","twitter_site":"@rankomat","twitter_misc":{"Szacowany czas czytania":"3 minuty"},"schema":{"@context":"https:\/\/schema.org","@graph":[{"@type":"ImageObject","inLanguage":"pl-PL","@id":"https:\/\/rankomat.pl\/finanse\/banki\/plus-bank\/#primaryimage","url":"https:\/\/rankomat.pl\/finanse\/wp-content\/uploads\/2017\/02\/alior-bank.png","contentUrl":"https:\/\/rankomat.pl\/finanse\/wp-content\/uploads\/2017\/02\/alior-bank.png","width":170,"height":70,"caption":"alior bank logo"},{"@type":"BreadcrumbList","@id":"https:\/\/rankomat.pl\/finanse\/banki\/plus-bank\/#breadcrumb","itemListElement":[{"@type":"ListItem","position":1,"name":"Finanse","item":"https:\/\/rankomat.pl\/finanse\/"},{"@type":"ListItem","position":2,"name":"Banki","item":"https:\/\/rankomat.pl\/finanse\/banki\/"},{"@type":"ListItem","position":3,"name":"Plus Bank"}]}]}},"yasr_visitor_votes":{"stars_attributes":{"read_only":false,"span_bottom":false},"number_of_votes":44,"sum_votes":220},"_links":{"self":[{"href":"https:\/\/rankomat.pl\/finanse\/wp-json\/wp\/v2\/pages\/838","targetHints":{"allow":["GET"]}}],"collection":[{"href":"https:\/\/rankomat.pl\/finanse\/wp-json\/wp\/v2\/pages"}],"about":[{"href":"https:\/\/rankomat.pl\/finanse\/wp-json\/wp\/v2\/types\/page"}],"author":[{"embeddable":true,"href":"https:\/\/rankomat.pl\/finanse\/wp-json\/wp\/v2\/users\/12"}],"replies":[{"embeddable":true,"href":"https:\/\/rankomat.pl\/finanse\/wp-json\/wp\/v2\/comments?post=838"}],"version-history":[{"count":0,"href":"https:\/\/rankomat.pl\/finanse\/wp-json\/wp\/v2\/pages\/838\/revisions"}],"up":[{"embeddable":true,"href":"https:\/\/rankomat.pl\/finanse\/wp-json\/wp\/v2\/pages\/11004"}],"wp:attachment":[{"href":"https:\/\/rankomat.pl\/finanse\/wp-json\/wp\/v2\/media?parent=838"}],"curies":[{"name":"wp","href":"https:\/\/api.w.org\/{rel}","templated":true}]}}