{"id":854,"date":"2017-02-23T08:53:20","date_gmt":"2017-02-23T07:53:20","guid":{"rendered":"http:\/\/finanse.rankomat.pl\/bz-wbk\/"},"modified":"2026-04-23T12:50:50","modified_gmt":"2026-04-23T10:50:50","slug":"santander-bank-polska","status":"publish","type":"page","link":"https:\/\/rankomat.pl\/finanse\/banki\/santander-bank-polska\/","title":{"rendered":"Santander Bank Polska"},"content":{"rendered":"<p><a class=\"button btn-success\" href=\"https:\/\/rankomat.pl\/finanse\/lokaty\/\">Lokaty \u00bb<\/a> <a class=\"button btn-success\" href=\"https:\/\/rankomat.pl\/finanse\/poradniki\/zalozyc-konto-osobiste-30-bankow\/#bz\">Jak za\u0142o\u017cy\u0107 konto \u00bb<\/a> <a class=\"button btn-success\" href=\"https:\/\/rankomat.pl\/finanse\/poradniki\/zamknac-konto-osobiste-30-bankow\/#bz\">Jak zamkn\u0105\u0107 konto \u00bb<\/a><\/p>\n<p><b><img loading=\"lazy\" decoding=\"async\" class=\"alignleft wp-image-2767 size-full\" src=\"https:\/\/rankomat.pl\/finanse\/wp-content\/uploads\/thumbs\/entry\/2019\/04\/logo-santander_87621.png\" alt=\"Santander Bank Polska\" width=\"180\" height=\"45\" data-interchange=\"[https:\/\/rankomat.pl\/finanse\/wp-content\/uploads\/thumbs\/entry\/mobile\/2019\/04\/logo-santander_87621.png, small], [https:\/\/rankomat.pl\/finanse\/wp-content\/uploads\/thumbs\/entry\/2019\/04\/logo-santander_87621.png, medium]\" aria-hidden=\"true\" \/><\/b><\/p>\n<p style=\"text-align: justify;\">Zacznijmy od tego, \u017ce Bank Zachodni WBK <strong>powsta\u0142 w 2001 roku<\/strong>\u00a0na skutek fuzji Banku Zachodniego S.A. oraz Wielkopolskiego Banku Kredytowego S.A. Dziesi\u0119\u0107 lat p\u00f3\u017aniej instytucja ta sta\u0142a si\u0119<strong> cz\u0119\u015bci\u0105 Grupy Santander<\/strong>, a w 2013 roku po\u0142\u0105czy\u0142a si\u0119 z Kredyt Bankiem. We wrze\u015bniu 2018 roku nast\u0105pi\u0142a ostateczna zmiana nazwy na Santander Bank Polska. Obecnie instytucja ta dysponuje <strong>ponad tysi\u0105cem\u00a0plac\u00f3wek<\/strong> i dostarcza klientom r\u00f3\u017cnorodnych rozwi\u0105za\u0144 finansowych.<\/p>\n<h2><b>Oferta dla klient\u00f3w indywidualnych<\/b><\/h2>\n<p style=\"text-align: justify;\"><span style=\"font-weight: 400;\">Indywidualny klient Santander Bank Polska ma do dyspozycji <strong>szereg produkt\u00f3w finansowych<\/strong>. Bank zapewnia ka\u017cdemu zainteresowanemu dost\u0119p do podstawowej bankowo\u015bci zwi\u0105zanej z posiadaniem konta osobistego. Dodatkowo, ka\u017cdy klient mo\u017ce skorzysta\u0107 z bogatej <strong>oferty produkt\u00f3w oszcz\u0119dno\u015bciowych<\/strong> w postaci lokat, kredyt\u00f3w oraz fundusz\u00f3w inwestycyjnych. Dla os\u00f3b szukaj\u0105cych dodatkowego wsparcia finansowego przygotowano natomiast <strong>specjaln\u0105 ofert\u0119 kredyt\u00f3w<\/strong>. Oferta Santander Bank Polska to jednak nie tylko us\u0142ugi \u015bci\u015ble finansowe. Korzystaj\u0105c z oferty tej instytucji mo\u017cemy tak\u017ce przyst\u0105pi\u0107 do dodatkowego <strong>programu ubezpiecze\u0144.<\/strong><br \/>\n<\/span><\/p>\n<h2 style=\"text-align: justify;\"><b>Godziny ksi\u0119gowania przelew\u00f3w<\/b><\/h2>\n<p style=\"text-align: justify;\"><span style=\"font-weight: 400;\">W Santander Bank Polska mo\u017cemy zrealizowa\u0107 przelewy w systemie <strong>ELIXIR, Express ELIXIR oraz SORBNET<\/strong>. Sesje ELIXIR odbywaj\u0105 si\u0119 wed\u0142ug nast\u0119puj\u0105cego harmonogramu:<br \/>\n<\/span><\/p>\n<table class=\"table table-bordered\">\n<tbody>\n<tr>\n<td><strong>Rodzaj sesji<\/strong><\/td>\n<td class=\"text-center\" colspan=\"3\"><strong>Godziny sesji<\/strong><\/td>\n<\/tr>\n<tr>\n<td>Sesje wychodz\u0105ce<\/td>\n<td class=\"text-center\">08:15<\/td>\n<td class=\"text-center\">12:15<\/td>\n<td class=\"text-center\">14:45<\/td>\n<\/tr>\n<tr>\n<td>Sesje przychodz\u0105ce<\/td>\n<td class=\"text-center\">8:00 &#8211; 18:00<\/td>\n<td class=\"text-center\">8:00 &#8211; 18.00<\/td>\n<td class=\"text-center\">8:00 &#8211; 18:00<\/td>\n<\/tr>\n<\/tbody>\n<\/table>\n<h2><strong>Przelewy zagraniczne &#8211; IBAN, SWIFT<\/strong><\/h2>\n<p style=\"text-align: justify;\"><span style=\"font-weight: 400;\">W przypadku przelew\u00f3w mi\u0119dzynarodowych nale\u017cy pami\u0119ta\u0107 o podaniu <strong>numeru SWIFT<\/strong> (zwanego tak\u017ce kodem BIC), przypisanego do okre\u015blonego banku.<\/span><\/p>\n<ul>\n<li><span style=\"font-weight: 400;\">Kod SWIFT\/BIC Santander Bank Polska:<\/span><strong> WBKPPLPP<\/strong><\/li>\n<li>Format IBAN: PL + numer rachunku (26 cyfr)<\/li>\n<\/ul>\n<h2><b>Dla poszukuj\u0105cych konta osobistego<\/b><\/h2>\n<p style=\"text-align: justify;\"><span style=\"font-weight: 400;\">Santander Bank Polska posiada <strong>kilka propozycji kont osobistych<\/strong> dla klient\u00f3w indywidualnych. Najpopularniejsz\u0105 z nich wci\u0105\u017c pozostaje jednak Konto Jakie Chc\u0119. Bank przygotowa\u0142 tak\u017ce <strong>specjaln\u0105 ofert\u0119 rachunk\u00f3w <\/strong>rozliczeniowych dla senior\u00f3w oraz os\u00f3b przed 20 rokiem \u017cycia. W Santander Bank Polska mo\u017cna r\u00f3wnie\u017c <strong>za\u0142o\u017cy\u0107 konto walutowe<\/strong> w dolarach, euro, funtach b\u0105d\u017a frankach szwajcarskich.<br \/>\n<\/span><\/p>\n<p style=\"text-align: center;\"><a class=\"btn btn-success\" href=\"https:\/\/rankomat.pl\/finanse\/konta\/konta-bankowe\/\">Zobacz ranking kont osobistych<\/a><\/p>\n<h2><b>Dla p\u0142ac\u0105cych kart\u0105<\/b><\/h2>\n<p style=\"text-align: justify;\"><span style=\"font-weight: 400;\">W Santander Bank Polska mo\u017cemy skorzysta\u0107 zar\u00f3wno <strong>z kart p\u0142atniczych, jak i kart kredytowych<\/strong>. W przypadku kart debetowych klient ma do wyboru kart\u0119 Visa Sol oraz kart\u0119 <strong>MasterCard Omni.<\/strong> P\u0142atno\u015bci mo\u017cemy dokonywa\u0107 tak\u017ce za pomoc\u0105 kart kredytowych r\u00f3\u017cnego typu. Opr\u00f3cz tradycyjnych kart kredytowych, kt\u00f3re nosimy w portfelach, bank oferuje nam tak\u017ce <strong>kart\u0119 w postaci elektronicznej<\/strong>, umo\u017cliwiaj\u0105c\u0105 p\u0142atno\u015bci zbli\u017ceniowe za pomoc\u0105 telefonu.<br \/>\n<\/span><\/p>\n<h2><b>Dla pomna\u017caj\u0105cych oszcz\u0119dno\u015bci<\/b><\/h2>\n<p style=\"text-align: justify;\"><span style=\"font-weight: 400;\">Santander Bank Polska oferuje swoim klientom dwie mo\u017cliwo\u015bci <strong>inwestowania oszcz\u0119dno\u015bci<\/strong>. Pierwszych z nich s\u0105 <strong>lokaty terminowe oraz konta oszcz\u0119dno\u015bciowe<\/strong> &#8211; najbardziej znany i bezpieczny spos\u00f3b pomna\u017cania od\u0142o\u017conych \u015brodk\u00f3w. Klienci, kt\u00f3rzy wol\u0105 produkty z nieco wy\u017cszym poziomem ryzyka, ale jednocze\u015bnie <strong>oferuj\u0105ce du\u017co wi\u0119kszy zysk<\/strong>, mog\u0105 wybra\u0107 np. fundusz inwestycyjny. W ofercie produkt\u00f3w inwestycyjnych Santander Bank Polska znalaz\u0142y si\u0119 tak\u017ce takie produkty jak: lokata strukturyzowana, <strong>Indywidualne Konto Emerytalne czy Rachunek Maklerski.<\/strong><br \/>\n<\/span><\/p>\n<p style=\"text-align: justify;\"><\/p>\n<p style=\"text-align: center;\"><a class=\"btn btn-success\" href=\"https:\/\/rankomat.pl\/finanse\/banki\/santander-bank-polska\/lokaty\/\">Sprawd\u017a lokaty Santander Bank Polska<\/a><\/p>\n<h2><b>Dla oczekuj\u0105cych finansowania<\/b><\/h2>\n<p style=\"text-align: justify;\"><span style=\"font-weight: 400;\">W ofercie produkt\u00f3w kredytowych Santander Bank Polska znale\u017a\u0107 mo\u017cna propozycj\u0119 kredytu got\u00f3wkowego z decyzj\u0105 <strong>nawet w kilka minut<\/strong>. Opr\u00f3cz tego, klient mo\u017ce skorzysta\u0107 z limitu kredytowego w rachunku. Santander Bank Polska proponuje tak\u017ce <strong>kredyt mieszkaniowy i po\u017cyczki hipoteczne<\/strong>. W przypadku problem\u00f3w z wyborem odpowiedniego rozwi\u0105zania finansowego do dyspozycji klienta pozostaje <strong>konsultant banku<\/strong>, kt\u00f3ry pomo\u017ce w podj\u0119ciu ostatecznej decyzji.<br \/>\n<\/span><\/p>\n<p style=\"text-align: center;\"><a class=\"btn btn-success\" href=\"https:\/\/rankomat.pl\/finanse\/kredyty-gotowkowe\/\">Sprawd\u017a oferty kredyt\u00f3w<\/a><\/p>\n<h2 style=\"text-align: justify;\"><b>Santander Bank Polska- kontakt<\/b><\/h2>\n<p><span style=\"font-weight: 400;\">Adres centrali: al. Jana Paw\u0142a II 17, 00-854 Warszawa<\/span><\/p>\n<p><span style=\"font-weight: 400;\">Infolinia: 1 9999 (dla telefon\u00f3w stacjonarnych), 781 119 999 (dla telefon\u00f3w kom\u00f3rkowych)<\/span><\/p>\n<p><span style=\"font-weight: 400;\">Email: <a href=\"mailto:kontakt@santander.pl\" target=\"_blank\" rel=\"noopener noreferrer\">kontakt@santander.pl<\/a><\/span><\/p>\n<p><span style=\"font-weight: 400;\">Adres strony kontaktowej: https:\/\/santander.pl\/informacje-o-banku\/kontakt\/kontakt.html<\/span><\/p>\n","protected":false},"excerpt":{"rendered":"<p>Lokaty \u00bb Jak za\u0142o\u017cy\u0107 konto \u00bb Jak zamkn\u0105\u0107 konto \u00bb Zacznijmy od tego, \u017ce Bank Zachodni WBK powsta\u0142 w 2001 [&hellip;]<\/p>\n","protected":false},"author":9,"featured_media":0,"parent":11004,"menu_order":0,"comment_status":"open","ping_status":"closed","template":"page_bank_new.php","meta":{"_acf_changed":false,"yasr_overall_rating":0,"yasr_post_is_review":"","yasr_auto_insert_disabled":"","yasr_review_type":"","footnotes":""},"class_list":["post-854","page","type-page","status-publish","hentry"],"acf":[],"yoast_head":"<!-- This site is optimized with the Yoast SEO plugin v27.1.1 - https:\/\/yoast.com\/product\/yoast-seo-wordpress\/ -->\n<title>Santander Bank Polska - Por\u00f3wnaj z 8 innymi bankami | Finanse.rankomat.pl<\/title>\n<meta name=\"robots\" content=\"index, follow, max-snippet:-1, max-image-preview:large, max-video-preview:-1\" \/>\n<link rel=\"canonical\" href=\"https:\/\/rankomat.pl\/finanse\/banki\/santander-bank-polska\/\" \/>\n<meta property=\"og:locale\" content=\"pl_PL\" \/>\n<meta property=\"og:type\" content=\"article\" \/>\n<meta property=\"og:title\" content=\"Santander Bank Polska - Por\u00f3wnaj z 8 innymi bankami | Finanse.rankomat.pl\" \/>\n<meta property=\"og:description\" content=\"Lokaty \u00bb Jak za\u0142o\u017cy\u0107 konto \u00bb Jak zamkn\u0105\u0107 konto \u00bb Zacznijmy od tego, \u017ce Bank Zachodni WBK powsta\u0142 w 2001 [&hellip;]\" \/>\n<meta property=\"og:url\" content=\"https:\/\/rankomat.pl\/finanse\/banki\/santander-bank-polska\/\" \/>\n<meta property=\"og:site_name\" content=\"Por\u00f3wnywarka finansowa Rankomat\" \/>\n<meta property=\"article:publisher\" content=\"https:\/\/www.facebook.com\/rankomatpl\/\" \/>\n<meta property=\"article:modified_time\" content=\"2026-04-23T10:50:50+00:00\" \/>\n<meta property=\"og:image\" content=\"https:\/\/rankomat.pl\/finanse\/wp-content\/uploads\/2019\/04\/logo-santander_87621.png\" \/>\n\t<meta property=\"og:image:width\" content=\"180\" \/>\n\t<meta property=\"og:image:height\" content=\"45\" \/>\n\t<meta property=\"og:image:type\" content=\"image\/png\" \/>\n<meta name=\"twitter:card\" content=\"summary_large_image\" \/>\n<meta name=\"twitter:site\" content=\"@rankomat\" \/>\n<meta name=\"twitter:label1\" content=\"Szacowany czas czytania\" \/>\n\t<meta name=\"twitter:data1\" content=\"4 minuty\" \/>\n<script type=\"application\/ld+json\" class=\"yoast-schema-graph\">{\"@context\":\"https:\/\/schema.org\",\"@graph\":[{\"@type\":\"ImageObject\",\"inLanguage\":\"pl-PL\",\"@id\":\"https:\/\/rankomat.pl\/finanse\/banki\/santander-bank-polska\/#primaryimage\",\"url\":\"https:\/\/rankomat.pl\/finanse\/wp-content\/uploads\/2019\/04\/logo-santander_87621.png\",\"contentUrl\":\"https:\/\/rankomat.pl\/finanse\/wp-content\/uploads\/2019\/04\/logo-santander_87621.png\",\"width\":180,\"height\":45},{\"@type\":\"BreadcrumbList\",\"@id\":\"https:\/\/rankomat.pl\/finanse\/banki\/santander-bank-polska\/#breadcrumb\",\"itemListElement\":[{\"@type\":\"ListItem\",\"position\":1,\"name\":\"Finanse\",\"item\":\"https:\/\/rankomat.pl\/finanse\/\"},{\"@type\":\"ListItem\",\"position\":2,\"name\":\"Banki\",\"item\":\"https:\/\/rankomat.pl\/finanse\/banki\/\"},{\"@type\":\"ListItem\",\"position\":3,\"name\":\"Santander Bank Polska\"}]}]}<\/script>\n<!-- \/ Yoast SEO plugin. -->","yoast_head_json":{"title":"Santander Bank Polska - Por\u00f3wnaj z 8 innymi bankami | Finanse.rankomat.pl","robots":{"index":"index","follow":"follow","max-snippet":"max-snippet:-1","max-image-preview":"max-image-preview:large","max-video-preview":"max-video-preview:-1"},"canonical":"https:\/\/rankomat.pl\/finanse\/banki\/santander-bank-polska\/","og_locale":"pl_PL","og_type":"article","og_title":"Santander Bank Polska - Por\u00f3wnaj z 8 innymi bankami | Finanse.rankomat.pl","og_description":"Lokaty \u00bb Jak za\u0142o\u017cy\u0107 konto \u00bb Jak zamkn\u0105\u0107 konto \u00bb Zacznijmy od tego, \u017ce Bank Zachodni WBK powsta\u0142 w 2001 [&hellip;]","og_url":"https:\/\/rankomat.pl\/finanse\/banki\/santander-bank-polska\/","og_site_name":"Por\u00f3wnywarka finansowa Rankomat","article_publisher":"https:\/\/www.facebook.com\/rankomatpl\/","article_modified_time":"2026-04-23T10:50:50+00:00","og_image":[{"width":180,"height":45,"url":"https:\/\/rankomat.pl\/finanse\/wp-content\/uploads\/2019\/04\/logo-santander_87621.png","type":"image\/png"}],"twitter_card":"summary_large_image","twitter_site":"@rankomat","twitter_misc":{"Szacowany czas czytania":"4 minuty"},"schema":{"@context":"https:\/\/schema.org","@graph":[{"@type":"ImageObject","inLanguage":"pl-PL","@id":"https:\/\/rankomat.pl\/finanse\/banki\/santander-bank-polska\/#primaryimage","url":"https:\/\/rankomat.pl\/finanse\/wp-content\/uploads\/2019\/04\/logo-santander_87621.png","contentUrl":"https:\/\/rankomat.pl\/finanse\/wp-content\/uploads\/2019\/04\/logo-santander_87621.png","width":180,"height":45},{"@type":"BreadcrumbList","@id":"https:\/\/rankomat.pl\/finanse\/banki\/santander-bank-polska\/#breadcrumb","itemListElement":[{"@type":"ListItem","position":1,"name":"Finanse","item":"https:\/\/rankomat.pl\/finanse\/"},{"@type":"ListItem","position":2,"name":"Banki","item":"https:\/\/rankomat.pl\/finanse\/banki\/"},{"@type":"ListItem","position":3,"name":"Santander Bank Polska"}]}]}},"yasr_visitor_votes":{"stars_attributes":{"read_only":false,"span_bottom":false},"number_of_votes":3824,"sum_votes":18736},"_links":{"self":[{"href":"https:\/\/rankomat.pl\/finanse\/wp-json\/wp\/v2\/pages\/854","targetHints":{"allow":["GET"]}}],"collection":[{"href":"https:\/\/rankomat.pl\/finanse\/wp-json\/wp\/v2\/pages"}],"about":[{"href":"https:\/\/rankomat.pl\/finanse\/wp-json\/wp\/v2\/types\/page"}],"author":[{"embeddable":true,"href":"https:\/\/rankomat.pl\/finanse\/wp-json\/wp\/v2\/users\/9"}],"replies":[{"embeddable":true,"href":"https:\/\/rankomat.pl\/finanse\/wp-json\/wp\/v2\/comments?post=854"}],"version-history":[{"count":0,"href":"https:\/\/rankomat.pl\/finanse\/wp-json\/wp\/v2\/pages\/854\/revisions"}],"up":[{"embeddable":true,"href":"https:\/\/rankomat.pl\/finanse\/wp-json\/wp\/v2\/pages\/11004"}],"wp:attachment":[{"href":"https:\/\/rankomat.pl\/finanse\/wp-json\/wp\/v2\/media?parent=854"}],"curies":[{"name":"wp","href":"https:\/\/api.w.org\/{rel}","templated":true}]}}