{"id":8598,"date":"2024-02-12T12:27:42","date_gmt":"2024-02-12T11:27:42","guid":{"rendered":"https:\/\/rankomat.pl\/finanse\/?page_id=8598"},"modified":"2024-02-12T12:27:42","modified_gmt":"2024-02-12T11:27:42","slug":"extraportfel","status":"publish","type":"page","link":"https:\/\/rankomat.pl\/finanse\/chwilowki\/firma\/extraportfel\/","title":{"rendered":"ExtraPortfel"},"content":{"rendered":"<h2><strong>Ile mog\u0119 po\u017cyczy\u0107 w ExtraPortfel?<\/strong><\/h2>\n<p>W serwisie ExtraPortfel czekaj\u0105 na nas po\u017cyczki w kwocie od 500 do 7500 z\u0142. Nowi klienci mog\u0105 liczy\u0107 na po\u017cyczk\u0119 do 3000 z\u0142, wy\u017csze kwoty s\u0105 zarezerwowane dla sta\u0142ych klient\u00f3w.<\/p>\n<h2><strong>Na jak d\u0142ugo mog\u0119 po\u017cyczy\u0107 w ExtraPortfel?<\/strong><\/h2>\n<p>ExtraPortfel oferuje klasyczne chwil\u00f3wki. Oznacza to, \u017ce ich czas sp\u0142aty jest niezale\u017cny od po\u017cyczanej kwoty i zawsze wynosi 30 dni. Jednocze\u015bnie pami\u0119tajmy, \u017ce mamy mo\u017cliwo\u015b\u0107 przed\u0142u\u017cenia tego czasu o kolejne 30 dni. Mo\u017cemy to zrobi\u0107 jednorazowo w czasie trwania umowy po\u017cyczkowej.<\/p>\n<h2><strong>Jakie s\u0105 koszty po\u017cyczki w ExtraPortfel?<\/strong><\/h2>\n<p>Wiemy ju\u017c, \u017ce czas trwania umowy po\u017cyczkowej jest taki sam dla ka\u017cdego zobowi\u0105zania. Jak jednak zmieniaj\u0105 si\u0119 koszty po\u017cyczki w zale\u017cno\u015bci od jej wysoko\u015bci? Sprawd\u017amy!<\/p>\n<p>Na pierwszy ogie\u0144 p\u00f3jdzie stosunkowo niska po\u017cyczka dla nowych klient\u00f3w. 1500 z\u0142 to jedna z popularniejszych kwot w\u015br\u00f3d po\u017cyczkobiorc\u00f3w \u2013 pomo\u017ce nam sfinansowa\u0107 wi\u0119kszy jednorazowy wydatek, a jednocze\u015bnie nie jest trudno j\u0105 sp\u0142aci\u0107. Jej koszty przedstawiaj\u0105 si\u0119 nast\u0119puj\u0105co:<\/p>\n<p>Kwota po\u017cyczki: 1500 z\u0142,<br \/>\nCzas sp\u0142aty: 30 dni,<br \/>\nProwizja: 411,15 z\u0142,<br \/>\nOprocentowanie: 8.85 z\u0142,<br \/>\nDo sp\u0142aty: 1920 z\u0142,<br \/>\nRRSO: 1932 %.<\/p>\n<p><strong>Maksymalna kwota, kt\u00f3r\u0105 mo\u017cemy po\u017cyczy\u0107 jako nowi klienci to 3000 z\u0142. Sprawd\u017amy, jak kszta\u0142tuje si\u0119 koszt takiej po\u017cyczki w ExtraPortfel:<\/strong><\/p>\n<ul>\n<li>Kwota po\u017cyczki: 3000 z\u0142,<\/li>\n<li>Czas sp\u0142aty: 30 dni,<\/li>\n<li>Prowizja: 822.30 z\u0142,<\/li>\n<li>Oprocentowanie: 17,70 z\u0142,<\/li>\n<li>Do sp\u0142aty: 3840 z\u0142,<\/li>\n<li>RRSO: 1932 %.<\/li>\n<\/ul>\n<p>Ostatnia omawiana przez nas po\u017cyczka jest dost\u0119pna wy\u0142\u0105cznie dla sta\u0142ych klient\u00f3w. Oznacza to, \u017ce powinni\u015bmy wzi\u0105\u0107 i terminowo sp\u0142aci\u0107 przynajmniej jedn\u0105 po\u017cyczk\u0119 w ExtraPortfel, by mie\u0107 dost\u0119p do kwot wy\u017cszych ni\u017c 3000 z\u0142. Parametry po\u017cyczki na 6000 z\u0142 wygl\u0105daj\u0105 nast\u0119puj\u0105co:<\/p>\n<ul>\n<li>Kwota po\u017cyczki: 6000 z\u0142,<\/li>\n<li>Czas sp\u0142aty: 30 dni,<\/li>\n<li>Prowizja: 1644.59 z\u0142,<\/li>\n<li>Oprocentowanie: 35.41 z\u0142,<\/li>\n<li>Do sp\u0142aty: 7680 z\u0142,<\/li>\n<li>RRSO: 1932 %.<\/li>\n<\/ul>\n<p>Je\u015bli jeste\u015bmy zainteresowani po\u017cyczk\u0105, ale nie jeste\u015bmy pewni, czy ta oferta jest dla nas najlepsza, warto skorzysta\u0107 z por\u00f3wnywarki po\u017cyczek. To pomo\u017ce nam w wyborze najkorzystniejszej dla nas opcji.<\/p>\n<h2>Warunki po\u017cyczki w Extrapotrfel<\/h2>\n<p>Warunki, jakie musimy spe\u0142ni\u0107, \u017ceby m\u00f3c skutecznie aplikowa\u0107 o po\u017cyczk\u0119 w ExtraPortfel s\u0105 nast\u0119puj\u0105ce:<\/p>\n<ul>\n<li>wiek w przedziale 21 \u2013 75 lat,<\/li>\n<li>obywatelstwo polskie,<\/li>\n<li>numer PESEL,<\/li>\n<li>adres zamieszkania na terenie Rzeczpospolitej Polskiej,<\/li>\n<li>osobisty rachunek bankowy zarejestrowany w Polsce,<\/li>\n<li>dow\u00f3d osobisty,<\/li>\n<li>telefon kom\u00f3rkowy,<\/li>\n<li>adres e-mail.<\/li>\n<\/ul>\n<p>Widzimy, \u017ce nie s\u0105 zbyt wyg\u00f3rowane i raczej zbie\u017cne z warunkami stawianymi przez inne firmy po\u017cyczkowe. Wyr\u00f3\u017cnia si\u0119 w zasadzie tylko przedzia\u0142 wiekowy, w kt\u00f3rym musimy si\u0119 znajdowa\u0107, aby aplikowa\u0107 o po\u017cyczk\u0119. W wielu firmach pr\u00f3g wiekowy wej\u015bcia jest ni\u017cszy, za\u015b g\u00f3rna granica wieku nie jest okre\u015blona. W tym przypadku przedzia\u0142 zosta\u0142 okre\u015blony na 21 \u2013 75 lat.<\/p>\n<h2>Dokumenty wymagane do otrzymania po\u017cyczki<\/h2>\n<p>Jedynym dokumentem wymaganym przez ExtraPortfel jest dow\u00f3d osobisty. Jest on nie tylko potwierdzeniem wieku i to\u017csamo\u015bci, ale tak\u017ce polskiego obywatelstwa. Po\u017cyczkodawca nie b\u0119dzie od nas wymaga\u0142 skanu dokumentu, wystarczy w odpowiednich rubrykach wniosku wpisa\u0107 numer i seri\u0119 dokumentu, a tak\u017ce jego dat\u0119 wa\u017cno\u015bci.<\/p>\n<h3>Formy zatrudnienia<\/h3>\n<p>ExtraPortfel jest do\u015b\u0107 elastyczny, je\u015bli chodzi o kwestie zatrudnienia. We wniosku po\u017cyczkowym znajdziemy kilka opcji, kt\u00f3re mog\u0105 opisa\u0107 nasz\u0105 sytuacj\u0119 na rynku pracy. S\u0105 one nast\u0119puj\u0105ce:<\/p>\n<ul>\n<li>umowa o prac\u0119,<\/li>\n<li>umowy cywilnoprawne: zlecenia lub o dzie\u0142o,<\/li>\n<li>dzia\u0142alno\u015b\u0107 gospodarcza,<\/li>\n<li>emerytura,<\/li>\n<li>renta,<\/li>\n<li>gospodarstwo rolne,<\/li>\n<li>bezrobotny,<\/li>\n<li>student,<\/li>\n<li>gospodyni domowa.<\/li>\n<\/ul>\n<h2>Weryfikacja w bazie d\u0142u\u017cnik\u00f3w<\/h2>\n<p>Sprawdzenie obecno\u015bci w bazie d\u0142u\u017cnik\u00f3w to obecnie standardowe dzia\u0142anie dla zdecydowanej wi\u0119kszo\u015bci firm po\u017cyczkowych. I chocia\u017c nie ka\u017cda firma wsp\u00f3\u0142pracuje ze wszystkimi bazami, to praktycznie ka\u017cda sprawdzi potencjalnych klient\u00f3w w przynajmniej jednym rejestrze. Jak to wygl\u0105da w ExtraPortfel?<\/p>\n<h3>Czy ExtraPortfel udziela po\u017cyczek na raty bez sprawdzania BIK?<\/h3>\n<p>Nie, w czasie rejestracji w serwisie powinni\u015bmy zaznaczy\u0107, \u017ce zapoznali\u015bmy si\u0119 z Polityk\u0105 Prywatno\u015bci firmy, w kt\u00f3rej znajdziemy informacj\u0119, \u017ce nasza historia kredytowa b\u0119dzie sprawdzona w takich bazach jak:<\/p>\n<ul>\n<li>Biuro Informacji Gospodarczej InfoMonitor S.A.<\/li>\n<li>Krajowy Rejestr D\u0142ug\u00f3w Biuro Informacji Gospodarczej S.A.<\/li>\n<li>Biuro Informacji Kredytowej S.A.<\/li>\n<li>Krajowe Biuro Informacji Gospodarczej S.A<\/li>\n<li>CRIF Sp. z o.o.<\/li>\n<\/ul>\n<h3>Czy ExtraPortfel udziela po\u017cyczek dla zad\u0142u\u017conych?<\/h3>\n<p>Nie ma przeszk\u00f3d, by osoba posiadaj\u0105ca zad\u0142u\u017cenie mog\u0142a wnioskowa\u0107 o po\u017cyczk\u0119. Chodzi tutaj zar\u00f3wno o posiadania innego zobowi\u0105zania, ale tak\u017ce o histori\u0119 kredytow\u0105 i zad\u0142u\u017cenia, kt\u00f3re nie zosta\u0142y uregulowane terminowo, co spowodowa\u0142o wpis do bazy d\u0142u\u017cnik\u00f3w.<\/p>\n<p>Algorytm, z kt\u00f3rego korzysta ExtraPortfel, we\u017amie te obie sytuacje pod uwag\u0119 i ocena naszej zdolno\u015bci kredytowej b\u0119dzie ni\u017csza. Jednak wszystko zale\u017cy od konkretnej sytuacji, a zw\u0142aszcza od tego:<\/p>\n<ul>\n<li>o jak du\u017cym zad\u0142u\u017ceniu m\u00f3wimy,<\/li>\n<li>jak powa\u017cne by\u0142o op\u00f3\u017anienie w sp\u0142atach,<\/li>\n<li>czy mowa o jednym op\u00f3\u017anieniu, czy o sta\u0142ym podej\u015bciu do sp\u0142at zobowi\u0105za\u0144,<\/li>\n<li>kiedy op\u00f3\u017anienie mia\u0142o miejsce \u2013 czy kilka lat temu, czy nadal trwa.<\/li>\n<\/ul>\n<p>Je\u017celi wpisy s\u0105 pojedyncze i sprzed wielu lat, a wysoko\u015b\u0107 rat sp\u0142acanego zobowi\u0105zania nie jest wysoka, w\u00f3wczas og\u00f3lna ocena naszej zdolno\u015bci kredytowej nie b\u0119dzie negatywna. Inaczej mo\u017ce by\u0107 w przypadku wielokrotnych wpis\u00f3w w bazach d\u0142u\u017cnik\u00f3w, a tak\u017ce poka\u017anego zad\u0142u\u017cenia zajmuj\u0105cego wi\u0119kszo\u015b\u0107 naszych obecnych zarobk\u00f3w.<\/p>\n<h3>Czy w ExtraPortfel mo\u017cna wzi\u0105\u0107 po\u017cyczk\u0119 z komornikiem?<\/h3>\n<p>ExtraPortfel dokonuje oceny zdolno\u015bci kredytowej wed\u0142ug autorskiego algorytmu. Tak powa\u017cne zad\u0142u\u017cenie z pewno\u015bci\u0105 nie zadzia\u0142a na nasz\u0105 korzy\u015b\u0107, jednak niekoniecznie musi przekre\u015bli\u0107 nasze szanse na po\u017cyczk\u0119. Wszystko zale\u017cy od indywidualnej sytuacji i innych czynnik\u00f3w sk\u0142adaj\u0105cych si\u0119 na nasz\u0105 zdolno\u015b\u0107 kredytow\u0105.<\/p>\n<h2>Jak wzi\u0105\u0107 po\u017cyczk\u0119 w ExtraPortfel?<\/h2>\n<p><strong>Krok 1 Wyb\u00f3r kwoty po\u017cyczki<\/strong><\/p>\n<p>Na g\u0142\u00f3wnej stronie znajdziemy suwak, na kt\u00f3rym mo\u017cemy wybra\u0107 interesuj\u0105c\u0105 nas kwot\u0119 po\u017cyczki. Dla nowych klient\u00f3w od 500 do 3000 z\u0142, dla sta\u0142ych do 7500 z\u0142, a nast\u0119pnie klikn\u0105\u0107 \u201cWe\u017a po\u017cyczk\u0119\u201d. Je\u015bli mamy kod rabatowy, to na tym etapie powinni\u015bmy go wklei\u0107 w odpowiednie miejsce.<\/p>\n<p><strong>Krok 2 Logowanie\/rejestracja w serwisie<\/strong><\/p>\n<p>Na nast\u0119pnym ekranie zobaczymy dwie opcje \u201cMam ju\u017c konto\u201d oraz \u201cJestem nowym klientem\u201d. W zale\u017cno\u015bci od naszego statusu mo\u017cemy zalogowa\u0107 si\u0119 do serwisu albo zarejestrowa\u0107 nowe konto.<\/p>\n<p>Za\u0142\u00f3\u017cmy, \u017ce jeste\u015bmy nowym klientem, wybieramy wi\u0119c opcj\u0119 rejestracji. Tam b\u0119dziemy musieli poda\u0107:<\/p>\n<ul>\n<li>imi\u0119 i nazwisko,<\/li>\n<li>numer PESEL,<\/li>\n<li>numer telefonu,<\/li>\n<li>adres e-mail,<\/li>\n<li>dane do logowania,<\/li>\n<\/ul>\n<p>a tak\u017ce zaznaczy\u0107 zgody na przetwarzanie naszych danych oraz o\u015bwiadczy\u0107 o zapoznaniu si\u0119 z dokumentami takimi jak Polityka prywatno\u015bci, czy Regulamin \u015bwiadczenia us\u0142ug drog\u0105 elektroniczn\u0105.<\/p>\n<p><strong>Krok 3 Weryfikacja numeru telefonu<\/strong><\/p>\n<p>Przyszed\u0142 czas na sprawdzenie naszego numeru telefonu. Na podany przez nas numer otrzymamy SMS z kodem, kt\u00f3ry powinni\u015bmy przepisa\u0107 do formularza. Je\u015bli podali\u015bmy b\u0142\u0119dny albo nieprawdziwy numer telefonu, mo\u017cemy wprowadzi\u0107 nowy, wystarczy klikn\u0105\u0107 opcj\u0119 \u201cZmie\u0144 numer telefonu\u201d<\/p>\n<p><strong>Krok 4 Wype\u0142nienie wniosku<\/strong><\/p>\n<p>W tej cz\u0119\u015bci wniosku powinni\u015bmy poda\u0107 pozosta\u0142e informacje z zakresu naszych danych osobowych:<\/p>\n<ul>\n<li>numer i seri\u0119 dowodu osobistego,<\/li>\n<li>obywatelstwo,<\/li>\n<li>adres zameldowania,<\/li>\n<\/ul>\n<p>oraz informacje na temat zatrudnienia:<\/p>\n<ul>\n<li>\u017ar\u00f3d\u0142o dochodu,<\/li>\n<li>wysoko\u015b\u0107 dochodu netto.<\/li>\n<\/ul>\n<p><strong>Krok 5 Weryfikacja konta bankowego<\/strong><\/p>\n<p>To ju\u017c ostatni etap sk\u0142adania wniosku. W celu identyfikacji mo\u017cemy skorzysta\u0107 z aplikacji Kontomatik, kt\u00f3ry umo\u017cliwia natychmiastow\u0105 weryfikacj\u0119 naszego rachunku bankowego lub wnie\u015b\u0107 op\u0142at\u0119 weryfikacyjn\u0105 0,01 z\u0142, za pomoc\u0105 standardowego przelewu.<\/p>\n<p><strong>Krok 6 Oczekiwanie na decyzj\u0119 po\u017cyczkow\u0105<\/strong><\/p>\n<p>Po wys\u0142aniu wniosku nie pozostaje nam nic innego, jak czeka\u0107 na decyzj\u0119. Z regu\u0142y ExtraPortfel potrzebuje ok. 15 minut, \u017ceby przeanalizowa\u0107 nasz\u0105 histori\u0119 kredytow\u0105 i obliczy\u0107 zdolno\u015b\u0107 do sp\u0142acenia po\u017cyczki we wnioskowanej kwocie. Je\u015bli we wniosku pojawi\u0105 si\u0119 b\u0142\u0119dy albo nasza ocena b\u0119dzie bardzo niska, pracownicy serwisu b\u0119d\u0105 starali si\u0119 z nami skontaktowa\u0107, by zada\u0107 kilka dodatkowych pyta\u0144. Nast\u0105pi to w godzinach pracy firmy. Je\u015bli decyzja po\u017cyczkowa w naszej sprawie b\u0119dzie pozytywna, otrzymamy tak\u0105 informacj\u0119 SMS-em i mailem, a pieni\u0105dze trafi\u0105 na nasze konto nawet w ci\u0105gu 15 minut.<\/p>\n<h2>Sp\u0142ata po\u017cyczki na raty w ExtraPortfel<\/h2>\n<p>Spos\u00f3b sp\u0142aty zobowi\u0105zania to dla wielu os\u00f3b kluczowy element przy podejmowaniu decyzji o z\u0142o\u017ceniu wniosku po\u017cyczkowego. W ExtraPortfel mamy do czynienia z chwil\u00f3wkami, kt\u00f3re powinny by\u0107 sp\u0142acone jednorazowo, w ci\u0105gu 30 dni. Sprawd\u017amy, jak to wygl\u0105da w praktyce.<\/p>\n<h3>Czy mo\u017cliwa jest sp\u0142ata po\u017cyczki ratalnej przed terminem?<\/h3>\n<p>Oczywi\u015bcie, ka\u017cda osoba zaci\u0105gaj\u0105ca po\u017cyczk\u0119 w legalnie dzia\u0142aj\u0105cej instytucji ma prawo do wcze\u015bniejszej sp\u0142aty cz\u0119\u015bci lub ca\u0142o\u015bci zobowi\u0105zania. Mo\u017cemy to zrobi\u0107 w porozumieniu z po\u017cyczkodawc\u0105, jednak nie mamy obowi\u0105zku informowa\u0107 go o zamiarze wcze\u015bniejszej sp\u0142aty. Koszty po\u017cyczki zostan\u0105 przeliczone proporcjonalnie do czasu, o kt\u00f3ry zosta\u0142a skr\u00f3cona umowa. Na rozliczenie z nami po\u017cyczkodawca ma 14 dni od momentu, gdy \u015brodki zostan\u0105 zaksi\u0119gowane na jego koncie.<\/p>\n<h3>Wyd\u0142u\u017cenie terminu sp\u0142aty<\/h3>\n<p>ExtraPortfel daje nam mo\u017cliwo\u015b\u0107 przesuni\u0119cia terminu sp\u0142aty po\u017cyczki o 30 dni. \u017beby to zrobi\u0107, musimy zalogowa\u0107 si\u0119 do Strefy Klienta i wybra\u0107 jedn\u0105 z dw\u00f3ch dost\u0119pnych opcji:<\/p>\n<ul>\n<li>certyfikat<\/li>\n<li>por\u0119czenie.<\/li>\n<\/ul>\n<p>Nast\u0119pnie powinni\u015bmy z\u0142o\u017cy\u0107 odpowiedni wniosek i prawid\u0142owo go rozliczy\u0107. Wszelkie informacje na temat wyd\u0142u\u017cenia czasu sp\u0142aty znajdziemy w Strefie Klienta lub otrzymamy kontaktuj\u0105c si\u0119 z po\u017cyczkodawc\u0105 telefonicznie lub mailowo. Z wyd\u0142u\u017cenia terminu sp\u0142aty mo\u017cemy skorzysta\u0107 jednorazowo w czasie trwania umowy po\u017cyczkowej.<\/p>\n<h3>Brak sp\u0142aty \u2013 co je\u015bli po\u017cyczka nie zostanie sp\u0142acona na czas<\/h3>\n<p>Je\u015bli wiemy, \u017ce b\u0119dziemy mie\u0107 problem z terminow\u0105 sp\u0142at\u0105 zobowi\u0105zania, serwis Extraportfel zach\u0119ca nas do kontaktu pod numerem 22 388 66 66. Brak terminowej sp\u0142aty b\u0119dzie skutkowa\u0142 kilkoma konsekwencjami, kt\u00f3re s\u0105 wymienione w umowie:<\/p>\n<ul>\n<li>rozpocz\u0119ciem dzia\u0142a\u0144 windykacyjnych, mowa w szczeg\u00f3lno\u015bci o kontakcie telefonicznym, komunikacji SMS, e-mail i listownej,<\/li>\n<li>przekazaniem sprawy do zewn\u0119trznej firmy windykacyjnej,<\/li>\n<li>prowadzeniem dzia\u0142a\u0144 z zakresu windykacji terenowej,<\/li>\n<li>dochodzeniem roszcze\u0144 na drodze s\u0105dowej i egzekucyjnej<\/li>\n<li>sprzeda\u017c\u0105 wierzytelno\u015bci za po\u015brednictwem Internetowych Gie\u0142d Wierzytelno\u015bci,<\/li>\n<li>cesj\u0105 wierzytelno\u015bci na podmiot trzeci.<\/li>\n<\/ul>\n<h3>Windykacja w ExtraPortfel<\/h3>\n<p>Windykacja to ostatni etap przed przekazaniem sprawy do s\u0105du. Najpierw zajmuje si\u0119 ni\u0105 odpowiedni dzia\u0142 wewn\u0105trz firmy, nast\u0119pnie jest przekazywana zewn\u0119trznym partnerom. Jej celem jest jak najszybsze skontaktowanie si\u0119 z d\u0142u\u017cnikiem i ustalenie kolejnych krok\u00f3w w celu sp\u0142acenia zad\u0142u\u017cenia. Pami\u0119tajmy, \u017ce le\u017cy to r\u00f3wnie\u017c w naszym interesie, bo przed\u0142u\u017canie problemu doprowadzi do pogorszenia naszej historii kredytowej, zwi\u0119kszenia odsetek, a ostatecznie tak\u017ce do przekazania sprawy do s\u0105du i komorniczej egzekucji d\u0142ugu.<\/p>\n<h2>Kolejna po\u017cyczka w ExtraPortfel<\/h2>\n<p>Z kolejnej po\u017cyczki w ExtraPortfel mo\u017cemy skorzysta\u0107 wy\u0142\u0105cznie po ca\u0142kowitym sp\u0142aceniu aktualnego zobowi\u0105zania. Nast\u0119pna po\u017cyczka mo\u017ce by\u0107 wy\u017csza, mamy mo\u017cliwo\u015b\u0107 wnioskowania o kwoty od 500 do 7500 z\u0142. Czas sp\u0142aty pozostaje bez zmian i wynosi 30 dni. O kolejn\u0105 po\u017cyczk\u0119 mo\u017cemy wnioskowa\u0107 na kilka sposob\u00f3w:<\/p>\n<ul>\n<li><strong>logowanie do Strefy Klienta<\/strong> \u2013 tam b\u0119dziemy mogli z\u0142o\u017cy\u0107 kolejny wniosek lub b\u0119dzie tam na nas czeka\u0107 gotowa oferta nast\u0119pnej po\u017cyczki. Jej warunki b\u0119d\u0105 zale\u017ca\u0142y od terminowo\u015bci w sp\u0142acie pierwszego zobowi\u0105zania;<\/li>\n<li><strong>telefoniczny kontakt z ExtraPortfel<\/strong> \u2013 mo\u017cemy tak\u017ce skorzysta\u0107 z kontaktu telefonicznego i w ten spos\u00f3b z\u0142o\u017cy\u0107 kolejny wniosek. Biuro jest czynne w dni robocze od 08:00 do 20:00 oraz w weekendy i \u015bwi\u0119ta od 09:00 do 18:00.<br \/>\nW czasie sk\u0142adania wniosku o nast\u0119pn\u0105 po\u017cyczk\u0119 nie musimy ju\u017c przechodzi\u0107 procesu weryfikacji, zostan\u0105 natomiast sprawdzone wpisy na nasz temat w bazach d\u0142u\u017cnik\u00f3w.<\/li>\n<\/ul>\n","protected":false},"excerpt":{"rendered":"<p>Ile mog\u0119 po\u017cyczy\u0107 w ExtraPortfel? W serwisie ExtraPortfel czekaj\u0105 na nas po\u017cyczki w kwocie od 500 do 7500 z\u0142. Nowi [&hellip;]<\/p>\n","protected":false},"author":60,"featured_media":8616,"parent":8676,"menu_order":0,"comment_status":"closed","ping_status":"closed","template":"page_lender.php","meta":{"_acf_changed":false,"yasr_overall_rating":0,"yasr_post_is_review":"","yasr_auto_insert_disabled":"","yasr_review_type":"","footnotes":""},"class_list":["post-8598","page","type-page","status-publish","has-post-thumbnail","hentry"],"acf":[],"yoast_head":"<!-- This site is optimized with the Yoast SEO plugin v27.1.1 - https:\/\/yoast.com\/product\/yoast-seo-wordpress\/ -->\n<title>ExtraPortfel | Por\u00f3wnywarka finansowa Rankomat<\/title>\n<meta name=\"robots\" content=\"index, follow, max-snippet:-1, max-image-preview:large, max-video-preview:-1\" \/>\n<link rel=\"canonical\" href=\"https:\/\/rankomat.pl\/finanse\/chwilowki\/firma\/extraportfel\/\" \/>\n<meta property=\"og:locale\" content=\"pl_PL\" \/>\n<meta property=\"og:type\" content=\"article\" \/>\n<meta property=\"og:title\" content=\"ExtraPortfel | Por\u00f3wnywarka finansowa Rankomat\" \/>\n<meta property=\"og:description\" content=\"Ile mog\u0119 po\u017cyczy\u0107 w ExtraPortfel? W serwisie ExtraPortfel czekaj\u0105 na nas po\u017cyczki w kwocie od 500 do 7500 z\u0142. Nowi [&hellip;]\" \/>\n<meta property=\"og:url\" content=\"https:\/\/rankomat.pl\/finanse\/chwilowki\/firma\/extraportfel\/\" \/>\n<meta property=\"og:site_name\" content=\"Por\u00f3wnywarka finansowa Rankomat\" \/>\n<meta property=\"article:publisher\" content=\"https:\/\/www.facebook.com\/rankomatpl\/\" \/>\n<meta property=\"og:image\" content=\"https:\/\/rankomat.pl\/finanse\/wp-content\/uploads\/2024\/02\/logo-extraportfel.png\" \/>\n\t<meta property=\"og:image:width\" content=\"250\" \/>\n\t<meta property=\"og:image:height\" content=\"75\" \/>\n\t<meta property=\"og:image:type\" content=\"image\/png\" \/>\n<meta name=\"twitter:card\" content=\"summary_large_image\" \/>\n<meta name=\"twitter:site\" content=\"@rankomat\" \/>\n<meta name=\"twitter:label1\" content=\"Szacowany czas czytania\" \/>\n\t<meta name=\"twitter:data1\" content=\"10 minut\" \/>\n<script type=\"application\/ld+json\" class=\"yoast-schema-graph\">{\"@context\":\"https:\/\/schema.org\",\"@graph\":[{\"@type\":\"ImageObject\",\"inLanguage\":\"pl-PL\",\"@id\":\"https:\/\/rankomat.pl\/finanse\/chwilowki\/firma\/extraportfel\/#primaryimage\",\"url\":\"https:\/\/rankomat.pl\/finanse\/wp-content\/uploads\/2024\/02\/logo-extraportfel.png\",\"contentUrl\":\"https:\/\/rankomat.pl\/finanse\/wp-content\/uploads\/2024\/02\/logo-extraportfel.png\",\"width\":250,\"height\":75},{\"@type\":\"BreadcrumbList\",\"@id\":\"https:\/\/rankomat.pl\/finanse\/chwilowki\/firma\/extraportfel\/#breadcrumb\",\"itemListElement\":[{\"@type\":\"ListItem\",\"position\":1,\"name\":\"Finanse\",\"item\":\"https:\/\/rankomat.pl\/finanse\/\"},{\"@type\":\"ListItem\",\"position\":2,\"name\":\"Chwil\u00f3wki\",\"item\":\"https:\/\/rankomat.pl\/finanse\/chwilowki\/\"},{\"@type\":\"ListItem\",\"position\":3,\"name\":\"Listing firm po\u017cyczkowych\",\"item\":\"https:\/\/rankomat.pl\/finanse\/chwilowki\/firma\/\"},{\"@type\":\"ListItem\",\"position\":4,\"name\":\"ExtraPortfel\"}]}]}<\/script>\n<!-- \/ Yoast SEO plugin. -->","yoast_head_json":{"title":"ExtraPortfel | Por\u00f3wnywarka finansowa Rankomat","robots":{"index":"index","follow":"follow","max-snippet":"max-snippet:-1","max-image-preview":"max-image-preview:large","max-video-preview":"max-video-preview:-1"},"canonical":"https:\/\/rankomat.pl\/finanse\/chwilowki\/firma\/extraportfel\/","og_locale":"pl_PL","og_type":"article","og_title":"ExtraPortfel | Por\u00f3wnywarka finansowa Rankomat","og_description":"Ile mog\u0119 po\u017cyczy\u0107 w ExtraPortfel? W serwisie ExtraPortfel czekaj\u0105 na nas po\u017cyczki w kwocie od 500 do 7500 z\u0142. Nowi [&hellip;]","og_url":"https:\/\/rankomat.pl\/finanse\/chwilowki\/firma\/extraportfel\/","og_site_name":"Por\u00f3wnywarka finansowa Rankomat","article_publisher":"https:\/\/www.facebook.com\/rankomatpl\/","og_image":[{"width":250,"height":75,"url":"https:\/\/rankomat.pl\/finanse\/wp-content\/uploads\/2024\/02\/logo-extraportfel.png","type":"image\/png"}],"twitter_card":"summary_large_image","twitter_site":"@rankomat","twitter_misc":{"Szacowany czas czytania":"10 minut"},"schema":{"@context":"https:\/\/schema.org","@graph":[{"@type":"ImageObject","inLanguage":"pl-PL","@id":"https:\/\/rankomat.pl\/finanse\/chwilowki\/firma\/extraportfel\/#primaryimage","url":"https:\/\/rankomat.pl\/finanse\/wp-content\/uploads\/2024\/02\/logo-extraportfel.png","contentUrl":"https:\/\/rankomat.pl\/finanse\/wp-content\/uploads\/2024\/02\/logo-extraportfel.png","width":250,"height":75},{"@type":"BreadcrumbList","@id":"https:\/\/rankomat.pl\/finanse\/chwilowki\/firma\/extraportfel\/#breadcrumb","itemListElement":[{"@type":"ListItem","position":1,"name":"Finanse","item":"https:\/\/rankomat.pl\/finanse\/"},{"@type":"ListItem","position":2,"name":"Chwil\u00f3wki","item":"https:\/\/rankomat.pl\/finanse\/chwilowki\/"},{"@type":"ListItem","position":3,"name":"Listing firm po\u017cyczkowych","item":"https:\/\/rankomat.pl\/finanse\/chwilowki\/firma\/"},{"@type":"ListItem","position":4,"name":"ExtraPortfel"}]}]}},"yasr_visitor_votes":{"stars_attributes":{"read_only":false,"span_bottom":false},"number_of_votes":2,"sum_votes":10},"_links":{"self":[{"href":"https:\/\/rankomat.pl\/finanse\/wp-json\/wp\/v2\/pages\/8598","targetHints":{"allow":["GET"]}}],"collection":[{"href":"https:\/\/rankomat.pl\/finanse\/wp-json\/wp\/v2\/pages"}],"about":[{"href":"https:\/\/rankomat.pl\/finanse\/wp-json\/wp\/v2\/types\/page"}],"author":[{"embeddable":true,"href":"https:\/\/rankomat.pl\/finanse\/wp-json\/wp\/v2\/users\/60"}],"replies":[{"embeddable":true,"href":"https:\/\/rankomat.pl\/finanse\/wp-json\/wp\/v2\/comments?post=8598"}],"version-history":[{"count":0,"href":"https:\/\/rankomat.pl\/finanse\/wp-json\/wp\/v2\/pages\/8598\/revisions"}],"up":[{"embeddable":true,"href":"https:\/\/rankomat.pl\/finanse\/wp-json\/wp\/v2\/pages\/8676"}],"wp:featuredmedia":[{"embeddable":true,"href":"https:\/\/rankomat.pl\/finanse\/wp-json\/wp\/v2\/media\/8616"}],"wp:attachment":[{"href":"https:\/\/rankomat.pl\/finanse\/wp-json\/wp\/v2\/media?parent=8598"}],"curies":[{"name":"wp","href":"https:\/\/api.w.org\/{rel}","templated":true}]}}