{"id":8602,"date":"2024-02-14T13:26:02","date_gmt":"2024-02-14T12:26:02","guid":{"rendered":"https:\/\/rankomat.pl\/finanse\/?page_id=8602"},"modified":"2024-02-14T13:26:02","modified_gmt":"2024-02-14T12:26:02","slug":"finbo","status":"publish","type":"page","link":"https:\/\/rankomat.pl\/finanse\/chwilowki\/firma\/finbo\/","title":{"rendered":"Finbo"},"content":{"rendered":"<p><strong>Finbo to \u015bwietne rozwi\u0105zanie dla os\u00f3b szukaj\u0105cych szybkiej po\u017cyczki przez internet \u2013 bez za\u015bwiadcze\u0144, por\u0119cze\u0144 i \u201eukrytych koszt\u00f3w\u201d \u2013 kt\u00f3ra deklaruje, \u017ce najwa\u017cniejsze jest dla niej zadowolenie klienta i zaoferowanie mu atrakcyjnej i konkurencyjnej oferty.<\/strong><\/p>\n<p>&nbsp;<\/p>\n<p>Chocia\u017c dzia\u0142a na rynku stosunkowo od niedawna, stoi za ni\u0105 Fincapital Sp. z o.o. \u2013 podmiot b\u0119d\u0105cy w\u0142a\u015bcicielem doskonale znanej marki Kuki.<\/p>\n<h2>Ile mog\u0119 po\u017cyczy\u0107 w Finbo?<\/h2>\n<p>Po\u017cyczanie w Finbo mo\u017cna zacz\u0105\u0107 ju\u017c od 500 z\u0142. Z kolei maksymalne limity kwot przedstawiaj\u0105 si\u0119 nast\u0119puj\u0105co:<\/p>\n<ul>\n<li>5.000 z\u0142 dla nowych klient\u00f3w<\/li>\n<li>15.000 z\u0142 dla powracaj\u0105cych klient\u00f3w<\/li>\n<\/ul>\n<h2>Na jak d\u0142ugo mog\u0119 po\u017cyczy\u0107 w Finbo?<\/h2>\n<p>W Finbo, bez wzgl\u0119du na wybran\u0105 kwot\u0119, zawsze wnioskuje si\u0119 o chwil\u00f3wk\u0119 na 30 dni. Po\u017cyczkodawca udost\u0119pnia jednak opcj\u0119 wyd\u0142u\u017cenia terminu sp\u0142aty w razie niesprzyjaj\u0105cych okoliczno\u015bci, kt\u00f3re mog\u0105 wp\u0142yn\u0105\u0107 na zdolno\u015b\u0107 do uregulowania zobowi\u0105zania do dnia wyznaczonego w umowie.<\/p>\n<h2>Jakie s\u0105 koszty po\u017cyczki w Finbo?<\/h2>\n<p>Chwil\u00f3wki online w Finbo mog\u0105 by\u0107 zupe\u0142nie darmowe, o ile:<\/p>\n<ul>\n<li>Jest si\u0119 zupe\u0142nie nowym klientem firmy ORAZ<\/li>\n<li>Sk\u0142ada si\u0119 wniosek po\u017cyczkowy o co najmniej 3.000 z\u0142, A TAK\u017bE<\/li>\n<li>Zobowi\u0105zanie zostanie sp\u0142acone we wskazanym w umowie terminie.<\/li>\n<\/ul>\n<p>Po spe\u0142nieniu tych warunk\u00f3w sp\u0142aca si\u0119 dok\u0142adnie tak\u0105 sam\u0105 kwot\u0119, jak\u0105 si\u0119 po\u017cyczy\u0142o. W przypadku ich niedotrzymania promocja przestaje obowi\u0105zywa\u0107, a poza obci\u0105\u017ceniem dodatkowymi kosztami zgodnie z aktualnie obowi\u0105zuj\u0105cymi stawkami po\u017cyczkodawcy, trzeba b\u0119dzie dodatkowo zap\u0142aci\u0107 odsetki za op\u00f3\u017anienie. Ich maksymaln\u0105 wysoko\u015b\u0107 w skali roku wylicza si\u0119 wed\u0142ug wzoru:<\/p>\n<p>2 x (5,5% + aktualna stopa referencyjna NBP)<\/p>\n<p><strong>Pierwsza po\u017cyczka w Finbo w wysoko\u015bci 3.000 z\u0142<\/strong><\/p>\n<ul>\n<li>Kwota po\u017cyczki: 3.000 z\u0142<\/li>\n<li>Okres sp\u0142aty: 30 dni<\/li>\n<li>Odsetki: 44,38 z\u0142<\/li>\n<li>Prowizja: 324.62 z\u0142<\/li>\n<li>RRSO: 310,16%<\/li>\n<li>Ca\u0142kowita kwota do sp\u0142aty: 3369 z\u0142<\/li>\n<\/ul>\n<p>A ile kosztuje po\u017cyczka na tak\u0105 sam\u0105 kwot\u0119, je\u015bli po\u017cycza si\u0119 w Finbo po raz kolejny? C\u00f3\u017c, b\u0119dzie to zale\u017ca\u0142o od tego, czy zostanie uregulowana w terminie. Sumienni klienci maj\u0105 szans\u0119 na \u201eRabat za terminow\u0105 sp\u0142at\u0119\u201d.<\/p>\n<p><strong>Kolejna po\u017cyczka w Finbo w wysoko\u015bci 3.000 z\u0142<\/strong><\/p>\n<ul>\n<li>Kwota po\u017cyczki: 3.000 z\u0142<\/li>\n<li>Okres sp\u0142aty: 30 dni<\/li>\n<li>Odsetki: 44,38 z\u0142<\/li>\n<li>Prowizja: 324,62 z\u0142<\/li>\n<li>RRSO: 310.16 %<\/li>\n<li>Ca\u0142kowita kwota do sp\u0142aty: 3369 z\u0142<\/li>\n<\/ul>\n<p>Kalkulacj\u0119 przeprowadzili\u015bmy 05 pa\u017adziernika 2023 roku, korzystaj\u0105c z kalkulatora dost\u0119pnego na stronie internetowej po\u017cyczkodawcy.<\/p>\n<h2>Warunki otrzymania po\u017cyczki w Finbo<\/h2>\n<p>Do ubiegania si\u0119 o chwil\u00f3wk\u0119 w Finbo wystarczy spe\u0142nienie kilku naprawd\u0119 prostych warunk\u00f3w. Oto najwa\u017cniejsze z nich:<\/p>\n<ul>\n<li>Wiek: 20-75 lat<\/li>\n<li>Posiadanie w\u0142asnego (czyli niewsp\u00f3\u0142dzielonego z inn\u0105 osob\u0105) konta bankowego<\/li>\n<li>Posiadanie aktywnego numeru telefonu kom\u00f3rkowego<\/li>\n<li>Posiadanie wa\u017cnego dowodu osobistego<\/li>\n<li>Posiadanie polskiego obywatelstwa<\/li>\n<li>Miejsce zamieszkania na terenie Polski<\/li>\n<li>Posiadanie pe\u0142nej zdolno\u015bci do czynno\u015bci prawnych<\/li>\n<\/ul>\n<h3>Dokumenty wymagane do otrzymania po\u017cyczki<\/h3>\n<p>W Finbo, podobnie jak w wi\u0119kszo\u015bci firm z sektora pozabankowego, jedynym dokumentem niezb\u0119dnym podczas ubiegania si\u0119 o chwil\u00f3wk\u0119, <strong>b\u0119dzie wa\u017cny dow\u00f3d osobisty<\/strong>. Zawarte w nim informacje nale\u017cy wpisa\u0107 w odpowiednim miejscu we wniosku po\u017cyczkowym.<\/p>\n<h3><strong>Formy zatrudnienia<\/strong><\/h3>\n<p>Istot\u0105 dzia\u0142ania firm pozabankowych jest umo\u017cliwienie klientom uzyskania finansowania na mniej restrykcyjnych zasadach ni\u017c w bankach. Mi\u0119dzy innymi z tego powodu akceptuj\u0105 one o wiele wi\u0119cej \u017ar\u00f3de\u0142 dochodu ni\u017c instytucje bankowe.<\/p>\n<p>Poza typow\u0105 umow\u0105 o prac\u0119 przysz\u0142y klient mo\u017ce by\u0107 zatrudniony r\u00f3wnie\u017c na umow\u0119 zlecenie, umow\u0119 o dzie\u0142o lub prowadzi\u0107 w\u0142asn\u0105 dzia\u0142alno\u015b\u0107 gospodarcz\u0105. Po\u017cyczki pozabankowe to produkty, z kt\u00f3rych bez przeszk\u00f3d skorzystaj\u0105 tak\u017ce emeryci i renci\u015bci, a nawet osoby pobieraj\u0105ce \u015bwiadczenia rodzinne i zasi\u0142ki oraz stypendia.<\/p>\n<h2>Weryfikacja w bazie d\u0142u\u017cnik\u00f3w<\/h2>\n<p>Jednym z element\u00f3w odpowiedzialnego po\u017cyczania, kt\u00f3re staraj\u0105 si\u0119 promowa\u0107 rzetelne firmy pozabankowe, jest upewnienie si\u0119, czy zad\u0142u\u017cenie nie b\u0119dzie dla klienta pocz\u0105tkiem wi\u0119kszych problem\u00f3w finansowych.<\/p>\n<p>Dost\u0119pno\u015b\u0107 po\u017cyczek i niewielkie wymagania wzgl\u0119dem po\u017cyczkodawc\u00f3w zach\u0119caj\u0105 do korzystania z ofert firm pozabankowych r\u00f3wnie\u017c osoby, kt\u00f3re zmagaj\u0105 si\u0119 z p\u0119tl\u0105 zad\u0142u\u017cenia i pr\u00f3buj\u0105 otrzyma\u0107 \u015brodki z kolejnego zobowi\u0105zania na sp\u0142at\u0119 poprzedniego, nie my\u015bl\u0105c o tym, jak poradz\u0105 sobie z narastaj\u0105cymi kosztami i kolejnymi odsetkami za op\u00f3\u017anienie. To jeden z powod\u00f3w, dla kt\u00f3rych firmy z sektora pozabankowego nie rezygnuj\u0105 ze sprawdzania rejestr\u00f3w informacji gospodarczej i baz d\u0142u\u017cnik\u00f3w.<\/p>\n<p><em><strong>Finbo podczas weryfikacji wniosku klienta sprawdza: BIG Infomonitor, BIK, ERIF i KRD.<\/strong><\/em><\/p>\n<h3>Czy Finbo udziela po\u017cyczek na raty bez sprawdzania BIK?<\/h3>\n<p>Chocia\u017c firmy pozabankowe nie s\u0105 do tego zobowi\u0105zane na mocy aktualnie obowi\u0105zuj\u0105cych przepis\u00f3w, Finbo wsp\u00f3\u0142pracuje z Biurem Informacji Kredytowej (BIK) i wykorzystuje zawarte w bazie informacje do oceny zdolno\u015bci kredytowej wnioskodawcy.<\/p>\n<h3>Czy Finbo udziela po\u017cyczek dla zad\u0142u\u017conych?<\/h3>\n<p>Osoba zad\u0142u\u017cona mo\u017ce otrzyma\u0107 po\u017cyczk\u0119 w Finbo pod warunkiem, \u017ce terminowo sp\u0142aca wszelkie zobowi\u0105zania. W innym wypadku decyzja o przyznaniu \u015brodk\u00f3w w tej firmie zapewne b\u0119dzie odmowna. Ka\u017cdy wniosek jednak ocenia si\u0119 indywidualnie, a pod uwag\u0119 brana jest og\u00f3lna sytuacja finansowa potencjalnego klienta.<\/p>\n<h3>Czy w Finbo mo\u017cna wzi\u0105\u0107 po\u017cyczk\u0119 z komornikiem?<\/h3>\n<p>Je\u017celi dosz\u0142o do zaj\u0119cia komorniczego, oznacza to, \u017ce sytuacja finansowa d\u0142u\u017cnika jest bardzo trudna. W takim wypadku po\u017cyczanie mu kolejnych \u015brodk\u00f3w by\u0142oby nieodpowiedzialne r\u00f3wnie\u017c z czysto biznesowego punktu widzenia. \u017badna firma nie chce \u015bwiadomie nara\u017ca\u0107 si\u0119 na ryzyko poniesienia strat. Po\u017cyczka z komornikiem by\u0142aby w zasadzie ich gwarancj\u0105, dlatego w Finbo taka opcja nie jest mo\u017cliwa.<\/p>\n<h2>Jak wzi\u0105\u0107 po\u017cyczk\u0119 w Finbo?<\/h2>\n<p>Aby zawnioskowa\u0107 o przyznanie po\u017cyczki w Finbo, wystarczy wykona\u0107 zaledwie kilka prostych krok\u00f3w.<\/p>\n<p><strong>Krok 1 Wybierz kwot\u0119 po\u017cyczki<\/strong><\/p>\n<p>Po wej\u015bciu na stron\u0119 internetow\u0105 Finbo okre\u015blenie kwoty i koszt\u00f3w zobowi\u0105zania umo\u017cliwi kalkulator po\u017cyczkowy. Trzeba wybra\u0107 na nim kwot\u0119, o jak\u0105 chce si\u0119 wnioskowa\u0107, a tak\u017ce zaznaczy\u0107, czy chodzi o pierwsz\u0105, czy o kolejn\u0105 po\u017cyczk\u0119. Je\u015bli wszystko si\u0119 zgadza, nale\u017cy klikn\u0105\u0107 przycisk \u201eWe\u017a po\u017cyczk\u0119\u201d. Po klikni\u0119ciu nast\u0105pi automatyczne przekierowanie na stron\u0119 logowania do Profilu Klienta.<\/p>\n<p><strong>Krok 2 Za\u0142\u00f3\u017c Profil Klienta na stronie po\u017cyczkodawcy<\/strong><\/p>\n<p>Stali klienci mog\u0105 od razu zalogowa\u0107 si\u0119 na sw\u00f3j profil, kt\u00f3ry za\u0142o\u017cyli podczas pierwszej wizyty w serwisie Finbo.<\/p>\n<p>Profil Klienta musz\u0105 natomiast za\u0142o\u017cy\u0107 osoby, kt\u00f3re korzystaj\u0105 z us\u0142ug Finbo po raz pierwszy. Rejestracja w serwisie nie zajmuje wiele czasu i jest bardzo prosta.<\/p>\n<p>Wystarczy poda\u0107<strong> imi\u0119, nazwisko, numer PESEL, seri\u0119 i numer dowodu osobistego, adres e-mail oraz numer telefonu, na kt\u00f3ry przyjdzie kod SMS do weryfikacji.<\/strong> Po wpisaniu go w odpowiednie pole, utworzeniu has\u0142a i zaakceptowaniu regulaminu, polityki prywatno\u015bci i niezb\u0119dnych zg\u00f3d marketingowych mo\u017cna przej\u015b\u0107 do wype\u0142niania wniosku.<\/p>\n<p><strong>Krok 3 Wype\u0142nij wniosek po\u017cyczkowy przez internet<\/strong><\/p>\n<p>W formularzu po\u017cyczkowym, opr\u00f3cz danych podawanych na etapie rejestracji konta, b\u0119dzie trzeba wype\u0142ni\u0107 jeszcze kilka innych p\u00f3l. Po\u017cyczkodawca zapyta m.in. o \u017ar\u00f3d\u0142o dochodu czy liczb\u0119 os\u00f3b zamieszkuj\u0105cych gospodarstwo domowe \u2013 wszystko po to, by m\u00f3c lepiej oceni\u0107 kondycj\u0119 finansow\u0105 wnioskuj\u0105cego.<\/p>\n<p><strong>Krok 4 Zweryfikuj swoj\u0105 to\u017csamo\u015b\u0107<\/strong><\/p>\n<p>Przed wys\u0142aniem wniosku do weryfikacji niezb\u0119dne b\u0119dzie jeszcze dokonanie tzw. op\u0142aty rejestracyjnej w wysoko\u015bci 1 grosza. Po\u017cyczkodawca potwierdza w ten spos\u00f3b to\u017csamo\u015b\u0107 klienta.<\/p>\n<p>Przelew nale\u017cy wykona\u0107 z tego samego rachunku, kt\u00f3rego numer zosta\u0142 podany w formularzu po\u017cyczkowym. Bardzo wa\u017cne jest te\u017c wpisanie odpowiedniego tytu\u0142u przelewu: \u201ePotwierdzam Warunki Umowy Finbo (numer PESEL klienta)\u201d.<\/p>\n<p>Je\u017celi tytu\u0142 przelewu b\u0119dzie inny lub numer konta oka\u017ce si\u0119 niezgodny z tym podanym we wniosku, op\u0142ata rejestracyjna nie zostanie zatwierdzona. Uniemo\u017cliwi to rozpatrzenie wniosku i wydanie pozytywnej decyzji o przyznaniu po\u017cyczki.<\/p>\n<p>Potem pozostaje ju\u017c tylko poczeka\u0107 na decyzj\u0119 po\u017cyczkodawcy. To, kiedy zostanie podj\u0119ta zale\u017cy m.in. od tego, jak szybko zostanie zaksi\u0119gowany przelew z op\u0142at\u0105 rejestracyjn\u0105 (zale\u017cy to g\u0142\u00f3wnie od banku, w kt\u00f3rym posiada si\u0119 konto i godzin sesji przychodz\u0105cych). Finbo posiada rachunki w kilku bankach (PKO BP, mBank, Santander, Alior Bank, Millennium Bank, Getin Bank). Je\u015bli klient posiada konto w kt\u00f3rym\u015b z nich i zleci przelew na rachunek po\u017cyczkodawcy w tym samym banku, czas oczekiwania powinien zosta\u0107 skr\u00f3cony do minimum.<\/p>\n<h2>Sp\u0142ata po\u017cyczki w Finbo<\/h2>\n<p>Sp\u0142ata po\u017cyczki w Finbo wygl\u0105da tak samo jak w przypadku niemal ka\u017cdej chwil\u00f3wki: sp\u0142aca si\u0119 j\u0105 \u201ena raz\u201d, w terminie ustalonym w umowie zawartej z po\u017cyczkodawc\u0105 (po 30 dniach od zaci\u0105gni\u0119cia).<\/p>\n<p>Sp\u0142aty dokonuje si\u0119 przelewem na jedno z kont bankowych po\u017cyczkodawcy. W tytule takiego przelewu nale\u017cy wpisa\u0107 \u201eSp\u0142ata po\u017cyczki nr (numer po\u017cyczki klienta dost\u0119pny po zalogowaniu na Profil Klienta)\u201d. Najlepiej zrobi\u0107 to z rachunku, kt\u00f3rego numer poda\u0142o si\u0119 wcze\u015bniej we wniosku, jednak w razie konieczno\u015bci sp\u0142aty mo\u017cna dokona\u0107 r\u00f3wnie\u017c z innego konta (nie zapominaj\u0105c przy tym o podaniu prawid\u0142owego numeru po\u017cyczki w tytule przelewu). Nale\u017cy w\u00f3wczas dodatkowo przes\u0142a\u0107 potwierdzenie przelewu na adres: info@finbo.pl.<\/p>\n<h3>Czy mo\u017cliwa jest sp\u0142ata po\u017cyczki przed terminem?<\/h3>\n<p>Finbo <strong>udost\u0119pnia swoim klientom mo\u017cliwo\u015b\u0107 uregulowania zobowi\u0105zania przed wyznaczonym terminem<\/strong>. Z opcji tej mo\u017cna skorzysta\u0107 w dowolnym momencie w trakcie okresu trwania po\u017cyczki.<\/p>\n<h3>Wyd\u0142u\u017cenie terminu sp\u0142aty<\/h3>\n<p>Je\u015bli wiadomo, \u017ce terminowa sp\u0142ata zobowi\u0105zania mo\u017ce okaza\u0107 si\u0119 problematyczna, warto jak najszybciej skontaktowa\u0107 si\u0119 z Dzia\u0142em Windykacji Finbo (pod numerem telefonu 22\u202f266 81 71 lub mailowo na windykacja@finbo.pl) i powiadomi\u0107 o zaistnia\u0142ej sytuacji. Konsultanci firmy na pewno zaproponuj\u0105 rozwi\u0105zanie, kt\u00f3re b\u0119dzie korzystne dla obu stron.<\/p>\n<h3>Brak sp\u0142aty \u2013 co, je\u015bli po\u017cyczka nie zostanie sp\u0142acona na czas?<\/h3>\n<p>W przypadku braku terminowej sp\u0142aty, po\u017cyczkodawca zgodnie z obowi\u0105zuj\u0105cym prawem, doliczy do zad\u0142u\u017cenia odsetki za op\u00f3\u017anienie w wysoko\u015bci obliczonej wed\u0142ug wzoru:<\/p>\n<p>2x (5,5% + aktualna stopa referencyjna Narodowego Banku Polskiego).<\/p>\n<h3>Windykacja w Finbo<\/h3>\n<p>W\u015br\u00f3d sposob\u00f3w na uporanie si\u0119 z zad\u0142u\u017ceniem najcz\u0119\u015bciej proponowanych przez Dzia\u0142 Windykacji mo\u017cna wymieni\u0107:<\/p>\n<ul>\n<li>Wyd\u0142u\u017cenie terminu sp\u0142aty za dodatkow\u0105 op\u0142at\u0105 (refinansowanie po\u017cyczki)<\/li>\n<li>Roz\u0142o\u017cenie zobowi\u0105zania na raty, by umo\u017cliwi\u0107 uregulowanie go<\/li>\n<\/ul>\n<p>Je\u015bli rozwi\u0105zanie wypracowane z Dzia\u0142em Windykacji Finbo nie przyniesie efektu lub d\u0142u\u017cnik odmawia kontaktu i zobowi\u0105zanie nadal pozostanie niesp\u0142acone, sprawa zostanie przekazana zewn\u0119trznej firmie windykacyjnej. W przypadku gdy zawiod\u0105 sposoby tzw. mi\u0119kkiej windykacji, b\u0119dzie trzeba wykorzysta\u0107 sposoby dochodzenia roszcze\u0144 przys\u0142uguj\u0105ce po\u017cyczkodawcy na mocy przepis\u00f3w, w tym na drodze s\u0105dowej. Ostatnim etapem, na mocy wyroku s\u0105dowego z klauzul\u0105 wykonalno\u015bci, b\u0119dzie zajecie sk\u0142adnik\u00f3w maj\u0105tku osoby zad\u0142u\u017conej przez komornika.<\/p>\n<h2>Kolejna po\u017cyczka w Finbo<\/h2>\n<p>Po\u017cyczaj\u0105cy w Finbo po raz kolejny mog\u0105 wnioskowa\u0107 o dok\u0142adnie trzy razy wy\u017csz\u0105 kwot\u0119 ni\u017c zupe\u0142nie nowi klienci (nawet do 15.000 z\u0142). W przypadku terminowej sp\u0142aty zad\u0142u\u017cenia nadal jednak b\u0119dzie przys\u0142ugiwa\u0142 im rabat obni\u017caj\u0105cy koszty prowizji. Wszystkie informacje na ten temat i powiadomienia o aktualnych promocjach s\u0105 zawsze dost\u0119pne po zalogowaniu si\u0119 na Profil Klienta.<\/p>\n","protected":false},"excerpt":{"rendered":"<p>Finbo to \u015bwietne rozwi\u0105zanie dla os\u00f3b szukaj\u0105cych szybkiej po\u017cyczki przez internet \u2013 bez za\u015bwiadcze\u0144, por\u0119cze\u0144 i \u201eukrytych koszt\u00f3w\u201d \u2013 kt\u00f3ra [&hellip;]<\/p>\n","protected":false},"author":60,"featured_media":8614,"parent":8676,"menu_order":0,"comment_status":"closed","ping_status":"closed","template":"page_lender.php","meta":{"_acf_changed":false,"yasr_overall_rating":0,"yasr_post_is_review":"","yasr_auto_insert_disabled":"","yasr_review_type":"","footnotes":""},"class_list":["post-8602","page","type-page","status-publish","has-post-thumbnail","hentry"],"acf":[],"yoast_head":"<!-- This site is optimized with the Yoast SEO plugin v27.1.1 - https:\/\/yoast.com\/product\/yoast-seo-wordpress\/ -->\n<title>Finbo | Por\u00f3wnywarka finansowa Rankomat<\/title>\n<meta name=\"robots\" content=\"index, follow, max-snippet:-1, max-image-preview:large, max-video-preview:-1\" \/>\n<link rel=\"canonical\" href=\"https:\/\/rankomat.pl\/finanse\/chwilowki\/firma\/finbo\/\" \/>\n<meta property=\"og:locale\" content=\"pl_PL\" \/>\n<meta property=\"og:type\" content=\"article\" \/>\n<meta property=\"og:title\" content=\"Finbo | Por\u00f3wnywarka finansowa Rankomat\" \/>\n<meta property=\"og:description\" content=\"Finbo to \u015bwietne rozwi\u0105zanie dla os\u00f3b szukaj\u0105cych szybkiej po\u017cyczki przez internet \u2013 bez za\u015bwiadcze\u0144, por\u0119cze\u0144 i \u201eukrytych koszt\u00f3w\u201d \u2013 kt\u00f3ra [&hellip;]\" \/>\n<meta property=\"og:url\" content=\"https:\/\/rankomat.pl\/finanse\/chwilowki\/firma\/finbo\/\" \/>\n<meta property=\"og:site_name\" content=\"Por\u00f3wnywarka finansowa Rankomat\" \/>\n<meta property=\"article:publisher\" content=\"https:\/\/www.facebook.com\/rankomatpl\/\" \/>\n<meta property=\"og:image\" content=\"https:\/\/rankomat.pl\/finanse\/wp-content\/uploads\/2024\/02\/finbo-logo.png\" \/>\n\t<meta property=\"og:image:width\" content=\"250\" \/>\n\t<meta property=\"og:image:height\" content=\"75\" \/>\n\t<meta property=\"og:image:type\" content=\"image\/png\" \/>\n<meta name=\"twitter:card\" content=\"summary_large_image\" \/>\n<meta name=\"twitter:site\" content=\"@rankomat\" \/>\n<meta name=\"twitter:label1\" content=\"Szacowany czas czytania\" \/>\n\t<meta name=\"twitter:data1\" content=\"10 minut\" \/>\n<script type=\"application\/ld+json\" class=\"yoast-schema-graph\">{\"@context\":\"https:\/\/schema.org\",\"@graph\":[{\"@type\":\"ImageObject\",\"inLanguage\":\"pl-PL\",\"@id\":\"https:\/\/rankomat.pl\/finanse\/chwilowki\/firma\/finbo\/#primaryimage\",\"url\":\"https:\/\/rankomat.pl\/finanse\/wp-content\/uploads\/2024\/02\/finbo-logo.png\",\"contentUrl\":\"https:\/\/rankomat.pl\/finanse\/wp-content\/uploads\/2024\/02\/finbo-logo.png\",\"width\":250,\"height\":75,\"caption\":\"Finbo logo\"},{\"@type\":\"BreadcrumbList\",\"@id\":\"https:\/\/rankomat.pl\/finanse\/chwilowki\/firma\/finbo\/#breadcrumb\",\"itemListElement\":[{\"@type\":\"ListItem\",\"position\":1,\"name\":\"Finanse\",\"item\":\"https:\/\/rankomat.pl\/finanse\/\"},{\"@type\":\"ListItem\",\"position\":2,\"name\":\"Chwil\u00f3wki\",\"item\":\"https:\/\/rankomat.pl\/finanse\/chwilowki\/\"},{\"@type\":\"ListItem\",\"position\":3,\"name\":\"Listing firm po\u017cyczkowych\",\"item\":\"https:\/\/rankomat.pl\/finanse\/chwilowki\/firma\/\"},{\"@type\":\"ListItem\",\"position\":4,\"name\":\"Finbo\"}]}]}<\/script>\n<!-- \/ Yoast SEO plugin. -->","yoast_head_json":{"title":"Finbo | Por\u00f3wnywarka finansowa Rankomat","robots":{"index":"index","follow":"follow","max-snippet":"max-snippet:-1","max-image-preview":"max-image-preview:large","max-video-preview":"max-video-preview:-1"},"canonical":"https:\/\/rankomat.pl\/finanse\/chwilowki\/firma\/finbo\/","og_locale":"pl_PL","og_type":"article","og_title":"Finbo | Por\u00f3wnywarka finansowa Rankomat","og_description":"Finbo to \u015bwietne rozwi\u0105zanie dla os\u00f3b szukaj\u0105cych szybkiej po\u017cyczki przez internet \u2013 bez za\u015bwiadcze\u0144, por\u0119cze\u0144 i \u201eukrytych koszt\u00f3w\u201d \u2013 kt\u00f3ra [&hellip;]","og_url":"https:\/\/rankomat.pl\/finanse\/chwilowki\/firma\/finbo\/","og_site_name":"Por\u00f3wnywarka finansowa Rankomat","article_publisher":"https:\/\/www.facebook.com\/rankomatpl\/","og_image":[{"width":250,"height":75,"url":"https:\/\/rankomat.pl\/finanse\/wp-content\/uploads\/2024\/02\/finbo-logo.png","type":"image\/png"}],"twitter_card":"summary_large_image","twitter_site":"@rankomat","twitter_misc":{"Szacowany czas czytania":"10 minut"},"schema":{"@context":"https:\/\/schema.org","@graph":[{"@type":"ImageObject","inLanguage":"pl-PL","@id":"https:\/\/rankomat.pl\/finanse\/chwilowki\/firma\/finbo\/#primaryimage","url":"https:\/\/rankomat.pl\/finanse\/wp-content\/uploads\/2024\/02\/finbo-logo.png","contentUrl":"https:\/\/rankomat.pl\/finanse\/wp-content\/uploads\/2024\/02\/finbo-logo.png","width":250,"height":75,"caption":"Finbo logo"},{"@type":"BreadcrumbList","@id":"https:\/\/rankomat.pl\/finanse\/chwilowki\/firma\/finbo\/#breadcrumb","itemListElement":[{"@type":"ListItem","position":1,"name":"Finanse","item":"https:\/\/rankomat.pl\/finanse\/"},{"@type":"ListItem","position":2,"name":"Chwil\u00f3wki","item":"https:\/\/rankomat.pl\/finanse\/chwilowki\/"},{"@type":"ListItem","position":3,"name":"Listing firm po\u017cyczkowych","item":"https:\/\/rankomat.pl\/finanse\/chwilowki\/firma\/"},{"@type":"ListItem","position":4,"name":"Finbo"}]}]}},"yasr_visitor_votes":{"stars_attributes":{"read_only":false,"span_bottom":false},"number_of_votes":0,"sum_votes":0},"_links":{"self":[{"href":"https:\/\/rankomat.pl\/finanse\/wp-json\/wp\/v2\/pages\/8602","targetHints":{"allow":["GET"]}}],"collection":[{"href":"https:\/\/rankomat.pl\/finanse\/wp-json\/wp\/v2\/pages"}],"about":[{"href":"https:\/\/rankomat.pl\/finanse\/wp-json\/wp\/v2\/types\/page"}],"author":[{"embeddable":true,"href":"https:\/\/rankomat.pl\/finanse\/wp-json\/wp\/v2\/users\/60"}],"replies":[{"embeddable":true,"href":"https:\/\/rankomat.pl\/finanse\/wp-json\/wp\/v2\/comments?post=8602"}],"version-history":[{"count":0,"href":"https:\/\/rankomat.pl\/finanse\/wp-json\/wp\/v2\/pages\/8602\/revisions"}],"up":[{"embeddable":true,"href":"https:\/\/rankomat.pl\/finanse\/wp-json\/wp\/v2\/pages\/8676"}],"wp:featuredmedia":[{"embeddable":true,"href":"https:\/\/rankomat.pl\/finanse\/wp-json\/wp\/v2\/media\/8614"}],"wp:attachment":[{"href":"https:\/\/rankomat.pl\/finanse\/wp-json\/wp\/v2\/media?parent=8602"}],"curies":[{"name":"wp","href":"https:\/\/api.w.org\/{rel}","templated":true}]}}