{"id":8631,"date":"2024-02-14T13:26:12","date_gmt":"2024-02-14T12:26:12","guid":{"rendered":"https:\/\/rankomat.pl\/finanse\/?page_id=8631"},"modified":"2024-02-14T13:26:12","modified_gmt":"2024-02-14T12:26:12","slug":"lendon","status":"publish","type":"page","link":"https:\/\/rankomat.pl\/finanse\/chwilowki\/firma\/lendon\/","title":{"rendered":"Lendon"},"content":{"rendered":"<p><strong>Lendon to jedna z firm dzia\u0142aj\u0105cych na polskim rynku po\u017cyczek pozabankowych, kt\u00f3ra udziela zobowi\u0105za\u0144 \u201ebez ukrytych koszt\u00f3w\u201d na kr\u00f3tki termin (30 dni) i umo\u017cliwia z\u0142o\u017cenie wniosku online przez 24 godziny na dob\u0119. Zapewnia te\u017c jego szybkie rozpatrzenie (w ci\u0105gu 15 minut) i b\u0142yskawiczn\u0105 wyp\u0142at\u0119 \u015brodk\u00f3w w przypadku wydania pozytywnej decyzji po\u017cyczkowej.<\/strong><\/p>\n<p>Firma nale\u017cy do organizacji bran\u017cowych i stosuje rekomendowane metody zabezpiecze\u0144 danych klient\u00f3w. W 2019 r. marka Lendon otrzyma\u0142a wyr\u00f3\u017cnienie Konsumenckiego Lidera Jako\u015bci.<\/p>\n<h2>Ile mog\u0119 po\u017cyczy\u0107 w Lendon?<\/h2>\n<p>Najni\u017csza kwota po\u017cyczki w Lendon to 500 z\u0142. G\u00f3rne limity, o kt\u00f3re mo\u017cna si\u0119 ubiega\u0107 to:<\/p>\n<ul>\n<li>3.000 z\u0142 dla nowych klient\u00f3w<\/li>\n<li>7.500 z\u0142 dla os\u00f3b, kt\u00f3re korzystaj\u0105 z oferty firmy ponownie<\/li>\n<\/ul>\n<p>Po wzi\u0119ciu pierwszej po\u017cyczki aktualnie przys\u0142uguj\u0105cy limit, wraz z przyznanymi rabatami, mo\u017cna w ka\u017cdej chwili sprawdzi\u0107 po zalogowaniu si\u0119 do Strefy Klienta.<\/p>\n<p>W Lendon istnieje r\u00f3wnie\u017c mo\u017cliwo\u015b\u0107 zmiany wnioskowanej kwoty po\u017cyczki PRZED otrzymaniem decyzji. W tym celu nale\u017cy skontaktowa\u0107 si\u0119 z po\u017cyczkodawc\u0105 za po\u015brednictwem infolinii pod numerem 22\u202f388 64 44.<\/p>\n<h2>Na jak d\u0142ugo mog\u0119 po\u017cyczy\u0107 w Lendon?<\/h2>\n<p>Firma oferuje wszystkim dok\u0142adnie taki sam termin na sp\u0142at\u0119 po\u017cyczki \u2013 30 dni bez wzgl\u0119du na wysoko\u015b\u0107 wnioskowanej kwoty i status nowego\/sta\u0142ego klienta.<\/p>\n<p>Lendon dopuszcza jednak przed\u0142u\u017cenie okresu trwania po\u017cyczki, je\u015bli wyst\u0105pi\u0105 problemy z jej uregulowaniem w dniu okre\u015blonym w umowie. Termin sp\u0142aty mo\u017cna jednorazowo przesun\u0105\u0107 o 30 dni po zalogowaniu si\u0119 do Strefy Klienta.<\/p>\n<h2>Jakie s\u0105 koszty po\u017cyczki w Lendon?<\/h2>\n<p>W przeciwie\u0144stwie do wielu konkurencyjnych firm, Lendon nie proponuje aktualnie darmowej po\u017cyczki nowym klientom. Konsekwentnie promuje za to osoby, kt\u00f3re powracaj\u0105 po potrzebny zastrzyk got\u00f3wki i przyznaje im rabaty. To mi\u0119dzy innymi od ich wysoko\u015bci b\u0119dzie zale\u017ca\u0142 ca\u0142kowity koszt po\u017cyczki. Oto kilka przyk\u0142ad\u00f3w:<\/p>\n<p><strong>Pierwsza po\u017cyczka w Lendon na 3.000 z\u0142<\/strong><\/p>\n<ul>\n<li>Kwota po\u017cyczki: 3.000 z\u0142<\/li>\n<li>Okres sp\u0142aty: 30 dni<\/li>\n<li>Odsetki: 17,70 z\u0142<\/li>\n<li>Prowizja: 552,30 z\u0142<\/li>\n<li>RRSO: 735%<\/li>\n<li>Ca\u0142kowita kwota do sp\u0142aty: 3.570 z\u0142<\/li>\n<\/ul>\n<p><strong>Kolejna po\u017cyczka w Lendon na 5.000 z\u0142<\/strong><\/p>\n<ul>\n<li>Kwota po\u017cyczki: 5.000 z\u0142<\/li>\n<li>Okres sp\u0142aty: 30 dni<\/li>\n<li>Odsetki: 29,51 z\u0142<\/li>\n<li>Prowizja: 920,49 z\u0142<\/li>\n<li>RRSO: 735%<\/li>\n<li>Ca\u0142kowita kwota do sp\u0142aty: 5.950 z\u0142<\/li>\n<\/ul>\n<p><strong>Kolejna po\u017cyczka w Lendon na 7.500 z\u0142<\/strong><\/p>\n<ul>\n<li>Kwota po\u017cyczki: 7.500 z\u0142<\/li>\n<li>Okres sp\u0142aty: 30 dni<\/li>\n<li>Odsetki: 44,26 z\u0142<\/li>\n<li>Prowizja: 1380,74 z\u0142<\/li>\n<li>RRSO: 735%<\/li>\n<li>Ca\u0142kowita kwota do sp\u0142aty: 8.925 z\u0142<\/li>\n<\/ul>\n<p>Jak wida\u0107, rzeczywista roczna stopa oprocentowania (RRSO) pozostaje taka sama niezale\u017cnie od wysoko\u015bci po\u017cyczki, a koszty prowizji i odsetek rosn\u0105 proporcjonalnie do niej.<\/p>\n<p>Kalkulacje przeprowadzili\u015bmy 22 wrze\u015bnia 2022 roku, korzystaj\u0105c z kalkulatora dost\u0119pnego na stronie internetowej po\u017cyczkodawcy.<\/p>\n<h2>Warunki otrzymania po\u017cyczki w Lendon<\/h2>\n<p>Chwil\u00f3wka w Lendon jest przyznawana na wyj\u0105tkowo prostych zasadach. Aby mie\u0107 szans\u0119 na to, \u017ce z\u0142o\u017cony wniosek po\u017cyczkowy zostanie pozytywnie rozpatrzony, nale\u017cy:<\/p>\n<ul>\n<li>By\u0107 osob\u0105 w wieku 21-75 lat<\/li>\n<li>Posiada\u0107 polskie obywatelstwo<\/li>\n<li>Mieszka\u0107 na terenie Polski<\/li>\n<li>Mie\u0107 wa\u017cny dow\u00f3d osobisty<\/li>\n<li>Mie\u0107 w\u0142asne konto w banku<\/li>\n<li>Dysponowa\u0107 w\u0142asnym adresem e-mail<\/li>\n<li>Mie\u0107 aktywny numer telefonu kom\u00f3rkowego u jednego z operator\u00f3w dzia\u0142aj\u0105cych na terenie Polski<\/li>\n<li>Posiada\u0107 pe\u0142n\u0105 zdolno\u015b\u0107 do czynno\u015bci prawnych<\/li>\n<li>Posiada\u0107 zdolno\u015b\u0107 do terminowej sp\u0142aty zad\u0142u\u017cenia<\/li>\n<\/ul>\n<h3>Dokumenty wymagane do otrzymania po\u017cyczki<\/h3>\n<p>Podczas wype\u0142niania wniosku klient musi poda\u0107 dane osobowe, teleadresowe i dotycz\u0105ce numeru konta bankowego, na kt\u00f3ry maj\u0105 zosta\u0107 przelane \u015brodki przyznane w ramach po\u017cyczki. Niezb\u0119dne b\u0119dzie te\u017c wpisanie numeru PESEL i numeru dowodu osobistego \u2013 to jedyny dokument, jaki trzeba mie\u0107 pod r\u0119k\u0105, aplikuj\u0105c o po\u017cyczki online w Lendon.<\/p>\n<h3>Formy zatrudnienia<\/h3>\n<p>Mimo \u017ce Lendon sprawdza sytuacj\u0119 finansow\u0105 swoich klient\u00f3w, nie robi tego oczywi\u015bcie tak drobiazgowo, jak maj\u0105 to w zwyczaju banki. Podobnie jak inne firmy z sektora pozabankowego, akceptuje r\u00f3wnie\u017c o wiele wi\u0119cej form zatrudnienia ni\u017c instytucje bankowe. Poza umow\u0105 o prac\u0119 mo\u017cna wymie\u0107 w\u015br\u00f3d nich: umowy cywilno-prawne, dochody uzyskiwanie w ramach dzia\u0142alno\u015bci rolniczej lub pozarolniczej, wp\u0142ywy z wynajmu, renty lub emerytury, alimenty, zasi\u0142ki, \u015bwiadczenia rodzinne (m.in. 500+) oraz stypendia.<\/p>\n<h2>Weryfikacja w bazie d\u0142u\u017cnik\u00f3w<\/h2>\n<p>Chocia\u017c obowi\u0105zuj\u0105ce przepisy pozostawiaj\u0105 firmom pozabankowym dowolno\u015b\u0107 w zakresie sprawdzanych baz i rejestr\u00f3w informacji gospodarczej, rzetelni po\u017cyczkodawcy nie rezygnuj\u0105 z tej mo\u017cliwo\u015bci. Jednym z filar\u00f3w prowadzenia biznesu jest w ko\u0144cu ograniczanie ryzyka. Przyznanie \u015brodk\u00f3w komu\u015b, kto nie b\u0119dzie w stanie ich odda\u0107, k\u0142\u00f3ci si\u0119 z ide\u0105 istnienia podmiot\u00f3w takich jak Lendon. Zebranie informacji na temat potencjalnego klienta zwi\u0119ksza zar\u00f3wno bezpiecze\u0144stwo po\u017cyczkodawcy, jak i po\u017cyczkobiorcy, kt\u00f3ry by\u0107 mo\u017ce dzi\u0119ki negatywnej decyzji uniknie wpadni\u0119cia w spiral\u0119 zad\u0142u\u017cenia.<\/p>\n<h3>Czy Lendon udziela po\u017cyczek bez sprawdzania BIK?<\/h3>\n<p>Udzielenie po\u017cyczki w Lendon wi\u0105\u017ce si\u0119 ze sprawdzeniem dotychczasowej historii kredytowej wnioskodawcy, w tym r\u00f3wnie\u017c w bazie Biura Informacji Kredytowej (BIK).<\/p>\n<h3>Czy Lendon udziela po\u017cyczek dla zad\u0142u\u017conych?<\/h3>\n<p>W tym miejscu trzeba od razu rozr\u00f3\u017cni\u0107 osob\u0119 zad\u0142u\u017con\u0105, kt\u00f3ra sumiennie sp\u0142aca wszelkie nale\u017cno\u015bci, i kogo\u015b, kto nie jest w stanie tego zrobi\u0107 ze wzgl\u0119du na trudn\u0105 sytuacj\u0119 finansow\u0105, i pr\u00f3buje zdoby\u0107 \u015brodki w firmie pozabankowej, by przeznaczy\u0107 je na sp\u0142at\u0119 przeterminowanych zobowi\u0105za\u0144. W pierwszym przypadku \u2013 je\u015bli tylko po\u017cyczkodawca uzna, \u017ce kolejne zad\u0142u\u017cenie nie b\u0119dzie stanowi\u0142o zbyt du\u017cego obci\u0105\u017cenia \u2013 mo\u017cna otrzyma\u0107 wnioskowan\u0105 kwot\u0119. Nierzetelny d\u0142u\u017cnik nie ma natomiast co liczy\u0107 na pozytywn\u0105 decyzj\u0119 o przyznaniu chwil\u00f3wki w Lendon.<\/p>\n<h3>Czy w Lendon mo\u017cna wzi\u0105\u0107 po\u017cyczk\u0119 z komornikiem?<\/h3>\n<p>Okre\u015blenie \u201epo\u017cyczka z komornikiem\u201d to jedno ze slogan\u00f3w maj\u0105cych zach\u0119ci\u0107 klient\u00f3w do zapoznania si\u0119 z ofert\u0105 firmy pozabankowej. W praktyce bowiem zaj\u0119cie komornicze ca\u0142kowicie przekre\u015bla szanse na otrzymanie \u015brodk\u00f3w. Zwi\u0119kszanie zad\u0142u\u017cenia kogo\u015b, kto i tak ma spore zaleg\u0142o\u015bci w sp\u0142acie, nie le\u017cy ani w interesie Lendon, ani takiej osoby.<\/p>\n<h2>Jak wzi\u0105\u0107 po\u017cyczk\u0119 w Lendon?<\/h2>\n<p>Zawnioskowanie o po\u017cyczk\u0119 w Lendon zajmie dos\u0142ownie kilka minut. Wszystko, co trzeba zrobi\u0107, to:<\/p>\n<p><strong>Krok 1 Wybierz kwot\u0119 po\u017cyczki<\/strong><\/p>\n<p>Proces wnioskowania rozpoczyna si\u0119 od wyboru kwoty po\u017cyczki na wirtualnym kalkulatorze dost\u0119pnym na stronie internetowej po\u017cyczkodawcy. B\u0119dzie mo\u017cna te\u017c od razu zobaczy\u0107 na nim ca\u0142kowity koszt zobowi\u0105zania, a tak\u017ce \u2013 po klikni\u0119ciu w odno\u015bnik \u2013 zapozna\u0107 si\u0119 z tre\u015bci\u0105 Formularza Informacyjnego i Not\u0105 Prawn\u0105. Je\u015bli wszystko si\u0119 zgadza, wystarczy klikn\u0105\u0107 przycisk \u201eWe\u017a po\u017cyczk\u0119\u201d.<\/p>\n<p><strong>Krok 2 Zarejestruj si\u0119 lub zaloguj na stronie po\u017cyczkodawcy<\/strong><\/p>\n<p>Na ekranie pojawi si\u0119 okienko z dwiema opcjami do wyboru:<\/p>\n<p>Osoby, kt\u00f3re korzysta\u0142y ju\u017c z po\u017cyczki w Lendon mog\u0105 od razu klikn\u0105\u0107 w przycisk \u201ePrzejd\u017a do logowania\u201d, po czym wpisa\u0107 adres e-mail i has\u0142o na kolejnej stronie.<br \/>\nJe\u017celi natomiast jest to pierwsza wizyta na stronie po\u017cyczkodawcy, nale\u017cy wybra\u0107 opcj\u0119 \u201eZarejestruj si\u0119\u201d.<\/p>\n<p>Rejestracja wymaga podania:<\/p>\n<ul>\n<li>imienia i nazwiska,<\/li>\n<li>numeru PESEL,<\/li>\n<li>numeru telefonu kom\u00f3rkowego,<\/li>\n<li>adresu poczty elektronicznej (dwukrotnie, w celu potwierdzenia)<\/li>\n<li>oraz zaakceptowania tre\u015bci: Polityki Prywatno\u015bci, Regulaminu \u015awiadczenia Us\u0142ug, o\u015bwiadczenia PEP i zg\u00f3d marketingowych.<\/li>\n<\/ul>\n<p>Przekierowanie na kolejn\u0105 podstron\u0119 nast\u0105pi po klikni\u0119ciu przycisku \u201eDalej\u201d.<\/p>\n<p><strong>Krok 3 Wype\u0142nij formularz po\u017cyczkowy<\/strong><\/p>\n<p>Po prawid\u0142owej rejestracji b\u0119dzie mo\u017cna wype\u0142ni\u0107 wniosek o po\u017cyczk\u0119. Poza ponownym podaniem danych wymaganych na etapie zak\u0142adania konta, niezb\u0119dne b\u0119dzie wpisanie numeru rachunku bankowego i dowodu osobistego, a tak\u017ce wyb\u00f3r \u017ar\u00f3d\u0142a dochodu (formy zatrudnienia). Kiedy wszystkie pola zostan\u0105 wype\u0142nione, warto jeszcze raz sprawdzi\u0107, czy podane informacje s\u0105 prawid\u0142owe. Ka\u017cdy b\u0142\u0105d mo\u017ce wp\u0142yn\u0105\u0107 na odrzucenie wniosku i utrat\u0119 szansy na otrzymanie po\u017cyczki, nawet je\u015bli sytuacja finansowa jest wystarczaj\u0105co dobra.<\/p>\n<p><strong>Krok 4 Potwierd\u017a swoje konto bankowe<\/strong><\/p>\n<p>Przed wys\u0142aniem wniosku niezb\u0119dne b\u0119dzie dokonanie weryfikacji konta bankowego, kt\u00f3ra pozwoli potwierdzi\u0107 dane osobowe. W Lendon mo\u017cna zrobi\u0107 to na 2 sposoby:<\/p>\n<ul>\n<li>wykonuj\u0105c tradycyjny przelew rejestracyjny w wysoko\u015bci 1 grosza na rachunek po\u017cyczkodawcy z konta, kt\u00f3rego numer zosta\u0142 podany we wniosku (w tytule tego przelewu koniecznie trzeba wpisa\u0107 sw\u00f3j numer PESEL i zdanie \u201eAkceptuj\u0119 warunki Umowy Po\u017cyczki Lendon.pl\u201d);<\/li>\n<li>korzystaj\u0105c z weryfikacji natychmiastowej za pomoc\u0105 aplikacji Kontomatik (bez konieczno\u015bci przelewania jakiejkolwiek kwoty na konto po\u017cyczkodawcy).<\/li>\n<\/ul>\n<p>Lendon posiada konta w czterech bankach:<\/p>\n<ul>\n<li>Alior Bank<\/li>\n<li>mBank<\/li>\n<li>Millennium Bank<\/li>\n<li>Santander<\/li>\n<\/ul>\n<p>Je\u015bli klient r\u00f3wnie\u017c ma rachunek w jednym z nich, \u015brodki trafi\u0105 do po\u017cyczkodawcy w ci\u0105gu kilku minut. W przeciwnym razie na ich zaksi\u0119gowanie b\u0119dzie trzeba poczeka\u0107. Jak d\u0142ugo? Wszystko zale\u017cy od godzin sesji mi\u0119dzybankowych.<\/p>\n<p>Rozpatrywanie wniosku trwa kilkana\u015bcie minut, a \u015brodki s\u0105 wyp\u0142acane automatycznie przez ca\u0142\u0105 dob\u0119, siedem dni w tygodniu. Wyp\u0142ata \u015brodk\u00f3w nast\u0119puje od razu po wydaniu pozytywnej decyzji. Aby maksymalnie przyspieszy\u0107 ca\u0142y proces, po\u017cyczkodawca korzysta w tym celu z systemu szybkich p\u0142atno\u015bci Dotpay.<\/p>\n<h2>Sp\u0142ata po\u017cyczki w Lendon<\/h2>\n<p>Po\u017cyczki kr\u00f3tkoterminowe w Lendon najcz\u0119\u015bciej sp\u0142aca si\u0119 w postaci jednej raty. To najwygodniejsze rozwi\u0105zanie, ale je\u015bli klientowi wygodniej jest dokona\u0107 kilku mniejszych rat, po\u017cyczkodawca udost\u0119pnia tak\u0105 mo\u017cliwo\u015b\u0107. Jest tylko jeden warunek: uregulowanie zobowi\u0105zania musi nast\u0105pi\u0107 najp\u00f3\u017aniej w dniu wskazanym w umowie. Tzn. je\u015bli klient decyduje si\u0119 na cz\u0119\u015bciowe sp\u0142aty, musi dokona\u0107 wszystkich w terminie 30 dni.<\/p>\n<p>Je\u017celi termin sp\u0142aty przypada w weekend lub \u015bwi\u0119to, mo\u017cna dokona\u0107 sp\u0142aty w najbli\u017cszy nast\u0119puj\u0105cy po nim dzie\u0144 roboczy i nie zostanie si\u0119 w\u00f3wczas obci\u0105\u017conym \u017cadnymi dodatkowymi kosztami.<\/p>\n<p>Zobowi\u0105zanie mo\u017cna sp\u0142aci\u0107:<\/p>\n<ul>\n<li>przelewem za po\u015brednictwem szybkich p\u0142atno\u015bci Dotpay (bezpo\u015brednio w Strefie Klienta);<\/li>\n<li>tradycyjnym przelewem bankowym, w kt\u00f3rego tytule nale\u017cy poda\u0107 sw\u00f3j numer PESEL oraz numer po\u017cyczki.<\/li>\n<\/ul>\n<h3>Czy mo\u017cliwa jest sp\u0142ata po\u017cyczki przed terminem?<\/h3>\n<p>W Lendon wcale nie trzeba czeka\u0107 ze sp\u0142at\u0105 zad\u0142u\u017cenia do terminu zako\u0144czenia po\u017cyczki \u2013 mo\u017cna sp\u0142aci\u0107 swoje zobowi\u0105zanie w dowolnym momencie obowi\u0105zywania umowy.<\/p>\n<h3>Wyd\u0142u\u017cenie terminu sp\u0142aty<\/h3>\n<p>Je\u017celi sp\u0142ata po\u017cyczki w wyznaczonym terminie nie jest mo\u017cliwa, trzeba jak najszybciej skontaktowa\u0107 si\u0119 z po\u017cyczkodawc\u0105, wyja\u015bni\u0107 powody tego stanu rzeczy i spr\u00f3bowa\u0107 wsp\u00f3lnie znale\u017a\u0107 rozwi\u0105zanie. W Lendon mo\u017cna przed\u0142u\u017cy\u0107 termin sp\u0142aty o 30 dni z wykorzystaniem jednej z dw\u00f3ch dost\u0119pnych opcji (Certyfikatu lub Por\u0119czenia). Wszystkie informacje na ten temat oraz wniosek o odroczenie p\u0142atno\u015bci s\u0105 dost\u0119pne po zalogowaniu do Strefy Klienta.<\/p>\n<h3>Brak sp\u0142aty \u2013 co, je\u015bli po\u017cyczka nie zostanie sp\u0142acona na czas?<\/h3>\n<p>Ka\u017cda zw\u0142oka w sp\u0142acie zad\u0142u\u017cenia skutkuje zwi\u0119kszeniem jego kosztu. Do ca\u0142kowitej kwoty do oddania trzeba doliczy\u0107 jeszcze odsetki za op\u00f3\u017anienie i \u2013 je\u015bli klient zdecyduje si\u0119 na t\u0119 opcj\u0119 \u2013 koszt przed\u0142u\u017cenia terminu sp\u0142aty. Je\u015bli termin minie, a sp\u0142ata nie nast\u0105pi, po\u017cyczkodawca na pewno podejmie pr\u00f3b\u0119 kontaktu z d\u0142u\u017cnikiem i zaproponuje mu dost\u0119pne opcje.<\/p>\n<h3>Windykacja w Lendon<\/h3>\n<p>Je\u017celi po\u017cyczkobiorca nie dotrzyma warunk\u00f3w sp\u0142aty przeterminowanego zobowi\u0105zania albo celowo unika kontaktu z konsultantem Lendon, sprawa trafi do firmy windykacyjnej, kt\u00f3ra spr\u00f3buje odzyska\u0107 nale\u017cno\u015b\u0107. Je\u015bli jej si\u0119 to nie uda, kolejny krok to post\u0119powanie s\u0105dowe. Po wydaniu wyroku z klauzul\u0105 wykonalno\u015bci mo\u017cliwe b\u0119dzie wszcz\u0119cie postepowania komorniczego.<\/p>\n<h2>Kolejna po\u017cyczka w Lendon<\/h2>\n<p>Je\u017celi wcze\u015bniej po\u017cycza\u0142o si\u0119 w Lendon, za kolejnym razem istnieje mo\u017cliwo\u015b\u0107 wnioskowania o wy\u017csz\u0105 kwot\u0119 <strong>(maksymalnie 7.500 z\u0142).<\/strong> Opr\u00f3cz tego przy kolejnych po\u017cyczkach klienci mog\u0105 liczy\u0107 r\u00f3wnie\u017c na dedykowane rabaty (dost\u0119pne po zalogowaniu si\u0119 do Strefy Klienta). Nie zmienia si\u0119 natomiast termin sp\u0142aty zobowi\u0105zania, kt\u00f3ry wynosi 30 dni niezale\u017cnie od tego, ile si\u0119 po\u017cycza.<\/p>\n","protected":false},"excerpt":{"rendered":"<p>Lendon to jedna z firm dzia\u0142aj\u0105cych na polskim rynku po\u017cyczek pozabankowych, kt\u00f3ra udziela zobowi\u0105za\u0144 \u201ebez ukrytych koszt\u00f3w\u201d na kr\u00f3tki termin [&hellip;]<\/p>\n","protected":false},"author":60,"featured_media":8636,"parent":8676,"menu_order":0,"comment_status":"closed","ping_status":"closed","template":"page_lender.php","meta":{"_acf_changed":false,"yasr_overall_rating":0,"yasr_post_is_review":"","yasr_auto_insert_disabled":"","yasr_review_type":"","footnotes":""},"class_list":["post-8631","page","type-page","status-publish","has-post-thumbnail","hentry"],"acf":[],"yoast_head":"<!-- This site is optimized with the Yoast SEO plugin v27.1.1 - https:\/\/yoast.com\/product\/yoast-seo-wordpress\/ -->\n<title>Lendon | Por\u00f3wnywarka finansowa Rankomat<\/title>\n<meta name=\"robots\" content=\"index, follow, max-snippet:-1, max-image-preview:large, max-video-preview:-1\" \/>\n<link rel=\"canonical\" href=\"https:\/\/rankomat.pl\/finanse\/chwilowki\/firma\/lendon\/\" \/>\n<meta property=\"og:locale\" content=\"pl_PL\" \/>\n<meta property=\"og:type\" content=\"article\" \/>\n<meta property=\"og:title\" content=\"Lendon | Por\u00f3wnywarka finansowa Rankomat\" \/>\n<meta property=\"og:description\" content=\"Lendon to jedna z firm dzia\u0142aj\u0105cych na polskim rynku po\u017cyczek pozabankowych, kt\u00f3ra udziela zobowi\u0105za\u0144 \u201ebez ukrytych koszt\u00f3w\u201d na kr\u00f3tki termin [&hellip;]\" \/>\n<meta property=\"og:url\" content=\"https:\/\/rankomat.pl\/finanse\/chwilowki\/firma\/lendon\/\" \/>\n<meta property=\"og:site_name\" content=\"Por\u00f3wnywarka finansowa Rankomat\" \/>\n<meta property=\"article:publisher\" content=\"https:\/\/www.facebook.com\/rankomatpl\/\" \/>\n<meta property=\"og:image\" content=\"https:\/\/rankomat.pl\/finanse\/wp-content\/uploads\/2024\/02\/logo-lendon.png\" \/>\n\t<meta property=\"og:image:width\" content=\"250\" \/>\n\t<meta property=\"og:image:height\" content=\"75\" \/>\n\t<meta property=\"og:image:type\" content=\"image\/png\" \/>\n<meta name=\"twitter:card\" content=\"summary_large_image\" \/>\n<meta name=\"twitter:site\" content=\"@rankomat\" \/>\n<meta name=\"twitter:label1\" content=\"Szacowany czas czytania\" \/>\n\t<meta name=\"twitter:data1\" content=\"10 minut\" \/>\n<script type=\"application\/ld+json\" class=\"yoast-schema-graph\">{\"@context\":\"https:\/\/schema.org\",\"@graph\":[{\"@type\":\"ImageObject\",\"inLanguage\":\"pl-PL\",\"@id\":\"https:\/\/rankomat.pl\/finanse\/chwilowki\/firma\/lendon\/#primaryimage\",\"url\":\"https:\/\/rankomat.pl\/finanse\/wp-content\/uploads\/2024\/02\/logo-lendon.png\",\"contentUrl\":\"https:\/\/rankomat.pl\/finanse\/wp-content\/uploads\/2024\/02\/logo-lendon.png\",\"width\":250,\"height\":75,\"caption\":\"logo lendon\"},{\"@type\":\"BreadcrumbList\",\"@id\":\"https:\/\/rankomat.pl\/finanse\/chwilowki\/firma\/lendon\/#breadcrumb\",\"itemListElement\":[{\"@type\":\"ListItem\",\"position\":1,\"name\":\"Finanse\",\"item\":\"https:\/\/rankomat.pl\/finanse\/\"},{\"@type\":\"ListItem\",\"position\":2,\"name\":\"Chwil\u00f3wki\",\"item\":\"https:\/\/rankomat.pl\/finanse\/chwilowki\/\"},{\"@type\":\"ListItem\",\"position\":3,\"name\":\"Listing firm po\u017cyczkowych\",\"item\":\"https:\/\/rankomat.pl\/finanse\/chwilowki\/firma\/\"},{\"@type\":\"ListItem\",\"position\":4,\"name\":\"Lendon\"}]}]}<\/script>\n<!-- \/ Yoast SEO plugin. -->","yoast_head_json":{"title":"Lendon | Por\u00f3wnywarka finansowa Rankomat","robots":{"index":"index","follow":"follow","max-snippet":"max-snippet:-1","max-image-preview":"max-image-preview:large","max-video-preview":"max-video-preview:-1"},"canonical":"https:\/\/rankomat.pl\/finanse\/chwilowki\/firma\/lendon\/","og_locale":"pl_PL","og_type":"article","og_title":"Lendon | Por\u00f3wnywarka finansowa Rankomat","og_description":"Lendon to jedna z firm dzia\u0142aj\u0105cych na polskim rynku po\u017cyczek pozabankowych, kt\u00f3ra udziela zobowi\u0105za\u0144 \u201ebez ukrytych koszt\u00f3w\u201d na kr\u00f3tki termin [&hellip;]","og_url":"https:\/\/rankomat.pl\/finanse\/chwilowki\/firma\/lendon\/","og_site_name":"Por\u00f3wnywarka finansowa Rankomat","article_publisher":"https:\/\/www.facebook.com\/rankomatpl\/","og_image":[{"width":250,"height":75,"url":"https:\/\/rankomat.pl\/finanse\/wp-content\/uploads\/2024\/02\/logo-lendon.png","type":"image\/png"}],"twitter_card":"summary_large_image","twitter_site":"@rankomat","twitter_misc":{"Szacowany czas czytania":"10 minut"},"schema":{"@context":"https:\/\/schema.org","@graph":[{"@type":"ImageObject","inLanguage":"pl-PL","@id":"https:\/\/rankomat.pl\/finanse\/chwilowki\/firma\/lendon\/#primaryimage","url":"https:\/\/rankomat.pl\/finanse\/wp-content\/uploads\/2024\/02\/logo-lendon.png","contentUrl":"https:\/\/rankomat.pl\/finanse\/wp-content\/uploads\/2024\/02\/logo-lendon.png","width":250,"height":75,"caption":"logo lendon"},{"@type":"BreadcrumbList","@id":"https:\/\/rankomat.pl\/finanse\/chwilowki\/firma\/lendon\/#breadcrumb","itemListElement":[{"@type":"ListItem","position":1,"name":"Finanse","item":"https:\/\/rankomat.pl\/finanse\/"},{"@type":"ListItem","position":2,"name":"Chwil\u00f3wki","item":"https:\/\/rankomat.pl\/finanse\/chwilowki\/"},{"@type":"ListItem","position":3,"name":"Listing firm po\u017cyczkowych","item":"https:\/\/rankomat.pl\/finanse\/chwilowki\/firma\/"},{"@type":"ListItem","position":4,"name":"Lendon"}]}]}},"yasr_visitor_votes":{"stars_attributes":{"read_only":false,"span_bottom":false},"number_of_votes":0,"sum_votes":0},"_links":{"self":[{"href":"https:\/\/rankomat.pl\/finanse\/wp-json\/wp\/v2\/pages\/8631","targetHints":{"allow":["GET"]}}],"collection":[{"href":"https:\/\/rankomat.pl\/finanse\/wp-json\/wp\/v2\/pages"}],"about":[{"href":"https:\/\/rankomat.pl\/finanse\/wp-json\/wp\/v2\/types\/page"}],"author":[{"embeddable":true,"href":"https:\/\/rankomat.pl\/finanse\/wp-json\/wp\/v2\/users\/60"}],"replies":[{"embeddable":true,"href":"https:\/\/rankomat.pl\/finanse\/wp-json\/wp\/v2\/comments?post=8631"}],"version-history":[{"count":0,"href":"https:\/\/rankomat.pl\/finanse\/wp-json\/wp\/v2\/pages\/8631\/revisions"}],"up":[{"embeddable":true,"href":"https:\/\/rankomat.pl\/finanse\/wp-json\/wp\/v2\/pages\/8676"}],"wp:featuredmedia":[{"embeddable":true,"href":"https:\/\/rankomat.pl\/finanse\/wp-json\/wp\/v2\/media\/8636"}],"wp:attachment":[{"href":"https:\/\/rankomat.pl\/finanse\/wp-json\/wp\/v2\/media?parent=8631"}],"curies":[{"name":"wp","href":"https:\/\/api.w.org\/{rel}","templated":true}]}}