{"id":8632,"date":"2024-02-14T13:26:10","date_gmt":"2024-02-14T12:26:10","guid":{"rendered":"https:\/\/rankomat.pl\/finanse\/?page_id=8632"},"modified":"2025-10-31T09:29:31","modified_gmt":"2025-10-31T08:29:31","slug":"miloan","status":"publish","type":"page","link":"https:\/\/rankomat.pl\/finanse\/chwilowki\/firma\/miloan\/","title":{"rendered":"MILOAN"},"content":{"rendered":"<p><strong>Miloan Polska Sp. z o.o. to mi\u0119dzynarodowa firma finansowa oferuj\u0105ca swoim klientom szybkie po\u017cyczki kr\u00f3tkoterminowe, kt\u00f3re mo\u017cna zaci\u0105gn\u0105\u0107 bez wychodzenia z domu. Marka pojawi\u0142a si\u0119 na polskim rynku w 2017 roku. Od tego czasu konsekwentnie buduje zaufanie swoich klient\u00f3w, zyskuj\u0105c ich coraz wi\u0119cej. Miloan stawia na odpowiedzialne po\u017cyczanie, zapewniaj\u0105c konsumentom przejrzyste warunki finansowania oraz prost\u0105 i bezpieczn\u0105 procedur\u0119 wnioskowania.<\/strong><\/p>\n<p>Klarowna umowa, wysokie standardy bezpiecze\u0144stwa oraz szybki przelew na konto to g\u0142\u00f3wne cechy po\u017cyczki w Miloan. Klient mo\u017ce tak\u017ce liczy\u0107 na czyteln\u0105 stron\u0119 internetow\u0105, kt\u00f3ra umo\u017cliwia szybkie i bezproblemowe z\u0142o\u017cenie wniosku.<\/p>\n<h2>Ile mog\u0119 po\u017cyczy\u0107 w Miloan?<\/h2>\n<p>Miloan oferuje wy\u0142\u0105cznie po\u017cyczki kr\u00f3tkoterminowe, czyli tradycyjne chwil\u00f3wki si\u0119gaj\u0105ce<br \/>\n5000 z\u0142. Jednak osoby, kt\u00f3re ubiegaj\u0105 si\u0119 o finansowanie po raz pierwszy, mog\u0105 wnioskowa\u0107 o maksymalnie 3000 z\u0142. Najni\u017csza kwota po\u017cyczki wynosi 500 z\u0142.<\/p>\n<h2>Na jak d\u0142ugo mog\u0119 po\u017cyczy\u0107 w Miloan?<\/h2>\n<p>Ka\u017cdy po\u017cyczkobiorca korzystaj\u0105cy z oferty firmy Miloan musi sp\u0142aci\u0107 zaci\u0105gni\u0119te zobowi\u0105zanie w ci\u0105gu 30 dni. To stosunkowo kr\u00f3tki okres, dlatego wa\u017cne jest, aby klient dopasowa\u0142 wysoko\u015b\u0107 po\u017cyczki do swoich mo\u017cliwo\u015bci finansowych. Je\u015bli po\u017cyczkobiorca z jakich\u015b powod\u00f3w nie b\u0119dzie w stanie uregulowa\u0107 d\u0142ugu w wyznaczonym w umowie terminie, powinien jak najszybciej skontaktowa\u0107 si\u0119 z infolini\u0105, aby wsp\u00f3lnie z konsultantem znale\u017a\u0107 korzystne dla obu stron rozwi\u0105zanie.<\/p>\n<h2>Koszty po\u017cyczki w Miloan<\/h2>\n<p>Dla przyk\u0142adu, pierwsza po\u017cyczka w Miloan na kwot\u0119 3000 z\u0142<\/p>\n<ul>\n<li>Termin sp\u0142aty: 30 dni<\/li>\n<li>Odsetki: 45,62 z\u0142<\/li>\n<li>Prowizja: 324,58 z\u0142<\/li>\n<li>RRSO: 311,94%<\/li>\n<li>Do sp\u0142aty: 3370,20 z\u0142<\/li>\n<li>Kolejna po\u017cyczka w Miloan na kwot\u0119 5000 z\u0142<\/li>\n<\/ul>\n<p>Termin sp\u0142aty: 30 dni<\/p>\n<ul>\n<li>Odsetki: 76,03 z\u0142<\/li>\n<li>Prowizja: 540,97 z\u0142<\/li>\n<li>RRSO: 311,94 %<\/li>\n<li>Do sp\u0142aty: 5617,00 z\u0142<\/li>\n<\/ul>\n<h2>Warunki po\u017cyczki w Miloan<\/h2>\n<p>Miloan, podobnie jak pozosta\u0142e firmy pozabankowe, stawia swoim klientom niewielkie wymagania, dzi\u0119ki czemu na po\u017cyczk\u0119 mo\u017ce liczy\u0107 praktycznie ka\u017cda osoba doros\u0142a mieszcz\u0105ca si\u0119 w odpowiednim przedziale wiekowym, kt\u00f3ra posiada jakiekolwiek wp\u0142ywy finansowe. Aby otrzyma\u0107 chwil\u00f3wk\u0119 w Miloan, wystarczy spe\u0142ni\u0107 nast\u0119puj\u0105ce warunki:<\/p>\n<ul>\n<li>wiek od 22 do 75 lat,<\/li>\n<li>adres zamieszkania na terenie Polski,<\/li>\n<li>obywatelstwo polskie,<\/li>\n<li>aktywny numer telefonu kom\u00f3rkowego,<\/li>\n<li>adres email,<\/li>\n<li>numer osobistego konta bankowego,<\/li>\n<li>wa\u017cny dow\u00f3d osobisty,<\/li>\n<li>\u017ar\u00f3d\u0142o dochodu,<\/li>\n<li>brak wpis\u00f3w w bazach d\u0142u\u017cnik\u00f3w.<\/li>\n<\/ul>\n<h3>Dokumenty wymagane do otrzymania po\u017cyczki<\/h3>\n<p>Aby otrzyma\u0107 po\u017cyczk\u0119 w Miloan, nie trzeba zaprz\u0105ta\u0107 sobie g\u0142owy wieloma formalno\u015bciami. Wierzyciel nie wymaga od swoich klient\u00f3w okazywania za\u015bwiadczenia o zarobkach, ani zatrudnieniu. Jedynym niezb\u0119dnym dokumentem potrzebnym do uko\u0144czenia procedury wnioskowania jest aktualny dow\u00f3d osobisty, kt\u00f3rego seri\u0119 i numer nale\u017cy wpisa\u0107 w odpowiednich polach formularza.<\/p>\n<h3>Formy zatrudnienia<\/h3>\n<p>Klienci Miloan, podobnie jak pozosta\u0142ych firm pozabankowych, nie musz\u0105 posiada\u0107 sta\u0142ego zatrudnienia, aby otrzyma\u0107 pozytywn\u0105 decyzj\u0119 o przyznaniu po\u017cyczki. O finansowanie, szczeg\u00f3lnie to kr\u00f3tkoterminowe, mog\u0105 z powodzeniem stara\u0107 si\u0119 osoby pracuj\u0105ce w oparciu o umowy cywilno-prawne, emeryci, renci\u015bci, a nawet bezrobotni utrzymuj\u0105cy si\u0119 z zasi\u0142k\u00f3w. Dla po\u017cyczkodawcy nie ma bowiem znaczenia rodzaj \u017ar\u00f3d\u0142a dochod\u00f3w. Wszystkie informacje dotycz\u0105ce wp\u0142yw\u00f3w finansowych maj\u0105 charakter o\u015bwiadczenia, co oznacza, \u017ce nie wymagaj\u0105 udokumentowania.<\/p>\n<h2>Weryfikacja w bazie d\u0142u\u017cnik\u00f3w<\/h2>\n<p>Firmy pozabankowe, w przeciwie\u0144stwie do bank\u00f3w, udzielaj\u0105 po\u017cyczek na bardzo liberalnych warunkach. Nie oznacza to jednak, \u017ce w og\u00f3le nie weryfikuj\u0105 wiarygodno\u015bci swoich klient\u00f3w. Procedura udzielenia finansowania zawsze wi\u0105\u017ce si\u0119 ze sprawdzeniem baz d\u0142u\u017cnik\u00f3w. Je\u015bli wnioskuj\u0105cy posiada liczne d\u0142ugi, z pewno\u015bci\u0105 nie otrzyma po\u017cyczki. Miloan korzysta z nast\u0119puj\u0105cych rejestr\u00f3w:<\/p>\n<ul>\n<li>ERIF Biuro Informacji Gospodarczej S.A.,<\/li>\n<li>Biuro Informacji Gospodarczej InfoMonitor S.A.,<\/li>\n<li>Krajowy Rejestr D\u0142ug\u00f3w S.A.,<\/li>\n<li>Biuro Informacji Kredytowej S.A.,<\/li>\n<li>Platforma Wymiany Informacji Po\u017cyczkowej prowadzonej przez CRiF sp. z o.o.<\/li>\n<\/ul>\n<h3>Czy Miloan udziela po\u017cyczek na raty bez sprawdzania BIK?<\/h3>\n<p>Miloan nie udziela po\u017cyczek ratalnych. Oferuje wy\u0142\u0105cznie finansowanie kr\u00f3tkoterminowe, udzielane na okres 30 dni. Mimo to, ka\u017cdy klient sprawdzany jest w BIK, czyli Biurze Informacji Kredytowej. To najpopularniejsza baza, z kt\u00f3rej korzysta wi\u0119kszo\u015b\u0107 firm pozabankowych. Rejestr umo\u017cliwia zdobycie informacji na temat historii kredytowej oraz innych zobowi\u0105za\u0144 finansowych po\u017cyczkobiorcy. Warto zaznaczy\u0107, \u017ce opr\u00f3cz ewentualnych negatywnych wpis\u00f3w w BIK-u znajduj\u0105 si\u0119 tak\u017ce informacje pozytywne, dotycz\u0105ce nienagannej terminowo\u015bci d\u0142u\u017cnik\u00f3w.<\/p>\n<h3>Czy Miloan udziela po\u017cyczek dla zad\u0142u\u017conych?<\/h3>\n<p>Miloan nie posiada w swojej ofercie po\u017cyczek kierowanych do os\u00f3b zad\u0142u\u017conych, kt\u00f3re udzielane by\u0142yby na specjalnych warunkach. Firma sprawdza bazy d\u0142u\u017cnik\u00f3w, promuj\u0105c tym samym odpowiedzialne po\u017cyczanie. Osoba zmagaj\u0105ca si\u0119 z licznymi d\u0142ugami, kt\u00f3ra nie jest w stanie terminowo sp\u0142aca\u0107 zaci\u0105gni\u0119tych zobowi\u0105za\u0144 zapewne nie otrzyma po\u017cyczki w Miloan. Je\u015bli jednak wnioskuj\u0105cy posiada drobne zaleg\u0142o\u015bci zwi\u0105zane np. z niezap\u0142aconym na czas mandatem lub rachunkiem za telefon, wci\u0105\u017c ma szanse na otrzymanie pozytywnej decyzji o przyznaniu finansowania.<\/p>\n<h3>Czy w Miloan mo\u017cna wzi\u0105\u0107 po\u017cyczk\u0119 z komornikiem?<\/h3>\n<p>Osoby, wobec kt\u00f3rych prowadzona jest egzekucja komornicza, nie maj\u0105 szans na otrzymanie tradycyjnej chwil\u00f3wki, a tym bardziej po\u017cyczki ratalnej. Jedyn\u0105 mo\u017cliwo\u015bci\u0105 na zaci\u0105gni\u0119cie zobowi\u0105zania w takiej sytuacji jest tak zwana po\u017cyczka z komornikiem, kt\u00f3r\u0105 mo\u017cna znale\u017a\u0107 w niekt\u00f3rych firmach pozabankowych. Miloan nie posiada jednak w swojej ofercie tego typu produktu finansowego, zatem wnioskuj\u0105cy z zaj\u0119ciem komorniczym nie mog\u0105 liczy\u0107 na pozytywn\u0105 decyzj\u0119 o przyznaniu zad\u0142u\u017cenia.<\/p>\n<h2>Jak wzi\u0105\u0107 po\u017cyczk\u0119 w Miloan?<\/h2>\n<p>Wzi\u0119cie po\u017cyczki w Miloan mo\u017cna nazwa\u0107 dziecinnie prostym. Nowoczesne, id\u0105ce z duchem czasu firmy pozabankowe robi\u0105 wszystko, by u\u0142atwi\u0107 swoim klientom otrzymanie finansowania i zapewni\u0107 im pieni\u0105dze na wyci\u0105gni\u0119cie r\u0119ki. Ca\u0142\u0105 procedur\u0119 mo\u017cna przeprowadzi\u0107 ca\u0142kowicie online, jest ona prosta, przejrzysta i zajmuje bardzo niewiele czasu. Aby rozpocz\u0105\u0107 proces wnioskowania, wystarczy wej\u015b\u0107 na stron\u0119 www.miloan.pl, nast\u0119pnie interaktywnym suwakiem wybra\u0107 kwot\u0119 po\u017cyczki, a na ekranie pojawi\u0105 si\u0119 wszystkie koszty finansowania.<\/p>\n<p>Kolejnym krokiem jest klikni\u0119cie przycisku \u201ez\u0142\u00f3\u017c wniosek\u201d. Na tym etapie nowi klienci musz\u0105 dokona\u0107 rejestracji w serwisie, wype\u0142niaj\u0105c formularz.<\/p>\n<p>Rejestracja polega na podaniu podstawowych danych wnioskuj\u0105cego oraz ustaleniu has\u0142a, dzi\u0119ki kt\u00f3remu klient b\u0119dzie m\u00f3g\u0142 logowa\u0107 si\u0119 na swoje konto osobiste. Niezb\u0119dne jest r\u00f3wnie\u017c wpisanie kodu, kt\u00f3ry po\u017cyczkobiorca otrzyma na podany numer telefonu kom\u00f3rkowego.<\/p>\n<p>Po pomy\u015blnej rejestracji klient mo\u017ce przyst\u0105pi\u0107 do wype\u0142niania wniosku o po\u017cyczk\u0119. Proszony jest wtedy o uzupe\u0142nienie pozosta\u0142ych danych, mi\u0119dzy innymi adresu zamieszkania czy numeru konta bankowego oraz o podanie kilku informacji dotycz\u0105cych dochod\u00f3w.<\/p>\n<p>Gdy formularz jest ju\u017c w ca\u0142o\u015bci wype\u0142niony, czas na potwierdzenie to\u017csamo\u015bci klienta za pomoc\u0105 us\u0142ugi Kontomatik. Je\u015bli dane si\u0119 zgadzaj\u0105, Miloan niezw\u0142ocznie informuje po\u017cyczkobiorc\u0119 o decyzji w sprawie udzielenia finansowania. Gdy jest ona pozytywna, klient mo\u017ce spodziewa\u0107 si\u0119 pieni\u0119dzy na koncie w ci\u0105gu 15 minut.<\/p>\n<h2>Sp\u0142ata po\u017cyczki w Miloan<\/h2>\n<p>Podpisuj\u0105c umow\u0119, po\u017cyczkobiorca zobowi\u0105zuje si\u0119 do uregulowania zaci\u0105gni\u0119tego zobowi\u0105zania w ci\u0105gu 30 dni. W razie jakichkolwiek niejasno\u015bci klient zawsze mo\u017ce sprawdzi\u0107 dok\u0142adny termin sp\u0142aty oraz wysoko\u015b\u0107 zad\u0142u\u017cenia, loguj\u0105c si\u0119 na swoje konto na stronie Miloan.<\/p>\n<p>Warto pami\u0119ta\u0107, \u017ce je\u015bli termin sp\u0142aty wypada na dzie\u0144 ustawowo wolny od pracy, obowi\u0105zek uregulowania nale\u017cno\u015bci przechodzi automatycznie na kolejny dzie\u0144 roboczy. Czasami zdarzaj\u0105 si\u0119 sytuacje, \u017ce po\u017cyczk\u0119 sp\u0142aca cz\u0142onek rodziny lub znajomy. Wtedy wa\u017cne jest, aby w tytule przelewu poda\u0142 on numer po\u017cyczki lub numer PESEL po\u017cyczkobiorcy.<\/p>\n<p>Aby uregulowa\u0107 zaci\u0105gni\u0119te zobowi\u0105zania, wystarczy zalogowa\u0107 si\u0119 do swojego profilu, wybra\u0107 opcj\u0119 \u201esp\u0142a\u0107\u201d i post\u0119powa\u0107 zgodnie ze wskaz\u00f3wkami pojawiaj\u0105cymi si\u0119 na ekranie.<\/p>\n<h3>Czy mo\u017cliwa jest sp\u0142ata po\u017cyczki przed terminem?<\/h3>\n<p>Po\u017cyczkobiorca mo\u017ce w ka\u017cdej chwili uregulowa\u0107 zad\u0142u\u017cenie. Nie musi czeka\u0107 na ostateczny termin sp\u0142aty po\u017cyczki.<\/p>\n<h3>Brak sp\u0142aty \u2013 co, je\u015bli po\u017cyczka nie zostanie sp\u0142acona na czas?<\/h3>\n<p>Brak terminowej sp\u0142aty po\u017cyczki zawsze rodzi powa\u017cne konsekwencje finansowe. Je\u015bli d\u0142ug nie zostanie uregulowany we wskazanym w umowie terminie, po\u017cyczkobiorca opr\u00f3cz kwoty finansowania zobowi\u0105zany jest do zap\u0142aty odsetek karnych za op\u00f3\u017anienie. Je\u015bli klient tego nie zrobi, wierzyciel mo\u017ce przekaza\u0107 prawo do egzekucji zaleg\u0142ych zobowi\u0105za\u0144 podmiotom trzecim.<\/p>\n<h3>Windykacja w Miloan<\/h3>\n<p>Po\u017cyczkobiorca zawsze powinien by\u0107 w pe\u0142ni \u015bwiadomy, \u017ce ka\u017cda, nawet niewielka po\u017cyczka niesp\u0142acona na czas mo\u017ce przysporzy\u0107 sporych k\u0142opot\u00f3w finansowych. W przypadku, gdy klient Miloan nie uregulowa\u0142 zad\u0142u\u017cenia w terminie oraz nie reaguje na monity przekazywane przez po\u017cyczkodawc\u0119 drog\u0105 telefoniczn\u0105, mailow\u0105 i SMS-ow\u0105, musi liczy\u0107 si\u0119 z tym, \u017ce wkr\u00f3tce egzekucj\u0105 d\u0142ugu zajmie si\u0119 firma windykacyjna, a je\u015bli i to nie poskutkuje, sprawa trafi do s\u0105du, a nast\u0119pnie do komornika.<\/p>\n<h2>Kolejna po\u017cyczka w Miloan<\/h2>\n<p>Klienci, kt\u00f3rzy ponownie chc\u0105 skorzysta\u0107 z oferty Miloan, niestety nie maj\u0105 ju\u017c mo\u017cliwo\u015bci zaci\u0105gni\u0119cia darmowej po\u017cyczki, mog\u0105 jednak stara\u0107 si\u0119 o wy\u017csz\u0105 kwot\u0119 finansowania, kt\u00f3ra si\u0119ga 5000 z\u0142. Wzi\u0119cie kolejnej po\u017cyczki jest jeszcze szybsze i \u0142atwiejsze.<\/p>\n<p>Klient nie musi si\u0119 bowiem rejestrowa\u0107. Wystarczy, \u017ce zaloguje si\u0119 na swoje konto w serwisie i wype\u0142ni formularz, kt\u00f3ry cz\u0119\u015bciowo b\u0119dzie ju\u017c uzupe\u0142niony zapami\u0119tanymi przez system danymi. Nale\u017cy jednak pami\u0119ta\u0107, \u017ce kolejna chwil\u00f3wka jest mo\u017cliwa do zaci\u0105gni\u0119cia dopiero po sp\u0142acie poprzedniego zobowi\u0105zania. Miloan nie udziela dw\u00f3ch po\u017cyczek jednocze\u015bnie.<\/p>\n","protected":false},"excerpt":{"rendered":"<p>Miloan Polska Sp. z o.o. to mi\u0119dzynarodowa firma finansowa oferuj\u0105ca swoim klientom szybkie po\u017cyczki kr\u00f3tkoterminowe, kt\u00f3re mo\u017cna zaci\u0105gn\u0105\u0107 bez wychodzenia [&hellip;]<\/p>\n","protected":false},"author":60,"featured_media":8640,"parent":8676,"menu_order":0,"comment_status":"closed","ping_status":"closed","template":"page_lender.php","meta":{"_acf_changed":false,"yasr_overall_rating":0,"yasr_post_is_review":"","yasr_auto_insert_disabled":"","yasr_review_type":"","footnotes":""},"class_list":["post-8632","page","type-page","status-publish","has-post-thumbnail","hentry"],"acf":[],"yoast_head":"<!-- This site is optimized with the Yoast SEO plugin v27.1.1 - https:\/\/yoast.com\/product\/yoast-seo-wordpress\/ -->\n<title>MILOAN | Por\u00f3wnywarka finansowa Rankomat<\/title>\n<meta name=\"robots\" content=\"index, follow, max-snippet:-1, max-image-preview:large, max-video-preview:-1\" \/>\n<link rel=\"canonical\" href=\"https:\/\/rankomat.pl\/finanse\/chwilowki\/firma\/miloan\/\" \/>\n<meta property=\"og:locale\" content=\"pl_PL\" \/>\n<meta property=\"og:type\" content=\"article\" \/>\n<meta property=\"og:title\" content=\"MILOAN | Por\u00f3wnywarka finansowa Rankomat\" \/>\n<meta property=\"og:description\" content=\"Miloan Polska Sp. z o.o. to mi\u0119dzynarodowa firma finansowa oferuj\u0105ca swoim klientom szybkie po\u017cyczki kr\u00f3tkoterminowe, kt\u00f3re mo\u017cna zaci\u0105gn\u0105\u0107 bez wychodzenia [&hellip;]\" \/>\n<meta property=\"og:url\" content=\"https:\/\/rankomat.pl\/finanse\/chwilowki\/firma\/miloan\/\" \/>\n<meta property=\"og:site_name\" content=\"Por\u00f3wnywarka finansowa Rankomat\" \/>\n<meta property=\"article:publisher\" content=\"https:\/\/www.facebook.com\/rankomatpl\/\" \/>\n<meta property=\"article:modified_time\" content=\"2025-10-31T08:29:31+00:00\" \/>\n<meta property=\"og:image\" content=\"https:\/\/rankomat.pl\/finanse\/wp-content\/uploads\/2024\/02\/logo-miloan.png\" \/>\n\t<meta property=\"og:image:width\" content=\"250\" \/>\n\t<meta property=\"og:image:height\" content=\"75\" \/>\n\t<meta property=\"og:image:type\" content=\"image\/png\" \/>\n<meta name=\"twitter:card\" content=\"summary_large_image\" \/>\n<meta name=\"twitter:site\" content=\"@rankomat\" \/>\n<meta name=\"twitter:label1\" content=\"Szacowany czas czytania\" \/>\n\t<meta name=\"twitter:data1\" content=\"9 minut\" \/>\n<script type=\"application\/ld+json\" class=\"yoast-schema-graph\">{\"@context\":\"https:\/\/schema.org\",\"@graph\":[{\"@type\":\"ImageObject\",\"inLanguage\":\"pl-PL\",\"@id\":\"https:\/\/rankomat.pl\/finanse\/chwilowki\/firma\/miloan\/#primaryimage\",\"url\":\"https:\/\/rankomat.pl\/finanse\/wp-content\/uploads\/2024\/02\/logo-miloan.png\",\"contentUrl\":\"https:\/\/rankomat.pl\/finanse\/wp-content\/uploads\/2024\/02\/logo-miloan.png\",\"width\":250,\"height\":75,\"caption\":\"logo miloan\"},{\"@type\":\"BreadcrumbList\",\"@id\":\"https:\/\/rankomat.pl\/finanse\/chwilowki\/firma\/miloan\/#breadcrumb\",\"itemListElement\":[{\"@type\":\"ListItem\",\"position\":1,\"name\":\"Finanse\",\"item\":\"https:\/\/rankomat.pl\/finanse\/\"},{\"@type\":\"ListItem\",\"position\":2,\"name\":\"Chwil\u00f3wki\",\"item\":\"https:\/\/rankomat.pl\/finanse\/chwilowki\/\"},{\"@type\":\"ListItem\",\"position\":3,\"name\":\"Listing firm po\u017cyczkowych\",\"item\":\"https:\/\/rankomat.pl\/finanse\/chwilowki\/firma\/\"},{\"@type\":\"ListItem\",\"position\":4,\"name\":\"MILOAN\"}]}]}<\/script>\n<!-- \/ Yoast SEO plugin. -->","yoast_head_json":{"title":"MILOAN | Por\u00f3wnywarka finansowa Rankomat","robots":{"index":"index","follow":"follow","max-snippet":"max-snippet:-1","max-image-preview":"max-image-preview:large","max-video-preview":"max-video-preview:-1"},"canonical":"https:\/\/rankomat.pl\/finanse\/chwilowki\/firma\/miloan\/","og_locale":"pl_PL","og_type":"article","og_title":"MILOAN | Por\u00f3wnywarka finansowa Rankomat","og_description":"Miloan Polska Sp. z o.o. to mi\u0119dzynarodowa firma finansowa oferuj\u0105ca swoim klientom szybkie po\u017cyczki kr\u00f3tkoterminowe, kt\u00f3re mo\u017cna zaci\u0105gn\u0105\u0107 bez wychodzenia [&hellip;]","og_url":"https:\/\/rankomat.pl\/finanse\/chwilowki\/firma\/miloan\/","og_site_name":"Por\u00f3wnywarka finansowa Rankomat","article_publisher":"https:\/\/www.facebook.com\/rankomatpl\/","article_modified_time":"2025-10-31T08:29:31+00:00","og_image":[{"width":250,"height":75,"url":"https:\/\/rankomat.pl\/finanse\/wp-content\/uploads\/2024\/02\/logo-miloan.png","type":"image\/png"}],"twitter_card":"summary_large_image","twitter_site":"@rankomat","twitter_misc":{"Szacowany czas czytania":"9 minut"},"schema":{"@context":"https:\/\/schema.org","@graph":[{"@type":"ImageObject","inLanguage":"pl-PL","@id":"https:\/\/rankomat.pl\/finanse\/chwilowki\/firma\/miloan\/#primaryimage","url":"https:\/\/rankomat.pl\/finanse\/wp-content\/uploads\/2024\/02\/logo-miloan.png","contentUrl":"https:\/\/rankomat.pl\/finanse\/wp-content\/uploads\/2024\/02\/logo-miloan.png","width":250,"height":75,"caption":"logo miloan"},{"@type":"BreadcrumbList","@id":"https:\/\/rankomat.pl\/finanse\/chwilowki\/firma\/miloan\/#breadcrumb","itemListElement":[{"@type":"ListItem","position":1,"name":"Finanse","item":"https:\/\/rankomat.pl\/finanse\/"},{"@type":"ListItem","position":2,"name":"Chwil\u00f3wki","item":"https:\/\/rankomat.pl\/finanse\/chwilowki\/"},{"@type":"ListItem","position":3,"name":"Listing firm po\u017cyczkowych","item":"https:\/\/rankomat.pl\/finanse\/chwilowki\/firma\/"},{"@type":"ListItem","position":4,"name":"MILOAN"}]}]}},"yasr_visitor_votes":{"stars_attributes":{"read_only":false,"span_bottom":false},"number_of_votes":0,"sum_votes":0},"_links":{"self":[{"href":"https:\/\/rankomat.pl\/finanse\/wp-json\/wp\/v2\/pages\/8632","targetHints":{"allow":["GET"]}}],"collection":[{"href":"https:\/\/rankomat.pl\/finanse\/wp-json\/wp\/v2\/pages"}],"about":[{"href":"https:\/\/rankomat.pl\/finanse\/wp-json\/wp\/v2\/types\/page"}],"author":[{"embeddable":true,"href":"https:\/\/rankomat.pl\/finanse\/wp-json\/wp\/v2\/users\/60"}],"replies":[{"embeddable":true,"href":"https:\/\/rankomat.pl\/finanse\/wp-json\/wp\/v2\/comments?post=8632"}],"version-history":[{"count":0,"href":"https:\/\/rankomat.pl\/finanse\/wp-json\/wp\/v2\/pages\/8632\/revisions"}],"up":[{"embeddable":true,"href":"https:\/\/rankomat.pl\/finanse\/wp-json\/wp\/v2\/pages\/8676"}],"wp:featuredmedia":[{"embeddable":true,"href":"https:\/\/rankomat.pl\/finanse\/wp-json\/wp\/v2\/media\/8640"}],"wp:attachment":[{"href":"https:\/\/rankomat.pl\/finanse\/wp-json\/wp\/v2\/media?parent=8632"}],"curies":[{"name":"wp","href":"https:\/\/api.w.org\/{rel}","templated":true}]}}