{"id":8633,"date":"2024-02-14T13:26:13","date_gmt":"2024-02-14T12:26:13","guid":{"rendered":"https:\/\/rankomat.pl\/finanse\/?page_id=8633"},"modified":"2024-02-14T13:26:13","modified_gmt":"2024-02-14T12:26:13","slug":"netcredit","status":"publish","type":"page","link":"https:\/\/rankomat.pl\/finanse\/chwilowki\/firma\/netcredit\/","title":{"rendered":"NetCredit"},"content":{"rendered":"<p><strong>Marka NetCredit dzia\u0142a na polskim rynku od 2011 roku i jeszcze jaki\u015b czas temu koncentrowa\u0142a si\u0119 na udzielaniu klasycznych chwil\u00f3wek przez internet z maksymalnie uproszczonym procesem wnioskowania i b\u0142yskawicznym tempem weryfikacji. W jej ofercie zasz\u0142y jednak spore zmiany. Aktualnie flagowym produktem jest wirtualna karta kredytowa, zapewniaj\u0105ca dodatkowy zastrzyk got\u00f3wki zawsze wtedy, gdy jest potrzebny \u2013 przez ca\u0142\u0105 dob\u0119 i 7 dni w tygodniu.<\/strong><\/p>\n<p>Nowoczesne rozwi\u0105zanie powsta\u0142o we wsp\u00f3\u0142pracy z dostawc\u0105 kart p\u0142atniczych Mastercard. Z wirtualnej karty kredytowej Fincard (czyli de facto kredytu odnawialnego w ramach przyznanego limitu) mo\u017cna korzysta\u0107 do wykonywania tradycyjnych przelew\u00f3w albo podpi\u0105\u0107 j\u0105 pod sw\u00f3j portfel w Google Pay lub Apple Pay i postawi\u0107 w ten spos\u00f3b na cyfrow\u0105 opcj\u0119 z mo\u017cliwo\u015bci\u0105 wyp\u0142aty got\u00f3wki w bankomacie.<\/p>\n<h2>Ile mog\u0119 po\u017cyczy\u0107 w NetCredit?<\/h2>\n<p>Maksymalny limit na wirtualnej karcie kredytowej wynosi:<\/p>\n<ul>\n<li>3.000 z\u0142 dla nowych klient\u00f3w<\/li>\n<li>5.000 z\u0142 dla powracaj\u0105cych klient\u00f3w<\/li>\n<li>Jej niekwestionowan\u0105 zalet\u0105 jest to, \u017ce absolutnie nie trzeba wykorzysta\u0107 przyznanego limitu w ca\u0142o\u015bci. \u015awietnie nadaje si\u0119 te\u017c do wykonywania bie\u017c\u0105cych p\u0142atno\u015bci.<\/li>\n<\/ul>\n<h2>Na jak d\u0142ugo mog\u0119 po\u017cyczy\u0107 w NetCredit?<\/h2>\n<p>Po\u017cyczka na karcie w NetCredit jest przyznawana na 360 dni. Przez ten czas mo\u017cna korzysta\u0107 z niej zupe\u0142nie tak samo jak z typowej karty kredytowej, kt\u00f3r\u0105 nosi si\u0119 na co dzie\u0144 w portfelu. Ka\u017cda terminowa sp\u0142ata zad\u0142u\u017cenia (co najmniej w warto\u015bci minimalnej) odpowiednio odnawia dost\u0119pny limit kredytowy.<\/p>\n<p>Jakie s\u0105 koszty po\u017cyczki na karcie Net Credit?<br \/>\nZacznijmy od ulubionej cyfry os\u00f3b po\u017cyczaj\u0105cych pieni\u0105dze czyli 0 z\u0142. W przypadku po\u017cyczki na kart\u0119 w NetCredit zupe\u0142nie darmowe s\u0105:<\/p>\n<ul>\n<li>z\u0142o\u017cenie wniosku o kart\u0119<\/li>\n<li>wydanie karty<\/li>\n<li>aktywacja karty<\/li>\n<li>obs\u0142uga karty<\/li>\n<li>zastrze\u017cenie karty<\/li>\n<li>p\u0142atno\u015bci zbli\u017ceniowe i przelewy z rachunku karty<\/li>\n<li>wcze\u015bniejsze zako\u0144czenie umowy<\/li>\n<li>korzystanie z karty w przypadku, gdy nie korzysta si\u0119 z przyznanego limitu<\/li>\n<\/ul>\n<p>Klient NetCredit, kt\u00f3ry otrzyma\u0142 po\u017cyczk\u0119 na karcie, p\u0142aci wy\u0142\u0105cznie za wykorzystany limit. Prowizja wynosi:<\/p>\n<ul>\n<li>16% w ka\u017cdym okresie rozliczeniowym (przy czym, je\u015bli klient dokonuje terminowej sp\u0142aty, nie s\u0105 naliczane \u017cadne dodatkowe odsetki)<br \/>\nW sytuacji gdy termin p\u0142atno\u015bci up\u0142ynie, do naliczonej prowizji zostan\u0105 dopisane ustawowe odsetki za op\u00f3\u017anienie.<\/li>\n<\/ul>\n<p>To jedna z przewag tego rozwi\u0105zania nad typow\u0105 po\u017cyczk\u0105 got\u00f3wkow\u0105 na raty czy kr\u00f3tkoterminow\u0105 chwil\u00f3wk\u0105. Je\u015bli pieni\u0105dze nie s\u0105 potrzebne, kart\u0119 mo\u017cna po prostu mie\u0107 przy sobie \u201ena czarn\u0105 godzin\u0119\u201d i nie ponosi\u0107 w zwi\u0105zku z tym \u017cadnych dodatkowych koszt\u00f3w.<\/p>\n<p>Dodatkowo nowi klienci, kt\u00f3rzy nie podpisywali wcze\u015bniej umowy z NetCredit, mog\u0105 skorzysta\u0107 z atrakcyjnych warunk\u00f3w w ramach promocji \u201eOferta powitalna\u201d. Op\u0142aty w pierwszym okresie rozliczeniowym wynios\u0105 dla nich dok\u0142adnie 0 z\u0142.<\/p>\n<p><strong>Po\u017cyczka na karcie z limitem 3.000 z\u0142 (nowy klient)<\/strong><\/p>\n<ul>\n<li>Kwota po\u017cyczki: 3.000 z\u0142<\/li>\n<li>Okres sp\u0142aty: 360 dni (w tym co najmniej Minimalna Kwota do Zap\u0142aty w ka\u017cdym miesi\u0119cznym okresie rozliczeniowym)<\/li>\n<li>Odsetki: 0 z\u0142<\/li>\n<li>Prowizja: 0 z\u0142 w pierwszym promocyjnym okresie rozliczeniowym; p\u00f3\u017aniej 16% warto\u015bci limitu wykorzystanego w danym okresie rozliczeniowym<\/li>\n<li>RRSO: 356,60% (w przypadku sp\u0142aty ca\u0142ego zad\u0142u\u017cenia)<\/li>\n<li>Ca\u0142kowita kwota do sp\u0142aty: 3.000 z\u0142 (je\u015bli przyznany limit kredytowy nie zostanie przekroczony)<\/li>\n<\/ul>\n<p><strong>Po\u017cyczka na karcie z limitem 3.000 z\u0142 (powracaj\u0105cy klient)<\/strong><\/p>\n<ul>\n<li>Kwota po\u017cyczki: 3.000 z\u0142<\/li>\n<li>Okres sp\u0142aty: 360 dni (w tym co najmniej Minimalna Kwota do Zap\u0142aty w ka\u017cdym miesi\u0119cznym okresie rozliczeniowym)<\/li>\n<li>Odsetki: 0 z\u0142<\/li>\n<li>Prowizja: 16% warto\u015bci limitu wykorzystanego w danym okresie rozliczeniowym<\/li>\n<li>Minimalna Kwota do Zap\u0142aty: 480 z\u0142 (przy za\u0142o\u017ceniu, \u017ce klient wykorzysta\u0142 ca\u0142y przyznany limit w danym okresie rozliczeniowym)<\/li>\n<li>Ca\u0142kowita kwota do sp\u0142aty: 3.480 z\u0142<\/li>\n<li>RRSO: 483,25% (w przypadku sp\u0142aty ca\u0142ego zad\u0142u\u017cenia)<\/li>\n<\/ul>\n<h2>Warunki otrzymania po\u017cyczki na kart\u0119 w NetCredit<\/h2>\n<p>Wnioskowanie o kart\u0119 kredytow\u0105 mo\u017ce kojarzy\u0107 si\u0119 nie tylko z formalno\u015bciami i dokumentami do wype\u0142nienia, ale te\u017c z konieczno\u015bci\u0105 zarabiania okre\u015blonej kwoty. Zdarza si\u0119 np., \u017ce banki odmawiaj\u0105 wydania jej np. klientom, kt\u00f3rzy nie s\u0105 zatrudnieni na umow\u0119 o prac\u0119. W NetCredit podchodzi si\u0119 do tej kwestii bardzo podobnie jak w typowych firmach z sektora pozabankowego \u2013 chodzi o to, aby u\u0142atwi\u0107 klientowi otrzymanie po\u017cyczki na karcie, a nie niepotrzebnie komplikowa\u0107 ca\u0142y proces.<\/p>\n<p>To jeden z powod\u00f3w, dla kt\u00f3rego lista warunk\u00f3w do spe\u0142nienia podczas ubiegania si\u0119 o wirtualn\u0105 kart\u0119 kredytow\u0105 jest naprawd\u0119 kr\u00f3tka:<\/p>\n<ul>\n<li>wymagany wiek to 20-70 lat<\/li>\n<li>polskie obywatelstwo<\/li>\n<li>samodzielne konto w jednym z bank\u00f3w dzia\u0142aj\u0105cych w Polsce<\/li>\n<li>aktywny telefon kom\u00f3rkowy i adres poczty elektronicznej<\/li>\n<li>regularne miesi\u0119czne dochody i posiada\u0107 zdolno\u015b\u0107 do terminowej sp\u0142aty przyznanego limitu<\/li>\n<\/ul>\n<h3>Dokumenty wymagane do otrzymania po\u017cyczki na kart\u0119<\/h3>\n<p>Je\u015bli chodzi o dokumenty, na etapie wype\u0142niania wniosku o przyznanie wirtualnej karty kredytowej w NetCredit potrzebny b\u0119dzie tylko dow\u00f3d osobisty. Wygl\u0105da to bardzo podobnie jak przy aplikowaniu o po\u017cyczk\u0119 pozabankow\u0105.<\/p>\n<h3>Formy zatrudnienia<\/h3>\n<p>Po\u017cyczkodawca precyzuje co prawda, \u017ce wymaga od potencjalnego klienta sta\u0142ego \u017ar\u00f3d\u0142a dochodu, jednak nie ma tu na my\u015bli wy\u0142\u0105cznie \u015brodk\u00f3w wyp\u0142acanych przez pracodawc\u0119 w ramach umowy o prac\u0119. W\u015br\u00f3d dopuszczalnych form zatrudnienia mo\u017cna wymieni\u0107 te\u017c: umowy cywilnoprawne czy dochody z prowadzenia JDG lub dzia\u0142alno\u015bci rolniczej. Zaliczaj\u0105 si\u0119 do nich tak\u017ce emerytura oraz renta.<\/p>\n<h2>Weryfikacja w bazie d\u0142u\u017cnik\u00f3w<\/h2>\n<p>Przed wydaniem karty po\u017cyczkodawca musi upewni\u0107 si\u0119, \u017ce sp\u0142acanie wykorzystanego limitu w wyznaczonym terminie nie b\u0119dzie dla jej posiadacza zbyt du\u017cym obci\u0105\u017ceniem finansowym. W tym celu sprawdza informacje na jego temat m.in. w popularnych bazach d\u0142u\u017cnik\u00f3w.<\/p>\n<p>Czy NetCredit udziela po\u017cyczki na karcie bez sprawdzania BIK?<br \/>\nNie. Przed wydaniem decyzji o przyznaniu karty klient mo\u017ce zosta\u0107 sprawdzony w BIK, a opr\u00f3cz tego r\u00f3wnie\u017c w jednej, kliku lub wszystkich wymienionych ni\u017cej bazach:<\/p>\n<ul>\n<li>Biuro Informacji Gospodarczej InfoMonitor<\/li>\n<li>Rejestr D\u0142u\u017cnik\u00f3w ERIF Biuro Informacji Gospodarczej<\/li>\n<li>Krajowy Rejestr D\u0142ug\u00f3w Biuro Informacji Gospodarczej<\/li>\n<li>European Union Credit Bureau<\/li>\n<\/ul>\n<h3>Czy NetCredit udziela po\u017cyczek na karcie dla zad\u0142u\u017conych?<\/h3>\n<p>Jednym z wymog\u00f3w, kt\u00f3re nale\u017cy spe\u0142ni\u0107, \u017ceby podpisa\u0107 umow\u0119 i otrzyma\u0107 wirtualn\u0105 kart\u0119 kredytow\u0105, jest posiadanie sta\u0142ego \u017ar\u00f3d\u0142a dochodu i zdolno\u015bci do terminowej sp\u0142aty zad\u0142u\u017cenia. Je\u015bli po weryfikacji wniosku po\u017cyczkodawca uzna, \u017ce klient sp\u0142aca dotychczasowe zobowi\u0105zania w terminie, a jego sytuacja finansowa jest na tyle dobra, by przyzna\u0107 mu limit na karcie, posiadanie zad\u0142u\u017cenia w innym miejscu nie b\u0119dzie problemem.<\/p>\n<p>Je\u017celi jednak z historii kredytowej danej osoby jasno wynika, \u017ce zalega ona z p\u0142atno\u015bciami, a dodatkowo w przesz\u0142o\u015bci r\u00f3wnie\u017c mia\u0142a problemy ze sp\u0142acaniem po\u017cyczonych pieni\u0119dzy, po\u017cyczka na karcie na pewno nie zostanie jej udzielona. To produkt finansowy dla klient\u00f3w odpowiedzialnie podchodz\u0105cych do swoich finans\u00f3w.<\/p>\n<h3>Czy w NetCredit mo\u017cna wzi\u0105\u0107 po\u017cyczk\u0119 na karcie z komornikiem?<\/h3>\n<p>Niesp\u0142acanie zad\u0142u\u017cenia przez d\u0142u\u017cszy czas skutkuje r\u00f3\u017cnymi konsekwencjami. Ostatnim etapem egzekwowania nale\u017cno\u015bci jest wszcz\u0119cie egzekucji komorniczej wobec nierzetelnego d\u0142u\u017cnika i stopniowe zajmowanie jego maj\u0105tku przez komornika. W praktyce taki d\u0142u\u017cnik nie spe\u0142nia jednego z podstawowych warunk\u00f3w do uzyskania po\u017cyczki \u2013 nie ma zdolno\u015bci kredytowej wi\u0119c nie mo\u017ce otrzyma\u0107 po\u017cyczki w ramach karty kredytowej NetCredit.<\/p>\n<h2>Jak wzi\u0105\u0107 po\u017cyczk\u0119 na karcie w NetCredit?<\/h2>\n<p>Wnioskowanie o po\u017cyczk\u0119 na karcie w NetCredit tak naprawd\u0119 niewiele r\u00f3\u017cni si\u0119 od sk\u0142adania wniosku o chwil\u00f3wk\u0119 online. Ca\u0142y proces przebiega szybko i bez przeszk\u00f3d. Mo\u017cna zrobi\u0107 to przez telefon, dzwoni\u0105c pod numer 22\u202f598 77 99 (od poniedzia\u0142ku do pi\u0105tku w godz. 8:00-20:00 oraz w soboty w godz. 8:00-17:00) podczas bezpo\u015bredniej rozmowy z konsultantem lub online. Poni\u017cej opisujemy co musz\u0105 \u2013 krok po kroku \u2013 zrobi\u0107 osoby, kt\u00f3re zdecydowa\u0142y si\u0119 na z\u0142o\u017cenie wniosku przez internet (tym, kt\u00f3re wybra\u0142y opcj\u0119 telefoniczn\u0105, wszystko wyt\u0142umaczy doradca).<\/p>\n<p><strong>Krok 1 Wybierz kwot\u0119 limitu<\/strong><\/p>\n<p>Po wej\u015bciu na stron\u0119 po\u017cyczkodawcy b\u0119dzie trzeba wskaza\u0107, czy jest si\u0119 nowym, czy sta\u0142ym klientem NetCredit, wybra\u0107 kwot\u0119 limitu, kt\u00f3ry chce si\u0119 otrzyma\u0107 i klikn\u0105\u0107 pomara\u0144czowy przycisk z napisem \u201eWe\u017a XXXX z\u0142\u201d.<\/p>\n<p><strong>Krok 2 Za\u0142\u00f3\u017c konto w serwisie albo zaloguj si\u0119<\/strong><\/p>\n<p>Po klikni\u0119ciu przycisku wnioskuj\u0105cy o po\u017cyczk\u0119 na karcie zostanie automatycznie przekierowany na stron\u0119, na kt\u00f3rej mo\u017cna si\u0119 zalogowa\u0107 (je\u015bli korzysta\u0142o si\u0119 ju\u017c z oferty NetCredit) lub zarejestrowa\u0107 w serwisie jako nowy klient.<\/p>\n<p>W tym drugim przypadku do za\u0142o\u017cenia konta wystarczy poda\u0107 adres e-mail i numer telefonu, utworzy\u0107 has\u0142o, a tak\u017ce zapozna\u0107 si\u0119 z regulaminem, polityk\u0105 prywatno\u015bci i zaakceptowa\u0107 ich tre\u015b\u0107, po czym klikn\u0105\u0107 \u201eDalej\u201d.<\/p>\n<p><strong>Krok 3 Wype\u0142nij wniosek i zweryfikuj swoj\u0105 to\u017csamo\u015b\u0107<\/strong><\/p>\n<p>Podczas wype\u0142niania wniosku o przyznanie po\u017cyczki na karcie b\u0119dzie trzeba poda\u0107:<\/p>\n<ul>\n<li>podstawowe dane osobowe,<\/li>\n<li>dane z dowodu osobistego,<\/li>\n<li>adres zamieszkania,<\/li>\n<li>numer telefonu,<\/li>\n<li>numer rachunku bankowego,<\/li>\n<li>\u017ar\u00f3d\u0142o dochodu.<\/li>\n<\/ul>\n<p>Przed wys\u0142aniem formularza do weryfikacji konieczne oka\u017ce si\u0119 te\u017c potwierdzenie swojej to\u017csamo\u015bci. Takiej weryfikacji mo\u017cna dokona\u0107 na 3 sposoby, korzystaj\u0105c w tym celu z:<\/p>\n<ul>\n<li><strong>Us\u0142ugi Blue Media AIS<\/strong> zapewniaj\u0105cej b\u0142yskawiczn\u0105 weryfikacj\u0119 poprzez uzyskanie automatycznego dost\u0119pu do rachunku bankowego potencjalnego klienta (dane te s\u0105 wykorzystywane wy\u0142\u0105cznie na potrzeby potwierdzenia danych wpisanych we wniosku i nie b\u0119d\u0105 p\u00f3\u017aniej nigdzie przechowywane).<\/li>\n<li><strong>Przelewu przez internet z wykorzystaniem szybkich p\u0142atno\u015bci Blue Media<\/strong> (ksi\u0119gowanie \u015brodk\u00f3w nie powinno w\u00f3wczas potrwa\u0107 d\u0142u\u017cej ni\u017c 15 minut).<\/li>\n<li><strong>Tradycyjnego przelewu bankowego<\/strong> na konto po\u017cyczkodawcy w banku Cr\u00e9dit Agricole (czas zaksi\u0119gowania \u015brodk\u00f3w b\u0119dzie w tym wypadku zale\u017ce\u0107 od godzin sesji mi\u0119dzybankowych i mo\u017ce wyd\u0142u\u017cy\u0107 si\u0119 do kilku godzin lub nawet kolejnego dnia roboczego).<br \/>\nPodj\u0119cie decyzji o przyznaniu po\u017cyczki na karcie (lub odrzuceniu wniosku) trwa zazwyczaj kilkana\u015bcie minut, a sam limit zostaje uruchomiony automatycznie po jej wydaniu.<\/li>\n<\/ul>\n<h2>Sp\u0142ata po\u017cyczki na karcie w NetCredit<\/h2>\n<p>Procedura sp\u0142aty karty wirtualnej do z\u0142udzenia przypomina regulowanie zad\u0142u\u017cenia na klasycznej karcie kredytowej. Klient nie musi sp\u0142aca\u0107 go w ca\u0142o\u015bci \u2013 wystarczy, \u017ce dokona sp\u0142aty kwoty, o kt\u00f3r\u0105 ewentualnie zosta\u0142 przekroczony przyznany limit oraz tzw. Minimalnej Kwoty do Zap\u0142aty. Oblicza si\u0119 j\u0105 na podstawie limitu wykorzystanego w danym okresie rozliczeniowym. Oczywi\u015bcie nie trzeba robi\u0107 tego samodzielnie \u2013 wystarczy zalogowa\u0107 si\u0119 Profil Klienta lub sprawdzi\u0107 Zestawienie Transakcji przesy\u0142ane raz w miesi\u0105cu, po zako\u0144czeniu okresu rozliczeniowego na wskazany adres e-mail. Wystawca karty zawsze udost\u0119pnia zar\u00f3wno minimaln\u0105, jak i pe\u0142n\u0105 kwot\u0119 do sp\u0142aty, dzi\u0119ki czemu klient nie ma \u017cadnych problem\u00f3w z monitorowaniem rzeczywistych koszt\u00f3w rozwi\u0105zania.<\/p>\n<p>Sp\u0142aty po\u017cyczki na karcie dokonuje si\u0119 bezpo\u015brednio z poziomu Panelu Klienta (za po\u015brednictwem szybkich p\u0142atno\u015bci lub BLIK-a) albo tradycyjnym przelewem bankowym. Mo\u017cna sp\u0142aci\u0107 ca\u0142e zad\u0142u\u017cenie albo jego wymagan\u0105 cz\u0119\u015b\u0107. Istnieje r\u00f3wnie\u017c mo\u017cliwo\u015b\u0107:<\/p>\n<ul>\n<li>korzystania z limitu przez ca\u0142y okres obowi\u0105zywania umowy bez ca\u0142kowitego sp\u0142acania go albo<\/li>\n<li>sp\u0142acenia ca\u0142ej kwoty i wykorzystania jej ponownie w ramach przyznanego limitu.<br \/>\nZa\u0142o\u017cenie jest proste: ca\u0142y limit musi zosta\u0107 sp\u0142acony najp\u00f3\u017aniej ostatniego dnia obowi\u0105zywania umowy.<\/li>\n<\/ul>\n<h3>Czy mo\u017cliwa jest sp\u0142ata po\u017cyczki na karcie przed terminem?<\/h3>\n<p>Mimo \u017ce \u2013 zgodnie z regulaminem po\u017cyczki na karcie \u2013 po ka\u017cdym okresie rozliczeniowym wymagana jest jedynie sp\u0142ata minimalna, wcze\u015bniejsze uregulowanie zad\u0142u\u017cenia nie b\u0119dzie stanowi\u0142o problemu. O tym, w kt\u00f3rym momencie trwania umowy sp\u0142aci\u0107 limit, decyduje posiadacz wirtualnej karty.<\/p>\n<h3>Wyd\u0142u\u017cenie terminu sp\u0142aty<\/h3>\n<p>Po\u017cyczka na karcie to bardzo elastyczny produkt finansowy. To klient ustala, kiedy sp\u0142aci ca\u0142y wykorzystany limit i ma mo\u017cliwo\u015b\u0107 regulowania wy\u0142\u0105cznie minimalnej wymaganej kwoty przez wi\u0119ksz\u0105 cz\u0119\u015b\u0107 okresu obowi\u0105zywania umowy. Nie ma jednak mo\u017cliwo\u015bci wyd\u0142u\u017cenia terminu sp\u0142aty.<\/p>\n<p>Brak sp\u0142aty \u2013 co, je\u015bli po\u017cyczka na karcie nie zostanie sp\u0142acona na czas?<br \/>\nW sytuacji gdy klient nie sp\u0142aci przynajmniej Minimalnej Kwoty do Zap\u0142aty w wyznaczonym terminie, mog\u0105 zosta\u0107 mu naliczone ustawowe odsetki za op\u00f3\u017anienie (wed\u0142ug informacji na stronie internetowej po\u017cyczkodawcy aktualnie wynosz\u0105 one 24,5%). Brak sp\u0142aty prawdopodobnie r\u00f3wnie\u017c negatywnie odbije si\u0119 na zdolno\u015bci kredytowej i zmniejszy szanse na ewentualne otrzymanie po\u017cyczki w przysz\u0142o\u015bci.<\/p>\n<h3>Windykacja w NetCredit<\/h3>\n<p>Brak terminowej sp\u0142aty \u2013 poza konsekwencjami wymienionymi w akapicie powy\u017cej \u2013 mo\u017ce mie\u0107 te\u017c dodatkowy niemi\u0142y skutek dla d\u0142u\u017cnika w postaci podj\u0119cia dzia\u0142a\u0144 windykacyjnych. W przypadku gdy posiadacz limitu odnawialnego zignoruje konieczno\u015b\u0107 oddania po\u017cyczkodawcy wykorzystanych \u015brodk\u00f3w lub b\u0119dzie celowo unika\u0142 kontaktu z konsultantem NetCredit usi\u0142uj\u0105cym wyja\u015bni\u0107 sytuacj\u0119 i pozna\u0107 przyczyny op\u00f3\u017anienia, spraw\u0105 zajmie si\u0119 wewn\u0119trzna firma, kt\u00f3rej dzia\u0142ania mog\u0105 zako\u0144czy\u0107 si\u0119 nawet procesem s\u0105dowym.<\/p>\n<h2>Kolejna po\u017cyczka na karcie w NetCredit<\/h2>\n<p>Stali klienci NetCredit mog\u0105 wnioskowa\u0107 o wy\u017cszy limit (maksymalnie 5000 z\u0142). Przed podj\u0119ciem takiej decyzji warto jednak dok\u0142adnie przeanalizowa\u0107 swoj\u0105 sytuacj\u0119 finansow\u0105 i upewni\u0107 si\u0119, \u017ce terminowa sp\u0142ata (nie tylko kwoty minimalnej, ale i ca\u0142ego wykorzystanego limitu) mocno nie nadszarpnie domowego bud\u017cetu.<\/p>\n","protected":false},"excerpt":{"rendered":"<p>Marka NetCredit dzia\u0142a na polskim rynku od 2011 roku i jeszcze jaki\u015b czas temu koncentrowa\u0142a si\u0119 na udzielaniu klasycznych chwil\u00f3wek [&hellip;]<\/p>\n","protected":false},"author":60,"featured_media":8642,"parent":8676,"menu_order":0,"comment_status":"closed","ping_status":"closed","template":"page_lender.php","meta":{"_acf_changed":false,"yasr_overall_rating":0,"yasr_post_is_review":"","yasr_auto_insert_disabled":"","yasr_review_type":"","footnotes":""},"class_list":["post-8633","page","type-page","status-publish","has-post-thumbnail","hentry"],"acf":[],"yoast_head":"<!-- This site is optimized with the Yoast SEO plugin v27.1.1 - https:\/\/yoast.com\/product\/yoast-seo-wordpress\/ -->\n<title>NetCredit | Por\u00f3wnywarka finansowa Rankomat<\/title>\n<meta name=\"robots\" content=\"index, follow, max-snippet:-1, max-image-preview:large, max-video-preview:-1\" \/>\n<link rel=\"canonical\" href=\"https:\/\/rankomat.pl\/finanse\/chwilowki\/firma\/netcredit\/\" \/>\n<meta property=\"og:locale\" content=\"pl_PL\" \/>\n<meta property=\"og:type\" content=\"article\" \/>\n<meta property=\"og:title\" content=\"NetCredit | Por\u00f3wnywarka finansowa Rankomat\" \/>\n<meta property=\"og:description\" content=\"Marka NetCredit dzia\u0142a na polskim rynku od 2011 roku i jeszcze jaki\u015b czas temu koncentrowa\u0142a si\u0119 na udzielaniu klasycznych chwil\u00f3wek [&hellip;]\" \/>\n<meta property=\"og:url\" content=\"https:\/\/rankomat.pl\/finanse\/chwilowki\/firma\/netcredit\/\" \/>\n<meta property=\"og:site_name\" content=\"Por\u00f3wnywarka finansowa Rankomat\" \/>\n<meta property=\"article:publisher\" content=\"https:\/\/www.facebook.com\/rankomatpl\/\" \/>\n<meta property=\"og:image\" content=\"https:\/\/rankomat.pl\/finanse\/wp-content\/uploads\/2024\/02\/netcredit-nowe.png\" \/>\n\t<meta property=\"og:image:width\" content=\"250\" \/>\n\t<meta property=\"og:image:height\" content=\"75\" \/>\n\t<meta property=\"og:image:type\" content=\"image\/png\" \/>\n<meta name=\"twitter:card\" content=\"summary_large_image\" \/>\n<meta name=\"twitter:site\" content=\"@rankomat\" \/>\n<meta name=\"twitter:label1\" content=\"Szacowany czas czytania\" \/>\n\t<meta name=\"twitter:data1\" content=\"12 minut\" \/>\n<script type=\"application\/ld+json\" class=\"yoast-schema-graph\">{\"@context\":\"https:\/\/schema.org\",\"@graph\":[{\"@type\":\"ImageObject\",\"inLanguage\":\"pl-PL\",\"@id\":\"https:\/\/rankomat.pl\/finanse\/chwilowki\/firma\/netcredit\/#primaryimage\",\"url\":\"https:\/\/rankomat.pl\/finanse\/wp-content\/uploads\/2024\/02\/netcredit-nowe.png\",\"contentUrl\":\"https:\/\/rankomat.pl\/finanse\/wp-content\/uploads\/2024\/02\/netcredit-nowe.png\",\"width\":250,\"height\":75,\"caption\":\"netcredit logo\"},{\"@type\":\"BreadcrumbList\",\"@id\":\"https:\/\/rankomat.pl\/finanse\/chwilowki\/firma\/netcredit\/#breadcrumb\",\"itemListElement\":[{\"@type\":\"ListItem\",\"position\":1,\"name\":\"Finanse\",\"item\":\"https:\/\/rankomat.pl\/finanse\/\"},{\"@type\":\"ListItem\",\"position\":2,\"name\":\"Chwil\u00f3wki\",\"item\":\"https:\/\/rankomat.pl\/finanse\/chwilowki\/\"},{\"@type\":\"ListItem\",\"position\":3,\"name\":\"Listing firm po\u017cyczkowych\",\"item\":\"https:\/\/rankomat.pl\/finanse\/chwilowki\/firma\/\"},{\"@type\":\"ListItem\",\"position\":4,\"name\":\"NetCredit\"}]}]}<\/script>\n<!-- \/ Yoast SEO plugin. -->","yoast_head_json":{"title":"NetCredit | Por\u00f3wnywarka finansowa Rankomat","robots":{"index":"index","follow":"follow","max-snippet":"max-snippet:-1","max-image-preview":"max-image-preview:large","max-video-preview":"max-video-preview:-1"},"canonical":"https:\/\/rankomat.pl\/finanse\/chwilowki\/firma\/netcredit\/","og_locale":"pl_PL","og_type":"article","og_title":"NetCredit | Por\u00f3wnywarka finansowa Rankomat","og_description":"Marka NetCredit dzia\u0142a na polskim rynku od 2011 roku i jeszcze jaki\u015b czas temu koncentrowa\u0142a si\u0119 na udzielaniu klasycznych chwil\u00f3wek [&hellip;]","og_url":"https:\/\/rankomat.pl\/finanse\/chwilowki\/firma\/netcredit\/","og_site_name":"Por\u00f3wnywarka finansowa Rankomat","article_publisher":"https:\/\/www.facebook.com\/rankomatpl\/","og_image":[{"width":250,"height":75,"url":"https:\/\/rankomat.pl\/finanse\/wp-content\/uploads\/2024\/02\/netcredit-nowe.png","type":"image\/png"}],"twitter_card":"summary_large_image","twitter_site":"@rankomat","twitter_misc":{"Szacowany czas czytania":"12 minut"},"schema":{"@context":"https:\/\/schema.org","@graph":[{"@type":"ImageObject","inLanguage":"pl-PL","@id":"https:\/\/rankomat.pl\/finanse\/chwilowki\/firma\/netcredit\/#primaryimage","url":"https:\/\/rankomat.pl\/finanse\/wp-content\/uploads\/2024\/02\/netcredit-nowe.png","contentUrl":"https:\/\/rankomat.pl\/finanse\/wp-content\/uploads\/2024\/02\/netcredit-nowe.png","width":250,"height":75,"caption":"netcredit logo"},{"@type":"BreadcrumbList","@id":"https:\/\/rankomat.pl\/finanse\/chwilowki\/firma\/netcredit\/#breadcrumb","itemListElement":[{"@type":"ListItem","position":1,"name":"Finanse","item":"https:\/\/rankomat.pl\/finanse\/"},{"@type":"ListItem","position":2,"name":"Chwil\u00f3wki","item":"https:\/\/rankomat.pl\/finanse\/chwilowki\/"},{"@type":"ListItem","position":3,"name":"Listing firm po\u017cyczkowych","item":"https:\/\/rankomat.pl\/finanse\/chwilowki\/firma\/"},{"@type":"ListItem","position":4,"name":"NetCredit"}]}]}},"yasr_visitor_votes":{"stars_attributes":{"read_only":false,"span_bottom":false},"number_of_votes":0,"sum_votes":0},"_links":{"self":[{"href":"https:\/\/rankomat.pl\/finanse\/wp-json\/wp\/v2\/pages\/8633","targetHints":{"allow":["GET"]}}],"collection":[{"href":"https:\/\/rankomat.pl\/finanse\/wp-json\/wp\/v2\/pages"}],"about":[{"href":"https:\/\/rankomat.pl\/finanse\/wp-json\/wp\/v2\/types\/page"}],"author":[{"embeddable":true,"href":"https:\/\/rankomat.pl\/finanse\/wp-json\/wp\/v2\/users\/60"}],"replies":[{"embeddable":true,"href":"https:\/\/rankomat.pl\/finanse\/wp-json\/wp\/v2\/comments?post=8633"}],"version-history":[{"count":0,"href":"https:\/\/rankomat.pl\/finanse\/wp-json\/wp\/v2\/pages\/8633\/revisions"}],"up":[{"embeddable":true,"href":"https:\/\/rankomat.pl\/finanse\/wp-json\/wp\/v2\/pages\/8676"}],"wp:featuredmedia":[{"embeddable":true,"href":"https:\/\/rankomat.pl\/finanse\/wp-json\/wp\/v2\/media\/8642"}],"wp:attachment":[{"href":"https:\/\/rankomat.pl\/finanse\/wp-json\/wp\/v2\/media?parent=8633"}],"curies":[{"name":"wp","href":"https:\/\/api.w.org\/{rel}","templated":true}]}}