{"id":8643,"date":"2024-02-14T13:26:08","date_gmt":"2024-02-14T12:26:08","guid":{"rendered":"https:\/\/rankomat.pl\/finanse\/?page_id=8643"},"modified":"2024-02-14T13:26:08","modified_gmt":"2024-02-14T12:26:08","slug":"pozyczka-plus","status":"publish","type":"page","link":"https:\/\/rankomat.pl\/finanse\/chwilowki\/firma\/pozyczka-plus\/","title":{"rendered":"Po\u017cyczka Plus"},"content":{"rendered":"<p><strong>Za mark\u0105 Po\u017cyczka Plus stoi Aventus Group \u2013 sp\u00f3\u0142ka z bran\u017cy FinTech, kt\u00f3rej firmy po\u017cyczkowe dzia\u0142aj\u0105 w krajach takich jak: Czechy, Kazachstan, Litwa, \u0141otwa, Mo\u0142dawia, Polska i Ukraina. Polscy klienci zapewne doskonale znaj\u0105 chocia\u017cby firm\u0119 Smart Po\u017cyczka, r\u00f3wnie\u017c nale\u017c\u0105c\u0105 do tego podmiotu.<\/strong><\/p>\n<p>To kolejne miejsce w sieci, w kt\u00f3rym mo\u017cna wnioskowa\u0107 nawet o kilkana\u015bcie tysi\u0119cy z\u0142otych po\u017cyczki online \u2013 bez dodatkowych pyta\u0144, dokument\u00f3w i konieczno\u015bci d\u0142ugiego oczekiwania na decyzj\u0119.<\/p>\n<h2>Ile mog\u0119 po\u017cyczy\u0107 w Po\u017cyczka Plus?<\/h2>\n<p>Nowi klienci Po\u017cyczka Plus mog\u0105 wnioskowa\u0107 o nieco ni\u017csze kwoty ni\u017c ci powracaj\u0105cy. Aktualne limity u tego po\u017cyczkodawcy wynosz\u0105:<\/p>\n<ul>\n<li>od 200 do 5.000 z\u0142 dla nowych klient\u00f3w<\/li>\n<li>od 200 do 15.000 z\u0142 dla powracaj\u0105cych klient\u00f3w<\/li>\n<\/ul>\n<p>Podczas sprawdzania wniosku klienta po\u017cyczkodawca zawsze okre\u015bla maksymaln\u0105 kwot\u0119, jak\u0105 jest w stanie po\u017cyczy\u0107 mu, bior\u0105c pod uwag\u0119 aktualn\u0105 zdolno\u015b\u0107 kredytow\u0105. Je\u015bli zaproponowany limit jest wy\u017cszy, dopuszczalne jest ubieganie si\u0119 o zwi\u0119kszenie warto\u015bci po\u017cyczki, czyli tzw. do\u0142adowanie. Mo\u017cna to zrobi\u0107 do po\u0142owy czasu obowi\u0105zywania umowy zawartej z po\u017cyczkodawc\u0105.<\/p>\n<p>Przyk\u0142ad: Klient zawnioskowa\u0142 o po\u017cyczk\u0119 na 30 dni, wi\u0119c mo\u017ce ubiega\u0107 si\u0119 o do\u0142adowanie najp\u00f3\u017aniej w 15. dniu jej trwania.<\/p>\n<h2>Na jak d\u0142ugo mog\u0119 po\u017cyczy\u0107 w Po\u017cyczka Plus?<\/h2>\n<p>W przeciwie\u0144stwie do wielu innych firm pozabankowych, kt\u00f3re \u201esztywno\u201d trzymaj\u0105 si\u0119 30-dniowego terminu sp\u0142aty, w Po\u017cyczka Plus mo\u017cna wnioskowa\u0107 o zobowi\u0105zanie na 10, 15, 20, 25, 30 lub 45 dni. Ten ostatni jest jednak \u201ezarezerwowany\u201d dla sta\u0142ych klient\u00f3w. Oznacza to, \u017ce:<\/p>\n<ul>\n<li>Nowy klient mo\u017ce po\u017cyczy\u0107 \u015brodki na 10, 15, 20, 25 lub 30 dni.<\/li>\n<li>Powracaj\u0105cy klient mo\u017ce po\u017cyczy\u0107 \u015brodki na 10, 15, 20, 25, 30, 35, 40 lub 45 dni.<\/li>\n<\/ul>\n<h2>Jakie s\u0105 koszty po\u017cyczki w Po\u017cyczka Plus?<\/h2>\n<p>Osoby po raz pierwszy sk\u0142adaj\u0105ce wniosek w Po\u017cyczka Plus mog\u0105 po\u017cyczy\u0107 zupe\u0142nie za darmo maksymalnie 3.000 z\u0142. Je\u017celi potrzebuj\u0105 wi\u0119kszej kwoty (do 5.000 z\u0142), b\u0119dzie przys\u0142ugiwa\u0142 im rabat w wysoko\u015bci 50%. Gdzie jest haczyk? W zasadzie\u2026 nie ma go nigdzie. Jedynym warunkiem uprawniaj\u0105cym do skorzystania z atrakcyjnych warunk\u00f3w to terminowa sp\u0142ata zobowi\u0105zania. A jak wygl\u0105daj\u0105 koszty po\u017cyczki na konkretnych liczbach?<\/p>\n<p><strong>Pierwsza po\u017cyczka w Po\u017cyczka Plus na 5.000 z\u0142 (z rabatem 50%)<\/strong><\/p>\n<ul>\n<li>Kwota po\u017cyczki: 5.000 z\u0142<\/li>\n<li>Okres sp\u0142aty: 30 dni<\/li>\n<li>Koszt: 308,55 z\u0142<\/li>\n<li>RRSO: 107,21%<\/li>\n<li>Ca\u0142kowita kwota do sp\u0142aty: 5308,55 z\u0142<\/li>\n<\/ul>\n<p><strong>Kolejna po\u017cyczka w Po\u017cyczka Plus na 5.000 z\u0142 (oferta standardowa, bez rabatu 50%)<\/strong><\/p>\n<ul>\n<li>Kwota po\u017cyczki: 5.000 z\u0142<\/li>\n<li>Okres sp\u0142aty: 30 dni<\/li>\n<li>Koszt: 617,12 z\u0142<\/li>\n<li>RRSO: 312,05%<\/li>\n<li>Ca\u0142kowita kwota do sp\u0142aty: 5617,12 z\u0142<\/li>\n<\/ul>\n<p><strong>Kolejna po\u017cyczka na 6.500 z\u0142 na 30 dni (oferta standardowa)<\/strong><\/p>\n<ul>\n<li>Kwota po\u017cyczki: 6.500 z\u0142<\/li>\n<li>Okres sp\u0142aty: 30 dni<\/li>\n<li>Koszt: 802,26 z\u0142<\/li>\n<li>RRSO: 312,05%<\/li>\n<li>Ca\u0142kowita kwota do oddania: 7302,26 z\u0142<\/li>\n<\/ul>\n<p>Dobrze wida\u0107 tu prawid\u0142owo\u015b\u0107, kt\u00f3ra wyst\u0119puje w przypadku wszystkich po\u017cyczek pozabankowych: im d\u0142u\u017cszy termin sp\u0142aty, tym wy\u017cszy ca\u0142kowity koszt zobowi\u0105zania.<\/p>\n<p>Mimo \u017ce najatrakcyjniejsza zni\u017cka w ofercie Po\u017cyczka Plus zosta\u0142a przygotowana dla os\u00f3b, kt\u00f3re korzystaj\u0105 z niej po raz pierwszy, stali klienci firmy r\u00f3wnie\u017c nie powinni czu\u0107 si\u0119 pokrzywdzeni. Po zalogowaniu na Profil Klienta czeka na nich bowiem aktualnie przys\u0142uguj\u0105cy rabat, dzi\u0119ki kt\u00f3remu b\u0119d\u0105 mogli zap\u0142aci\u0107 mniej za swoj\u0105 kolejn\u0105 po\u017cyczk\u0119.<\/p>\n<p>Kalkulacje przeprowadzili\u015bmy 28 wrze\u015bnia 2022 roku, korzystaj\u0105c z kalkulatora dost\u0119pnego na stronie internetowej po\u017cyczkodawcy.<\/p>\n<h2>Warunki otrzymania po\u017cyczki w Po\u017cyczka Plus<\/h2>\n<p>\u017beby m\u00f3c ubiega\u0107 si\u0119 o po\u017cyczk\u0119 w Po\u017cyczka Plus, trzeba spe\u0142ni\u0107 kilka podstawowych warunk\u00f3w takich jak:<\/p>\n<ul>\n<li>By\u0107 w wieku 18-73 lata<\/li>\n<li>Posiada\u0107 wa\u017cny dow\u00f3d osobisty<\/li>\n<li>Mie\u0107 w\u0142asne konto bankowe (kt\u00f3rego jest si\u0119 jedynym w\u0142a\u015bcicielem)<\/li>\n<li>Mie\u0107 aktywny numer telefonu kom\u00f3rkowego u jednego z operator\u00f3w dzia\u0142aj\u0105cych w Polsce<\/li>\n<li>Posiada\u0107 adres poczty elektronicznej (e-mail)<\/li>\n<li>Nie zajmowa\u0107 eksponowanego stanowiska politycznego (PEP)<\/li>\n<li>Posiada\u0107 pe\u0142n\u0105 zdolno\u015b\u0107 do czynno\u015bci prawnych<\/li>\n<\/ul>\n<p>Oczywi\u015bcie b\u0119dzie trzeba r\u00f3wnie\u017c zarejestrowa\u0107 si\u0119 w serwisie po\u017cyczkodawcy i pozytywnie przej\u015b\u0107 proces weryfikacji, o kt\u00f3rym napiszemy nieco wi\u0119cej w kolejnych akapitach.<\/p>\n<h3>Dokumenty wymagane do otrzymania po\u017cyczki<\/h3>\n<p>Z za\u0142o\u017cenia wnioskowanie o po\u017cyczk\u0119 pozabankow\u0105 ma by\u0107 proste, bezproblemowe i przebiega\u0107 najszybciej, jak to mo\u017cliwe. Aby niepotrzebnie nie komplikowa\u0107 ca\u0142ego procesu, jedynym dokumentem, jakiego posiadania wymagaj\u0105 od klient\u00f3w po\u017cyczkodawcy, jest wa\u017cny dow\u00f3d osobisty. Po\u017cyczka Plus nie stanowi tu wyj\u0105tku.<\/p>\n<h3>Formy zatrudnienia<\/h3>\n<p>O szybk\u0105 po\u017cyczk\u0119 online mog\u0105 aplikowa\u0107 nie tylko osoby zatrudnione na umow\u0119 o prac\u0119, ale tak\u017ce te, kt\u00f3re uzyskuj\u0105 doch\u00f3d na podstawie um\u00f3w cywilnoprawnych, prowadzenia w\u0142asnej firmy lub dzia\u0142alno\u015bci rolniczej, otrzymuj\u0105 rent\u0119 albo emerytur\u0119, a nawet alimenty, zasi\u0142ki, \u015bwiadczenia rodzinne, stypendia czy \u015brodki z wynajmu\/dzier\u017cawy. Firmy pozabankowe co do zasady s\u0105 bardzo elastyczne pod tym wzgl\u0119dem.<\/p>\n<h2>Weryfikacja w bazie d\u0142u\u017cnik\u00f3w<\/h2>\n<p>Po\u017cyczka Plus na etapie weryfikacji wniosku klienta zawsze sprawdza informacje na temat jego historii kredytowej i ewentualnego zad\u0142u\u017cenia, aby oceni\u0107 ryzyko po\u017cyczenia mu pieni\u0119dzy. Wykorzystuje w tym celu nast\u0119puj\u0105ce bazy:<\/p>\n<ul>\n<li>CRIF (Platforma Wymiany Informacji Po\u017cyczkowej)<\/li>\n<li>Kaczmarski Group<\/li>\n<li>Krajowe Biuro Informacji Gospodarczej S.A.<\/li>\n<li>Krajowy Rejestr D\u0142ug\u00f3w Biura Informacji Gospodarczej S.A.<\/li>\n<li>Je\u015bli klient korzysta\u0142 ju\u017c kiedy\u015b z oferty Po\u017cyczka Plus, du\u017ce znaczenie ma r\u00f3wnie\u017c jego dotychczasowa historia sp\u0142at zaci\u0105ganych zobowi\u0105za\u0144.<\/li>\n<\/ul>\n<h3>Czy Po\u017cyczka Plus udziela po\u017cyczek bez sprawdzania BIK?<\/h3>\n<p>Po\u017cyczka Plus nie wsp\u00f3\u0142pracuje z Biurem Informacji Kredytowej (BIK), wi\u0119c potencjalny klient mo\u017ce mie\u0107 pewno\u015b\u0107, \u017ce dotycz\u0105ce go informacje kredytowe, kt\u00f3re si\u0119 tam znajduj\u0105, nie wp\u0142yn\u0105 na decyzj\u0119 o zaakceptowaniu\/odrzuceniu wniosku o finansowe wsparcie.<\/p>\n<h3>Czy Po\u017cyczka Plus udziela po\u017cyczek dla zad\u0142u\u017conych?<\/h3>\n<p>Osoba zad\u0142u\u017cona jak najbardziej mo\u017ce z\u0142o\u017cy\u0107 wniosek o dodatkowy zastrzyk got\u00f3wki w Po\u017cyczka Plus. Na to, czy po\u017cyczkodawca go zaakceptuje, b\u0119dzie mia\u0142a wp\u0142yw przede wszystkim historia sp\u0142at zobowi\u0105za\u0144 posiadanych aktualnie i w przesz\u0142o\u015bci. Je\u015bli klient nie ma \u017cadnych problem\u00f3w z terminowym regulowaniem zad\u0142u\u017cenia, a kolejna po\u017cyczka nie pogorszy znacz\u0105co jego sytuacji finansowej, ma szanse na otrzymanie wnioskowanej kwoty.<\/p>\n<p>W zupe\u0142nie innym po\u0142o\u017ceniu b\u0119dzie jednak kto\u015b, kto np. chce wykorzysta\u0107 \u015brodki przyznane w ramach chwil\u00f3wki online na sp\u0142at\u0119 przeterminowanych zobowi\u0105za\u0144 zaci\u0105gni\u0119tych w innych miejscach. Trudno przypuszcza\u0107, \u017ceby taki klient posiada\u0142 zdolno\u015b\u0107 do sp\u0142aty zad\u0142u\u017cenia zgodnie z warunkami umowy. Po\u017cyczkodawca z pewno\u015bci\u0105 nie b\u0119dzie chcia\u0142 przekona\u0107 si\u0119 o tym na w\u0142asnej sk\u00f3rze i odrzuci jego wniosek.<\/p>\n<h3>Czy w Po\u017cyczka Plus mo\u017cna wzi\u0105\u0107 po\u017cyczk\u0119 z komornikiem?<\/h3>\n<p>Zaj\u0119cie komornicze sk\u0142adnik\u00f3w maj\u0105tku to ostatni etap odzyskiwania przeterminowanych nale\u017cno\u015bci przez wierzyciela, poprzedzony wydaniem przez s\u0105d prawomocnego wyroku z klauzul\u0105 wykonalno\u015bci. Je\u015bli komornik musi interweniowa\u0107, oznacza to, \u017ce sytuacja finansowa danej osoby jest bardzo trudna i nie posiada ona \u015brodk\u00f3w umo\u017cliwiaj\u0105cych sp\u0142at\u0119 dotychczasowych zobowi\u0105za\u0144. W takim wypadku uzyskanie kolejnej po\u017cyczki w ramach Po\u017cyczki Plus jest nieomo\u017cliwe.<\/p>\n<h2>Jak wzi\u0105\u0107 po\u017cyczk\u0119 w Po\u017cyczka Plus?<\/h2>\n<p>Wyja\u015bnimy teraz, jak z\u0142o\u017cy\u0107 wniosek w Po\u017cyczka Plus.<\/p>\n<p><strong>Krok 1 Wybierz kwot\u0119 po\u017cyczki i termin sp\u0142aty<\/strong><\/p>\n<p>Po wej\u015bciu na stron\u0119 internetow\u0105 po\u017cyczkodawcy trzeba w pierwszej kolejno\u015bci wybra\u0107 kwot\u0119 po\u017cyczki i okres sp\u0142aty.<\/p>\n<p><strong>Krok 2 Zaloguj si\u0119 na Profil Klienta lub go za\u0142\u00f3\u017c<\/strong><\/p>\n<p>Kolejnym krokiem jest zalogowanie si\u0119 na istniej\u0105cy Profil Klienta lub utworzenie nowego, je\u015bli korzystamy z oferty Po\u017cyczki Plus po raz pierwszy.<\/p>\n<p>Po podaniu adresu e-mail, numeru telefonu kom\u00f3rkowego, ustawieniu has\u0142a i zaznaczeniu niezb\u0119dnych zg\u00f3d, wystarczy klikn\u0105\u0107 \u201ePrzejd\u017a dalej\u201d. Na podany numer przyjdzie SMS z has\u0142em tymczasowym. Po wpisaniu go b\u0119dzie mo\u017cna zmieni\u0107 has\u0142o na w\u0142asne.<\/p>\n<p><strong>Krok 3 Wype\u0142nij formularz po\u017cyczkowy<\/strong><\/p>\n<p>Po za\u0142o\u017ceniu konta mo\u017cna rozpocz\u0105\u0107 wype\u0142nianie wniosku. B\u0119dzie trzeba poda\u0107 w nim podstawowe informacje m.in. takie jak: imi\u0119 i nazwisko, adres, numer PESEL, numer dowodu osobistego, numer rachunku bankowego, na kt\u00f3ry chce si\u0119 otrzyma\u0107 po\u017cyczk\u0119 oraz forma zatrudnienia.<\/p>\n<p><strong>Krok 4 Zweryfikuj swoj\u0105 to\u017csamo\u015b\u0107<\/strong><\/p>\n<p>Po wype\u0142nieniu wniosku po\u017cyczkodawca b\u0119dzie wymaga\u0142 dokonania weryfikacji to\u017csamo\u015bci potencjalnego klienta. Wszystko po to, by upewni\u0107 si\u0119, \u017ce kto\u015b zapobiec wy\u0142udzeniu po\u017cyczki na dane innej osoby. Proces odbywa si\u0119 poprzez potwierdzenie rachunku bankowego, kt\u00f3ry umo\u017cliwia powi\u0105zanie konta z konkretn\u0105 osob\u0105. Mo\u017cna zrobi\u0107 to na dwa sposoby:<\/p>\n<ul>\n<li>przelewem tradycyjnym (przesy\u0142aj\u0105c op\u0142at\u0119 rejestracyjn\u0105 w wysoko\u015bci 0,01 z\u0142 na rachunek bankowy po\u017cyczkodawcy);<br \/>\nz wykorzystaniem weryfikacji ekspresowej aplikacj\u0105 Kontomatik (bez konieczno\u015bci wykonywania przelewu).<\/li>\n<li>Drugi spos\u00f3b jest zazwyczaj zdecydowanie szybszy. Sprawdzi si\u0119 te\u017c w sytuacji, kiedy na koncie bankowym brakuje \u015brodk\u00f3w na wykonanie przelewu.<\/li>\n<\/ul>\n<p>Po pomy\u015blnej weryfikacji to\u017csamo\u015bci rozpocznie si\u0119 ocena wniosku. Je\u015bli zostanie on zaakceptowany, \u015brodki zostan\u0105 niezw\u0142ocznie przelane na rachunek bankowy wskazany przez klienta w wype\u0142nionym formularzu. Je\u015bli po\u017cyczkodawca go odrzuci, klient otrzyma tak\u0105 informacj\u0119 SMS-em.<\/p>\n<h2>Sp\u0142ata po\u017cyczki w Po\u017cyczka Plus<\/h2>\n<p>Dane do sp\u0142aty po\u017cyczki, wraz z dok\u0142adn\u0105 instrukcj\u0105, s\u0105 widoczne po zalogowaniu na Profil Klienta. Klient mo\u017ce odda\u0107 \u015brodki po\u017cyczkodawcy na trzy sposoby:<\/p>\n<ul>\n<li>Wykonuj\u0105c przelew z rachunku bankowego, na kt\u00f3ry zosta\u0142a przelana po\u017cyczka.<\/li>\n<li>Wykonuj\u0105c przelew z rachunku bankowego innej osoby.<\/li>\n<li>W oddziale banku lub wybranej plac\u00f3wce pocztowej.<\/li>\n<\/ul>\n<p>Po\u017cyczkodawca zawsze przypomina o zbli\u017caj\u0105cym si\u0119 terminie sp\u0142aty zobowi\u0105zania, wysy\u0142aj\u0105c do klienta wiadomo\u015bci e-mail i SMS. Je\u015bli jednak, z r\u00f3\u017cnych powod\u00f3w, klient wie, \u017ce zad\u0142u\u017cenie nie zostanie uregulowane zgodnie z dat\u0105 okre\u015blon\u0105 w umowie, powinien jak najszybciej skontaktowa\u0107 si\u0119 z Biurem Obs\u0142ugi Klienta (mailowo na adres info@pozyczkaplus.pl albo pod numerem 85\u202f871 00 52) lub od razu zdecydowa\u0107 na refinansowanie po\u017cyczki.<\/p>\n<p>Polega ono na uzyskaniu po\u017cyczki od Partnera Po\u017cyczka Plus, kt\u00f3ra w ca\u0142o\u015bci zostanie przeznaczona na sp\u0142at\u0119 zobowi\u0105zania. Us\u0142uga ta jest dodatkowo p\u0142atna, a szczeg\u00f3\u0142owe informacje na jej temat, wraz z kosztami, mo\u017cna znale\u017a\u0107 w zak\u0142adce \u201eTwoja po\u017cyczka\u201d na Profilu Klienta.<\/p>\n<h3>Czy mo\u017cliwa jest sp\u0142ata po\u017cyczki przed terminem?<\/h3>\n<p>Tak. Chwil\u00f3wk\u0119 mo\u017cna sp\u0142aci\u0107 w dowolnym momencie okresu obowi\u0105zywania umowy.<\/p>\n<h3>Wyd\u0142u\u017cenie terminu sp\u0142aty<\/h3>\n<p>W razie jakichkolwiek problem\u00f3w ze sp\u0142at\u0105 nie ma sensu zwleka\u0107 \u2013 najlepiej b\u0119dzie skontaktowa\u0107 si\u0119 z konsultantem Po\u017cyczka Plus i jak najszybciej wyja\u015bni\u0107 mu zaistnia\u0142\u0105 sytuacj\u0119. Jest on przygotowany na tak\u0105 ewentualno\u015b\u0107 i zaproponuje rozwi\u0105zania, kt\u00f3re u\u0142atwi\u0105 rozwi\u0105zanie problemu. Mo\u017cliwe, \u017ce znajdzie si\u0119 w\u015br\u00f3d nich przed\u0142u\u017cenie terminu sp\u0142aty lub roz\u0142o\u017cenie nale\u017cno\u015bci na raty.<\/p>\n<h3>Brak sp\u0142aty \u2013 co, je\u015bli po\u017cyczka nie zostanie sp\u0142acona na czas?<\/h3>\n<p>Informacja o przeterminowanym zad\u0142u\u017ceniu na pewno zostanie odnotowana i mo\u017ce w przysz\u0142o\u015bci skutecznie utrudni\u0107 wzi\u0119cie po\u017cyczki lub kredytu. Dodatkowo, je\u017celi umowa zosta\u0142a zawarta na warunkach promocyjnych (darmowa po\u017cyczka lub rabat 50%), przestaj\u0105 mie\u0107 one zastosowanie, a klient b\u0119dzie musia\u0142 pokry\u0107 nie tylko koszty obowi\u0105zuj\u0105ce w ofercie standardowej, ale tak\u017ce ustawowe odsetki za op\u00f3\u017anienie.<\/p>\n<h3>Windykacja w Po\u017cyczka Plus<\/h3>\n<p>Je\u015bli d\u0142u\u017cnik zdecyduje si\u0119 nie powiadamia\u0107 Biura Obs\u0142ugi Klienta o braku mo\u017cliwo\u015bci sp\u0142acenia po\u017cyczki albo nie zareaguje na kontakt ze strony po\u017cyczkodawcy, ten b\u0119dzie zmuszony przekaza\u0107 spraw\u0119 do zewn\u0119trznej firmy windykacyjnej, kt\u00f3ra podejmie pr\u00f3by odzyskania d\u0142ugu. Gdy nie przyniesie to oczekiwanego efektu, p\u00f3jdzie o krok dalej i przeka\u017ce spraw\u0119 do s\u0105du. Po wydaniu wyroku z klauzul\u0105 wykonalno\u015bci do drzwi osoby zad\u0142u\u017conej zapuka komornik.<\/p>\n<h2>Kolejna po\u017cyczka w Po\u017cyczka Plus<\/h2>\n<p>Druga i ka\u017cda kolejna chwil\u00f3wka w Po\u017cyczka Plus mo\u017ce zosta\u0107 zaci\u0105gni\u0119ta na du\u017co wy\u017csza kwot\u0119 ni\u017c pierwsza<strong> (nawet do 15.000 z\u0142).<\/strong> Dodatkowym bonusem b\u0119dzie r\u00f3wnie\u017c opcja wyd\u0142u\u017cenia terminu sp\u0142aty z 30 do 35 lub maksymalnie 45 dni. Oczywi\u015bcie trzeba pami\u0119ta\u0107 o tym, \u017ce zar\u00f3wno wy\u017csza kwota zobowi\u0105zania, jak i wi\u0119cej czasu na jego uregulowanie to realnie wy\u017cszy ca\u0142kowity koszt po\u017cyczki.<\/p>\n<p>&nbsp;<\/p>\n","protected":false},"excerpt":{"rendered":"<p>Za mark\u0105 Po\u017cyczka Plus stoi Aventus Group \u2013 sp\u00f3\u0142ka z bran\u017cy FinTech, kt\u00f3rej firmy po\u017cyczkowe dzia\u0142aj\u0105 w krajach takich jak: [&hellip;]<\/p>\n","protected":false},"author":60,"featured_media":8645,"parent":8676,"menu_order":0,"comment_status":"closed","ping_status":"closed","template":"page_lender.php","meta":{"_acf_changed":false,"yasr_overall_rating":0,"yasr_post_is_review":"","yasr_auto_insert_disabled":"","yasr_review_type":"","footnotes":""},"class_list":["post-8643","page","type-page","status-publish","has-post-thumbnail","hentry"],"acf":[],"yoast_head":"<!-- This site is optimized with the Yoast SEO plugin v27.1.1 - https:\/\/yoast.com\/product\/yoast-seo-wordpress\/ -->\n<title>Po\u017cyczka Plus | Por\u00f3wnywarka finansowa Rankomat<\/title>\n<meta name=\"robots\" content=\"index, follow, max-snippet:-1, max-image-preview:large, max-video-preview:-1\" \/>\n<link rel=\"canonical\" href=\"https:\/\/rankomat.pl\/finanse\/chwilowki\/firma\/pozyczka-plus\/\" \/>\n<meta property=\"og:locale\" content=\"pl_PL\" \/>\n<meta property=\"og:type\" content=\"article\" \/>\n<meta property=\"og:title\" content=\"Po\u017cyczka Plus | Por\u00f3wnywarka finansowa Rankomat\" \/>\n<meta property=\"og:description\" content=\"Za mark\u0105 Po\u017cyczka Plus stoi Aventus Group \u2013 sp\u00f3\u0142ka z bran\u017cy FinTech, kt\u00f3rej firmy po\u017cyczkowe dzia\u0142aj\u0105 w krajach takich jak: [&hellip;]\" \/>\n<meta property=\"og:url\" content=\"https:\/\/rankomat.pl\/finanse\/chwilowki\/firma\/pozyczka-plus\/\" \/>\n<meta property=\"og:site_name\" content=\"Por\u00f3wnywarka finansowa Rankomat\" \/>\n<meta property=\"article:publisher\" content=\"https:\/\/www.facebook.com\/rankomatpl\/\" \/>\n<meta property=\"og:image\" content=\"https:\/\/rankomat.pl\/finanse\/wp-content\/uploads\/2024\/02\/logo-pozyczka-plus.png\" \/>\n\t<meta property=\"og:image:width\" content=\"250\" \/>\n\t<meta property=\"og:image:height\" content=\"75\" \/>\n\t<meta property=\"og:image:type\" content=\"image\/png\" \/>\n<meta name=\"twitter:card\" content=\"summary_large_image\" \/>\n<meta name=\"twitter:site\" content=\"@rankomat\" \/>\n<meta name=\"twitter:label1\" content=\"Szacowany czas czytania\" \/>\n\t<meta name=\"twitter:data1\" content=\"11 minut\" \/>\n<script type=\"application\/ld+json\" class=\"yoast-schema-graph\">{\"@context\":\"https:\/\/schema.org\",\"@graph\":[{\"@type\":\"ImageObject\",\"inLanguage\":\"pl-PL\",\"@id\":\"https:\/\/rankomat.pl\/finanse\/chwilowki\/firma\/pozyczka-plus\/#primaryimage\",\"url\":\"https:\/\/rankomat.pl\/finanse\/wp-content\/uploads\/2024\/02\/logo-pozyczka-plus.png\",\"contentUrl\":\"https:\/\/rankomat.pl\/finanse\/wp-content\/uploads\/2024\/02\/logo-pozyczka-plus.png\",\"width\":250,\"height\":75,\"caption\":\"logo po\u017cyczka plus\"},{\"@type\":\"BreadcrumbList\",\"@id\":\"https:\/\/rankomat.pl\/finanse\/chwilowki\/firma\/pozyczka-plus\/#breadcrumb\",\"itemListElement\":[{\"@type\":\"ListItem\",\"position\":1,\"name\":\"Finanse\",\"item\":\"https:\/\/rankomat.pl\/finanse\/\"},{\"@type\":\"ListItem\",\"position\":2,\"name\":\"Chwil\u00f3wki\",\"item\":\"https:\/\/rankomat.pl\/finanse\/chwilowki\/\"},{\"@type\":\"ListItem\",\"position\":3,\"name\":\"Listing firm po\u017cyczkowych\",\"item\":\"https:\/\/rankomat.pl\/finanse\/chwilowki\/firma\/\"},{\"@type\":\"ListItem\",\"position\":4,\"name\":\"Po\u017cyczka Plus\"}]}]}<\/script>\n<!-- \/ Yoast SEO plugin. -->","yoast_head_json":{"title":"Po\u017cyczka Plus | Por\u00f3wnywarka finansowa Rankomat","robots":{"index":"index","follow":"follow","max-snippet":"max-snippet:-1","max-image-preview":"max-image-preview:large","max-video-preview":"max-video-preview:-1"},"canonical":"https:\/\/rankomat.pl\/finanse\/chwilowki\/firma\/pozyczka-plus\/","og_locale":"pl_PL","og_type":"article","og_title":"Po\u017cyczka Plus | Por\u00f3wnywarka finansowa Rankomat","og_description":"Za mark\u0105 Po\u017cyczka Plus stoi Aventus Group \u2013 sp\u00f3\u0142ka z bran\u017cy FinTech, kt\u00f3rej firmy po\u017cyczkowe dzia\u0142aj\u0105 w krajach takich jak: [&hellip;]","og_url":"https:\/\/rankomat.pl\/finanse\/chwilowki\/firma\/pozyczka-plus\/","og_site_name":"Por\u00f3wnywarka finansowa Rankomat","article_publisher":"https:\/\/www.facebook.com\/rankomatpl\/","og_image":[{"width":250,"height":75,"url":"https:\/\/rankomat.pl\/finanse\/wp-content\/uploads\/2024\/02\/logo-pozyczka-plus.png","type":"image\/png"}],"twitter_card":"summary_large_image","twitter_site":"@rankomat","twitter_misc":{"Szacowany czas czytania":"11 minut"},"schema":{"@context":"https:\/\/schema.org","@graph":[{"@type":"ImageObject","inLanguage":"pl-PL","@id":"https:\/\/rankomat.pl\/finanse\/chwilowki\/firma\/pozyczka-plus\/#primaryimage","url":"https:\/\/rankomat.pl\/finanse\/wp-content\/uploads\/2024\/02\/logo-pozyczka-plus.png","contentUrl":"https:\/\/rankomat.pl\/finanse\/wp-content\/uploads\/2024\/02\/logo-pozyczka-plus.png","width":250,"height":75,"caption":"logo po\u017cyczka plus"},{"@type":"BreadcrumbList","@id":"https:\/\/rankomat.pl\/finanse\/chwilowki\/firma\/pozyczka-plus\/#breadcrumb","itemListElement":[{"@type":"ListItem","position":1,"name":"Finanse","item":"https:\/\/rankomat.pl\/finanse\/"},{"@type":"ListItem","position":2,"name":"Chwil\u00f3wki","item":"https:\/\/rankomat.pl\/finanse\/chwilowki\/"},{"@type":"ListItem","position":3,"name":"Listing firm po\u017cyczkowych","item":"https:\/\/rankomat.pl\/finanse\/chwilowki\/firma\/"},{"@type":"ListItem","position":4,"name":"Po\u017cyczka Plus"}]}]}},"yasr_visitor_votes":{"stars_attributes":{"read_only":false,"span_bottom":false},"number_of_votes":1,"sum_votes":5},"_links":{"self":[{"href":"https:\/\/rankomat.pl\/finanse\/wp-json\/wp\/v2\/pages\/8643","targetHints":{"allow":["GET"]}}],"collection":[{"href":"https:\/\/rankomat.pl\/finanse\/wp-json\/wp\/v2\/pages"}],"about":[{"href":"https:\/\/rankomat.pl\/finanse\/wp-json\/wp\/v2\/types\/page"}],"author":[{"embeddable":true,"href":"https:\/\/rankomat.pl\/finanse\/wp-json\/wp\/v2\/users\/60"}],"replies":[{"embeddable":true,"href":"https:\/\/rankomat.pl\/finanse\/wp-json\/wp\/v2\/comments?post=8643"}],"version-history":[{"count":0,"href":"https:\/\/rankomat.pl\/finanse\/wp-json\/wp\/v2\/pages\/8643\/revisions"}],"up":[{"embeddable":true,"href":"https:\/\/rankomat.pl\/finanse\/wp-json\/wp\/v2\/pages\/8676"}],"wp:featuredmedia":[{"embeddable":true,"href":"https:\/\/rankomat.pl\/finanse\/wp-json\/wp\/v2\/media\/8645"}],"wp:attachment":[{"href":"https:\/\/rankomat.pl\/finanse\/wp-json\/wp\/v2\/media?parent=8643"}],"curies":[{"name":"wp","href":"https:\/\/api.w.org\/{rel}","templated":true}]}}