{"id":8654,"date":"2024-02-14T13:26:06","date_gmt":"2024-02-14T12:26:06","guid":{"rendered":"https:\/\/rankomat.pl\/finanse\/?page_id=8654"},"modified":"2024-02-14T13:26:06","modified_gmt":"2024-02-14T12:26:06","slug":"supergrosz","status":"publish","type":"page","link":"https:\/\/rankomat.pl\/finanse\/chwilowki\/firma\/supergrosz\/","title":{"rendered":"SuperGrosz"},"content":{"rendered":"<p><strong>Supergrosz to du\u017ca, dobrze znana firma po\u017cyczkowa, za\u0142o\u017cona jako Aiqlabs Sp. z o.o. w 2015 roku. Specjalizuje si\u0119 w udzielaniu po\u017cyczek ratalnych. W\u015br\u00f3d firm z bran\u017cy wyr\u00f3\u017cnia si\u0119 przede wszystkim gotowo\u015bci\u0105 do udzielania d\u0142ugoterminowego finansowania i mo\u017cliwo\u015bci roz\u0142o\u017cenia po\u017cyczki nawet na 50 rat.<\/strong><\/p>\n<p>Marka Supergrosz szczyci si\u0119 tak\u017ce przestrzeganiem norm etycznych i nagrodami, kt\u00f3re zdoby\u0142a jako godna zaufania marka po\u017cyczkowa.<\/p>\n<h2>Ile mog\u0119 po\u017cyczy\u0107 w SuperGroszu?<\/h2>\n<p>Supergrosz oferuje po\u017cyczki zbli\u017cone po wieloma wzgl\u0119dami do kredyt\u00f3w got\u00f3wkowych, wychodzi wi\u0119c znacznie ponad kwoty typowe dla \u201cchwil\u00f3wek\u201d.<\/p>\n<p>Maksymalnie klient SuperGrosza mo\u017ce po\u017cyczy\u0107 nawet do 15 000 z\u0142. Limit pierwszej po\u017cyczki jest nieco mniejszy i wynosi 12 500 z\u0142. Jest to i tak do\u015b\u0107 wysoka kwota, jak na firm\u0119 po\u017cyczkow\u0105.<\/p>\n<p>Dost\u0119pna kwota po\u017cyczki jest jednak zale\u017cna od zdolno\u015bci p\u0142atniczych (zdolno\u015bci kredytowej) po\u017cyczkobiorcy. Osoba bezrobotna raczej nie po\u017cyczy 15 000 z\u0142 na 6 miesi\u0119cy, bo z pewno\u015bci\u0105 nie mia\u0142aby tej kwoty jak sp\u0142aci\u0107 w tak kr\u00f3tkim czasie. Jednocze\u015bnie firma nie po\u017cycza drobnych kwot. Minimalna po\u017cyczka to 1000 z\u0142.<\/p>\n<p>W SuperGroszu mo\u017cesz po\u017cyczy\u0107 od 1000 z\u0142 do 12 500 z\u0142. Je\u015bli to Twoja kolejna po\u017cyczka maksymalny limit wynosi 15 000 z.\u0142<\/p>\n<h2>Na jak d\u0142ugo mog\u0119 po\u017cyczy\u0107 w Supergrosz?<\/h2>\n<p>SuperGrosz jest gotowy po\u017cyczy\u0107 pieni\u0105dze na do\u015b\u0107 d\u0142ugi okres. Maksymalny okres sp\u0142aty po\u017cyczki ratalnej wynosi a\u017c 50 miesi\u0119cy, czyli ponad 4 lata. Oczywi\u015bcie mo\u017cesz te\u017c po\u017cyczy\u0107 niewielk\u0105 kwot\u0119 na znacznie kr\u00f3tszy okres. Minimalnie wyniesie on 4 miesi\u0105ce.<\/p>\n<p>W zale\u017cno\u015bci od umowy masz wi\u0119c od 4 do 50 miesi\u0119cy na sp\u0142at\u0119. Ca\u0142o\u015b\u0107 po\u017cyczki sp\u0142acisz w miesi\u0119cznych ratach.<\/p>\n<p>SuperGrosz nie specjalizuje si\u0119 w po\u017cyczkach \u201cchwil\u00f3wkach\u201d. Raczej stara si\u0119 by\u0107 konkurencj\u0105 dla bank\u00f3w udzielaj\u0105cych szybkich kredyt\u00f3w got\u00f3wkowych.<\/p>\n<h2>Koszty po\u017cyczki w SuperGroszu<\/h2>\n<p>Koszty po\u017cyczki Supergrosz zale\u017cne s\u0105 przede wszystkim od wysoko\u015bci po\u017cyczonej kwoty i okresu sp\u0142aty. Na stronie g\u0142\u00f3wnej supergrosz.pl znajduje si\u0119 kalkulator, kt\u00f3ry pozwala obliczy\u0107 rzeczywiste koszty po\u017cyczki. \u017badnych ukrytych koszt\u00f3w poza tymi wynikaj\u0105cymi z kalkulatora nie ma, ale te, kt\u00f3re wynikaj\u0105, bynajmniej nie s\u0105 niskie.<\/p>\n<p>Po\u017cyczaj\u0105c minimaln\u0105 kwot\u0119, na najkr\u00f3tszy mo\u017cliwy okres \u2013 1000 z\u0142 na 4 miesi\u0105ce, sp\u0142acisz 1104,33 z\u0142 [dane na wrzesie\u0144 2022]. Oznacza to, \u017ce zap\u0142acisz ponad 100 z\u0142 odsetek i prowizji. Nieco wi\u0119cej ni\u017c w banku, znacznie mniej ni\u017c w firmach oferuj\u0105cych chwil\u00f3wki.<br \/>\nJe\u015bli chcesz roz\u0142o\u017cy\u0107 sp\u0142at\u0119 na wi\u0119cej rat, koszt oczywi\u015bcie b\u0119dzie wzrasta\u0142.<\/p>\n<p>Po\u017cyczenie minimalnej kwoty, tj. 1000 z\u0142 na 12 miesi\u0119cy to ju\u017c koszt 281 z\u0142 i 47 gr. Uwzgl\u0119dniaj\u0105c prowizje, koszty wynios\u0105 ok. 28% po\u017cyczonej kwoty. Jak to wygl\u0105da przy wy\u017cszych kwotach?<\/p>\n<p>Po\u017cyczaj\u0105c 5000 z\u0142 na 4 miesi\u0105ce, sp\u0142acisz firmie SuperGrosz 5 529 z\u0142 85 gr. Je\u015bli t\u0119 sam\u0105 kwot\u0119 roz\u0142o\u017cysz na 12 miesi\u0119cy, b\u0119dzie to ju\u017c 6 407 z\u0142 i 8 gr.<\/p>\n<p>Koszty po\u017cyczki w SuperGrosz s\u0105 wy\u017csze ni\u017c w przypadku analogicznego kredytu bankowego, ale na pewno konkurencyjne w stosunku do innych firm po\u017cyczkowych. Bardzo \u0142atwo te\u017c je sprawdzi\u0107 na stronie firmy.<\/p>\n<h2>Warunki otrzymania po\u017cyczki w Supergrosz<\/h2>\n<p>Na stronie Supergrosz.pl widniej\u0105 bardzo skromne i proste do spe\u0142nienia wymagania wobec po\u017cyczkobiorc\u00f3w. Je\u015bli chcesz po\u017cyczy\u0107 pieni\u0105dze w SuperGroszu, musisz:<\/p>\n<ul>\n<li>By\u0107 obywatelem Polski,<\/li>\n<li>Mie\u0107 uko\u0144czone przynajmniej 21 lat,<\/li>\n<li>Prawid\u0142owo wype\u0142ni\u0107 wniosek na stronie Supergrosz.pl,<\/li>\n<li>Posiada\u0107 wa\u017cny dow\u00f3d osobisty,<\/li>\n<li>Mie\u0107 aktywne konto bankowe (mo\u017cna obej\u015b\u0107 to wymaganie),<\/li>\n<li>Posiada\u0107 telefon kom\u00f3rkowy.<\/li>\n<\/ul>\n<p>Opr\u00f3cz tego po\u017cyczaj\u0105c w SuperGrosz wi\u0119ksze kwoty, trzeba mie\u0107 odpowiedni\u0105 zdolno\u015b\u0107 kredytow\u0105 i nie widnie\u0107 w bazach d\u0142u\u017cnik\u00f3w jako nierzetelny sp\u0142acaj\u0105cy.<\/p>\n<p>Warunki nie s\u0105 szczeg\u00f3lnie wymagaj\u0105ce. Firma nie wymaga za\u015bwiadcze\u0144 o zatrudnieniu, wyci\u0105g\u00f3w z konta ani skan\u00f3w um\u00f3w, kt\u00f3re mog\u0142yby potwierdza\u0107 Twoj\u0105 wyp\u0142acalno\u015b\u0107. Pod tym wzgl\u0119dem wierzy na s\u0142owo.<\/p>\n<h3>Dokumenty wymagane do otrzymania po\u017cyczki<\/h3>\n<p>Aby zaci\u0105gn\u0105\u0107 po\u017cyczk\u0119 w SuperGrosz potrzebujesz przede wszystkim aktualnego dowodu osobistego, poniewa\u017c zawarte na nim dane wymagane s\u0105 w trakcie wype\u0142niania wniosku. Musisz pami\u0119ta\u0107, \u017ce po\u017cyczkodawca wymaga r\u00f3wnie\u017c aktywnego numeru telefonu kom\u00f3rkowego i konta w banku.<\/p>\n<h3>Formy zatrudnienia<\/h3>\n<p>Po\u017cyczkodawca akceptuje wszystkie \u017ar\u00f3d\u0142a dochod\u00f3w pod warunkiem, \u017ce s\u0105 one legalne. Dlatego o po\u017cyczk\u0119 w SuperGrosz z powodzeniem wnioskowa\u0107 mog\u0105 studenci, emeryci czy freenlacerzy. Nie jest tak\u017ce konieczne przedstawianie \u017cadnych dokument\u00f3w potwierdzaj\u0105cych zatrudnienie czy wysoko\u015b\u0107 zarobk\u00f3w.<\/p>\n<h2>Weryfikacja w bazie d\u0142u\u017cnik\u00f3w<\/h2>\n<p>Supergrosz otwarcie, na swojej stronie internetowej przypomina, \u017ce sprawdzi powszechne bazy d\u0142u\u017cnik\u00f3w takie jak Biuro Informacji Kredytowej i Krajowy Rejestr D\u0142ug\u00f3w, zanim udzieli po\u017cyczki. Pod wzgl\u0119dem weryfikacji w bazie d\u0142u\u017cnik\u00f3w, firma nie odbiega swoimi dzia\u0142aniami od tego, co robi\u0105 inne firmy po\u017cyczkowe.<\/p>\n<h3>Czy SuperGrosz udziela po\u017cyczek na raty bez sprawdzania w bazie BIK?<\/h3>\n<p>Na pewno nie. Supergrosz udziela po\u017cyczek tylko osobom, kt\u00f3re zosta\u0142y zweryfikowane w Biurze Informacji Kredytowej. Po\u017cyczkobiorca, kt\u00f3ry widnieje tam jako d\u0142u\u017cnik niesp\u0142acaj\u0105cy w terminie swoich zobowi\u0105za\u0144 na pewno nie uzyska po\u017cyczki.<\/p>\n<p>Natomiast osoby, kt\u00f3re maj\u0105 kredyty lub po\u017cyczki w innych bankach\/firmach po\u017cyczkowych, ale sp\u0142acaj\u0105 je terminowo, wci\u0105\u017c maj\u0105 szans\u0119 po\u017cyczy\u0107 pieni\u0105dze od SuperGrosza. Zad\u0142u\u017cenie widoczne w BIK b\u0119dzie jednak wp\u0142ywa\u0142o na decyzj\u0119 dotycz\u0105c\u0105 przyznania po\u017cyczki.<\/p>\n<h3>Czy SuperGrosz udziela po\u017cyczek dla zad\u0142u\u017conych?<\/h3>\n<p>SuperGrosz udziela po\u017cyczek osobom, kt\u00f3re maj\u0105 inne zobowi\u0105zania finansowe takie jak kredyty czy leasing, ale tylko w\u00f3wczas, gdy og\u00f3lna sytuacja finansowa klienta jest dobra.<br \/>\nMowa oczywi\u015bcie o standardowych po\u017cyczkach dost\u0119pnych na stronie supergrosz.pl.<\/p>\n<p>Firma nie przewiduje udzielania po\u017cyczek konsolidacyjnych i przeznaczonych na sp\u0142at\u0119 zad\u0142u\u017cenia w innych firmach. Na stronie nie ma specjalnej oferty dla zad\u0142u\u017conych. Supergrosz nie przewiduje te\u017c przed\u0142u\u017cania terminu sp\u0142aty udzielonych po\u017cyczek.<\/p>\n<h3>Czy w SuperGrosz mo\u017cna wzi\u0105\u0107 po\u017cyczk\u0119 z komornikiem?<\/h3>\n<p>Po\u017cyczaj\u0105c pieni\u0105dze w Supergroszu musisz pami\u0119ta\u0107 o tym, \u017ce firma zawsze sprawdza swoich klient\u00f3w w bazach danych d\u0142u\u017cnik\u00f3w takich jak Krajowy Rejestr D\u0142ug\u00f3w i Biuro Informacji Kredytowej. Nie b\u0119dzie te\u017c mie\u0107 trudno\u015bci w sprawdzeniu, czy toczy si\u0119 przeciwko Tobie post\u0119powanie komornicze.<\/p>\n<p>SuperGrosz nie udzieli po\u017cyczki z komornikiem i jest to ca\u0142kiem zrozumia\u0142e w przypadku firmy udzielaj\u0105cej po\u017cyczek ratalnych.<\/p>\n<h2>Jak wzi\u0105\u0107 po\u017cyczk\u0119 w SuperGrosz?<\/h2>\n<p>Na stronie supergrosz.pl znajdziesz du\u017cy jaskrawy kalkulator, na kt\u00f3rym mo\u017cesz wybra\u0107 przycisk \u201cwe\u017a po\u017cyczk\u0119\u201d. Jeszcze nie oznacza to zawarcia umowy, ale przenosi Ci\u0119 do formularza SuperGrosz.<\/p>\n<p>Uwaga: Kalkulator wygl\u0105da r\u00f3\u017cnie w zale\u017cno\u015bci od podstrony, na kt\u00f3rej si\u0119 znajdujesz. Zmieniaj\u0105 si\u0119 kolory, a przycisk mo\u017ce mie\u0107 napis \u201cwnioskuj\u201d \u201cz\u0142\u00f3\u017c wniosek\u201d lub \u201cwe\u017a po\u017cyczk\u0119\u201d. Zawsze jednak wybranie go przeniesie Ci\u0119 do prawid\u0142owego formularza.<\/p>\n<p>W formularzu:<\/p>\n<ul>\n<li>Okre\u015blisz kwot\u0119, jakiej potrzebujesz i zdecydujesz, w jakim terminie chcesz j\u0105 sp\u0142aci\u0107,<\/li>\n<li>Podasz dane osobowe konieczne do sfinalizowania po\u017cyczki,<\/li>\n<li>Zadeklarujesz, w jakim przedziale mieszcz\u0105 si\u0119 Twoje dochody,.Udzielisz zg\u00f3d RODO i marketingowych,<\/li>\n<\/ul>\n<p>Po wype\u0142nieniu danych:<\/p>\n<p>Po wype\u0142nieniu wniosku otrzymasz dane do logowania i mo\u017cliwo\u015b\u0107 zalogowania si\u0119 na Tw\u00f3j profil klienta w SuperGroszu.<\/p>\n<p>Nast\u0105pi weryfikacja Twoich danych, podczas kt\u00f3rej firma mo\u017ce zadzwoni\u0107 do ciebie. Je\u015bli po\u017cyczka zostanie Ci przyznana, b\u0119dziesz mie\u0107 dwie mo\u017cliwo\u015bci odbioru pieni\u0119dzy:<\/p>\n<ul>\n<li>Przelew na Twoje konto \u2013 Skorzystasz z systemu Konto X, samo zalogowanie si\u0119 do Twojego systemu bankowego wystarczy za weryfikacj\u0119 czy pieni\u0105dze trafiaj\u0105 do odpowiedniej osoby.<\/li>\n<li>GIRO (odbi\u00f3r pieni\u0119dzy na poczcie) \u2013 Otrzymasz wiadomo\u015b\u0107 SMS z kodem. Przedstawisz j\u0105 na poczcie, potwierdzisz swoj\u0105 to\u017csamo\u015b\u0107 dowodem osobistym i odbierzesz pieni\u0105dze w got\u00f3wce.<br \/>\nDruga metoda jest ma\u0142o wygodna, ale nie wymaga posiadania konta bankowego.<\/li>\n<\/ul>\n<h2>Sp\u0142ata po\u017cyczki w SuperGrosz<\/h2>\n<p>Po\u017cyczki w SuperGroszu to standardowe po\u017cyczki ratalne. Co miesi\u0105c dokonujesz sp\u0142aty kolejnej raty. Firma stara si\u0119 to u\u0142atwi\u0107 za pomoc\u0105 systemu szybkich p\u0142atno\u015bci i profilu klienta.<\/p>\n<p>Loguj\u0105c si\u0119 do SuperGrosza sprawdzisz status swojej po\u017cyczki wraz z terminami sp\u0142at i dokonasz sp\u0142aty kolejnej raty.<br \/>\nMo\u017cesz te\u017c wykona\u0107 standardowy przelew na konto SuperGrosza lub zleci\u0107 taki przychodz\u0105c z got\u00f3wk\u0105 na poczt\u0119. Nie da si\u0119 jednak ukry\u0107, \u017ce skorzystanie z systemu szybkich p\u0142atno\u015bci jest najbardziej komfortowe i najszybsze.<\/p>\n<h3>Czy mo\u017cliwa jest sp\u0142ata po\u017cyczki przed terminem?<\/h3>\n<p>W SuperGroszu mo\u017cesz sp\u0142aci\u0107 po\u017cyczk\u0119 przed terminem. Poniewa\u017c jest to po\u017cyczka ratalna i maj\u0105 do niej zastosowanie przepisy o kredycie konsumenckim, wcze\u015bniejsza sp\u0142ata po\u017cyczki mo\u017ce Ci pozwoli\u0107 nawet na odzyskanie cz\u0119\u015bci prowizji.<\/p>\n<p>Sp\u0142acaj\u0105c po\u017cyczk\u0119 przed terminem (tj. co najmniej kilka miesi\u0119cy wcze\u015bniej, sp\u0142acanie kolejnych rat na kilka dni przed wymaganym terminem nic nie zmienia) mo\u017cesz wi\u0119c obni\u017cy\u0107 jej ca\u0142kowity koszt. To dobre rozwi\u0105zanie, je\u015bli Twoja sytuacja finansowa wyra\u017anie si\u0119 poprawi\u0142a i masz \u015brodki, by sp\u0142aci\u0107 zobowi\u0105zanie w ca\u0142o\u015bci wcze\u015bniej.<\/p>\n<h3>Wyd\u0142u\u017cenie terminu sp\u0142aty<\/h3>\n<p>SuperGrosz nie jest firm\u0105 zarabiaj\u0105c\u0105 g\u0142\u00f3wnie na przed\u0142u\u017ceniach termin\u00f3w sp\u0142at. Je\u015bli nie mo\u017cesz sp\u0142aci\u0107 pierwotnego zad\u0142u\u017cenia w terminie \u2013 mo\u017cliwie najszybciej skontaktuj si\u0119 z ich infolini\u0105. Je\u015bli Twoja og\u00f3lna sytuacja finansowa nie jest z\u0142a, a wpisy o Twoim zad\u0142u\u017ceniu nie pojawi\u0142y si\u0119 w powszechnie dost\u0119pnych bazach danych, firma prawdopodobnie zaproponuje Ci wyd\u0142u\u017cenie okresu sp\u0142aty pod warunkiem, \u017ce zap\u0142acisz dodatkow\u0105 prowizj\u0119 za t\u0119 us\u0142ug\u0119.<\/p>\n<p>Mo\u017ce to nieco obni\u017cy\u0107 wysoko\u015b\u0107 miesi\u0119cznej raty, ale ostatecznie znacznie podniesie koszty po\u017cyczki. Raczej nie ma mo\u017cliwo\u015bci \u201cod\u0142o\u017cenia sp\u0142aty na p\u00f3\u017aniej\u201d.<\/p>\n<h3>Brak sp\u0142aty \u2013 co, je\u015bli po\u017cyczka nie zostanie sp\u0142acona na czas?<\/h3>\n<p>Je\u015bli nie sp\u0142acisz na czas po\u017cyczki w SuperGrosz, firma rozpocznie standardow\u0105 procedur\u0119 ponaglaj\u0105c\u0105 bardzo podobn\u0105 do tej bankowej. W pierwszej kolejno\u015bci otrzymasz wezwanie do zap\u0142aty. Je\u015bli nie zap\u0142acisz raty w dodatkowym terminie, firma naliczy kar\u0119 umown\u0105.<\/p>\n<p>Je\u015bli b\u0119dziesz si\u0119 mocno op\u00f3\u017ania\u0107 lub nie zap\u0142acisz kilku rat z rz\u0119du, firma za\u017c\u0105da natychmiastowej sp\u0142aty ca\u0142ego zobowi\u0105zania i je\u015bli tego nie zrobisz \u2013 skieruje spraw\u0119 do s\u0105du.<\/p>\n<p>Podobnie jak w przypadku ka\u017cdej innej po\u017cyczki, w Twoim interesie jest sp\u0142aci\u0107 j\u0105 terminowo, a je\u015bli to niemo\u017cliwe \u2013 z najmniejszym mo\u017cliwym op\u00f3\u017anieniem.<\/p>\n<h3>Windykacja w SuperGrosz<\/h3>\n<p>Windykacja w SuperGroszu przebiega bardzo podobnie jak w innych firmach udzielaj\u0105cych po\u017cyczek ratalnych. Firma d\u0105\u017cy do zawarcia ugody i odzyskania swoich pieni\u0119dzy. W wi\u0119kszo\u015bci wypadk\u00f3w nawet klienci, kt\u00f3rzy przekroczyli termin sp\u0142aty nie maj\u0105 z\u0142ej opinii o po\u017cyczkach w SuperGroszu.<\/p>\n<p>Nie spotkali\u015bmy si\u0119 z opiniami jakoby windykacja tej firmy mia\u0142a by\u0107 szczeg\u00f3lnie uci\u0105\u017cliwa. Je\u015bli przestaniesz sp\u0142aca\u0107 raty po prostu skieruj\u0105 spraw\u0119 do s\u0105du.<\/p>\n<p>Je\u015bli chcesz skontaktowa\u0107 si\u0119 z dzia\u0142em windykacji SuperGrosza, zadzwo\u0144 na ich standardow\u0105 infolini\u0119 pod numer 22 130 01 11.<\/p>\n<h2>Kolejna po\u017cyczka w SuperGrosz<\/h2>\n<p>Po sp\u0142acie po\u017cyczki w SuperGrosz mo\u017cesz zaci\u0105gn\u0105\u0107 kolejn\u0105 po up\u0142ywie miesi\u0105ca. Stali klienci maj\u0105 mo\u017cliwo\u015b\u0107 po\u017cyczenia minimalnie wi\u0119kszej kwoty, nawet do 15 000 z\u0142, poza tym jednak ich sytuacja nie r\u00f3\u017cni si\u0119 od sta\u0142ych klient\u00f3w.<br \/>\nFirma nie przewiduje r\u00f3\u017cnic w prowizjach i kosztach po\u017cyczki pomi\u0119dzy osobami, kt\u00f3re zaci\u0105gn\u0119\u0142y pierwsz\u0105 po\u017cyczk\u0119 i tymi, kt\u00f3re zaci\u0105gaj\u0105 kolejne.<\/p>\n","protected":false},"excerpt":{"rendered":"<p>Supergrosz to du\u017ca, dobrze znana firma po\u017cyczkowa, za\u0142o\u017cona jako Aiqlabs Sp. z o.o. w 2015 roku. Specjalizuje si\u0119 w udzielaniu [&hellip;]<\/p>\n","protected":false},"author":60,"featured_media":8656,"parent":8676,"menu_order":0,"comment_status":"closed","ping_status":"closed","template":"page_lender.php","meta":{"_acf_changed":false,"yasr_overall_rating":0,"yasr_post_is_review":"","yasr_auto_insert_disabled":"","yasr_review_type":"","footnotes":""},"class_list":["post-8654","page","type-page","status-publish","has-post-thumbnail","hentry"],"acf":[],"yoast_head":"<!-- This site is optimized with the Yoast SEO plugin v27.1.1 - https:\/\/yoast.com\/product\/yoast-seo-wordpress\/ -->\n<title>SuperGrosz - sprawd\u017a oferty bankowe | Por\u00f3wnywarka finansowa Rankomat<\/title>\n<meta name=\"robots\" content=\"index, follow, max-snippet:-1, max-image-preview:large, max-video-preview:-1\" \/>\n<link rel=\"canonical\" href=\"https:\/\/rankomat.pl\/finanse\/chwilowki\/firma\/supergrosz\/\" \/>\n<meta property=\"og:locale\" content=\"pl_PL\" \/>\n<meta property=\"og:type\" content=\"article\" \/>\n<meta property=\"og:title\" content=\"SuperGrosz - sprawd\u017a {{count_bank_60}} | Por\u00f3wnywarka finansowa Rankomat\" \/>\n<meta property=\"og:description\" content=\"Supergrosz to du\u017ca, dobrze znana firma po\u017cyczkowa, za\u0142o\u017cona jako Aiqlabs Sp. z o.o. w 2015 roku. Specjalizuje si\u0119 w udzielaniu [&hellip;]\" \/>\n<meta property=\"og:url\" content=\"https:\/\/rankomat.pl\/finanse\/chwilowki\/firma\/supergrosz\/\" \/>\n<meta property=\"og:site_name\" content=\"Por\u00f3wnywarka finansowa Rankomat\" \/>\n<meta property=\"article:publisher\" content=\"https:\/\/www.facebook.com\/rankomatpl\/\" \/>\n<meta property=\"og:image\" content=\"https:\/\/rankomat.pl\/finanse\/wp-content\/uploads\/2024\/02\/logo-supergrosz.png\" \/>\n\t<meta property=\"og:image:width\" content=\"250\" \/>\n\t<meta property=\"og:image:height\" content=\"75\" \/>\n\t<meta property=\"og:image:type\" content=\"image\/png\" \/>\n<meta name=\"twitter:card\" content=\"summary_large_image\" \/>\n<meta name=\"twitter:site\" content=\"@rankomat\" \/>\n<meta name=\"twitter:label1\" content=\"Szacowany czas czytania\" \/>\n\t<meta name=\"twitter:data1\" content=\"10 minut\" \/>\n<script type=\"application\/ld+json\" class=\"yoast-schema-graph\">{\"@context\":\"https:\/\/schema.org\",\"@graph\":[{\"@type\":\"ImageObject\",\"inLanguage\":\"pl-PL\",\"@id\":\"https:\/\/rankomat.pl\/finanse\/chwilowki\/firma\/supergrosz\/#primaryimage\",\"url\":\"https:\/\/rankomat.pl\/finanse\/wp-content\/uploads\/2024\/02\/logo-supergrosz.png\",\"contentUrl\":\"https:\/\/rankomat.pl\/finanse\/wp-content\/uploads\/2024\/02\/logo-supergrosz.png\",\"width\":250,\"height\":75},{\"@type\":\"BreadcrumbList\",\"@id\":\"https:\/\/rankomat.pl\/finanse\/chwilowki\/firma\/supergrosz\/#breadcrumb\",\"itemListElement\":[{\"@type\":\"ListItem\",\"position\":1,\"name\":\"Finanse\",\"item\":\"https:\/\/rankomat.pl\/finanse\/\"},{\"@type\":\"ListItem\",\"position\":2,\"name\":\"Chwil\u00f3wki\",\"item\":\"https:\/\/rankomat.pl\/finanse\/chwilowki\/\"},{\"@type\":\"ListItem\",\"position\":3,\"name\":\"Listing firm po\u017cyczkowych\",\"item\":\"https:\/\/rankomat.pl\/finanse\/chwilowki\/firma\/\"},{\"@type\":\"ListItem\",\"position\":4,\"name\":\"SuperGrosz\"}]}]}<\/script>\n<!-- \/ Yoast SEO plugin. -->","yoast_head_json":{"title":"SuperGrosz - sprawd\u017a oferty bankowe | Por\u00f3wnywarka finansowa Rankomat","robots":{"index":"index","follow":"follow","max-snippet":"max-snippet:-1","max-image-preview":"max-image-preview:large","max-video-preview":"max-video-preview:-1"},"canonical":"https:\/\/rankomat.pl\/finanse\/chwilowki\/firma\/supergrosz\/","og_locale":"pl_PL","og_type":"article","og_title":"SuperGrosz - sprawd\u017a {{count_bank_60}} | Por\u00f3wnywarka finansowa Rankomat","og_description":"Supergrosz to du\u017ca, dobrze znana firma po\u017cyczkowa, za\u0142o\u017cona jako Aiqlabs Sp. z o.o. w 2015 roku. Specjalizuje si\u0119 w udzielaniu [&hellip;]","og_url":"https:\/\/rankomat.pl\/finanse\/chwilowki\/firma\/supergrosz\/","og_site_name":"Por\u00f3wnywarka finansowa Rankomat","article_publisher":"https:\/\/www.facebook.com\/rankomatpl\/","og_image":[{"width":250,"height":75,"url":"https:\/\/rankomat.pl\/finanse\/wp-content\/uploads\/2024\/02\/logo-supergrosz.png","type":"image\/png"}],"twitter_card":"summary_large_image","twitter_site":"@rankomat","twitter_misc":{"Szacowany czas czytania":"10 minut"},"schema":{"@context":"https:\/\/schema.org","@graph":[{"@type":"ImageObject","inLanguage":"pl-PL","@id":"https:\/\/rankomat.pl\/finanse\/chwilowki\/firma\/supergrosz\/#primaryimage","url":"https:\/\/rankomat.pl\/finanse\/wp-content\/uploads\/2024\/02\/logo-supergrosz.png","contentUrl":"https:\/\/rankomat.pl\/finanse\/wp-content\/uploads\/2024\/02\/logo-supergrosz.png","width":250,"height":75},{"@type":"BreadcrumbList","@id":"https:\/\/rankomat.pl\/finanse\/chwilowki\/firma\/supergrosz\/#breadcrumb","itemListElement":[{"@type":"ListItem","position":1,"name":"Finanse","item":"https:\/\/rankomat.pl\/finanse\/"},{"@type":"ListItem","position":2,"name":"Chwil\u00f3wki","item":"https:\/\/rankomat.pl\/finanse\/chwilowki\/"},{"@type":"ListItem","position":3,"name":"Listing firm po\u017cyczkowych","item":"https:\/\/rankomat.pl\/finanse\/chwilowki\/firma\/"},{"@type":"ListItem","position":4,"name":"SuperGrosz"}]}]}},"yasr_visitor_votes":{"stars_attributes":{"read_only":false,"span_bottom":false},"number_of_votes":0,"sum_votes":0},"_links":{"self":[{"href":"https:\/\/rankomat.pl\/finanse\/wp-json\/wp\/v2\/pages\/8654","targetHints":{"allow":["GET"]}}],"collection":[{"href":"https:\/\/rankomat.pl\/finanse\/wp-json\/wp\/v2\/pages"}],"about":[{"href":"https:\/\/rankomat.pl\/finanse\/wp-json\/wp\/v2\/types\/page"}],"author":[{"embeddable":true,"href":"https:\/\/rankomat.pl\/finanse\/wp-json\/wp\/v2\/users\/60"}],"replies":[{"embeddable":true,"href":"https:\/\/rankomat.pl\/finanse\/wp-json\/wp\/v2\/comments?post=8654"}],"version-history":[{"count":0,"href":"https:\/\/rankomat.pl\/finanse\/wp-json\/wp\/v2\/pages\/8654\/revisions"}],"up":[{"embeddable":true,"href":"https:\/\/rankomat.pl\/finanse\/wp-json\/wp\/v2\/pages\/8676"}],"wp:featuredmedia":[{"embeddable":true,"href":"https:\/\/rankomat.pl\/finanse\/wp-json\/wp\/v2\/media\/8656"}],"wp:attachment":[{"href":"https:\/\/rankomat.pl\/finanse\/wp-json\/wp\/v2\/media?parent=8654"}],"curies":[{"name":"wp","href":"https:\/\/api.w.org\/{rel}","templated":true}]}}