{"id":8678,"date":"2024-02-14T13:26:20","date_gmt":"2024-02-14T12:26:20","guid":{"rendered":"https:\/\/rankomat.pl\/finanse\/?page_id=8678"},"modified":"2024-02-14T13:26:20","modified_gmt":"2024-02-14T12:26:20","slug":"vivus","status":"publish","type":"page","link":"https:\/\/rankomat.pl\/finanse\/chwilowki\/firma\/vivus\/","title":{"rendered":"Vivus"},"content":{"rendered":"<p><strong>Vivus to jedna z najbardziej rozpoznawalnych firm po\u017cyczkowych, kt\u00f3ra od 10 lat pr\u0119\u017cnie dzia\u0142a w sektorze internetowych po\u017cyczek pozabankowych. W serwisie Vivus.pl zarejestrowa\u0142o si\u0119 ju\u017c ponad 2 miliony klient\u00f3w. Marka Vivus jest laureatem wielu nagr\u00f3d przyznawanych za wysokie standardy obs\u0142ugi klienta tj. Gwiazda Jako\u015bci Obs\u0142ugi. Firma deklaruje, \u017ce liczba jej zadowolonych klient\u00f3w przekracza 90%.<\/strong><\/p>\n<p>Oferta Vivus zwraca uwag\u0119 m.in. przejrzystymi warunkami finansowania, uproszczonymi procedurami, darmow\u0105 pierwsz\u0105 po\u017cyczk\u0105 i okresem sp\u0142aty si\u0119gaj\u0105cym nawet dw\u00f3ch miesi\u0119cy. Firma jest cz\u0142onkiem Polskiego Zwi\u0105zku Instytucji Po\u017cyczkowych, co potwierdza najwy\u017csze standardy biznesowe i etyczne stosowane przez mark\u0119. Zobaczmy, co dok\u0142adnie sprawia, \u017ce firmie Vivus zaufa\u0142o ju\u017c ponad 2 miliony klient\u00f3w.<\/p>\n<h2>Ile mog\u0119 po\u017cyczy\u0107 w Vivus?<\/h2>\n<p><strong>Minimalna kwota po\u017cyczki w Vivus wynosi 100 z\u0142<\/strong>. Z kolei maksymalna granica zale\u017cy od tego, czy korzystali\u015bmy wcze\u015bniej z oferty tej marki. Limity prezentuj\u0105 si\u0119 nast\u0119puj\u0105co:<\/p>\n<ul>\n<li>nowi klienci Vivus mog\u0105 otrzyma\u0107 darmow\u0105 pierwsz\u0105 po\u017cyczk\u0119 na kwot\u0119 100 z\u0142 \u2013 3.000 z\u0142,<\/li>\n<li>powracaj\u0105cy klienci Vivus mog\u0105 zaci\u0105gn\u0105\u0107 po\u017cyczk\u0119 na kwot\u0119 100 z\u0142 \u2013 7.500 z\u0142.<\/li>\n<\/ul>\n<p>Co wa\u017cne, je\u015bli wnioskowali\u015bmy o po\u017cyczk\u0119 w kwocie mniejszej ni\u017c dopuszczalny limit, to w ka\u017cdym momencie mo\u017cemy dobra\u0107 kolejne \u015brodki do otrzymanej wcze\u015bniej kwoty. Mo\u017cemy to zrobi\u0107:<\/p>\n<ul>\n<li>loguj\u0105c si\u0119 do swojego profilu klienta,<\/li>\n<li>korzystaj\u0105c z aplikacji mobilnej Vivus,<\/li>\n<li>kontaktuj\u0105c si\u0119 z infolini\u0105 pod numerem 600-600-700.<\/li>\n<li>Musimy pami\u0119ta\u0107, \u017ce po dobraniu dodatkowej kwoty po\u017cyczki termin zwrotu zobowi\u0105zania nie ulega zmianie. To wa\u017cne, poniewa\u017c op\u00f3\u017anienia w sp\u0142acie generuj\u0105 dodatkowe koszty oraz mog\u0105 mie\u0107 negatywne odzwierciedlenie w postaci wpis\u00f3w w bazach d\u0142u\u017cnik\u00f3w.<\/li>\n<\/ul>\n<h2>Na jak d\u0142ugo mog\u0119 po\u017cyczy\u0107 w Vivus?<\/h2>\n<p>Je\u015bli jeste\u015bmy nowymi klientami i zaci\u0105gamy pierwsz\u0105 po\u017cyczk\u0119 w Vivus to mo\u017cemy sp\u0142aci\u0107 zaci\u0105gni\u0119te zobowi\u0105zanie w ci\u0105gu 61 dni. Ka\u017cda kolejna po\u017cyczka w Vivus musi by\u0107 uregulowana w ci\u0105gu 30 dni.<\/p>\n<p>Je\u015bli przewidujemy problemy ze sp\u0142at\u0105 po\u017cyczki mo\u017cemy spr\u00f3bowa\u0107 przed\u0142u\u017cy\u0107 ostateczny termin zap\u0142aty. W przypadku pierwszej po\u017cyczki Vivus oferuje mo\u017cliwo\u015b\u0107 dwukrotnego przed\u0142u\u017cenia sp\u0142aty o 30 dni. Wszystkie szczeg\u00f3\u0142y zwi\u0105zane z t\u0105 czynno\u015bci\u0105 mo\u017cna sprawdzi\u0107 na swoim profilu klienta lub dzwoni\u0105c pod numer telefonu 600-600-700.<\/p>\n<h2>Jakie s\u0105 koszty po\u017cyczki w Vivus?<\/h2>\n<p>W najkorzystniejszej sytuacji znajduj\u0105 si\u0119 nowi klienci firmy Vivus, poniewa\u017c mog\u0105 skorzysta\u0107 z oferty pierwszej darmowej po\u017cyczki na kwot\u0119 od 100 z\u0142 do 3.000 z\u0142. Szczeg\u00f3\u0142y po\u017cyczki na maksymaln\u0105 dopuszczaln\u0105 kwot\u0119 prezentuj\u0105 si\u0119 nast\u0119puj\u0105co:<\/p>\n<ul>\n<li>kwota po\u017cyczki: 3.000 z\u0142<\/li>\n<li>okres sp\u0142aty: 61 dni<\/li>\n<li>odsetki: 0,00 z\u0142<\/li>\n<li>prowizja: 0,00 z\u0142<\/li>\n<li>RRSO: 0,00%<\/li>\n<li>ca\u0142kowita kwota do zap\u0142aty: 3.000 z\u0142<\/li>\n<\/ul>\n<p>Zaci\u0105gaj\u0105c kolejn\u0105 po\u017cyczk\u0119 w Vivus nie mo\u017cemy ju\u017c liczy\u0107 na darmow\u0105 ofert\u0119. Podobnie, jak w innych firmach po\u017cyczkowych zach\u0119caj\u0105cych klient\u00f3w tego tupu promocj\u0105. Zobaczmy zatem, ile b\u0119dzie kosztowa\u0107 kolejna chwil\u00f3wka online w Vivus na kwot\u0119 3.000 z\u0142, maj\u0105c przy tym na uwadze, \u017ce okres sp\u0142aty takiego zobowi\u0105zania wynosi 30 dni:<\/p>\n<ul>\n<li>kwota po\u017cyczki: 3.000 z\u0142<\/li>\n<li>okres sp\u0142aty: 30 dni<\/li>\n<li>odsetki: 17,75 z\u0142<\/li>\n<li>prowizja: 582,25 z\u0142<\/li>\n<li>RRSO: 819,12%<\/li>\n<li>ca\u0142kowita kwota do zap\u0142aty: 3.600 z\u0142<\/li>\n<\/ul>\n<p>Jako powracaj\u0105cy klienci mamy du\u017co wi\u0119ksze mo\u017cliwo\u015bci zwi\u0105zane z maksymaln\u0105 kwot\u0105 zobowi\u0105zania. W takiej sytuacji mo\u017cemy zaci\u0105gn\u0105\u0107 po\u017cyczk\u0119 w Vivus nawet na 7.500 z\u0142 i w\u0142a\u015bnie dla takiego wariantu sprawdzili\u015bmy szczeg\u00f3\u0142owe koszty oferty:<\/p>\n<ul>\n<li>kwota po\u017cyczki: 7.500 z\u0142<\/li>\n<li>okres sp\u0142aty: 30 dni<\/li>\n<li>odsetki: 44,38 z\u0142<\/li>\n<li>prowizja: 1.455,62 z\u0142<\/li>\n<li>RRSO: 819,12%<\/li>\n<li>ca\u0142kowita kwota do zap\u0142aty: 9.000 z\u0142<\/li>\n<\/ul>\n<p>Powy\u017csze scenariusze zosta\u0142y przygotowane z wykorzystaniem kalkulatora dost\u0119pnego na stronie w vivus.pl. Kalkulacje przeprowadzili\u015bmy dnia 26 sierpnia 2022 roku.<\/p>\n<h2>Warunki otrzymania po\u017cyczki w Vivus<\/h2>\n<p>Firmy po\u017cyczkowe s\u0105 bardziej elastyczne i mniej wymagaj\u0105ce w trakcie ubiegania si\u0119 o po\u017cyczk\u0119 ni\u017c banki. Aby skorzysta\u0107 z oferty firmy Vivus wystarczy wype\u0142ni\u0107 prosty wniosek. Aby to zrobi\u0107 musimy mie\u0107:<\/p>\n<ul>\n<li>od 19 do 78 lat,<\/li>\n<li>polskie obywatelstwo,<\/li>\n<li>pe\u0142n\u0105 zdolno\u015b\u0107 do czynno\u015bci prawnych,<\/li>\n<li>seri\u0119 i numer aktualnego dowodu osobistego,<\/li>\n<li>adres zamieszkania,<\/li>\n<li>aktywny numer telefonu kom\u00f3rkowego,<\/li>\n<li>adres email,<\/li>\n<li>konto osobiste,<\/li>\n<li>odpowiedni\u0105 zdolno\u015b\u0107 kredytow\u0105.<\/li>\n<\/ul>\n<p>Musimy posiada\u0107 konto osobiste, poniewa\u017c za jego pomoc\u0105 wykonamy przelew weryfikacyjny, aby potwierdzi\u0107 dane przedstawione we wniosku. Po pozytywnej decyzji na konto zostanie przelana wnioskowana kwota.<\/p>\n<h3>Dokumenty wymagane do otrzymania po\u017cyczki<\/h3>\n<p>W trakcie wnioskowania o po\u017cyczk\u0119 w Vivus nie trzeba przedstawia\u0107 \u017cadnych dodatkowych dokument\u00f3w tj. za\u015bwiadczenie od pracodawcy o wysoko\u015bci wynagrodzenia czy wyci\u0105g z konta osobistego. Aby z\u0142o\u017cy\u0107 wniosek wystarcz\u0105 dane z aktualnego dowodu osobistego.<\/p>\n<h3>Formy zatrudnienia<\/h3>\n<p>Dla firmy po\u017cyczkowej zdecydowanie korzystniejsza jest sytuacja, w kt\u00f3rej pieni\u0105dze po\u017cyczane s\u0105 osobom osi\u0105gaj\u0105cym sta\u0142e dochody z tytu\u0142u m.in. umowy o prac\u0119, umowy zlecenie, umowy o dzie\u0142o, emerytury, renty, wynajmu nieruchomo\u015bci, ze \u015bwiadcze\u0144 rodzinnych czy prowadzonej dzia\u0142alno\u015bci gospodarczej. Sk\u0142adaj\u0105c wniosek o chwil\u00f3wk\u0119 w Vivus jedynie o\u015bwiadczamy wysoko\u015b\u0107 swoich zarobk\u00f3w. Dzi\u0119ki temu z po\u017cyczki bez za\u015bwiadcze\u0144 o dochodach mog\u0105 skorzysta\u0107 r\u00f3wnie\u017c:<\/p>\n<ul>\n<li>osoby, kt\u00f3re nie posiadaj\u0105 sta\u0142ego \u017ar\u00f3d\u0142a zatrudnienia,<\/li>\n<li>studenci utrzymuj\u0105cy si\u0119 ze stypendi\u00f3w,<\/li>\n<li>osoby chwilowo bezrobotne.<\/li>\n<\/ul>\n<h2>Weryfikacja w bazie d\u0142u\u017cnik\u00f3w<\/h2>\n<p>Utar\u0142o si\u0119, \u017ce firmy po\u017cyczkowe nie sprawdzaj\u0105 potencjalnych klient\u00f3w w bazach d\u0142u\u017cnik\u00f3w. W rzeczywisto\u015bci wi\u0119kszo\u015b\u0107 renomowanych firm pozabankowych, w celu zminimalizowania ryzyka, przeprowadza tego typu weryfikacj\u0119.<\/p>\n<h3>Czy Vivus udziela po\u017cyczek na raty bez sprawdzania BIK?<\/h3>\n<p>Nie. Vivus jako jeden z lider\u00f3w rynku po\u017cyczek pozabankowych weryfikuje wnioskodawc\u00f3w zar\u00f3wno w Biurze Informacji Kredytowej (BIK) i Biurach Informacji Gospodarczej (BIG). Vivus mo\u017ce sprawdzi\u0107 tak\u017ce zapisy w KRD (Krajowy Rejestr D\u0142ug\u00f3w), KBIG (Krajowe Biuro Informacji Gospodarczej) i ERIF. Negatywne informacje ujawnione w trakcie kontroli mog\u0105 utrudni\u0107 zaci\u0105gni\u0119cie po\u017cyczki.<\/p>\n<h3>Czy Vivus udziela po\u017cyczek dla zad\u0142u\u017conych?<\/h3>\n<p>Trzeba rozr\u00f3\u017cni\u0107 tu dwa poj\u0119cia. Je\u015bli zad\u0142u\u017conym jest osoba sp\u0142acaj\u0105ca terminowo inne kredyty po\u017cyczki, to nie mamy do czynienia z przes\u0142ank\u0105 przekre\u015blaj\u0105c\u0105 szans\u0119 na chwil\u00f3wk\u0119 w firmie Vivus. Je\u015bli jednak zad\u0142u\u017conym jest osoba, kt\u00f3ra nie radzi sobie ze sp\u0142at\u0105 bie\u017c\u0105cych zobowi\u0105za\u0144, to pojawia si\u0119 problem. Wiele zale\u017cy od wysoko\u015bci zaleg\u0142o\u015bci i okresu zw\u0142oki ze sp\u0142at\u0105. Udzielenie finansowania w takiej sytuacji uzale\u017cnione jest od indywidualnej oceny wniosku przez firm\u0119 po\u017cyczkow\u0105.<\/p>\n<h3>Czy w Vivus mo\u017cna wzi\u0105\u0107 po\u017cyczk\u0119 z komornikiem?<\/h3>\n<p>Egzekucja komornicza jest przes\u0142ank\u0105 przekre\u015blaj\u0105c\u0105 szans\u0119 na zaci\u0105gni\u0119cie po\u017cyczki w Vivus. W takiej sytuacji trzeba przede wszystkim przesta\u0107 si\u0119 zad\u0142u\u017ca\u0107 i podj\u0105\u0107 radykalne kroki pozwalaj\u0105ce ograniczy\u0107 koszty \u017cycia i pozyska\u0107 wi\u0119cej \u015brodk\u00f3w na sp\u0142at\u0119 zobowi\u0105za\u0144. Dodatkowy d\u0142ug mo\u017ce doprowadzi\u0107 do jeszcze wi\u0119kszych problem\u00f3w.<\/p>\n<h2>Jak wzi\u0105\u0107 po\u017cyczk\u0119 w Vivus?<\/h2>\n<p>Proces ubiegania si\u0119 o po\u017cyczk\u0119 w Vivus ograniczony zosta\u0142 do niezb\u0119dnego minimum i zamyka si\u0119 w trzech prostych krokach.<\/p>\n<p><strong>Krok 1 \u2013 okre\u015bl kwot\u0119 po\u017cyczki<\/strong><\/p>\n<p>Okre\u015blaj\u0105c kwot\u0119 po\u017cyczki pami\u0119taj, \u017ce nie musisz wyp\u0142aca\u0107 jej od razu w ca\u0142o\u015bci. Mo\u017cesz j\u0105 podzieli\u0107 na cz\u0119\u015bci i wyp\u0142aca\u0107 w r\u00f3\u017cnych terminach. W takiej sytuacji ponosisz jedynie koszty naliczone od wyp\u0142aconych kwot.<\/p>\n<p><strong>Krok 2 \u2013 zarejestruj si\u0119 na vivus.pl o z\u0142\u00f3\u017c wniosek<\/strong><\/p>\n<p>Zarejestruj si\u0119 na stronie internetowej vivus.pl. W tym celu musisz wprowadzi\u0107 podstawowe dane osobowe i kontaktowe. Warto przygotowa\u0107 wcze\u015bniej dow\u00f3d osobisty. Aby zako\u0144czy\u0107 rejestracj\u0119 przeczytaj i zaakceptuj zgody.<\/p>\n<p><strong>Krok 3 \u2013 potwierd\u017a swoje dane<\/strong><\/p>\n<p>W celu potwierdzenia danych przekazanych podczas rejestracji konieczne jest wykonanie przelewu identyfikacyjnego na 1 z\u0142 albo 1 gr ze swojego konta. Wa\u017cne, aby dane nadawcy przelewy by\u0142y takie same jak informacje wprowadzone we wniosku.<\/p>\n<p>Vivus poinformuje Ci\u0119 o decyzji za pomoc\u0105 wiadomo\u015bci e-mail lub SMS. W przypadku akceptacji wniosku pieni\u0105dze zostan\u0105 przekazane na Twoje konto osobiste. Czas oczekiwania na \u015brodki zale\u017cny jest od godzin sesji mi\u0119dzybankowych.<\/p>\n<h2>Sp\u0142ata po\u017cyczki w Vivus<\/h2>\n<p>Wi\u0119kszo\u015b\u0107 os\u00f3b zaci\u0105gaj\u0105cych po\u017cyczk\u0119 planuje jej terminow\u0105 sp\u0142at\u0119. Jednak nie zawsze jest to mo\u017cliwe z powodu trudnych do przewidzenia okoliczno\u015bci. W takiej sytuacji Vivus mo\u017ce zaproponowa\u0107 wyd\u0142u\u017cenie terminu sp\u0142aty, co jest jakim\u015b wyj\u015bciem z tego typu sytuacji. Nie ma r\u00f3wnie\u017c problem\u00f3w, \u017ceby sp\u0142aci\u0107 chwil\u00f3wk\u0119 wcze\u015bniej ni\u017c wynika to z umowy.<\/p>\n<p>Czy mo\u017cliwa jest sp\u0142ata po\u017cyczki przed terminem?<br \/>\nNie. Vivus nie oferuje po\u017cyczek ratalnych. W ofercie tej marki znajduje si\u0119 wy\u0142\u0105cznie darmowa pierwsza chwil\u00f3wka na maksymalnie 3.000 z\u0142 na 61 dni i kolejna po\u017cyczka na maksymaln\u0105 kwot\u0119 7.500 z\u0142 z 30-dniowym okresem sp\u0142aty. Zobowi\u0105zanie tego typu mo\u017cna sp\u0142aci\u0107 przed terminem.<\/p>\n<h3>Wyd\u0142u\u017cenie terminu sp\u0142aty<\/h3>\n<p>Vivus oferuje przed\u0142u\u017cenie terminu sp\u0142aty po\u017cyczki. W przypadku pierwszej po\u017cyczki mo\u017cliwe jest dwukrotne przed\u0142u\u017cenie terminu sp\u0142aty. Je\u015bli regulujemy drug\u0105 i ka\u017cd\u0105 kolejn\u0105 po\u017cyczk\u0119 to mo\u017cemy przed\u0142u\u017cy\u0107 termin jej sp\u0142aty tylko jeden raz \u2013 o 7, 14, lub 30 dni. Szczeg\u00f3\u0142y dotycz\u0105ce takiej operacji mo\u017cna sprawdzi\u0107 na swoim profilu klienta lub pod numerem telefonu 660 600 700.<\/p>\n<h3>Brak sp\u0142aty \u2013 co, je\u015bli po\u017cyczka nie zostanie sp\u0142acona na czas?<\/h3>\n<p>Brak sp\u0142aty po\u017cyczki w Vivus rodzi szereg konsekwencji, wi\u0119c musimy do\u0142o\u017cy\u0107 wszelkich stara\u0144, aby do takiej sytuacji nie dopu\u015bci\u0107. Stan zad\u0142u\u017cenia i terminy p\u0142atno\u015bci mo\u017cna sprawdza\u0107 przez ca\u0142\u0105 dob\u0119 korzystaj\u0105c ze swojego profilu klienta. Brak sp\u0142aty po\u017cyczki w spowoduje w pierwszej kolejno\u015bci naliczenie ustawowych odsetek karnych.<\/p>\n<h3>Windykacja w Vivus<\/h3>\n<p>Zgodnie ze standardow\u0105 procedur\u0105 pracownik Vivus kontaktuje si\u0119 z d\u0142u\u017cnikiem nast\u0119pnego dnia po przekroczeniu terminu sp\u0142aty. W trakcie rozmowy ustali m.in. jaka jest przyczyna zaniechania sp\u0142aty zobowi\u0105zania oraz kiedy mo\u017cna spodziewa\u0107 si\u0119 uregulowania zaleg\u0142o\u015bci. W takiej sytuacji to powinni\u015bmy pozostawa\u0107 w sta\u0142ym kontakcie z wierzycielem. Unikanie problemu tylko pogorszy spraw\u0119.<\/p>\n<p>Vivus kontaktuje si\u0119 z klientem do czasu wypracowania rozwi\u0105zania zadowalaj\u0105cego obie strony umowy. Po\u017cyczkodawca mo\u017ce zaproponowa\u0107 rozwi\u0105zania pozwalaj\u0105ce za\u017cegna\u0107 kryzys. W\u015br\u00f3d oferowanych sposob\u00f3w skutecznej redukcji zad\u0142u\u017cenia wymieni\u0107 mo\u017cna:<\/p>\n<ul>\n<li>roz\u0142o\u017cenie zaleg\u0142o\u015bci na raty,<\/li>\n<li>cz\u0119\u015bciow\u0105 sp\u0142at\u0119 zad\u0142u\u017cenia,<\/li>\n<li>przesuni\u0119cie terminu p\u0142atno\u015bci.<\/li>\n<\/ul>\n<p>Brak porozumienia na tym etapie oznacza przekazanie sprawy do agencji zewn\u0119trznej. W takiej sytuacji windykator mo\u017ce pojawi\u0107 si\u0119 u d\u0142u\u017cnika z wizyt\u0105 terenow\u0105, kt\u00f3ra jednak musi odby\u0107 si\u0119 w pe\u0142nej poufno\u015bci. Je\u015bli mimo tego zobowi\u0105zanie nie zostanie sp\u0142acone to sprawa trafia do windykacji prawnej. W przypadku prawomocnego nakazu zap\u0142aty egzekucja zad\u0142u\u017cenia trafia do komornika.<\/p>\n<h2>Kolejna po\u017cyczka w Vivus<\/h2>\n<p>Kolejna po\u017cyczka w Vivus, a tak\u017ce w ka\u017cdej innej firmie pozabankowej, wi\u0105\u017ce si\u0119 z konieczno\u015bci\u0105 pokrycia koszt\u00f3w zwi\u0105zanych z zaci\u0105gni\u0119ciem zad\u0142u\u017cenia. W przeciwie\u0144stwie do darmowej pierwszej po\u017cyczki w Vivus, kolejn\u0105 mo\u017cna zaci\u0105gn\u0105\u0107 na du\u017co wy\u017csz\u0105 kwot\u0119 wynosz\u0105c\u0105 nawet 7.500 z\u0142. Z drugiej strony okres sp\u0142aty skraca si\u0119 z 61 do 30 dni.<\/p>\n<p>Przed skorzystaniem z tego typu oferty warto dobrze przeanalizowa\u0107 swoje mo\u017cliwo\u015bci finansowe. Szacunkowe koszty kolejnej po\u017cyczki w Vivus mo\u017cna obliczy\u0107 korzystaj\u0105c z dost\u0119pnego na stronie po\u017cyczkodawcy kalkulatora. Przyk\u0142adowo zaci\u0105gni\u0119cie zobowi\u0105zania na 5.000 z\u0142 wi\u0105\u017ce si\u0119 z konieczno\u015bci\u0105 zwrotu 6.000 z\u0142 po 30 dniach. Zaci\u0105gaj\u0105c kolejn\u0105 po\u017cyczk\u0119 nie musimy ju\u017c rejestrowa\u0107 si\u0119 w Vivus. Wystarczy zalogowa\u0107 si\u0119 na sw\u00f3j profil, co doceni\u0105 osoby ceni\u0105ce sobie wygod\u0119.<\/p>\n","protected":false},"excerpt":{"rendered":"<p>Vivus to jedna z najbardziej rozpoznawalnych firm po\u017cyczkowych, kt\u00f3ra od 10 lat pr\u0119\u017cnie dzia\u0142a w sektorze internetowych po\u017cyczek pozabankowych. W [&hellip;]<\/p>\n","protected":false},"author":60,"featured_media":8684,"parent":8676,"menu_order":0,"comment_status":"closed","ping_status":"closed","template":"page_lender.php","meta":{"_acf_changed":false,"yasr_overall_rating":0,"yasr_post_is_review":"","yasr_auto_insert_disabled":"","yasr_review_type":"","footnotes":""},"class_list":["post-8678","page","type-page","status-publish","has-post-thumbnail","hentry"],"acf":[],"yoast_head":"<!-- This site is optimized with the Yoast SEO plugin v27.1.1 - https:\/\/yoast.com\/product\/yoast-seo-wordpress\/ -->\n<title>Vivus | Por\u00f3wnywarka finansowa Rankomat<\/title>\n<meta name=\"robots\" content=\"index, follow, max-snippet:-1, max-image-preview:large, max-video-preview:-1\" \/>\n<link rel=\"canonical\" href=\"https:\/\/rankomat.pl\/finanse\/chwilowki\/firma\/vivus\/\" \/>\n<meta property=\"og:locale\" content=\"pl_PL\" \/>\n<meta property=\"og:type\" content=\"article\" \/>\n<meta property=\"og:title\" content=\"Vivus | Por\u00f3wnywarka finansowa Rankomat\" \/>\n<meta property=\"og:description\" content=\"Vivus to jedna z najbardziej rozpoznawalnych firm po\u017cyczkowych, kt\u00f3ra od 10 lat pr\u0119\u017cnie dzia\u0142a w sektorze internetowych po\u017cyczek pozabankowych. W [&hellip;]\" \/>\n<meta property=\"og:url\" content=\"https:\/\/rankomat.pl\/finanse\/chwilowki\/firma\/vivus\/\" \/>\n<meta property=\"og:site_name\" content=\"Por\u00f3wnywarka finansowa Rankomat\" \/>\n<meta property=\"article:publisher\" content=\"https:\/\/www.facebook.com\/rankomatpl\/\" \/>\n<meta property=\"og:image\" content=\"https:\/\/rankomat.pl\/finanse\/wp-content\/uploads\/2024\/02\/vivus-logo.png\" \/>\n\t<meta property=\"og:image:width\" content=\"250\" \/>\n\t<meta property=\"og:image:height\" content=\"75\" \/>\n\t<meta property=\"og:image:type\" content=\"image\/png\" \/>\n<meta name=\"twitter:card\" content=\"summary_large_image\" \/>\n<meta name=\"twitter:site\" content=\"@rankomat\" \/>\n<meta name=\"twitter:label1\" content=\"Szacowany czas czytania\" \/>\n\t<meta name=\"twitter:data1\" content=\"10 minut\" \/>\n<script type=\"application\/ld+json\" class=\"yoast-schema-graph\">{\"@context\":\"https:\/\/schema.org\",\"@graph\":[{\"@type\":\"ImageObject\",\"inLanguage\":\"pl-PL\",\"@id\":\"https:\/\/rankomat.pl\/finanse\/chwilowki\/firma\/vivus\/#primaryimage\",\"url\":\"https:\/\/rankomat.pl\/finanse\/wp-content\/uploads\/2024\/02\/vivus-logo.png\",\"contentUrl\":\"https:\/\/rankomat.pl\/finanse\/wp-content\/uploads\/2024\/02\/vivus-logo.png\",\"width\":250,\"height\":75,\"caption\":\"vivus logo\"},{\"@type\":\"BreadcrumbList\",\"@id\":\"https:\/\/rankomat.pl\/finanse\/chwilowki\/firma\/vivus\/#breadcrumb\",\"itemListElement\":[{\"@type\":\"ListItem\",\"position\":1,\"name\":\"Finanse\",\"item\":\"https:\/\/rankomat.pl\/finanse\/\"},{\"@type\":\"ListItem\",\"position\":2,\"name\":\"Chwil\u00f3wki\",\"item\":\"https:\/\/rankomat.pl\/finanse\/chwilowki\/\"},{\"@type\":\"ListItem\",\"position\":3,\"name\":\"Listing firm po\u017cyczkowych\",\"item\":\"https:\/\/rankomat.pl\/finanse\/chwilowki\/firma\/\"},{\"@type\":\"ListItem\",\"position\":4,\"name\":\"Vivus\"}]}]}<\/script>\n<!-- \/ Yoast SEO plugin. -->","yoast_head_json":{"title":"Vivus | Por\u00f3wnywarka finansowa Rankomat","robots":{"index":"index","follow":"follow","max-snippet":"max-snippet:-1","max-image-preview":"max-image-preview:large","max-video-preview":"max-video-preview:-1"},"canonical":"https:\/\/rankomat.pl\/finanse\/chwilowki\/firma\/vivus\/","og_locale":"pl_PL","og_type":"article","og_title":"Vivus | Por\u00f3wnywarka finansowa Rankomat","og_description":"Vivus to jedna z najbardziej rozpoznawalnych firm po\u017cyczkowych, kt\u00f3ra od 10 lat pr\u0119\u017cnie dzia\u0142a w sektorze internetowych po\u017cyczek pozabankowych. W [&hellip;]","og_url":"https:\/\/rankomat.pl\/finanse\/chwilowki\/firma\/vivus\/","og_site_name":"Por\u00f3wnywarka finansowa Rankomat","article_publisher":"https:\/\/www.facebook.com\/rankomatpl\/","og_image":[{"width":250,"height":75,"url":"https:\/\/rankomat.pl\/finanse\/wp-content\/uploads\/2024\/02\/vivus-logo.png","type":"image\/png"}],"twitter_card":"summary_large_image","twitter_site":"@rankomat","twitter_misc":{"Szacowany czas czytania":"10 minut"},"schema":{"@context":"https:\/\/schema.org","@graph":[{"@type":"ImageObject","inLanguage":"pl-PL","@id":"https:\/\/rankomat.pl\/finanse\/chwilowki\/firma\/vivus\/#primaryimage","url":"https:\/\/rankomat.pl\/finanse\/wp-content\/uploads\/2024\/02\/vivus-logo.png","contentUrl":"https:\/\/rankomat.pl\/finanse\/wp-content\/uploads\/2024\/02\/vivus-logo.png","width":250,"height":75,"caption":"vivus logo"},{"@type":"BreadcrumbList","@id":"https:\/\/rankomat.pl\/finanse\/chwilowki\/firma\/vivus\/#breadcrumb","itemListElement":[{"@type":"ListItem","position":1,"name":"Finanse","item":"https:\/\/rankomat.pl\/finanse\/"},{"@type":"ListItem","position":2,"name":"Chwil\u00f3wki","item":"https:\/\/rankomat.pl\/finanse\/chwilowki\/"},{"@type":"ListItem","position":3,"name":"Listing firm po\u017cyczkowych","item":"https:\/\/rankomat.pl\/finanse\/chwilowki\/firma\/"},{"@type":"ListItem","position":4,"name":"Vivus"}]}]}},"yasr_visitor_votes":{"stars_attributes":{"read_only":false,"span_bottom":false},"number_of_votes":0,"sum_votes":0},"_links":{"self":[{"href":"https:\/\/rankomat.pl\/finanse\/wp-json\/wp\/v2\/pages\/8678","targetHints":{"allow":["GET"]}}],"collection":[{"href":"https:\/\/rankomat.pl\/finanse\/wp-json\/wp\/v2\/pages"}],"about":[{"href":"https:\/\/rankomat.pl\/finanse\/wp-json\/wp\/v2\/types\/page"}],"author":[{"embeddable":true,"href":"https:\/\/rankomat.pl\/finanse\/wp-json\/wp\/v2\/users\/60"}],"replies":[{"embeddable":true,"href":"https:\/\/rankomat.pl\/finanse\/wp-json\/wp\/v2\/comments?post=8678"}],"version-history":[{"count":0,"href":"https:\/\/rankomat.pl\/finanse\/wp-json\/wp\/v2\/pages\/8678\/revisions"}],"up":[{"embeddable":true,"href":"https:\/\/rankomat.pl\/finanse\/wp-json\/wp\/v2\/pages\/8676"}],"wp:featuredmedia":[{"embeddable":true,"href":"https:\/\/rankomat.pl\/finanse\/wp-json\/wp\/v2\/media\/8684"}],"wp:attachment":[{"href":"https:\/\/rankomat.pl\/finanse\/wp-json\/wp\/v2\/media?parent=8678"}],"curies":[{"name":"wp","href":"https:\/\/api.w.org\/{rel}","templated":true}]}}