{"id":8686,"date":"2024-02-14T13:26:19","date_gmt":"2024-02-14T12:26:19","guid":{"rendered":"https:\/\/rankomat.pl\/finanse\/?page_id=8686"},"modified":"2024-02-14T13:26:19","modified_gmt":"2024-02-14T12:26:19","slug":"wonga","status":"publish","type":"page","link":"https:\/\/rankomat.pl\/finanse\/chwilowki\/firma\/wonga\/","title":{"rendered":"Wonga"},"content":{"rendered":"<p><strong>Wonga to jedna z najbardziej rozpoznawalnych firm po\u017cyczkowych. Jej historia rozpocz\u0119\u0142a si\u0119 w Wielkiej Brytanii w 2007 roku. Sze\u015b\u0107 lat p\u00f3\u017aniej zadebiutowa\u0142a na polskim rynku po\u017cyczek pozabankowych, a od roku 2019 ma polskiego w\u0142a\u015bciciela (firm\u0119 windykacyjn\u0105 KRUK S.A.). Od pocz\u0105tku zaufa\u0142y jej ponad 2 miliony klient\u00f3w.<\/strong><\/p>\n<p>Firma udziela finansowania zar\u00f3wno na kr\u00f3tki, jak i d\u0142u\u017cszy termin. W jej ofercie, obok doskonale znanych wszystkim chwil\u00f3wek, s\u0105 te\u017c po\u017cyczki na raty. O ka\u017cd\u0105 z nich mo\u017cna wnioskowa\u0107 przez internet, na przejrzystych warunkach i bez ukrytych \u201ehaczyk\u00f3w\u201d. Opr\u00f3cz tego Wonga bardzo powa\u017cnie podchodzi do kwestii odpowiedzialnego po\u017cyczania i przyznaje \u015brodki wy\u0142\u0105cznie klientom, dla kt\u00f3rych sp\u0142ata zobowi\u0105zania nie oka\u017ce si\u0119 zbyt du\u017cym obci\u0105\u017ceniem finansowym.<\/p>\n<h2>Ile mog\u0119 po\u017cyczy\u0107 w Wonga?<\/h2>\n<p>Wonga proponuje klientom:<\/p>\n<ul>\n<li>klasyczne chwil\u00f3wki w przedziale 200 \u2013 3.000 z\u0142;<\/li>\n<li>po\u017cyczki ratalne w kwocie do 20.000 z\u0142.<\/li>\n<li>W przypadku terminowej sp\u0142aty limit powracaj\u0105cych klient\u00f3w zwi\u0119ksza si\u0119 w oparciu o ich dotychczasow\u0105 histori\u0119 kredytow\u0105. Oznacza to, \u017ce podczas kolejnego wnioskowania o po\u017cyczk\u0119<\/li>\n<li>Wonga mo\u017ce zaproponowa\u0107 wy\u017csz\u0105 kwot\u0119 ni\u017c ta wpisana w formularzu online.<\/li>\n<\/ul>\n<h2>Na jak d\u0142ugo mog\u0119 po\u017cyczy\u0107 w Wonga?<\/h2>\n<p>Termin sp\u0142aty zobowi\u0105za\u0144 w Wonga zale\u017cy g\u0142\u00f3wnie od tego, czy klient zdecydowa\u0142 si\u0119 na chwil\u00f3wk\u0119 czy po\u017cyczk\u0119 na raty.<\/p>\n<ul>\n<li>Na sp\u0142acenie chwil\u00f3wki po\u017cyczkobiorca ma 30 dni.<\/li>\n<li>Termin sp\u0142aty po\u017cyczki na raty wynosi natomiast od 2 do 48 miesi\u0119cy.<\/li>\n<\/ul>\n<p>Co wi\u0119cej, po\u017cyczaj\u0105c w tej firmie, mo\u017cna skorzysta\u0107 z kilku bonus\u00f3w takich jak:<\/p>\n<ul>\n<li>jedna rata gratis;<\/li>\n<li>bezkosztowa przerwa w sp\u0142acie;<\/li>\n<li>7- dniowy okres odroczenia sp\u0142aty zobowi\u0105zania.<\/li>\n<\/ul>\n<p>To, kt\u00f3ry z nich b\u0119dzie przys\u0142ugiwa\u0142 klientowi i w jakich okoliczno\u015bciach, zale\u017cy od wybranego rodzaju po\u017cyczki (z dok\u0142adn\u0105 ofert\u0105 i dost\u0119pnymi wariantami w przypadku wnioskowania o konkretne kwoty mo\u017cna zapozna\u0107 si\u0119 na stronie internetowej po\u017cyczkodawcy).<\/p>\n<p>Wonga mo\u017ce r\u00f3wnie\u017c zaproponowa\u0107 klientowi kwot\u0119 po\u017cyczki inn\u0105 ni\u017c ta, o kt\u00f3r\u0105 pierwotnie wnioskowa\u0142. Indywidualna oferta b\u0119dzie dostosowana do zdolno\u015bci kredytowej oszacowanej na etapie weryfikacji wniosku. Decyzja o tym, czy zaakceptowa\u0107 ofert\u0119 nale\u017cy oczywi\u015bcie do klienta.<\/p>\n<h2>Jakie s\u0105 koszty po\u017cyczki w Wonga?<\/h2>\n<p>Wonga bez w\u0105tpienia oferuje jedne z najta\u0144szych po\u017cyczek na rynku. Aby si\u0119 o tym przekona\u0107, wystarczy rzuci\u0107 okiem na przyk\u0142adowe koszty.<\/p>\n<p><strong>Chwil\u00f3wka na 1.000 z\u0142 na 30 dni<\/strong><\/p>\n<ul>\n<li>Kwota po\u017cyczki: 1.000 z\u0142<\/li>\n<li>Okres sp\u0142aty: 30 dni<\/li>\n<li>Odsetki: 0 z\u0142<\/li>\n<li>Prowizja: 0 z\u0142<\/li>\n<li>RRSO: 0 z\u0142<\/li>\n<li>Ca\u0142kowita kwota do oddania: 3.000 z\u0142<\/li>\n<\/ul>\n<p>Koszty nie zostan\u0105 doliczone wy\u0142\u0105cznie w przypadku terminowej sp\u0142aty.<\/p>\n<p><strong>Po\u017cyczka na 1.000 z\u0142 na 3 miesi\u0105ce<\/strong><\/p>\n<ul>\n<li>Kwota po\u017cyczki: 1.000 z\u0142<\/li>\n<li>Okres sp\u0142aty: 3 miesi\u0105ce<\/li>\n<li>Odsetki: 35,44 z\u0142<\/li>\n<li>Prowizja: 0,60 z\u0142<\/li>\n<li>RRSO: 22,95%<\/li>\n<li>Ca\u0142kowita kwota do sp\u0142aty: 1.036,44 z\u0142<\/li>\n<\/ul>\n<p>Mo\u017cliwo\u015b\u0107 skorzystania z bezkosztowej przerwy w sp\u0142acaniu po uregulowaniu 2 rat (pod warunkiem, \u017ce by\u0142y sp\u0142acane terminowo) lub bezp\u0142atnego odroczenia p\u0142atno\u015bci raty o 7 dni (r\u00f3wnie\u017c wy\u0142\u0105cznie w przypadku terminowego sp\u0142acenia 2 rat).<\/p>\n<p><strong>Po\u017cyczka ratalna na 2.000 z\u0142 na 6 miesi\u0119cy<\/strong><\/p>\n<ul>\n<li>Kwota po\u017cyczki: 2.000 z\u0142<\/li>\n<li>Okres sp\u0142aty: 6 miesi\u0119cy<\/li>\n<li>Odsetki: 123,69 z\u0142<\/li>\n<li>Prowizja: 2 z\u0142<\/li>\n<li>RRSO: 22,95%<\/li>\n<li>Ca\u0142kowita kwota do oddania: 2.125,69 z\u0142<\/li>\n<\/ul>\n<p>Mo\u017cliwo\u015b\u0107 skorzystania z bezkosztowej przerwy w sp\u0142acaniu po uregulowaniu co najmniej 2 rat albo 7-dniowe, bezp\u0142atne odroczenie p\u0142atno\u015bci, z kt\u00f3rego mo\u017cna skorzysta\u0107 raz na 3 miesi\u0105ce (tak\u017ce po sp\u0142acie co najmniej 2 rat).<\/p>\n<p>Kalkulacje przeprowadzili\u015bmy 19 wrze\u015bnia 2022 roku, korzystaj\u0105c z kalkulatora dost\u0119pnego na stronie internetowej po\u017cyczkodawcy.<\/p>\n<p>Koszt indywidualnej po\u017cyczki w Wonga mo\u017cna obni\u017cy\u0107 r\u00f3wnie\u017c, uczestnicz\u0105c w Programie Korzy\u015bci i bior\u0105c udzia\u0142 w kursach na platformie Kapitalni.org. Regulamin programu jest dost\u0119pny adresem https:\/\/www.wonga.pl\/dokumenty\/regulamin-Programu-Korzysci.<\/p>\n<h2>Warunki otrzymania po\u017cyczki w Wonga<\/h2>\n<p>Po\u017cyczki w Wonga s\u0105 udzielane na transparentnych zasadach. Najwa\u017cniejsza z nich brzmi: po\u017cyczamy \u015brodki tylko tym klientom, kt\u00f3rzy nie b\u0119d\u0105 mieli problem\u00f3w z oddaniem ich we wskazanym terminie. Ponadto osoby sk\u0142adaj\u0105ce wype\u0142niaj\u0105ce po\u017cyczkowy formularz online w tej firmie musz\u0105:<\/p>\n<ul>\n<li>Mie\u0107 uko\u0144czone 18 lat<\/li>\n<li>Posiada\u0107 wa\u017cny dow\u00f3d osobisty<\/li>\n<li>Mie\u0107 polskie obywatelstwo<\/li>\n<li>Mie\u0107 w\u0142asne konto w banku dzia\u0142aj\u0105cym w Polsce (przy czym nie mo\u017ce by\u0107 to rachunek wsp\u00f3\u0142dzielony z inn\u0105 osob\u0105 lub konto kogo\u015b innego)<\/li>\n<li>Posiada\u0107 aktywny numer telefonu kom\u00f3rkowego w sieci dzia\u0142aj\u0105cej w Polsce (b\u0119dzie niezb\u0119dny na etapie weryfikacji)<\/li>\n<li>Posiada\u0107 pe\u0142n\u0105 zdolno\u015b\u0107 do czynno\u015bci prawnych<\/li>\n<\/ul>\n<h3>Dokumenty wymagane do otrzymania po\u017cyczki<\/h3>\n<p>W firmach pozabankowych zazwyczaj nie trzeba do\u0142\u0105cza\u0107 do wniosku \u017cadnych dodatkowych dokument\u00f3w (takich jak por\u0119czenie czy za\u015bwiadczenie o zarobkach). Potrzebny jest jedynie dow\u00f3d osobisty, kt\u00f3rego numer b\u0119dzie trzeba wpisa\u0107 we wniosku po\u017cyczkowym. Wonga zastrzega sobie jednak prawo do poproszenia potencjalnego klienta o przes\u0142anie dokumentu potwierdzaj\u0105cego uzyskiwany doch\u00f3d \u2013 w takiej sytuacji pracownik Biura Obs\u0142ugi Klienta skontaktuje si\u0119 z nim telefonicznie w ci\u0105gu 24 godzin od z\u0142o\u017cenia wniosku.<\/p>\n<h3>Formy zatrudnienia<\/h3>\n<p>Podczas ubiegania si\u0119 o chwil\u00f3wk\u0119 lub po\u017cyczk\u0119 rataln\u0105 w Wonga akceptowane s\u0105 m.in. nast\u0119puj\u0105ce \u017ar\u00f3d\u0142a dochodu: umowa o prac\u0119 (zar\u00f3wno na czas okre\u015blony, jak i nieokre\u015blony), umowa zlecenie, umowa o dzie\u0142o, dzia\u0142alno\u015b\u0107 gospodarcza, gospodarstwo rolne, emerytura, renta, zasi\u0142ek przedemerytalny, najem, dzier\u017cawa, zasi\u0142ki, \u015bwiadczenia rodzinne, alimenty i stypendia.<\/p>\n<h2>Weryfikacja w bazie d\u0142u\u017cnik\u00f3w<\/h2>\n<p>Wonga bardzo sumiennie podchodzi do kwestii weryfikacji przysz\u0142ych klient\u00f3w. Wsp\u00f3\u0142pracuje w tym celu z Biurem Informacji Gospodarczej InfoMonitor (BIG InfoMonitor), Biurem Informacji Gospodarczej ERIF, Krajowym Rejestrem D\u0142ug\u00f3w (KRD), Krajowym Biurem Informacji Gospodarczej S.A. i Biurem Informacji Kredytowej (BIK). Wszystko po to, by mie\u0107 pewno\u015b\u0107, \u017ce po\u017cycza \u015brodki osobom zdolnym do terminowego sp\u0142acania zobowi\u0105za\u0144.<\/p>\n<h3>Czy Wonga udziela po\u017cyczek na raty bez sprawdzania BIK?<\/h3>\n<p>Podczas weryfikowania wniosku klienta Wonga korzysta m.in. z informacji na temat jego historii kredytowej zebranej w BIK. Odpowiedzialne po\u017cyczanie to jedna z flagowych warto\u015bci tej marki, kt\u00f3ra od lat przekonuje, \u017ce zaci\u0105ganie kolejnego d\u0142ugu na sp\u0142at\u0119 poprzedniego albo po to, by \u201emagicznie\u201d poradzi\u0107 sobie ze stale pogarszaj\u0105c\u0105 si\u0119 sytuacj\u0105 finansow\u0105 to naprawd\u0119 nienajlepsza opcja.<\/p>\n<h3>Czy Wonga udziela po\u017cyczek dla zad\u0142u\u017conych?<\/h3>\n<p>Osoba zad\u0142u\u017cona mo\u017ce otrzyma\u0107 po\u017cyczk\u0119 w Wonga pod warunkiem, \u017ce:<\/p>\n<ul>\n<li>sp\u0142aca bez op\u00f3\u017anie\u0144 aktualne zobowi\u0105zanie;<\/li>\n<li>kolejna po\u017cyczka nie b\u0119dzie wi\u0105za\u0142a si\u0119 dla niej ze zbyt du\u017cym, trudnym do uregulowania zad\u0142u\u017ceniem.<\/li>\n<\/ul>\n<p>Wonga dok\u0142adnie sprawdza informacje dotycz\u0105ce finans\u00f3w potencjalnych klient\u00f3w. Prze\u015bwietla informacje dost\u0119pne w kilku rejestrach, aby zminimalizowa\u0107 ryzyko braku terminowej sp\u0142aty, kt\u00f3ra wi\u0105\u017ce si\u0119 z negatywnymi konsekwencjami zar\u00f3wno dla firmy, jak i dla po\u017cyczkobiorcy.<\/p>\n<h3>Czy w Wonga mo\u017cna wzi\u0105\u0107 po\u017cyczk\u0119 z komornikiem?<\/h3>\n<p>Absolutnie nie jest to mo\u017cliwe. Jak wspomnieli\u015bmy wy\u017cej, firma przyk\u0142ada du\u017c\u0105 wag\u0119 do odpowiedzialnego po\u017cyczania. Kto\u015b, kto nie by\u0142 w stanie sp\u0142aca\u0107 zad\u0142u\u017cenia na tyle d\u0142ugo, \u017ce wszcz\u0119to wobec niego post\u0119powanie komornicze, na pewno nie do\u0142\u0105czy do grona jej klient\u00f3w.<\/p>\n<h2>Jak wzi\u0105\u0107 po\u017cyczk\u0119 w Wonga?<\/h2>\n<p>Stali klienci Wonga mog\u0105 wzi\u0105\u0107 po\u017cyczk\u0119 online albo telefonicznie, podczas rozmowy z konsultantem. W tym drugim przypadku wystarczy zadzwoni\u0107 pod numer 22\u202f388 88 88, 660\u202f168\u202f100 lub zam\u00f3wi\u0107 rozmow\u0119 za po\u015brednictwem strony internetowej (opcja chatu). Pracownik Wonga krok po kroku przeprowadzi klienta przez etap wype\u0142nienia wniosku i zada wszelkie niezb\u0119dne pytania.<\/p>\n<p>Osoby chc\u0105ce z\u0142o\u017cy\u0107 sw\u00f3j wniosek online, mog\u0105 zrobi\u0107 to o ka\u017cdej porze, z dowolnego urz\u0105dzenia z dost\u0119pem do internetu. Oto kolejne dzia\u0142ania, jakie b\u0119d\u0105 musia\u0142y wykona\u0107:<\/p>\n<p><strong>Krok 1 Wybierz kwot\u0119 po\u017cyczki i okres sp\u0142aty<\/strong><\/p>\n<p>Po wej\u015bciu na stron\u0119 internetow\u0105 po\u017cyczkodawcy trzeba okre\u015bli\u0107 kwot\u0119 po\u017cyczki i okres sp\u0142aty zobowi\u0105zania za pomoc\u0105 suwak\u00f3w znajduj\u0105cych si\u0119 na kalkulatorze. Po wybraniu preferowanych warto\u015bci bezpo\u015brednio pod kalkulatorem b\u0119dzie mo\u017cna zobaczy\u0107 wysoko\u015b\u0107 raty oraz inne warianty zobowi\u0105zania wraz z dodatkowymi korzy\u015bciami dost\u0119pnymi w trakcie obowi\u0105zywania umowy.<\/p>\n<p><strong>Krok 2 Utw\u00f3rz konto lub zaloguj si\u0119 do serwisu<\/strong><\/p>\n<p>Klikni\u0119cie opcji \u201eSprawd\u017a ofert\u0119\u201d widocznej na powy\u017cszym screenie automatycznie przekieruje u\u017cytkownika na stron\u0119 logowania\/rejestracji. Je\u015bli posiadasz ju\u017c konto w serwisie Wonga, wystarczy poda\u0107 adres e-mail lub numer PESEL oraz has\u0142o. Do za\u0142o\u017cenia konta niezb\u0119dne b\u0119dzie podanie e-maila i dwukrotne wpisanie w\u0142asnego has\u0142a \u2013 po raz drugi w celu jego potwierdzenia. Pozosta\u0142o jeszcze zaakceptowa\u0107 tre\u015b\u0107 Polityki Prywatno\u015bci oraz Regulaminu, zaznaczy\u0107 zgod\u0119 na otrzymywanie informacji handlowych i klikn\u0105\u0107 przycisk \u201eZarejestruj si\u0119\u201d. Gotowe!<\/p>\n<p><strong>Krok 3 Wype\u0142nij wniosek<\/strong><\/p>\n<p>Kolejny krok polega na wype\u0142nieniu wniosku internetowego zgodnie ze wskaz\u00f3wkami po\u017cyczkodawcy. B\u0119dzie trzeba poda\u0107 w nim m.in. swoje dane osobowe, teleadresowe, dane z dowodu osobistego, numer rachunku bankowego oraz \u017ar\u00f3d\u0142o dochodu.<\/p>\n<p><strong>Krok 4 Potwierd\u017a swoj\u0105 to\u017csamo\u015b\u0107<\/strong><\/p>\n<p>Po wype\u0142nieniu wniosku nale\u017cy potwierdzi\u0107 swoj\u0105 to\u017csamo\u015b\u0107. Aby to zrobi\u0107, trzeba przela\u0107 kwot\u0119 10 groszy na konto wskazane przez po\u017cyczkodawc\u0119, loguj\u0105c si\u0119 do bankowo\u015bci internetowej lub zlecaj\u0105c tradycyjny przelew z konta, kt\u00f3rego numer zosta\u0142 podany we wniosku. Tytu\u0142 przelewu musi by\u0107 nast\u0119puj\u0105cy: \u201cWeryfikacja Wonga\u201d. Weryfikacja przes\u0142anego formularza rozpocznie si\u0119, kiedy tylko przelew zostanie zaksi\u0119gowany. Je\u015bli decyzja b\u0119dzie pozytywna, \u015brodki zostan\u0105 wyp\u0142acone tu\u017c po podpisaniu umowy.<\/p>\n<h2>Sp\u0142ata po\u017cyczki w Wonga<\/h2>\n<p>To, w jaki spos\u00f3b nast\u0119puje sp\u0142ata po\u017cyczki zaci\u0105gni\u0119tej w Wonga zale\u017cy od tego, czy dotyczy po\u017cyczki kr\u00f3tkoterminowej, czy ratalnej. W przypadku zobowi\u0105zania na 30 dni sp\u0142ata nast\u0119puje jednorazowo \u2013 w postaci przelewu ca\u0142kowitej kwoty do oddania na konto po\u017cyczkodawcy. Je\u015bli natomiast mowa o po\u017cyczce ratalnej, jest ona regulowana w kilku, kilkunastu lub kilkudziesi\u0119ciu (maksymalnie 48) miesi\u0119cznych ratach, zazwyczaj o sta\u0142ej wysoko\u015bci.<\/p>\n<p>Po\u017cyczk\u0119 w Wonga mo\u017cna sp\u0142aci\u0107 na dwa sposoby:<\/p>\n<p>automatycznie, po zalogowaniu na swoje konto w serwisie po\u017cyczkodawcy (opcja \u201eSp\u0142a\u0107 za pomoc\u0105 Przelewy24\u201d w zak\u0142adce \u201eMoje podsumowania\u201d);<br \/>\nprzelewem tradycyjnym (dane do przelewu znajduj\u0105 si\u0119 w mailu potwierdzaj\u0105cym wyp\u0142at\u0119 \u015brodk\u00f3w przyznanych w ramach po\u017cyczki).<\/p>\n<h3>Czy mo\u017cliwa jest sp\u0142ata po\u017cyczki ratalnej przed terminem?<\/h3>\n<p>Data znajduj\u0105ca si\u0119 w umowie po\u017cyczkowej oznacza dzie\u0144, DO KT\u00d3REGO trzeba uregulowa\u0107 zobowi\u0105zanie. Sp\u0142ata mo\u017ce nast\u0105pi\u0107 wcze\u015bniej \u2013 w dowolnym momencie okresu obowi\u0105zywania umowy. Podobnie jest zreszt\u0105 w przypadku po\u017cyczki kr\u00f3tkoterminowej.<\/p>\n<h3>Wyd\u0142u\u017cenie terminu sp\u0142aty<\/h3>\n<p>W\u015br\u00f3d korzy\u015bci przygotowanych z my\u015bl\u0105 o klientach Wonga znajduj\u0105 si\u0119 m.in. mo\u017cliwo\u015b\u0107 odroczenia p\u0142atno\u015bci raty na 7 dni, bezkosztowa przerwa w sp\u0142acie (kt\u00f3ra spowoduje przesuni\u0119cie terminu wskazanej raty na koniec okresu trwania po\u017cyczki) lub gratisowa rata, kt\u00f3r\u0105 po\u017cyczkodawca sp\u0142aci za klienta (opcja ta jest dost\u0119pna przy po\u017cyczkach na wy\u017csze kwoty). Ka\u017cde z wymienionych rozwi\u0105za\u0144 mo\u017ce przyda\u0107 si\u0119 w sytuacji, gdy wyst\u0105pi\u0105 przej\u015bciowe problemy maj\u0105ce wp\u0142yw na terminow\u0105 sp\u0142at\u0119 zobowi\u0105zania.<\/p>\n<p>Je\u015bli jednak ma si\u0119 pewno\u015b\u0107, \u017ce k\u0142opoty finansowe nie s\u0105 chwilowe i mog\u0105 by\u0107 pocz\u0105tkiem wi\u0119kszych trudno\u015bci, najlepiej jak najszybciej skontaktowa\u0107 si\u0119 z konsultantem, poinformowa\u0107 go o tym i dopyta\u0107 o sposoby wyj\u015bcia z d\u0142ugu. Doradcy Wonga s\u0105 dost\u0119pni pod adresem mailowym kontakt@wonga.com, numerem telefonu +48 22\u202f388 88 88 (od poniedzia\u0142ku do pi\u0105tku w godz. 8:00-22:00 oraz w weekendy w godz. 9:00-17:00, z wyj\u0105tkiem dni ustawowo wolnych od pracy) oraz na chacie za po\u015brednictwem strony www wonga.pl (w wymienionych wy\u017cej godzinach pracy Biura Obs\u0142ugi Klienta).<\/p>\n<h3>Brak sp\u0142aty \u2013 co, je\u015bli po\u017cyczka nie zostanie sp\u0142acona na czas?<\/h3>\n<p>Niesp\u0142acenie po\u017cyczki kr\u00f3tkoterminowej lub ratalnej w terminie niesie ze sob\u0105 przede wszystkim konsekwencje finansowe. Do zobowi\u0105zania mog\u0105 zosta\u0107 doliczone odsetki karne za op\u00f3\u017anienie, kt\u00f3rych maksymalna warto\u015b\u0107 wynosi aktualnie 24,5% w skali roku (wylicza si\u0119 je wed\u0142ug prostego wzoru: 2x (aktualna stopa referencyjna Narodowego Banku Polskiego + 5,5%). Brak sp\u0142aty odbije si\u0119 te\u017c na historii kredytowej, a to mo\u017ce mocno utrudni\u0107 ubieganie si\u0119 o po\u017cyczki i kredyty w przysz\u0142o\u015bci. Je\u017celi d\u0142u\u017cnik i wierzyciel nie dojd\u0105 do porozumienia przez d\u0142u\u017cszy czas, sprawa mo\u017ce zako\u0144czy\u0107 si\u0119 w s\u0105dzie, a ostatecznie wymaga\u0107 interwencji komornika (co r\u00f3wnie\u017c podniesie koszt zad\u0142u\u017cenia).<\/p>\n<h3>Windykacja w Wonga<\/h3>\n<p>Kiedy staje si\u0119 jasne, \u017ce d\u0142u\u017cnik nie b\u0119dzie w stanie sp\u0142aci\u0107 po\u017cyczki kr\u00f3tkoterminowej lub ratalnej, powinien jak najszybciej powiadomi\u0107 o tym po\u017cyczkodawc\u0119 i spr\u00f3bowa\u0107 wsp\u00f3lnie z nim znale\u017a\u0107 spos\u00f3b, kt\u00f3ry pozwoli na jak najszybsze rozwi\u0105zanie sytuacji.<\/p>\n<p>Je\u017celi nie uda si\u0119 tego zrobi\u0107, spraw\u0105 zajmie si\u0119 windykator, kt\u00f3ry podejmie pr\u00f3b\u0119 odzyskania nale\u017cno\u015bci. W przypadku braku post\u0119p\u00f3w lub odmowie wsp\u00f3\u0142pracy ze strony d\u0142u\u017cnika, do s\u0105du skierowany zostanie pozew o wszcz\u0119cie post\u0119powania egzekucyjnego. Kiedy s\u0105d wyda wyrok z klauzul\u0105 wykonalno\u015bci, post\u0119powanie przejmie komornik.<\/p>\n<h2>Kolejna po\u017cyczka w Wonga<\/h2>\n<p>Czym kolejna po\u017cyczka w Wonga r\u00f3\u017cni si\u0119 od pierwszej? Przede wszystkim terminowa sp\u0142ata poprzedniego zobowi\u0105zania pozytywnie wp\u0142ywa na zdolno\u015b\u0107 kredytow\u0105 i podnosi poziom zaufania po\u017cyczkodawcy do klienta. Dzi\u0119ki temu mo\u017ce on wnioskowa\u0107 o wy\u017csze kwoty, a prawdopodobie\u0144stwo, \u017ce je otrzyma r\u00f3wnie\u017c wzrasta.<\/p>\n<p>Opr\u00f3cz tego stali klienci Wonga mog\u0105 wybra\u0107, czy wol\u0105 wnioskowa\u0107 o po\u017cyczk\u0119 przez internet, czy telefonicznie. Dodatkowo, je\u015bli przyst\u0105pili do Programu Korzy\u015bci, otrzymaj\u0105 zwrot 10 z\u0142 bezpo\u015brednio na swoje konto bankowe, kiedy wezm\u0105 kolejn\u0105 po\u017cyczk\u0119. Przys\u0142uguje ona ka\u017cdemu zarejestrowanemu u\u017cytkownikowi, kt\u00f3ry uko\u0144czy\u0142 10 kurs\u00f3w lub \u015bcie\u017cki edukacyjnej dotycz\u0105cej finans\u00f3w na platformie Kapitalni.org.<\/p>\n","protected":false},"excerpt":{"rendered":"<p>Wonga to jedna z najbardziej rozpoznawalnych firm po\u017cyczkowych. Jej historia rozpocz\u0119\u0142a si\u0119 w Wielkiej Brytanii w 2007 roku. Sze\u015b\u0107 lat [&hellip;]<\/p>\n","protected":false},"author":60,"featured_media":8688,"parent":8676,"menu_order":0,"comment_status":"closed","ping_status":"closed","template":"page_lender.php","meta":{"_acf_changed":false,"yasr_overall_rating":0,"yasr_post_is_review":"","yasr_auto_insert_disabled":"","yasr_review_type":"","footnotes":""},"class_list":["post-8686","page","type-page","status-publish","has-post-thumbnail","hentry"],"acf":[],"yoast_head":"<!-- This site is optimized with the Yoast SEO plugin v27.1.1 - https:\/\/yoast.com\/product\/yoast-seo-wordpress\/ -->\n<title>Wonga - sprawd\u017a oferty bankowe | Por\u00f3wnywarka finansowa Rankomat<\/title>\n<meta name=\"robots\" content=\"index, follow, max-snippet:-1, max-image-preview:large, max-video-preview:-1\" \/>\n<link rel=\"canonical\" href=\"https:\/\/rankomat.pl\/finanse\/chwilowki\/firma\/wonga\/\" \/>\n<meta property=\"og:locale\" content=\"pl_PL\" \/>\n<meta property=\"og:type\" content=\"article\" \/>\n<meta property=\"og:title\" content=\"Wonga - sprawd\u017a {{count_bank_65}} | Por\u00f3wnywarka finansowa Rankomat\" \/>\n<meta property=\"og:description\" content=\"Wonga to jedna z najbardziej rozpoznawalnych firm po\u017cyczkowych. Jej historia rozpocz\u0119\u0142a si\u0119 w Wielkiej Brytanii w 2007 roku. Sze\u015b\u0107 lat [&hellip;]\" \/>\n<meta property=\"og:url\" content=\"https:\/\/rankomat.pl\/finanse\/chwilowki\/firma\/wonga\/\" \/>\n<meta property=\"og:site_name\" content=\"Por\u00f3wnywarka finansowa Rankomat\" \/>\n<meta property=\"article:publisher\" content=\"https:\/\/www.facebook.com\/rankomatpl\/\" \/>\n<meta property=\"og:image\" content=\"https:\/\/rankomat.pl\/finanse\/wp-content\/uploads\/2024\/02\/wonga-logo.png\" \/>\n\t<meta property=\"og:image:width\" content=\"124\" \/>\n\t<meta property=\"og:image:height\" content=\"74\" \/>\n\t<meta property=\"og:image:type\" content=\"image\/png\" \/>\n<meta name=\"twitter:card\" content=\"summary_large_image\" \/>\n<meta name=\"twitter:site\" content=\"@rankomat\" \/>\n<meta name=\"twitter:label1\" content=\"Szacowany czas czytania\" \/>\n\t<meta name=\"twitter:data1\" content=\"12 minut\" \/>\n<script type=\"application\/ld+json\" class=\"yoast-schema-graph\">{\"@context\":\"https:\/\/schema.org\",\"@graph\":[{\"@type\":\"ImageObject\",\"inLanguage\":\"pl-PL\",\"@id\":\"https:\/\/rankomat.pl\/finanse\/chwilowki\/firma\/wonga\/#primaryimage\",\"url\":\"https:\/\/rankomat.pl\/finanse\/wp-content\/uploads\/2024\/02\/wonga-logo.png\",\"contentUrl\":\"https:\/\/rankomat.pl\/finanse\/wp-content\/uploads\/2024\/02\/wonga-logo.png\",\"width\":124,\"height\":74,\"caption\":\"wonga logo\"},{\"@type\":\"BreadcrumbList\",\"@id\":\"https:\/\/rankomat.pl\/finanse\/chwilowki\/firma\/wonga\/#breadcrumb\",\"itemListElement\":[{\"@type\":\"ListItem\",\"position\":1,\"name\":\"Finanse\",\"item\":\"https:\/\/rankomat.pl\/finanse\/\"},{\"@type\":\"ListItem\",\"position\":2,\"name\":\"Chwil\u00f3wki\",\"item\":\"https:\/\/rankomat.pl\/finanse\/chwilowki\/\"},{\"@type\":\"ListItem\",\"position\":3,\"name\":\"Listing firm po\u017cyczkowych\",\"item\":\"https:\/\/rankomat.pl\/finanse\/chwilowki\/firma\/\"},{\"@type\":\"ListItem\",\"position\":4,\"name\":\"Wonga\"}]}]}<\/script>\n<!-- \/ Yoast SEO plugin. -->","yoast_head_json":{"title":"Wonga - sprawd\u017a oferty bankowe | Por\u00f3wnywarka finansowa Rankomat","robots":{"index":"index","follow":"follow","max-snippet":"max-snippet:-1","max-image-preview":"max-image-preview:large","max-video-preview":"max-video-preview:-1"},"canonical":"https:\/\/rankomat.pl\/finanse\/chwilowki\/firma\/wonga\/","og_locale":"pl_PL","og_type":"article","og_title":"Wonga - sprawd\u017a {{count_bank_65}} | Por\u00f3wnywarka finansowa Rankomat","og_description":"Wonga to jedna z najbardziej rozpoznawalnych firm po\u017cyczkowych. Jej historia rozpocz\u0119\u0142a si\u0119 w Wielkiej Brytanii w 2007 roku. Sze\u015b\u0107 lat [&hellip;]","og_url":"https:\/\/rankomat.pl\/finanse\/chwilowki\/firma\/wonga\/","og_site_name":"Por\u00f3wnywarka finansowa Rankomat","article_publisher":"https:\/\/www.facebook.com\/rankomatpl\/","og_image":[{"width":124,"height":74,"url":"https:\/\/rankomat.pl\/finanse\/wp-content\/uploads\/2024\/02\/wonga-logo.png","type":"image\/png"}],"twitter_card":"summary_large_image","twitter_site":"@rankomat","twitter_misc":{"Szacowany czas czytania":"12 minut"},"schema":{"@context":"https:\/\/schema.org","@graph":[{"@type":"ImageObject","inLanguage":"pl-PL","@id":"https:\/\/rankomat.pl\/finanse\/chwilowki\/firma\/wonga\/#primaryimage","url":"https:\/\/rankomat.pl\/finanse\/wp-content\/uploads\/2024\/02\/wonga-logo.png","contentUrl":"https:\/\/rankomat.pl\/finanse\/wp-content\/uploads\/2024\/02\/wonga-logo.png","width":124,"height":74,"caption":"wonga logo"},{"@type":"BreadcrumbList","@id":"https:\/\/rankomat.pl\/finanse\/chwilowki\/firma\/wonga\/#breadcrumb","itemListElement":[{"@type":"ListItem","position":1,"name":"Finanse","item":"https:\/\/rankomat.pl\/finanse\/"},{"@type":"ListItem","position":2,"name":"Chwil\u00f3wki","item":"https:\/\/rankomat.pl\/finanse\/chwilowki\/"},{"@type":"ListItem","position":3,"name":"Listing firm po\u017cyczkowych","item":"https:\/\/rankomat.pl\/finanse\/chwilowki\/firma\/"},{"@type":"ListItem","position":4,"name":"Wonga"}]}]}},"yasr_visitor_votes":{"stars_attributes":{"read_only":false,"span_bottom":false},"number_of_votes":1,"sum_votes":5},"_links":{"self":[{"href":"https:\/\/rankomat.pl\/finanse\/wp-json\/wp\/v2\/pages\/8686","targetHints":{"allow":["GET"]}}],"collection":[{"href":"https:\/\/rankomat.pl\/finanse\/wp-json\/wp\/v2\/pages"}],"about":[{"href":"https:\/\/rankomat.pl\/finanse\/wp-json\/wp\/v2\/types\/page"}],"author":[{"embeddable":true,"href":"https:\/\/rankomat.pl\/finanse\/wp-json\/wp\/v2\/users\/60"}],"replies":[{"embeddable":true,"href":"https:\/\/rankomat.pl\/finanse\/wp-json\/wp\/v2\/comments?post=8686"}],"version-history":[{"count":0,"href":"https:\/\/rankomat.pl\/finanse\/wp-json\/wp\/v2\/pages\/8686\/revisions"}],"up":[{"embeddable":true,"href":"https:\/\/rankomat.pl\/finanse\/wp-json\/wp\/v2\/pages\/8676"}],"wp:featuredmedia":[{"embeddable":true,"href":"https:\/\/rankomat.pl\/finanse\/wp-json\/wp\/v2\/media\/8688"}],"wp:attachment":[{"href":"https:\/\/rankomat.pl\/finanse\/wp-json\/wp\/v2\/media?parent=8686"}],"curies":[{"name":"wp","href":"https:\/\/api.w.org\/{rel}","templated":true}]}}