{"id":8689,"date":"2024-02-14T13:26:18","date_gmt":"2024-02-14T12:26:18","guid":{"rendered":"https:\/\/rankomat.pl\/finanse\/?page_id=8689"},"modified":"2024-02-14T13:26:18","modified_gmt":"2024-02-14T12:26:18","slug":"zaplo","status":"publish","type":"page","link":"https:\/\/rankomat.pl\/finanse\/chwilowki\/firma\/zaplo\/","title":{"rendered":"ZAPLO"},"content":{"rendered":"<p><strong>Zaplo jest polsk\u0105 fili\u0105 du\u017cego mi\u0119dzynarodowego po\u017cyczkodawcy 4finance Group. Tej samej, do kt\u00f3rej nale\u017cy inny popularny po\u017cyczkodawca \u2013 Vivus. Zaplo udziela kr\u00f3tkoterminowych po\u017cyczek na kwoty do 10 000 z\u0142. Po\u017cyczki z tej firmy s\u0105 do\u015b\u0107 drogie, ale mo\u017cna je uzyska\u0107 wyj\u0105tkowo szybko. Firma szczyci si\u0119 gotowo\u015bci\u0105 do wyp\u0142acenia \u015brodk\u00f3w w ci\u0105gu 15 minut.<\/strong><\/p>\n<h2>Ile mog\u0119 po\u017cyczy\u0107 w Zaplo?<\/h2>\n<p>Zaplo oferuje niewielkie po\u017cyczki na okres kilku miesi\u0119cy. Aktualnie minimalna kwota jak\u0105 mo\u017cesz po\u017cyczy\u0107 od tej firmy to 1000 z\u0142, a maksymalna 10 000 z\u0142. Zaplo nie oferuje wi\u0119kszych po\u017cyczek dla sta\u0142ych klient\u00f3w, nie ma te\u017c oferty mikro po\u017cyczek poni\u017cej 1000 z\u0142.<\/p>\n<p>Zdecydowana wi\u0119kszo\u015b\u0107 po\u017cyczkobiorc\u00f3w i u\u017cytkownik\u00f3w portalu SowaFinansowa.pl potrzebuje w\u0142a\u015bnie kwoty z zakresu oferowanego przez Zaplo, wi\u0119c uznajemy ofert\u0119 za dobrze dopasowan\u0105 do potrzeb klient\u00f3w.<\/p>\n<p>W Zaplo po\u017cyczysz od 1000 z\u0142 do 10 000 z\u0142.<\/p>\n<h2>Na jak d\u0142ugo mog\u0119 po\u017cyczy\u0107 w Zaplo?<\/h2>\n<p>Zaplo oferuje po\u017cyczki na kilka miesi\u0119cy, przy czym w zale\u017cno\u015bci od po\u017cyczanej kwoty, okre\u015blane s\u0105 zar\u00f3wno minimalny, jak i maksymalny okres sp\u0142aty. Mo\u017ce to nie by\u0107 intuicyjne rozwi\u0105zanie dla os\u00f3b zaci\u0105gaj\u0105cych po\u017cyczk\u0119 po raz pierwszy, ale kalkulator na stronie zaplo.pl w prosty i przyst\u0119pny spos\u00f3b pozwala sprawdzi\u0107 dost\u0119pne okresy finansowania.<\/p>\n<p>Zaci\u0105gaj\u0105c minimaln\u0105 po\u017cyczk\u0119, czyli po\u017cyczaj\u0105c 1000 z\u0142, masz 3 miesi\u0105ce na jej sp\u0142at\u0119. Podobnie b\u0119dzie ze wszystkimi po\u017cyczkami poni\u017cej 3000 z\u0142.<\/p>\n<p>Je\u015bli po\u017cyczasz w Zaplo od 3000 z\u0142 do 3900 z\u0142 mo\u017cesz zdecydowa\u0107, czy chcesz sp\u0142aci\u0107 po\u017cyczk\u0119 w 3 czy 4 miesi\u0105ce.<\/p>\n<p>Po\u017cyczaj\u0105c co najmniej 4000 z\u0142, ale mniej ni\u017c 5000 z\u0142, mo\u017cesz roz\u0142o\u017cy\u0107 sp\u0142at\u0119 po\u017cyczki na 3 do 5 miesi\u0119cy.<\/p>\n<p>Je\u015bli po\u017cyczasz przynajmniej 5000 z\u0142, mo\u017cesz roz\u0142o\u017cy\u0107 sp\u0142at\u0119 na maksymalnie 6 miesi\u0119cy i jest to g\u00f3rna granica w przypadku po\u017cyczek Zaplo. Na d\u0142u\u017cej firma nie po\u017cycza pieni\u0119dzy. Co ciekawe, w niekt\u00f3rych wypadkach nie po\u017cycza te\u017c na kr\u00f3cej.<\/p>\n<p>Minimalny okres sp\u0142aty po\u017cyczek na kwoty od 7 000 do 10 000 z\u0142 wynosi 4 miesi\u0105ce. W Zaplo po\u017cyczysz pieni\u0105dze na 3 do 6 miesi\u0119cy w zale\u017cno\u015bci od po\u017cyczanej kwoty.<\/p>\n<h2>Koszty po\u017cyczki w Zaplo<\/h2>\n<p>Po\u017cyczki w Zaplo nie s\u0105 tanie, ale koszty s\u0105 bardzo \u0142atwe do sprawdzenia. Na stronie g\u0142\u00f3wnej zaplo.pl znjadziesz kalkulator, kt\u00f3ry pozwoli Ci sprawdzi\u0107 dok\u0142adne koszty po\u017cyczki w zale\u017cno\u015bci od kwoty jak\u0105 chcesz po\u017cyczy\u0107 i wybranego terminu sp\u0142aty. Jak wspomnieli\u015bmy wy\u017cej w przypadku niewielkich po\u017cyczek termin sp\u0142aty zawsze wynosi 3 miesi\u0105ce.<\/p>\n<p>Przyk\u0142adowo, je\u015bli chcesz po\u017cyczy\u0107 1000 z\u0142, to w ci\u0105gu 3 miesi\u0119cy zap\u0142acisz 1320 z\u0142 i 1 gr. Koszty wynios\u0105 wi\u0119c ponad 300 z\u0142 co jest kwot\u0105 raczej wysok\u0105.<\/p>\n<p>Podobnie b\u0119dzie w przypadku po\u017cyczania wy\u017cszych kwot. Przy 3000 z\u0142 po\u017cyczonych na 3 miesi\u0105ce, sp\u0142acisz 3960 z\u0142.<\/p>\n<p>Maksymalnie mo\u017cesz po\u017cyczy\u0107 10 000 z\u0142 na 6 miesi\u0119cy, w\u00f3wczas koszty po\u017cyczki wynios\u0105 4 160 z\u0142.<\/p>\n<p>Zaplo nie oferuje promocyjnych warunk\u00f3w takich jak pierwsza po\u017cyczka bez prowizji czy obni\u017cone oprocentowanie dla sta\u0142ych klient\u00f3w.<\/p>\n<h2>Warunki otrzymania po\u017cyczki w Zaplo<\/h2>\n<p>Zaplo udziela po\u017cyczek prosto, szybko i w spos\u00f3b mo\u017cliwie najbardziej wygodny dla klienta. Nic wi\u0119c dziwnego, \u017ce wymagania stawiane po\u017cyczkobiorcom nie s\u0105 zbyt wysokie. Je\u015bli chcesz po\u017cyczy\u0107 pieni\u0105dze od tej firmy:<\/p>\n<ul>\n<li>Zarejestruj profil klienta na stronie zaplo.pl (mo\u017cesz to zrobi\u0107 ju\u017c po okre\u015bleniu kwoty i okresu sp\u0142aty),<\/li>\n<li>Wype\u0142nij prawid\u0142owo wniosek.<\/li>\n<\/ul>\n<p>\u017beby otrzyma\u0107 po\u017cyczk\u0119 musisz mie\u0107:<\/p>\n<ul>\n<li>polskie obywatelstwo i miejsce sta\u0142ego zamieszkania w Polsce,<\/li>\n<li>wa\u017cny dow\u00f3d osobisty,<\/li>\n<li>od 21 do 75 lat,<\/li>\n<li>konto bankowe,<\/li>\n<li>adres email i telefon kom\u00f3rkowy.<\/li>\n<\/ul>\n<p>Nie mo\u017cesz te\u017c widnie\u0107 w bazach d\u0142u\u017cnik\u00f3w takich jak Biuro Informacji Kredytowej.<br \/>\nOstatnim warunkiem uzyskania po\u017cyczki jest zdolno\u015b\u0107 kredytowa wystarczaj\u0105ca do jej sp\u0142aty. Pod tym wzgl\u0119dem Zaplo nie jest jednak zbyt restrykcyjne.<\/p>\n<h3>Dokumenty wymagane do otrzymania po\u017cyczki<\/h3>\n<p>Zaplo stawia na uproszczon\u0105 i szybk\u0105 procedur\u0119 oceny wniosk\u00f3w po\u017cyczkowych, dlatego do zaci\u0105gni\u0119cia po\u017cyczki potrzebujesz przede wszystkim wa\u017cnego dowodu osobistego. Firma nie wymaga za\u0142\u0105czenia dokument\u00f3w potwierdzaj\u0105cych osi\u0105gane dochody.<\/p>\n<h3>Formy zatrudnienia<\/h3>\n<p>Ka\u017cde legalne \u017ar\u00f3d\u0142o dochod\u00f3w jest dla po\u017cyczkodawcy argumentem przemawiaj\u0105cym za udzieleniem Ci po\u017cyczki nawet na kwot\u0119 10.000 z\u0142. Nie musisz by\u0107 zatrudniony na sta\u0142e ani tym bardziej przedstawia\u0107 dokument\u00f3w, kt\u00f3re potwierdzaj\u0105 ten fakt.<\/p>\n<h2>Weryfikacja w bazie d\u0142u\u017cnik\u00f3w<\/h2>\n<p>Aktualnie wszystkie firmy po\u017cyczkowe dokonuj\u0105 przynajmniej weryfikacji w bazach d\u0142u\u017cnik\u00f3w i Zaplo nie jest tu \u017cadnym wyj\u0105tkiem. Wynika to z prostego faktu, \u017ce bazy te mo\u017cna przeszuka\u0107 w spos\u00f3b automatyczny, a wi\u0119kszo\u015b\u0107 instytucji finansowych \u015bci\u015ble wsp\u00f3\u0142pracuje z bazami takimi jak Krajowy Rejestr D\u0142ug\u00f3w i Biuro Informacji Kredytowej.<\/p>\n<p>Zaplo przypomina na swojej stronie, \u017ce zawsze sprawdza BIK przed udzieleniem po\u017cyczki, a w\u015br\u00f3d wymaga\u0144 stawia brak wykazanego tam zad\u0142u\u017cenia. Wiemy, \u017ce korzysta tak\u017ce z innych baz takich jak:<\/p>\n<ul>\n<li>Krajowy Rejestr D\u0142ug\u00f3w<\/li>\n<li>Rejestr D\u0142u\u017cnik\u00f3w ERIF<\/li>\n<li>Krajowe Biuro Informacji Gospodarczej.<\/li>\n<\/ul>\n<h3>\nCzy Zaplo udziela po\u017cyczek na raty bez sprawdzania w bazie BIK?<\/h3>\n<p>Zaplo sprawdza zad\u0142u\u017cenie w BIK i wprost informuje swoich klient\u00f3w, \u017ce nie udzieli im po\u017cyczki, je\u015bli widniej\u0105 w bazie zad\u0142u\u017conych. Nie jest to niczym nadzwyczajnym \u2013 aktualnie z bazy BIK korzystaj\u0105 wszyscy po\u017cyczkodawcy, tylko nie wszyscy przypominaj\u0105 o tym na swojej stronie www. Zaplo daje jasny komunikat, by nie wprowadza\u0107 klient\u00f3w b\u0142\u0105d.<\/p>\n<p>Bazy danych zbieraj\u0105ce d\u0142u\u017cnik\u00f3w s\u0105 wi\u0119c na pewno sprawdzane, oczywi\u015bcie w spos\u00f3b wysoce zautomatyzowany.<\/p>\n<h3>Czy Zaplo udziela po\u017cyczek dla zad\u0142u\u017conych?<\/h3>\n<p>Zaplo nie ma w swojej ofercie po\u017cyczek konsolidacyjnych i przeznaczonych na sp\u0142at\u0119 innego zad\u0142u\u017cenia. Oczywi\u015bcie prosta po\u017cyczka w Zaplo mo\u017ce by\u0107 przeznaczona na dowolny cel, ale nie otrzymasz jej, je\u015bli widniejesz w bazach d\u0142u\u017cnik\u00f3w.<\/p>\n<p>Oznacza to, \u017ce wi\u0119kszo\u015bci wypadk\u00f3w Zaplo nie udziela po\u017cyczek dla zad\u0142u\u017conych, nawet je\u015bli p\u00f3ki co sp\u0142acaj\u0105 oni swoje raty w terminie.<\/p>\n<h3>Czy w Zaplo mo\u017cna wzi\u0105\u0107 po\u017cyczk\u0119 z komornikiem?<\/h3>\n<p>Firma, kt\u00f3ra sprawdza wszystkie dost\u0119pne bazy d\u0142u\u017cnik\u00f3w raczej na pewno nie po\u017cyczy pieni\u0119dzy osobie, przeciwko kt\u00f3rej toczy si\u0119 post\u0119powanie komornicze. Je\u015bli uda\u0142o Ci si\u0119 doprowadzi\u0107 swoje finanse do sytuacji, w kt\u00f3rej Twoje konto zostaje zaj\u0119te przez komornika, kolejna po\u017cyczka nie by\u0142aby te\u017c dobrym pomys\u0142em. Za\u0142\u00f3\u017c wi\u0119c raczej, \u017ce maj\u0105c na g\u0142owie komornika, nie mo\u017cesz po\u017cycza\u0107 pieni\u0119dzy w Zaplo.<\/p>\n<h2>Jak wzi\u0105\u0107 po\u017cyczk\u0119 w Zaplo?<\/h2>\n<p>Na stronie zaplo.pl znajdziesz kalkulator, w kt\u00f3rym mo\u017cesz okre\u015bli\u0107 wysoko\u015b\u0107 kwoty jakiej potrzebujesz i w ograniczonym zakresie wybra\u0107 okres sp\u0142aty. Kalkulator od razu obliczy wszystkie koszty po\u017cyczki i wska\u017ce Ci wysoko\u015b\u0107 miesi\u0119cznej raty, b\u0119dziesz mie\u0107 wi\u0119c jasno\u015b\u0107 ile trzeba b\u0119dzie sp\u0142aci\u0107.<\/p>\n<p>Przechodz\u0105c przez kalkulator trafisz do formularza, w kt\u00f3rym wype\u0142nisz dane osobowe i zarejestrujesz sw\u00f3j profil klienta w Zaplo.pl. Je\u015bli profil zosta\u0142 utworzony wcze\u015bniej, mo\u017cesz zalogowa\u0107 si\u0119 na niego, dane we wniosku zostan\u0105 w\u00f3wczas uzupe\u0142nione na podstawie wpisanych przez Ciebie wcze\u015bniej informacji.<\/p>\n<p>Je\u015bli nie masz jeszcze konta w Zaplo.pl, musisz je za\u0142o\u017cy\u0107 by m\u00f3c wnioskowa\u0107 o po\u017cyczk\u0119.<\/p>\n<p>W formularzu:<\/p>\n<ul>\n<li>Podasz dane osobowe konieczne do sfinalizowania po\u017cyczki,<\/li>\n<li>Zadeklarujesz w jakim przedziale mieszcz\u0105 si\u0119 Twoje dochody,<\/li>\n<li>Udzielisz zg\u00f3d RODO i marketingowych,<\/li>\n<li>Zabezpieczysz swoje konto has\u0142em,<\/li>\n<li>Podasz i potwierdzisz email, na firma b\u0119dzie wysy\u0142a\u0107 do Ciebie wiadomo\u015bci.<\/li>\n<li>Po wype\u0142nieniu danych i zaakceptowaniu warunk\u00f3w umowy musisz poczeka\u0107 na weryfikacj\u0119 podanych informacji i sprawdzenie ci\u0119 przez Zaplo w bazach d\u0142u\u017cnik\u00f3w.<\/li>\n<\/ul>\n<p>Przewa\u017cnie ca\u0142y proces trwa bardzo kr\u00f3tko i je\u015bli weryfikacja b\u0119dzie pomy\u015blna, otrzymasz pieni\u0105dze na konto.<\/p>\n<h2>Sp\u0142ata po\u017cyczki w Zaplo<\/h2>\n<p>Po\u017cyczki w Zaplo to standardowe po\u017cyczki ratalne. Co miesi\u0105c dokonujesz sp\u0142aty kolejnej raty. Zaplo dysponuje kilkoma kontami w r\u00f3\u017cnych bankach, mo\u017cesz wi\u0119c sp\u0142aca\u0107 po\u017cyczk\u0119 bez dodatkowych koszt\u00f3w przelew\u00f3w, nawet je\u015bli Tw\u00f3j bank nie gwarantuje bezp\u0142atnych przelew\u00f3w mi\u0119dzybankowych<\/p>\n<p>Konta, na kt\u00f3re mo\u017cesz sp\u0142aca\u0107 raty zosta\u0142y wyszczeg\u00f3lnione na stronie zaplo.pl, aktualnie sa to:<\/p>\n<ul>\n<li>Alior Bank 07249000050000453082959691 (aliorbank.pl)<\/li>\n<li>Bank Pekao S.A. 33124062181111001057394609 (www.pekao24.pl)<\/li>\n<li>Getin Bank 13156000132543632340000001 (secure.getinbank.pl)<\/li>\n<li>mBank 21114019770000303987001001 (online.mbank.pl)<\/li>\n<li>Millennium Bank 87116022020000000259503629 (www.bankmillennium.pl)<\/li>\n<li>PKO Bank Polski 14102010260000160202354090 (www.ipko.pl)<\/li>\n<\/ul>\n<p>Wysy\u0142aj\u0105c przelew z rat\u0105 pami\u0119taj, \u017ceby prawid\u0142owo okre\u015bli\u0107 odbiorc\u0119, kt\u00f3rym b\u0119dzie:<\/p>\n<p>Soonly Finance sp. z o.o. ul. \u017bwirki i Wigury 16c, 02-092 Warszawa<\/p>\n<p>Tytu\u0142 przelewu powinien wygl\u0105da\u0107 nast\u0119puj\u0105co:<\/p>\n<p>\u201e<em>Sp\u0142ata raty po\u017cyczki nr referencyjny [wpisz nr referencyjny]\u201d<\/em><br \/>\n<em>firma dopuszcza te\u017c wersj\u0119<\/em><br \/>\n<em>\u201eSp\u0142ata po\u017cyczki nr PESEL [wpisz nr PESEL<\/em>]\u201d.<\/p>\n<p>Nie ma mo\u017cliwo\u015bci sp\u0142acania po\u017cyczki w inny spos\u00f3b.<\/p>\n<h3>Czy mo\u017cliwa jest sp\u0142ata po\u017cyczki przed terminem?<\/h3>\n<p>W Zaplo mo\u017cesz sp\u0142aci\u0107 po\u017cyczk\u0119 wcze\u015bniej ni\u017c wynika z harmonogramu sp\u0142at. Je\u015bli po prostu sp\u0142acasz raty nim minie termin, gdy stan\u0105 si\u0119 wymagalne, nie ma to wp\u0142ywu na umow\u0119. Je\u015bli jednak po\u017cyczysz pieni\u0105dze np. na 6 miesi\u0119cy, ale sp\u0142acisz ca\u0142o\u015b\u0107 ju\u017c po 3, to przys\u0142uguje Ci zwrot cz\u0119\u015bci zap\u0142aconej prowizji. Nie zap\u0142acisz te\u017c odsetek za dodatkowe 3 miesi\u0105ce.<\/p>\n<p>Przepisy o kredycie konsumenckim pozwalaj\u0105 Ci odzyska\u0107 cz\u0119\u015b\u0107 koszt\u00f3w po\u017cyczki, je\u015bli sp\u0142acasz j\u0105 przed terminem, ale musisz pami\u0119ta\u0107 o tym, by wraz z wcze\u015bniejsz\u0105 sp\u0142at\u0105 zawnioskowa\u0107 o zwrot nadp\u0142aconych koszt\u00f3w. Firmy po\u017cyczkowe, podobnie jak banki, nie zwracaj\u0105 tej kwoty, p\u00f3ki Ty jej nie za\u017c\u0105dasz.<\/p>\n<h3>Wyd\u0142u\u017cenie terminu sp\u0142aty<\/h3>\n<p>Zaplo nie oferuje po\u017cyczek konsolidacyjnych, a wyd\u0142u\u017cenie terminu sp\u0142aty nie jest sposobem tej firmy na dodatkowy zarobek.<\/p>\n<p>Je\u015bli przewidujesz, \u017ce nie mo\u017cesz sp\u0142aci\u0107 po\u017cyczki w terminie skontaktuj si\u0119 z Zaplo i poinformuj o swojej sytuacji. Jest szansa, \u017ce pozwol\u0105 Ci na wyd\u0142u\u017cenie terminu sp\u0142aty za dodatkow\u0105 op\u0142at\u0105, ale nie maj\u0105 takiego obowi\u0105zku.<\/p>\n<h3>Brak sp\u0142aty \u2013 co, je\u015bli po\u017cyczka nie zostanie sp\u0142acona na czas?<\/h3>\n<p>Zaplo bardzo szybko i aktywnie rozpoczyna proces windykacji, je\u015bli nie sp\u0142acisz po\u017cyczki na czas. W pierwszej kolejno\u015bci brak sp\u0142aty raty skutkuje oczywi\u015bcie wezwaniem do zap\u0142aty i na\u0142o\u017ceniem kary umownej. Je\u015bli to nie pomo\u017ce, firma kieruje sprawy do s\u0105du.<\/p>\n<h3>Windykacja w Zaplo<\/h3>\n<p>Og\u00f3lnie nigdy nie warto op\u00f3\u017ania\u0107 si\u0119 w sp\u0142acie po\u017cyczek, ale po\u017cyczaj\u0105c w Zaplo trzeba dba\u0107 o terminy podw\u00f3jnie. Wi\u0119kszo\u015b\u0107 z\u0142ych opinii o firmie kr\u0105\u017c\u0105cych w sieci pochodzi od nierzetelnych sp\u0142acaj\u0105cych, kt\u00f3rych zaskoczy\u0142a wysoko\u015b\u0107 kar umownych i sprawno\u015b\u0107 dzia\u0142ania windykacji Zaplo. Firma dba o swoje finanse i na prawd\u0119 bardzo szybko reaguje na ka\u017cde op\u00f3\u017anienie.<\/p>\n<h2>Kolejna po\u017cyczka w Zaplo<\/h2>\n<p>Po sp\u0142acie jednej po\u017cyczki w Zaplo, mo\u017cna zaci\u0105gn\u0105\u0107 tam kolejn\u0105 na takich samych warunkach. Po\u017cyczaj\u0105c w tej firmie pieni\u0105dze po raz kolejny nie musisz ju\u017c zak\u0142ada\u0107 profilu u\u017cytkownika, a jedynie okre\u015bli\u0107 kwot\u0119 jakiej potrzebujesz. Poza tym, warunki kredytowania nie zmieniaj\u0105 si\u0119 ani odrobin\u0119.<\/p>\n<p>Zaplo nie oferuje ani promocji dla nowych klient\u00f3w, ani dla sta\u0142ych po\u017cyczkobiorc\u00f3w. Oprocentowanie, prowizje, okresy sp\u0142aty i maksymalne kwoty, kt\u00f3re mo\u017cesz po\u017cyczy\u0107 pozostaj\u0105 te same.<\/p>\n","protected":false},"excerpt":{"rendered":"<p>Zaplo jest polsk\u0105 fili\u0105 du\u017cego mi\u0119dzynarodowego po\u017cyczkodawcy 4finance Group. Tej samej, do kt\u00f3rej nale\u017cy inny popularny po\u017cyczkodawca \u2013 Vivus. Zaplo [&hellip;]<\/p>\n","protected":false},"author":60,"featured_media":8691,"parent":8676,"menu_order":0,"comment_status":"closed","ping_status":"closed","template":"page_lender.php","meta":{"_acf_changed":false,"yasr_overall_rating":0,"yasr_post_is_review":"","yasr_auto_insert_disabled":"","yasr_review_type":"","footnotes":""},"class_list":["post-8689","page","type-page","status-publish","has-post-thumbnail","hentry"],"acf":[],"yoast_head":"<!-- This site is optimized with the Yoast SEO plugin v27.1.1 - https:\/\/yoast.com\/product\/yoast-seo-wordpress\/ -->\n<title>ZAPLO | Por\u00f3wnywarka finansowa Rankomat<\/title>\n<meta name=\"robots\" content=\"index, follow, max-snippet:-1, max-image-preview:large, max-video-preview:-1\" \/>\n<link rel=\"canonical\" href=\"https:\/\/rankomat.pl\/finanse\/chwilowki\/firma\/zaplo\/\" \/>\n<meta property=\"og:locale\" content=\"pl_PL\" \/>\n<meta property=\"og:type\" content=\"article\" \/>\n<meta property=\"og:title\" content=\"ZAPLO | Por\u00f3wnywarka finansowa Rankomat\" \/>\n<meta property=\"og:description\" content=\"Zaplo jest polsk\u0105 fili\u0105 du\u017cego mi\u0119dzynarodowego po\u017cyczkodawcy 4finance Group. Tej samej, do kt\u00f3rej nale\u017cy inny popularny po\u017cyczkodawca \u2013 Vivus. Zaplo [&hellip;]\" \/>\n<meta property=\"og:url\" content=\"https:\/\/rankomat.pl\/finanse\/chwilowki\/firma\/zaplo\/\" \/>\n<meta property=\"og:site_name\" content=\"Por\u00f3wnywarka finansowa Rankomat\" \/>\n<meta property=\"article:publisher\" content=\"https:\/\/www.facebook.com\/rankomatpl\/\" \/>\n<meta property=\"og:image\" content=\"https:\/\/rankomat.pl\/finanse\/wp-content\/uploads\/2024\/02\/zaplo-logo.png\" \/>\n\t<meta property=\"og:image:width\" content=\"250\" \/>\n\t<meta property=\"og:image:height\" content=\"75\" \/>\n\t<meta property=\"og:image:type\" content=\"image\/png\" \/>\n<meta name=\"twitter:card\" content=\"summary_large_image\" \/>\n<meta name=\"twitter:site\" content=\"@rankomat\" \/>\n<meta name=\"twitter:label1\" content=\"Szacowany czas czytania\" \/>\n\t<meta name=\"twitter:data1\" content=\"10 minut\" \/>\n<script type=\"application\/ld+json\" class=\"yoast-schema-graph\">{\"@context\":\"https:\/\/schema.org\",\"@graph\":[{\"@type\":\"ImageObject\",\"inLanguage\":\"pl-PL\",\"@id\":\"https:\/\/rankomat.pl\/finanse\/chwilowki\/firma\/zaplo\/#primaryimage\",\"url\":\"https:\/\/rankomat.pl\/finanse\/wp-content\/uploads\/2024\/02\/zaplo-logo.png\",\"contentUrl\":\"https:\/\/rankomat.pl\/finanse\/wp-content\/uploads\/2024\/02\/zaplo-logo.png\",\"width\":250,\"height\":75,\"caption\":\"zaplo logo\"},{\"@type\":\"BreadcrumbList\",\"@id\":\"https:\/\/rankomat.pl\/finanse\/chwilowki\/firma\/zaplo\/#breadcrumb\",\"itemListElement\":[{\"@type\":\"ListItem\",\"position\":1,\"name\":\"Finanse\",\"item\":\"https:\/\/rankomat.pl\/finanse\/\"},{\"@type\":\"ListItem\",\"position\":2,\"name\":\"Chwil\u00f3wki\",\"item\":\"https:\/\/rankomat.pl\/finanse\/chwilowki\/\"},{\"@type\":\"ListItem\",\"position\":3,\"name\":\"Listing firm po\u017cyczkowych\",\"item\":\"https:\/\/rankomat.pl\/finanse\/chwilowki\/firma\/\"},{\"@type\":\"ListItem\",\"position\":4,\"name\":\"ZAPLO\"}]}]}<\/script>\n<!-- \/ Yoast SEO plugin. -->","yoast_head_json":{"title":"ZAPLO | Por\u00f3wnywarka finansowa Rankomat","robots":{"index":"index","follow":"follow","max-snippet":"max-snippet:-1","max-image-preview":"max-image-preview:large","max-video-preview":"max-video-preview:-1"},"canonical":"https:\/\/rankomat.pl\/finanse\/chwilowki\/firma\/zaplo\/","og_locale":"pl_PL","og_type":"article","og_title":"ZAPLO | Por\u00f3wnywarka finansowa Rankomat","og_description":"Zaplo jest polsk\u0105 fili\u0105 du\u017cego mi\u0119dzynarodowego po\u017cyczkodawcy 4finance Group. Tej samej, do kt\u00f3rej nale\u017cy inny popularny po\u017cyczkodawca \u2013 Vivus. Zaplo [&hellip;]","og_url":"https:\/\/rankomat.pl\/finanse\/chwilowki\/firma\/zaplo\/","og_site_name":"Por\u00f3wnywarka finansowa Rankomat","article_publisher":"https:\/\/www.facebook.com\/rankomatpl\/","og_image":[{"width":250,"height":75,"url":"https:\/\/rankomat.pl\/finanse\/wp-content\/uploads\/2024\/02\/zaplo-logo.png","type":"image\/png"}],"twitter_card":"summary_large_image","twitter_site":"@rankomat","twitter_misc":{"Szacowany czas czytania":"10 minut"},"schema":{"@context":"https:\/\/schema.org","@graph":[{"@type":"ImageObject","inLanguage":"pl-PL","@id":"https:\/\/rankomat.pl\/finanse\/chwilowki\/firma\/zaplo\/#primaryimage","url":"https:\/\/rankomat.pl\/finanse\/wp-content\/uploads\/2024\/02\/zaplo-logo.png","contentUrl":"https:\/\/rankomat.pl\/finanse\/wp-content\/uploads\/2024\/02\/zaplo-logo.png","width":250,"height":75,"caption":"zaplo logo"},{"@type":"BreadcrumbList","@id":"https:\/\/rankomat.pl\/finanse\/chwilowki\/firma\/zaplo\/#breadcrumb","itemListElement":[{"@type":"ListItem","position":1,"name":"Finanse","item":"https:\/\/rankomat.pl\/finanse\/"},{"@type":"ListItem","position":2,"name":"Chwil\u00f3wki","item":"https:\/\/rankomat.pl\/finanse\/chwilowki\/"},{"@type":"ListItem","position":3,"name":"Listing firm po\u017cyczkowych","item":"https:\/\/rankomat.pl\/finanse\/chwilowki\/firma\/"},{"@type":"ListItem","position":4,"name":"ZAPLO"}]}]}},"yasr_visitor_votes":{"stars_attributes":{"read_only":false,"span_bottom":false},"number_of_votes":20,"sum_votes":96},"_links":{"self":[{"href":"https:\/\/rankomat.pl\/finanse\/wp-json\/wp\/v2\/pages\/8689","targetHints":{"allow":["GET"]}}],"collection":[{"href":"https:\/\/rankomat.pl\/finanse\/wp-json\/wp\/v2\/pages"}],"about":[{"href":"https:\/\/rankomat.pl\/finanse\/wp-json\/wp\/v2\/types\/page"}],"author":[{"embeddable":true,"href":"https:\/\/rankomat.pl\/finanse\/wp-json\/wp\/v2\/users\/60"}],"replies":[{"embeddable":true,"href":"https:\/\/rankomat.pl\/finanse\/wp-json\/wp\/v2\/comments?post=8689"}],"version-history":[{"count":0,"href":"https:\/\/rankomat.pl\/finanse\/wp-json\/wp\/v2\/pages\/8689\/revisions"}],"up":[{"embeddable":true,"href":"https:\/\/rankomat.pl\/finanse\/wp-json\/wp\/v2\/pages\/8676"}],"wp:featuredmedia":[{"embeddable":true,"href":"https:\/\/rankomat.pl\/finanse\/wp-json\/wp\/v2\/media\/8691"}],"wp:attachment":[{"href":"https:\/\/rankomat.pl\/finanse\/wp-json\/wp\/v2\/media?parent=8689"}],"curies":[{"name":"wp","href":"https:\/\/api.w.org\/{rel}","templated":true}]}}