{"id":869,"date":"2017-02-23T08:53:37","date_gmt":"2017-02-23T07:53:37","guid":{"rendered":"http:\/\/finanse.rankomat.pl\/banki\/inteligo\/"},"modified":"2025-07-10T11:54:08","modified_gmt":"2025-07-10T09:54:08","slug":"inteligo","status":"publish","type":"page","link":"https:\/\/rankomat.pl\/finanse\/banki\/inteligo\/","title":{"rendered":"Inteligo"},"content":{"rendered":"<p><a class=\"button btn-success\" href=\"https:\/\/rankomat.pl\/finanse\/lokaty\/\">Lokaty \u00bb<\/a> <a class=\"button btn-success\" href=\"https:\/\/rankomat.pl\/finanse\/poradniki\/zalozyc-konto-osobiste-30-bankow\/#inteligo\">Jak za\u0142o\u017cy\u0107 konto \u00bb<\/a> <a class=\"button btn-success\" href=\"https:\/\/rankomat.pl\/finanse\/poradniki\/zamknac-konto-osobiste-30-bankow\/#inteligo\">Jak zamkn\u0105\u0107 konto \u00bb<\/a><\/p>\n<p><b><img loading=\"lazy\" decoding=\"async\" class=\"size-full wp-image-1207\" style=\"float: left\" src=\"https:\/\/rankomat.pl\/finanse\/wp-content\/uploads\/thumbs\/entry\/2017\/05\/inteligo.png\" alt=\"vw bank logo\" width=\"170\" height=\"70\" data-interchange=\"[https:\/\/rankomat.pl\/finanse\/wp-content\/uploads\/thumbs\/entry\/mobile\/2017\/05\/inteligo.png, small], [https:\/\/rankomat.pl\/finanse\/wp-content\/uploads\/thumbs\/entry\/2017\/05\/inteligo.png, medium]\" aria-hidden=\"true\"><\/b><\/p>\n<p style=\"text-align: justify\">Bank Inteligo pojawi\u0142 si\u0119 na rynku <strong>w maju 2001 roku<\/strong>. Nowy gracz w przeci\u0105gu pierwszego roku dzia\u0142alno\u015bci zdoby\u0142 100 000 klient\u00f3w oraz zebra\u0142 z rynku depozyty o <strong>warto\u015bci 100 mln z\u0142otych<\/strong>. Okaza\u0142o si\u0119, \u017ce bank idealnie trafi\u0142 w oczekiwania klient\u00f3w ceni\u0105cych zalety bankowo\u015bci elektronicznej. Rok p\u00f3\u017aniej Inteligo sta\u0142o si\u0119 <strong>cz\u0119\u015bci\u0105 PKO Banku Polskiego<\/strong>. Instytucja opiera swoj\u0105 dzia\u0142alno\u015b\u0107 o innowacyjne rozwi\u0105zania online oraz przyjazne procedury. Wed\u0142ug banku codzienne zarz\u0105dzanie prywatnym bud\u017cetem ma by\u0107 <strong>wygodne i bezpieczne<\/strong>. Inteligo by\u0142o ju\u017c wielokrotnie doceniane, otrzymuj\u0105c m.in. <strong>trzy razy z rz\u0119du nagrod\u0119<\/strong> \u201cPrzyjaznego Banku Newsweeka\u201d.<\/p>\n<h2><b>Oferta dla klient\u00f3w indywidualnych<\/b><\/h2>\n<p style=\"text-align: justify\"><span style=\"font-weight: 400\">Oferta Banku Inteligo skierowana jest <strong>do klient\u00f3w indywidualnych<\/strong>, jak i os\u00f3b prowadz\u0105cych dzia\u0142alno\u015b\u0107 gospodarcz\u0105. Wszystkie, proponowane przez bank<strong> rozwi\u0105zania dost\u0119pne s\u0105 online<\/strong>. Dla klient\u00f3w prywatnych bank przygotowa\u0142 bogat\u0105 ofert\u0119 kont osobistych, rachunek oszcz\u0119dno\u015bciowy, karty p\u0142atnicze i kredytowe, standardowe lokaty terminowe i <strong>zaawansowane produkty inwestycyjne<\/strong>. Inteligo to tak\u017ce nowoczesna aplikacja mobilna IKO, \u0142atwo dost\u0119pne kredyty na bie\u017c\u0105ce wydatki oraz kredyt hipoteczny. W ofercie znale\u017a\u0107 mo\u017cna r\u00f3wnie\u017c <strong>ubezpieczenia maj\u0105tkowe i turystyczne.<\/strong><br \/>\n<\/span><\/p>\n<h2 style=\"text-align: justify\"><b>Godziny ksi\u0119gowania przelew\u00f3w<\/b><\/h2>\n<p style=\"text-align: justify\"><span style=\"font-weight: 400\">Za krajowe przelewy Elixir, realizowane online, Bank Inteligo <strong>nie pobiera \u017cadnych op\u0142at<\/strong>. Niestety w ofercie nie znajdziemy przelew\u00f3w natychmiastowych, ani przelew\u00f3w wysokokwotowych realizowanych za<strong> po\u015brednictwem systemu SORBNET<\/strong>. Sesje Elixir w Inteligo odbywaj\u0105 si\u0119 w godzinach zaprezentowanych w poni\u017cszej tabeli:<br \/>\n<\/span><\/p>\n<table class=\"table table-bordered\">\n<tbody>\n<tr>\n<td><strong>Rodzaj sesji<\/strong><\/td>\n<td class=\"text-center\" colspan=\"3\"><strong>Godziny sesji<\/strong><\/td>\n<\/tr>\n<tr>\n<td>Sesje wychodz\u0105ce<\/td>\n<td class=\"text-center\">06:00<\/td>\n<td class=\"text-center\">11:45<\/td>\n<td class=\"text-center\">14:30<\/td>\n<\/tr>\n<tr>\n<td>Sesje przychodz\u0105ce<\/td>\n<td class=\"text-center\">11:30<\/td>\n<td class=\"text-center\">15:10<\/td>\n<td class=\"text-center\">17:30<\/td>\n<\/tr>\n<\/tbody>\n<\/table>\n<p style=\"text-align: justify\"><span style=\"font-weight: 400\">Osoby dokonuj\u0105ce <strong>transfer\u00f3w w EUR na obszarze Unii Europejskiej<\/strong> skorzysta\u0107 mog\u0105 z przelew\u00f3w SEPA. Przelewy zagraniczne wymagaj\u0105 pos\u0142ugiwania si\u0119 kodem SWIFT, kt\u00f3ry nazywany jest cz\u0119sto <strong>kodem BIC<\/strong>. Kody SWIFT Inteligo i PKO Banku Polskiego s\u0105 takie same.<\/span><\/p>\n<p><span style=\"font-weight: 400\">Kod BIC\/SWIFT Banku Inteligo:<\/span><strong> BPKOPLPW<\/strong><\/p>\n<h2><b>Dla poszukuj\u0105cych konta osobistego<\/b><\/h2>\n<p style=\"text-align: justify\"><span style=\"font-weight: 400\"><strong>Rachunki oszcz\u0119dno\u015bciowo-rozliczeniowe<\/strong> Inteligo oferowane s\u0105 w wariancie indywidualnym i wsp\u00f3lnym. Konto indywidualne zach\u0119ca <strong>brakiem op\u0142aty za prowadzenie<\/strong> oraz darmowymi wyp\u0142atami z ponad 4 700 bankomat\u00f3w sieci PKO Banku Polskiego i BZ WBK. Konto wsp\u00f3lne posiada te same zalety, wzbogacone o mo\u017cliwo\u015b\u0107 <strong>stworzenia wsp\u00f3lnego portfela<\/strong>, nawet dla trzech, niekoniecznie spokrewnionych ze sob\u0105 os\u00f3b. Inteligo oferuje r\u00f3wnie\u017c tak\u017ce konto dla dziecka &#8211; PKO Junior. Rozwi\u0105zanie to \u0142\u0105czy <strong>atrakcyjnie oprocentowany rachunek<\/strong> z pe\u0142n\u0105 kontrol\u0105 rodzicielsk\u0105.<br \/>\n<\/span><\/p>\n<p style=\"text-align: center\"><a class=\"btn btn-success\" href=\"https:\/\/rankomat.pl\/finanse\/konta\/konta-bankowe\/\">Zobacz ranking kont osobistych<\/a><\/p>\n<h2><b>Dla p\u0142ac\u0105cych kart\u0105<\/b><\/h2>\n<p style=\"text-align: justify\"><span style=\"font-weight: 400\">Decyduj\u0105c si\u0119 na <strong>kart\u0119 do konta osobistego<\/strong>, wybiera\u0107 mo\u017cna pomi\u0119dzy: kart\u0105 debetow\u0105 <strong>MasterCard PayPass<\/strong> oraz kart\u0105 debetow\u0105 <strong>Visa Elektron i Visa payWave<\/strong>. Ta ostatnia wyst\u0119puje r\u00f3wnie\u017c w postaci Visa payWave \u201eDobro procentuje\u201d, dzi\u0119ki kt\u00f3rej cz\u0119\u015b\u0107 <strong>dochod\u00f3w z transakcji bezgot\u00f3wkowych<\/strong> wspiera wybran\u0105 inicjatyw\u0119 dobroczynn\u0105. W ofercie Inteligo znalaz\u0142y si\u0119 tak\u017ce karty kredytowe Visa payWave i MasterCard PayPass, pozwalaj\u0105ce na p\u0142atno\u015bci internetowe i telefoniczne, a tak\u017ce na wnioskowanie o<strong> limit w kwocie do 50 000 z\u0142.<\/strong><br \/>\n<\/span><\/p>\n<h2><b>Dla pomna\u017caj\u0105cych oszcz\u0119dno\u015bci<\/b><\/h2>\n<p style=\"text-align: justify\"><span style=\"font-weight: 400\">Osoby dysponuj\u0105ce <strong>wolnymi \u015brodkami finansowymi,<\/strong> powinny zapozna\u0107 si\u0119 ofert\u0105 depozytow\u0105 Inteligo. Opr\u00f3cz lokaty dost\u0119pnej wy\u0142\u0105cznie z poziomu aplikacji mobilnej, skorzysta\u0107 mo\u017cna r\u00f3wnie\u017c z <strong>depozytu o oprocentowaniu progresywnym<\/strong>, a tak\u017ce zarabia\u0107 na lokacie z <strong>miesi\u0119czn\u0105 kapitalizacj\u0105 odsetek<\/strong>. Klienci ceni\u0105cy sobie wysoki poziom bezpiecze\u0144stwa, skorzysta\u0107 mog\u0105 tak\u017ce z darmowego rachunku oszcz\u0119dno\u015bciowego. Dla entuzjast\u00f3w wy\u017cszych zysk\u00f3w, ale i <strong>podwy\u017cszonego ryzyka<\/strong>, przygotowano szeroki wachlarz rozwi\u0105za\u0144 &#8211; od funduszy inwestycyjnych po indywidualny rachunek maklerski.<br \/>\n<\/span><\/p>\n<p style=\"text-align: justify\"><\/p>\n<p style=\"text-align: center\"><a class=\"btn btn-success\" href=\"https:\/\/rankomat.pl\/finanse\/banki\/inteligo\/lokaty\/\">Sprawd\u017a lokaty Inteligo<\/a><\/p>\n<h2><b>Dla oczekuj\u0105cych finansowania<\/b><\/h2>\n<p style=\"text-align: justify\"><span style=\"font-weight: 400\">Dla klient\u00f3w planuj\u0105cych zaci\u0105gn\u0105\u0107 zobowi\u0105zanie <strong>na realizacj\u0119 dowolnych potrzeb<\/strong>, przygotowane zosta\u0142y dwa warte uwagi rozwi\u0105zania. Pierwsze to \u0142atwo dost\u0119pny debet w rachunku bie\u017c\u0105cym w maksymalnej kwocie do 2 000 z\u0142. Drugie to kredyt odnawialny pozwalaj\u0105cy na <strong>zaci\u0105gni\u0119cie zobowi\u0105zania si\u0119gaj\u0105cego nawet 60 000 z\u0142<\/strong>. W ofercie Inteligo znalaz\u0142y si\u0119 tak\u017ce karty kredytowe organizacji MasterCard i Visa, a tak\u017ce kredyt hipoteczny <strong>pozwalaj\u0105cy sfinansowa\u0107 zakup mieszkania lub domu<\/strong>. Oczywi\u015bcie we wszystkich przypadkach wymagana jest weryfikacja klienta przez bank, s\u0142u\u017c\u0105ca w\u0142a\u015bciwej ocenie zdolno\u015bci do obs\u0142ugi potencjalnego zad\u0142u\u017cenia.<br \/>\n<\/span><\/p>\n<p style=\"text-align: center\"><a class=\"btn btn-success\" href=\"https:\/\/rankomat.pl\/finanse\/kredyty-gotowkowe\/\">Sprawd\u017a oferty kredyt\u00f3w<\/a><\/p>\n<h2 style=\"text-align: justify\"><b>Inteligo &#8211; kontakt<\/b><\/h2>\n<p><span style=\"font-weight: 400\">Adres centrali: Wsp\u00f3lna 47\/49, 00-684 Warszawa <\/span><\/p>\n<p><span style=\"font-weight: 400\">Infolinia: 800 121 121 (numer dla dzwoni\u0105cych w kraju), +48 81 535 67 89 (po\u0142\u0105czenie z telefon\u00f3w<\/span><\/p>\n<p><span style=\"font-weight: 400\">kom\u00f3rkowych i z zagranicy)<\/span><\/p>\n<p><span style=\"font-weight: 400\">Email: info@inteligo.pl<\/span><\/p>\n<p><span style=\"font-weight: 400\">Adres strony kontaktowej: https:\/\/inteligo.pl\/kontakt<\/span><\/p>\n","protected":false},"excerpt":{"rendered":"<p>Lokaty \u00bb Jak za\u0142o\u017cy\u0107 konto \u00bb Jak zamkn\u0105\u0107 konto \u00bb Bank Inteligo pojawi\u0142 si\u0119 na rynku w maju 2001 roku. [&hellip;]<\/p>\n","protected":false},"author":12,"featured_media":0,"parent":11004,"menu_order":0,"comment_status":"closed","ping_status":"closed","template":"page_bank.php","meta":{"_acf_changed":false,"yasr_overall_rating":0,"yasr_post_is_review":"","yasr_auto_insert_disabled":"","yasr_review_type":"","footnotes":""},"class_list":["post-869","page","type-page","status-publish","hentry"],"acf":[],"yoast_head":"<!-- This site is optimized with the Yoast SEO plugin v27.1.1 - https:\/\/yoast.com\/product\/yoast-seo-wordpress\/ -->\n<title>Inteligo - Por\u00f3wnaj z 12 innymi bankami | Finanse.rankomat.pl<\/title>\n<meta name=\"robots\" content=\"index, follow, max-snippet:-1, max-image-preview:large, max-video-preview:-1\" \/>\n<link rel=\"canonical\" href=\"https:\/\/rankomat.pl\/finanse\/banki\/inteligo\/\" \/>\n<meta property=\"og:locale\" content=\"pl_PL\" \/>\n<meta property=\"og:type\" content=\"article\" \/>\n<meta property=\"og:title\" content=\"Inteligo - Por\u00f3wnaj z 12 innymi bankami | Finanse.rankomat.pl\" \/>\n<meta property=\"og:description\" content=\"Lokaty \u00bb Jak za\u0142o\u017cy\u0107 konto \u00bb Jak zamkn\u0105\u0107 konto \u00bb Bank Inteligo pojawi\u0142 si\u0119 na rynku w maju 2001 roku. [&hellip;]\" \/>\n<meta property=\"og:url\" content=\"https:\/\/rankomat.pl\/finanse\/banki\/inteligo\/\" \/>\n<meta property=\"og:site_name\" content=\"Por\u00f3wnywarka finansowa Rankomat\" \/>\n<meta property=\"article:publisher\" content=\"https:\/\/www.facebook.com\/rankomatpl\/\" \/>\n<meta property=\"article:modified_time\" content=\"2025-07-10T09:54:08+00:00\" \/>\n<meta property=\"og:image\" content=\"https:\/\/rankomat.pl\/finanse\/wp-content\/uploads\/2017\/02\/alior-bank.png\" \/>\n\t<meta property=\"og:image:width\" content=\"170\" \/>\n\t<meta property=\"og:image:height\" content=\"70\" \/>\n\t<meta property=\"og:image:type\" content=\"image\/png\" \/>\n<meta name=\"twitter:card\" content=\"summary_large_image\" \/>\n<meta name=\"twitter:site\" content=\"@rankomat\" \/>\n<meta name=\"twitter:label1\" content=\"Szacowany czas czytania\" \/>\n\t<meta name=\"twitter:data1\" content=\"4 minuty\" \/>\n<script type=\"application\/ld+json\" class=\"yoast-schema-graph\">{\"@context\":\"https:\/\/schema.org\",\"@graph\":[{\"@type\":\"ImageObject\",\"inLanguage\":\"pl-PL\",\"@id\":\"https:\/\/rankomat.pl\/finanse\/banki\/inteligo\/#primaryimage\",\"url\":\"https:\/\/rankomat.pl\/finanse\/wp-content\/uploads\/2017\/02\/alior-bank.png\",\"contentUrl\":\"https:\/\/rankomat.pl\/finanse\/wp-content\/uploads\/2017\/02\/alior-bank.png\",\"width\":170,\"height\":70,\"caption\":\"alior bank logo\"},{\"@type\":\"BreadcrumbList\",\"@id\":\"https:\/\/rankomat.pl\/finanse\/banki\/inteligo\/#breadcrumb\",\"itemListElement\":[{\"@type\":\"ListItem\",\"position\":1,\"name\":\"Finanse\",\"item\":\"https:\/\/rankomat.pl\/finanse\/\"},{\"@type\":\"ListItem\",\"position\":2,\"name\":\"Banki\",\"item\":\"https:\/\/rankomat.pl\/finanse\/banki\/\"},{\"@type\":\"ListItem\",\"position\":3,\"name\":\"Inteligo\"}]}]}<\/script>\n<!-- \/ Yoast SEO plugin. -->","yoast_head_json":{"title":"Inteligo - Por\u00f3wnaj z 12 innymi bankami | Finanse.rankomat.pl","robots":{"index":"index","follow":"follow","max-snippet":"max-snippet:-1","max-image-preview":"max-image-preview:large","max-video-preview":"max-video-preview:-1"},"canonical":"https:\/\/rankomat.pl\/finanse\/banki\/inteligo\/","og_locale":"pl_PL","og_type":"article","og_title":"Inteligo - Por\u00f3wnaj z 12 innymi bankami | Finanse.rankomat.pl","og_description":"Lokaty \u00bb Jak za\u0142o\u017cy\u0107 konto \u00bb Jak zamkn\u0105\u0107 konto \u00bb Bank Inteligo pojawi\u0142 si\u0119 na rynku w maju 2001 roku. [&hellip;]","og_url":"https:\/\/rankomat.pl\/finanse\/banki\/inteligo\/","og_site_name":"Por\u00f3wnywarka finansowa Rankomat","article_publisher":"https:\/\/www.facebook.com\/rankomatpl\/","article_modified_time":"2025-07-10T09:54:08+00:00","og_image":[{"width":170,"height":70,"url":"https:\/\/rankomat.pl\/finanse\/wp-content\/uploads\/2017\/02\/alior-bank.png","type":"image\/png"}],"twitter_card":"summary_large_image","twitter_site":"@rankomat","twitter_misc":{"Szacowany czas czytania":"4 minuty"},"schema":{"@context":"https:\/\/schema.org","@graph":[{"@type":"ImageObject","inLanguage":"pl-PL","@id":"https:\/\/rankomat.pl\/finanse\/banki\/inteligo\/#primaryimage","url":"https:\/\/rankomat.pl\/finanse\/wp-content\/uploads\/2017\/02\/alior-bank.png","contentUrl":"https:\/\/rankomat.pl\/finanse\/wp-content\/uploads\/2017\/02\/alior-bank.png","width":170,"height":70,"caption":"alior bank logo"},{"@type":"BreadcrumbList","@id":"https:\/\/rankomat.pl\/finanse\/banki\/inteligo\/#breadcrumb","itemListElement":[{"@type":"ListItem","position":1,"name":"Finanse","item":"https:\/\/rankomat.pl\/finanse\/"},{"@type":"ListItem","position":2,"name":"Banki","item":"https:\/\/rankomat.pl\/finanse\/banki\/"},{"@type":"ListItem","position":3,"name":"Inteligo"}]}]}},"yasr_visitor_votes":{"stars_attributes":{"read_only":false,"span_bottom":false},"number_of_votes":37,"sum_votes":185},"_links":{"self":[{"href":"https:\/\/rankomat.pl\/finanse\/wp-json\/wp\/v2\/pages\/869","targetHints":{"allow":["GET"]}}],"collection":[{"href":"https:\/\/rankomat.pl\/finanse\/wp-json\/wp\/v2\/pages"}],"about":[{"href":"https:\/\/rankomat.pl\/finanse\/wp-json\/wp\/v2\/types\/page"}],"author":[{"embeddable":true,"href":"https:\/\/rankomat.pl\/finanse\/wp-json\/wp\/v2\/users\/12"}],"replies":[{"embeddable":true,"href":"https:\/\/rankomat.pl\/finanse\/wp-json\/wp\/v2\/comments?post=869"}],"version-history":[{"count":0,"href":"https:\/\/rankomat.pl\/finanse\/wp-json\/wp\/v2\/pages\/869\/revisions"}],"up":[{"embeddable":true,"href":"https:\/\/rankomat.pl\/finanse\/wp-json\/wp\/v2\/pages\/11004"}],"wp:attachment":[{"href":"https:\/\/rankomat.pl\/finanse\/wp-json\/wp\/v2\/media?parent=869"}],"curies":[{"name":"wp","href":"https:\/\/api.w.org\/{rel}","templated":true}]}}