{"id":8692,"date":"2024-02-14T13:26:17","date_gmt":"2024-02-14T12:26:17","guid":{"rendered":"https:\/\/rankomat.pl\/finanse\/?page_id=8692"},"modified":"2024-02-14T13:26:17","modified_gmt":"2024-02-14T12:26:17","slug":"smart-pozyczka","status":"publish","type":"page","link":"https:\/\/rankomat.pl\/finanse\/chwilowki\/firma\/smart-pozyczka\/","title":{"rendered":"Smart Po\u017cyczka"},"content":{"rendered":"<p><strong>Smart Po\u017cyczka dzia\u0142a na polskim rynku instytucji pozabankowych ju\u017c od ponad 8 lat. Od pocz\u0105tku koncentruje si\u0119 przede wszystkim na uatrakcyjnianiu swojej oferty (m.in. poprzez organizowanie promocji i oferowanie rabat\u00f3w), upraszczaniu sk\u0142adania wniosk\u00f3w po\u017cyczkowych przez internet i jak najszybszym ich rozpatrywaniu oraz zapewnieniu obs\u0142ugi klienta na najwy\u017cszym poziomie.<\/strong><\/p>\n<p>W ofercie tego po\u017cyczkodawcy mo\u017cna znale\u017a\u0107 po\u017cyczki na ni\u017csze kwoty (ju\u017c od 200 z\u0142), ale na pewno zwr\u00f3ci ona uwag\u0119 r\u00f3wnie\u017c tych klient\u00f3w, kt\u00f3rzy chcieliby po\u017cyczy\u0107 sporo wi\u0119cej (np. kilkana\u015bcie tysi\u0119cy z\u0142otych). Ka\u017cda z nich to klasyczna chwil\u00f3wka z kr\u00f3tkim terminem sp\u0142aty, dost\u0119pna niemal od r\u0119ki i w 100% online.<\/p>\n<p>Firma wsp\u00f3\u0142pracuje z platform\u0105 wymiany informacji po\u017cyczkowej Credit Check. Oznacza to, \u017ce \u2013 za zgod\u0105 klienta \u2013 udost\u0119pnia innym firmom z sektora bankowego, kt\u00f3re r\u00f3wnie\u017c nale\u017c\u0105 do tej inicjatywy, informacje dotycz\u0105ce jego historii po\u017cyczkowej.<\/p>\n<h2>Ile mog\u0119 po\u017cyczy\u0107 w Smart Po\u017cyczka?<\/h2>\n<p>Wszystko zale\u017cy od tego, czy to pierwsza, czy kolejna po\u017cyczka wnioskodawcy.<\/p>\n<ul>\n<li>Nowym klientom przys\u0142uguje maksymalnie 5.000 z\u0142.<\/li>\n<li>Powracaj\u0105cy klienci mog\u0105 liczy\u0107 nawet na 15.000 z\u0142.<\/li>\n<\/ul>\n<p>Mo\u017ce te\u017c zdarzy\u0107 si\u0119, \u017ce po z\u0142o\u017ceniu wniosku po\u017cyczkodawca zaproponuje klientowi kwot\u0119 wy\u017csz\u0105 ni\u017c ta, o kt\u00f3r\u0105 ten pierwotnie wnioskowa\u0142. Takie zwi\u0119kszenie limitu w Smart Po\u017cyczka nazywa si\u0119 \u201edo\u0142adowaniem po\u017cyczki\u201d. Mo\u017cna skorzysta\u0107 z niego do po\u0142owy czasu obowi\u0105zywania umowy po\u017cyczkowej zawartej na kwot\u0119 ni\u017csz\u0105 ni\u017c zaproponowana. Informacja o wysoko\u015bci \u201edo\u0142adowania\u201d jest dost\u0119pna po zalogowaniu na Profil Klienta.<\/p>\n<h2>Na jak d\u0142ugo mog\u0119 po\u017cyczy\u0107 w Smart Po\u017cyczka?<\/h2>\n<p>Po\u017cyczkodawca proponuje kilka dost\u0119pnych termin\u00f3w sp\u0142aty zobowi\u0105zania. Mo\u017cna samemu zdecydowa\u0107, czy chce si\u0119 odda\u0107 \u015brodki za 10, 15, 20, 25, czy za 30 dni.<\/p>\n<p>W Smart Po\u017cyczka dost\u0119pna jest te\u017c opcja refinansowania zobowi\u0105zania umo\u017cliwiaj\u0105ca przed\u0142u\u017cenie terminu sp\u0142aty w razie potrzeby. Wi\u0119cej informacji na ten temat mo\u017cna znale\u017a\u0107 po zalogowaniu na Profil Klienta w zak\u0142adce \u201eRefinansowanie\u201d.<\/p>\n<h2>Jakie s\u0105 koszty po\u017cyczki w Smart Po\u017cyczka?<\/h2>\n<p>Zdecydowanie najatrakcyjniejsza propozycja jest skierowana do nowych klient\u00f3w. Mog\u0105 oni po\u017cyczy\u0107 w Smart Po\u017cyczka:<\/p>\n<ul>\n<li>Do 3.000 z\u0142 zupe\u0142nie za darmo (pod warunkiem terminowej sp\u0142aty zad\u0142u\u017cenia).<\/li>\n<li>Do 5.000 z\u0142 z 50% rabatem (wy\u0142\u0105cznie w przypadku uregulowania zobowi\u0105zania w terminie wyznaczonym w umowie po\u017cyczkowej).<\/li>\n<\/ul>\n<p>Jak wygl\u0105da to na konkretnych liczbach?<\/p>\n<p><strong>Pierwsza po\u017cyczka na 5.000 z\u0142 na 30 dni (bez rabatu)\u202f<\/strong><\/p>\n<ul>\n<li>Kwota po\u017cyczki: 5.000 z\u0142<\/li>\n<li>Okres sp\u0142aty: 30 dni<\/li>\n<li>Koszt: 617,12 z\u0142<\/li>\n<li>RRSO: 312,05%<\/li>\n<li>Ca\u0142kowita kwota do oddania: 5617,12 z\u0142<\/li>\n<\/ul>\n<p><strong>Pierwsza po\u017cyczka na 5.000 z\u0142 na 30 dni (z 50% rabatem)\u202f<\/strong><\/p>\n<ul>\n<li>Kwota po\u017cyczki: 5.000 z\u0142<\/li>\n<li>Okres sp\u0142aty: 30 dni<\/li>\n<li>Koszt: 308,55 z\u0142<\/li>\n<li>RRSO: 107,21%<\/li>\n<li>Ca\u0142kowita kwota do oddania: 5308,55 z\u0142<\/li>\n<\/ul>\n<p><strong>Kolejna po\u017cyczka na 6.500 z\u0142 na 30 dni (oferta standardowa)\u202f<\/strong><\/p>\n<ul>\n<li>Kwota po\u017cyczki: 6.500 z\u0142<\/li>\n<li>Okres sp\u0142aty: 30 dni<\/li>\n<li>Koszt: 802,26 z\u0142<\/li>\n<li>RRSO: 312,05%<\/li>\n<li>Ca\u0142kowita kwota do oddania: 7302,26 z\u0142<\/li>\n<\/ul>\n<p>W tym miejscu warto wspomnie\u0107, \u017ce podany koszt kolejnej po\u017cyczki mo\u017ce by\u0107 ni\u017cszy. Firma nie zapomina o swoich sta\u0142ych klientach i przygotowuje dla nich specjalne, dedykowane rabaty widoczne po zalogowaniu na Profil Klienta.<\/p>\n<p>Decyduj\u0105c si\u0119 na aplikowanie o szybk\u0105 chwil\u00f3wk\u0119 online, trzeba mie\u0107 te\u017c na uwadze, \u017ce suma do oddania po\u017cyczkodawcy mo\u017ce ostatecznie okaza\u0107 si\u0119 wy\u017csza ni\u017c ta zawarta w umowie. Kiedy jest to mo\u017cliwe? W sytuacji, gdy klient zalega ze sp\u0142at\u0105. W\u00f3wczas nie tylko przestan\u0105 obowi\u0105zywa\u0107 jakiekolwiek promocyjne warunki, ale po\u017cyczkodawca doliczy te\u017c do ca\u0142kowitej nale\u017cnej kwoty ustawowe odsetki za zw\u0142ok\u0119 w wysoko\u015bci:<\/p>\n<ul>\n<li>2 x (stopa referencyjna NBP + 5,5%).<\/li>\n<\/ul>\n<p>Kalkulacj\u0119 podanych wy\u017cej przyk\u0142ad\u00f3w przeprowadzili\u015bmy 13 wrze\u015bnia 2022 r., korzystaj\u0105c z kalkulatora dost\u0119pnego na stronie internetowej po\u017cyczkodawcy.<\/p>\n<h2>Warunki otrzymania po\u017cyczki w Smart Po\u017cyczka<\/h2>\n<p>W Smart Po\u017cyczka proces ubiegania si\u0119 o dodatkowe \u015brodki jest maksymalnie uproszczony \u2013 podobnie zreszt\u0105 jak warunki ich otrzymania. Oto one:<\/p>\n<ul>\n<li>Wiek: 18-73 lata<\/li>\n<li>Wa\u017cny dow\u00f3d osobisty<\/li>\n<li>Polskie obywatelstwo<\/li>\n<li>Adres zameldowania na terenie Polski<\/li>\n<li>W\u0142asny numer telefonu kom\u00f3rkowego i adres e-mail<\/li>\n<li>Indywidualne konto w banku (niewsp\u00f3\u0142dzielone np. ze wsp\u00f3\u0142ma\u0142\u017conkiem)<\/li>\n<li>Pozytywna ocena zdolno\u015bci kredytowej na etapie weryfikacji wniosku po\u017cyczkowego<\/li>\n<li>Niezajmowanie eksponowanego stanowiska politycznego (PEP)<\/li>\n<li>Pe\u0142na zdolno\u015b\u0107 do czynno\u015bci prawnych<\/li>\n<\/ul>\n<h3>\nDokumenty wymagane do otrzymania po\u017cyczki<\/h3>\n<p>Jedynym dokumentem niezb\u0119dnym podczas wype\u0142niania wniosku o chwil\u00f3wk\u0119 w Smart Po\u017cyczka, oka\u017ce si\u0119 dow\u00f3d osobisty (nale\u017cy oczywi\u015bcie upewni\u0107 si\u0119, \u017ce jest wa\u017cny). Trzeba b\u0119dzie koniecznie poda\u0107 do informacji po\u017cyczkodawcy numer PESEL i numer dowodu.<\/p>\n<h3>Formy zatrudnienia<\/h3>\n<p>Firmy z sektora pozabankowego dopuszczaj\u0105 o wiele wi\u0119ksz\u0105 liczb\u0119 \u017ar\u00f3de\u0142 dochodu potencjalnego klienta ni\u017c banki. I chocia\u017c, ubiegaj\u0105c si\u0119 o po\u017cyczk\u0119 w Smart Po\u017cyczka, w najlepszej sytuacji s\u0105 zatrudnieni na etacie, osoby regularnie otrzymuj\u0105ce wynagrodzenie na podstawie umowy zlecenie czy umowy o dzie\u0142o, r\u00f3wnie\u017c maj\u0105 wysokie szanse na otrzymanie \u015brodk\u00f3w. Podobnie jest w przypadku w\u0142a\u015bcicieli jednoosobowych firm, emeryt\u00f3w, rencist\u00f3w i student\u00f3w otrzymuj\u0105cych stypendia. Podczas wype\u0142niania formularza po\u017cyczkowego mo\u017cna r\u00f3wnie\u017c wskaza\u0107, \u017ce otrzymuje si\u0119 pieni\u0105dze ze \u015bwiadcze\u0144 socjalnych albo zasi\u0142k\u00f3w.<\/p>\n<h2>Weryfikacja w bazie d\u0142u\u017cnik\u00f3w<\/h2>\n<p>Smart Po\u017cyczka, podobnie jak wszystkie legalnie dzia\u0142aj\u0105ce na rynku firmy z sektora pozabankowego, przed po\u017cyczeniem \u015brodk\u00f3w klientowi musi oceni\u0107 jego zdolno\u015b\u0107 do terminowej sp\u0142aty zobowi\u0105zania. Jednym ze sposob\u00f3w, by to zrobi\u0107, jest sprawdzenie dotychczasowej historii kredytowej w BIK albo prze\u015bwietlenie rejestr\u00f3w takich jak KRD czy BIG, w kt\u00f3rych znajduj\u0105 si\u0119 informacje na temat d\u0142u\u017cnik\u00f3w.<\/p>\n<h3>Czy Smart Po\u017cyczka udziela po\u017cyczek bez sprawdzania BIK?<\/h3>\n<p>Smart Po\u017cyczka nie sprawdza informacji na temat historii kredytowej potencjalnych klient\u00f3w w Biurze Informacji Kredytowej (BIK). Wsp\u00f3\u0142pracuje za to z innymi bazami danych, takimi jak:<\/p>\n<p>Krajowy Rejestr D\u0142ug\u00f3w Biura Informacji Gospodarczej S.A. (KRD)<br \/>\nKaczmarski Group<br \/>\nPlatforma wymiany informacji po\u017cyczkowej CRIF<br \/>\nFirma bierze r\u00f3wnie\u017c pod uwag\u0119 dotychczasow\u0105 histori\u0119 klient\u00f3w, kt\u00f3rzy po\u017cyczali u niej wcze\u015bniej.<\/p>\n<h3>Czy Smart Po\u017cyczka udziela po\u017cyczek dla zad\u0142u\u017conych?<\/h3>\n<p>Istot\u0105 dzia\u0142ania ka\u017cdego biznesu, r\u00f3wnie\u017c tego z sektora pozabankowego, jest regularne odnotowywanie zysk\u00f3w. Po\u017cyczanie pieni\u0119dzy komu\u015b, kto nie b\u0119dzie w stanie ich odda\u0107, to naprawd\u0119 kiepski interes. Dlatego nie powinno dziwi\u0107, \u017ce firmy takie jak Smart Po\u017cyczka staraj\u0105 si\u0119 unika\u0107 tego rodzaju niepotrzebnego ryzyka.<\/p>\n<p>Oczywi\u015bcie trzeba w tym miejscu rozr\u00f3\u017cni\u0107 osob\u0119 zad\u0142u\u017con\u0105, kt\u00f3ra nie ma problemu ze sp\u0142acaniem rat w wyznaczonych terminach oraz kogo\u015b, kto potrzebuje po\u017cyczki po to, by za otrzymane z niej \u015brodki sp\u0142aci\u0107 poprzedni d\u0142ug. O ile w pierwszym scenariuszu mo\u017ce okaza\u0107 si\u0119, \u017ce po\u017cyczka zostanie przyznana (je\u015bli oczywi\u015bcie pozwoli na to zdolno\u015b\u0107 kredytowa), o tyle w drugim nie ma co na to liczy\u0107.<\/p>\n<h3>Czy w Smart Po\u017cyczka mo\u017cna wzi\u0105\u0107 po\u017cyczk\u0119 z komornikiem?<\/h3>\n<p>Kto\u015b z zaj\u0119ciem komorniczym nie dostanie po\u017cyczki w Smart Po\u017cyczka. Mimo \u017ce firmy pozabankowe sprawdzaj\u0105 klient\u00f3w nieco mniej dok\u0142adnie ni\u017c banki, nie przyznaj\u0105 pieni\u0119dzy osobie, kt\u00f3rej sytuacja finansowa budzi w\u0105tpliwo\u015bci.<\/p>\n<h2>Jak wzi\u0105\u0107 po\u017cyczk\u0119 w Smart Po\u017cyczka?<\/h2>\n<p>Ubieganie si\u0119 o pieni\u0105dze w Smart Po\u017cyczka wygl\u0105da bardzo podobnie jak w przypadku innych firm z sektora pozabankowego.<\/p>\n<p><strong>Krok 1 Wejd\u017a na stron\u0119 www po\u017cyczkodawcy i wybierz kwot\u0119 po\u017cyczki wraz z terminem sp\u0142aty<\/strong><\/p>\n<p>Pierwszym, co trzeba zrobi\u0107 po wej\u015bciu na stron\u0119 internetow\u0105 Smart Po\u017cyczka, jest wyb\u00f3r kwoty, o jak\u0105 chce si\u0119 wnioskowa\u0107 oraz preferowanego terminu sp\u0142aty. Mo\u017cna to zrobi\u0107 na wirtualnym kalkulatorze znajduj\u0105cym si\u0119 po prawej stronie.<\/p>\n<p><strong>Krok 2 Za\u0142\u00f3\u017c konto klienta lub zaloguj si\u0119, je\u015bli ju\u017c je posiadasz<\/strong><\/p>\n<p>Po wybraniu kwoty i terminu sp\u0142aty, trzeba klikn\u0105\u0107 przycisk z napisem \u201eWe\u017a [kwota po\u017cyczki]\u201d. Klient zostanie w ten spos\u00f3b automatycznie przekierowany na stron\u0119 logowania\/tworzenia konta w serwisie Smart Po\u017cyczka.<\/p>\n<p>Rol\u0119 identyfikatora klienta b\u0119dzie pe\u0142ni\u0142 jego numer PESEL. Je\u017celi, z r\u00f3\u017cnych powod\u00f3w, pope\u0142ni si\u0119 b\u0142\u0105d przy jego podawaniu, trzeba niezw\u0142ocznie skontaktowa\u0107 si\u0119 z Biurem Obs\u0142ugi Klienta pod numerem 85 871 00 49. Co istotne, ze wzgl\u0119d\u00f3w bezpiecze\u0144stwa nie ma mo\u017cliwo\u015bci zmiany PESEL-u \u201eod r\u0119ki\u201d, bezpo\u015brednio w Profilu Klienta. Podobnie wygl\u0105da to w przypadku nazwiska, numeru telefonu oraz numeru dowodu.<\/p>\n<p>Do rejestracji niezb\u0119dne b\u0119dzie podanie adresu e-mail, numeru telefonu kom\u00f3rkowego i wpisanie has\u0142a, kt\u00f3re zostanie wys\u0142ane SMS-em na podany wcze\u015bniej numer. Nale\u017cy te\u017c zaakceptowa\u0107 tre\u015b\u0107 formularza informacyjnego, umowy ramowej po\u017cyczki oraz zgody marketingowe.<\/p>\n<p><strong>Krok 3 Wype\u0142nij formularz po\u017cyczkowy<\/strong><\/p>\n<p>Kolejnym krokiem po zalogowaniu na Profil Klienta jest wype\u0142nienie wniosku o po\u017cyczk\u0119. Firma pozabankowa b\u0119dzie wymaga\u0142a wpisania w nim m.in. informacji takich jak: dane osobowe i teleadresowe, numer PESEL, numer dowodu osobistego, numer rachunku bankowego i deklarowane \u017ar\u00f3d\u0142o dochodu.<\/p>\n<p><strong>Krok 4 Zweryfikuj swoj\u0105 to\u017csamo\u015b\u0107<\/strong><\/p>\n<p>Teraz dane podane we wniosku b\u0119dzie trzeba potwierdzi\u0107 za pomoc\u0105 weryfikacji to\u017csamo\u015bci. W Smart Po\u017cyczka mo\u017cna zrobi\u0107 to na dwa sposoby:<\/p>\n<p>Wykonuj\u0105c tradycyjny przelew w wysoko\u015bci 1 grosz z konta bankowego podanego we wniosku na rachunek rozliczeniowy podany przez po\u017cyczkodawc\u0119. Wa\u017cne: w tytule przelewu nale\u017cy wpisa\u0107 indywidualny kod przes\u0142any na adres poczty elektronicznej klienta wraz z danymi do przelewu.<br \/>\nKorzystaj\u0105c z aplikacji Kontomatik, kt\u00f3ra pobierze informacje bezpo\u015brednio z konta bankowego i zapewni tym samym b\u0142yskawiczn\u0105 weryfikacj\u0119 wniosku bez konieczno\u015bci wykonywania przelew\u00f3w.<br \/>\nNa czas oczekiwania na decyzj\u0119 mo\u017ce mie\u0107 wp\u0142yw m.in. termin zaksi\u0119gowania przelewu weryfikacyjnego i poprawno\u015b\u0107 danych zawartych we wniosku. Firma w pierwszej kolejno\u015bci rozpatruje wnioski u\u017cytkownik\u00f3w posiadaj\u0105cych Profil Premium. B\u0142yskawicznie wyp\u0142aca im te\u017c przyznane \u015brodki, wykorzystuj\u0105c w tym celu us\u0142ug\u0119 szybkich p\u0142atno\u015bci.<\/p>\n<p>Je\u015bli nie posiada si\u0119 Profilu Premium, a decyzja b\u0119dzie pozytywna, pieni\u0105dze zostan\u0105 od razu przelane na konto podane we wniosku. To, kiedy zostan\u0105 na nim zaksi\u0119gowane, zale\u017cy przede wszystkim od godzin sesji przychodz\u0105cych w banku, w kt\u00f3rym klient posiada rachunek. Wyj\u0105tek stanowi\u0105 tu osoby maj\u0105ce ROR w PKO BP, czyli tym samym banku co po\u017cyczkodawca \u2013 do nich \u015brodki powinny trafi\u0107 tu\u017c po zleceniu przelewu.<\/p>\n<h2>Sp\u0142ata po\u017cyczki w Smart Po\u017cyczka<\/h2>\n<p>W Smart Po\u017cyczka zad\u0142u\u017cenie jest regulowane jednorazowo \u2013 klient przelewa na wskazane konto ca\u0142kowit\u0105 kwot\u0119 do sp\u0142aty zawart\u0105 w umowie. Mo\u017ce w tym celu wykorzysta\u0107:<\/p>\n<p>Szybki przelew internetowy (opcja dost\u0119pna po zalogowaniu na Profil Klienta zak\u0142adce \u201eSp\u0142ata po\u017cyczki\u201d).<br \/>\nTradycyjny przelew bankowy na konto wskazane przez po\u017cyczkodawc\u0119 (podczas zlecenia go, warto dok\u0142adnie sprawdzi\u0107, czy numer PESEL lub ID po\u017cyczki, kt\u00f3re musz\u0105 pojawi\u0107 si\u0119 w tytule, nie zawieraj\u0105 \u017cadnych b\u0142\u0119d\u00f3w \u2013 gdyby tak si\u0119 wydarzy\u0142o, proces ksi\u0119gowania wp\u0142aty mo\u017ce niepotrzebnie si\u0119 wyd\u0142u\u017cy\u0107).<br \/>\nGdyby pojawi\u0142y si\u0119 problemy z dotrzymaniem terminu, mo\u017ce skorzysta\u0107 z opcji refinansowania zobowi\u0105zania. Na czym ona polega? W du\u017cym skr\u00f3cie:<\/p>\n<p>Na zaci\u0105gni\u0119ciu nowej po\u017cyczki w firmie wsp\u00f3\u0142pracuj\u0105cej ze Smart Po\u017cyczka i przeznaczeniu jej na sp\u0142at\u0119 dotychczasowego zobowi\u0105zania.<br \/>\nNa sp\u0142acaniu nowo zaci\u0105gni\u0119tej po\u017cyczki zgodnie z ustalonymi wcze\u015bniej warunkami.<br \/>\nRefinansowanie jest zazwyczaj dodatkowo p\u0142atne. Szczeg\u00f3\u0142owe informacje na ten temat znajduj\u0105 si\u0119 w zak\u0142adce \u201eRefinansowanie\u201d w Profilu Klienta.<\/p>\n<h3>Czy mo\u017cliwa jest sp\u0142ata po\u017cyczki przed terminem?<\/h3>\n<p>Oczywi\u015bcie, \u017ce tak. Po\u017cyczkodawca udost\u0119pnia tak\u0105 mo\u017cliwo\u015b\u0107 w dowolnym momencie.<\/p>\n<h3>Wyd\u0142u\u017cenie terminu sp\u0142aty<\/h3>\n<p>Skorzystanie z opisanego wy\u017cej refinansowania i przelanie zwi\u0105zanej z nim kwoty na konto po\u017cyczkodawcy automatycznie wyd\u0142u\u017ca termin sp\u0142aty zobowi\u0105zania w Smart Po\u017cyczka.<\/p>\n<h3>Brak sp\u0142aty \u2013 co, je\u015bli po\u017cyczka nie zostanie sp\u0142acona na czas?<\/h3>\n<p>Ka\u017cde op\u00f3\u017anienie w sp\u0142acie b\u0119dzie wi\u0105za\u0142o si\u0119 z konieczno\u015bci\u0105 zap\u0142acenia odsetek za op\u00f3\u017anienie (naliczanych zgodnie z Ustaw\u0105 o kredycie konsumenckim). Aby tego unikn\u0105\u0107, warto telefonicznie (85 871 00 49) lub mailowo (info@smartpozyczka.pl) skontaktowa\u0107 si\u0119 z Biurem Obs\u0142ugi Klienta Smart Po\u017cyczka przed up\u0142ywem terminu uregulowania zad\u0142u\u017cenia i poinformowa\u0107 o problemach. Konsultanci firmy s\u0105 przygotowani na tak\u0105 ewentualno\u015b\u0107 i na pewno zaproponuj\u0105 rozwi\u0105zanie akceptowalne dla obu stron.<\/p>\n<h3>Windykacja w Smart Po\u017cyczka<\/h3>\n<p>Kiedy termin sp\u0142aty mija, a klient nie odda\u0142 d\u0142ugu ani nie skontaktowa\u0142 si\u0119 z po\u017cyczkodawc\u0105, mo\u017ce spodziewa\u0107 si\u0119 rozmowy telefonicznej lub kontaktu mailowego, podczas kt\u00f3rego zostanie poproszony o wyja\u015bnienie zaistnia\u0142ej sytuacji. Je\u015bli kontakt jest utrudniony lub klient go odmawia (nie odbiera telefon\u00f3w, nie odpisuje na maile itp.), rozpoczyna si\u0119 windykacja mi\u0119kka z udzia\u0142em podmiotu zewn\u0119trznego Gdy nie przyniesie rezultatu, wykorzystywane s\u0105 metody z zakresu tzw. windykacji twardej, podczas kt\u00f3rej wykorzystywane s\u0105 ju\u017c \u015brodki prawne maj\u0105ce na celu doprowadzenie do sp\u0142aty nale\u017cno\u015bci.<\/p>\n<p>Z dzia\u0142em windykacji Smart Po\u017cyczka mo\u017cna skontaktowa\u0107 si\u0119 pod numerem 85 871 00 39 lub za po\u015brednictwem poczty elektronicznej: windykacja@smartpozyczka.pl.<\/p>\n<h2>Kolejna Po\u017cyczka w Smart Po\u017cyczka<\/h2>\n<p>Klient, kt\u00f3ry chce ponownie skorzysta\u0107 z oferty firmy Smart Po\u017cyczka i posiada ju\u017c Profil Klienta mo\u017ce:<\/p>\n<ol>\n<li>Po\u017cyczy\u0107 wi\u0119cej ni\u017c za pierwszym razem (do 15.000 z\u0142).<\/li>\n<li>Za\u0142o\u017cy\u0107 Profil Premium, w ramach kt\u00f3rego b\u0119dzie przys\u0142ugiwa\u0142o mu:<\/li>\n<\/ol>\n<ul>\n<li>Szybsze rozpatrywanie wniosku<\/li>\n<li>Wykonanie przelewu \u015brodk\u00f3w przyznanych w ramach po\u017cyczki za po\u015brednictwem szybkich p\u0142atno\u015bci, dzi\u0119ki czemu znajd\u0105 si\u0119 na koncie w ci\u0105gu kilku minut<br \/>\nKontaktowanie si\u0119 z konsultantem poza kolejno\u015bci\u0105 zg\u0142osze\u0144<\/li>\n<li>Zg\u0142oszenie numeru PESEL do systemu Bezpieczny PESEL<\/li>\n<\/ul>\n","protected":false},"excerpt":{"rendered":"<p>Smart Po\u017cyczka dzia\u0142a na polskim rynku instytucji pozabankowych ju\u017c od ponad 8 lat. Od pocz\u0105tku koncentruje si\u0119 przede wszystkim na [&hellip;]<\/p>\n","protected":false},"author":60,"featured_media":8694,"parent":8676,"menu_order":0,"comment_status":"closed","ping_status":"closed","template":"page_lender.php","meta":{"_acf_changed":false,"yasr_overall_rating":0,"yasr_post_is_review":"","yasr_auto_insert_disabled":"","yasr_review_type":"","footnotes":""},"class_list":["post-8692","page","type-page","status-publish","has-post-thumbnail","hentry"],"acf":[],"yoast_head":"<!-- This site is optimized with the Yoast SEO plugin v27.1.1 - https:\/\/yoast.com\/product\/yoast-seo-wordpress\/ -->\n<title>Smart Po\u017cyczka | Por\u00f3wnywarka finansowa Rankomat<\/title>\n<meta name=\"robots\" content=\"index, follow, max-snippet:-1, max-image-preview:large, max-video-preview:-1\" \/>\n<link rel=\"canonical\" href=\"https:\/\/rankomat.pl\/finanse\/chwilowki\/firma\/smart-pozyczka\/\" \/>\n<meta property=\"og:locale\" content=\"pl_PL\" \/>\n<meta property=\"og:type\" content=\"article\" \/>\n<meta property=\"og:title\" content=\"Smart Po\u017cyczka | Por\u00f3wnywarka finansowa Rankomat\" \/>\n<meta property=\"og:description\" content=\"Smart Po\u017cyczka dzia\u0142a na polskim rynku instytucji pozabankowych ju\u017c od ponad 8 lat. Od pocz\u0105tku koncentruje si\u0119 przede wszystkim na [&hellip;]\" \/>\n<meta property=\"og:url\" content=\"https:\/\/rankomat.pl\/finanse\/chwilowki\/firma\/smart-pozyczka\/\" \/>\n<meta property=\"og:site_name\" content=\"Por\u00f3wnywarka finansowa Rankomat\" \/>\n<meta property=\"article:publisher\" content=\"https:\/\/www.facebook.com\/rankomatpl\/\" \/>\n<meta property=\"og:image\" content=\"https:\/\/rankomat.pl\/finanse\/wp-content\/uploads\/2024\/02\/logo_smartpozyczka.png\" \/>\n\t<meta property=\"og:image:width\" content=\"250\" \/>\n\t<meta property=\"og:image:height\" content=\"75\" \/>\n\t<meta property=\"og:image:type\" content=\"image\/png\" \/>\n<meta name=\"twitter:card\" content=\"summary_large_image\" \/>\n<meta name=\"twitter:site\" content=\"@rankomat\" \/>\n<meta name=\"twitter:label1\" content=\"Szacowany czas czytania\" \/>\n\t<meta name=\"twitter:data1\" content=\"12 minut\" \/>\n<script type=\"application\/ld+json\" class=\"yoast-schema-graph\">{\"@context\":\"https:\/\/schema.org\",\"@graph\":[{\"@type\":\"ImageObject\",\"inLanguage\":\"pl-PL\",\"@id\":\"https:\/\/rankomat.pl\/finanse\/chwilowki\/firma\/smart-pozyczka\/#primaryimage\",\"url\":\"https:\/\/rankomat.pl\/finanse\/wp-content\/uploads\/2024\/02\/logo_smartpozyczka.png\",\"contentUrl\":\"https:\/\/rankomat.pl\/finanse\/wp-content\/uploads\/2024\/02\/logo_smartpozyczka.png\",\"width\":250,\"height\":75,\"caption\":\"logo smartpozyczka\"},{\"@type\":\"BreadcrumbList\",\"@id\":\"https:\/\/rankomat.pl\/finanse\/chwilowki\/firma\/smart-pozyczka\/#breadcrumb\",\"itemListElement\":[{\"@type\":\"ListItem\",\"position\":1,\"name\":\"Finanse\",\"item\":\"https:\/\/rankomat.pl\/finanse\/\"},{\"@type\":\"ListItem\",\"position\":2,\"name\":\"Chwil\u00f3wki\",\"item\":\"https:\/\/rankomat.pl\/finanse\/chwilowki\/\"},{\"@type\":\"ListItem\",\"position\":3,\"name\":\"Listing firm po\u017cyczkowych\",\"item\":\"https:\/\/rankomat.pl\/finanse\/chwilowki\/firma\/\"},{\"@type\":\"ListItem\",\"position\":4,\"name\":\"Smart Po\u017cyczka\"}]}]}<\/script>\n<!-- \/ Yoast SEO plugin. -->","yoast_head_json":{"title":"Smart Po\u017cyczka | Por\u00f3wnywarka finansowa Rankomat","robots":{"index":"index","follow":"follow","max-snippet":"max-snippet:-1","max-image-preview":"max-image-preview:large","max-video-preview":"max-video-preview:-1"},"canonical":"https:\/\/rankomat.pl\/finanse\/chwilowki\/firma\/smart-pozyczka\/","og_locale":"pl_PL","og_type":"article","og_title":"Smart Po\u017cyczka | Por\u00f3wnywarka finansowa Rankomat","og_description":"Smart Po\u017cyczka dzia\u0142a na polskim rynku instytucji pozabankowych ju\u017c od ponad 8 lat. Od pocz\u0105tku koncentruje si\u0119 przede wszystkim na [&hellip;]","og_url":"https:\/\/rankomat.pl\/finanse\/chwilowki\/firma\/smart-pozyczka\/","og_site_name":"Por\u00f3wnywarka finansowa Rankomat","article_publisher":"https:\/\/www.facebook.com\/rankomatpl\/","og_image":[{"width":250,"height":75,"url":"https:\/\/rankomat.pl\/finanse\/wp-content\/uploads\/2024\/02\/logo_smartpozyczka.png","type":"image\/png"}],"twitter_card":"summary_large_image","twitter_site":"@rankomat","twitter_misc":{"Szacowany czas czytania":"12 minut"},"schema":{"@context":"https:\/\/schema.org","@graph":[{"@type":"ImageObject","inLanguage":"pl-PL","@id":"https:\/\/rankomat.pl\/finanse\/chwilowki\/firma\/smart-pozyczka\/#primaryimage","url":"https:\/\/rankomat.pl\/finanse\/wp-content\/uploads\/2024\/02\/logo_smartpozyczka.png","contentUrl":"https:\/\/rankomat.pl\/finanse\/wp-content\/uploads\/2024\/02\/logo_smartpozyczka.png","width":250,"height":75,"caption":"logo smartpozyczka"},{"@type":"BreadcrumbList","@id":"https:\/\/rankomat.pl\/finanse\/chwilowki\/firma\/smart-pozyczka\/#breadcrumb","itemListElement":[{"@type":"ListItem","position":1,"name":"Finanse","item":"https:\/\/rankomat.pl\/finanse\/"},{"@type":"ListItem","position":2,"name":"Chwil\u00f3wki","item":"https:\/\/rankomat.pl\/finanse\/chwilowki\/"},{"@type":"ListItem","position":3,"name":"Listing firm po\u017cyczkowych","item":"https:\/\/rankomat.pl\/finanse\/chwilowki\/firma\/"},{"@type":"ListItem","position":4,"name":"Smart Po\u017cyczka"}]}]}},"yasr_visitor_votes":{"stars_attributes":{"read_only":false,"span_bottom":false},"number_of_votes":0,"sum_votes":0},"_links":{"self":[{"href":"https:\/\/rankomat.pl\/finanse\/wp-json\/wp\/v2\/pages\/8692","targetHints":{"allow":["GET"]}}],"collection":[{"href":"https:\/\/rankomat.pl\/finanse\/wp-json\/wp\/v2\/pages"}],"about":[{"href":"https:\/\/rankomat.pl\/finanse\/wp-json\/wp\/v2\/types\/page"}],"author":[{"embeddable":true,"href":"https:\/\/rankomat.pl\/finanse\/wp-json\/wp\/v2\/users\/60"}],"replies":[{"embeddable":true,"href":"https:\/\/rankomat.pl\/finanse\/wp-json\/wp\/v2\/comments?post=8692"}],"version-history":[{"count":0,"href":"https:\/\/rankomat.pl\/finanse\/wp-json\/wp\/v2\/pages\/8692\/revisions"}],"up":[{"embeddable":true,"href":"https:\/\/rankomat.pl\/finanse\/wp-json\/wp\/v2\/pages\/8676"}],"wp:featuredmedia":[{"embeddable":true,"href":"https:\/\/rankomat.pl\/finanse\/wp-json\/wp\/v2\/media\/8694"}],"wp:attachment":[{"href":"https:\/\/rankomat.pl\/finanse\/wp-json\/wp\/v2\/media?parent=8692"}],"curies":[{"name":"wp","href":"https:\/\/api.w.org\/{rel}","templated":true}]}}