{"id":8695,"date":"2024-02-14T13:26:16","date_gmt":"2024-02-14T12:26:16","guid":{"rendered":"https:\/\/rankomat.pl\/finanse\/?page_id=8695"},"modified":"2024-02-14T13:26:16","modified_gmt":"2024-02-14T12:26:16","slug":"profi-credit","status":"publish","type":"page","link":"https:\/\/rankomat.pl\/finanse\/chwilowki\/firma\/profi-credit\/","title":{"rendered":"PROFI CREDIT"},"content":{"rendered":"<p><strong>Profi Credit Polska S.A. bez w\u0105tpienia nale\u017cy do grupy rozpoznawalnych i renomowanych firm pozabankowych. Sp\u00f3\u0142ka jest cz\u0119\u015bci\u0105 mi\u0119dzynarodowej grupy finansowej Profireal Group SE, dzia\u0142aj\u0105cej od 1994 r. w regionie Europy \u015arodkowo-Wschodniej. Na polskim rynku pojawi\u0142a si\u0119 ju\u017c w 2004 roku. Dzi\u015b jest drug\u0105 najwi\u0119ksz\u0105 instytucj\u0105 po\u017cyczkow\u0105 w kraju. Do tej pory udzieli\u0142a po\u017cyczek na kwot\u0119 ponad 3,8 miliarda z\u0142otych.<\/strong><\/p>\n<p>Profi Credit swoj\u0105 ofert\u0119 kieruje zar\u00f3wno do klient\u00f3w indywidualnych, jak i przedsi\u0119biorc\u00f3w. Wysoka kwota finansowania \u2013 si\u0119gaj\u0105ca 25\u202f000 z\u0142 \u2013 sprawia, \u017ce po\u017cyczka w tej firmie mo\u017ce stanowi\u0107 dobr\u0105 alternatyw\u0119 dla kredytu bankowego.<\/p>\n<p>Osoby poszukuj\u0105ce wi\u0119kszej got\u00f3wki zwykle licz\u0105 na dogodne, roz\u0142o\u017cone w czasie raty, aby m\u00f3c swobodnie sp\u0142aci\u0107 zaci\u0105gni\u0119te zobowi\u0105zanie. Profi Credit, wychodz\u0105c naprzeciw potrzebom klienta, proponuje nawet 36-miesi\u0119czny okres sp\u0142aty zad\u0142u\u017cenia. Wniosek mo\u017cna z\u0142o\u017cy\u0107 drog\u0105 internetow\u0105 lub telefonicznie podczas rozmowy z konsultantem.<\/p>\n<h2>Ile mog\u0119 po\u017cyczy\u0107 w Profi Credit?<\/h2>\n<p>Profi Credit udziela d\u0142ugoterminowych po\u017cyczek ratalnych klientom detalicznym oraz biznesowym. Przedsi\u0119biorcy prowadz\u0105cy dzia\u0142alno\u015b\u0107 gospodarcz\u0105 mog\u0105 ubiega\u0107 si\u0119 o kwot\u0119 12\u202f000 z\u0142, natomiast klienci indywidualni a\u017c o 25\u202f000 z\u0142.<\/p>\n<p>Ostateczn\u0105 wysoko\u015b\u0107 mo\u017cliwego finansowania ustala doradca po przeanalizowaniu zdolno\u015bci kredytowej klienta. Najni\u017csza po\u017cyczka ratalna w Profi Credit wynosi 1000 z\u0142. Nale\u017cy jednak mie\u0107 \u015bwiadomo\u015b\u0107, \u017ce klienci wnioskuj\u0105cy o po\u017cyczk\u0119 drog\u0105 internetow\u0105 nie mog\u0105 stara\u0107 si\u0119 o wi\u0119cej ni\u017c 10\u202f000 z\u0142.<\/p>\n<h2>Na jak d\u0142ugo mog\u0119 po\u017cyczy\u0107 w Profi Credit?<\/h2>\n<p>Profi Credit umo\u017cliwia roz\u0142o\u017cenie sp\u0142aty po\u017cyczki nawet na 36 miesi\u0119cy. Dzi\u0119ki temu klient nie musi si\u0119 martwi\u0107 o zbyt wysokie raty, kt\u00f3re stanowi\u0142yby dotkliwe obci\u0105\u017cenie domowego bud\u017cetu. To szczeg\u00f3lnie wa\u017cne w przypadku wysokich kwot finansowania.<\/p>\n<p>Koszty po\u017cyczki w Profi Credit<br \/>\nKlient poznaje dok\u0142adne koszty po\u017cyczki w Profi Credit dopiero po z\u0142o\u017ceniu wniosku lub po rozmowie z konsultantem. Wszystko zale\u017cy od kwoty zad\u0142u\u017cenia, potrzeb i mo\u017cliwo\u015bci finansowych po\u017cyczkobiorcy oraz jego zdolno\u015bci kredytowej. Na ca\u0142kowity koszt zad\u0142u\u017cenia zawsze sk\u0142adaj\u0105 si\u0119: kapita\u0142, oprocentowanie, prowizje oraz op\u0142ata przygotowawcza.<\/p>\n<p>Przyk\u0142ady reprezentatywne przygotowane przez Profi Credit pozwol\u0105 jednak zorientowa\u0107 si\u0119, jak mog\u0105 kszta\u0142towa\u0107 si\u0119 koszty zad\u0142u\u017cenia oferowanych po\u017cyczek.<\/p>\n<p><strong>Po\u017cyczka na 3000 z\u0142 na okres 36 miesi\u0119cy udzielana w trybie tradycyjnym \u2013 podczas rozmowy z doradc\u0105.<\/strong><\/p>\n<ul>\n<li>RRSO (rzeczywista roczna stopa oprocentowania) \u2013 117,91 %<\/li>\n<li>Oprocentowanie sta\u0142e w skali roku \u2013 19,83 %<\/li>\n<li>Op\u0142ata przygotowawcza \u2013 340 z\u0142<\/li>\n<li>Prowizja dla po\u015brednika finansowego \u2013 401 z\u0142<\/li>\n<li>Prowizja po\u017cyczkodawcy \u2013 2259 z\u0142<\/li>\n<li>Odsetki \u2013 2028 z\u0142<\/li>\n<li>Wysoko\u015b\u0107 miesi\u0119cznej raty \u2013 223 z\u0142<\/li>\n<li>Ca\u0142kowity koszt po\u017cyczki \u2013 5028 z\u0142<\/li>\n<li>Ca\u0142kowita kwota do zap\u0142aty przez po\u017cyczkobiorc\u0119 \u2013 8028 z\u0142<\/li>\n<\/ul>\n<p><strong>Po\u017cyczka na 3000 z\u0142 na okres 36 miesi\u0119cy udzielana w trybie zdalnym<\/strong><\/p>\n<ul>\n<li>RRSO (rzeczywista roczna stopa oprocentowania) \u2013 117,91 %<\/li>\n<li>Oprocentowanie sta\u0142e w skali roku \u2013 19,83 %<\/li>\n<li>Op\u0142ata przygotowawcza \u2013 150 z\u0142<\/li>\n<li>Prowizja po\u017cyczkodawcy \u2013 2850 z\u0142<\/li>\n<li>Odsetki \u2013 2028 z\u0142<\/li>\n<li>Wysoko\u015b\u0107 miesi\u0119cznej raty \u2013 223 z\u0142<\/li>\n<li>Ca\u0142kowity koszt po\u017cyczki \u2013 5028 z\u0142<\/li>\n<li>Ca\u0142kowita kwota do zap\u0142aty przez po\u017cyczkobiorc\u0119 \u2013 8028 z\u0142<\/li>\n<\/ul>\n<h2>Warunki otrzymania po\u017cyczki w Profi Credit<\/h2>\n<p>Z uwagi na fakt, \u017ce Profi Credit udziela wysokich po\u017cyczek ratalnych, warunki finansowania s\u0105 nieco bardziej restrykcyjnie ni\u017c w przypadku tradycyjnych chwil\u00f3wek. Mimo to, wnioskuj\u0105cy nadal maj\u0105 du\u017ce szanse na otrzymanie po\u017cyczki. Najwa\u017cniejszymi wymaganiami, jakie stawia Profi Credit klientom indywidualnym, s\u0105:<\/p>\n<ul>\n<li>wiek od 25 do 75 roku \u017cycia,<\/li>\n<li>obywatelstwo polskie,<\/li>\n<li>adres zamieszkania na terenie kraju,<\/li>\n<li>aktywny numer telefonu kom\u00f3rkowego,<\/li>\n<li>numer osobistego rachunku bankowego,<\/li>\n<li>wyci\u0105g z konta bankowego potwierdzaj\u0105cy dochody,<\/li>\n<li>d\u0142ugo\u015b\u0107 zatrudnienia os\u00f3b pracuj\u0105cych w oparciu o umow\u0119 zlecenie \u2013 6 miesi\u0119cy,<\/li>\n<li>d\u0142ugo\u015b\u0107 zatrudnienia os\u00f3b pracuj\u0105cych w oparciu o umow\u0119 o prac\u0119 \u2013 2 miesi\u0105ce.<\/li>\n<\/ul>\n<p><strong>Wymagania stawiane przedsi\u0119biorcom staraj\u0105cym si\u0119 o po\u017cyczk\u0119:<\/strong><\/p>\n<ul>\n<li>dzia\u0142alno\u015b\u0107 gospodarcza zarejestrowana w Polsce,<\/li>\n<li>rozpocz\u0119cie dzia\u0142alno\u015bci najp\u00f3\u017aniej w listopadzie poprzedniego roku,<\/li>\n<li>PIT za poprzedni rok,<\/li>\n<li>numer firmowego rachunku bankowego.<\/li>\n<\/ul>\n<h3>Dokumenty wymagane do otrzymania po\u017cyczki<\/h3>\n<p>Cz\u0119sto firmy pozabankowe udzielaj\u0105 po\u017cyczek wy\u0142\u0105cznie w oparciu o aktualny dow\u00f3d osobisty. W przypadku Profi Credit jest troch\u0119 inaczej.<\/p>\n<p>Poniewa\u017c oferowane finansowanie mo\u017ce si\u0119ga\u0107 nawet 25\u202f000 z\u0142, a jego sp\u0142ata odbywa si\u0119 w systemie ratalnym, wierzyciel mo\u017ce prosi\u0107 o wgl\u0105d do wyci\u0105gu z konta bankowego klienta, kt\u00f3ry potwierdza jego miesi\u0119czne dochody. Udzielenie tak wysokiego zad\u0142u\u017cenia osobom, kt\u00f3re nie s\u0105 w stabilnej sytuacji ekonomicznej, by\u0142oby bowiem zbyt ryzykowne dla obu stron.<\/p>\n<h3>Formy zatrudnienia<\/h3>\n<p>Profi Credit oferuje finansowanie osobom zatrudnionym w oparciu o umow\u0119 o prac\u0119 trwaj\u0105c\u0105 co najmniej 2 miesi\u0105ce oraz umow\u0119 zlecenie trwaj\u0105c\u0105 minimum 6 miesi\u0119cy. Jednak w przypadku ni\u017cszych kwot po\u017cyczek klient zwykle nie musi w \u017caden spos\u00f3b dokumentowa\u0107 sta\u0142ego \u017ar\u00f3d\u0142a dochod\u00f3w ani dostarcza\u0107 za\u015bwiadczenia o zatrudnieniu.<\/p>\n<h2>Weryfikacja w bazie d\u0142u\u017cnik\u00f3w<\/h2>\n<p>Bazy d\u0142u\u017cnik\u00f3w stanowi\u0105 podstawowe \u017ar\u00f3d\u0142o informacji dotycz\u0105ce wiarygodno\u015bci klienta. Ka\u017cda firma po\u017cyczkowa korzysta z tego typu rejestr\u00f3w, aby w spos\u00f3b odpowiedzialny udziela\u0107 konsumentom finansowania. Na rynku s\u0105 co prawda dost\u0119pne tak zwane po\u017cyczki bez baz, ale zwykle opiewaj\u0105 one na niskie kwoty zad\u0142u\u017cenia.<\/p>\n<p>Profi Credit specjalizuje si\u0119 w finansowaniu ratalnym d\u0142ugoterminowym, oferuj\u0105c wysokie kwoty po\u017cyczek. Weryfikacja reputacji finansowej wnioskuj\u0105cych jest zatem niezb\u0119dnym elementem udzielania zad\u0142u\u017cenia. Profi Credit sprawdza nast\u0119puj\u0105ce bazy d\u0142u\u017cnik\u00f3w:<\/p>\n<ul>\n<li>Biuro Informacji Kredytowej BIK,<\/li>\n<li>Krajowe Biuro Informacji Gospodarczej ,<\/li>\n<li>Krajowy Rejestr D\u0142u\u017cnik\u00f3w KRD,<\/li>\n<li>ERIF Biuro Informacji Gospodarczej.<\/li>\n<\/ul>\n<h3>Czy Profi Credit udziela po\u017cyczek na raty bez sprawdzania BIK?<\/h3>\n<p>Odpowied\u017a jest prosta. Nie. Profi Credit nie udziela po\u017cyczek ratalnych bez uprzedniej weryfikacji wnioskuj\u0105cego w BIK. Biuro Informacji Kredytowej jest jedn\u0105 z podstawowych baz, z kt\u00f3rych korzysta znakomita wi\u0119kszo\u015b\u0107 firm pozabankowych. Istniej\u0105 wyj\u0105tki od tej regu\u0142y, lecz niezwykle rzadko dotycz\u0105 one po\u017cyczek ratalnych.<\/p>\n<p>Nale\u017cy jednak podkre\u015bli\u0107, \u017ce niedoskona\u0142a historia kredytowa klienta nie musi negatywnie wp\u0142yn\u0105\u0107 na ostateczn\u0105 decyzj\u0119 o przyznaniu finansowania. Je\u015bli og\u00f3lna sytuacja ekonomiczna wnioskuj\u0105cego jest stabilna, a dochody wystraczaj\u0105co wysokie, wci\u0105\u017c istnieje szansa, \u017ce otrzyma on po\u017cyczk\u0119 w Profi Credit.<\/p>\n<h3>Czy Profi Credit udziela po\u017cyczek dla zad\u0142u\u017conych?<\/h3>\n<p>Profi Credit nie posiada oferty po\u017cyczki przeznaczonej specjalnie dla os\u00f3b zad\u0142u\u017conych. Mimo to, niewielkie zaleg\u0142o\u015bci w regulowaniu innych zobowi\u0105za\u0144 nie musz\u0105 oznacza\u0107 negatywnej decyzji o przyznaniu finansowania.<\/p>\n<p>Ka\u017cdy klient traktowany jest bowiem indywidualnie i to doradca po\u017cyczkowy ostatecznie decyduje, czy wnioskuj\u0105cy mo\u017ce otrzyma\u0107 po\u017cyczk\u0119 mimo istniej\u0105cego zad\u0142u\u017cenia u innych podmiot\u00f3w. Oczywi\u015bcie w takiej sytuacji kwota finansowania jest zazwyczaj ni\u017csza, a po\u017cyczkobiorca musi posiada\u0107 sta\u0142e zatrudnienie i regularne dochody.<\/p>\n<h3>Czy w Profi Credit mo\u017cna wzi\u0105\u0107 po\u017cyczk\u0119 z komornikiem?<\/h3>\n<p>Zaj\u0119cie komornicze oznacza cz\u0119sto brak p\u0142ynno\u015bci finansowej i powa\u017cne problemy ekonomiczne. Oczywi\u015bcie ka\u017cdy d\u0142u\u017cnik znajduje si\u0119 w innej sytuacji \u017cyciowej, zapewne zdarzaj\u0105 si\u0119 przypadki, kiedy komornik na karku wcale nie oznacza braku wysokich dochod\u00f3w i stabilnego zatrudnienia. Zwykle jednak firmy pozabankowe nie udzielaj\u0105 po\u017cyczek ratalnych \u2013 przyznawanych na standardowych warunkach \u2013 osobom, wobec kt\u00f3rych toczy si\u0119 post\u0119powanie komornicze. Nic jednak nie stoi na przeszkodzie, aby skontaktowa\u0107 si\u0119 z doradc\u0105 Profi Credit i dowiedzie\u0107 si\u0119 wi\u0119cej na ten temat, by\u0107 mo\u017ce konsultant znajdzie odpowiednie rozwi\u0105zanie dla zad\u0142u\u017conego klienta.<\/p>\n<h2>Jak wzi\u0105\u0107 po\u017cyczk\u0119 w Profi Credit?<\/h2>\n<p>Jak przysta\u0142o na renomowan\u0105 firm\u0119 pozabankow\u0105, proces wnioskowania o po\u017cyczk\u0119 jest przyst\u0119pny i prosty. Na pocz\u0105tek trzeba oczywi\u015bcie wej\u015b\u0107 na stron\u0119 internetow\u0105 firmy www.proficredit.pl. Tam za pomoc\u0105 suwaka nale\u017cy wybra\u0107 potrzebn\u0105 kwot\u0119 finansowania, kt\u00f3ra waha si\u0119 mi\u0119dzy 1000 z\u0142 a 25\u202f000 z\u0142.<\/p>\n<p>Nast\u0119pnie w dw\u00f3ch pustych polach znajduj\u0105cych si\u0119 poni\u017cej nale\u017cy wpisa\u0107 swoje imi\u0119 oraz numer telefonu. Po klikni\u0119ciu przycisku \u201ewe\u017a po\u017cyczk\u0119\u201d wystarczy poczeka\u0107 kilka chwil, aby oddzwoni\u0142 konsultant, kt\u00f3ry okre\u015bli zdolno\u015b\u0107 kredytow\u0105 wnioskuj\u0105cego i pokieruje dalsz\u0105 procedur\u0105. Istnieje tak\u017ce mo\u017cliwo\u015b\u0107 wype\u0142nienia wniosku online.<\/p>\n<p>Podczas rozmowy telefonicznej klient proszony jest o udzielenie kilku niezb\u0119dnych informacji dotycz\u0105cych mi\u0119dzy innymi danych osobowych, zarobk\u00f3w oraz innych aktualnych zobowi\u0105za\u0144 finansowych. Po\u017cyczkobiorca musi tak\u017ce pami\u0119ta\u0107, aby mie\u0107 pod r\u0119k\u0105 dow\u00f3d osobisty w celu potwierdzenia to\u017csamo\u015bci.<\/p>\n<p>Po uzyskaniu wszystkich odpowiedzi doradca proponuje klientowi kwot\u0119 po\u017cyczki oraz okres sp\u0142aty zobowi\u0105zania. Je\u015bli warunki finansowania odpowiadaj\u0105 potrzebom po\u017cyczkobiorcy, kolejnym krokiem jest podpisanie umowy w obecno\u015bci doradcy.<\/p>\n<p>Profi Credit nie posiada kont w wielu bankach, ani nie korzysta z systemu szybkich p\u0142atno\u015bci internetowych, wobec czego przelew \u015brodk\u00f3w na konto klienta mo\u017ce potrwa\u0107 troch\u0119 d\u0142u\u017cej.<\/p>\n<p>Czas oczekiwania nigdy jednak nie przekracza jednego dnia roboczego. Warto nadmieni\u0107, \u017ce osoby, kt\u00f3re wol\u0105 za\u0142atwia\u0107 wszystkie formalno\u015bci w obecno\u015bci doradcy, nie musz\u0105 decydowa\u0107 si\u0119 na wzi\u0119cie po\u017cyczki online, mog\u0105 i\u015b\u0107 do plac\u00f3wki firmy i tam zaci\u0105gn\u0105\u0107 po\u017cyczk\u0119.<\/p>\n<h2>Sp\u0142ata po\u017cyczki na raty w Profi Credit<\/h2>\n<p>Po\u017cyczkobiorca zobowi\u0105zany jest do terminowego regulowania ustalonych w umowie rat. Ich wysoko\u015b\u0107 oraz data p\u0142atno\u015bci zawarte s\u0105 w harmonogramie sp\u0142aty do\u0142\u0105czonym do umowy o po\u017cyczce. Aby op\u0142aci\u0107 rat\u0119, wystarczy wykona\u0107 przelew na konto bankowe Profi Credit, nie zapominaj\u0105c o tytule p\u0142atno\u015bci. W razie jakichkolwiek w\u0105tpliwo\u015bci wszystkie niezb\u0119dne informacje dotycz\u0105ce sp\u0142aty zobowi\u0105zania znajduj\u0105 si\u0119 w panelu klienta.<\/p>\n<h3>Czy mo\u017cliwa jest sp\u0142ata po\u017cyczki ratalnej przed terminem?<\/h3>\n<p>Ka\u017cdy klient Profi Credit ma prawo do ca\u0142kowitego lub cz\u0119\u015bciowego uregulowania po\u017cyczki przed terminem. Wcze\u015bniejsza sp\u0142ata zobowi\u0105zania pozwala zmniejszy\u0107 ca\u0142kowity koszt finansowania. Aby pozna\u0107 now\u0105 kwot\u0119 do sp\u0142aty, nale\u017cy skontaktowa\u0107 si\u0119 z konsultantem.<\/p>\n<h3>Wyd\u0142u\u017cenie terminu sp\u0142aty<\/h3>\n<p>Zdarza si\u0119, \u017ce wypadek losowy lub nieplanowany wydatek spowoduj\u0105, \u017ce po\u017cyczkobiorca nie jest w stanie w terminie uregulowa\u0107 rat. W\u00f3wczas jak najszybciej powinien skontaktowa\u0107 si\u0119 z doradc\u0105 Profi Credit. Najpewniej firma zgodzi si\u0119 na op\u00f3\u017anienie terminu sp\u0142aty po\u017cyczki lub kilku rat, wi\u0105\u017ce si\u0119 to jednak z dodatkowymi kosztami.<\/p>\n<h3>Brak sp\u0142aty \u2013 co, je\u015bli po\u017cyczka nie zostanie sp\u0142acona na czas<\/h3>\n<p>Niesp\u0142acone zad\u0142u\u017cenie najcz\u0119\u015bciej oznacza spi\u0119trzenie si\u0119 k\u0142opot\u00f3w finansowych po\u017cyczkobiorcy. Kwota do sp\u0142aty z ka\u017cdym dniem zw\u0142oki wzrasta bowiem o odsetki karne, a klient szybko trafia do rejestr\u00f3w d\u0142u\u017cnik\u00f3w.<\/p>\n<h3>Windykacja w Profi Credit<\/h3>\n<p>Brak sp\u0142aty zad\u0142u\u017cenia w Profi Credit wi\u0105\u017ce si\u0119 z dotkliwymi konsekwencjami, z kt\u00f3rymi musi liczy\u0107 si\u0119 po\u017cyczkobiorca. Pocz\u0105tkowo wierzyciel rozpoczyna dzia\u0142ania windykacyjne polegaj\u0105ce na wysy\u0142aniu monit\u00f3w drog\u0105 listown\u0105, mailow\u0105 i telefoniczn\u0105. Je\u015bli to nie skutkuje, egzekucja d\u0142ugu przekazana jest zewn\u0119trznej firmie windykacyjnej.<\/p>\n<p>To ostatni polubowny etap egzekwowania p\u0142atno\u015bci. Kolejnym krokiem jest przekazanie sprawy do s\u0105du, kt\u00f3re ko\u0144czy si\u0119 zaj\u0119ciem komorniczym.<\/p>\n<h2>Kolejna po\u017cyczka w Profi Credit<\/h2>\n<p>Profi Credit podkre\u015bla, \u017ce docenia lojalno\u015b\u0107 swoich klient\u00f3w, przyznaj\u0105c im kolejne po\u017cyczki na znacznie lepszych warunkach i w oparciu o minimum formalno\u015bci. Ponadto po 6 miesi\u0105cach terminowej sp\u0142aty rat po\u017cyczkobiorcy mog\u0105 przyst\u0105pi\u0107 do programu \u201eKlub Dobrego Klienta\u201d, zyskuj\u0105c tym samym wiele korzy\u015bci w postaci atrakcyjnych promocji.<\/p>\n","protected":false},"excerpt":{"rendered":"<p>Profi Credit Polska S.A. bez w\u0105tpienia nale\u017cy do grupy rozpoznawalnych i renomowanych firm pozabankowych. Sp\u00f3\u0142ka jest cz\u0119\u015bci\u0105 mi\u0119dzynarodowej grupy finansowej [&hellip;]<\/p>\n","protected":false},"author":60,"featured_media":8697,"parent":8676,"menu_order":0,"comment_status":"closed","ping_status":"closed","template":"page_lender.php","meta":{"_acf_changed":false,"yasr_overall_rating":0,"yasr_post_is_review":"","yasr_auto_insert_disabled":"","yasr_review_type":"","footnotes":""},"class_list":["post-8695","page","type-page","status-publish","has-post-thumbnail","hentry"],"acf":[],"yoast_head":"<!-- This site is optimized with the Yoast SEO plugin v27.1.1 - https:\/\/yoast.com\/product\/yoast-seo-wordpress\/ -->\n<title>PROFI CREDIT | Por\u00f3wnywarka finansowa Rankomat<\/title>\n<meta name=\"robots\" content=\"index, follow, max-snippet:-1, max-image-preview:large, max-video-preview:-1\" \/>\n<link rel=\"canonical\" href=\"https:\/\/rankomat.pl\/finanse\/chwilowki\/firma\/profi-credit\/\" \/>\n<meta property=\"og:locale\" content=\"pl_PL\" \/>\n<meta property=\"og:type\" content=\"article\" \/>\n<meta property=\"og:title\" content=\"PROFI CREDIT | Por\u00f3wnywarka finansowa Rankomat\" \/>\n<meta property=\"og:description\" content=\"Profi Credit Polska S.A. bez w\u0105tpienia nale\u017cy do grupy rozpoznawalnych i renomowanych firm pozabankowych. Sp\u00f3\u0142ka jest cz\u0119\u015bci\u0105 mi\u0119dzynarodowej grupy finansowej [&hellip;]\" \/>\n<meta property=\"og:url\" content=\"https:\/\/rankomat.pl\/finanse\/chwilowki\/firma\/profi-credit\/\" \/>\n<meta property=\"og:site_name\" content=\"Por\u00f3wnywarka finansowa Rankomat\" \/>\n<meta property=\"article:publisher\" content=\"https:\/\/www.facebook.com\/rankomatpl\/\" \/>\n<meta property=\"og:image\" content=\"https:\/\/rankomat.pl\/finanse\/wp-content\/uploads\/2024\/02\/logo-profi-credit.png\" \/>\n\t<meta property=\"og:image:width\" content=\"250\" \/>\n\t<meta property=\"og:image:height\" content=\"75\" \/>\n\t<meta property=\"og:image:type\" content=\"image\/png\" \/>\n<meta name=\"twitter:card\" content=\"summary_large_image\" \/>\n<meta name=\"twitter:site\" content=\"@rankomat\" \/>\n<meta name=\"twitter:label1\" content=\"Szacowany czas czytania\" \/>\n\t<meta name=\"twitter:data1\" content=\"10 minut\" \/>\n<script type=\"application\/ld+json\" class=\"yoast-schema-graph\">{\"@context\":\"https:\/\/schema.org\",\"@graph\":[{\"@type\":\"ImageObject\",\"inLanguage\":\"pl-PL\",\"@id\":\"https:\/\/rankomat.pl\/finanse\/chwilowki\/firma\/profi-credit\/#primaryimage\",\"url\":\"https:\/\/rankomat.pl\/finanse\/wp-content\/uploads\/2024\/02\/logo-profi-credit.png\",\"contentUrl\":\"https:\/\/rankomat.pl\/finanse\/wp-content\/uploads\/2024\/02\/logo-profi-credit.png\",\"width\":250,\"height\":75,\"caption\":\"logo profi credit\"},{\"@type\":\"BreadcrumbList\",\"@id\":\"https:\/\/rankomat.pl\/finanse\/chwilowki\/firma\/profi-credit\/#breadcrumb\",\"itemListElement\":[{\"@type\":\"ListItem\",\"position\":1,\"name\":\"Finanse\",\"item\":\"https:\/\/rankomat.pl\/finanse\/\"},{\"@type\":\"ListItem\",\"position\":2,\"name\":\"Chwil\u00f3wki\",\"item\":\"https:\/\/rankomat.pl\/finanse\/chwilowki\/\"},{\"@type\":\"ListItem\",\"position\":3,\"name\":\"Listing firm po\u017cyczkowych\",\"item\":\"https:\/\/rankomat.pl\/finanse\/chwilowki\/firma\/\"},{\"@type\":\"ListItem\",\"position\":4,\"name\":\"PROFI CREDIT\"}]}]}<\/script>\n<!-- \/ Yoast SEO plugin. -->","yoast_head_json":{"title":"PROFI CREDIT | Por\u00f3wnywarka finansowa Rankomat","robots":{"index":"index","follow":"follow","max-snippet":"max-snippet:-1","max-image-preview":"max-image-preview:large","max-video-preview":"max-video-preview:-1"},"canonical":"https:\/\/rankomat.pl\/finanse\/chwilowki\/firma\/profi-credit\/","og_locale":"pl_PL","og_type":"article","og_title":"PROFI CREDIT | Por\u00f3wnywarka finansowa Rankomat","og_description":"Profi Credit Polska S.A. bez w\u0105tpienia nale\u017cy do grupy rozpoznawalnych i renomowanych firm pozabankowych. Sp\u00f3\u0142ka jest cz\u0119\u015bci\u0105 mi\u0119dzynarodowej grupy finansowej [&hellip;]","og_url":"https:\/\/rankomat.pl\/finanse\/chwilowki\/firma\/profi-credit\/","og_site_name":"Por\u00f3wnywarka finansowa Rankomat","article_publisher":"https:\/\/www.facebook.com\/rankomatpl\/","og_image":[{"width":250,"height":75,"url":"https:\/\/rankomat.pl\/finanse\/wp-content\/uploads\/2024\/02\/logo-profi-credit.png","type":"image\/png"}],"twitter_card":"summary_large_image","twitter_site":"@rankomat","twitter_misc":{"Szacowany czas czytania":"10 minut"},"schema":{"@context":"https:\/\/schema.org","@graph":[{"@type":"ImageObject","inLanguage":"pl-PL","@id":"https:\/\/rankomat.pl\/finanse\/chwilowki\/firma\/profi-credit\/#primaryimage","url":"https:\/\/rankomat.pl\/finanse\/wp-content\/uploads\/2024\/02\/logo-profi-credit.png","contentUrl":"https:\/\/rankomat.pl\/finanse\/wp-content\/uploads\/2024\/02\/logo-profi-credit.png","width":250,"height":75,"caption":"logo profi credit"},{"@type":"BreadcrumbList","@id":"https:\/\/rankomat.pl\/finanse\/chwilowki\/firma\/profi-credit\/#breadcrumb","itemListElement":[{"@type":"ListItem","position":1,"name":"Finanse","item":"https:\/\/rankomat.pl\/finanse\/"},{"@type":"ListItem","position":2,"name":"Chwil\u00f3wki","item":"https:\/\/rankomat.pl\/finanse\/chwilowki\/"},{"@type":"ListItem","position":3,"name":"Listing firm po\u017cyczkowych","item":"https:\/\/rankomat.pl\/finanse\/chwilowki\/firma\/"},{"@type":"ListItem","position":4,"name":"PROFI CREDIT"}]}]}},"yasr_visitor_votes":{"stars_attributes":{"read_only":false,"span_bottom":false},"number_of_votes":0,"sum_votes":0},"_links":{"self":[{"href":"https:\/\/rankomat.pl\/finanse\/wp-json\/wp\/v2\/pages\/8695","targetHints":{"allow":["GET"]}}],"collection":[{"href":"https:\/\/rankomat.pl\/finanse\/wp-json\/wp\/v2\/pages"}],"about":[{"href":"https:\/\/rankomat.pl\/finanse\/wp-json\/wp\/v2\/types\/page"}],"author":[{"embeddable":true,"href":"https:\/\/rankomat.pl\/finanse\/wp-json\/wp\/v2\/users\/60"}],"replies":[{"embeddable":true,"href":"https:\/\/rankomat.pl\/finanse\/wp-json\/wp\/v2\/comments?post=8695"}],"version-history":[{"count":0,"href":"https:\/\/rankomat.pl\/finanse\/wp-json\/wp\/v2\/pages\/8695\/revisions"}],"up":[{"embeddable":true,"href":"https:\/\/rankomat.pl\/finanse\/wp-json\/wp\/v2\/pages\/8676"}],"wp:featuredmedia":[{"embeddable":true,"href":"https:\/\/rankomat.pl\/finanse\/wp-json\/wp\/v2\/media\/8697"}],"wp:attachment":[{"href":"https:\/\/rankomat.pl\/finanse\/wp-json\/wp\/v2\/media?parent=8695"}],"curies":[{"name":"wp","href":"https:\/\/api.w.org\/{rel}","templated":true}]}}