{"id":8698,"date":"2024-02-14T13:26:14","date_gmt":"2024-02-14T12:26:14","guid":{"rendered":"https:\/\/rankomat.pl\/finanse\/?page_id=8698"},"modified":"2024-02-14T13:26:14","modified_gmt":"2024-02-14T12:26:14","slug":"visset","status":"publish","type":"page","link":"https:\/\/rankomat.pl\/finanse\/chwilowki\/firma\/visset\/","title":{"rendered":"Visset"},"content":{"rendered":"<p><strong>Marka Visset pojawi\u0142a si\u0119 na polskim rynku pozabankowym w 2009 roku. Firma oferuje tradycyjne chwil\u00f3wki si\u0119gaj\u0105ce 5000 z\u0142 kierowane do klient\u00f3w indywidualnych oraz po\u017cyczki opiewaj\u0105ce na wy\u017csze kwoty \u2013 nawet 50\u202f000 z\u0142, z kt\u00f3rych mog\u0105 skorzysta\u0107 klienci biznesowi. Finansowanie mo\u017cna zaci\u0105gn\u0105\u0107 bez wychodzenia z domu, przeprowadzaj\u0105c szybk\u0105, prost\u0105 i przejrzyst\u0105 procedur\u0119 wnioskowania online.<\/strong><\/p>\n<p>Visset gwarantuje konsumentom bezpieczny, oparty na zasadach spo\u0142ecznej odpowiedzialno\u015bci biznesu system po\u017cyczania pieni\u0119dzy. Firma jako cz\u0142onek Zwi\u0105zku Przedsi\u0119biorstw Finansowych w Polsce \u015bwiadczy us\u0142ugi, kieruj\u0105c si\u0119 najwy\u017cszymi standardami etycznymi, co potwierdzaj\u0105 certyfikaty z przeprowadzonych audyt\u00f3w.<\/p>\n<h2>Ile mog\u0119 po\u017cyczy\u0107 w Visset?<\/h2>\n<p>Klienci indywidualni mog\u0105 zaci\u0105gn\u0105\u0107 po\u017cyczk\u0119 kr\u00f3tkoterminow\u0105 od 1000 do 5000 z\u0142, maksymalna kwota zad\u0142u\u017cenia zale\u017cy jednak od zdolno\u015bci kredytowej wnioskuj\u0105cego. Limit pierwszej chwil\u00f3wki wynosi 1000 z\u0142, wrasta on wraz z kolejnymi po\u017cyczkami.<\/p>\n<p>Klienci biznesowi, b\u0119d\u0105cy w\u0142a\u015bcicielami przedsi\u0119biorstw, maj\u0105 mo\u017cliwo\u015b\u0107 skorzystania z trzech opcji finansowania:<\/p>\n<ul>\n<li>\u201eGot\u00f3wka na raty\u201d \u2013 od 15\u202f000 do 50\u202f000 z\u0142<\/li>\n<li>\u201eGot\u00f3wka w obrocie\u201d \u2013 od 2\u202f000 do 12\u202f000 z\u0142<\/li>\n<li>\u201eGot\u00f3wka na szybko\u201d \u2013 od 2\u202f000 do 5 000 z\u0142<\/li>\n<\/ul>\n<h2>Na jak d\u0142ugo mog\u0119 po\u017cyczy\u0107 w Visset?<\/h2>\n<p>Tradycyjne chwil\u00f3wki dla klient\u00f3w indywidualnych, opiewaj\u0105ce na maksymalnie 5000 z\u0142, przyznawane s\u0105 na okres 30 dni. Oferta przeznaczona dla klient\u00f3w biznesowych przewiduje zar\u00f3wno po\u017cyczki kr\u00f3tkoterminowe, jak i po\u017cyczki ratalne udzielane na okres od 6 do 12 miesi\u0119cy w zale\u017cno\u015bci od wyboru konkretnej propozycji.<\/p>\n<h2>Koszty po\u017cyczki w Visset<\/h2>\n<p>Na ca\u0142kowity koszt po\u017cyczki w Visset sk\u0142adaj\u0105 si\u0119: kapita\u0142, odsetki, op\u0142ata za por\u0119czenie, op\u0142ata weryfikacyjna oraz prowizja. Niestety firma nie przewiduje pierwszej darmowej po\u017cyczki dla nowych klient\u00f3w. Wierzyciel udost\u0119pni\u0142 w swoim serwisie internetowym przyk\u0142ad reprezentatywny po\u017cyczki na kwot\u0119 1500 z\u0142, kt\u00f3ry pozwala zorientowa\u0107 si\u0119 w kosztach zad\u0142u\u017cenia.<\/p>\n<p>Kwota po\u017cyczki: 1500 z\u0142<\/p>\n<ul>\n<li>RRSO: 1732%<\/li>\n<li>Roczna stopa procentowa: 17,5%<\/li>\n<li>Op\u0142ata za por\u0119czenie: 0 z\u0142<\/li>\n<li>Okres sp\u0142aty: 30 dni<\/li>\n<li>Op\u0142ata weryfikacyjna: 1 z\u0142<\/li>\n<li>Prowizja: 383,43 z\u0142<\/li>\n<li>Odsetki: 21,57 z\u0142<\/li>\n<li>Ca\u0142kowita kwota do sp\u0142aty: 1905 z\u0142<\/li>\n<\/ul>\n<p>Interaktywny suwak dost\u0119pny na stronie g\u0142\u00f3wnej www.vissset.pl pozwala pozna\u0107 koszt preferowanej kwoty po\u017cyczki, jednak bez podzia\u0142u na jego poszczeg\u00f3lne elementy. Dla przyk\u0142adu: koszt po\u017cyczki na kwot\u0119 2400 z\u0142 wyniesie 648 z\u0142, natomiast za finansowanie w wysoko\u015bci 5000 z\u0142 trzeba b\u0119dzie zap\u0142aci\u0107 1350 z\u0142.<\/p>\n<p>Klient biznesowy, zaci\u0105gaj\u0105cy po\u017cyczk\u0119 \u201eGot\u00f3wka na szybko\u201d na przyk\u0142adow\u0105 kwot\u0119 3000 z\u0142 na okres 30 dni, poniesie ca\u0142kowity koszt zad\u0142u\u017cenia w wysoko\u015bci 600 z\u0142.<\/p>\n<h2>Warunki po\u017cyczki w Visset<\/h2>\n<p>Visset kieruj\u0105 swoj\u0105 ofert\u0119 do szerokiego grona klient\u00f3w. Aby uzyska\u0107 finansowanie, wystarczy spe\u0142ni\u0107 standardowe warunki spotykane w wi\u0119kszo\u015bci firma pozabankowych. Nale\u017c\u0105 do nich:<\/p>\n<ul>\n<li>wiek od 20 do 75 roku \u017cycia,<\/li>\n<li>obywatelstwo polskie,<\/li>\n<li>adres zamieszkania na terenie kraju,<\/li>\n<li>aktualny dow\u00f3d osobisty,<\/li>\n<li>aktywny numer telefonu kom\u00f3rkowego,<\/li>\n<li>prywatny numer konta bankowego,<\/li>\n<li>brak negatywnych wpis\u00f3w w bazach d\u0142u\u017cnik\u00f3w.<\/li>\n<\/ul>\n<h3>Dokumenty wymagane do otrzymania po\u017cyczki<\/h3>\n<p>Klienci ubiegaj\u0105cy si\u0119 o po\u017cyczk\u0119 w Visset nie musz\u0105 okazywa\u0107 \u017cadnych dodatkowych za\u015bwiadcze\u0144 o zarobkach lub zatrudnieniu. Jedynym niezb\u0119dnym dokumentem potrzebnym do przej\u015bcia przez procedur\u0119 wnioskowania jest aktualny dow\u00f3d osobisty. Wystarczy wpisa\u0107 jego seri\u0119 i numer w odpowiednie pola formularza.<\/p>\n<h3>Formy zatrudnienia<\/h3>\n<p>Visset nie oczekuje od swoich klient\u00f3w sta\u0142ego zatrudnienia w oparciu o umow\u0119 o prac\u0119. Wa\u017cne, by wnioskuj\u0105cy posiada\u0142 regularne \u017ar\u00f3d\u0142o miesi\u0119cznych dochod\u00f3w. O po\u017cyczk\u0119 mog\u0105 zatem ubiega\u0107 si\u0119 mi\u0119dzy innymi osoby pracuj\u0105ce na podstawie um\u00f3w cywilno-prawnych, emeryci, renci\u015bci, w\u0142a\u015bciciele wynajmowanych nieruchomo\u015bci czy beneficjenci zasi\u0142k\u00f3w.<\/p>\n<h3>Weryfikacja w bazie d\u0142u\u017cnik\u00f3w<\/h3>\n<p>Visset jako odpowiedzialny po\u017cyczkodawca weryfikuje wiarygodno\u015b\u0107 finansow\u0105 swoich klient\u00f3w w rejestrach d\u0142u\u017cnik\u00f3w. Warunkiem otrzymania pozytywnej decyzji o przyznaniu zad\u0142u\u017cenia jest bowiem nienaganna reputacja finansowa wnioskuj\u0105cego. Firma korzysta z nast\u0119puj\u0105cych baz: Biuro Informacji Gospodarczej InfoMonitor, Krajowy Rejestr D\u0142ug\u00f3w (KRD) oraz ERIF Biuro Informacji Gospodarczej.<\/p>\n<h3>Czy Visset udziela po\u017cyczek na raty bez sprawdzania BIK?<\/h3>\n<p>Visset udziela po\u017cyczek ratalnych wy\u0142\u0105cznie przedsi\u0119biorcom. Klienci indywidualni mog\u0105 ubiega\u0107 si\u0119 o finansowanie kr\u00f3tkoterminowe, przyznawane na 30 dni. Jednak w jednym i drugim przypadku wierzyciel nie sprawdza rejestr\u00f3w Biura Informacji Kredytowej. Jak zosta\u0142o wspomniane wcze\u015bniej, korzysta z baz: BIG InfoMonitor, KRD oraz ERIF.<\/p>\n<h3>Czy Visset udziela po\u017cyczek dla zad\u0142u\u017conych?<\/h3>\n<p>Visset nie posiada w swojej ofercie specjalnej po\u017cyczki przeznaczonej dla os\u00f3b zmagaj\u0105cych si\u0119 z zad\u0142u\u017ceniami. Wierzyciel przed udzieleniem po\u017cyczki ocenia zdolno\u015b\u0107 kredytow\u0105 klienta, kt\u00f3rej jednym z g\u0142\u00f3wnych element\u00f3w jest wzorowa reputacja finansowa, czyli terminowo\u015b\u0107 i brak nieuregulowanych d\u0142ug\u00f3w. Wnioskuj\u0105cy, kt\u00f3rych nazwisko pojawia si\u0119 w bazach d\u0142u\u017cnik\u00f3w, raczej nie otrzymaj\u0105 po\u017cyczki w Visset.<\/p>\n<h3>Czy w Visset mo\u017cna wzi\u0105\u0107 po\u017cyczk\u0119 z komornikiem?<\/h3>\n<p>Post\u0119powanie komornicze \u015bwiadczy o tym, \u017ce d\u0142u\u017cnik konsekwentnie lekcewa\u017cy\u0142 obowi\u0105zek terminowego regulowania zobowi\u0105za\u0144, a jego kondycja finansowa mo\u017ce by\u0107 bardzo s\u0142aba. Niezwykle rzadko si\u0119 zdarza, aby firma pozabankowa udzieli\u0142a tradycyjnej po\u017cyczki osobie, wobec kt\u00f3rej toczy si\u0119 egzekucja komornicza. Visset wyklucza z grona swoich klient\u00f3w notorycznych d\u0142u\u017cnik\u00f3w, szczeg\u00f3lnie tych, kt\u00f3rych finanse s\u0105 pod kontrol\u0105 komornika.<\/p>\n<h2>Jak wzi\u0105\u0107 po\u017cyczk\u0119 w Visset?<\/h2>\n<p>\u201eSzybko, wygodnie i bez zb\u0119dnych formalno\u015bci\u201d \u2013 tak wierzyciel okre\u015bla na swojej stronie internetowej proces wnioskowania o po\u017cyczk\u0119. Rzeczywi\u015bcie, zaci\u0105gni\u0119cie zobowi\u0105zania w Visset jest niezwykle proste, niewymagaj\u0105ce i zajmuje kilkana\u015bcie minut. Wystarczy urz\u0105dzenie z dost\u0119pem do Internetu oraz dow\u00f3d osobisty pod r\u0119k\u0105.<\/p>\n<p>Aby rozpocz\u0105\u0107 aplikowanie o po\u017cyczk\u0119 dla klienta indywidualnego, trzeba wej\u015b\u0107 na stron\u0119 www.visset.pl, a nast\u0119pnie za pomoc\u0105 interaktywnego suwaka wybra\u0107 preferowan\u0105 kwot\u0119 po\u017cyczki. Nale\u017cy jednak pami\u0119ta\u0107, \u017ce nowi klienci nie mog\u0105 wnioskowa\u0107 o wi\u0119cej ni\u017c 1500 z\u0142.<\/p>\n<p>Po klikni\u0119ciu przycisku \u201ewe\u017a po\u017cyczk\u0119\u201d niezb\u0119dne jest za\u0142o\u017cenie konta w serwisie. Aby to zrobi\u0107, wystarczy wype\u0142ni\u0107 kr\u00f3tki formularz, podaj\u0105c zupe\u0142nie podstawowe informacje oraz ustali\u0107 has\u0142o, za pomoc\u0105 kt\u00f3rego mo\u017cliwe b\u0119dzie logowanie si\u0119 do panelu klienta. Nale\u017cy r\u00f3wnie\u017c zaznaczy\u0107 wszystkie niezb\u0119dne zgody, pomini\u0119cie tego kroku uniemo\u017cliwi kontynuowanie procedury.<\/p>\n<p>Po za\u0142o\u017ceniu konta klient musi je aktywowa\u0107 za pomoc\u0105 adresu e-mail oraz kodu SMS. Kolejny etap to potwierdzenie to\u017csamo\u015bci poprzez wykonanie przelewu weryfikacyjnego na kwot\u0119 1 z\u0142.<\/p>\n<p>Po jego pomy\u015blnym przebiegu wystarczy ostatecznie potwierdzi\u0107 dane zawarte w formularzu i chwil\u0119 poczeka\u0107 na decyzj\u0119 o przyznaniu po\u017cyczki. Je\u015bli jest ona pozytywna, klient otrzyma pieni\u0105dze nawet w ci\u0105gu 15 minut.<\/p>\n<h2>Sp\u0142ata po\u017cyczki na raty w Visset<\/h2>\n<p>Ka\u017cdy klient Visset ma obowi\u0105zek sp\u0142aty zaci\u0105gni\u0119tego finansowania w terminie ustalonym w umowie. W przypadku po\u017cyczek ratalnych zad\u0142u\u017cenie nale\u017cy regulowa\u0107 wed\u0142ug harmonogramu sp\u0142aty. Warto pami\u0119ta\u0107, \u017ce o zachowaniu terminu sp\u0142aty decyduje data wp\u0142yni\u0119cia \u015brodk\u00f3w na rachunek bankowy wierzyciela, a nie data wykonania transakcji.<\/p>\n<p>Dlatego ryzykowne jest pozostawianie przelewu na ostatni\u0105 chwil\u0119, zw\u0142aszcza w przypadku nadchodz\u0105cego weekendu lub posiadania konta w innym banku. Numer rachunku, tytu\u0142 p\u0142atno\u015bci oraz nazwa odbiorcy dost\u0119pne s\u0105 w panelu klienta.<\/p>\n<h3>Czy mo\u017cliwa jest sp\u0142ata po\u017cyczki ratalnej przed terminem?<\/h3>\n<p>Ka\u017cdy po\u017cyczkobiorca Visset ma prawo do wcze\u015bniejszej sp\u0142aty cz\u0119\u015bci lub ca\u0142o\u015bci zad\u0142u\u017cenia. Przedterminowe uregulowanie po\u017cyczki zmniejsza ca\u0142kowity koszt finansowania proporcjonalnie do czasu, o kt\u00f3ry zosta\u0142 skr\u00f3cony okres obowi\u0105zywania umowy.<\/p>\n<h3>Wyd\u0142u\u017cenie terminu sp\u0142aty<\/h3>\n<p>Osoby, kt\u00f3re maj\u0105 trudno\u015bci w uregulowaniu po\u017cyczki, mog\u0105 przed\u0142u\u017cy\u0107 termin sp\u0142aty. Klienci indywidualni, korzystaj\u0105cy z oferty Visset po raz pierwszy, maj\u0105 mo\u017cliwo\u015b\u0107 przesuni\u0119cia terminu sp\u0142aty o kolejne 30 dni. Ta opcja dost\u0119pna jest w panelu klienta.<\/p>\n<p>Po\u017cyczkobiorcy, kt\u00f3rzy zaci\u0105gali ju\u017c wcze\u015bniej finansowanie w Visset, proszeni s\u0105 o kontakt z biurem obs\u0142ugi klienta, aby ustali\u0107 nowe warunki sp\u0142aty. Przedsi\u0119biorcy, kt\u00f3rzy otrzymali \u201eGot\u00f3wk\u0119 na Szybko\u201d, mog\u0105 przesun\u0105\u0107 termin sp\u0142aty dowoln\u0105 ilo\u015b\u0107 razy. Ka\u017cde przed\u0142u\u017cenie okresu kredytowania wi\u0105\u017ce si\u0119 z dodatkowymi kosztami w postaci op\u0142aty prolongacyjnej oraz dodatkowego oprocentowania.<\/p>\n<h3>Brak sp\u0142aty \u2013 co je\u015bli po\u017cyczka nie zostanie sp\u0142acona na czas<\/h3>\n<p>Op\u00f3\u017anienie w terminowej sp\u0142acie zobowi\u0105zania zawsze wi\u0105\u017ce si\u0119 z konsekwencjami finansowymi w postaci odsetek karnych oraz negatywnym wpisem do baz d\u0142u\u017cnik\u00f3w. Ka\u017cdy dzie\u0144 zw\u0142oki powoduje, \u017ce kwota zobowi\u0105zania ro\u015bnie, co jeszcze bardziej utrudnia jej uregulowanie.<\/p>\n<p>Visset apeluje do swoich klient\u00f3w, aby w razie jakichkolwiek trudno\u015bci w sp\u0142acie zad\u0142u\u017cenia natychmiast skontaktowali si\u0119 z Biurem Obs\u0142ugi Klienta. Konsultanci przeanalizuj\u0105 sytuacj\u0119 po\u017cyczkobiorcy i postaraj\u0105 si\u0119 ustali\u0107 nowe, \u0142atwiejsze do ud\u017awigni\u0119cia, warunki sp\u0142aty d\u0142ugu.<\/p>\n<p>Najgorsze, co mo\u017ce zrobi\u0107 osoba zad\u0142u\u017cona, to unika\u0107 kontaktu z wierzycielem. Takie zachowanie tylko podwa\u017ca jej wiarygodno\u015b\u0107 i przekre\u015bla szans\u0119 na ugodowe rozwi\u0105zanie problemu.<\/p>\n<h3>Windykacja w Visset<\/h3>\n<p>Klienci, kt\u00f3rzy sp\u00f3\u017aniaj\u0105 si\u0119 ze sp\u0142at\u0105 po\u017cyczki, otrzymuj\u0105 od firmy monity wysy\u0142ane drog\u0105 smsow\u0105, mailow\u0105, telefoniczn\u0105 i pocztow\u0105. Je\u015bli ponaglenia nie skutkuj\u0105, firma przekazuje spraw\u0119 zewn\u0119trznej firmie windykacyjnej, kt\u00f3ra podejmuje czynno\u015bci maj\u0105ce na celu odzyskanie zaleg\u0142ych nale\u017cno\u015bci na drodze polubownej.<\/p>\n<p>W przypadku, gdy podj\u0119te dzia\u0142ania okazuj\u0105 si\u0119 nieskuteczne, ostatnim etapem post\u0119powania jest przekazanie sprawy do s\u0105du. Najcz\u0119\u015bciej ko\u0144czy si\u0119 ono egzekucj\u0105 komornicz\u0105.<\/p>\n<h2>Kolejna po\u017cyczka w Visset<\/h2>\n<p>Zaci\u0105gni\u0119cie po\u017cyczki w Visset jest procesem \u0142atwym, szybkim i pozbawionym nadmiernych formalno\u015bci. Aplikowanie o kolejn\u0105 po\u017cyczk\u0119 jest jednak jeszcze prostsze, bo pomija etap rejestracji. Ponadto klienci, kt\u00f3rzy terminowo sp\u0142acali poprzednie zobowi\u0105zania, mog\u0105 liczy\u0107 na sukcesywnie rosn\u0105ce limity po\u017cyczek. W zale\u017cno\u015bci od zdolno\u015bci kredytowej kwota kolejnego finansowania si\u0119ga nawet 5000 z\u0142 dla klient\u00f3w indywidualnych i 12\u202f000 z\u0142 dla klient\u00f3w biznesowych.<\/p>\n","protected":false},"excerpt":{"rendered":"<p>Marka Visset pojawi\u0142a si\u0119 na polskim rynku pozabankowym w 2009 roku. Firma oferuje tradycyjne chwil\u00f3wki si\u0119gaj\u0105ce 5000 z\u0142 kierowane do [&hellip;]<\/p>\n","protected":false},"author":60,"featured_media":8699,"parent":8676,"menu_order":0,"comment_status":"closed","ping_status":"closed","template":"page_lender.php","meta":{"_acf_changed":false,"yasr_overall_rating":0,"yasr_post_is_review":"","yasr_auto_insert_disabled":"","yasr_review_type":"","footnotes":""},"class_list":["post-8698","page","type-page","status-publish","has-post-thumbnail","hentry"],"acf":[],"yoast_head":"<!-- This site is optimized with the Yoast SEO plugin v27.1.1 - https:\/\/yoast.com\/product\/yoast-seo-wordpress\/ -->\n<title>Visset | Por\u00f3wnywarka finansowa Rankomat<\/title>\n<meta name=\"robots\" content=\"index, follow, max-snippet:-1, max-image-preview:large, max-video-preview:-1\" \/>\n<link rel=\"canonical\" href=\"https:\/\/rankomat.pl\/finanse\/chwilowki\/firma\/visset\/\" \/>\n<meta property=\"og:locale\" content=\"pl_PL\" \/>\n<meta property=\"og:type\" content=\"article\" \/>\n<meta property=\"og:title\" content=\"Visset | Por\u00f3wnywarka finansowa Rankomat\" \/>\n<meta property=\"og:description\" content=\"Marka Visset pojawi\u0142a si\u0119 na polskim rynku pozabankowym w 2009 roku. Firma oferuje tradycyjne chwil\u00f3wki si\u0119gaj\u0105ce 5000 z\u0142 kierowane do [&hellip;]\" \/>\n<meta property=\"og:url\" content=\"https:\/\/rankomat.pl\/finanse\/chwilowki\/firma\/visset\/\" \/>\n<meta property=\"og:site_name\" content=\"Por\u00f3wnywarka finansowa Rankomat\" \/>\n<meta property=\"article:publisher\" content=\"https:\/\/www.facebook.com\/rankomatpl\/\" \/>\n<meta property=\"og:image\" content=\"https:\/\/rankomat.pl\/finanse\/wp-content\/uploads\/2024\/02\/logo-viset-new1.png\" \/>\n\t<meta property=\"og:image:width\" content=\"250\" \/>\n\t<meta property=\"og:image:height\" content=\"75\" \/>\n\t<meta property=\"og:image:type\" content=\"image\/png\" \/>\n<meta name=\"twitter:card\" content=\"summary_large_image\" \/>\n<meta name=\"twitter:site\" content=\"@rankomat\" \/>\n<meta name=\"twitter:label1\" content=\"Szacowany czas czytania\" \/>\n\t<meta name=\"twitter:data1\" content=\"9 minut\" \/>\n<script type=\"application\/ld+json\" class=\"yoast-schema-graph\">{\"@context\":\"https:\/\/schema.org\",\"@graph\":[{\"@type\":\"ImageObject\",\"inLanguage\":\"pl-PL\",\"@id\":\"https:\/\/rankomat.pl\/finanse\/chwilowki\/firma\/visset\/#primaryimage\",\"url\":\"https:\/\/rankomat.pl\/finanse\/wp-content\/uploads\/2024\/02\/logo-viset-new1.png\",\"contentUrl\":\"https:\/\/rankomat.pl\/finanse\/wp-content\/uploads\/2024\/02\/logo-viset-new1.png\",\"width\":250,\"height\":75,\"caption\":\"logo viset\"},{\"@type\":\"BreadcrumbList\",\"@id\":\"https:\/\/rankomat.pl\/finanse\/chwilowki\/firma\/visset\/#breadcrumb\",\"itemListElement\":[{\"@type\":\"ListItem\",\"position\":1,\"name\":\"Finanse\",\"item\":\"https:\/\/rankomat.pl\/finanse\/\"},{\"@type\":\"ListItem\",\"position\":2,\"name\":\"Chwil\u00f3wki\",\"item\":\"https:\/\/rankomat.pl\/finanse\/chwilowki\/\"},{\"@type\":\"ListItem\",\"position\":3,\"name\":\"Listing firm po\u017cyczkowych\",\"item\":\"https:\/\/rankomat.pl\/finanse\/chwilowki\/firma\/\"},{\"@type\":\"ListItem\",\"position\":4,\"name\":\"Visset\"}]}]}<\/script>\n<!-- \/ Yoast SEO plugin. -->","yoast_head_json":{"title":"Visset | Por\u00f3wnywarka finansowa Rankomat","robots":{"index":"index","follow":"follow","max-snippet":"max-snippet:-1","max-image-preview":"max-image-preview:large","max-video-preview":"max-video-preview:-1"},"canonical":"https:\/\/rankomat.pl\/finanse\/chwilowki\/firma\/visset\/","og_locale":"pl_PL","og_type":"article","og_title":"Visset | Por\u00f3wnywarka finansowa Rankomat","og_description":"Marka Visset pojawi\u0142a si\u0119 na polskim rynku pozabankowym w 2009 roku. Firma oferuje tradycyjne chwil\u00f3wki si\u0119gaj\u0105ce 5000 z\u0142 kierowane do [&hellip;]","og_url":"https:\/\/rankomat.pl\/finanse\/chwilowki\/firma\/visset\/","og_site_name":"Por\u00f3wnywarka finansowa Rankomat","article_publisher":"https:\/\/www.facebook.com\/rankomatpl\/","og_image":[{"width":250,"height":75,"url":"https:\/\/rankomat.pl\/finanse\/wp-content\/uploads\/2024\/02\/logo-viset-new1.png","type":"image\/png"}],"twitter_card":"summary_large_image","twitter_site":"@rankomat","twitter_misc":{"Szacowany czas czytania":"9 minut"},"schema":{"@context":"https:\/\/schema.org","@graph":[{"@type":"ImageObject","inLanguage":"pl-PL","@id":"https:\/\/rankomat.pl\/finanse\/chwilowki\/firma\/visset\/#primaryimage","url":"https:\/\/rankomat.pl\/finanse\/wp-content\/uploads\/2024\/02\/logo-viset-new1.png","contentUrl":"https:\/\/rankomat.pl\/finanse\/wp-content\/uploads\/2024\/02\/logo-viset-new1.png","width":250,"height":75,"caption":"logo viset"},{"@type":"BreadcrumbList","@id":"https:\/\/rankomat.pl\/finanse\/chwilowki\/firma\/visset\/#breadcrumb","itemListElement":[{"@type":"ListItem","position":1,"name":"Finanse","item":"https:\/\/rankomat.pl\/finanse\/"},{"@type":"ListItem","position":2,"name":"Chwil\u00f3wki","item":"https:\/\/rankomat.pl\/finanse\/chwilowki\/"},{"@type":"ListItem","position":3,"name":"Listing firm po\u017cyczkowych","item":"https:\/\/rankomat.pl\/finanse\/chwilowki\/firma\/"},{"@type":"ListItem","position":4,"name":"Visset"}]}]}},"yasr_visitor_votes":{"stars_attributes":{"read_only":false,"span_bottom":false},"number_of_votes":0,"sum_votes":0},"_links":{"self":[{"href":"https:\/\/rankomat.pl\/finanse\/wp-json\/wp\/v2\/pages\/8698","targetHints":{"allow":["GET"]}}],"collection":[{"href":"https:\/\/rankomat.pl\/finanse\/wp-json\/wp\/v2\/pages"}],"about":[{"href":"https:\/\/rankomat.pl\/finanse\/wp-json\/wp\/v2\/types\/page"}],"author":[{"embeddable":true,"href":"https:\/\/rankomat.pl\/finanse\/wp-json\/wp\/v2\/users\/60"}],"replies":[{"embeddable":true,"href":"https:\/\/rankomat.pl\/finanse\/wp-json\/wp\/v2\/comments?post=8698"}],"version-history":[{"count":0,"href":"https:\/\/rankomat.pl\/finanse\/wp-json\/wp\/v2\/pages\/8698\/revisions"}],"up":[{"embeddable":true,"href":"https:\/\/rankomat.pl\/finanse\/wp-json\/wp\/v2\/pages\/8676"}],"wp:featuredmedia":[{"embeddable":true,"href":"https:\/\/rankomat.pl\/finanse\/wp-json\/wp\/v2\/media\/8699"}],"wp:attachment":[{"href":"https:\/\/rankomat.pl\/finanse\/wp-json\/wp\/v2\/media?parent=8698"}],"curies":[{"name":"wp","href":"https:\/\/api.w.org\/{rel}","templated":true}]}}