{"id":8701,"date":"2024-02-14T13:26:24","date_gmt":"2024-02-14T12:26:24","guid":{"rendered":"https:\/\/rankomat.pl\/finanse\/?page_id=8701"},"modified":"2024-02-14T13:26:24","modified_gmt":"2024-02-14T12:26:24","slug":"aasa-polska","status":"publish","type":"page","link":"https:\/\/rankomat.pl\/finanse\/chwilowki\/firma\/aasa-polska\/","title":{"rendered":"Aasa Polska"},"content":{"rendered":"<p><strong>Aasa Polska jest jedn\u0105 z najpopularniejszych firm po\u017cyczkowych w naszym kraju. Polski oddzia\u0142 jest cz\u0119\u015bci\u0105 skandynawskiej firmy Aasa Global i dzia\u0142a na polskim rynku od 2012 roku. Firma specjalizuje si\u0119 w udzielaniu po\u017cyczek ratalnych kierowanych do klient\u00f3w indywidualnych oraz prowadz\u0105cych dzia\u0142alno\u015b\u0107 gospodarcz\u0105. Aasa Polska jest cz\u0142onkiem Zwi\u0105zku Przedsi\u0119biorstw Finansowych, a w dzia\u0142aniach stosuje Zasady Dobrych praktyk przyj\u0119tych przez t\u0119 organizacj\u0119.<\/strong><\/p>\n<h2>Ile mog\u0119 po\u017cyczy\u0107 w Aasa Polska?<\/h2>\n<p>W ofercie Aasa Polska znajdziemy po\u017cyczki ratalne, kt\u00f3rych minimalna wysoko\u015b\u0107 wynosi 1000 z\u0142. Najwy\u017csza dost\u0119pna kwota po\u017cyczki to a\u017c 25 000 z\u0142. G\u00f3rna granica po\u017cyczki w Aasa Polska jest imponuj\u0105ca i wyr\u00f3\u017cnia jej ofert\u0119 na tle innych polskich firm pozabankowych.<\/p>\n<p>Te najcz\u0119\u015bciej oferuj\u0105 po\u017cyczki ratalne w wysoko\u015bci maksymalnie 15000 \u2013 20000 z\u0142, jedynie nieliczne firmy daj\u0105 mo\u017cliwo\u015b\u0107 po\u017cyczenia wi\u0119kszych \u015brodk\u00f3w.<\/p>\n<h2>Na jak d\u0142ugo mog\u0119 po\u017cyczy\u0107 w Aasa Polska?<\/h2>\n<p>Aasa Polska specjalizuje si\u0119 w po\u017cyczkach ratalnych. Dla ka\u017cdej po\u017cyczki w Aasa, niezale\u017cnie od jej wysoko\u015bci, czas sp\u0142aty jest sta\u0142y i wynosi 36 miesi\u0119cy. To niestandardowe rozwi\u0105zanie wobec po\u017cyczek ratalnych jest rzadko stosowane na polskim rynku finansowym, co sprawia, \u017ce oferta Aasa jest wyj\u0105tkowa.<\/p>\n<p>Koszty po\u017cyczki w Aasa Polska<br \/>\nJak w praktyce wygl\u0105daj\u0105 koszty po\u017cyczki w Aasa Polska? Jako \u017ce czas sp\u0142aty po\u017cyczki jest sta\u0142y i trwa zawsze 36 miesi\u0119cy, zmiennymi wp\u0142ywaj\u0105cymi na koszty zobowi\u0105zania b\u0119d\u0105:<\/p>\n<ul>\n<li>kwota po\u017cyczki,<\/li>\n<li>wyb\u00f3r po\u017cyczki Standard lub wykupienie \u201cPakietu Korzy\u015bci\u201d.<\/li>\n<\/ul>\n<p><strong>Czym r\u00f3\u017cni si\u0119 opcja Standard od po\u017cyczki z Pakietem Korzy\u015bci?<\/strong><\/p>\n<p>Aasa Standard \u2013 to klasyczna oferta po\u017cyczki, kt\u00f3ra jest wyp\u0142acana tradycyjnym przelewem i nie uprawnia do skorzystania z wakacji kredytowych;<\/p>\n<p>Aasa z Pakietem Korzy\u015bci \u2013 to po\u017cyczka z dobrowolnym Pakietem Us\u0142ug Medycznych. Sk\u0142adka na niego jest kredytowana i op\u0142acana jednorazowo z kwoty po\u017cyczki. Wykupuj\u0105c pakiet, po\u017cyczk\u0119 otrzymamy bezp\u0142atnym przelewem b\u0142yskawicznym, b\u0119dziemy mie\u0107 r\u00f3wnie\u017c mo\u017cliwo\u015b\u0107 skorzystania z wakacji od raty.<\/p>\n<p>Je\u015bli w ramach standardowej po\u017cyczki chcemy po\u017cyczy\u0107 10000 z\u0142, nasza rata rozpocznie si\u0119 od 666,96 z\u0142. Pozosta\u0142e parametry po\u017cyczki to:<\/p>\n<ul>\n<li>Prowizja 9975,00 z\u0142<\/li>\n<li>Odsetki po\u017cyczki do sp\u0142aty 3546,10 z\u0142<\/li>\n<li>Oprocentowanie 20.5% (stopa zmienna)<\/li>\n<li>Ca\u0142kowita kwota do zap\u0142aty 23521,10 z\u0142<\/li>\n<li>RRSO 88,2%<\/li>\n<\/ul>\n<p>Po\u017cyczka w wysoko\u015bci 10000 z\u0142 z wykupionym Pakietem Korzy\u015bci ma raty rozpoczynaj\u0105ce si\u0119 od 746,35 z\u0142. Pozosta\u0142e parametry po\u017cyczki kszta\u0142tuj\u0105 si\u0119 nast\u0119puj\u0105co:<\/p>\n<ul>\n<li>Prowizja 10080,00 z\u0142<\/li>\n<li>Odsetki po\u017cyczki do sp\u0142aty 4255,38 z\u0142<\/li>\n<li>Oprocentowanie 20.5% (stopa sta\u0142a)<\/li>\n<li>Ca\u0142kowita kwota do zap\u0142aty 26335,38 z\u0142<\/li>\n<li>RRSO 77,4%<\/li>\n<li>Kwota do wyp\u0142aty 10000,00 z\u0142<\/li>\n<li>Pakiet Us\u0142ug Medycznych 2000 z\u0142<\/li>\n<\/ul>\n<p>Z kolei po\u017cyczka w wysoko\u015bci 25 000 z\u0142 w ramach standardowej oferty ma rat\u0119 zaczynaj\u0105c\u0105 si\u0119 od 1667,39 z\u0142. Parametry po\u017cyczki s\u0105 nast\u0119puj\u0105ce:<\/p>\n<ul>\n<li>Okres sp\u0142aty po\u017cyczki 36 mies.<\/li>\n<li>Prowizja 24937,50 z\u0142<\/li>\n<li>Odsetki po\u017cyczki do sp\u0142aty 8865,36 z\u0142<\/li>\n<li>Oprocentowanie 20.5% (stopa zmienna)<\/li>\n<li>Ca\u0142kowita kwota do zap\u0142aty 58802,86 z\u0142<\/li>\n<li>RRSO 88,2%.<\/li>\n<\/ul>\n<p>A taka sama kwota przy wyborze \u201cPakietu Korzy\u015bci\u201d skutkuje rat\u0105 od 1679,29 z\u0142 o pozosta\u0142ych parametrach w nast\u0119puj\u0105cej wysoko\u015bci:<\/p>\n<ul>\n<li>Okres sp\u0142aty po\u017cyczki 36 mies.<\/li>\n<li>Prowizja 22680,00 z\u0142<\/li>\n<li>Odsetki po\u017cyczki do sp\u0142aty 9574,53 z\u0142<\/li>\n<li>Oprocentowanie 20.5% (stopa sta\u0142a)<\/li>\n<li>Ca\u0142kowita kwota do zap\u0142aty 59254,53 z\u0142<\/li>\n<li>RRSO 77,4%<\/li>\n<li>Kwota do wyp\u0142aty 25 000,00 z\u0142<\/li>\n<li>Pakiet Us\u0142ug Medycznych 2000 z\u0142<\/li>\n<\/ul>\n<h2>\nWarunki po\u017cyczki w Aasa Polska<\/h2>\n<p>\u017beby wzi\u0105\u0107 po\u017cyczk\u0119 w Aasa Polska powinni\u015bmy spe\u0142ni\u0107 kilka warunk\u00f3w. Najwa\u017cniejsze z nich to:<\/p>\n<ul>\n<li>polskie obywatelstwo i sta\u0142y adres zamieszkania w Polsce,<\/li>\n<li>wiek w przedziale 20 \u2013 80 lat,<\/li>\n<li>sta\u0142y doch\u00f3d,<\/li>\n<li>brak wpis\u00f3w w bazach d\u0142u\u017cnik\u00f3w,<\/li>\n<li>pozytywna ocena zdolno\u015bci kredytowej.<\/li>\n<\/ul>\n<h3>\nDokumenty wymagane do otrzymania po\u017cyczki<\/h3>\n<p>Aasa Polska, podobnie jak wiele firm po\u017cyczkowych, ogranicza formalno\u015bci do niezb\u0119dnego minimum. Dlatego przy sk\u0142adaniu wniosku o po\u017cyczk\u0119 powinni\u015bmy mie\u0107 jedynie dow\u00f3d osobisty.<\/p>\n<p>W indywidualnych, rzadkich, przypadkach po\u017cyczkodawca mo\u017ce poprosi\u0107 nas o dos\u0142anie dokumentu potwierdzaj\u0105cego doch\u00f3d: za\u015bwiadczenia o zatrudnieniu, wyci\u0105gu bankowego lub odcinka renty lub emerytury.<\/p>\n<h3>Formy zatrudnienia<\/h3>\n<p>Paleta form zatrudnienia akceptowanych przez Aasa Polska jest do\u015b\u0107 szeroka. Wniosek po\u017cyczkowy zawiera takie mo\u017cliwo\u015bci okre\u015blenia statusu zatrudnienia, jak:<\/p>\n<ul>\n<li>umowa o prac\u0119\/zlecenie\/dzie\u0142o,<\/li>\n<li>w\u0142asna dzia\u0142alno\u015b\u0107 gospodarcza,<\/li>\n<li>emerytura,<\/li>\n<li>renta,<\/li>\n<li>gospodarstwo rolne,<\/li>\n<li>student,<\/li>\n<li>bezrobotny,<\/li>\n<li>zasi\u0142ek lub alimenty.<\/li>\n<\/ul>\n<h3>\nWeryfikacja w bazie d\u0142u\u017cnik\u00f3w<\/h3>\n<p>Dok\u0142adna weryfikacja przysz\u0142ych klient\u00f3w to jeden z priorytet\u00f3w Aasa Polska. Firma sama o sobie pisze \u201cAasa to odpowiedzialny po\u017cyczkodawca i ka\u017cdy wniosek rozpatrujemy indywidualnie. Chcemy wyp\u0142aca\u0107 po\u017cyczki wy\u0142\u0105cznie osobom, kt\u00f3re maj\u0105 zdolno\u015b\u0107 do sp\u0142aty zaci\u0105gni\u0119tej po\u017cyczki.\u201d To zdanie potwierdza chocia\u017cby imponuj\u0105ca lista rejestr\u00f3w d\u0142u\u017cnik\u00f3w, z kt\u00f3rymi wsp\u00f3\u0142pracuje Aasa.<\/p>\n<h3>Czy Aasa Polska udziela po\u017cyczek na raty bez sprawdzania BIK?<\/h3>\n<p>Nie, Aasa Polska przed udzieleniem po\u017cyczki sprawdza nasze wpisy w kilku bazach d\u0142u\u017cnik\u00f3w:<\/p>\n<ul>\n<li>Biurze Informacji Kredytowej S.A. (BIK),<\/li>\n<li>Biurze Informacji Gospodarczej InfoMonitor S.A. (BIG),<\/li>\n<li>Krajowym Biurze Informacji Gospodarczej S.A. (KBIG)<\/li>\n<li>ERIF Biura Informacji Gospodarczej S.A.<\/li>\n<\/ul>\n<p>Ka\u017cdy wniosek jest traktowany indywidualnie, jednak wpisy w tych rejestrach s\u0105 interpretowane na nasz\u0105 niekorzy\u015b\u0107 i mog\u0105 skutkowa\u0107 odmow\u0105 udzielenia po\u017cyczki.<\/p>\n<h3>Czy Aasa Polska udziela po\u017cyczek dla zad\u0142u\u017conych?<\/h3>\n<p>Sam fakt posiadania innego zobowi\u0105zania nie stoi na przeszkodzie do wzi\u0119cia po\u017cyczki w Aasa Polska. Je\u015bli jednak nie sp\u0142acamy swoich d\u0142ug\u00f3w terminowo, a sytuacja jest na tyle powa\u017cna, \u017ce skutkowa\u0142a wpisem do bazy d\u0142u\u017cnik\u00f3w, najcz\u0119\u015bciej nie b\u0119dziemy mogli liczy\u0107 na pozytywn\u0105 decyzj\u0119 u omawianego po\u017cyczkodawcy.<\/p>\n<h3>Czy w Aasa Polska mo\u017cna wzi\u0105\u0107 po\u017cyczk\u0119 z komornikiem?<\/h3>\n<p>Trudno jednoznacznie odpowiedzie\u0107 na to pytanie, poniewa\u017c ka\u017cda sytuacja jest inna i zostanie indywidualnie oceniona przez algorytm po\u017cyczkodawcy. Zaj\u0119cie komornicze jest niew\u0105tpliwie powa\u017cnym utrudnieniem w ubieganiu si\u0119 o po\u017cyczk\u0119, jednak nie zawsze nasze szanse b\u0119d\u0105 stracone.<\/p>\n<p>Wszystko zale\u017cy od wysoko\u015bci i charakteru d\u0142ugu oraz obecnej sytuacji finansowej klienta. Jednocze\u015bnie warto pami\u0119ta\u0107, \u017ce podanie we wniosku po\u017cyczkowym konta, kt\u00f3re zosta\u0142o zaj\u0119te przez komornika, mo\u017ce spowodowa\u0107 automatyczne zaj\u0119cie ca\u0142ej kwoty.<\/p>\n<h2>Jak wzi\u0105\u0107 po\u017cyczk\u0119 w Aasa Polska?<\/h2>\n<p>Ubieganie si\u0119 o po\u017cyczk\u0119 w Aasa Polska przebiega ca\u0142kowicie online. Wniosek mo\u017cemy z\u0142o\u017cy\u0107 o dowolnej porze, tak\u017ce w niedziel\u0119 i \u015bwi\u0119ta. Proces sk\u0142ada si\u0119 z kilku prostych krok\u00f3w.<\/p>\n<p>Wyb\u00f3r kwoty po\u017cyczki i rozpocz\u0119cie wype\u0142niania wniosku po\u017cyczkowego.<\/p>\n<p>Kwot\u0119 po\u017cyczki mo\u017cemy wybra\u0107 za pomoc\u0105 suwaka dost\u0119pnego na stronie g\u0142\u00f3wnej Aasa Polska. Czas sp\u0142aty jest ustawiony automatycznie na 36 miesi\u0119cy, czyli jedyn\u0105 dost\u0119pn\u0105 w tej firmie d\u0142ugo\u015b\u0107 umowy po\u017cyczkowej. Zmieniaj\u0105c kwot\u0119 po\u017cyczki od razu mamy podgl\u0105d na jej koszty.<\/p>\n<p>Po ustaleniu interesuj\u0105cej nas kwoty, przechodzimy do uzupe\u0142niania wniosku. Na samym pocz\u0105tku wpisujemy w nim podstawowe dane osobowe: imi\u0119 i nazwisko, PESEL, numer dowodu.<\/p>\n<p>Mo\u017cliwo\u015b\u0107 dodania \u201cPakietu Korzy\u015bci\u201d i wype\u0142nienie w\u0142a\u015bciwego wniosku po\u017cyczkowego.<\/p>\n<p>Po klikni\u0119ciu \u201cMam to, id\u0119 dalej\u201d zobaczymy okno z ofert\u0105 \u201cPakietu Korzy\u015bci\u201d.<\/p>\n<p>W jego sk\u0142ad wchodz\u0105 m.in.:<\/p>\n<ul>\n<li>bezp\u0142atny szybki przelew,<\/li>\n<li>Pakiet Us\u0142ug Medycznych zawieraj\u0105cy m.in. konsultacje z internistami i specjalistami, podstawowe badania laboratoryjne, e-recepty i e-skierowania, oceny wynik\u00f3w bada\u0144. Us\u0142ugi s\u0105 \u015bwiadczone przez JP Medica Sp. z o.o.,<\/li>\n<li>wakacje od sp\u0142acania rat.<\/li>\n<\/ul>\n<p>Je\u015bli zdecydujemy si\u0119 na dodanie pakietu do naszej po\u017cyczki, jej koszty zostan\u0105 automatycznie przeliczone, a my mo\u017cemy wr\u00f3ci\u0107 do uzupe\u0142niania wniosku. Na tym etapie zostaniemy poproszeni o wpisanie pozosta\u0142ych danych osobowych: wykszta\u0142cenia, stanu cywilnego i obywatelstwa, a tak\u017ce informacji na temat miejsca zamieszkania.<\/p>\n<p>Na kolejnym ekranie powinni\u015bmy poda\u0107 informacje na temat dochodu: jego wysoko\u015b\u0107, \u017ar\u00f3d\u0142o oraz liczb\u0119 os\u00f3b pozostaj\u0105cych na naszym utrzymaniu. W zale\u017cno\u015bci od wybranego przez nas \u017ar\u00f3d\u0142a dochodu, pojawi\u0105 si\u0119 dodatkowe pola, w kt\u00f3rych powinni\u015bmy wpisa\u0107 np. stanowisko pracy oraz nazw\u0119 i NIP pracodawcy.<\/p>\n<p>Ostatni etap to zaznaczenie zg\u00f3d dotycz\u0105cych przetwarzania naszych danych oraz marketingowych, wskazanie numeru konta, na kt\u00f3ry ma by\u0107 przelana po\u017cyczka, a tak\u017ce wybranie terminu sp\u0142aty rat.<\/p>\n<p><strong>Ocena zdolno\u015bci kredytowej<\/strong><\/p>\n<p>Po wys\u0142aniu wniosku, musimy poczeka\u0107 na ocen\u0119 naszej zdolno\u015bci kredytowej. Jest ona wykonywana automatycznie, najcz\u0119\u015bciej b\u0119dzie gotowa w przeci\u0105gu kilku lub kilkunastu minut.<\/p>\n<p><strong>Decyzja po\u017cyczkowa<\/strong><\/p>\n<p>Je\u015bli decyzja b\u0119dzie negatywna, otrzymamy wiadomo\u015b\u0107 mailow\u0105 z podaniem powodu odrzucenia wniosku. W przypadku decyzji pozytywnej, dostaniemy mail i SMS z informacj\u0105 o przyznaniu po\u017cyczki. W wiadomo\u015bci e-mail znajdziemy r\u00f3wnie\u017c umow\u0119, kt\u00f3r\u0105 nast\u0119pnie mo\u017cemy podpisa\u0107 w naszym Panelu Klienta na stronie Aasa Polska.<\/p>\n<p>Po podpisaniu umowy, got\u00f3wka zostanie przes\u0142ana na nasze konto standardowym przelewem lub szybkim przelewem za 0 z\u0142, je\u015bli wybrali\u015bmy opcj\u0119 po\u017cyczki z \u201cPakietem Korzy\u015bci\u201d.<\/p>\n<h2>Sp\u0142ata po\u017cyczki na raty w Aasa Polska<\/h2>\n<p>Wiemy ju\u017c, \u017ce czas sp\u0142aty po\u017cyczki w Aasa jest sta\u0142y, a wysoko\u015b\u0107 miesi\u0119cznej raty zale\u017cy od ca\u0142kowitej kwoty zobowi\u0105zania. Jak sp\u0142acanie po\u017cyczki wygl\u0105da w praktyce? Czy mo\u017cemy sp\u0142aci\u0107 nasze zobowi\u0105zanie wcze\u015bniej? Co zrobi\u0107 w sytuacji, gdy potrzebujemy przesun\u0105\u0107 termin sp\u0142aty na p\u00f3\u017aniej? Czego mo\u017cemy si\u0119 spodziewa\u0107 w razie op\u00f3\u017anienia w p\u0142atno\u015bci? Sprawd\u017amy!<\/p>\n<h3>Czy mo\u017cliwa jest sp\u0142ata po\u017cyczki ratalnej przed terminem?<\/h3>\n<p>Aasa Polska umo\u017cliwia wcze\u015bniejsz\u0105 sp\u0142at\u0119 po\u017cyczki bez ponoszenia jakichkolwiek koszt\u00f3w. Przed sp\u0142at\u0105 powinni\u015bmy skontaktowa\u0107 si\u0119 z Biurem Obs\u0142ugi Klienta w celu potwierdzenia dok\u0142adnej daty i kwoty pozosta\u0142ej do sp\u0142aty. Dzi\u0119ki temu zmniejszymy koszty po\u017cyczki proporcjonalnie do skr\u00f3cenia czasu trwania zobowi\u0105zania.<\/p>\n<p>Mo\u017cemy r\u00f3wnie\u017c zmieni\u0107 termin sp\u0142aty rat miesi\u0119cznych. W tym celu r\u00f3wnie\u017c powinni\u015bmy skontaktowa\u0107 si\u0119 z Biurem Obs\u0142ugi Klienta.<\/p>\n<h3>Wyd\u0142u\u017cenie terminu sp\u0142aty<\/h3>\n<p>Je\u015bli mamy chwilowe trudno\u015bci z terminow\u0105 sp\u0142at\u0105, mo\u017cemy skorzysta\u0107 z wakacji od raty. W przypadku po\u017cyczki Aasa Standard tak\u0105 mo\u017cliwo\u015b\u0107 mamy raz w trakcie trwania umowy. Klienci, kt\u00f3rzy wykupili \u201cPakiet Korzy\u015bci\u201d z takiej opcji mog\u0105 skorzysta\u0107 dwukrotnie w czasie sp\u0142acania po\u017cyczki.<\/p>\n<p>Odpowiedni\u0105 opcj\u0119 do zg\u0142oszenia wakacji kredytowych znajdziemy w profilu klienta dost\u0119pnym po zalogowaniu na stronie Aasa Polska.<\/p>\n<h3>Brak sp\u0142aty \u2013 co, je\u015bli po\u017cyczka nie zostanie sp\u0142acona na czas<\/h3>\n<p>W sytuacji op\u00f3\u017anienia w sp\u0142acie rat, Aasa Polska wdra\u017ca procedur\u0119 upominawczo-windykacyjn\u0105 opisan\u0105 w umowie. Jej kolejne kroki to:<\/p>\n<ul>\n<li>pierwsze wezwanie do zap\u0142aty<\/li>\n<li>kolejne wezwanie do zap\u0142aty<\/li>\n<li>ostateczne wezwanie do zap\u0142aty<\/li>\n<li>wypowiedzenie umowy po\u017cyczki.<\/li>\n<li>Monity b\u0119d\u0105 do nas przesy\u0142ane mailowo oraz poczt\u0105, firma podejmie tak\u017ce pr\u00f3by kontaktu telefonicznego. Ka\u017cda przes\u0142ana do nas informacja b\u0119dzie zawiera\u0142a wysoko\u015b\u0107 zad\u0142u\u017cenia oraz odsetek, a tak\u017ce wezwanie do ich jak najszybszego uregulowania.<\/li>\n<\/ul>\n<p>Ka\u017cdorazowo op\u0142at\u0119 za dzia\u0142ania opisane powy\u017cej ponosi klient, a ich koszty s\u0105 opisane w umowie po\u017cyczkowej.<\/p>\n<h3>Windykacja w Aasa Polska<\/h3>\n<p>Je\u015bli wspomniane wy\u017cej kroki s\u0105 nieskuteczne, Aasa przeka\u017ce spraw\u0119 do firmy windykacyjnej. Jej g\u0142\u00f3wnym zadaniem b\u0119dzie wyegzekwowanie d\u0142ugu na drodze pozas\u0105dowej. Podejmie w tym zakresie kroki takie jak: telefoniczny, mailowy i pisemny kontakt z po\u017cyczkobiorc\u0105 w celu uregulowania nale\u017cno\u015bci.<\/p>\n<p>Je\u017celi windykacja nie spe\u0142ni swojego zadania, sprawa zostanie przekazana do odpowiedniego s\u0105du i tam rozstrzygni\u0119ta.<\/p>\n<h3>Kolejna po\u017cyczka w Aasa Polska<\/h3>\n<p>Je\u015bli regularnie i bez op\u00f3\u017anie\u0144 sp\u0142acamy nasz\u0105 aktualn\u0105 po\u017cyczk\u0119, Aasa da nam mo\u017cliwo\u015b\u0107 podj\u0119cia kolejnej. Jedynym warunkiem jest sp\u0142acenie przynajmniej po\u0142owy rat bie\u017c\u0105cego zobowi\u0105zania. Wnioskowa\u0107 o kolejn\u0105 po\u017cyczk\u0119 mo\u017cemy za po\u015brednictwem Panelu Klienta na stronie aasapolska.pl.<\/p>\n","protected":false},"excerpt":{"rendered":"<p>Aasa Polska jest jedn\u0105 z najpopularniejszych firm po\u017cyczkowych w naszym kraju. Polski oddzia\u0142 jest cz\u0119\u015bci\u0105 skandynawskiej firmy Aasa Global i [&hellip;]<\/p>\n","protected":false},"author":60,"featured_media":8703,"parent":8676,"menu_order":0,"comment_status":"closed","ping_status":"closed","template":"page_lender.php","meta":{"_acf_changed":false,"yasr_overall_rating":0,"yasr_post_is_review":"","yasr_auto_insert_disabled":"","yasr_review_type":"","footnotes":""},"class_list":["post-8701","page","type-page","status-publish","has-post-thumbnail","hentry"],"acf":[],"yoast_head":"<!-- This site is optimized with the Yoast SEO plugin v27.1.1 - https:\/\/yoast.com\/product\/yoast-seo-wordpress\/ -->\n<title>Aasa Polska | Por\u00f3wnywarka finansowa Rankomat<\/title>\n<meta name=\"robots\" content=\"index, follow, max-snippet:-1, max-image-preview:large, max-video-preview:-1\" \/>\n<link rel=\"canonical\" href=\"https:\/\/rankomat.pl\/finanse\/chwilowki\/firma\/aasa-polska\/\" \/>\n<meta property=\"og:locale\" content=\"pl_PL\" \/>\n<meta property=\"og:type\" content=\"article\" \/>\n<meta property=\"og:title\" content=\"Aasa Polska | Por\u00f3wnywarka finansowa Rankomat\" \/>\n<meta property=\"og:description\" content=\"Aasa Polska jest jedn\u0105 z najpopularniejszych firm po\u017cyczkowych w naszym kraju. Polski oddzia\u0142 jest cz\u0119\u015bci\u0105 skandynawskiej firmy Aasa Global i [&hellip;]\" \/>\n<meta property=\"og:url\" content=\"https:\/\/rankomat.pl\/finanse\/chwilowki\/firma\/aasa-polska\/\" \/>\n<meta property=\"og:site_name\" content=\"Por\u00f3wnywarka finansowa Rankomat\" \/>\n<meta property=\"article:publisher\" content=\"https:\/\/www.facebook.com\/rankomatpl\/\" \/>\n<meta property=\"og:image\" content=\"https:\/\/rankomat.pl\/finanse\/wp-content\/uploads\/2024\/02\/logo-aasa.png\" \/>\n\t<meta property=\"og:image:width\" content=\"250\" \/>\n\t<meta property=\"og:image:height\" content=\"75\" \/>\n\t<meta property=\"og:image:type\" content=\"image\/png\" \/>\n<meta name=\"twitter:card\" content=\"summary_large_image\" \/>\n<meta name=\"twitter:site\" content=\"@rankomat\" \/>\n<meta name=\"twitter:label1\" content=\"Szacowany czas czytania\" \/>\n\t<meta name=\"twitter:data1\" content=\"10 minut\" \/>\n<script type=\"application\/ld+json\" class=\"yoast-schema-graph\">{\"@context\":\"https:\/\/schema.org\",\"@graph\":[{\"@type\":\"ImageObject\",\"inLanguage\":\"pl-PL\",\"@id\":\"https:\/\/rankomat.pl\/finanse\/chwilowki\/firma\/aasa-polska\/#primaryimage\",\"url\":\"https:\/\/rankomat.pl\/finanse\/wp-content\/uploads\/2024\/02\/logo-aasa.png\",\"contentUrl\":\"https:\/\/rankomat.pl\/finanse\/wp-content\/uploads\/2024\/02\/logo-aasa.png\",\"width\":250,\"height\":75,\"caption\":\"logo aasa\"},{\"@type\":\"BreadcrumbList\",\"@id\":\"https:\/\/rankomat.pl\/finanse\/chwilowki\/firma\/aasa-polska\/#breadcrumb\",\"itemListElement\":[{\"@type\":\"ListItem\",\"position\":1,\"name\":\"Finanse\",\"item\":\"https:\/\/rankomat.pl\/finanse\/\"},{\"@type\":\"ListItem\",\"position\":2,\"name\":\"Chwil\u00f3wki\",\"item\":\"https:\/\/rankomat.pl\/finanse\/chwilowki\/\"},{\"@type\":\"ListItem\",\"position\":3,\"name\":\"Listing firm po\u017cyczkowych\",\"item\":\"https:\/\/rankomat.pl\/finanse\/chwilowki\/firma\/\"},{\"@type\":\"ListItem\",\"position\":4,\"name\":\"Aasa Polska\"}]}]}<\/script>\n<!-- \/ Yoast SEO plugin. -->","yoast_head_json":{"title":"Aasa Polska | Por\u00f3wnywarka finansowa Rankomat","robots":{"index":"index","follow":"follow","max-snippet":"max-snippet:-1","max-image-preview":"max-image-preview:large","max-video-preview":"max-video-preview:-1"},"canonical":"https:\/\/rankomat.pl\/finanse\/chwilowki\/firma\/aasa-polska\/","og_locale":"pl_PL","og_type":"article","og_title":"Aasa Polska | Por\u00f3wnywarka finansowa Rankomat","og_description":"Aasa Polska jest jedn\u0105 z najpopularniejszych firm po\u017cyczkowych w naszym kraju. Polski oddzia\u0142 jest cz\u0119\u015bci\u0105 skandynawskiej firmy Aasa Global i [&hellip;]","og_url":"https:\/\/rankomat.pl\/finanse\/chwilowki\/firma\/aasa-polska\/","og_site_name":"Por\u00f3wnywarka finansowa Rankomat","article_publisher":"https:\/\/www.facebook.com\/rankomatpl\/","og_image":[{"width":250,"height":75,"url":"https:\/\/rankomat.pl\/finanse\/wp-content\/uploads\/2024\/02\/logo-aasa.png","type":"image\/png"}],"twitter_card":"summary_large_image","twitter_site":"@rankomat","twitter_misc":{"Szacowany czas czytania":"10 minut"},"schema":{"@context":"https:\/\/schema.org","@graph":[{"@type":"ImageObject","inLanguage":"pl-PL","@id":"https:\/\/rankomat.pl\/finanse\/chwilowki\/firma\/aasa-polska\/#primaryimage","url":"https:\/\/rankomat.pl\/finanse\/wp-content\/uploads\/2024\/02\/logo-aasa.png","contentUrl":"https:\/\/rankomat.pl\/finanse\/wp-content\/uploads\/2024\/02\/logo-aasa.png","width":250,"height":75,"caption":"logo aasa"},{"@type":"BreadcrumbList","@id":"https:\/\/rankomat.pl\/finanse\/chwilowki\/firma\/aasa-polska\/#breadcrumb","itemListElement":[{"@type":"ListItem","position":1,"name":"Finanse","item":"https:\/\/rankomat.pl\/finanse\/"},{"@type":"ListItem","position":2,"name":"Chwil\u00f3wki","item":"https:\/\/rankomat.pl\/finanse\/chwilowki\/"},{"@type":"ListItem","position":3,"name":"Listing firm po\u017cyczkowych","item":"https:\/\/rankomat.pl\/finanse\/chwilowki\/firma\/"},{"@type":"ListItem","position":4,"name":"Aasa Polska"}]}]}},"yasr_visitor_votes":{"stars_attributes":{"read_only":false,"span_bottom":false},"number_of_votes":0,"sum_votes":0},"_links":{"self":[{"href":"https:\/\/rankomat.pl\/finanse\/wp-json\/wp\/v2\/pages\/8701","targetHints":{"allow":["GET"]}}],"collection":[{"href":"https:\/\/rankomat.pl\/finanse\/wp-json\/wp\/v2\/pages"}],"about":[{"href":"https:\/\/rankomat.pl\/finanse\/wp-json\/wp\/v2\/types\/page"}],"author":[{"embeddable":true,"href":"https:\/\/rankomat.pl\/finanse\/wp-json\/wp\/v2\/users\/60"}],"replies":[{"embeddable":true,"href":"https:\/\/rankomat.pl\/finanse\/wp-json\/wp\/v2\/comments?post=8701"}],"version-history":[{"count":0,"href":"https:\/\/rankomat.pl\/finanse\/wp-json\/wp\/v2\/pages\/8701\/revisions"}],"up":[{"embeddable":true,"href":"https:\/\/rankomat.pl\/finanse\/wp-json\/wp\/v2\/pages\/8676"}],"wp:featuredmedia":[{"embeddable":true,"href":"https:\/\/rankomat.pl\/finanse\/wp-json\/wp\/v2\/media\/8703"}],"wp:attachment":[{"href":"https:\/\/rankomat.pl\/finanse\/wp-json\/wp\/v2\/media?parent=8701"}],"curies":[{"name":"wp","href":"https:\/\/api.w.org\/{rel}","templated":true}]}}