{"id":8704,"date":"2024-02-14T13:26:23","date_gmt":"2024-02-14T12:26:23","guid":{"rendered":"https:\/\/rankomat.pl\/finanse\/?page_id=8704"},"modified":"2024-02-14T13:26:23","modified_gmt":"2024-02-14T12:26:23","slug":"creditstar","status":"publish","type":"page","link":"https:\/\/rankomat.pl\/finanse\/chwilowki\/firma\/creditstar\/","title":{"rendered":"CreditStar"},"content":{"rendered":"<p><strong>CreditStar jest cz\u0119\u015bci\u0105 du\u017cej grupy finansowej CreditStar Group, kt\u00f3ra udziela po\u017cyczek tak\u017ce w innych krajach europejskich. Dzia\u0142a ona od 2006 roku z jedn\u0105 przerw\u0105 w czasie pandemii COVID-19. Aktualnie oferuje zar\u00f3wno mikropo\u017cyczki, jak i po\u017cyczki zbli\u017cone do kredyt\u00f3w bankowych z okresem sp\u0142aty od kilku miesi\u0119cy do nawet dw\u00f3ch lat.<\/strong><\/p>\n<h2>Ile mog\u0119 po\u017cyczy\u0107 w CreditStar?<\/h2>\n<p>CreditStar to firma, kt\u00f3ra jest gotowa zaoferowa\u0107 po\u017cyczenie nawet znacznej kwoty pod warunkiem, \u017ce po\u017cyczkobiorca ma odpowiedni\u0105 zdolno\u015b\u0107 kredytow\u0105. CreditStar oferuje dwa r\u00f3\u017cne typy po\u017cyczek.<\/p>\n<p>Pierwszy z nich to mikropo\u017cyczki, zaci\u0105gane na okres od jednego do 3 miesi\u0119cy. W tej kategorii klient mo\u017ce po\u017cyczy\u0107 minimalnie 250 z\u0142. Maksymaln\u0105 warto\u015bci\u0105 jest w tym wypadku 5000 z\u0142.<\/p>\n<p>Opr\u00f3cz tego firma oferuje po\u017cyczki na 4-24 miesi\u0105ce. Korzystaj\u0105c z nich mo\u017cna po\u017cyczy\u0107 znacznie wi\u0119ksz\u0105 kwot\u0119, kt\u00f3ra zaczyna si\u0119 od 5000 z\u0142, a ko\u0144czy na a\u017c 22 000 z\u0142.<\/p>\n<p>W CreditStar po\u017cyczysz od 250 z\u0142 do 22 000 z\u0142. Je\u015bli to Twoja pierwsza mikropo\u017cyczka, obowi\u0105zuje limit maksymalny do 1000 z\u0142. Nie obowi\u0105zuje on w przypadku po\u017cyczek ratalnych.<\/p>\n<h2>Na jak d\u0142ugo mog\u0119 po\u017cyczy\u0107 w CreditStar?<\/h2>\n<p>Pod wzgl\u0119dem okresu kredytowania CreditStar jest bardzo elastycznym po\u017cyczkodawc\u0105. Przede wszystkim pozwala wybra\u0107 termin sp\u0142aty (i tym samym ilo\u015b\u0107 rat) swoim klientom. Maj\u0105 oni mo\u017cliwo\u015b\u0107 sp\u0142aci\u0107 ca\u0142\u0105 po\u017cyczk\u0119 w 4 miesi\u0105ce, ale te\u017c rozci\u0105gn\u0105\u0107 sp\u0142at\u0119 na pe\u0142ne 2 lata (24 miesi\u0105ce). W przypadku mikropo\u017cyczki do 5000 z\u0142 okres sp\u0142aty wynosi od 1 do 3 miesi\u0119cy.<\/p>\n<p>Okres sp\u0142aty jest dostosowany do kwoty, jak\u0105 mo\u017cesz po\u017cyczy\u0107 w CreditStar. Mo\u017cesz zaci\u0105gn\u0105\u0107 chwil\u00f3wk\u0119 i odda\u0107 pieni\u0105dze w ci\u0105gu miesi\u0105ca. Masz te\u017c mo\u017cliwo\u015b\u0107 zaci\u0105gn\u0105\u0107 powa\u017cniejsze zobowi\u0105zanie, kt\u00f3re sp\u0142acisz w ratach w ci\u0105gu roku lub dw\u00f3ch.<\/p>\n<p>W CreditStar po\u017cyczysz pieni\u0105dze na od 1 do 24 miesi\u0119cy w zale\u017cno\u015bci od Twojej decyzji i wysoko\u015bci kwoty, kt\u00f3rej potrzebujesz.<\/p>\n<h2>Koszty po\u017cyczki w CreditStar<\/h2>\n<p>Koszty po\u017cyczki w CreditStar uzale\u017cnione s\u0105 przede wszystkim od po\u017cyczanej kwoty i okresu sp\u0142aty. Im d\u0142u\u017cej sp\u0142acasz po\u017cyczk\u0119 tym jest ona dro\u017csza. Warto wi\u0119c policzy\u0107 ca\u0142kowite koszty, zanim zaci\u0105gnie si\u0119 zobowi\u0105zanie. Kalkulator dost\u0119pny na stronie CreditStar pozwala obliczy\u0107 jedynie wysoko\u015b\u0107 raty, ale nie powinno to by\u0107 szczeg\u00f3lnym utrudnieniem.<\/p>\n<p>Po\u017cyczaj\u0105c minimaln\u0105 kwot\u0119 na minimalny okres, czy 250 z\u0142 na 1 miesi\u0105c, sp\u0142acisz w CreditStar 292 z\u0142 84 gr Ponad 40 z\u0142 koszt\u00f3w po\u017cyczki to do\u015b\u0107 sporo.<\/p>\n<p>Przy po\u017cyczce na kwot\u0119 1000 z\u0142, b\u0119dzie to ju\u017c 171 z\u0142 i 37 gr \u0141atwo wi\u0119c mo\u017cna policzy\u0107, \u017ce po\u017cyczenie pieni\u0119dzy na miesi\u0105c kosztuje ponad 17% po\u017cyczonej kwoty. Ta sama kwota roz\u0142o\u017cona na 3 raty b\u0119dzie Ci\u0119 jednak kosztowa\u0107 prawie 198 z\u0142 32 gr.<\/p>\n<p>Procentowy koszt po\u017cyczki stopniowo spada wraz z jej wysoko\u015bci\u0105. Po\u017cyczaj\u0105c 5000 z\u0142 zap\u0142acisz koszty w wysoko\u015bci:<\/p>\n<ul>\n<li>5856 z\u0142 85 gr, gdy oddasz po\u017cyczon\u0105 kwot\u0119 w ci\u0105gu miesi\u0105ca<\/li>\n<li>5991 z\u0142 57 gr rozk\u0142adaj\u0105c sp\u0142at\u0119 na 3 raty.<\/li>\n<\/ul>\n<p>Je\u015bli wybierzesz wi\u0119ksz\u0105 po\u017cyczk\u0119 i zdecydujesz si\u0119 sp\u0142aci\u0107 10 000 z\u0142 w ci\u0105gu roku, to koszty wynios\u0105 3504 z\u0142 i 8 gr. Po\u017cyczki w CreditStar s\u0105 wi\u0119c wyra\u017anie dro\u017csze od bankowych.<\/p>\n<p>Warunki otrzymania po\u017cyczki w CreditStar<br \/>\nWarunkiem otrzymania po\u017cyczki w CreditStar jest oczywi\u015bcie posiadanie odpowiedniej zdolno\u015bci kredytowej. Trudno oczekiwa\u0107, \u017ceby firma gotowa by\u0142a po\u017cyczy\u0107 22 000 z\u0142 w ciemno.<\/p>\n<p>Poza tym musisz spe\u0142ni\u0107 typowe warunki stawiane przez niemal wszystkich po\u017cyczkodawc\u00f3w. Spe\u0142nisz je, je\u015bli:<\/p>\n<ul>\n<li>Masz uko\u0144czonej 18 lat<\/li>\n<li>Legitymujesz si\u0119 wa\u017cnym dowodem osobistym<\/li>\n<li>Osi\u0105gasz sta\u0142e dochody<\/li>\n<li>Masz za\u0142o\u017cone konto bankowe (CreditStar nie wyp\u0142aca po\u017cyczek w got\u00f3wce)<\/li>\n<li>Dysponujesz w\u0142asnym numerem telefonu kom\u00f3rkowego<\/li>\n<li>Prawid\u0142owo wype\u0142nisz wniosek<\/li>\n<\/ul>\n<p>Oczywi\u015bcie firma dokonuje te\u017c weryfikacji, \u017ceby potwierdzi\u0107 prawdziwo\u015b\u0107 przekazanych informacji i brak zaleg\u0142o\u015bci w sp\u0142atach poprzednich zobowi\u0105za\u0144.<\/p>\n<h3>Dokumenty wymagane do otrzymania po\u017cyczki<\/h3>\n<p>Creditstar stawia na czyteln\u0105 i prost\u0105 form\u0119 sk\u0142adania wniosku. Przy po\u017cyczkach na nisk\u0105 kwot\u0119 wystarczy posiada\u0107 aktualny dow\u00f3d osobisty. Je\u015bli wnioskujesz o po\u017cyczk\u0119 rataln\u0105 na wysok\u0105 kwot\u0119 to mo\u017ce pojawi\u0107 si\u0119 konieczno\u015b\u0107 udokumentowania osi\u0105ganych dochod\u00f3w.<\/p>\n<h3>Formy zatrudnienia<\/h3>\n<p>Forma zatrudnienia nie ma dla Creditstar takiego znaczenia, jak wysoko\u015b\u0107 i stabilno\u015b\u0107 osi\u0105ganych przez wnioskodawc\u0119 dochod\u00f3w. Dzi\u0119ki temu o po\u017cyczk\u0119 mog\u0105 ubiega\u0107 si\u0119 m.in. studenci, osoby zatrudnione na podstawie umowy cywilnoprawne, emeryci czy freelancerzy.<\/p>\n<p>Pami\u0119taj, \u017ce Creditstar ceni sobie prawdom\u00f3wno\u015b\u0107, dlatego nie warto podawa\u0107 nieprawdziwych danych w trakcie wype\u0142niania wniosku.<\/p>\n<h2>Weryfikacja w bazie d\u0142u\u017cnik\u00f3w<\/h2>\n<p>Aktualnie wszystkie firmy po\u017cyczkowe dokonuj\u0105 przynajmniej weryfikacji w bazach d\u0142u\u017cnik\u00f3w. Tak samo jest w przypadku CreditStar. Firma korzysta z baz d\u0142u\u017cnik\u00f3w i informuje na stronie, \u017ce nie udzieli po\u017cyczki osobom, kt\u00f3re tam widniej\u0105. Opr\u00f3cz po\u017cyczki konsolidacyjnej oczywi\u015bcie.<\/p>\n<h3>Czy CreditStar udziela po\u017cyczek na raty bez sprawdzania w bazie BIK?<\/h3>\n<p>Aktualnie wszyscy po\u017cyczkodawcy maj\u0105 dost\u0119p do BIK. Sprawdzenie, czy klient nie widnieje tam jako nierzetelny sp\u0142acaj\u0105cy jest standardow\u0105 i niemal ca\u0142kowicie zautomatyzowan\u0105 procedur\u0105.<\/p>\n<p>Wpis w BIK nie zawsze wyklucza uzyskanie po\u017cyczki, zw\u0142aszcza w przypadku CreditStar, kt\u00f3re oferuje po\u017cyczki konsolidacyjne, ale zawsze trzeba za\u0142o\u017cy\u0107, \u017ce po\u017cyczkodawca sprawdzi tam informacje o tobie.<\/p>\n<h3>Czy CreditStar udziela po\u017cyczek dla zad\u0142u\u017conych?<\/h3>\n<p>CreditStar posiada w swojej ofercie specjaln\u0105 po\u017cyczk\u0119, kt\u00f3r\u0105 mo\u017cna wykorzysta\u0107 na sp\u0142at\u0119 wcze\u015bniejszego zad\u0142u\u017cenia. Po\u017cyczka ta nie jest wyp\u0142acana po\u017cyczkobiorcy, a bezpo\u015brednio przelewana na konta jego wierzycieli.<\/p>\n<p>Jest to rozwi\u0105zanie przeznaczone dla os\u00f3b, kt\u00f3re zaci\u0105gn\u0119\u0142y po\u017cyczki na bardzo niekorzystnych warunkach i nie s\u0105 w stanie ich sp\u0142aci\u0107. Wybieraj\u0105c po\u017cyczk\u0119 konsolidacyjn\u0105 w CreditStar mog\u0105 roz\u0142o\u017cy\u0107 sp\u0142at\u0119 na d\u0142u\u017cszy termin. Taka po\u017cyczka kosztuje, ale mo\u017ce by\u0107 jedynym rozwi\u0105zaniem by sp\u0142aci\u0107 d\u0142ugi.<\/p>\n<h3>Czy w CreditStar mo\u017cna wzi\u0105\u0107 po\u017cyczk\u0119 z komornikiem?<\/h3>\n<p>Je\u015bli rozpocz\u0119\u0142y si\u0119 przeciw Tobie dzia\u0142ania komornicze, zaci\u0105ganie po\u017cyczki nie jest dobrym pomys\u0142em. Ponadto jest bardzo utrudnione. Firmy takiej jak CreditStar sprawdzaj\u0105 powszechne bazy d\u0142u\u017cnik\u00f3w i udzielaj\u0105 po\u017cyczek tylko osobom, kt\u00f3re nie s\u0105 celem komornika.<\/p>\n<h3>Jak wzi\u0105\u0107 po\u017cyczk\u0119 w CreditStar?<\/h3>\n<p>\u017beby zaci\u0105gn\u0105\u0107 po\u017cyczk\u0119 w CreditStar, musisz przede wszystkim za\u0142o\u017cy\u0107 konto (profil klienta) na stronie creditstar.pl. Dokonuj\u0105c rejestracji wype\u0142nisz jednocze\u015bnie formularz z danymi osobowymi, zaakceptujesz zgody RODO i marketingowe, a tak\u017ce zabezpieczysz dost\u0119p has\u0142em.<\/p>\n<p>Mo\u017cesz rozpocz\u0105\u0107 proces rejestracji zar\u00f3wno przed, jak i po wst\u0119pnym okre\u015bleniu po\u017cyczki (kwoty i okresu sp\u0142aty), z kt\u00f3rej chcesz skorzysta\u0107.<\/p>\n<p>Je\u015bli masz ju\u017c za\u0142o\u017cone wcze\u015bniej konto w CreditStar, mo\u017cesz pomin\u0105\u0107 ten etap. Wystarczy, \u017ce okre\u015blisz warunki po\u017cyczki, jakiej potrzebujesz.<\/p>\n<p>Po wype\u0142nieniu wniosku potrzebna b\u0119dzie weryfikacja \u2013 wykonasz j\u0105 za pomoc\u0105 1-groszowego przelewu na konto CreditStar. Mo\u017cesz te\u017c dokona\u0107 weryfikacji online.<\/p>\n<p>W tym momencie musisz zaczeka\u0107 a\u017c CreditStar dokona weryfikacji Twoich zdolno\u015bci p\u0142atniczych, mi\u0119dzy innymi sprawdzaj\u0105c Ci\u0119 w bazach d\u0142u\u017cnik\u00f3w. W przypadku po\u017cyczek ratalnych na wi\u0119ksze kwoty pracownik CreditStar mo\u017ce skontaktowa\u0107 si\u0119 z Tob\u0105 i poprosi\u0107 o dodatkowe informacje lub dokumenty.<\/p>\n<p>Je\u015bli wniosek zostanie rozpatrzony pozytywnie, pieni\u0105dze trafi\u0105 na Twoje konto w ci\u0105gu 15 minut.<\/p>\n<h2>Sp\u0142ata po\u017cyczki w CreditStar<\/h2>\n<p>CreditStar przypomina o terminach sp\u0142at kolejnych rat wysy\u0142aj\u0105c Ci wiadomo\u015bci email, mo\u017cesz te\u017c sprawdzi\u0107 saldo zad\u0142u\u017cenia i terminy sp\u0142at loguj\u0105c si\u0119 do systemu CreditStar.<\/p>\n<p>Sp\u0142at dokonasz wykonuj\u0105c przelew na konto \u2013 poniewa\u017c CreditStar ma swoje konta we wszystkich bankach, powinien zosta\u0107 Ci wskazany numer konta w Twoim banku, na kt\u00f3re mo\u017cesz dokonywa\u0107 sp\u0142at.<\/p>\n<p>W poleceniu zap\u0142aty zawsze podawaj prawid\u0142owy numer referencyjny dotycz\u0105cy Twojej po\u017cyczki.<\/p>\n<h3>Czy mo\u017cliwa jest sp\u0142ata po\u017cyczki przed terminem?<\/h3>\n<p>Oczywi\u015bcie ka\u017cd\u0105 po\u017cyczk\u0119 mo\u017cesz sp\u0142aci\u0107 przed terminem. Nie zmienia to wiele w przypadku chwil\u00f3wek, ale je\u015bli sp\u0142acisz po\u017cyczk\u0119 rataln\u0105 na kilka miesi\u0119cy przed terminem, mo\u017cesz odzyska\u0107 cz\u0119\u015b\u0107 prowizji, CreditStar nie naliczy Ci odsetek za okres, o kt\u00f3ry skr\u00f3cisz sp\u0142at\u0119. Zmniejszy to koszty ca\u0142kowite koszty po\u017cyczki. Pami\u0119taj jednak, \u017ce o zwrot nadp\u0142aconej prowizji musisz si\u0119 upomnie\u0107 ju\u017c po sp\u0142acie ca\u0142o\u015bci po\u017cyczki.<\/p>\n<h3>Wyd\u0142u\u017cenie terminu sp\u0142aty<\/h3>\n<p>Zawsze, kiedy masz trudno\u015bci ze sp\u0142at\u0105 po\u017cyczki w CreditStar, skontaktuj si\u0119 z dzia\u0142em windykacji firmy dzwoni\u0105c na numer:<\/p>\n<ul>\n<li>22 307 48 23l<\/li>\n<li>lub wysy\u0142aj\u0105c e-mail na:<br \/>\nkontakt@creditstar.pl<\/li>\n<\/ul>\n<p>CreditStar ma w swojej ofercie po\u017cyczki konsolidacyjne i oferuje mo\u017cliwo\u015b\u0107 wyd\u0142u\u017cenia terminu sp\u0142aty. Wi\u0105\u017ce si\u0119 to z dodatkowymi kosztami i ponownym sprawdzeniem zdolno\u015bci kredytowej, ale jest jak najbardziej mo\u017cliwe, a procedura jest wyj\u0105tkowo prosta.<\/p>\n<h3>Brak sp\u0142aty \u2013 co, je\u015bli po\u017cyczka nie zostanie sp\u0142acona na czas?<\/h3>\n<p>CreditStar naliczy Ci do\u015b\u0107 kosztowne kary umowne, je\u015bli nie sp\u0142acisz po\u017cyczki w terminie i wezwie Ci\u0119 do zap\u0142aty w okre\u015blonym terminie. Je\u015bli b\u0119dziesz powa\u017cnie op\u00f3\u017ania\u0107 si\u0119 ze sp\u0142at\u0105, firma prawdopodobnie skieruje spraw\u0119 do s\u0105du.<\/p>\n<h3>Windykacja w CreditStar<\/h3>\n<p>Z dzia\u0142em windykacji mo\u017cesz skontaktowa\u0107 si\u0119 dzwoni\u0105c na infolini\u0119<br \/>\n22 307 48 23<br \/>\nlub wysy\u0142aj\u0105c e-mail na:<br \/>\nkontakt@creditstar.pl<\/p>\n<p>CreditStar dzia\u0142a na polskim rynku bardzo d\u0142ugo i na pewno firmie nie uda\u0142oby si\u0119 to bez sprawnego, efektywnego dzia\u0142u windykacji. Dlatego lepiej sp\u0142acaj swoje zobowi\u0105zania w terminie.<\/p>\n<h2>Kolejna po\u017cyczka w CreditStar<\/h2>\n<p>W przypadku mikropo\u017cyczek sp\u0142ata pierwszej mikropo\u017cyczki do 1000 z\u0142 umo\u017cliwia zaci\u0105ganie wi\u0119kszych \u201cmikropo\u017cyczek\u201d nawet do 5000 z\u0142. W przypadku po\u017cyczek ratalnych i konsolidacyjnych kolejna po\u017cyczka mo\u017ce by\u0107 udzielona po sp\u0142acie poprzedniej, ale warunki, na jakich jest przyznawana si\u0119 nie zmieniaj\u0105.<\/p>\n","protected":false},"excerpt":{"rendered":"<p>CreditStar jest cz\u0119\u015bci\u0105 du\u017cej grupy finansowej CreditStar Group, kt\u00f3ra udziela po\u017cyczek tak\u017ce w innych krajach europejskich. Dzia\u0142a ona od 2006 [&hellip;]<\/p>\n","protected":false},"author":60,"featured_media":8705,"parent":8676,"menu_order":0,"comment_status":"closed","ping_status":"closed","template":"page_lender.php","meta":{"_acf_changed":false,"yasr_overall_rating":0,"yasr_post_is_review":"","yasr_auto_insert_disabled":"","yasr_review_type":"","footnotes":""},"class_list":["post-8704","page","type-page","status-publish","has-post-thumbnail","hentry"],"acf":[],"yoast_head":"<!-- This site is optimized with the Yoast SEO plugin v27.1.1 - https:\/\/yoast.com\/product\/yoast-seo-wordpress\/ -->\n<title>CreditStar - sprawd\u017a oferty bankowe | Por\u00f3wnywarka finansowa Rankomat<\/title>\n<meta name=\"robots\" content=\"index, follow, max-snippet:-1, max-image-preview:large, max-video-preview:-1\" \/>\n<link rel=\"canonical\" href=\"https:\/\/rankomat.pl\/finanse\/chwilowki\/firma\/creditstar\/\" \/>\n<meta property=\"og:locale\" content=\"pl_PL\" \/>\n<meta property=\"og:type\" content=\"article\" \/>\n<meta property=\"og:title\" content=\"CreditStar - sprawd\u017a {{count_bank_59}} | Por\u00f3wnywarka finansowa Rankomat\" \/>\n<meta property=\"og:description\" content=\"CreditStar jest cz\u0119\u015bci\u0105 du\u017cej grupy finansowej CreditStar Group, kt\u00f3ra udziela po\u017cyczek tak\u017ce w innych krajach europejskich. Dzia\u0142a ona od 2006 [&hellip;]\" \/>\n<meta property=\"og:url\" content=\"https:\/\/rankomat.pl\/finanse\/chwilowki\/firma\/creditstar\/\" \/>\n<meta property=\"og:site_name\" content=\"Por\u00f3wnywarka finansowa Rankomat\" \/>\n<meta property=\"article:publisher\" content=\"https:\/\/www.facebook.com\/rankomatpl\/\" \/>\n<meta property=\"og:image\" content=\"https:\/\/rankomat.pl\/finanse\/wp-content\/uploads\/2024\/02\/credistar-logo.png\" \/>\n\t<meta property=\"og:image:width\" content=\"250\" \/>\n\t<meta property=\"og:image:height\" content=\"75\" \/>\n\t<meta property=\"og:image:type\" content=\"image\/png\" \/>\n<meta name=\"twitter:card\" content=\"summary_large_image\" \/>\n<meta name=\"twitter:site\" content=\"@rankomat\" \/>\n<meta name=\"twitter:label1\" content=\"Szacowany czas czytania\" \/>\n\t<meta name=\"twitter:data1\" content=\"9 minut\" \/>\n<script type=\"application\/ld+json\" class=\"yoast-schema-graph\">{\"@context\":\"https:\/\/schema.org\",\"@graph\":[{\"@type\":\"ImageObject\",\"inLanguage\":\"pl-PL\",\"@id\":\"https:\/\/rankomat.pl\/finanse\/chwilowki\/firma\/creditstar\/#primaryimage\",\"url\":\"https:\/\/rankomat.pl\/finanse\/wp-content\/uploads\/2024\/02\/credistar-logo.png\",\"contentUrl\":\"https:\/\/rankomat.pl\/finanse\/wp-content\/uploads\/2024\/02\/credistar-logo.png\",\"width\":250,\"height\":75,\"caption\":\"credistar logo\"},{\"@type\":\"BreadcrumbList\",\"@id\":\"https:\/\/rankomat.pl\/finanse\/chwilowki\/firma\/creditstar\/#breadcrumb\",\"itemListElement\":[{\"@type\":\"ListItem\",\"position\":1,\"name\":\"Finanse\",\"item\":\"https:\/\/rankomat.pl\/finanse\/\"},{\"@type\":\"ListItem\",\"position\":2,\"name\":\"Chwil\u00f3wki\",\"item\":\"https:\/\/rankomat.pl\/finanse\/chwilowki\/\"},{\"@type\":\"ListItem\",\"position\":3,\"name\":\"Listing firm po\u017cyczkowych\",\"item\":\"https:\/\/rankomat.pl\/finanse\/chwilowki\/firma\/\"},{\"@type\":\"ListItem\",\"position\":4,\"name\":\"CreditStar\"}]}]}<\/script>\n<!-- \/ Yoast SEO plugin. -->","yoast_head_json":{"title":"CreditStar - sprawd\u017a oferty bankowe | Por\u00f3wnywarka finansowa Rankomat","robots":{"index":"index","follow":"follow","max-snippet":"max-snippet:-1","max-image-preview":"max-image-preview:large","max-video-preview":"max-video-preview:-1"},"canonical":"https:\/\/rankomat.pl\/finanse\/chwilowki\/firma\/creditstar\/","og_locale":"pl_PL","og_type":"article","og_title":"CreditStar - sprawd\u017a {{count_bank_59}} | Por\u00f3wnywarka finansowa Rankomat","og_description":"CreditStar jest cz\u0119\u015bci\u0105 du\u017cej grupy finansowej CreditStar Group, kt\u00f3ra udziela po\u017cyczek tak\u017ce w innych krajach europejskich. Dzia\u0142a ona od 2006 [&hellip;]","og_url":"https:\/\/rankomat.pl\/finanse\/chwilowki\/firma\/creditstar\/","og_site_name":"Por\u00f3wnywarka finansowa Rankomat","article_publisher":"https:\/\/www.facebook.com\/rankomatpl\/","og_image":[{"width":250,"height":75,"url":"https:\/\/rankomat.pl\/finanse\/wp-content\/uploads\/2024\/02\/credistar-logo.png","type":"image\/png"}],"twitter_card":"summary_large_image","twitter_site":"@rankomat","twitter_misc":{"Szacowany czas czytania":"9 minut"},"schema":{"@context":"https:\/\/schema.org","@graph":[{"@type":"ImageObject","inLanguage":"pl-PL","@id":"https:\/\/rankomat.pl\/finanse\/chwilowki\/firma\/creditstar\/#primaryimage","url":"https:\/\/rankomat.pl\/finanse\/wp-content\/uploads\/2024\/02\/credistar-logo.png","contentUrl":"https:\/\/rankomat.pl\/finanse\/wp-content\/uploads\/2024\/02\/credistar-logo.png","width":250,"height":75,"caption":"credistar logo"},{"@type":"BreadcrumbList","@id":"https:\/\/rankomat.pl\/finanse\/chwilowki\/firma\/creditstar\/#breadcrumb","itemListElement":[{"@type":"ListItem","position":1,"name":"Finanse","item":"https:\/\/rankomat.pl\/finanse\/"},{"@type":"ListItem","position":2,"name":"Chwil\u00f3wki","item":"https:\/\/rankomat.pl\/finanse\/chwilowki\/"},{"@type":"ListItem","position":3,"name":"Listing firm po\u017cyczkowych","item":"https:\/\/rankomat.pl\/finanse\/chwilowki\/firma\/"},{"@type":"ListItem","position":4,"name":"CreditStar"}]}]}},"yasr_visitor_votes":{"stars_attributes":{"read_only":false,"span_bottom":false},"number_of_votes":0,"sum_votes":0},"_links":{"self":[{"href":"https:\/\/rankomat.pl\/finanse\/wp-json\/wp\/v2\/pages\/8704","targetHints":{"allow":["GET"]}}],"collection":[{"href":"https:\/\/rankomat.pl\/finanse\/wp-json\/wp\/v2\/pages"}],"about":[{"href":"https:\/\/rankomat.pl\/finanse\/wp-json\/wp\/v2\/types\/page"}],"author":[{"embeddable":true,"href":"https:\/\/rankomat.pl\/finanse\/wp-json\/wp\/v2\/users\/60"}],"replies":[{"embeddable":true,"href":"https:\/\/rankomat.pl\/finanse\/wp-json\/wp\/v2\/comments?post=8704"}],"version-history":[{"count":0,"href":"https:\/\/rankomat.pl\/finanse\/wp-json\/wp\/v2\/pages\/8704\/revisions"}],"up":[{"embeddable":true,"href":"https:\/\/rankomat.pl\/finanse\/wp-json\/wp\/v2\/pages\/8676"}],"wp:featuredmedia":[{"embeddable":true,"href":"https:\/\/rankomat.pl\/finanse\/wp-json\/wp\/v2\/media\/8705"}],"wp:attachment":[{"href":"https:\/\/rankomat.pl\/finanse\/wp-json\/wp\/v2\/media?parent=8704"}],"curies":[{"name":"wp","href":"https:\/\/api.w.org\/{rel}","templated":true}]}}