{"id":8707,"date":"2024-02-14T13:26:44","date_gmt":"2024-02-14T12:26:44","guid":{"rendered":"https:\/\/rankomat.pl\/finanse\/?page_id=8707"},"modified":"2024-02-14T13:26:44","modified_gmt":"2024-02-14T12:26:44","slug":"ekassa","status":"publish","type":"page","link":"https:\/\/rankomat.pl\/finanse\/chwilowki\/firma\/ekassa\/","title":{"rendered":"Ekassa"},"content":{"rendered":"<p><strong>Ekassa to portal internetowy, w kt\u00f3rym znajdziemy kr\u00f3tkoterminowe po\u017cyczki online. Platforma wsp\u00f3\u0142pracuje z kilkoma firmami po\u017cyczkowymi (m.in. ProstyKredyt Sp. z o.o., PayDayLend Sp. z o.o., Ekassa Sp. z o.o.), dlatego jej oferta jest bogata i dopasowana do potrzeb r\u00f3\u017cnych klient\u00f3w.<\/strong><\/p>\n<p>Po\u017cyczki udzielane przez portal Ekassa wyr\u00f3\u017cnia forma \u2013 s\u0105 to chwil\u00f3wki sp\u0142acane w formie cotygodniowych rat. Oferta serwisu jest skierowana nie tylko do klient\u00f3w z perfekcyjn\u0105 zdolno\u015bci\u0105 kredytow\u0105, ale tak\u017ce do os\u00f3b zad\u0142u\u017conych. Ca\u0142y proces ubiegania si\u0119 o po\u017cyczk\u0119 jest dost\u0119pny online, a wnioski po\u017cyczkowe s\u0105 rozpatrywane w kilkana\u015bcie minut.<\/p>\n<p>Serwis nale\u017cy do sp\u00f3\u0142ki TAMGACOM LLC, z siedzib\u0105 w Zjednoczonych Emiratach Arabskich, kt\u00f3ra specjalizuje si\u0119 w platformach po\u017cyczkowych tego typu.<\/p>\n<h2>Ile mog\u0119 po\u017cyczy\u0107 w Ekassa?<\/h2>\n<p>Serwis oferuje po\u017cyczki w przedziale od 2000 z\u0142 do a\u017c 9000 z\u0142. G\u00f3rna granica jest o tyle wyj\u0105tkowa, \u017ce mowa o chwil\u00f3wkach, a te najcz\u0119\u015bciej s\u0105 dost\u0119pne w znacznie ni\u017cszych kwotach, rz\u0119du 3-6 tys. z\u0142.<\/p>\n<h2>Na jak d\u0142ugo mog\u0119 po\u017cyczy\u0107 w Ekassa?<\/h2>\n<p>Po\u017cyczk\u0119 w Ekassa mo\u017cemy wzi\u0105\u0107 na 8 lub 12 tygodni. To zdecydowanie wyr\u00f3\u017cnia firm\u0119 na tle konkurencji, poniewa\u017c najcz\u0119\u015bciej mamy do czynienia z chwil\u00f3wkami sp\u0142acanymi w 1-2 ratach lub po\u017cyczkami ratalnymi na kilkana\u015bcie czy kilkadziesi\u0105t miesi\u0119cy. Tymczasem chwil\u00f3wki od Ekassa s\u0105 rozk\u0142adane na tygodniowe raty, kt\u00f3re sp\u0142acamy w ci\u0105gu 2 lub 3 miesi\u0119cy.<\/p>\n<h2>Koszty po\u017cyczki w Ekassa<\/h2>\n<p>W Ekassa mo\u017cemy po\u017cyczy\u0107 pieni\u0105dze w kilku wariantach d\u0142ugo\u015bci sp\u0142aty. Po\u017cyczkodawca nie ma promocji dla nowych klient\u00f3w, dla wszystkich koszty po\u017cyczki s\u0105 takie same. Przyjrzyjmy si\u0119 kilku ofertom:<\/p>\n<ul>\n<li>Kwota po\u017cyczki: 3 000 z\u0142<\/li>\n<li>Sta\u0142a tygodniowa rata: od 954 z\u0142<\/li>\n<li>Okres kredytowania: 8 tygodni<\/li>\n<li>RRSO: od 380 %<\/li>\n<li>Ca\u0142kowita kwota do sp\u0142aty: od 3 816 z\u0142<\/li>\n<li>Prowizja od: 782,9 z\u0142<\/li>\n<li>Oprocentowanie: 33,1 z\u0142<\/li>\n<\/ul>\n<p>Za\u0142\u00f3\u017cmy, \u017ce potrzebujemy wi\u0119kszej kwoty, kt\u00f3r\u0105 sp\u0142acimy w d\u0142u\u017cszym czasie. Jak b\u0119d\u0105 wygl\u0105da\u0107 szacunkowe koszty po\u017cyczki 5000 z\u0142 na 12 tygodni? Sprawd\u017amy!<\/p>\n<ul>\n<li>Kwota po\u017cyczki: 5 000 z\u0142<\/li>\n<li>Sta\u0142a tygodniowa rata od 1 630 z\u0142<\/li>\n<li>Okres kredytowania 12 tygodni<\/li>\n<li>RRSO od 177 %<\/li>\n<li>Ca\u0142kowita kwota do sp\u0142aty od 9 780 z\u0142<\/li>\n<li>Prowizja od 1 925,2 z\u0142<\/li>\n<li>Oprocentowanie 117,4 z\u0142<\/li>\n<\/ul>\n<p>Maksymalna kwota, kt\u00f3r\u0105 mo\u017cemy po\u017cyczy\u0107 w Ekassa to 9000 z\u0142. Zobaczmy, ile zap\u0142acimy za po\u017cyczk\u0119 w tej wysoko\u015bci wzi\u0119t\u0105 na 12 tygodni:<\/p>\n<ul>\n<li>Kwota po\u017cyczki: 9 000 z\u0142<\/li>\n<li>Sta\u0142a tygodniowa rata: od 2 934 z\u0142<\/li>\n<li>Okres kredytowania: 12 tygodni<\/li>\n<li>RRSO: od 177 %<\/li>\n<li>Ca\u0142kowita kwota do sp\u0142aty: od 17 604 z\u0142<\/li>\n<li>Prowizja: od 3 465,3 z\u0142<\/li>\n<li>Oprocentowanie: 211,2 z\u0142<\/li>\n<\/ul>\n<h2>Warunki po\u017cyczki w Ekassa<\/h2>\n<p>Ekassa kieruje swoj\u0105 ofert\u0119 do szerokiego grona odbiorc\u00f3w, nie stawia przed po\u017cyczkodawcami wyg\u00f3rowanych warunk\u00f3w. Najwa\u017cniejsze wymogi, kt\u00f3re musi spe\u0142ni\u0107 ka\u017cdy klient to:<\/p>\n<ul>\n<li>wiek powy\u017cej 18 lat,<\/li>\n<li>polskie obywatelstwo,<\/li>\n<li>sta\u0142e zamieszkanie na terenie Polski,<\/li>\n<li>dow\u00f3d osobisty i numer PESEL,<\/li>\n<li>sta\u0142y doch\u00f3d (w przypadku umowy o prac\u0119 podanie daty zawarcia tej umowy),<\/li>\n<li>osobiste konto bankowe,<\/li>\n<li>telefon kom\u00f3rkowy i adres e-mail do kontaktu,<\/li>\n<li>za\u0142o\u017cenie konta w serwisie ekassa.pl.<\/li>\n<\/ul>\n<h3>Dokumenty wymagane do otrzymania po\u017cyczki<\/h3>\n<p>Serwis Ekassa nie wymaga przedstawienia dokument\u00f3w (np. za\u015bwiadcze\u0144 o zatrudnieniu) w czasie wype\u0142niania wniosku po\u017cyczkowego. Jedynym dokumentem, kt\u00f3ry b\u0119dzie nam potrzebny, jest dow\u00f3d osobisty.<\/p>\n<p>Dzi\u0119ki niemu potwierdzimy swoj\u0105 to\u017csamo\u015b\u0107, a tak\u017ce polskie obywatelstwo. Jednocze\u015bnie, jak w przypadku innych firm po\u017cyczkowych, dowodu nie musimy okazywa\u0107 w formie fizycznej ani jako skanu. Konieczne b\u0119dzie jedynie podanie jego numeru i serii w odpowiedniej rubryce wniosku po\u017cyczkowego.<\/p>\n<h3>Formy zatrudnienia<\/h3>\n<p>Ekassa nie precyzuje, jakie formy zatrudnienia dopuszcza, nie ma tak\u017ce informacji, by jaki\u015b spos\u00f3b zarobkowania by\u0142 wykluczony przy sk\u0142adaniu wniosku.<\/p>\n<p>Po\u017cyczk\u0119 w serwisie Ekassa mo\u017ce wzi\u0105\u0107 ka\u017cdy, kto posiada sta\u0142e \u017ar\u00f3d\u0142o dochod\u00f3w, niezale\u017cnie czy pochodzi ono z zatrudnienia (w tym na podstawie umowy o prac\u0119 czy cywilnoprawn\u0105), renty, emerytury czy innej formy zarobkowej.<\/p>\n<h2>Weryfikacja w bazie d\u0142u\u017cnik\u00f3w<\/h2>\n<p>Ka\u017cda firma po\u017cyczkowa chce mie\u0107 jak najwi\u0119ksz\u0105 pewno\u015b\u0107, \u017ce \u015brodki, kt\u00f3re po\u017cyczy\u0142a, zostan\u0105 jej zwr\u00f3cone. Dlatego weryfikacja historii kredytowej klient\u00f3w jest kluczowa.<\/p>\n<p>Jednocze\u015bnie wiele firm, w tym r\u00f3wnie\u017c Ekassa, wychodzi naprzeciw potrzebom klient\u00f3w, kt\u00f3rzy nie mog\u0105 si\u0119 poszczyci\u0107 idealn\u0105 terminowo\u015bci\u0105 w sp\u0142acaniu wcze\u015bniejszych zobowi\u0105za\u0144. To jednak nie oznacza, \u017ce firma ca\u0142kowicie zrezygnowa\u0142a z weryfikacji w bazach d\u0142u\u017cnik\u00f3w. Jak to wygl\u0105da w praktyce?<\/p>\n<h3>Czy Ekassa udziela po\u017cyczek na raty bez sprawdzania BIK?<\/h3>\n<p>Nie, Ekassa sprawdza wpisy na temat przysz\u0142ych klient\u00f3w w kilku bazach d\u0142u\u017cnik\u00f3w. W czasie wype\u0142niania wniosku po\u017cyczkowego udzielamy zgody na wyst\u0105pienie po informacje na nasz temat do:<\/p>\n<ul>\n<li>Biura Informacji Kredytowej (BIK)<\/li>\n<li>Krajowego Rejestru D\u0142ug\u00f3w (KRD)<\/li>\n<li>BIG InfoMonitor.<\/li>\n<\/ul>\n<p>Wpisy w tych bazach zostan\u0105 wzi\u0119te pod uwag\u0119 w czasie oceny naszej zdolno\u015bci kredytowej i wp\u0142yn\u0105 na wynik rozpatrzenia z\u0142o\u017conego przez nas wniosku po\u017cyczkowego.<\/p>\n<h3>Czy Ekassa udziela po\u017cyczek dla zad\u0142u\u017conych?<\/h3>\n<p>Tak, Ekassa udziela po\u017cyczek tak\u017ce zad\u0142u\u017conym osobom. Obecno\u015b\u0107 w wy\u017cej wymienionych bazach wp\u0142ywa negatywnie na nasz\u0105 zdolno\u015b\u0107 kredytow\u0105, jednak nie przekre\u015bla ca\u0142kowicie naszych szans na po\u017cyczk\u0119. Jednocze\u015bnie musimy liczy\u0107 si\u0119 z tym, \u017ce negatywne wpisy w rejestrach d\u0142u\u017cnik\u00f3w mog\u0105 pogorszy\u0107 warunki, na kt\u00f3rych zostanie nam udzielona po\u017cyczka.<\/p>\n<p>W praktyce najcz\u0119\u015bciej obni\u017c\u0105 kwot\u0119, kt\u00f3r\u0105 mo\u017cemy otrzyma\u0107 lub zwi\u0119ksz\u0105 koszty po\u017cyczki, o kt\u00f3r\u0105 wnioskujemy.<\/p>\n<h3>Czy w Ekassa mo\u017cna wzi\u0105\u0107 po\u017cyczk\u0119 z komornikiem?<\/h3>\n<p>Zad\u0142u\u017cenie, kt\u00f3re doprowadzi\u0142o do w\u0142\u0105czenia w spraw\u0119 komornika jest bardzo powa\u017cne. Wi\u0119kszo\u015b\u0107 os\u00f3b w takiej sytuacji nie mo\u017ce liczy\u0107 na po\u017cyczk\u0119 nie tylko w banku, ale tak\u017ce firmach po\u017cyczkowych. Ekassa nie precyzuje, czy osoby z zad\u0142u\u017ceniem komorniczym mog\u0105 si\u0119 u niej ubiega\u0107 o po\u017cyczk\u0119.<\/p>\n<p>Wiemy, \u017ce zad\u0142u\u017cenie nie jest przeszkod\u0105 we wnioskowaniu o \u015brodki z Ekassa, jednocze\u015bnie musimy mie\u0107 \u015bwiadomo\u015b\u0107, \u017ce komornik ubiegaj\u0105cy si\u0119 o uregulowanie wcze\u015bniejszych nale\u017cno\u015bci to powa\u017cny minus przy ocenie zdolno\u015bci kredytowej.<\/p>\n<p>Ekassa ocenia ka\u017cdy wniosek po\u017cyczkowy indywidualnie, wi\u0119c nic nie stoi na przeszkodzie, by nawet osoby w tak powa\u017cnej sytuacji finansowej mog\u0142y spr\u00f3bowa\u0107 ubiega\u0107 si\u0119 o dodatkowe wsparcie. Je\u015bli jeste\u015bmy w tak powa\u017cnej sytuacji finansowej, powinni\u015bmy si\u0119 jednak powa\u017cnie zastanowi\u0107 nad ubieganiem si\u0119 o kolejn\u0105 po\u017cyczk\u0119.<\/p>\n<p>Najwa\u017cniejsze powinno by\u0107 dla nas uporz\u0105dkowanie obecnej sytuacji, a nie stawianie kolejnego kroku w stron\u0119 spirali zad\u0142u\u017cenia.<\/p>\n<h2>Jak wzi\u0105\u0107 po\u017cyczk\u0119 w Ekassa?<\/h2>\n<p>Wniosek w Ekassa nie jest bardzo rozbudowany, jednak po\u017cyczkodawca podaje, \u017ce jego pierwsze uzupe\u0142nienie zajmie nam oko\u0142o 10 minut. Czego mo\u017cemy si\u0119 w nim spodziewa\u0107? Oto niezb\u0119dne kroki do ubiegania si\u0119 o po\u017cyczk\u0119:<\/p>\n<p><strong>Wyb\u00f3r kwoty i czasu sp\u0142aty<\/strong><\/p>\n<p>Na suwaku dost\u0119pnym na g\u0142\u00f3wnej stronie Ekassa wybieramy kwot\u0119, kt\u00f3r\u0105 chcemy po\u017cyczy\u0107 (od 2000 z\u0142 do 9000 z\u0142) i czas, w kt\u00f3rym zamierzamy sp\u0142aci\u0107 zobowi\u0105zanie: suwak mo\u017cemy ustawi\u0107 na 8 lub 12 tygodni. Po klikni\u0119ciu w przycisk \u201cSzczeg\u00f3\u0142y\u201d zobaczymy dodatkowe informacje na temat kalkulacji wybranej opcji, w tym m.in. wysoko\u015b\u0107 prowizji, ca\u0142kowit\u0105 kwot\u0119 do sp\u0142aty oraz wst\u0119pny harmonogram sp\u0142at. Aby przej\u015b\u0107 dalej, musimy zaakceptowa\u0107 Regulamin serwisu oraz Polityk\u0119 prywatno\u015bci.<\/p>\n<p>Wst\u0119pne dane, rejestracja w serwisie<\/p>\n<p>Drugim krokiem jest podanie podstawowych danych: imienia i nazwiska oraz numeru telefonu, a tak\u017ce wpisanie has\u0142a do rejestracji na stronie www. Opcja wpisania has\u0142a pojawi si\u0119 po klikni\u0119ciu w przycisk \u201cDalej\u201d.<\/p>\n<p>Wype\u0142nienie w\u0142a\u015bciwego wniosku<\/p>\n<p><strong>Kolejny etap to ju\u017c wniosek w\u0142a\u015bciwy, podzielony na 3 kroki:<\/strong><\/p>\n<ol>\n<li>dane osobowe: adres e-mail, numer konta bankowego, stan cywilny, posiadanie dzieci na utrzymaniu,<\/li>\n<li>adres zamieszkania: rodzaj w\u0142asno\u015bci nieruchomo\u015bci i jej adres,<\/li>\n<li>informacje o pracy: wykszta\u0142cenie, wykonywany zaw\u00f3d, okres pracy, nazwa firmy oraz miesi\u0119czny doch\u00f3d netto.<\/li>\n<\/ol>\n<p><strong>Wst\u0119pna oferta Ekassa<\/strong><\/p>\n<p>Po przeliczeniu naszych mo\u017cliwo\u015bci finansowych, Ekassa pokazuje nam wst\u0119pn\u0105 ofert\u0119 po\u017cyczki. Opiera si\u0119 ona o nasz\u0105 zdolno\u015b\u0107 kredytow\u0105 oraz wnioskowan\u0105 kwot\u0119. Je\u015bli algorytm po\u017cyczkodawcy uzna, \u017ce nasza zdolno\u015b\u0107 jest mniejsza ni\u017c zak\u0142adamy, zaproponuje nam ni\u017csz\u0105 po\u017cyczk\u0119 i o tak\u0105 kwot\u0119 Ekassa b\u0119dzie w naszym imieniu wnioskowa\u0142a do wsp\u00f3\u0142pracuj\u0105cych z ni\u0105 po\u017cyczkodawc\u00f3w.<\/p>\n<p><strong>Akceptacja warunk\u00f3w po\u017cyczki<\/strong><\/p>\n<p>Na kolejnym oknie zobaczymy opcj\u0119 potwierdzenia ramowych warunk\u00f3w po\u017cyczki. Powinni\u015bmy zapozna\u0107 si\u0119 z umow\u0105 po\u017cyczki i zaakceptowa\u0107 jej tre\u015b\u0107. Potwierdzeniem b\u0119dzie wpisanie kodu SMS, kt\u00f3ry otrzymamy na podany przez nas numer telefonu.<\/p>\n<p><strong>Weryfikacja konta bankowego<\/strong><\/p>\n<p>To ju\u017c ostatni krok po naszej stronie. Mo\u017cemy zweryfikowa\u0107 swoj\u0105 to\u017csamo\u015b\u0107 na dwa sposoby:<\/p>\n<ol>\n<li>weryfikacja rachunku online \u2013 loguj\u0105c si\u0119 za pomoc\u0105 zewn\u0119trzej aplikacji umo\u017cliwiamy pobranie informacji na temat naszych danych oraz wyci\u0105gu z konta bankowego. To szybkie, \u0142atwe i bezpieczne rozwi\u0105zanie, zw\u0142aszcza gdy stan naszego konta nie pozwala nam wykona\u0107 przelewu, nawet w symbolicznej kwocie.<\/li>\n<li>weryfikacja przez przelew 0,01 z\u0142 \u2013 przelanie symbolicznej kwoty z naszego osobistego rachunku bankowego potwierdzi nasz\u0105 to\u017csamo\u015b\u0107. Przelew musimy zrealizowa\u0107 samodzielnie na konto jednego z po\u017cyczkodawc\u00f3w wsp\u00f3\u0142pracuj\u0105cych z serwisem Ekassa. Tytu\u0142 przelewu powinien zawiera\u0107 nasz numer PESEL oraz has\u0142o \u201cop\u0142ata rejestracyjna\u201d. Po udanej weryfikacji b\u0119dziemy mogli doko\u0144czy\u0107 sk\u0142adanie wniosku po\u017cyczkowego.<\/li>\n<\/ol>\n<p><strong>Informacja o udzieleniu po\u017cyczki i podpisanie dokument\u00f3w<\/strong><\/p>\n<p>Decyzj\u0119 po\u017cyczkow\u0105 otrzymamy w ci\u0105gu kilkunastu minut, umowa b\u0119dzie oczekiwa\u0107 na podpisanie w naszym Profilu Klienta.<\/p>\n<p><strong>Przelanie pieni\u0119dzy na konto<\/strong><\/p>\n<p>Pieni\u0105dze zostan\u0105 przelane na nasze zweryfikowane konto. Po\u017cyczka powinna by\u0107 sp\u0142acana zgodnie z harmonogramem cotygodniowych sp\u0142at, kt\u00f3re znajdziemy na naszym profilu klienta i w umowie po\u017cyczkowej.<\/p>\n<h2>Sp\u0142ata po\u017cyczki na raty w Ekassa<\/h2>\n<p>Wspomnieli\u015bmy ju\u017c, \u017ce proces sp\u0142acania po\u017cyczki w Ekassa odbiega od standardowego. W przeciwie\u0144stwie do klasycznych chwil\u00f3wek, sp\u0142ata jest rozbita na raty. Jednocze\u015bnie nie jest to znany nam z po\u017cyczek d\u0142ugoterminowych system comiesi\u0119cznych rat.<\/p>\n<p>Ekassa proponuje chwil\u00f3wki, kt\u00f3re sp\u0142acamy w cotygodniowych ratach. To sprawia, \u017ce nasz bud\u017cet nie jest obci\u0105\u017cony jednorazow\u0105 sp\u0142at\u0105, a jednocze\u015bnie po\u017cyczony kapita\u0142 jest sp\u0142acany szybciej, ni\u017c w przypadku rat miesi\u0119cznych.<\/p>\n<h3>Czy\u00a0mo\u017cliwa jest sp\u0142ata po\u017cyczki ratalnej przed terminem?<\/h3>\n<p>Tak, zgodnie z polskimi przepisami mo\u017cemy sp\u0142aci\u0107 po\u017cyczk\u0119 wcze\u015bniej. Sytuacja t\u0119 reguluje art. 48 ust. 1 Ustawy o kredycie konsumenckim, kt\u00f3ry m\u00f3wi, \u017ce \u201ckonsument ma prawo w ka\u017cdym czasie do sp\u0142aty ca\u0142o\u015bci lub cz\u0119\u015bci kredytu przed terminem okre\u015blonym w umowie.\u201d<\/p>\n<p>Tak\u0105 sp\u0142at\u0119 mo\u017cemy zrealizowa\u0107 w dowolnym momencie i nie mamy obowi\u0105zku informowania o tym zamiarze po\u017cyczkodawcy. W praktyce cz\u0119\u015b\u0107 firm prosi o kontakt, by u\u0142atwi\u0107 obs\u0142ug\u0119 wcze\u015bniejszej sp\u0142aty, jednak Ekassa do nich nie nale\u017cy. Swoj\u0105 po\u017cyczk\u0119 mo\u017cemy w niej uregulowa\u0107 w dowolnym momencie bez ponoszenia dodatkowych op\u0142at.<\/p>\n<h3>Wyd\u0142u\u017cenie terminu sp\u0142aty<\/h3>\n<p>W przesz\u0142o\u015bci Ekassa oferowa\u0142a mo\u017cliwo\u015b\u0107 podj\u0119cia po\u017cyczki konsolidacyjnej lub refinansowania aktualnego zobowi\u0105zania. Obecnie te opcje nie s\u0105 dost\u0119pne, firma nie oferuje tak\u017ce mo\u017cliwo\u015bci wyd\u0142u\u017cenia terminu sp\u0142aty po\u017cyczki.<\/p>\n<h3>Brak sp\u0142aty \u2013 co, je\u015bli po\u017cyczka nie zostanie sp\u0142acona na czas?<\/h3>\n<p>Na stronie Ekassa znajdziemy nast\u0119puj\u0105ce informacje \u201cNiezdolno\u015b\u0107 do sp\u0142aty po\u017cyczki oznacza dla nas tyle, \u017ce nie chcesz jej sp\u0142aci\u0107. Je\u017celi od pocz\u0105tku nie chcesz sp\u0142aci\u0107 po\u017cyczki, to najlepiej od razu skontaktuj si\u0119 z inn\u0105 firm\u0105.\u201d<\/p>\n<p>Nie brzmi to zbyt zach\u0119caj\u0105co, zw\u0142aszcza dla os\u00f3b znajduj\u0105cych si\u0119 w trudniejszym finansowo momencie. Jednocze\u015bnie w przypadku faktycznych trudno\u015bci ze sp\u0142at\u0105, firma zach\u0119ca do jak najszybszego powiadomienia o tym wierzycieli.<\/p>\n<h3>Windykacja w Ekassa<\/h3>\n<p>W przypadku uporczywego odmawiania sp\u0142aty i braku kontaktu z po\u017cyczkodawc\u0105, przeka\u017ce on spraw\u0119 obs\u0142ugi d\u0142ugu do firmy windykacyjnej. Ta b\u0119dzie pr\u00f3bowa\u0142a si\u0119 z nami skontaktowa\u0107, aby ustali\u0107 warunki zap\u0142aty nale\u017cno\u015bci. Mo\u017cemy si\u0119 spodziewa\u0107 monit\u00f3w przesy\u0142anych drog\u0105 mailow\u0105 i pocztow\u0105 oraz telefon\u00f3w.<\/p>\n<p>Je\u015bli te dzia\u0142ania oka\u017c\u0105 si\u0119 bezskuteczne, spraw\u0105 zaleg\u0142o\u015bci zajmie si\u0119 s\u0105d. Ca\u0142a sprawa mo\u017ce sko\u0144czy\u0107 si\u0119 post\u0119powaniem komorniczym. \u017beby do tego nie dosz\u0142o, warto pozosta\u0107 w sta\u0142ym kontakcie z po\u017cyczkodawc\u0105 lub firm\u0105 windykacyjn\u0105 i wsp\u00f3lnie wypracowa\u0107 plan wyj\u015bcia z zad\u0142u\u017cenia.<\/p>\n<h2>Kolejna po\u017cyczka w Ekassa<\/h2>\n<p>Wniosek o kolejn\u0105 po\u017cyczk\u0119 mo\u017cemy z\u0142o\u017cy\u0107 po 4 dniach od momentu sp\u0142aty aktualnego zobowi\u0105zania. Zrobimy to przez Panel Klienta, klikaj\u0105c w opcj\u0119 \u201cNowa chwil\u00f3wka\u201d. Dzi\u0119ki temu nie musimy ponownie wype\u0142nia\u0107 ca\u0142ego wniosku, w formularzu wpisujemy jedynie kwot\u0119 i preferowany okres sp\u0142aty. Informacj\u0119 o decyzji po\u017cyczkowej otrzymamy ju\u017c po kilku minutach.<\/p>\n","protected":false},"excerpt":{"rendered":"<p>Ekassa to portal internetowy, w kt\u00f3rym znajdziemy kr\u00f3tkoterminowe po\u017cyczki online. Platforma wsp\u00f3\u0142pracuje z kilkoma firmami po\u017cyczkowymi (m.in. ProstyKredyt Sp. z [&hellip;]<\/p>\n","protected":false},"author":60,"featured_media":8708,"parent":8676,"menu_order":0,"comment_status":"closed","ping_status":"closed","template":"page_lender.php","meta":{"_acf_changed":false,"yasr_overall_rating":0,"yasr_post_is_review":"","yasr_auto_insert_disabled":"","yasr_review_type":"","footnotes":""},"class_list":["post-8707","page","type-page","status-publish","has-post-thumbnail","hentry"],"acf":[],"yoast_head":"<!-- This site is optimized with the Yoast SEO plugin v27.1.1 - https:\/\/yoast.com\/product\/yoast-seo-wordpress\/ -->\n<title>Ekassa | Por\u00f3wnywarka finansowa Rankomat<\/title>\n<meta name=\"robots\" content=\"index, follow, max-snippet:-1, max-image-preview:large, max-video-preview:-1\" \/>\n<link rel=\"canonical\" href=\"https:\/\/rankomat.pl\/finanse\/chwilowki\/firma\/ekassa\/\" \/>\n<meta property=\"og:locale\" content=\"pl_PL\" \/>\n<meta property=\"og:type\" content=\"article\" \/>\n<meta property=\"og:title\" content=\"Ekassa | Por\u00f3wnywarka finansowa Rankomat\" \/>\n<meta property=\"og:description\" content=\"Ekassa to portal internetowy, w kt\u00f3rym znajdziemy kr\u00f3tkoterminowe po\u017cyczki online. Platforma wsp\u00f3\u0142pracuje z kilkoma firmami po\u017cyczkowymi (m.in. ProstyKredyt Sp. z [&hellip;]\" \/>\n<meta property=\"og:url\" content=\"https:\/\/rankomat.pl\/finanse\/chwilowki\/firma\/ekassa\/\" \/>\n<meta property=\"og:site_name\" content=\"Por\u00f3wnywarka finansowa Rankomat\" \/>\n<meta property=\"article:publisher\" content=\"https:\/\/www.facebook.com\/rankomatpl\/\" \/>\n<meta property=\"og:image\" content=\"https:\/\/rankomat.pl\/finanse\/wp-content\/uploads\/2024\/02\/logo-ekassa1.png\" \/>\n\t<meta property=\"og:image:width\" content=\"250\" \/>\n\t<meta property=\"og:image:height\" content=\"75\" \/>\n\t<meta property=\"og:image:type\" content=\"image\/png\" \/>\n<meta name=\"twitter:card\" content=\"summary_large_image\" \/>\n<meta name=\"twitter:site\" content=\"@rankomat\" \/>\n<meta name=\"twitter:label1\" content=\"Szacowany czas czytania\" \/>\n\t<meta name=\"twitter:data1\" content=\"11 minut\" \/>\n<script type=\"application\/ld+json\" class=\"yoast-schema-graph\">{\"@context\":\"https:\/\/schema.org\",\"@graph\":[{\"@type\":\"ImageObject\",\"inLanguage\":\"pl-PL\",\"@id\":\"https:\/\/rankomat.pl\/finanse\/chwilowki\/firma\/ekassa\/#primaryimage\",\"url\":\"https:\/\/rankomat.pl\/finanse\/wp-content\/uploads\/2024\/02\/logo-ekassa1.png\",\"contentUrl\":\"https:\/\/rankomat.pl\/finanse\/wp-content\/uploads\/2024\/02\/logo-ekassa1.png\",\"width\":250,\"height\":75,\"caption\":\"logo ekassa\"},{\"@type\":\"BreadcrumbList\",\"@id\":\"https:\/\/rankomat.pl\/finanse\/chwilowki\/firma\/ekassa\/#breadcrumb\",\"itemListElement\":[{\"@type\":\"ListItem\",\"position\":1,\"name\":\"Finanse\",\"item\":\"https:\/\/rankomat.pl\/finanse\/\"},{\"@type\":\"ListItem\",\"position\":2,\"name\":\"Chwil\u00f3wki\",\"item\":\"https:\/\/rankomat.pl\/finanse\/chwilowki\/\"},{\"@type\":\"ListItem\",\"position\":3,\"name\":\"Listing firm po\u017cyczkowych\",\"item\":\"https:\/\/rankomat.pl\/finanse\/chwilowki\/firma\/\"},{\"@type\":\"ListItem\",\"position\":4,\"name\":\"Ekassa\"}]}]}<\/script>\n<!-- \/ Yoast SEO plugin. -->","yoast_head_json":{"title":"Ekassa | Por\u00f3wnywarka finansowa Rankomat","robots":{"index":"index","follow":"follow","max-snippet":"max-snippet:-1","max-image-preview":"max-image-preview:large","max-video-preview":"max-video-preview:-1"},"canonical":"https:\/\/rankomat.pl\/finanse\/chwilowki\/firma\/ekassa\/","og_locale":"pl_PL","og_type":"article","og_title":"Ekassa | Por\u00f3wnywarka finansowa Rankomat","og_description":"Ekassa to portal internetowy, w kt\u00f3rym znajdziemy kr\u00f3tkoterminowe po\u017cyczki online. Platforma wsp\u00f3\u0142pracuje z kilkoma firmami po\u017cyczkowymi (m.in. ProstyKredyt Sp. z [&hellip;]","og_url":"https:\/\/rankomat.pl\/finanse\/chwilowki\/firma\/ekassa\/","og_site_name":"Por\u00f3wnywarka finansowa Rankomat","article_publisher":"https:\/\/www.facebook.com\/rankomatpl\/","og_image":[{"width":250,"height":75,"url":"https:\/\/rankomat.pl\/finanse\/wp-content\/uploads\/2024\/02\/logo-ekassa1.png","type":"image\/png"}],"twitter_card":"summary_large_image","twitter_site":"@rankomat","twitter_misc":{"Szacowany czas czytania":"11 minut"},"schema":{"@context":"https:\/\/schema.org","@graph":[{"@type":"ImageObject","inLanguage":"pl-PL","@id":"https:\/\/rankomat.pl\/finanse\/chwilowki\/firma\/ekassa\/#primaryimage","url":"https:\/\/rankomat.pl\/finanse\/wp-content\/uploads\/2024\/02\/logo-ekassa1.png","contentUrl":"https:\/\/rankomat.pl\/finanse\/wp-content\/uploads\/2024\/02\/logo-ekassa1.png","width":250,"height":75,"caption":"logo ekassa"},{"@type":"BreadcrumbList","@id":"https:\/\/rankomat.pl\/finanse\/chwilowki\/firma\/ekassa\/#breadcrumb","itemListElement":[{"@type":"ListItem","position":1,"name":"Finanse","item":"https:\/\/rankomat.pl\/finanse\/"},{"@type":"ListItem","position":2,"name":"Chwil\u00f3wki","item":"https:\/\/rankomat.pl\/finanse\/chwilowki\/"},{"@type":"ListItem","position":3,"name":"Listing firm po\u017cyczkowych","item":"https:\/\/rankomat.pl\/finanse\/chwilowki\/firma\/"},{"@type":"ListItem","position":4,"name":"Ekassa"}]}]}},"yasr_visitor_votes":{"stars_attributes":{"read_only":false,"span_bottom":false},"number_of_votes":41,"sum_votes":199},"_links":{"self":[{"href":"https:\/\/rankomat.pl\/finanse\/wp-json\/wp\/v2\/pages\/8707","targetHints":{"allow":["GET"]}}],"collection":[{"href":"https:\/\/rankomat.pl\/finanse\/wp-json\/wp\/v2\/pages"}],"about":[{"href":"https:\/\/rankomat.pl\/finanse\/wp-json\/wp\/v2\/types\/page"}],"author":[{"embeddable":true,"href":"https:\/\/rankomat.pl\/finanse\/wp-json\/wp\/v2\/users\/60"}],"replies":[{"embeddable":true,"href":"https:\/\/rankomat.pl\/finanse\/wp-json\/wp\/v2\/comments?post=8707"}],"version-history":[{"count":0,"href":"https:\/\/rankomat.pl\/finanse\/wp-json\/wp\/v2\/pages\/8707\/revisions"}],"up":[{"embeddable":true,"href":"https:\/\/rankomat.pl\/finanse\/wp-json\/wp\/v2\/pages\/8676"}],"wp:featuredmedia":[{"embeddable":true,"href":"https:\/\/rankomat.pl\/finanse\/wp-json\/wp\/v2\/media\/8708"}],"wp:attachment":[{"href":"https:\/\/rankomat.pl\/finanse\/wp-json\/wp\/v2\/media?parent=8707"}],"curies":[{"name":"wp","href":"https:\/\/api.w.org\/{rel}","templated":true}]}}