{"id":8720,"date":"2024-02-14T13:26:42","date_gmt":"2024-02-14T12:26:42","guid":{"rendered":"https:\/\/rankomat.pl\/finanse\/?page_id=8720"},"modified":"2024-02-14T13:26:42","modified_gmt":"2024-02-14T12:26:42","slug":"wandoo","status":"publish","type":"page","link":"https:\/\/rankomat.pl\/finanse\/chwilowki\/firma\/wandoo\/","title":{"rendered":"Wandoo"},"content":{"rendered":"<p><strong>Wandoo Finance sp. z o.o. powsta\u0142a w 2016 roku i od tamtej pory oferuje szybkie po\u017cyczki na niewielkie kwoty. O ile kapita\u0142 wykorzystany do za\u0142o\u017cenia sp\u00f3\u0142ki jest zagraniczny, o tyle sama firma zarejestrowana jest w Polsce i tu prowadzi swoj\u0105 dzia\u0142alno\u015b\u0107.<\/strong><\/p>\n<p>Mimo i\u017c dzia\u0142a dopiero kilka lat, Wandoo sta\u0142a si\u0119 popularn\u0105 firm\u0105 po\u017cyczkow\u0105 i nie narzeka na brak klient\u00f3w. Jest wyspecjalizowana tylko w jednym typie po\u017cyczek \u2013 chwil\u00f3wkach na 30 dni. Nie udziela po\u017cyczek ratalnych.<\/p>\n<h2>Ile mog\u0119 po\u017cyczy\u0107 w Wandoo?<\/h2>\n<p>Wandoo specjalizuje si\u0119 w po\u017cyczkach do kilku tysi\u0119cy z\u0142otych. G\u00f3rn\u0105 granic\u0105 jest tu 3000 z\u0142 \u2013 firma nie udziela po\u017cyczek powy\u017cej tej warto\u015bci.<\/p>\n<h2>Na jak d\u0142ugo mog\u0119 po\u017cyczy\u0107 w Wandoo?<\/h2>\n<p>Wandoo specjalizuje si\u0119 w po\u017cyczkach \u201cchwil\u00f3wkach\u201d, a wi\u0119c takich, kt\u00f3rych okres sp\u0142aty wynosi 30 dni. Firma nie oferuje po\u017cyczek na d\u0142u\u017cszy okres, jest natomiast przygotowana na to, by przed\u0142u\u017cy\u0107 okres sp\u0142aty klientom, kt\u00f3rzy o to wyst\u0105pi\u0105.<\/p>\n<p>Skorzystanie z refinansowania jest bardzo proste i w du\u017cej mierze zautomatyzowane. Dla firmy przed\u0142u\u017cenie terminu sp\u0142aty po\u017cyczki oznacza dodatkowe korzy\u015bci finansowe i klienci nie maj\u0105 trudno\u015bci z uzyskaniem pozytywnej decyzji w tym zakresie.<\/p>\n<p>Przesuni\u0119cie terminu sp\u0142aty po\u017cyczki w Wandoo na kolejny miesi\u0105c wi\u0105\u017ce si\u0119 z konieczno\u015bci\u0105 zap\u0142aty prowizji za przed\u0142u\u017cenie. Prowizja ta ro\u015bnie wraz z kolejnymi przesuni\u0119ciami terminu. Dlatego zdecydowanie lepiej sp\u0142aca\u0107 po\u017cyczki w Wandoo w terminie i nie ponosi\u0107 \u017cadnych dodatkowych koszt\u00f3w.<\/p>\n<h2>Koszty po\u017cyczki w Wandoo<\/h2>\n<p>Jak wi\u0119kszo\u015b\u0107 firm po\u017cyczkowych Wandoo oferuje pierwsz\u0105 po\u017cyczk\u0119 bez prowizji i odsetek, oczywi\u015bcie pod warunkiem, \u017ce klient sp\u0142aci j\u0105 w terminie. Promocja jest jednak jedynie jednorazowa i po\u017cyczaj\u0105c po raz kolejny lub przed\u0142u\u017caj\u0105c okres sp\u0142aty, trzeba liczy\u0107 si\u0119 z typowymi dla firm tego typu kosztami.<\/p>\n<p>Bardzo du\u017ca r\u00f3\u017cnica w kosztach pojawia si\u0119 po przekroczeniu progu 3000 z\u0142, od kt\u00f3rego pojawi si\u0119 konieczno\u015b\u0107 zap\u0142acenia prowizji za udzielenie po\u017cyczki.<\/p>\n<p>Przyk\u0142adowo po\u017cyczaj\u0105c 1500 z\u0142 na 30 dni, zap\u0142acisz r\u00f3wnie\u017c 1500 z\u0142, je\u015bli b\u0119dzie to sp\u0142ata terminowa. Koszty wynios\u0105 0 z\u0142.<\/p>\n<p>Je\u015bli jednak przegapisz termin sp\u0142aty i nie wyst\u0105pisz wcze\u015bniej o jego przed\u0142u\u017cenie, Wandoo naliczy Ci kar\u0119 umown\u0105, dodatkowe odsetki i op\u0142at\u0119 manipulacyjn\u0105 w wysoko\u015bci 436 z\u0142 55 gr \u0142\u0105cznie, wi\u0119c w sumie zap\u0142acisz 1936,55 z\u0142.<\/p>\n<p>Wysokie koszty zaczynaj\u0105 si\u0119 jednak przy wi\u0119kszych kwotach. Po\u017cyczaj\u0105c 4000 z\u0142, r\u00f3wnie\u017c na miesi\u0105c, musisz liczy\u0107 si\u0119 z konieczno\u015bci\u0105 zap\u0142aty prowizji wynosz\u0105cej 1098 z\u0142 i 40 gr. Dodatkowo dojd\u0105 w\u00f3wczas odsetki w wysoko\u015bci 65 z\u0142 75 gr. W sumie wi\u0119c po\u017cyczaj\u0105c 4000 z\u0142, sp\u0142acisz 5164 z\u0142 15 gr.<\/p>\n<p>Maksymalna kwota po\u017cyczki wynosi 8000 z\u0142, ale po\u017cyczaj\u0105c j\u0105 musisz liczy\u0107 si\u0119 z zap\u0142aceniem ponad 2000 z\u0142 prowizji i odsetek nawet je\u015bli oddasz pieni\u0105dze w terminie.<\/p>\n<p>Koszt po\u017cyczki na wy\u017csz\u0105 kwot\u0119 lub po\u017cyczki, kt\u00f3rej nie sp\u0142acisz w terminie jest wi\u0119c bardzo wysoki i zdecydowanie przekracza koszty kredytu kr\u00f3tkoterminowego. Za to po\u017cyczaj\u0105c kwot\u0119 do 3000 z\u0142 mo\u017cesz nie ponie\u015b\u0107 \u017cadnych koszt\u00f3w lub w przypadku kolejnych po\u017cyczek, zap\u0142aci\u0107 jedynie kilkadziesi\u0105t z\u0142 odsetek.<\/p>\n<p>Po\u017cyczk\u0119 wy\u017csz\u0105 ni\u017c 3000 z\u0142 mo\u017cesz wybra\u0107 tylko je\u015bli pierwsz\u0105 po\u017cyczk\u0119 sp\u0142acisz w terminie \u2013 oznacza to brak mo\u017cliwo\u015bci zaci\u0105gni\u0119cia zobowi\u0105zania wy\u017cszego ni\u017c 3000 z\u0142 za pierwszym razem i brak mo\u017cliwo\u015bci skorzystania z prowizji 0% przy kolejnych po\u017cyczkach.<\/p>\n<p>U\u017cytkownikom portalu Sowa Finansowa polecamy Wandoo w przypadku po\u017cyczek do 3000 z\u0142, w kt\u00f3rych firma si\u0119 specjalizuje.<\/p>\n<h2>Warunki otrzymania po\u017cyczki w Wandoo<\/h2>\n<p>Mimo i\u017c Wandoo jest firm\u0105 po\u017cyczkow\u0105 i z za\u0142o\u017cenia stawia swoim klientom ni\u017csze wymagania ni\u017c zrobi\u0142yby to banki, to jednak nie umo\u017cliwia zaci\u0105gni\u0119cia po\u017cyczki ka\u017cdemu. Warunki s\u0105 oczywi\u015bcie stosunkowo proste do spe\u0142nienia i zdecydowana wi\u0119kszo\u015b\u0107 poszukuj\u0105cych po\u017cyczki nie powinna mie\u0107 trudno\u015bci z jej uzyskaniem.<\/p>\n<p>Konieczne b\u0119d\u0105:<\/p>\n<ul>\n<li>Wiek minimum 20 lat \u2013 Wandoo stawia wymaganie wieku wy\u017cej ni\u017c ustawowe 18 lat, prawdopodobnie dlatego, by unikn\u0105\u0107 po\u017cyczania pieni\u0119dzy osobom zbyt s\u0142abo zorientowanym w produktach finansowych i niemaj\u0105cym mo\u017cliwo\u015bci p\u0142atniczych.<\/li>\n<li>Telefon kom\u00f3rkowy \u2013 Konieczne jest zarejestrowanie si\u0119 w systemie Wandoo i potwierdzenie to\u017csamo\u015bci.<\/li>\n<li>Konto bankowe \u2013 Wandoo przelewa po\u017cyczone pieni\u0105dze na konto klienta, nie wyp\u0142aca po\u017cyczonej kwoty w got\u00f3wce. Konto mo\u017ce te\u017c by\u0107 potrzebne do wykonania 1-groszowego przelewu uwiarygodniaj\u0105cego.<\/li>\n<li>Brak zaleg\u0142o\u015bci widniej\u0105cych w powszechnie dost\u0119pnych bazach \u2013 Wandoo podobnie jak wi\u0119kszo\u015b\u0107 firm po\u017cyczkowych, sprawdza w zautomatyzowany spos\u00f3b bazy takiej jak Krajowy Rejestr D\u0142u\u017cnik\u00f3w. Odrzuca potencjalnych po\u017cyczkodawc\u00f3w, kt\u00f3rzy maj\u0105 potwierdzone problemy ze sp\u0142at\u0105.<\/li>\n<\/ul>\n<p>Sama firma nie wspomina \u017cadnych dodatkowych wymaga\u0144 na stronie, poniewa\u017c s\u0105 one oczywiste:<\/p>\n<ul>\n<li>Wa\u017cny dow\u00f3d osobisty i polskie obywatelstwo \u2013 Wandoo nie oferuje aktualnie po\u017cyczek obcokrajowcom i osobom zarabiaj\u0105cym w walucie obcej.<\/li>\n<li>Zdolno\u015b\u0107 kredytow\u0105 \u2013 Osoby chc\u0105ce po\u017cyczy\u0107 maksymaln\u0105 kwot\u0119 8000 z\u0142 na pewno nie mog\u0105 jej otrzyma\u0107, je\u015bli nie przedstawi\u0105 dowod\u00f3w na swoj\u0105 wyp\u0142acalno\u015b\u0107.<\/li>\n<li>Pe\u0142n\u0105 zdolno\u015b\u0107 do czynno\u015bci prawnych \u2013 Osoba ubezw\u0142asnowolniona, ani dziecko nie mog\u0105 legalnie po\u017cyczy\u0107 pieni\u0119dzy w Polsce. To wym\u00f3g prawny, niezale\u017cny od firmy po\u017cyczkowej czy banku.<\/li>\n<\/ul>\n<p>Wandoo wymaga mniej wi\u0119cej tyle samo co inne firmy po\u017cyczkowe. Nie ma tu \u017cadnych ukrytych ani niemo\u017cliwych do spe\u0142nienia wymaga\u0144. Warunkiem jest te\u017c oczywi\u015bcie prawid\u0142owe wype\u0142nienie wniosku, ale nie jest to trudne.<\/p>\n<h3>Dokumenty wymagane do otrzymania po\u017cyczki<\/h3>\n<p>Wandoo umo\u017cliwia otrzymanie finansowania w oparciu o minimum formalno\u015bci. Jedynym niezb\u0119dnym dokumentem jest aktualny dow\u00f3d osobisty. Wystarczy, \u017ce jego numer i numer PESEL wpiszesz w odpowiednie kom\u00f3rki formularza. Nie ma konieczno\u015bci za\u0142\u0105czania \u017cadnych dokument\u00f3w potwierdzaj\u0105cych osi\u0105gane dochody.<\/p>\n<h3>Formy zatrudnienia<\/h3>\n<p>Forma zatrudnienia jest jednym z element\u00f3w pozwalaj\u0105cych zweryfikowa\u0107 firmie Wandoo Twoj\u0105 sytuacj\u0119 finansow\u0105. Najwi\u0119ksze znaczenie ma jednak nie sama forma zatrudnienia, ale wysoko\u015b\u0107 i cz\u0119stotliwo\u015b\u0107 osi\u0105ganych dochod\u00f3w, bo to one b\u0119d\u0105 s\u0142u\u017cy\u0107 do terminowej sp\u0142aty po\u017cyczki.<\/p>\n<h2>Weryfikacja w bazie d\u0142u\u017cnik\u00f3w<\/h2>\n<p>Sama firma Wandoo Finance sp. z o.o. twierdzi na stronie www, \u017ce dokonuje weryfikacji klient\u00f3w z pomoc\u0105 \u201cwyspecjalizowanych firm\u201d. Jednocze\u015bnie w sieci kr\u0105\u017cy opinia jakoby Wandoo nie sprawdza\u0142a potencjalnych po\u017cyczkobiorc\u00f3w nawet w bazie BIK. Prawda le\u017cy troch\u0119 po\u015brodku, a wynika to przede wszystkim z obecnego poziomu technologii.<\/p>\n<p>Sprawdzenie baz d\u0142u\u017cnik\u00f3w odbywa si\u0119 w spos\u00f3b automatyczny. Zdecydowana wi\u0119kszo\u015b\u0107 nie tylko bank\u00f3w, ale te\u017c po\u017cyczkodawc\u00f3w ma sta\u0142y i stabilny dost\u0119p do baz takich jak KRD czy BIK. Rzadko jednak robi\u0105 cokolwiek ponad sprawdzenie swoich klient\u00f3w w\u0142a\u015bnie w tych bazach, kt\u00f3re mog\u0105 sprawdzi\u0107 bez wysi\u0142ku.<\/p>\n<h3>Czy Wandoo udziela po\u017cyczek na raty bez sprawdzenia w bazie BIK?<\/h3>\n<p>Wandoo udziela g\u0142\u00f3wnie chwil\u00f3wek, nie ma tu wi\u0119c mowy o po\u017cyczkach na raty. Po\u017cyczane kwoty te\u017c nie s\u0105 tak wysokie jak w przypadku dost\u0119pnych na rynku kredyt\u00f3w got\u00f3wkowych. Idea, by jakakolwiek firma po\u017cyczkowa zrezygnowa\u0142a ze sprawdzenia klienta BIK jest jednak ma\u0142o prawdopodobna.<\/p>\n<p>Firma nie ma obowi\u0105zku informowa\u0107 klient\u00f3w w jakich bazach ich sprawdza i Wandoo, podobnie jak inne firmy nie publikuje takiej informacji.<\/p>\n<p>Mo\u017cesz za\u0142o\u017cy\u0107, \u017ce Twoje zad\u0142u\u017cenie w BIK zostanie sprawdzone, ale je\u015bli nie widniej\u0105 tam op\u00f3\u017anienia w p\u0142atno\u015bciach, a jedynie sp\u0142acane przez Ciebie terminowo kredyty, nie przekre\u015bla to Twoich szans na po\u017cyczk\u0119.<\/p>\n<h3>Czy Wandoo udziela po\u017cyczek dla zad\u0142u\u017conych?<\/h3>\n<p>Wandoo jako firma po\u017cyczkowa podchodzi do zad\u0142u\u017cenia swoich klient\u00f3w bardziej liberalnie ni\u017c banki, ale mniej ni\u017c inni po\u017cyczkodawcy. Osoba maj\u0105ca zad\u0142u\u017cenie, kt\u00f3re regularnie sp\u0142aca (np. kredyt hipoteczny, czy leasing konsumencki) mo\u017ce uzyska\u0107 po\u017cyczk\u0119 w Wandoo.<\/p>\n<p>Jednocze\u015bnie firma nigdy nie reklamowa\u0142a si\u0119 w kontek\u015bcie po\u017cyczek dla zad\u0142u\u017conych i z pewno\u015bci\u0105 sprawdza dost\u0119pne bazy d\u0142u\u017cnik\u00f3w. Osoby, kt\u00f3re reguluj\u0105 swoje zobowi\u0105zania nieterminowo, b\u0119d\u0105 mia\u0142y trudno\u015bci z uzyskaniem po\u017cyczki w tej firmie i najprawdopodobniej spotkaj\u0105 si\u0119 z odmow\u0105.<\/p>\n<p>Zad\u0142u\u017ceni mog\u0105 uzyska\u0107 po\u017cyczk\u0119 w Wandoo, ale niesolidni p\u0142atnicy ju\u017c nie.<\/p>\n<h3>Czy w Wandoo mo\u017cna wzi\u0105\u0107 po\u017cyczk\u0119 z komornikiem?<\/h3>\n<p>Maj\u0105c zaj\u0119te przez komornika konto raczej nie mo\u017cna uzyska\u0107 po\u017cyczki w Wandoo. Sam mechanizm jej uzyskania to wyklucza, poniewa\u017c klient musi wykona\u0107 jedno groszowy przelew weryfikacyjny. Ponadto \u015brodki z po\u017cyczki trafiaj\u0105 na konto, nie s\u0105 wyp\u0142acane w got\u00f3wce.<\/p>\n<p>W praktyce czynno\u015bci komornicze mog\u0105 uniemo\u017cliwi\u0107 skorzystanie z oferty Wandoo. Ponadto, je\u015bli z jakiegokolwiek \u017ar\u00f3d\u0142a firma dowie si\u0119 o post\u0119powaniu komorniczym, po prostu nie udzieli po\u017cyczki.<\/p>\n<h2>Jak wzi\u0105\u0107 po\u017cyczk\u0119 w Wandoo?<\/h2>\n<p>\u017beby zaci\u0105gn\u0105\u0107 po\u017cyczk\u0119 w Wandoo, konieczne jest utworzenie osobistego profilu klienta i rejestracja w systemie Wandoo. Mo\u017cna to zrobi\u0107 przechodz\u0105c ze strony g\u0142\u00f3wnej Wandoo.pl. Od razu po wej\u015bciu na ni\u0105 wida\u0107 uproszczony kalkulator po\u017cyczkowy z du\u017cym, zielonym przyciskiem \u201cZ\u0142\u00f3\u017c wniosek\u201d.<\/p>\n<p>Po klikni\u0119ciu w niego, przejdziesz do formularza Wandoo, gdzie wype\u0142nisz podstawowe dane i ustawisz w\u0142asne has\u0142o do profilu klienta.<\/p>\n<p>W tym miejscu umieszczone zosta\u0142y te\u017c wszelkie zgody dotycz\u0105ce danych osobowych, regulaminy i og\u00f3lne warunki \u015bwiadczenia us\u0142ug, na kt\u00f3rych b\u0119dzie si\u0119 opiera\u0107 Twoja wsp\u00f3\u0142praca z Wandoo.<\/p>\n<p>Po przej\u015bciu przez etap rejestracji (je\u015bli masz ju\u017c konto, nie musisz tego etapu przechodzi\u0107 ponownie) mo\u017cesz dokona\u0107 weryfikacji.<\/p>\n<p>S\u0105 dwa sposoby, \u017ceby to zrobi\u0107. Pierwsza to skorzystanie z platformy Kontomatik. Je\u015bli z niej nie korzystasz, mo\u017cesz dokona\u0107 prostego przelewu weryfikacyjnego na 1 grosz, \u017ceby potwierdzi\u0107, \u017ce konto nale\u017cy do Ciebie.<\/p>\n<p>Po potwierdzeniu numeru konta, firma Wandoo przeprowadza weryfikacj\u0119 wyp\u0142acalno\u015bci. Je\u015bli po\u017cyczka zostanie zatwierdzona, otrzymasz pieni\u0105dze na konto.<\/p>\n<h2>Sp\u0142ata po\u017cyczki w Wandoo<\/h2>\n<p>Po\u017cyczk\u0119 w Wandoo musisz sp\u0142aci\u0107 w ci\u0105gu 30 dni od jej zaci\u0105gni\u0119cia. Warto pami\u0119ta\u0107, \u017ce termin liczy si\u0119 od otrzymania pozytywnej decyzji i mo\u017ce si\u0119 zdarzy\u0107, \u017ce faktycznie \u015brodki znajd\u0105 si\u0119 na Twoim koncie nast\u0119pnego dnia roboczego, wi\u0119c na sp\u0142at\u0119 zostanie Ci 28-29 dni.<\/p>\n<h3>Czy mo\u017cliwa jest sp\u0142ata po\u017cyczki przed terminem?<\/h3>\n<p>Po\u017cyczk\u0119 w Wandoo mo\u017cesz sp\u0142aci\u0107 w ka\u017cdym momencie, nawet bezpo\u015brednio po jej zaci\u0105gni\u0119ciu. Dop\u00f3ki mie\u015bcisz si\u0119 w terminie, ka\u017cdy termin na sp\u0142at\u0119 po\u017cyczki jest dobry. Og\u00f3lnie firmy po\u017cyczkowe nie mog\u0105 zakaza\u0107 Ci wcze\u015bniejszej sp\u0142aty po\u017cyczek kr\u00f3tkoterminowych. Sp\u0142acaj, kiedy masz \u015brodki.<\/p>\n<h3>Wyd\u0142u\u017cenie terminu sp\u0142aty<\/h3>\n<p>Potencjalnie mo\u017cesz wyd\u0142u\u017cy\u0107 termin sp\u0142aty swojej po\u017cyczki o kolejny miesi\u0105c. Jest to jednak do\u015b\u0107 kosztowna operacja. Ponadto ka\u017cde kolejne wyd\u0142u\u017cenie terminu sp\u0142aty oznacza zwi\u0119kszenie prowizji za wyd\u0142u\u017cenie terminu.<\/p>\n<p>Nawet w przypadku po\u017cyczek na tak niskie kwoty jak 1000 z\u0142, koszt przed\u0142u\u017cenia po\u017cyczki tylko o 1 miesi\u0105c wyniesie ponad 200 z\u0142. To wi\u0119cej ni\u017c zap\u0142acisz w banku za po\u017cyczenie pieni\u0119dzy na 12 miesi\u0119cy.<\/p>\n<p>Je\u015bli jednak nie masz wyj\u015bcia i musisz wyd\u0142u\u017cy\u0107 okres sp\u0142aty w Wandoo, skontaktuj si\u0119 telefonicznie z ich infolini\u0105. Procedura wyd\u0142u\u017cenia terminu sp\u0142aty jest bardzo prosta i intuicyjna. Musisz jednak liczy\u0107 si\u0119 z ponown\u0105 weryfikacj\u0105 zdolno\u015bci kredytowej \u2013 nie otrzymasz mo\u017cliwo\u015bci od\u0142o\u017cenia sp\u0142aty na p\u00f3\u017aniej, je\u015bli w czasie, gdy obowi\u0105zywa\u0142a umowa Twoje d\u0142ugi zosta\u0142y wpisane do KRD.<\/p>\n<h3>Brak sp\u0142aty \u2013 co, je\u015bli po\u017cyczka nie zostanie sp\u0142acona na czas?<\/h3>\n<p>Je\u015bli nie sp\u0142acisz po\u017cyczki w Wandoo na czas, pierwsze co zrobi firma, to doliczy Ci kar\u0119 umown\u0105 i wezwie do zap\u0142aty w kolejnym terminie. Kara umowna jest znacznie wy\u017csza od op\u0142aty za wyd\u0142u\u017cenie terminu sp\u0142aty i w zale\u017cno\u015bci od po\u017cyczonej kwoty mo\u017ce wynosi\u0107 20-30 % tego co masz do sp\u0142aty.<\/p>\n<p>Oczywi\u015bcie je\u015bli nie sp\u0142acisz po\u017cyczki wraz z odsetkami i kar\u0105 umown\u0105 w okre\u015blonym terminie, firma Wandoo rozpocznie post\u0119powanie cywilne przeciw Tobie i najprawdopodobniej sko\u0144czy si\u0119 ono wizyt\u0105 komornika.<\/p>\n<h2>Windykacja w Wandoo<\/h2>\n<p>Wandoo prowadzi windykacj\u0119 we w\u0142asnym zakresie za po\u015brednictwem swojego call center. Firma jest nastawiona zdecydowanie na ugodowe odzyskanie swoich \u015brodk\u00f3w, a nie rozprawy s\u0105dowe. Nie nale\u017cy jednak oczekiwa\u0107, \u017ce uda si\u0119 odwlec termin p\u0142atno\u015bci bez ponoszenia z tego tytu\u0142u dotkliwych koszt\u00f3w.<\/p>\n<p>Z dzia\u0142em windykacji Wandoo mo\u017cna si\u0119 skontaktowa\u0107 pod numerem<\/p>\n<p>22 380 90 11<\/p>\n<p>lub wysy\u0142aj\u0105c maila na adres<\/p>\n<p>windykacja@wandoo.pl<\/p>\n<p>W przeciwie\u0144stwie do reszty firmy, dzia\u0142 windykacji pracuje do 16:00.<\/p>\n<h2>Kolejna po\u017cyczka w Wandoo<\/h2>\n<p>Zaci\u0105ganie kolejnych po\u017cyczek w Wandoo jest prostsze ni\u017c w przypadku pierwszej po\u017cyczki. Osoby, kt\u00f3re po\u017cycza\u0142y wcze\u015bniej w Wandoo i sp\u0142aci\u0142y nale\u017cno\u015bci w terminie:<\/p>\n<ul>\n<li>Maj\u0105 ju\u017c za\u0142o\u017cone konto (profil) klienta,<\/li>\n<li>Mog\u0105 po\u017cyczy\u0107 kontaktuj\u0105c si\u0119 z firm\u0105 za pomoc\u0105 infolinii,<\/li>\n<li>S\u0105 w stanie po\u017cyczy\u0107 do 8000 z\u0142.<\/li>\n<\/ul>\n<p>Korzystaj\u0105c z kolejnych po\u017cyczek w Wandoo nie mo\u017cna jednak skorzysta\u0107 z promocyjnych warunk\u00f3w dla nowych po\u017cyczkobiorc\u00f3w, czyli po\u017cyczki bezkosztowej.<\/p>\n<p>&nbsp;<\/p>\n","protected":false},"excerpt":{"rendered":"<p>Wandoo Finance sp. z o.o. powsta\u0142a w 2016 roku i od tamtej pory oferuje szybkie po\u017cyczki na niewielkie kwoty. O [&hellip;]<\/p>\n","protected":false},"author":60,"featured_media":8722,"parent":8676,"menu_order":0,"comment_status":"closed","ping_status":"closed","template":"page_lender.php","meta":{"_acf_changed":false,"yasr_overall_rating":0,"yasr_post_is_review":"","yasr_auto_insert_disabled":"","yasr_review_type":"","footnotes":""},"class_list":["post-8720","page","type-page","status-publish","has-post-thumbnail","hentry"],"acf":[],"yoast_head":"<!-- This site is optimized with the Yoast SEO plugin v27.1.1 - https:\/\/yoast.com\/product\/yoast-seo-wordpress\/ -->\n<title>Wandoo - sprawd\u017a oferty bankowe | Por\u00f3wnywarka finansowa Rankomat<\/title>\n<meta name=\"robots\" content=\"index, follow, max-snippet:-1, max-image-preview:large, max-video-preview:-1\" \/>\n<link rel=\"canonical\" href=\"https:\/\/rankomat.pl\/finanse\/chwilowki\/firma\/wandoo\/\" \/>\n<meta property=\"og:locale\" content=\"pl_PL\" \/>\n<meta property=\"og:type\" content=\"article\" \/>\n<meta property=\"og:title\" content=\"Wandoo - sprawd\u017a {{count_bank_85}} | Por\u00f3wnywarka finansowa Rankomat\" \/>\n<meta property=\"og:description\" content=\"Wandoo Finance sp. z o.o. powsta\u0142a w 2016 roku i od tamtej pory oferuje szybkie po\u017cyczki na niewielkie kwoty. O [&hellip;]\" \/>\n<meta property=\"og:url\" content=\"https:\/\/rankomat.pl\/finanse\/chwilowki\/firma\/wandoo\/\" \/>\n<meta property=\"og:site_name\" content=\"Por\u00f3wnywarka finansowa Rankomat\" \/>\n<meta property=\"article:publisher\" content=\"https:\/\/www.facebook.com\/rankomatpl\/\" \/>\n<meta property=\"og:image\" content=\"https:\/\/rankomat.pl\/finanse\/wp-content\/uploads\/2024\/02\/logo-wandoo.png\" \/>\n\t<meta property=\"og:image:width\" content=\"250\" \/>\n\t<meta property=\"og:image:height\" content=\"75\" \/>\n\t<meta property=\"og:image:type\" content=\"image\/png\" \/>\n<meta name=\"twitter:card\" content=\"summary_large_image\" \/>\n<meta name=\"twitter:site\" content=\"@rankomat\" \/>\n<meta name=\"twitter:label1\" content=\"Szacowany czas czytania\" \/>\n\t<meta name=\"twitter:data1\" content=\"11 minut\" \/>\n<script type=\"application\/ld+json\" class=\"yoast-schema-graph\">{\"@context\":\"https:\/\/schema.org\",\"@graph\":[{\"@type\":\"ImageObject\",\"inLanguage\":\"pl-PL\",\"@id\":\"https:\/\/rankomat.pl\/finanse\/chwilowki\/firma\/wandoo\/#primaryimage\",\"url\":\"https:\/\/rankomat.pl\/finanse\/wp-content\/uploads\/2024\/02\/logo-wandoo.png\",\"contentUrl\":\"https:\/\/rankomat.pl\/finanse\/wp-content\/uploads\/2024\/02\/logo-wandoo.png\",\"width\":250,\"height\":75,\"caption\":\"logo wandoo\"},{\"@type\":\"BreadcrumbList\",\"@id\":\"https:\/\/rankomat.pl\/finanse\/chwilowki\/firma\/wandoo\/#breadcrumb\",\"itemListElement\":[{\"@type\":\"ListItem\",\"position\":1,\"name\":\"Finanse\",\"item\":\"https:\/\/rankomat.pl\/finanse\/\"},{\"@type\":\"ListItem\",\"position\":2,\"name\":\"Chwil\u00f3wki\",\"item\":\"https:\/\/rankomat.pl\/finanse\/chwilowki\/\"},{\"@type\":\"ListItem\",\"position\":3,\"name\":\"Listing firm po\u017cyczkowych\",\"item\":\"https:\/\/rankomat.pl\/finanse\/chwilowki\/firma\/\"},{\"@type\":\"ListItem\",\"position\":4,\"name\":\"Wandoo\"}]}]}<\/script>\n<!-- \/ Yoast SEO plugin. -->","yoast_head_json":{"title":"Wandoo - sprawd\u017a oferty bankowe | Por\u00f3wnywarka finansowa Rankomat","robots":{"index":"index","follow":"follow","max-snippet":"max-snippet:-1","max-image-preview":"max-image-preview:large","max-video-preview":"max-video-preview:-1"},"canonical":"https:\/\/rankomat.pl\/finanse\/chwilowki\/firma\/wandoo\/","og_locale":"pl_PL","og_type":"article","og_title":"Wandoo - sprawd\u017a {{count_bank_85}} | Por\u00f3wnywarka finansowa Rankomat","og_description":"Wandoo Finance sp. z o.o. powsta\u0142a w 2016 roku i od tamtej pory oferuje szybkie po\u017cyczki na niewielkie kwoty. O [&hellip;]","og_url":"https:\/\/rankomat.pl\/finanse\/chwilowki\/firma\/wandoo\/","og_site_name":"Por\u00f3wnywarka finansowa Rankomat","article_publisher":"https:\/\/www.facebook.com\/rankomatpl\/","og_image":[{"width":250,"height":75,"url":"https:\/\/rankomat.pl\/finanse\/wp-content\/uploads\/2024\/02\/logo-wandoo.png","type":"image\/png"}],"twitter_card":"summary_large_image","twitter_site":"@rankomat","twitter_misc":{"Szacowany czas czytania":"11 minut"},"schema":{"@context":"https:\/\/schema.org","@graph":[{"@type":"ImageObject","inLanguage":"pl-PL","@id":"https:\/\/rankomat.pl\/finanse\/chwilowki\/firma\/wandoo\/#primaryimage","url":"https:\/\/rankomat.pl\/finanse\/wp-content\/uploads\/2024\/02\/logo-wandoo.png","contentUrl":"https:\/\/rankomat.pl\/finanse\/wp-content\/uploads\/2024\/02\/logo-wandoo.png","width":250,"height":75,"caption":"logo wandoo"},{"@type":"BreadcrumbList","@id":"https:\/\/rankomat.pl\/finanse\/chwilowki\/firma\/wandoo\/#breadcrumb","itemListElement":[{"@type":"ListItem","position":1,"name":"Finanse","item":"https:\/\/rankomat.pl\/finanse\/"},{"@type":"ListItem","position":2,"name":"Chwil\u00f3wki","item":"https:\/\/rankomat.pl\/finanse\/chwilowki\/"},{"@type":"ListItem","position":3,"name":"Listing firm po\u017cyczkowych","item":"https:\/\/rankomat.pl\/finanse\/chwilowki\/firma\/"},{"@type":"ListItem","position":4,"name":"Wandoo"}]}]}},"yasr_visitor_votes":{"stars_attributes":{"read_only":false,"span_bottom":false},"number_of_votes":0,"sum_votes":0},"_links":{"self":[{"href":"https:\/\/rankomat.pl\/finanse\/wp-json\/wp\/v2\/pages\/8720","targetHints":{"allow":["GET"]}}],"collection":[{"href":"https:\/\/rankomat.pl\/finanse\/wp-json\/wp\/v2\/pages"}],"about":[{"href":"https:\/\/rankomat.pl\/finanse\/wp-json\/wp\/v2\/types\/page"}],"author":[{"embeddable":true,"href":"https:\/\/rankomat.pl\/finanse\/wp-json\/wp\/v2\/users\/60"}],"replies":[{"embeddable":true,"href":"https:\/\/rankomat.pl\/finanse\/wp-json\/wp\/v2\/comments?post=8720"}],"version-history":[{"count":0,"href":"https:\/\/rankomat.pl\/finanse\/wp-json\/wp\/v2\/pages\/8720\/revisions"}],"up":[{"embeddable":true,"href":"https:\/\/rankomat.pl\/finanse\/wp-json\/wp\/v2\/pages\/8676"}],"wp:featuredmedia":[{"embeddable":true,"href":"https:\/\/rankomat.pl\/finanse\/wp-json\/wp\/v2\/media\/8722"}],"wp:attachment":[{"href":"https:\/\/rankomat.pl\/finanse\/wp-json\/wp\/v2\/media?parent=8720"}],"curies":[{"name":"wp","href":"https:\/\/api.w.org\/{rel}","templated":true}]}}