{"id":911,"date":"2017-02-23T08:54:17","date_gmt":"2017-02-23T07:54:17","guid":{"rendered":"http:\/\/finanse.rankomat.pl\/banki\/nest-bank\/"},"modified":"2025-07-10T11:54:09","modified_gmt":"2025-07-10T09:54:09","slug":"nest-bank","status":"publish","type":"page","link":"https:\/\/rankomat.pl\/finanse\/banki\/nest-bank\/","title":{"rendered":"Nest Bank"},"content":{"rendered":"<p><a class=\"button btn-success\" href=\"https:\/\/rankomat.pl\/finanse\/banki\/nest-bank\/lokaty\/\">Lokaty \u00bb<\/a> <a class=\"button btn-success\" href=\"https:\/\/rankomat.pl\/finanse\/poradniki\/zalozyc-konto-osobiste-30-bankow\/#nest\">Jak za\u0142o\u017cy\u0107 konto \u00bb<\/a> <a class=\"button btn-success\" href=\"https:\/\/rankomat.pl\/finanse\/poradniki\/zamknac-konto-osobiste-30-bankow\/#nest\">Jak zamkn\u0105\u0107 konto \u00bb<\/a><\/p>\n<p><b><img loading=\"lazy\" decoding=\"async\" class=\"size-full wp-image-1207\" style=\"float: left\" src=\"https:\/\/rankomat.pl\/finanse\/wp-content\/uploads\/thumbs\/entry\/2017\/05\/nest-bank.png\" alt=\"Nest Bank logo\" width=\"170\" height=\"70\" data-interchange=\"[https:\/\/rankomat.pl\/finanse\/wp-content\/uploads\/thumbs\/entry\/mobile\/2017\/05\/nest-bank.png, small], [https:\/\/rankomat.pl\/finanse\/wp-content\/uploads\/thumbs\/entry\/2017\/05\/nest-bank.png, medium]\" aria-hidden=\"true\"><\/b><\/p>\n<p style=\"text-align: justify\">Nest Bank (wcze\u015bniej FM Bank PBP) jest now\u0105, bo dzia\u0142aj\u0105c\u0105 od pa\u017adziernika 2016 roku, mark\u0105 powsta\u0142\u0105 w miejsce Banku Smart i BIZ Banku. Nest Bank jest instytucj\u0105 z kapita\u0142em zagranicznym, kontrolowanym przez fundusz AnaCap Financial Partners. Jak sama nazwa wskazuje (\u201cnest\u201d to z angielskiego gniazdo), <strong>bank mocno odwo\u0142uje si\u0119 do warto\u015bci rodzinnych, a zaufanie i poczucie bezpiecze\u0144stwa traktuje jako warto\u015bci nadrz\u0119dne<\/strong>. Zgodnie z filozofi\u0105 banku bliskiego ludziom, klienci otrzymuj\u0105 dost\u0119p zar\u00f3wno do bankowo\u015bci internetowej, jak i do sieci kameralnych oddzia\u0142\u00f3w.<\/p>\n<h2><b>Oferta dla klient\u00f3w indywidualnych<\/b><\/h2>\n<p style=\"text-align: justify\"><span style=\"font-weight: 400\">Propozycja Nest Banku skierowana jest w szczeg\u00f3lno\u015bci do rodzin i reprezentant\u00f3w drobnej przedsi\u0119biorczo\u015bci. Oferta zbudowana jest w oparciu o proste i czytelne produkty. Pr\u00f3\u017cno szuka\u0107 tu zaawansowanych instrument\u00f3w finansowych. Klienci indywidualni z pewno\u015bci\u0105 doceni\u0105 <strong>bezwarunkowo darmowe konto osobiste oraz atrakcyjnie oprocentowane lokaty i rachunki oszcz\u0119dno\u015bciowe<\/strong>. Dodatkowo bank daje mo\u017cliwo\u015b\u0107 zaci\u0105gania zobowi\u0105za\u0144 przy pomocy przyjaznego kredytu got\u00f3wkowego.<br \/>\n<\/span><\/p>\n<h2 style=\"text-align: justify\"><b>Godziny ksi\u0119gowania przelew\u00f3w<\/b><\/h2>\n<p style=\"text-align: justify\"><span style=\"font-weight: 400\">Nest Bank nie pobiera \u017cadnych op\u0142at za krajowe przelewy Elixir, realizowane przez internet. Kiedy czas nagli bez obaw skorzysta\u0107 mo\u017cna z natychmiastowych przelew\u00f3w Express Elixir. W sytuacji kiedy przekaza\u0107 chcemy wi\u0119ksz\u0105 kwot\u0119 pieni\u0119dzy, doskona\u0142ym rozwi\u0105zaniem wydaje si\u0119 przelew SORBNET. Wychodz\u0105ce i przychodz\u0105ce sesje Elixir w Nest Banku, odbywaj\u0105 si\u0119 we wskazanych godzinach:<br \/>\n<\/span><\/p>\n<table class=\"table table-bordered\">\n<tbody>\n<tr>\n<td><strong>Rodzaj sesji<\/strong><\/td>\n<td class=\"text-center\" colspan=\"3\"><strong>Godziny sesji<\/strong><\/td>\n<\/tr>\n<tr>\n<td>Sesje wychodz\u0105ce<\/td>\n<td class=\"text-center\">08:30<\/td>\n<td class=\"text-center\">11:30<\/td>\n<td class=\"text-center\">14:00<\/td>\n<\/tr>\n<tr>\n<td>Sesje przychodz\u0105ce<\/td>\n<td class=\"text-center\">11:30<\/td>\n<td class=\"text-center\">15:30<\/td>\n<td class=\"text-center\">17:30<\/td>\n<\/tr>\n<\/tbody>\n<\/table>\n<h2><strong>Przelewy zagraniczne &#8211; IBAN, SWIFT<\/strong><\/h2>\n<p style=\"text-align: justify\"><span style=\"font-weight: 400\"><br \/>\nKa\u017cdorazowo realizuj\u0105c przelewy zagraniczne, wymagane jest pos\u0142ugiwanie si\u0119 kodem SWIFT. Kod ten okre\u015blany jest cz\u0119sto mianem kodu BIC.<br \/>\n<\/span><\/p>\n<ul>\n<li style=\"text-align: justify\"><span style=\"font-weight: 400\">Kod BIC\/SWIFT Nest Banku: <\/span><strong> NESBPLPW<\/strong><\/li>\n<li>Format IBAN: PL + numer rachunku (26 cyfr)<\/li>\n<\/ul>\n<h2><b>Dla poszukuj\u0105cych konta osobistego<\/b><\/h2>\n<p style=\"text-align: justify\"><span style=\"font-weight: 400\">W ofercie rachunk\u00f3w oszcz\u0119dno\u015bciowo-rozliczeniowych r\u00f3wnie\u017c kr\u00f3luje prostota. Nest Konto to na obecn\u0105 chwil\u0119 jedyna opcja rachunku, skierowana do klienta indywidualnego. W zamian za pozbawienie klienta wyboru parametry konta s\u0105 bardziej ni\u017c zadowalaj\u0105ce. <strong>Otwarcie i prowadzenie rachunku jest bezwarunkowo bezp\u0142atne<\/strong>. Dodatkowo klienci za\u0142o\u017cy\u0107 mog\u0105 Nest Konto Waluta, rozliczane w EUR, USD i GBP. Op\u0142ata za otwarcie i prowadzenie konta wynosi tak\u017ce 0 z\u0142.<br \/>\n<\/span><\/p>\n<p style=\"text-align: center\"><a class=\"btn btn-success\" href=\"https:\/\/rankomat.pl\/finanse\/konta\/konta-bankowe\/\">Zobacz ranking kont osobistych<\/a><\/p>\n<h2><b>Dla p\u0142ac\u0105cych kart\u0105<\/b><\/h2>\n<p style=\"text-align: justify\"><span style=\"font-weight: 400\">Uproszczona oferta Nest Banku przejawia si\u0119 tak\u017ce w obszarze kart p\u0142atniczych. Klient skorzysta\u0107 mo\u017ce wy\u0142\u0105cznie z karty Visa Debit wydawanej do konta osobistego.<strong> Karta pozwala dokonywa\u0107 transakcji w kraju i zagranic\u0105, p\u0142aci\u0107 zbli\u017ceniowo oraz w internecie<\/strong>. Wydanie i korzystanie z jednej karty jest ca\u0142kowicie darmowe. Dodatkowo si\u0119gn\u0105\u0107 mo\u017cna po kart\u0119 V PAY, kt\u00f3ra przypisana jest bezpo\u015brednio do konta walutowego.<br \/>\n<\/span><\/p>\n<h2><b>Dla pomna\u017caj\u0105cych oszcz\u0119dno\u015bci<\/b><\/h2>\n<p style=\"text-align: justify\"><span style=\"font-weight: 400\"><br \/>\nOsoby poszukuj\u0105ce bezpiecznej przystani dla swoich oszcz\u0119dno\u015bci, powinny dok\u0142adnie przeanalizowa\u0107 ofert\u0119 lokat terminowych Nest Banku. <strong>Flagowym depozytem oferowanym dla nowych klient\u00f3w, jest kwartalna Nest Lokata Witaj, oprocentowana na 4% w skali roku<\/strong>. Pozosta\u0142e rozwi\u0105zania oferuj\u0105 r\u00f3wnie\u017c bardzo konkurencyjne stawki. Nest Bank to tak\u017ce warte uwagi konta oszcz\u0119dno\u015bciowe &#8211; a na szczeg\u00f3lne uznanie zas\u0142uguje rachunek Nest Rodzinne Oszcz\u0119dno\u015bci. W ofercie pr\u00f3\u017cno szuka\u0107 funduszy inwestycyjnych, obligacji korporacyjnych, czy produkt\u00f3w strukturyzowanych. O sile Nest Banku \u015bwiadczy\u0107 ma prostota rozwi\u0105za\u0144.<br \/>\n<\/span><\/p>\n<p style=\"text-align: justify\"><\/p>\n<p style=\"text-align: center\"><a class=\"btn btn-success\" href=\"https:\/\/rankomat.pl\/finanse\/banki\/nest-bank\/lokaty\/\">Sprawd\u017a lokaty Nest Banku<\/a><\/p>\n<h2><b>Dla oczekuj\u0105cych finansowania<\/b><\/h2>\n<p style=\"text-align: justify\"><span style=\"font-weight: 400\">Nest Bank nie tylko pomna\u017ca, ale tak\u017ce po\u017cycza, oddaj\u0105c do dyspozycji klient\u00f3w bardzo przyst\u0119pne kredyty got\u00f3wkowe. <strong>Nest Got\u00f3wka na KLIK pozwala przeprowadzi\u0107 pe\u0142n\u0105 procedur\u0119 kredytow\u0105 online, bez konieczno\u015bci wychodzenia z domu.<\/strong> Z kolei Kredyt 0% pozwala zaci\u0105gn\u0105\u0107 zobowi\u0105zanie si\u0119gaj\u0105ce nawet 550 000 tys. z\u0142. Osoby sp\u0142acaj\u0105ce kilka kredyt\u00f3w w tym samym czasie, skorzysta\u0107 mog\u0105 z kredytu konsolidacyjnego, upraszczaj\u0105c sobie dalsz\u0105 sp\u0142at\u0119 kolejnych rat. Niestety w ofercie Nest Banku nie znajdziecie propozycji kredytu hipotecznego.<\/span><\/p>\n<p style=\"text-align: center\"><a class=\"btn btn-success\" href=\"https:\/\/rankomat.pl\/finanse\/kredyty-gotowkowe\/\">Sprawd\u017a oferty kredyt\u00f3w<\/a><\/p>\n<h2 style=\"text-align: justify\"><b>Nest Bank &#8211; kontakt<\/b><\/h2>\n<p style=\"text-align: justify\"><span style=\"font-weight: 400\">Adres centrali: ul. Domaniewska 39A, 02-672 Warszawa<br \/>\n<\/span><\/p>\n<p><span style=\"font-weight: 400\">Infolinia: 801-800-188, 22 438-41-41<br \/>\n<\/span><\/p>\n<p><span style=\"font-weight: 400\">Email: kontakt@nestbank.pl<\/span><\/p>\n<p><span style=\"font-weight: 400\">Adres strony kontaktowej: <\/span><span style=\"font-weight: 400\">https:\/\/www.nestbank.pl\/kontakt.html<\/span><\/p>\n","protected":false},"excerpt":{"rendered":"<p>Lokaty \u00bb Jak za\u0142o\u017cy\u0107 konto \u00bb Jak zamkn\u0105\u0107 konto \u00bb Nest Bank (wcze\u015bniej FM Bank PBP) jest now\u0105, bo dzia\u0142aj\u0105c\u0105 [&hellip;]<\/p>\n","protected":false},"author":32,"featured_media":0,"parent":11004,"menu_order":0,"comment_status":"closed","ping_status":"closed","template":"page_bank_new.php","meta":{"_acf_changed":false,"yasr_overall_rating":0,"yasr_post_is_review":"","yasr_auto_insert_disabled":"","yasr_review_type":"","footnotes":""},"class_list":["post-911","page","type-page","status-publish","hentry"],"acf":[],"yoast_head":"<!-- This site is optimized with the Yoast SEO plugin v27.1.1 - https:\/\/yoast.com\/product\/yoast-seo-wordpress\/ -->\n<title>Nest Bank - sprawd\u017a oferty bankowe | Por\u00f3wnywarka finansowa Rankomat<\/title>\n<meta name=\"robots\" content=\"index, follow, max-snippet:-1, max-image-preview:large, max-video-preview:-1\" \/>\n<link rel=\"canonical\" href=\"https:\/\/rankomat.pl\/finanse\/banki\/nest-bank\/\" \/>\n<meta property=\"og:locale\" content=\"pl_PL\" \/>\n<meta property=\"og:type\" content=\"article\" \/>\n<meta property=\"og:title\" content=\"Nest Bank - sprawd\u017a {{count_bank_5}} | Por\u00f3wnywarka finansowa Rankomat\" \/>\n<meta property=\"og:description\" content=\"Lokaty \u00bb Jak za\u0142o\u017cy\u0107 konto \u00bb Jak zamkn\u0105\u0107 konto \u00bb Nest Bank (wcze\u015bniej FM Bank PBP) jest now\u0105, bo dzia\u0142aj\u0105c\u0105 [&hellip;]\" \/>\n<meta property=\"og:url\" content=\"https:\/\/rankomat.pl\/finanse\/banki\/nest-bank\/\" \/>\n<meta property=\"og:site_name\" content=\"Por\u00f3wnywarka finansowa Rankomat\" \/>\n<meta property=\"article:publisher\" content=\"https:\/\/www.facebook.com\/rankomatpl\/\" \/>\n<meta property=\"article:modified_time\" content=\"2025-07-10T09:54:09+00:00\" \/>\n<meta property=\"og:image\" content=\"https:\/\/rankomat.pl\/finanse\/wp-content\/uploads\/2017\/02\/alior-bank.png\" \/>\n\t<meta property=\"og:image:width\" content=\"170\" \/>\n\t<meta property=\"og:image:height\" content=\"70\" \/>\n\t<meta property=\"og:image:type\" content=\"image\/png\" \/>\n<meta name=\"twitter:card\" content=\"summary_large_image\" \/>\n<meta name=\"twitter:site\" content=\"@rankomat\" \/>\n<meta name=\"twitter:label1\" content=\"Szacowany czas czytania\" \/>\n\t<meta name=\"twitter:data1\" content=\"4 minuty\" \/>\n<script type=\"application\/ld+json\" class=\"yoast-schema-graph\">{\"@context\":\"https:\/\/schema.org\",\"@graph\":[{\"@type\":\"ImageObject\",\"inLanguage\":\"pl-PL\",\"@id\":\"https:\/\/rankomat.pl\/finanse\/banki\/nest-bank\/#primaryimage\",\"url\":\"https:\/\/rankomat.pl\/finanse\/wp-content\/uploads\/2017\/02\/alior-bank.png\",\"contentUrl\":\"https:\/\/rankomat.pl\/finanse\/wp-content\/uploads\/2017\/02\/alior-bank.png\",\"width\":170,\"height\":70,\"caption\":\"alior bank logo\"},{\"@type\":\"BreadcrumbList\",\"@id\":\"https:\/\/rankomat.pl\/finanse\/banki\/nest-bank\/#breadcrumb\",\"itemListElement\":[{\"@type\":\"ListItem\",\"position\":1,\"name\":\"Finanse\",\"item\":\"https:\/\/rankomat.pl\/finanse\/\"},{\"@type\":\"ListItem\",\"position\":2,\"name\":\"Banki\",\"item\":\"https:\/\/rankomat.pl\/finanse\/banki\/\"},{\"@type\":\"ListItem\",\"position\":3,\"name\":\"Nest Bank\"}]}]}<\/script>\n<!-- \/ Yoast SEO plugin. -->","yoast_head_json":{"title":"Nest Bank - sprawd\u017a oferty bankowe | Por\u00f3wnywarka finansowa Rankomat","robots":{"index":"index","follow":"follow","max-snippet":"max-snippet:-1","max-image-preview":"max-image-preview:large","max-video-preview":"max-video-preview:-1"},"canonical":"https:\/\/rankomat.pl\/finanse\/banki\/nest-bank\/","og_locale":"pl_PL","og_type":"article","og_title":"Nest Bank - sprawd\u017a {{count_bank_5}} | Por\u00f3wnywarka finansowa Rankomat","og_description":"Lokaty \u00bb Jak za\u0142o\u017cy\u0107 konto \u00bb Jak zamkn\u0105\u0107 konto \u00bb Nest Bank (wcze\u015bniej FM Bank PBP) jest now\u0105, bo dzia\u0142aj\u0105c\u0105 [&hellip;]","og_url":"https:\/\/rankomat.pl\/finanse\/banki\/nest-bank\/","og_site_name":"Por\u00f3wnywarka finansowa Rankomat","article_publisher":"https:\/\/www.facebook.com\/rankomatpl\/","article_modified_time":"2025-07-10T09:54:09+00:00","og_image":[{"width":170,"height":70,"url":"https:\/\/rankomat.pl\/finanse\/wp-content\/uploads\/2017\/02\/alior-bank.png","type":"image\/png"}],"twitter_card":"summary_large_image","twitter_site":"@rankomat","twitter_misc":{"Szacowany czas czytania":"4 minuty"},"schema":{"@context":"https:\/\/schema.org","@graph":[{"@type":"ImageObject","inLanguage":"pl-PL","@id":"https:\/\/rankomat.pl\/finanse\/banki\/nest-bank\/#primaryimage","url":"https:\/\/rankomat.pl\/finanse\/wp-content\/uploads\/2017\/02\/alior-bank.png","contentUrl":"https:\/\/rankomat.pl\/finanse\/wp-content\/uploads\/2017\/02\/alior-bank.png","width":170,"height":70,"caption":"alior bank logo"},{"@type":"BreadcrumbList","@id":"https:\/\/rankomat.pl\/finanse\/banki\/nest-bank\/#breadcrumb","itemListElement":[{"@type":"ListItem","position":1,"name":"Finanse","item":"https:\/\/rankomat.pl\/finanse\/"},{"@type":"ListItem","position":2,"name":"Banki","item":"https:\/\/rankomat.pl\/finanse\/banki\/"},{"@type":"ListItem","position":3,"name":"Nest Bank"}]}]}},"yasr_visitor_votes":{"stars_attributes":{"read_only":false,"span_bottom":false},"number_of_votes":61,"sum_votes":290},"_links":{"self":[{"href":"https:\/\/rankomat.pl\/finanse\/wp-json\/wp\/v2\/pages\/911","targetHints":{"allow":["GET"]}}],"collection":[{"href":"https:\/\/rankomat.pl\/finanse\/wp-json\/wp\/v2\/pages"}],"about":[{"href":"https:\/\/rankomat.pl\/finanse\/wp-json\/wp\/v2\/types\/page"}],"author":[{"embeddable":true,"href":"https:\/\/rankomat.pl\/finanse\/wp-json\/wp\/v2\/users\/32"}],"replies":[{"embeddable":true,"href":"https:\/\/rankomat.pl\/finanse\/wp-json\/wp\/v2\/comments?post=911"}],"version-history":[{"count":0,"href":"https:\/\/rankomat.pl\/finanse\/wp-json\/wp\/v2\/pages\/911\/revisions"}],"up":[{"embeddable":true,"href":"https:\/\/rankomat.pl\/finanse\/wp-json\/wp\/v2\/pages\/11004"}],"wp:attachment":[{"href":"https:\/\/rankomat.pl\/finanse\/wp-json\/wp\/v2\/media?parent=911"}],"curies":[{"name":"wp","href":"https:\/\/api.w.org\/{rel}","templated":true}]}}