{"id":918,"date":"2017-02-23T08:54:25","date_gmt":"2017-02-23T07:54:25","guid":{"rendered":"http:\/\/finanse.rankomat.pl\/bank-of-china\/"},"modified":"2025-07-10T11:54:09","modified_gmt":"2025-07-10T09:54:09","slug":"bank-of-china","status":"publish","type":"page","link":"https:\/\/rankomat.pl\/finanse\/banki\/bank-of-china\/","title":{"rendered":"Bank of China"},"content":{"rendered":"<p><a class=\"button btn-success\" href=\"https:\/\/rankomat.pl\/finanse\/poradniki\/zalozyc-konto-osobiste-30-bankow\/#china\">Jak za\u0142o\u017cy\u0107 konto \u00bb<\/a> <a class=\"button btn-success\" href=\"https:\/\/rankomat.pl\/finanse\/poradniki\/zamknac-konto-osobiste-30-bankow\/#china\">Jak zamkn\u0105\u0107 konto \u00bb<\/a><\/p>\n<p><b><img loading=\"lazy\" decoding=\"async\" class=\"size-full wp-image-1207\" style=\"float: left\" src=\"https:\/\/rankomat.pl\/finanse\/wp-content\/uploads\/thumbs\/entry\/2017\/05\/bank-of-china.png\" alt=\"bank of china logo\" width=\"170\" height=\"70\" data-interchange=\"[https:\/\/rankomat.pl\/finanse\/wp-content\/uploads\/thumbs\/entry\/mobile\/2017\/05\/bank-of-china.png, small], [https:\/\/rankomat.pl\/finanse\/wp-content\/uploads\/thumbs\/entry\/2017\/05\/bank-of-china.png, medium]\" aria-hidden=\"true\"><\/b><\/p>\n<p style=\"text-align: justify\">Bank of China (Luxembourg) S.A. swoj\u0105 dzia\u0142alno\u015b\u0107 na terenie Polski <strong>rozpocz\u0105\u0142 w 2012 roku.<\/strong> Polski oddzia\u0142 powsta\u0142 jako trzeci w Europie &#8211; po Rotterdamie i Brukseli. Klientom indywidualnym Bank of China oferuje <strong>rachunek bie\u017c\u0105cy oraz lokaty terminowe. <\/strong>Oddzia\u0142 w Polsce podlega pod Bank of China ( Europe) S.A. ( pierwotna nazwa:Bank of China (Luxembourg) S.A.), powsta\u0142 jako trzeci Oddzia\u0142 w Europie \u2013 po oddzia\u0142ach w Rotterdamie i Brukseli. Bank of China w Luksemburgu zosta\u0142 utworzony w 1979, jako pierwszy zagraniczny oddzia\u0142 Bank of China. Przez 30 lat oddzia\u0142 w Luksemburgu umacnia\u0142 swoj\u0105 pozycj\u0119 na rynku bankowym w Europie. Aby dalej rozwija\u0107 si\u0119 w Europie, w 1991 zosta\u0142 przekszta\u0142cony Bank of China (Luxembourg) S.A., dzi\u0119ki czemu m\u00f3g\u0142 zwi\u0119kszy\u0107 zakres swojej dzia\u0142alno\u015bci. Bank of China (Luxembourg) S.A. zmieni\u0142 nazw\u0119 na Bank of China (Europe) S.A. od dnia 10 Stycznia, 2022.<\/p>\n<h2><b>Dla poszukuj\u0105cych konta osobistego<\/b><\/h2>\n<p style=\"text-align: justify\"><span style=\"font-weight: 400\">Rachunek w Bank of China mo\u017cna prowadzi\u0107 w nast\u0119puj\u0105cych walutach: <strong>PLN, EUR, USD oraz RMB<\/strong>. Otwarcie oraz prowadzenie takiego konta jest darmowe.<br \/>\n<\/span><\/p>\n<h2><b>Dla pomna\u017caj\u0105cych oszcz\u0119dno\u015bci<\/b><\/h2>\n<p style=\"text-align: justify\"><span style=\"font-weight: 400\">Bank of China proponuje swoim klientom <strong>lokaty w r\u00f3\u017cnych horyzontach\u00a0czasowych<\/strong>. Do wyboru mamy zatem lokat\u0119 na miesi\u0105c, na kwarta\u0142, na p\u00f3\u0142 roku b\u0105d\u017a na dwana\u015bcie miesi\u0119cy. Ka\u017cda z lokat dost\u0119pna jest w czterech walutach: <strong>PLN, EUR, USD oraz RMB.<\/strong><br \/>\n<\/span><\/p>\n<h2 style=\"text-align: justify\"><b>Millennium Bank &#8211; kontakt<\/b><\/h2>\n<p><span style=\"font-weight: 400\">Adres centrali: Warszawa 00-108, ul.Zielna 41\/43 \u00a0<\/span><\/p>\n<p>Oddzia\u0142 jest otwarty od poniedzia\u0142ku do pi\u0105tku w godzinach 9:00 \u2013 16:00.<\/p>\n<p><span style=\"font-weight: 400\">Infolinia: +48 22 417 88 88<\/span><\/p>\n<p><span style=\"font-weight: 400\">Adres strony kontaktowej: <strong>kliknij tutaj<\/strong><\/span><\/p>\n","protected":false},"excerpt":{"rendered":"<p>Jak za\u0142o\u017cy\u0107 konto \u00bb Jak zamkn\u0105\u0107 konto \u00bb Bank of China (Luxembourg) S.A. swoj\u0105 dzia\u0142alno\u015b\u0107 na terenie Polski rozpocz\u0105\u0142 w [&hellip;]<\/p>\n","protected":false},"author":12,"featured_media":0,"parent":11004,"menu_order":0,"comment_status":"closed","ping_status":"closed","template":"page_bank.php","meta":{"_acf_changed":false,"yasr_overall_rating":0,"yasr_post_is_review":"","yasr_auto_insert_disabled":"","yasr_review_type":"","footnotes":""},"class_list":["post-918","page","type-page","status-publish","hentry"],"acf":[],"yoast_head":"<!-- This site is optimized with the Yoast SEO plugin v27.1.1 - https:\/\/yoast.com\/product\/yoast-seo-wordpress\/ -->\n<title>Bank of China - sprawd\u017a oferty bankowe | Por\u00f3wnywarka finansowa Rankomat<\/title>\n<meta name=\"robots\" content=\"index, follow, max-snippet:-1, max-image-preview:large, max-video-preview:-1\" \/>\n<link rel=\"canonical\" href=\"https:\/\/rankomat.pl\/finanse\/banki\/bank-of-china\/\" \/>\n<meta property=\"og:locale\" content=\"pl_PL\" \/>\n<meta property=\"og:type\" content=\"article\" \/>\n<meta property=\"og:title\" content=\"Bank of China - sprawd\u017a {{count_bank_42}} | Por\u00f3wnywarka finansowa Rankomat\" \/>\n<meta property=\"og:description\" content=\"Jak za\u0142o\u017cy\u0107 konto \u00bb Jak zamkn\u0105\u0107 konto \u00bb Bank of China (Luxembourg) S.A. swoj\u0105 dzia\u0142alno\u015b\u0107 na terenie Polski rozpocz\u0105\u0142 w [&hellip;]\" \/>\n<meta property=\"og:url\" content=\"https:\/\/rankomat.pl\/finanse\/banki\/bank-of-china\/\" \/>\n<meta property=\"og:site_name\" content=\"Por\u00f3wnywarka finansowa Rankomat\" \/>\n<meta property=\"article:publisher\" content=\"https:\/\/www.facebook.com\/rankomatpl\/\" \/>\n<meta property=\"article:modified_time\" content=\"2025-07-10T09:54:09+00:00\" \/>\n<meta property=\"og:image\" content=\"https:\/\/rankomat.pl\/finanse\/wp-content\/uploads\/2017\/02\/alior-bank.png\" \/>\n\t<meta property=\"og:image:width\" content=\"170\" \/>\n\t<meta property=\"og:image:height\" content=\"70\" \/>\n\t<meta property=\"og:image:type\" content=\"image\/png\" \/>\n<meta name=\"twitter:card\" content=\"summary_large_image\" \/>\n<meta name=\"twitter:site\" content=\"@rankomat\" \/>\n<meta name=\"twitter:label1\" content=\"Szacowany czas czytania\" \/>\n\t<meta name=\"twitter:data1\" content=\"2 minuty\" \/>\n<script type=\"application\/ld+json\" class=\"yoast-schema-graph\">{\"@context\":\"https:\/\/schema.org\",\"@graph\":[{\"@type\":\"ImageObject\",\"inLanguage\":\"pl-PL\",\"@id\":\"https:\/\/rankomat.pl\/finanse\/banki\/bank-of-china\/#primaryimage\",\"url\":\"https:\/\/rankomat.pl\/finanse\/wp-content\/uploads\/2017\/02\/alior-bank.png\",\"contentUrl\":\"https:\/\/rankomat.pl\/finanse\/wp-content\/uploads\/2017\/02\/alior-bank.png\",\"width\":170,\"height\":70,\"caption\":\"alior bank logo\"},{\"@type\":\"BreadcrumbList\",\"@id\":\"https:\/\/rankomat.pl\/finanse\/banki\/bank-of-china\/#breadcrumb\",\"itemListElement\":[{\"@type\":\"ListItem\",\"position\":1,\"name\":\"Finanse\",\"item\":\"https:\/\/rankomat.pl\/finanse\/\"},{\"@type\":\"ListItem\",\"position\":2,\"name\":\"Banki\",\"item\":\"https:\/\/rankomat.pl\/finanse\/banki\/\"},{\"@type\":\"ListItem\",\"position\":3,\"name\":\"Bank of China\"}]}]}<\/script>\n<!-- \/ Yoast SEO plugin. -->","yoast_head_json":{"title":"Bank of China - sprawd\u017a oferty bankowe | Por\u00f3wnywarka finansowa Rankomat","robots":{"index":"index","follow":"follow","max-snippet":"max-snippet:-1","max-image-preview":"max-image-preview:large","max-video-preview":"max-video-preview:-1"},"canonical":"https:\/\/rankomat.pl\/finanse\/banki\/bank-of-china\/","og_locale":"pl_PL","og_type":"article","og_title":"Bank of China - sprawd\u017a {{count_bank_42}} | Por\u00f3wnywarka finansowa Rankomat","og_description":"Jak za\u0142o\u017cy\u0107 konto \u00bb Jak zamkn\u0105\u0107 konto \u00bb Bank of China (Luxembourg) S.A. swoj\u0105 dzia\u0142alno\u015b\u0107 na terenie Polski rozpocz\u0105\u0142 w [&hellip;]","og_url":"https:\/\/rankomat.pl\/finanse\/banki\/bank-of-china\/","og_site_name":"Por\u00f3wnywarka finansowa Rankomat","article_publisher":"https:\/\/www.facebook.com\/rankomatpl\/","article_modified_time":"2025-07-10T09:54:09+00:00","og_image":[{"width":170,"height":70,"url":"https:\/\/rankomat.pl\/finanse\/wp-content\/uploads\/2017\/02\/alior-bank.png","type":"image\/png"}],"twitter_card":"summary_large_image","twitter_site":"@rankomat","twitter_misc":{"Szacowany czas czytania":"2 minuty"},"schema":{"@context":"https:\/\/schema.org","@graph":[{"@type":"ImageObject","inLanguage":"pl-PL","@id":"https:\/\/rankomat.pl\/finanse\/banki\/bank-of-china\/#primaryimage","url":"https:\/\/rankomat.pl\/finanse\/wp-content\/uploads\/2017\/02\/alior-bank.png","contentUrl":"https:\/\/rankomat.pl\/finanse\/wp-content\/uploads\/2017\/02\/alior-bank.png","width":170,"height":70,"caption":"alior bank logo"},{"@type":"BreadcrumbList","@id":"https:\/\/rankomat.pl\/finanse\/banki\/bank-of-china\/#breadcrumb","itemListElement":[{"@type":"ListItem","position":1,"name":"Finanse","item":"https:\/\/rankomat.pl\/finanse\/"},{"@type":"ListItem","position":2,"name":"Banki","item":"https:\/\/rankomat.pl\/finanse\/banki\/"},{"@type":"ListItem","position":3,"name":"Bank of China"}]}]}},"yasr_visitor_votes":{"stars_attributes":{"read_only":false,"span_bottom":false},"number_of_votes":58,"sum_votes":290},"_links":{"self":[{"href":"https:\/\/rankomat.pl\/finanse\/wp-json\/wp\/v2\/pages\/918","targetHints":{"allow":["GET"]}}],"collection":[{"href":"https:\/\/rankomat.pl\/finanse\/wp-json\/wp\/v2\/pages"}],"about":[{"href":"https:\/\/rankomat.pl\/finanse\/wp-json\/wp\/v2\/types\/page"}],"author":[{"embeddable":true,"href":"https:\/\/rankomat.pl\/finanse\/wp-json\/wp\/v2\/users\/12"}],"replies":[{"embeddable":true,"href":"https:\/\/rankomat.pl\/finanse\/wp-json\/wp\/v2\/comments?post=918"}],"version-history":[{"count":0,"href":"https:\/\/rankomat.pl\/finanse\/wp-json\/wp\/v2\/pages\/918\/revisions"}],"up":[{"embeddable":true,"href":"https:\/\/rankomat.pl\/finanse\/wp-json\/wp\/v2\/pages\/11004"}],"wp:attachment":[{"href":"https:\/\/rankomat.pl\/finanse\/wp-json\/wp\/v2\/media?parent=918"}],"curies":[{"name":"wp","href":"https:\/\/api.w.org\/{rel}","templated":true}]}}