{"id":928,"date":"2017-02-23T08:54:33","date_gmt":"2017-02-23T07:54:33","guid":{"rendered":"http:\/\/finanse.rankomat.pl\/banki\/volkswagen-bank-polska\/"},"modified":"2025-07-10T11:54:10","modified_gmt":"2025-07-10T09:54:10","slug":"volkswagen-bank-polska","status":"publish","type":"page","link":"https:\/\/rankomat.pl\/finanse\/banki\/volkswagen-bank-polska\/","title":{"rendered":"Volkswagen Bank Polska"},"content":{"rendered":"<p><a class=\"button btn-success\" href=\"https:\/\/rankomat.pl\/finanse\/lokaty\/\">Lokaty \u00bb<\/a> <a class=\"button btn-success\" href=\"https:\/\/rankomat.pl\/finanse\/poradniki\/zalozyc-konto-osobiste-30-bankow\/#vw\">Jak za\u0142o\u017cy\u0107 konto \u00bb<\/a> <a class=\"button btn-success\" href=\"https:\/\/rankomat.pl\/finanse\/poradniki\/zamknac-konto-osobiste-30-bankow\/#vw\">Jak zamkn\u0105\u0107 konto \u00bb<\/a><\/p>\n<p><b><img loading=\"lazy\" decoding=\"async\" class=\"size-full wp-image-1207\" style=\"float: left;padding: 10px\" src=\"https:\/\/rankomat.pl\/finanse\/wp-content\/uploads\/thumbs\/entry\/2017\/05\/vw-bank.png\" alt=\"vw bank logo\" width=\"170\" height=\"70\" data-interchange=\"[https:\/\/rankomat.pl\/finanse\/wp-content\/uploads\/thumbs\/entry\/mobile\/2017\/05\/vw-bank.png, small], [https:\/\/rankomat.pl\/finanse\/wp-content\/uploads\/thumbs\/entry\/2017\/05\/vw-bank.png, medium]\" aria-hidden=\"true\"><\/b><\/p>\n<p style=\"text-align: justify\">Pocz\u0105tki Volkswagen Bank Polska S.A. si\u0119gaj\u0105 roku 1997. G\u0142\u00f3wnym <strong>obszarem dzia\u0142alno\u015bci tego banku s\u0105 kredyty samochodowe. <\/strong>Jednak w aktualnej ofercie Volkswagen Bank Polska S.A. znajdziemy tak\u017ce szereg innych produkt\u00f3w przeznaczonych dla klienta indywidualnego, czyli konta osobiste, <strong>rachunki oszcz\u0119dno\u015bciowe oraz lokaty terminowe.<\/strong><\/p>\n<h2><b>Oferta dla klient\u00f3w indywidualnych<\/b><\/h2>\n<p style=\"text-align: justify\"><span style=\"font-weight: 400\">Osoby <strong>zainteresowane rachunkiem osobistym<\/strong> w Volkswagen Bank Polska S.A. mog\u0105 skorzysta\u0107 z konta e-direct w jednym z trzech wariant\u00f3w. Dodatkowo, bank daje tak\u017ce mo\u017cliwo\u015b\u0107 pomna\u017cania zgromadzonych <strong>\u015brodk\u00f3w na koncie oszcz\u0119dno\u015bciowym<\/strong> (z opcj\u0105 wyp\u0142aty w dowolnym momencie bez ryzyka utraty odsetek) oraz na lokacie. Ka\u017cdy posiadacz konta osobistego w Volkswagen Bank Polska S.A.<strong> mo\u017ce tak\u017ce skorzysta\u0107 z limitu kredytowego na rachunku.<\/strong> W ofercie banku znajduj\u0105 si\u0119 ponadto: kredyt got\u00f3wkowy oraz kredyty na zakup samochodu zar\u00f3wno nowego, jak i u\u017cywanego.<br \/>\n<\/span><\/p>\n<h2 style=\"text-align: justify\"><b>Godziny ksi\u0119gowania przelew\u00f3w<\/b><\/h2>\n<p style=\"text-align: justify\"><span style=\"font-weight: 400\">W Volkswagen Bank Polska S.A przelewy realizowane s\u0105 <strong>w systemach SORBNET i ELIXIR<\/strong>. Godziny ich sesji przedstawia poni\u017csza tabela:<br \/>\n<\/span><\/p>\n<table class=\"table table-bordered\">\n<tbody>\n<tr>\n<td><strong>Rodzaj sesji<\/strong><\/td>\n<td class=\"text-center\" colspan=\"3\"><strong>Godziny sesji<\/strong><\/td>\n<\/tr>\n<tr>\n<td>Sesje wychodz\u0105ce<\/td>\n<td class=\"text-center\">do 07:55<\/td>\n<td class=\"text-center\">do 11:45<\/td>\n<td class=\"text-center\">do 14:15<\/td>\n<\/tr>\n<tr>\n<td>Sesje przychodz\u0105ce<\/td>\n<td class=\"text-center\">do 13:00<\/td>\n<td class=\"text-center\">do 16:00<\/td>\n<td class=\"text-center\">do 18:00<\/td>\n<\/tr>\n<\/tbody>\n<\/table>\n<p style=\"text-align: justify\"><span style=\"font-weight: 400\">W przypadku<strong> przelew\u00f3w mi\u0119dzynarodowych<\/strong> nale\u017cy pami\u0119ta\u0107 o podaniu tzw. kodu SWIFT (kodu BIC).<br \/>\n<\/span><span style=\"font-weight: 400\">Kod SWIFT (BIC) dla Volkswagen Bank Polska S.A:<\/span><strong> INGBPLPW<\/strong><\/p>\n<h2><b>Dla poszukuj\u0105cych konta osobistego<\/b><\/h2>\n<p style=\"text-align: justify\"><span style=\"font-weight: 400\"><strong>W zakresie rachunk\u00f3w osobistych<\/strong> Volkswagen Bank Polska S.A. oferuje swoim klientom konto e-direct z dost\u0119pem przez internet i telefon. Konto to pozbawione jest op\u0142at za otwarcie i prowadzenie oraz za przelewy internetowe. Konto e-direct mo\u017cna otworzy\u0107 w trzech pakietach: <strong>standardowym, srebrnym albo z\u0142otym<\/strong>. Ka\u017cdy z wariant\u00f3w posiada inne przywileje, dzi\u0119ki czemu mo\u017cemy wybra\u0107 opcj\u0119 najbardziej dopasowan\u0105 do naszych potrzeb.<br \/>\n<\/span><\/p>\n<p style=\"text-align: center\"><a class=\"btn btn-success\" href=\"https:\/\/rankomat.pl\/finanse\/konta\/konta-bankowe\/\">Zobacz ranking kont osobistych<\/a><\/p>\n<h2><b>Dla p\u0142ac\u0105cych kart\u0105<\/b><\/h2>\n<p style=\"text-align: justify\"><span style=\"font-weight: 400\">Wraz z rachunkiem osobistym, klient banku mo\u017ce <strong>otrzyma\u0107 tak\u017ce kart\u0119 p\u0142atnicz\u0105<\/strong>. Jej rodzaj zale\u017cy od wybranego wariantu konta e-direct. Ka\u017cda z nich sygnowana jest logiem Visa. Za <strong>wydanie i wznowienie karty bank nie pobiera \u017cadnych op\u0142at<\/strong>. W ofercie banku nie znajdziemy obecnie propozycji kart kredytowych.<br \/>\n<\/span><\/p>\n<h2><b>Dla pomna\u017caj\u0105cych oszcz\u0119dno\u015bci<\/b><\/h2>\n<p style=\"text-align: justify\"><span style=\"font-weight: 400\">Ka\u017cdy klient Volkswagen Bank Polska S.A. ma tak\u017ce dost\u0119p do<strong> produkt\u00f3w pomagaj\u0105cych w pomna\u017caniu oszcz\u0119dno\u015bci<\/strong>. Bank oferuje podstawowe produkty wspieraj\u0105ce ten proces lokaty z r\u00f3\u017cnym rodzajem oprocentowania oraz konta oszcz\u0119dno\u015bciowe daj\u0105ce mo\u017cliwo\u015b\u0107 wyp\u0142aty \u015brodk\u00f3w w ka\u017cdym momencie. Aby skorzysta\u0107 z przedstawionych produkt\u00f3w oszcz\u0119dno\u015bciowych <strong>trzeba by\u0107 jednak posiadaczem konta osobistego<\/strong> w Volkswagen Bank Polska S.A. Zar\u00f3wno lokat\u0119 jak i rachunek oszcz\u0119dno\u015bciowy otworzymy przez telefon b\u0105d\u017a online.<br \/>\n<\/span><\/p>\n<p style=\"text-align: justify\"><\/p>\n<p style=\"text-align: center\"><a class=\"btn btn-success\" href=\"https:\/\/rankomat.pl\/finanse\/banki\/volkswagen-bank-polska\/lokaty\/\">Sprawd\u017a lokaty Volkswagen Bank Polska<\/a><\/p>\n<h2><b>Dla oczekuj\u0105cych finansowania<\/b><\/h2>\n<p style=\"text-align: justify\"><span style=\"font-weight: 400\">Volkswagen Bank Polska S.A. <strong>udziela klientom zr\u00f3\u017cnicowanego wsparcia finansowego<\/strong>. Jednym z nich jest kredyt got\u00f3wkowy z maksymaln\u0105 kwot\u0105 do 50 000 z\u0142. Klienci banku mog\u0105 tak\u017ce skorzysta\u0107 z limitu kredytowego na rachunku. Osoby szukaj\u0105ce <strong>dodatkowych \u015brodk\u00f3w finansowych<\/strong> na zakup samochodu, r\u00f3wnie\u017c znajd\u0105 odpowiedni produkt w Volkswagen Bank Polska S.A. Instytucja oferuje bowiem kredyt na zakup auta &#8211; <strong>zar\u00f3wno nowego, jak u\u017cywanego<\/strong>.<br \/>\n<\/span><\/p>\n<p style=\"text-align: center\"><a class=\"btn btn-success\" href=\"https:\/\/rankomat.pl\/finanse\/kredyty-gotowkowe\/\">Sprawd\u017a oferty kredyt\u00f3w<\/a><\/p>\n<h2 style=\"text-align: justify\"><b>Volkswagen Bank Polska &#8211; kontakt<\/b><\/h2>\n<p><span style=\"font-weight: 400\">Adres centrali: Rondo ONZ 1, 00-124 Warszawa<\/span><\/p>\n<p><span style=\"font-weight: 400\">Infolinia: 800 103 301 (z telefon\u00f3w stacjonarnych), +48 22 528 96 28 (z telefon\u00f3w kom\u00f3rkowych lub z zagranicy) <\/span><\/p>\n<p><span style=\"font-weight: 400\">Mail: BOK@vwbank.pl<\/span><\/p>\n<p><span style=\"font-weight: 400\">Adres strony kontaktowej: <\/span><span style=\"font-weight: 400\">http:\/\/www.vwbank.pl\/kontakt<\/span><\/p>\n","protected":false},"excerpt":{"rendered":"<p>Lokaty \u00bb Jak za\u0142o\u017cy\u0107 konto \u00bb Jak zamkn\u0105\u0107 konto \u00bb Pocz\u0105tki Volkswagen Bank Polska S.A. si\u0119gaj\u0105 roku 1997. G\u0142\u00f3wnym obszarem [&hellip;]<\/p>\n","protected":false},"author":66,"featured_media":0,"parent":11004,"menu_order":0,"comment_status":"closed","ping_status":"closed","template":"page_bank_new.php","meta":{"_acf_changed":false,"yasr_overall_rating":0,"yasr_post_is_review":"","yasr_auto_insert_disabled":"","yasr_review_type":"","footnotes":""},"class_list":["post-928","page","type-page","status-publish","hentry"],"acf":[],"yoast_head":"<!-- This site is optimized with the Yoast SEO plugin v27.1.1 - https:\/\/yoast.com\/product\/yoast-seo-wordpress\/ -->\n<title>Volkswagen Bank Polska - sprawd\u017a oferty bankowe | Por\u00f3wnywarka finansowa Rankomat<\/title>\n<meta name=\"robots\" content=\"index, follow, max-snippet:-1, max-image-preview:large, max-video-preview:-1\" \/>\n<link rel=\"canonical\" href=\"https:\/\/rankomat.pl\/finanse\/banki\/volkswagen-bank-polska\/\" \/>\n<meta property=\"og:locale\" content=\"pl_PL\" \/>\n<meta property=\"og:type\" content=\"article\" \/>\n<meta property=\"og:title\" content=\"Volkswagen Bank Polska - sprawd\u017a {{count_bank_0}} | Por\u00f3wnywarka finansowa Rankomat\" \/>\n<meta property=\"og:description\" content=\"Lokaty \u00bb Jak za\u0142o\u017cy\u0107 konto \u00bb Jak zamkn\u0105\u0107 konto \u00bb Pocz\u0105tki Volkswagen Bank Polska S.A. si\u0119gaj\u0105 roku 1997. G\u0142\u00f3wnym obszarem [&hellip;]\" \/>\n<meta property=\"og:url\" content=\"https:\/\/rankomat.pl\/finanse\/banki\/volkswagen-bank-polska\/\" \/>\n<meta property=\"og:site_name\" content=\"Por\u00f3wnywarka finansowa Rankomat\" \/>\n<meta property=\"article:publisher\" content=\"https:\/\/www.facebook.com\/rankomatpl\/\" \/>\n<meta property=\"article:modified_time\" content=\"2025-07-10T09:54:10+00:00\" \/>\n<meta property=\"og:image\" content=\"https:\/\/rankomat.pl\/finanse\/wp-content\/uploads\/2017\/02\/alior-bank.png\" \/>\n\t<meta property=\"og:image:width\" content=\"170\" \/>\n\t<meta property=\"og:image:height\" content=\"70\" \/>\n\t<meta property=\"og:image:type\" content=\"image\/png\" \/>\n<meta name=\"twitter:card\" content=\"summary_large_image\" \/>\n<meta name=\"twitter:site\" content=\"@rankomat\" \/>\n<meta name=\"twitter:label1\" content=\"Szacowany czas czytania\" \/>\n\t<meta name=\"twitter:data1\" content=\"4 minuty\" \/>\n<script type=\"application\/ld+json\" class=\"yoast-schema-graph\">{\"@context\":\"https:\/\/schema.org\",\"@graph\":[{\"@type\":\"ImageObject\",\"inLanguage\":\"pl-PL\",\"@id\":\"https:\/\/rankomat.pl\/finanse\/banki\/volkswagen-bank-polska\/#primaryimage\",\"url\":\"https:\/\/rankomat.pl\/finanse\/wp-content\/uploads\/2017\/02\/alior-bank.png\",\"contentUrl\":\"https:\/\/rankomat.pl\/finanse\/wp-content\/uploads\/2017\/02\/alior-bank.png\",\"width\":170,\"height\":70,\"caption\":\"alior bank logo\"},{\"@type\":\"BreadcrumbList\",\"@id\":\"https:\/\/rankomat.pl\/finanse\/banki\/volkswagen-bank-polska\/#breadcrumb\",\"itemListElement\":[{\"@type\":\"ListItem\",\"position\":1,\"name\":\"Finanse\",\"item\":\"https:\/\/rankomat.pl\/finanse\/\"},{\"@type\":\"ListItem\",\"position\":2,\"name\":\"Banki\",\"item\":\"https:\/\/rankomat.pl\/finanse\/banki\/\"},{\"@type\":\"ListItem\",\"position\":3,\"name\":\"Volkswagen Bank Polska\"}]}]}<\/script>\n<!-- \/ Yoast SEO plugin. -->","yoast_head_json":{"title":"Volkswagen Bank Polska - sprawd\u017a oferty bankowe | Por\u00f3wnywarka finansowa Rankomat","robots":{"index":"index","follow":"follow","max-snippet":"max-snippet:-1","max-image-preview":"max-image-preview:large","max-video-preview":"max-video-preview:-1"},"canonical":"https:\/\/rankomat.pl\/finanse\/banki\/volkswagen-bank-polska\/","og_locale":"pl_PL","og_type":"article","og_title":"Volkswagen Bank Polska - sprawd\u017a {{count_bank_0}} | Por\u00f3wnywarka finansowa Rankomat","og_description":"Lokaty \u00bb Jak za\u0142o\u017cy\u0107 konto \u00bb Jak zamkn\u0105\u0107 konto \u00bb Pocz\u0105tki Volkswagen Bank Polska S.A. si\u0119gaj\u0105 roku 1997. G\u0142\u00f3wnym obszarem [&hellip;]","og_url":"https:\/\/rankomat.pl\/finanse\/banki\/volkswagen-bank-polska\/","og_site_name":"Por\u00f3wnywarka finansowa Rankomat","article_publisher":"https:\/\/www.facebook.com\/rankomatpl\/","article_modified_time":"2025-07-10T09:54:10+00:00","og_image":[{"width":170,"height":70,"url":"https:\/\/rankomat.pl\/finanse\/wp-content\/uploads\/2017\/02\/alior-bank.png","type":"image\/png"}],"twitter_card":"summary_large_image","twitter_site":"@rankomat","twitter_misc":{"Szacowany czas czytania":"4 minuty"},"schema":{"@context":"https:\/\/schema.org","@graph":[{"@type":"ImageObject","inLanguage":"pl-PL","@id":"https:\/\/rankomat.pl\/finanse\/banki\/volkswagen-bank-polska\/#primaryimage","url":"https:\/\/rankomat.pl\/finanse\/wp-content\/uploads\/2017\/02\/alior-bank.png","contentUrl":"https:\/\/rankomat.pl\/finanse\/wp-content\/uploads\/2017\/02\/alior-bank.png","width":170,"height":70,"caption":"alior bank logo"},{"@type":"BreadcrumbList","@id":"https:\/\/rankomat.pl\/finanse\/banki\/volkswagen-bank-polska\/#breadcrumb","itemListElement":[{"@type":"ListItem","position":1,"name":"Finanse","item":"https:\/\/rankomat.pl\/finanse\/"},{"@type":"ListItem","position":2,"name":"Banki","item":"https:\/\/rankomat.pl\/finanse\/banki\/"},{"@type":"ListItem","position":3,"name":"Volkswagen Bank Polska"}]}]}},"yasr_visitor_votes":{"stars_attributes":{"read_only":false,"span_bottom":false},"number_of_votes":61,"sum_votes":300},"_links":{"self":[{"href":"https:\/\/rankomat.pl\/finanse\/wp-json\/wp\/v2\/pages\/928","targetHints":{"allow":["GET"]}}],"collection":[{"href":"https:\/\/rankomat.pl\/finanse\/wp-json\/wp\/v2\/pages"}],"about":[{"href":"https:\/\/rankomat.pl\/finanse\/wp-json\/wp\/v2\/types\/page"}],"author":[{"embeddable":true,"href":"https:\/\/rankomat.pl\/finanse\/wp-json\/wp\/v2\/users\/66"}],"replies":[{"embeddable":true,"href":"https:\/\/rankomat.pl\/finanse\/wp-json\/wp\/v2\/comments?post=928"}],"version-history":[{"count":0,"href":"https:\/\/rankomat.pl\/finanse\/wp-json\/wp\/v2\/pages\/928\/revisions"}],"up":[{"embeddable":true,"href":"https:\/\/rankomat.pl\/finanse\/wp-json\/wp\/v2\/pages\/11004"}],"wp:attachment":[{"href":"https:\/\/rankomat.pl\/finanse\/wp-json\/wp\/v2\/media?parent=928"}],"curies":[{"name":"wp","href":"https:\/\/api.w.org\/{rel}","templated":true}]}}